{"id":2391,"date":"2025-09-29T09:42:59","date_gmt":"2025-09-29T08:42:59","guid":{"rendered":"https:\/\/medicaltravel.net\/traumatologie\/kinderhandchirurgie\/"},"modified":"2026-01-10T02:35:28","modified_gmt":"2026-01-10T01:35:28","slug":"kinderhandchirurgie","status":"publish","type":"page","link":"https:\/\/medicaltravel.net\/de\/traumatologie\/kinderhandchirurgie\/","title":{"rendered":"Kinderhandchirurgie"},"content":{"rendered":"\t\t<div data-elementor-type=\"wp-page\" data-elementor-id=\"2391\" class=\"elementor elementor-2391 elementor-77\" data-elementor-post-type=\"page\">\n\t\t\t\t<div class=\"elementor-element elementor-element-5438d988 e-flex e-con-boxed wpr-particle-no wpr-jarallax-no wpr-parallax-no wpr-sticky-section-no e-con e-parent\" data-id=\"5438d988\" data-element_type=\"container\" data-e-type=\"container\">\n\t\t\t\t\t<div class=\"e-con-inner\">\n\t\t<div class=\"elementor-element elementor-element-6e98674 e-con-full e-flex wpr-particle-no wpr-jarallax-no wpr-parallax-no wpr-sticky-section-no e-con e-child\" data-id=\"6e98674\" data-element_type=\"container\" data-e-type=\"container\">\n\t\t\t\t<div class=\"elementor-element elementor-element-c7eb107 elementor-widget elementor-widget-button\" data-id=\"c7eb107\" data-element_type=\"widget\" data-e-type=\"widget\" data-widget_type=\"button.default\">\n\t\t\t\t\t\t\t\t\t\t<a class=\"elementor-button elementor-button-link elementor-size-sm\" href=\"https:\/\/medicaltravel.net\/de\/traumatologie\/orthopaedie-tuerkei\/\">\n\t\t\t\t\t\t<span class=\"elementor-button-content-wrapper\">\n\t\t\t\t\t\t\t\t\t<span class=\"elementor-button-text\">Orthop\u00e4die T\u00fcrkei<\/span>\n\t\t\t\t\t<\/span>\n\t\t\t\t\t<\/a>\n\t\t\t\t\t\t\t\t<\/div>\n\t\t\t\t<div class=\"elementor-element elementor-element-162a777 elementor-widget elementor-widget-button\" data-id=\"162a777\" data-element_type=\"widget\" data-e-type=\"widget\" data-widget_type=\"button.default\">\n\t\t\t\t\t\t\t\t\t\t<a class=\"elementor-button elementor-button-link elementor-size-sm\" href=\"https:\/\/medicaltravel.net\/de\/traumatologie\/kinderhandchirurgie\/\">\n\t\t\t\t\t\t<span class=\"elementor-button-content-wrapper\">\n\t\t\t\t\t\t\t\t\t<span class=\"elementor-button-text\">Kinderhandchirurgie<\/span>\n\t\t\t\t\t<\/span>\n\t\t\t\t\t<\/a>\n\t\t\t\t\t\t\t\t<\/div>\n\t\t\t\t<\/div>\n\t\t\t\t<div class=\"elementor-element elementor-element-57364dab elementor-widget elementor-widget-text-editor\" data-id=\"57364dab\" data-element_type=\"widget\" data-e-type=\"widget\" data-widget_type=\"text-editor.default\">\n\t\t\t\t\t\t\t\t\t\n<h3 class=\"wp-block-heading\">HAND- UND PERIPHERE NERVENCHIRURGIE-CLINIC<\/h3>\n\n<figure class=\"wp-block-image size-full\"><img fetchpriority=\"high\" decoding=\"async\" width=\"600\" height=\"400\" class=\"wp-image-234\" src=\"https:\/\/medicaltravel.net\/wp-content\/uploads\/2025\/09\/congenital-differences-of-the-hand.jpg\" alt=\"\" srcset=\"https:\/\/medicaltravel.net\/wp-content\/uploads\/2025\/09\/congenital-differences-of-the-hand.jpg 600w, https:\/\/medicaltravel.net\/wp-content\/uploads\/2025\/09\/congenital-differences-of-the-hand-300x200.jpg 300w\" sizes=\"(max-width: 600px) 100vw, 600px\" \/><\/figure>\n\n<p id=\"caption-attachment-410\">Wenn Ihr Kind muskuloskelettale Probleme mit den H\u00e4nden hat, bietet das Acibadem Krankenhaus die beste p\u00e4diatrische Handchirurgie und die zugeh\u00f6rige Behandlung in der T\u00fcrkei an<\/p>\n\n<h3 class=\"wp-block-heading\">Angeborene Handabweichungen<\/h3>\n\n<p>Angeboren bedeutet \u201ebei der Geburt vorhanden\u201c. Eine angeborene Handabweichung ist eine Abweichung von der normalen Handform, die entsteht, w\u00e4hrend sich der F\u00f6tus im Mutterleib entwickelt. <\/p>\n\n<p>H\u00e4ufige Arten angeborener Handabweichungen<\/p>\n\n<p>Diese Abweichungen k\u00f6nnen als fehlende oder zus\u00e4tzliche Teile der Hand (Abbildung 1), \u00dcber- oder Unterentwicklung von Handabschnitten (Abbildung 2) und zusammengewachsene Handteile (Abbildung 3) klassifiziert werden. Etwa eines von zwanzig Kindern wird mit Abweichungen von der Norm geboren. Das Kind sollte von einem Handchirurgen auf angeborene Handabweichungen untersucht werden, um den Behandlungsbedarf festzustellen.  <\/p>\n\n<p>Ein Kind mit abweichender Handform haben<\/p>\n\n<p>Unmittelbar nach der Geburt eines Kindes mit einer angeborenen Fehlbildung k\u00f6nnen die Eltern Schuldgef\u00fchle versp\u00fcren. Dies ist eine normale Reaktion. Jedes Familienmitglied muss mit seinen Gef\u00fchlen umgehen, da es sehr selten ist, dass eine angeborene Handabweichung von der Mutter, dem Vater oder dem Arzt verursacht wird. Die Art und Weise, wie das Baby seinen Arm gebildet hat, ist f\u00fcr es normal und schmerzfrei.   <\/p>\n\n<p>Sind angeborene Handabweichungen behandelbar?<\/p>\n\n<p>Das Kind sollte von einem Handchirurgen untersucht werden, um den Behandlungsbedarf festzustellen. Manche angeborenen Handabweichungen k\u00f6nnen mit genetischen St\u00f6rungen oder anderen medizinischen Problemen einhergehen, sodass weitere Untersuchungen notwendig sein k\u00f6nnen. Die Abweichung kann je nach Art und Lage behandelt werden. Zum Beispiel k\u00f6nnen zus\u00e4tzliche Finger chirurgisch entfernt werden, und die verbleibenden Finger k\u00f6nnen rekonstruiert werden (Abbildung 1). Zusammengewachsene Finger k\u00f6nnen getrennt werden (Abbildung 3) und die Handfunktion kann durch eine Operation verbessert werden (Abbildung 2). Eine Rehabilitation kann erforderlich sein, um die Funktion zu verbessern. In einigen F\u00e4llen ist kein Eingriff notwendig.      <\/p>\n\n<p>Bildunterschriften:<\/p>\n\n<p>Abbildung 1: Zus\u00e4tzlicher Daumen chirurgisch entfernt<br>Abbildung 2: Zeigefinger kann bei Daumenbildungsst\u00f6rungen als Daumen verwendet werden<br>Abbildung 3: Langzeitergebnis von chirurgisch getrennten zusammengewachsenen Fingern<br>(Bilder aus der Abteilung f\u00fcr Hand- und obere Extremit\u00e4tenchirurgie des Ac\u0131badem Kad\u0131k\u00f6y Krankenhauses)<\/p>\n\t\t\t\t\t\t\t\t<\/div>\n\t\t\t\t\t<\/div>\n\t\t\t\t<\/div>\n\t\t\t\t<\/div>\n\t\t","protected":false},"excerpt":{"rendered":"<p>Orthop\u00e4die T\u00fcrkei Kinderhandchirurgie HAND- UND PERIPHERE NERVENCHIRURGIE-CLINIC Wenn Ihr Kind muskuloskelettale Probleme mit den H\u00e4nden hat, bietet das Acibadem Krankenhaus die beste p\u00e4diatrische Handchirurgie und die zugeh\u00f6rige Behandlung in der T\u00fcrkei an Angeborene Handabweichungen Angeboren bedeutet \u201ebei der Geburt vorhanden\u201c. Eine angeborene Handabweichung ist eine Abweichung von der normalen Handform, die entsteht, w\u00e4hrend sich der F\u00f6tus im Mutterleib entwickelt. H\u00e4ufige Arten angeborener Handabweichungen Diese Abweichungen k\u00f6nnen als fehlende oder zus\u00e4tzliche Teile der Hand (Abbildung 1), \u00dcber- oder Unterentwicklung von Handabschnitten (Abbildung 2) und zusammengewachsene Handteile (Abbildung 3) klassifiziert werden. Etwa eines von zwanzig Kindern wird mit Abweichungen von der Norm geboren. Das Kind sollte von einem Handchirurgen auf angeborene Handabweichungen untersucht werden, um den Behandlungsbedarf festzustellen. Ein Kind mit abweichender Handform haben Unmittelbar nach der Geburt eines Kindes mit einer angeborenen Fehlbildung k\u00f6nnen die Eltern Schuldgef\u00fchle versp\u00fcren. Dies ist eine normale Reaktion. Jedes Familienmitglied muss mit seinen Gef\u00fchlen umgehen, da es sehr selten ist, dass eine angeborene Handabweichung von der Mutter, dem Vater oder dem Arzt verursacht wird. Die Art und Weise, wie das Baby seinen Arm gebildet hat, ist f\u00fcr es normal und schmerzfrei. Sind angeborene Handabweichungen behandelbar? Das Kind sollte von einem Handchirurgen untersucht werden, um den Behandlungsbedarf festzustellen. Manche angeborenen Handabweichungen k\u00f6nnen mit genetischen St\u00f6rungen oder anderen medizinischen Problemen einhergehen, sodass weitere Untersuchungen notwendig sein k\u00f6nnen. Die Abweichung kann je nach Art und Lage behandelt werden. Zum Beispiel k\u00f6nnen zus\u00e4tzliche Finger chirurgisch entfernt werden, und die verbleibenden Finger k\u00f6nnen rekonstruiert werden (Abbildung 1). Zusammengewachsene Finger k\u00f6nnen getrennt werden (Abbildung 3) und die Handfunktion kann durch eine Operation verbessert werden (Abbildung 2). Eine Rehabilitation kann erforderlich sein, um die Funktion zu verbessern. In einigen F\u00e4llen ist kein Eingriff notwendig. Bildunterschriften: Abbildung 1: Zus\u00e4tzlicher Daumen chirurgisch entferntAbbildung 2: Zeigefinger kann bei Daumenbildungsst\u00f6rungen als Daumen verwendet werdenAbbildung 3: Langzeitergebnis von chirurgisch getrennten zusammengewachsenen Fingern(Bilder aus der Abteilung f\u00fcr Hand- und obere Extremit\u00e4tenchirurgie des Ac\u0131badem Kad\u0131k\u00f6y Krankenhauses)<\/p>\n","protected":false},"author":4,"featured_media":0,"parent":2377,"menu_order":0,"comment_status":"closed","ping_status":"closed","template":"","meta":{"_joinchat":[],"footnotes":""},"class_list":["post-2391","page","type-page","status-publish","hentry"],"acf":[],"_links":{"self":[{"href":"https:\/\/medicaltravel.net\/de\/wp-json\/wp\/v2\/pages\/2391","targetHints":{"allow":["GET"]}}],"collection":[{"href":"https:\/\/medicaltravel.net\/de\/wp-json\/wp\/v2\/pages"}],"about":[{"href":"https:\/\/medicaltravel.net\/de\/wp-json\/wp\/v2\/types\/page"}],"author":[{"embeddable":true,"href":"https:\/\/medicaltravel.net\/de\/wp-json\/wp\/v2\/users\/4"}],"replies":[{"embeddable":true,"href":"https:\/\/medicaltravel.net\/de\/wp-json\/wp\/v2\/comments?post=2391"}],"version-history":[{"count":3,"href":"https:\/\/medicaltravel.net\/de\/wp-json\/wp\/v2\/pages\/2391\/revisions"}],"predecessor-version":[{"id":2394,"href":"https:\/\/medicaltravel.net\/de\/wp-json\/wp\/v2\/pages\/2391\/revisions\/2394"}],"up":[{"embeddable":true,"href":"https:\/\/medicaltravel.net\/de\/wp-json\/wp\/v2\/pages\/2377"}],"wp:attachment":[{"href":"https:\/\/medicaltravel.net\/de\/wp-json\/wp\/v2\/media?parent=2391"}],"curies":[{"name":"wp","href":"https:\/\/api.w.org\/{rel}","templated":true}]}}