{"id":2396,"date":"2025-09-29T10:38:23","date_gmt":"2025-09-29T09:38:23","guid":{"rendered":"https:\/\/medicaltravel.net\/laser-fakten\/"},"modified":"2026-01-10T15:34:58","modified_gmt":"2026-01-10T14:34:58","slug":"laser-fakten","status":"publish","type":"page","link":"https:\/\/medicaltravel.net\/de\/behandlungen-in-der-tuerkei\/laser-fakten\/","title":{"rendered":"Laser: Fakten"},"content":{"rendered":"\t\t<div data-elementor-type=\"wp-page\" data-elementor-id=\"2396\" class=\"elementor elementor-2396 elementor-145\" data-elementor-post-type=\"page\">\n\t\t\t\t<div class=\"elementor-element elementor-element-7a037246 e-flex e-con-boxed wpr-particle-no wpr-jarallax-no wpr-parallax-no wpr-sticky-section-no e-con e-parent\" data-id=\"7a037246\" data-element_type=\"container\" data-e-type=\"container\">\n\t\t\t\t\t<div class=\"e-con-inner\">\n\t\t<div class=\"elementor-element elementor-element-f0da917 e-con-full e-flex wpr-particle-no wpr-jarallax-no wpr-parallax-no wpr-sticky-section-no e-con e-child\" data-id=\"f0da917\" data-element_type=\"container\" data-e-type=\"container\">\n\t\t\t\t<div class=\"elementor-element elementor-element-f66c462 elementor-widget elementor-widget-button\" data-id=\"f66c462\" data-element_type=\"widget\" data-e-type=\"widget\" data-widget_type=\"button.default\">\n\t\t\t\t\t\t\t\t\t\t<a class=\"elementor-button elementor-button-link elementor-size-sm\" href=\"https:\/\/medicaltravel.net\/home\/treatments-in-turkey\/medical-travel\/\">\n\t\t\t\t\t\t<span class=\"elementor-button-content-wrapper\">\n\t\t\t\t\t\t\t\t\t<span class=\"elementor-button-text\">Medical Travel<\/span>\n\t\t\t\t\t<\/span>\n\t\t\t\t\t<\/a>\n\t\t\t\t\t\t\t\t<\/div>\n\t\t\t\t<div class=\"elementor-element elementor-element-fe2f15f elementor-widget elementor-widget-button\" data-id=\"fe2f15f\" data-element_type=\"widget\" data-e-type=\"widget\" data-widget_type=\"button.default\">\n\t\t\t\t\t\t\t\t\t\t<a class=\"elementor-button elementor-button-link elementor-size-sm\" href=\"https:\/\/medicaltravel.net\/home\/treatments-in-turkey\/laser-facts\/\">\n\t\t\t\t\t\t<span class=\"elementor-button-content-wrapper\">\n\t\t\t\t\t\t\t\t\t<span class=\"elementor-button-text\">Laser Fakten<\/span>\n\t\t\t\t\t<\/span>\n\t\t\t\t\t<\/a>\n\t\t\t\t\t\t\t\t<\/div>\n\t\t\t\t<div class=\"elementor-element elementor-element-d560e9b elementor-widget elementor-widget-button\" data-id=\"d560e9b\" data-element_type=\"widget\" data-e-type=\"widget\" data-widget_type=\"button.default\">\n\t\t\t\t\t\t\t\t\t\t<a class=\"elementor-button elementor-button-link elementor-size-sm\" href=\"https:\/\/medicaltravel.net\/home\/treatments-in-turkey\/istanbul\/\">\n\t\t\t\t\t\t<span class=\"elementor-button-content-wrapper\">\n\t\t\t\t\t\t\t\t\t<span class=\"elementor-button-text\">St\u00e4dte<\/span>\n\t\t\t\t\t<\/span>\n\t\t\t\t\t<\/a>\n\t\t\t\t\t\t\t\t<\/div>\n\t\t\t\t<div class=\"elementor-element elementor-element-be1dbd2 elementor-widget elementor-widget-button\" data-id=\"be1dbd2\" data-element_type=\"widget\" data-e-type=\"widget\" data-widget_type=\"button.default\">\n\t\t\t\t\t\t\t\t\t\t<a class=\"elementor-button elementor-button-link elementor-size-sm\" href=\"https:\/\/medicaltravel.net\/home\/treatments-in-turkey\/operation-dates\/\">\n\t\t\t\t\t\t<span class=\"elementor-button-content-wrapper\">\n\t\t\t\t\t\t\t\t\t<span class=\"elementor-button-text\">Operationstermine<\/span>\n\t\t\t\t\t<\/span>\n\t\t\t\t\t<\/a>\n\t\t\t\t\t\t\t\t<\/div>\n\t\t\t\t<\/div>\n\t\t\t\t<div class=\"elementor-element elementor-element-515153a7 elementor-widget elementor-widget-text-editor\" data-id=\"515153a7\" data-element_type=\"widget\" data-e-type=\"widget\" data-widget_type=\"text-editor.default\">\n\t\t\t\t\t\t\t\t\t\n<h3 class=\"wp-block-heading\">LASER: FAKTEN<\/h3>\n\n<p><strong>Fakten und Klischees \u00fcber den in der T\u00fcrkei organisierten Gesundheitstourismus. Ist es eine vern\u00fcnftige oder eine verr\u00fcckte Entscheidung?  <\/strong><\/p>\n\n<p>Es gibt mehrere Klischees \u00fcber den <strong>in der T\u00fcrkei<\/strong> organisierten Gesundheitstourismus, jedoch sind die Fakten anders:<\/p>\n\n<p>Klischee: Man kann sich der Qualit\u00e4t in Istanbul nicht sicher sein. Vor allem der hygienischen Standards? <br><strong>Fakt<\/strong>: Unsere Augenkliniken verf\u00fcgen \u00fcber internationale Zertifikate und das bedeutet <strong>Qualit\u00e4t<\/strong> in jeder Hinsicht.<\/p>\n\n<p><strong>Clich\u00e9:<\/strong> Swiss doctors must have more experience, for sure!<br><strong>Fakt<\/strong>: Die \u00c4rzte in unseren Kliniken haben in mehr als 10 Jahren Erfahrung mit \u00fcber 20.000 Operationen. Kein europ\u00e4isches Krankenhaus hat weder die Anzahl noch die Erfahrung mit so vielen Eingriffen. <\/p>\n\n<p><strong>Klischee:<\/strong> Operationen im Ausland sind wie Serienfertigung<br><strong>Fakt:<\/strong> Um f\u00fcr jeden Patienten Zeit zu sparen, wird nur eine sehr geringe Anzahl von Patienten aufgenommen<\/p>\n\n<p id=\"caption-attachment-436\">Fakten und Klischees zum Gesundheitstourismus in die T\u00fcrkei. Lernen Sie die Fakten kennen <\/p>\n\n<p><strong>Klischee<\/strong>: Die Ger\u00e4te sind sicherlich nicht neu, sie m\u00fcssen vom Zweitmarkt gekauft worden sein<br><strong>Fakt<\/strong>: Das Krankenhaus verf\u00fcgt \u00fcber den 400 Hz Allegretto Wave Eye-Q, das schnellste Laser-Augenchirurgie-Ger\u00e4t der Welt. Als das Ger\u00e4t auf den Markt kam, war unser Krankenhaus eines der ersten, das \u00fcber dieses Ger\u00e4t verf\u00fcgte. <\/p>\n\n<p><strong>Klischee<\/strong>: Wie steht es um die Kommunikation? Ich spreche kein T\u00fcrkisch <br><strong>Fakt:<\/strong> Unser Krankenhaus hat jederzeit vollzeit Deutsch\/Englisch sprechende \u00dcbersetzer.<\/p>\n\n<p><strong>Klischee<\/strong>: Komplikationen m\u00fcssen im Ausland h\u00e4ufiger vorkommen als in der Schweiz<br><strong>Fact:<\/strong> There is no scientific evidence proving that. The success rate in Switzerland is 90 per cent where as it more than 95 per cent in Swisslasik. <\/p>\n\n<p><strong>Klischee<\/strong>: Die Anzahl der Folgeoperationen ist im Ausland h\u00f6her<br><strong>Fakt:<\/strong> Nur 1 Prozent unserer Patienten musste eine Folgeoperation durchf\u00fchren lassen. Europ\u00e4ische Experten betrachten es als Erfolg, wenn diese Rate bei etwa 10 Prozent liegt. <\/p>\n\n<p>Klischee: Es ist nicht richtig, eine Operation ohne Diagnose und medizinische Untersuchungen durchzuf\u00fchren. Bei den medizinischen Reisen ist es genauso. <br><strong>Fakt<\/strong>: Wir bieten Ihnen beides! Sie k\u00f6nnen Ihre Voruntersuchungen und Kontrollen bei unseren \u00c4rzten vor Ihrer Reise durchf\u00fchren lassen. Dank unseres <strong>speziellen Paketprogramms<\/strong> k\u00f6nnen Sie auch Ihre Nachsorgeuntersuchungen in der Schweiz durchf\u00fchren lassen.  <\/p>\n\n<p><strong>Klischee:<\/strong> Eine Folgeoperation bedeutet neue Reise- und Operationskosten. Dann ist es eine vollst\u00e4ndige Ersparnis! <br><strong>Fakt:<\/strong> Unser Krankenhaus bietet eine Folgeoperation kostenlos an. Falls eine Folgeoperation erforderlich ist, \u00fcbernehmen wir Ihre Reisekosten. <\/p>\n\n<p><strong>Clich\u00e9:<\/strong> What? Are you going to have eye laser surgery in Turkey? Are you insane?  <br><strong>Fakt<\/strong>: Bitte lesen Sie <a href=\"https:\/\/medicaltravel.net\/home\/testimonials\/\">die Erfahrungsberichte unserer Patienten, die mit den Leistungen zufrieden sind.<\/a> Entscheiden Sie dann selbst, ob es eine vern\u00fcnftige oder verr\u00fcckte Entscheidung ist.<\/p>\n\t\t\t\t\t\t\t\t<\/div>\n\t\t\t\t\t<\/div>\n\t\t\t\t<\/div>\n\t\t\t\t<\/div>\n\t\t","protected":false},"excerpt":{"rendered":"<p>Medical Travel Laser Fakten St\u00e4dte Operationstermine LASER: FAKTEN Fakten und Klischees \u00fcber den in der T\u00fcrkei organisierten Gesundheitstourismus. Ist es eine vern\u00fcnftige oder eine verr\u00fcckte Entscheidung? Es gibt mehrere Klischees \u00fcber den in der T\u00fcrkei organisierten Gesundheitstourismus, jedoch sind die Fakten anders: Klischee: Man kann sich der Qualit\u00e4t in Istanbul nicht sicher sein. Vor allem der hygienischen Standards? Fakt: Unsere Augenkliniken verf\u00fcgen \u00fcber internationale Zertifikate und das bedeutet Qualit\u00e4t in jeder Hinsicht. Clich\u00e9: Swiss doctors must have more experience, for sure!Fakt: Die \u00c4rzte in unseren Kliniken haben in mehr als 10 Jahren Erfahrung mit \u00fcber 20.000 Operationen. Kein europ\u00e4isches Krankenhaus hat weder die Anzahl noch die Erfahrung mit so vielen Eingriffen. Klischee: Operationen im Ausland sind wie SerienfertigungFakt: Um f\u00fcr jeden Patienten Zeit zu sparen, wird nur eine sehr geringe Anzahl von Patienten aufgenommen Fakten und Klischees zum Gesundheitstourismus in die T\u00fcrkei. Lernen Sie die Fakten kennen Klischee: Die Ger\u00e4te sind sicherlich nicht neu, sie m\u00fcssen vom Zweitmarkt gekauft worden seinFakt: Das Krankenhaus verf\u00fcgt \u00fcber den 400 Hz Allegretto Wave Eye-Q, das schnellste Laser-Augenchirurgie-Ger\u00e4t der Welt. Als das Ger\u00e4t auf den Markt kam, war unser Krankenhaus eines der ersten, das \u00fcber dieses Ger\u00e4t verf\u00fcgte. Klischee: Wie steht es um die Kommunikation? Ich spreche kein T\u00fcrkisch Fakt: Unser Krankenhaus hat jederzeit vollzeit Deutsch\/Englisch sprechende \u00dcbersetzer. Klischee: Komplikationen m\u00fcssen im Ausland h\u00e4ufiger vorkommen als in der SchweizFact: There is no scientific evidence proving that. The success rate in Switzerland is 90 per cent where as it more than 95 per cent in Swisslasik. Klischee: Die Anzahl der Folgeoperationen ist im Ausland h\u00f6herFakt: Nur 1 Prozent unserer Patienten musste eine Folgeoperation durchf\u00fchren lassen. Europ\u00e4ische Experten betrachten es als Erfolg, wenn diese Rate bei etwa 10 Prozent liegt. Klischee: Es ist nicht richtig, eine Operation ohne Diagnose und medizinische Untersuchungen durchzuf\u00fchren. Bei den medizinischen Reisen ist es genauso. Fakt: Wir bieten Ihnen beides! Sie k\u00f6nnen Ihre Voruntersuchungen und Kontrollen bei unseren \u00c4rzten vor Ihrer Reise durchf\u00fchren lassen. Dank unseres speziellen Paketprogramms k\u00f6nnen Sie auch Ihre Nachsorgeuntersuchungen in der Schweiz durchf\u00fchren lassen. Klischee: Eine Folgeoperation bedeutet neue Reise- und Operationskosten. Dann ist es eine vollst\u00e4ndige Ersparnis! Fakt: Unser Krankenhaus bietet eine Folgeoperation kostenlos an. Falls eine Folgeoperation erforderlich ist, \u00fcbernehmen wir Ihre Reisekosten. Clich\u00e9: What? Are you going to have eye laser surgery in Turkey? Are you insane? Fakt: Bitte lesen Sie die Erfahrungsberichte unserer Patienten, die mit den Leistungen zufrieden sind. Entscheiden Sie dann selbst, ob es eine vern\u00fcnftige oder verr\u00fcckte Entscheidung ist.<\/p>\n","protected":false},"author":4,"featured_media":0,"parent":2436,"menu_order":0,"comment_status":"closed","ping_status":"closed","template":"","meta":{"_joinchat":[],"footnotes":""},"class_list":["post-2396","page","type-page","status-publish","hentry"],"acf":[],"_links":{"self":[{"href":"https:\/\/medicaltravel.net\/de\/wp-json\/wp\/v2\/pages\/2396","targetHints":{"allow":["GET"]}}],"collection":[{"href":"https:\/\/medicaltravel.net\/de\/wp-json\/wp\/v2\/pages"}],"about":[{"href":"https:\/\/medicaltravel.net\/de\/wp-json\/wp\/v2\/types\/page"}],"author":[{"embeddable":true,"href":"https:\/\/medicaltravel.net\/de\/wp-json\/wp\/v2\/users\/4"}],"replies":[{"embeddable":true,"href":"https:\/\/medicaltravel.net\/de\/wp-json\/wp\/v2\/comments?post=2396"}],"version-history":[{"count":3,"href":"https:\/\/medicaltravel.net\/de\/wp-json\/wp\/v2\/pages\/2396\/revisions"}],"predecessor-version":[{"id":2399,"href":"https:\/\/medicaltravel.net\/de\/wp-json\/wp\/v2\/pages\/2396\/revisions\/2399"}],"up":[{"embeddable":true,"href":"https:\/\/medicaltravel.net\/de\/wp-json\/wp\/v2\/pages\/2436"}],"wp:attachment":[{"href":"https:\/\/medicaltravel.net\/de\/wp-json\/wp\/v2\/media?parent=2396"}],"curies":[{"name":"wp","href":"https:\/\/api.w.org\/{rel}","templated":true}]}}