{"id":2401,"date":"2025-09-29T08:51:00","date_gmt":"2025-09-29T07:51:00","guid":{"rendered":"https:\/\/medicaltravel.net\/medizinische-reisen-medizinischer-tourismus-gesundheitstourismus-tuerkei\/"},"modified":"2026-01-10T15:35:02","modified_gmt":"2026-01-10T14:35:02","slug":"medizinische-reisen-medizinischer-tourismus-gesundheitstourismus-tuerkei","status":"publish","type":"page","link":"https:\/\/medicaltravel.net\/de\/behandlungen-in-der-tuerkei\/medizinische-reisen-medizinischer-tourismus-gesundheitstourismus-tuerkei\/","title":{"rendered":"Medizinische Reisen medizinischer Tourismus Gesundheitstourismus T\u00fcrkei"},"content":{"rendered":"\t\t<div data-elementor-type=\"wp-page\" data-elementor-id=\"2401\" class=\"elementor elementor-2401 elementor-13\" data-elementor-post-type=\"page\">\n\t\t\t\t<div class=\"elementor-element elementor-element-5c7a12c3 e-flex e-con-boxed wpr-particle-no wpr-jarallax-no wpr-parallax-no wpr-sticky-section-no e-con e-parent\" data-id=\"5c7a12c3\" data-element_type=\"container\" data-e-type=\"container\">\n\t\t\t\t\t<div class=\"e-con-inner\">\n\t\t<div class=\"elementor-element elementor-element-9f596d5 e-con-full e-flex wpr-particle-no wpr-jarallax-no wpr-parallax-no wpr-sticky-section-no e-con e-child\" data-id=\"9f596d5\" data-element_type=\"container\" data-e-type=\"container\">\n\t\t\t\t<div class=\"elementor-element elementor-element-2193271 elementor-widget elementor-widget-button\" data-id=\"2193271\" data-element_type=\"widget\" data-e-type=\"widget\" data-widget_type=\"button.default\">\n\t\t\t\t\t\t\t\t\t\t<a class=\"elementor-button elementor-button-link elementor-size-sm\" href=\"https:\/\/medicaltravel.net\/de\/behandlungen-in-der-tuerkei\/medizinische-reisen-medizinischer-tourismus-gesundheitstourismus-tuerkei\/\">\n\t\t\t\t\t\t<span class=\"elementor-button-content-wrapper\">\n\t\t\t\t\t\t\t\t\t<span class=\"elementor-button-text\">Medical Travel<\/span>\n\t\t\t\t\t<\/span>\n\t\t\t\t\t<\/a>\n\t\t\t\t\t\t\t\t<\/div>\n\t\t\t\t<div class=\"elementor-element elementor-element-10205f5 elementor-widget elementor-widget-button\" data-id=\"10205f5\" data-element_type=\"widget\" data-e-type=\"widget\" data-widget_type=\"button.default\">\n\t\t\t\t\t\t\t\t\t\t<a class=\"elementor-button elementor-button-link elementor-size-sm\" href=\"https:\/\/medicaltravel.net\/de\/behandlungen-in-der-tuerkei\/laser-fakten\/\">\n\t\t\t\t\t\t<span class=\"elementor-button-content-wrapper\">\n\t\t\t\t\t\t\t\t\t<span class=\"elementor-button-text\">Laser Fakten<\/span>\n\t\t\t\t\t<\/span>\n\t\t\t\t\t<\/a>\n\t\t\t\t\t\t\t\t<\/div>\n\t\t\t\t<div class=\"elementor-element elementor-element-1b273c5 elementor-widget elementor-widget-button\" data-id=\"1b273c5\" data-element_type=\"widget\" data-e-type=\"widget\" data-widget_type=\"button.default\">\n\t\t\t\t\t\t\t\t\t\t<a class=\"elementor-button elementor-button-link elementor-size-sm\" href=\"https:\/\/medicaltravel.net\/de\/behandlungen-in-der-tuerkei\/medizinische-behandlungen-beste-krankenhaeuser-und-kliniken-in-istanbul\/\">\n\t\t\t\t\t\t<span class=\"elementor-button-content-wrapper\">\n\t\t\t\t\t\t\t\t\t<span class=\"elementor-button-text\">St\u00e4dte<\/span>\n\t\t\t\t\t<\/span>\n\t\t\t\t\t<\/a>\n\t\t\t\t\t\t\t\t<\/div>\n\t\t\t\t<div class=\"elementor-element elementor-element-60e834d elementor-widget elementor-widget-button\" data-id=\"60e834d\" data-element_type=\"widget\" data-e-type=\"widget\" data-widget_type=\"button.default\">\n\t\t\t\t\t\t\t\t\t\t<a class=\"elementor-button elementor-button-link elementor-size-sm\" href=\"https:\/\/medicaltravel.net\/de\/behandlungen-in-der-tuerkei\/operationstermine-tuerkei-feiertage\/\">\n\t\t\t\t\t\t<span class=\"elementor-button-content-wrapper\">\n\t\t\t\t\t\t\t\t\t<span class=\"elementor-button-text\">Operationstermine<\/span>\n\t\t\t\t\t<\/span>\n\t\t\t\t\t<\/a>\n\t\t\t\t\t\t\t\t<\/div>\n\t\t\t\t<\/div>\n\t\t\t\t<div class=\"elementor-element elementor-element-ce57aa elementor-widget elementor-widget-text-editor\" data-id=\"ce57aa\" data-element_type=\"widget\" data-e-type=\"widget\" data-widget_type=\"text-editor.default\">\n\t\t\t\t\t\t\t\t\t\n<h4 class=\"wp-block-heading\">MEDIZINISCHE REISE IN DIE T\u00dcRKEI<\/h4>\n\n<p>Gesundheitstourismus (medizinische Reise), auch medizinische Reise genannt, bedeutet den Besuch von Auslandsl\u00e4ndern f\u00fcr medizinische Leistungen.<\/p>\n\n<p>Normalerweise werden diese Reisen mit einem Urlaub kombiniert. Das Konzept des Gesundheitstourismus ist nicht neu. Im 4. Jahrhundert v. Chr. war Epidaurus ein Zentrum f\u00fcr Gebet und Behandlung f\u00fcr diejenigen, die Anatolien aus der gesamten Mittelmeerregion besuchten, um <strong>Heilung zu finden und von verschiedenen Krankheiten<\/strong> befreit zu werden.  <\/p>\n\n<p>Seit ein paar Jahrzehnten gelten die am Toten Meer angewandten Heilmethoden als anerkannte Behandlungsmethode f\u00fcr Hautkrankheiten wie Psoriasis und Ekzeme.<\/p>\n\n<figure class=\"wp-block-image size-full\"><img fetchpriority=\"high\" decoding=\"async\" width=\"300\" height=\"225\" class=\"wp-image-150\" src=\"https:\/\/medicaltravel.net\/wp-content\/uploads\/2025\/09\/lasik011.jpg\" alt=\"\"><\/figure>\n\n<p id=\"caption-attachment-424\">Medizinischer Tourismus bedeutet nicht, dass Sie eine geringere Qualit\u00e4t akzeptieren m\u00fcssen. In der T\u00fcrkei erwartet Sie ein gleichwertiger oder sogar besserer Service. <\/p>\n\n<p><strong>Warum weit reisen?<\/strong><\/p>\n\n<p>Es gibt mehrere Gr\u00fcnde f\u00fcr <strong>Gesundheitstourismus<\/strong>. Dazu geh\u00f6ren lange Wartezeiten f\u00fcr eine Operation, wie es in England der Fall ist, fehlende Versicherungdeckung in den USA, Vertraulichkeit bei einer Operation, Temperatur, Umgebung, Personal und ein besseres Klima. <\/p>\n\n<p>Westliche Menschen reisen besonders f\u00fcr Zahn- und Sch\u00f6nheitsoperationen ins Ausland, und d<strong>ie Adresse, die sie f\u00fcr Augenlaserbehandlungen w\u00e4hlen, ist insbesondere die T\u00fcrkei.<\/strong><\/p>\n\n<p>Dies sind die Leistungen, die in Europa nicht von einer Krankenversicherung abgedeckt werden, und daher wird der Preis bedeutend. Die Behandlungskosten im Ausland liegen im Allgemeinen deutlich unter den Tarifen, die Schweizer Krankenh\u00e4user und \u00c4rzte verlangen. <\/p>\n\n<p>Sie k\u00f6nnen <a href=\"https:\/\/medicaltravel.net\/wp-content\/uploads\/2025\/09\/Medical_Tourism_Economic_Report.pdf\" target=\"_blank\" rel=\"noreferrer noopener\" data-type=\"link\" data-id=\"https:\/\/medicaltravel.net\/wp-content\/uploads\/2025\/09\/Medical_Tourism_Economic_Report.pdf\">hier<\/a> einen Bericht \u00fcber den Gesundheitstourismus in der T\u00fcrkei auf Englisch lesen. Sie finden <a href=\"https:\/\/en.wikipedia.org\/wiki\/Dental_tourism\" target=\"_blank\" rel=\"noreferrer noopener\">diesen Artikel<\/a> auch auf Wikipedia unter dem Titel dental tourism. <\/p>\n\n<p><strong>Wussten Sie, dass Istanbul 2010 die Kulturhauptstadt Europas war? Detaillierte Informationen finden Sie <\/strong>hier.<\/p>\n\t\t\t\t\t\t\t\t<\/div>\n\t\t\t\t\t<\/div>\n\t\t\t\t<\/div>\n\t\t\t\t<\/div>\n\t\t","protected":false},"excerpt":{"rendered":"<p>Medical Travel Laser Fakten St\u00e4dte Operationstermine MEDIZINISCHE REISE IN DIE T\u00dcRKEI Gesundheitstourismus (medizinische Reise), auch medizinische Reise genannt, bedeutet den Besuch von Auslandsl\u00e4ndern f\u00fcr medizinische Leistungen. Normalerweise werden diese Reisen mit einem Urlaub kombiniert. Das Konzept des Gesundheitstourismus ist nicht neu. Im 4. Jahrhundert v. Chr. war Epidaurus ein Zentrum f\u00fcr Gebet und Behandlung f\u00fcr diejenigen, die Anatolien aus der gesamten Mittelmeerregion besuchten, um Heilung zu finden und von verschiedenen Krankheiten befreit zu werden. Seit ein paar Jahrzehnten gelten die am Toten Meer angewandten Heilmethoden als anerkannte Behandlungsmethode f\u00fcr Hautkrankheiten wie Psoriasis und Ekzeme. Medizinischer Tourismus bedeutet nicht, dass Sie eine geringere Qualit\u00e4t akzeptieren m\u00fcssen. In der T\u00fcrkei erwartet Sie ein gleichwertiger oder sogar besserer Service. Warum weit reisen? Es gibt mehrere Gr\u00fcnde f\u00fcr Gesundheitstourismus. Dazu geh\u00f6ren lange Wartezeiten f\u00fcr eine Operation, wie es in England der Fall ist, fehlende Versicherungdeckung in den USA, Vertraulichkeit bei einer Operation, Temperatur, Umgebung, Personal und ein besseres Klima. Westliche Menschen reisen besonders f\u00fcr Zahn- und Sch\u00f6nheitsoperationen ins Ausland, und die Adresse, die sie f\u00fcr Augenlaserbehandlungen w\u00e4hlen, ist insbesondere die T\u00fcrkei. Dies sind die Leistungen, die in Europa nicht von einer Krankenversicherung abgedeckt werden, und daher wird der Preis bedeutend. Die Behandlungskosten im Ausland liegen im Allgemeinen deutlich unter den Tarifen, die Schweizer Krankenh\u00e4user und \u00c4rzte verlangen. Sie k\u00f6nnen hier einen Bericht \u00fcber den Gesundheitstourismus in der T\u00fcrkei auf Englisch lesen. Sie finden diesen Artikel auch auf Wikipedia unter dem Titel dental tourism. Wussten Sie, dass Istanbul 2010 die Kulturhauptstadt Europas war? Detaillierte Informationen finden Sie hier.<\/p>\n","protected":false},"author":4,"featured_media":0,"parent":2436,"menu_order":0,"comment_status":"closed","ping_status":"closed","template":"","meta":{"_joinchat":[],"footnotes":""},"class_list":["post-2401","page","type-page","status-publish","hentry"],"acf":[],"_links":{"self":[{"href":"https:\/\/medicaltravel.net\/de\/wp-json\/wp\/v2\/pages\/2401","targetHints":{"allow":["GET"]}}],"collection":[{"href":"https:\/\/medicaltravel.net\/de\/wp-json\/wp\/v2\/pages"}],"about":[{"href":"https:\/\/medicaltravel.net\/de\/wp-json\/wp\/v2\/types\/page"}],"author":[{"embeddable":true,"href":"https:\/\/medicaltravel.net\/de\/wp-json\/wp\/v2\/users\/4"}],"replies":[{"embeddable":true,"href":"https:\/\/medicaltravel.net\/de\/wp-json\/wp\/v2\/comments?post=2401"}],"version-history":[{"count":4,"href":"https:\/\/medicaltravel.net\/de\/wp-json\/wp\/v2\/pages\/2401\/revisions"}],"predecessor-version":[{"id":2440,"href":"https:\/\/medicaltravel.net\/de\/wp-json\/wp\/v2\/pages\/2401\/revisions\/2440"}],"up":[{"embeddable":true,"href":"https:\/\/medicaltravel.net\/de\/wp-json\/wp\/v2\/pages\/2436"}],"wp:attachment":[{"href":"https:\/\/medicaltravel.net\/de\/wp-json\/wp\/v2\/media?parent=2401"}],"curies":[{"name":"wp","href":"https:\/\/api.w.org\/{rel}","templated":true}]}}