{"id":2405,"date":"2025-09-29T08:52:33","date_gmt":"2025-09-29T07:52:33","guid":{"rendered":"https:\/\/medicaltravel.net\/medizinische-behandlungen-beste-krankenhaeuser-und-kliniken-in-istanbul\/"},"modified":"2026-01-10T15:35:02","modified_gmt":"2026-01-10T14:35:02","slug":"medizinische-behandlungen-beste-krankenhaeuser-und-kliniken-in-istanbul","status":"publish","type":"page","link":"https:\/\/medicaltravel.net\/de\/behandlungen-in-der-tuerkei\/medizinische-behandlungen-beste-krankenhaeuser-und-kliniken-in-istanbul\/","title":{"rendered":"Medizinische Behandlungen beste Krankenh\u00e4user und Kliniken in Istanbul"},"content":{"rendered":"\t\t<div data-elementor-type=\"wp-page\" data-elementor-id=\"2405\" class=\"elementor elementor-2405 elementor-15\" data-elementor-post-type=\"page\">\n\t\t\t\t<div class=\"elementor-element elementor-element-3946833e e-flex e-con-boxed wpr-particle-no wpr-jarallax-no wpr-parallax-no wpr-sticky-section-no e-con e-parent\" data-id=\"3946833e\" data-element_type=\"container\" data-e-type=\"container\">\n\t\t\t\t\t<div class=\"e-con-inner\">\n\t\t<div class=\"elementor-element elementor-element-a930248 e-con-full e-flex wpr-particle-no wpr-jarallax-no wpr-parallax-no wpr-sticky-section-no e-con e-child\" data-id=\"a930248\" data-element_type=\"container\" data-e-type=\"container\">\n\t\t\t\t<div class=\"elementor-element elementor-element-f104042 elementor-widget elementor-widget-button\" data-id=\"f104042\" data-element_type=\"widget\" data-e-type=\"widget\" data-widget_type=\"button.default\">\n\t\t\t\t\t\t\t\t\t\t<a class=\"elementor-button elementor-button-link elementor-size-sm\" href=\"https:\/\/medicaltravel.net\/de\/behandlungen-in-der-tuerkei\/medizinische-behandlungen-beste-krankenhaeuser-und-kliniken-in-istanbul\/\">\n\t\t\t\t\t\t<span class=\"elementor-button-content-wrapper\">\n\t\t\t\t\t\t\t\t\t<span class=\"elementor-button-text\">Istanbul<\/span>\n\t\t\t\t\t<\/span>\n\t\t\t\t\t<\/a>\n\t\t\t\t\t\t\t\t<\/div>\n\t\t\t\t<div class=\"elementor-element elementor-element-eb7ea56 elementor-widget elementor-widget-button\" data-id=\"eb7ea56\" data-element_type=\"widget\" data-e-type=\"widget\" data-widget_type=\"button.default\">\n\t\t\t\t\t\t\t\t\t\t<a class=\"elementor-button elementor-button-link elementor-size-sm\" href=\"https:\/\/medicaltravel.net\/de\/behandlungen-in-der-tuerkei\/medizinische-behandlungen-beste-krankenhaeuser-und-kliniken-in-izmir\/\">\n\t\t\t\t\t\t<span class=\"elementor-button-content-wrapper\">\n\t\t\t\t\t\t\t\t\t<span class=\"elementor-button-text\">Izmir<\/span>\n\t\t\t\t\t<\/span>\n\t\t\t\t\t<\/a>\n\t\t\t\t\t\t\t\t<\/div>\n\t\t\t\t<div class=\"elementor-element elementor-element-c94735a elementor-widget elementor-widget-button\" data-id=\"c94735a\" data-element_type=\"widget\" data-e-type=\"widget\" data-widget_type=\"button.default\">\n\t\t\t\t\t\t\t\t\t\t<a class=\"elementor-button elementor-button-link elementor-size-sm\" href=\"https:\/\/medicaltravel.net\/de\/behandlungen-in-der-tuerkei\/medizinische-behandlungen-beste-krankenhaeuser-und-kliniken-in-antalya\/\">\n\t\t\t\t\t\t<span class=\"elementor-button-content-wrapper\">\n\t\t\t\t\t\t\t\t\t<span class=\"elementor-button-text\">Antalya<\/span>\n\t\t\t\t\t<\/span>\n\t\t\t\t\t<\/a>\n\t\t\t\t\t\t\t\t<\/div>\n\t\t\t\t<\/div>\n\t\t\t\t<div class=\"elementor-element elementor-element-7538270f elementor-widget elementor-widget-text-editor\" data-id=\"7538270f\" data-element_type=\"widget\" data-e-type=\"widget\" data-widget_type=\"text-editor.default\">\n\t\t\t\t\t\t\t\t\t\n<h3 class=\"wp-block-heading\">Medizinische Behandlungen beste Krankenh\u00e4user und Kliniken in Izmir<\/h3>\n\n<p>Eine Prise New York, ein Spritzer Miami, ein Hauch San Francisco und eine Scheibe \u00c4gypten \u2026 Mischen Sie all diese Zutaten und w\u00fcrzen Sie die Mischung mit Mexiko-Stadt und f\u00fcgen Sie dann den Geschmack von Wien hinzu. Da haben Sie einen Vorgeschmack auf Istanbul! <\/p>\n\n<p><strong>Mit einer ungew\u00f6hnlichen Mischung aus West und Ost<\/strong> fasziniert Istanbul seine Besucher. Istanbul erinnert die Menschen an bunte Basare, \u00fcberf\u00fcllte Einkaufszentren, eine Mischung aus Ost und West, Tradition und Moderne. Hier am Bosporus gibt es stilvolle Hotels, alte Caf\u00e9s, fabelhafte Restaurants und zahlreiche Nachtclubs. Istanbul ist eine <strong>Stadt der Gegens\u00e4tze<\/strong>. Die Stadt, die Hunderte von Eigenschaften in sich vereint, ist tats\u00e4chlich eine Geschichte f\u00fcr sich, die Inspiration f\u00fcr Erz\u00e4hlungen, K\u00fcnstler, Dichter bietet und aus den Erz\u00e4hlungen von 1001 Arabischen N\u00e4chten stammt.    <\/p>\n\n<p>Istanbul ist eine Stadt, die auf zwei Kontinenten liegt, Asien und Europa. Diese beiden Kontinente sind durch den Bosporus voneinander getrennt. Das Goldene Horn, ein Teil des Bosporus, teilt auch den europ\u00e4ischen Kontinent in n\u00f6rdliche und s\u00fcdliche Bezirke.  <\/p>\n\n<p>Im s\u00fcdlichen Bezirk <strong>liegt das alte Istanbul<\/strong>. Die bekanntesten historischen Bauwerke und Werke wie die Blaue Moschee, der Topkapi-Palast und die Hagia Sophia befinden sich in dieser Region. <\/p>\n\n<p>Istanbul hat eine sehr dynamische Geschichte: Die Stadt wurde im 7. Jahrhundert v. Chr. gegr\u00fcndet. Zu dieser Zeit hie\u00df sie <strong>Byzanz<\/strong>. Dank ihrer zentralen Lage entwickelte sich Byzanz zu einer bedeutenden Handelsmetropole.  <\/p>\n\n<p>Nachdem die Stadt Teil des <strong>R\u00f6mischen Reiches<\/strong> wurde, wurde sie 300 v. Chr. von Konstantin, dem Kaiser des R\u00f6mischen Reiches, zur Hauptstadt ernannt. Die als Neues Rom bekannte Stadt wurde sp\u00e4ter <strong>Konstantinopel<\/strong> genannt. <\/p>\n\n<p>Nach der Teilung des R\u00f6mischen Reiches geh\u00f6rte Konstantinopel zum Byzantinischen Reich und blieb ein politisches und kulturelles Zentrum der Region. Sp\u00e4ter wurde die Stadt von den Kreuzfahrern erobert, wodurch das Christentum in die Stadt eingef\u00fchrt wurde. Bevor die Stadt unter den Osmanen ihren Namen \u00e4nderte und Istanbul wurde, hatte Konstantinopel einen Niedergang erlebt. Diese Eroberung bedeutete einen neuen Aufstieg f\u00fcr die Stadt.   <\/p>\n\n<p>Istanbul ist auch ein Einkaufsziel. Sie werden diesen gro\u00dfartigen Ort mit seinem historischen und gr\u00f6\u00dften Gro\u00dfen Basar sowie seinen unz\u00e4hligen hochmodernen Einkaufszentren bewundern. Das Krankenhaus ist von vier faszinierenden Einkaufszentren umgeben.  <\/p>\n\n<p>Au\u00dferdem sollten Sie die unz\u00e4hligen <strong>Delikatessen<\/strong> in Istanbul probieren. Tausende von erstklassigen Restaurants bieten Ihnen Geschm\u00e4cker in verschiedenen Varianten. <strong>Vorschl\u00e4ge zu Einkaufsm\u00f6glichkeiten und Restaurants<\/strong> finden Sie in Ihrem personalisierten <strong>Medicaltravel<\/strong><strong>pass.<\/strong>  <\/p>\n\n<p>Das ist noch nicht alles; die Stadt bietet Ihnen auch unz\u00e4hlige kulturelle Aktivit\u00e4ten, die ein unverzichtbarer Teil des Lebens in Istanbul sind.<\/p>\n\n<p><strong>Wir w\u00fcnschen Ihnen einen sch\u00f6nen Urlaub in Istanbul<\/strong><\/p>\n\n<figure class=\"wp-block-image size-full\"><img fetchpriority=\"high\" decoding=\"async\" width=\"300\" height=\"400\" class=\"wp-image-154\" src=\"https:\/\/medicaltravel.net\/wp-content\/uploads\/2025\/09\/tuerkei009.jpg\" alt=\"\" srcset=\"https:\/\/medicaltravel.net\/wp-content\/uploads\/2025\/09\/tuerkei009.jpg 300w, https:\/\/medicaltravel.net\/wp-content\/uploads\/2025\/09\/tuerkei009-225x300.jpg 225w\" sizes=\"(max-width: 300px) 100vw, 300px\" \/><\/figure>\n\n<p id=\"caption-attachment-442\">Istanbul: Einkaufen und Kultur. Genie\u00dfen Sie diese faszinierende Weltstadt und ihr historisches Erbe auf einer einzigen Reise, kombiniert mit Ihrer Operation. <\/p>\n\n<figure class=\"wp-block-image size-full\"><img decoding=\"async\" width=\"300\" height=\"206\" class=\"wp-image-156\" src=\"https:\/\/medicaltravel.net\/wp-content\/uploads\/2025\/09\/tuerkei005.jpg\" alt=\"\"><\/figure>\n\n<p id=\"caption-attachment-446\">Erhalten Sie die beste Behandlung in Istanbul<\/p>\n\t\t\t\t\t\t\t\t<\/div>\n\t\t\t\t\t<\/div>\n\t\t\t\t<\/div>\n\t\t\t\t<\/div>\n\t\t","protected":false},"excerpt":{"rendered":"<p>Istanbul Izmir Antalya Medizinische Behandlungen beste Krankenh\u00e4user und Kliniken in Izmir Eine Prise New York, ein Spritzer Miami, ein Hauch San Francisco und eine Scheibe \u00c4gypten \u2026 Mischen Sie all diese Zutaten und w\u00fcrzen Sie die Mischung mit Mexiko-Stadt und f\u00fcgen Sie dann den Geschmack von Wien hinzu. Da haben Sie einen Vorgeschmack auf Istanbul! Mit einer ungew\u00f6hnlichen Mischung aus West und Ost fasziniert Istanbul seine Besucher. Istanbul erinnert die Menschen an bunte Basare, \u00fcberf\u00fcllte Einkaufszentren, eine Mischung aus Ost und West, Tradition und Moderne. Hier am Bosporus gibt es stilvolle Hotels, alte Caf\u00e9s, fabelhafte Restaurants und zahlreiche Nachtclubs. Istanbul ist eine Stadt der Gegens\u00e4tze. Die Stadt, die Hunderte von Eigenschaften in sich vereint, ist tats\u00e4chlich eine Geschichte f\u00fcr sich, die Inspiration f\u00fcr Erz\u00e4hlungen, K\u00fcnstler, Dichter bietet und aus den Erz\u00e4hlungen von 1001 Arabischen N\u00e4chten stammt. Istanbul ist eine Stadt, die auf zwei Kontinenten liegt, Asien und Europa. Diese beiden Kontinente sind durch den Bosporus voneinander getrennt. Das Goldene Horn, ein Teil des Bosporus, teilt auch den europ\u00e4ischen Kontinent in n\u00f6rdliche und s\u00fcdliche Bezirke. Im s\u00fcdlichen Bezirk liegt das alte Istanbul. Die bekanntesten historischen Bauwerke und Werke wie die Blaue Moschee, der Topkapi-Palast und die Hagia Sophia befinden sich in dieser Region. Istanbul hat eine sehr dynamische Geschichte: Die Stadt wurde im 7. Jahrhundert v. Chr. gegr\u00fcndet. Zu dieser Zeit hie\u00df sie Byzanz. Dank ihrer zentralen Lage entwickelte sich Byzanz zu einer bedeutenden Handelsmetropole. Nachdem die Stadt Teil des R\u00f6mischen Reiches wurde, wurde sie 300 v. Chr. von Konstantin, dem Kaiser des R\u00f6mischen Reiches, zur Hauptstadt ernannt. Die als Neues Rom bekannte Stadt wurde sp\u00e4ter Konstantinopel genannt. Nach der Teilung des R\u00f6mischen Reiches geh\u00f6rte Konstantinopel zum Byzantinischen Reich und blieb ein politisches und kulturelles Zentrum der Region. Sp\u00e4ter wurde die Stadt von den Kreuzfahrern erobert, wodurch das Christentum in die Stadt eingef\u00fchrt wurde. Bevor die Stadt unter den Osmanen ihren Namen \u00e4nderte und Istanbul wurde, hatte Konstantinopel einen Niedergang erlebt. Diese Eroberung bedeutete einen neuen Aufstieg f\u00fcr die Stadt. Istanbul ist auch ein Einkaufsziel. Sie werden diesen gro\u00dfartigen Ort mit seinem historischen und gr\u00f6\u00dften Gro\u00dfen Basar sowie seinen unz\u00e4hligen hochmodernen Einkaufszentren bewundern. Das Krankenhaus ist von vier faszinierenden Einkaufszentren umgeben. Au\u00dferdem sollten Sie die unz\u00e4hligen Delikatessen in Istanbul probieren. Tausende von erstklassigen Restaurants bieten Ihnen Geschm\u00e4cker in verschiedenen Varianten. Vorschl\u00e4ge zu Einkaufsm\u00f6glichkeiten und Restaurants finden Sie in Ihrem personalisierten Medicaltravelpass. Das ist noch nicht alles; die Stadt bietet Ihnen auch unz\u00e4hlige kulturelle Aktivit\u00e4ten, die ein unverzichtbarer Teil des Lebens in Istanbul sind. Wir w\u00fcnschen Ihnen einen sch\u00f6nen Urlaub in Istanbul Istanbul: Einkaufen und Kultur. Genie\u00dfen Sie diese faszinierende Weltstadt und ihr historisches Erbe auf einer einzigen Reise, kombiniert mit Ihrer Operation. Erhalten Sie die beste Behandlung in Istanbul<\/p>\n","protected":false},"author":4,"featured_media":0,"parent":2436,"menu_order":0,"comment_status":"closed","ping_status":"closed","template":"","meta":{"_joinchat":[],"footnotes":""},"class_list":["post-2405","page","type-page","status-publish","hentry"],"acf":[],"_links":{"self":[{"href":"https:\/\/medicaltravel.net\/de\/wp-json\/wp\/v2\/pages\/2405","targetHints":{"allow":["GET"]}}],"collection":[{"href":"https:\/\/medicaltravel.net\/de\/wp-json\/wp\/v2\/pages"}],"about":[{"href":"https:\/\/medicaltravel.net\/de\/wp-json\/wp\/v2\/types\/page"}],"author":[{"embeddable":true,"href":"https:\/\/medicaltravel.net\/de\/wp-json\/wp\/v2\/users\/4"}],"replies":[{"embeddable":true,"href":"https:\/\/medicaltravel.net\/de\/wp-json\/wp\/v2\/comments?post=2405"}],"version-history":[{"count":6,"href":"https:\/\/medicaltravel.net\/de\/wp-json\/wp\/v2\/pages\/2405\/revisions"}],"predecessor-version":[{"id":2441,"href":"https:\/\/medicaltravel.net\/de\/wp-json\/wp\/v2\/pages\/2405\/revisions\/2441"}],"up":[{"embeddable":true,"href":"https:\/\/medicaltravel.net\/de\/wp-json\/wp\/v2\/pages\/2436"}],"wp:attachment":[{"href":"https:\/\/medicaltravel.net\/de\/wp-json\/wp\/v2\/media?parent=2405"}],"curies":[{"name":"wp","href":"https:\/\/api.w.org\/{rel}","templated":true}]}}