{"id":2414,"date":"2025-09-29T08:53:14","date_gmt":"2025-09-29T07:53:14","guid":{"rendered":"https:\/\/medicaltravel.net\/medizinische-behandlungen-beste-krankenhaeuser-und-kliniken-in-izmir\/"},"modified":"2026-01-10T15:35:03","modified_gmt":"2026-01-10T14:35:03","slug":"medizinische-behandlungen-beste-krankenhaeuser-und-kliniken-in-izmir","status":"publish","type":"page","link":"https:\/\/medicaltravel.net\/de\/behandlungen-in-der-tuerkei\/medizinische-behandlungen-beste-krankenhaeuser-und-kliniken-in-izmir\/","title":{"rendered":"Medizinische Behandlungen beste Krankenh\u00e4user und Kliniken in Izmir"},"content":{"rendered":"\t\t<div data-elementor-type=\"wp-page\" data-elementor-id=\"2414\" class=\"elementor elementor-2414 elementor-17\" data-elementor-post-type=\"page\">\n\t\t\t\t<div class=\"elementor-element elementor-element-1e5e6f42 e-flex e-con-boxed wpr-particle-no wpr-jarallax-no wpr-parallax-no wpr-sticky-section-no e-con e-parent\" data-id=\"1e5e6f42\" data-element_type=\"container\" data-e-type=\"container\">\n\t\t\t\t\t<div class=\"e-con-inner\">\n\t\t<div class=\"elementor-element elementor-element-7ae8de0 e-con-full e-flex wpr-particle-no wpr-jarallax-no wpr-parallax-no wpr-sticky-section-no e-con e-child\" data-id=\"7ae8de0\" data-element_type=\"container\" data-e-type=\"container\">\n\t\t\t\t<div class=\"elementor-element elementor-element-fed5422 elementor-widget elementor-widget-button\" data-id=\"fed5422\" data-element_type=\"widget\" data-e-type=\"widget\" data-widget_type=\"button.default\">\n\t\t\t\t\t\t\t\t\t\t<a class=\"elementor-button elementor-button-link elementor-size-sm\" href=\"https:\/\/medicaltravel.net\/de\/behandlungen-in-der-tuerkei\/medizinische-behandlungen-beste-krankenhaeuser-und-kliniken-in-istanbul\/\">\n\t\t\t\t\t\t<span class=\"elementor-button-content-wrapper\">\n\t\t\t\t\t\t\t\t\t<span class=\"elementor-button-text\">Istanbul<\/span>\n\t\t\t\t\t<\/span>\n\t\t\t\t\t<\/a>\n\t\t\t\t\t\t\t\t<\/div>\n\t\t\t\t<div class=\"elementor-element elementor-element-901a082 elementor-widget elementor-widget-button\" data-id=\"901a082\" data-element_type=\"widget\" data-e-type=\"widget\" data-widget_type=\"button.default\">\n\t\t\t\t\t\t\t\t\t\t<a class=\"elementor-button elementor-button-link elementor-size-sm\" href=\"https:\/\/medicaltravel.net\/de\/behandlungen-in-der-tuerkei\/medizinische-behandlungen-beste-krankenhaeuser-und-kliniken-in-izmir\/\">\n\t\t\t\t\t\t<span class=\"elementor-button-content-wrapper\">\n\t\t\t\t\t\t\t\t\t<span class=\"elementor-button-text\">Izmir<\/span>\n\t\t\t\t\t<\/span>\n\t\t\t\t\t<\/a>\n\t\t\t\t\t\t\t\t<\/div>\n\t\t\t\t<div class=\"elementor-element elementor-element-612c2e1 elementor-widget elementor-widget-button\" data-id=\"612c2e1\" data-element_type=\"widget\" data-e-type=\"widget\" data-widget_type=\"button.default\">\n\t\t\t\t\t\t\t\t\t\t<a class=\"elementor-button elementor-button-link elementor-size-sm\" href=\"https:\/\/medicaltravel.net\/de\/behandlungen-in-der-tuerkei\/medizinische-behandlungen-beste-krankenhaeuser-und-kliniken-in-antalya\/\">\n\t\t\t\t\t\t<span class=\"elementor-button-content-wrapper\">\n\t\t\t\t\t\t\t\t\t<span class=\"elementor-button-text\">Antalya<\/span>\n\t\t\t\t\t<\/span>\n\t\t\t\t\t<\/a>\n\t\t\t\t\t\t\t\t<\/div>\n\t\t\t\t<\/div>\n\t\t\t\t<div class=\"elementor-element elementor-element-4035effb elementor-widget elementor-widget-text-editor\" data-id=\"4035effb\" data-element_type=\"widget\" data-e-type=\"widget\" data-widget_type=\"text-editor.default\">\n\t\t\t\t\t\t\t\t\t\n<h3 class=\"wp-block-heading\">Medizinische Behandlungen beste Krankenh\u00e4user und Kliniken in Izmir<\/h3>\n\n<p><strong>Die Perle der \u00c4g\u00e4is \u2013 \u0130zmir<\/strong><\/p>\n\n<p>Izmir ist die drittgr\u00f6\u00dfte Stadt der T\u00fcrkei und der zweitgr\u00f6\u00dfte Seehafen.<br>Nach dem t\u00fcrkischen Unabh\u00e4ngigkeitskrieg musste ein Gro\u00dfteil der Stadt wieder aufgebaut werden; daher ist die Stadt heute eine interessante Mischung aus modernen Hochh\u00e4usern mit breiten, von B\u00e4umen ges\u00e4umten Boulevards. Dennoch gibt es noch viele traditionelle H\u00e4user und Herrenh\u00e4user, die entdeckt werden k\u00f6nnen. <\/p>\n\n<p>Izmir genie\u00dft ein gem\u00e4\u00dfigtes Klima mit milden Wintern und warmen Sommern, was wahrscheinlich der Grund f\u00fcr das lebendige Stra\u00dfenleben ist. Ein Spaziergang auf dem Kordon zeigt eine endlose Reihe von Restaurants, Bistros, Bars, Caf\u00e9s und Teeh\u00e4usern, die alle auf die Stra\u00dfe hinausgehen. In vielen F\u00e4llen so dicht nebeneinander, dass es oft schwer ist zu erkennen, in welchem Ort man sich tats\u00e4chlich entspannt.  <\/p>\n\n<figure class=\"wp-block-image size-full\"><img fetchpriority=\"high\" decoding=\"async\" width=\"500\" height=\"377\" class=\"wp-image-158\" src=\"https:\/\/medicaltravel.net\/wp-content\/uploads\/2025\/09\/csm_Izmir_1_c5845b42ea.jpg\" alt=\"\" srcset=\"https:\/\/medicaltravel.net\/wp-content\/uploads\/2025\/09\/csm_Izmir_1_c5845b42ea.jpg 500w, https:\/\/medicaltravel.net\/wp-content\/uploads\/2025\/09\/csm_Izmir_1_c5845b42ea-300x226.jpg 300w\" sizes=\"(max-width: 500px) 100vw, 500px\" \/><\/figure>\n\n<p id=\"caption-attachment-449\">Izmir: Geschichte, Sonne, Einkaufen und Kultur<\/p>\n\n<figure class=\"wp-block-image size-full\"><img decoding=\"async\" width=\"500\" height=\"336\" class=\"wp-image-159\" src=\"https:\/\/medicaltravel.net\/wp-content\/uploads\/2025\/09\/Izmir_2.jpg\" alt=\"\" srcset=\"https:\/\/medicaltravel.net\/wp-content\/uploads\/2025\/09\/Izmir_2.jpg 500w, https:\/\/medicaltravel.net\/wp-content\/uploads\/2025\/09\/Izmir_2-300x202.jpg 300w\" sizes=\"(max-width: 500px) 100vw, 500px\" \/><\/figure>\n\n<p>Ein Besuch in Izmir ist nicht vollst\u00e4ndig, ohne ein paar Stunden damit zu verbringen, im Marktbereich von Kemer Alt\u0131 herumzulaufen. Dies ist ein gesch\u00e4ftiger Basar, auf dem buchst\u00e4blich alles gekauft werden kann. Es ist ein verwirrendes Labyrinth aus kleinen Gassen, Sackgassen, verbundenen Pl\u00e4tzen, Einkaufszentren, B\u00fcros, Werkst\u00e4tten, Kinos, Moscheen und so ziemlich allem, was man sich vorstellen kann; sogar ein renoviertes Karawanserei ist dort verborgen. Man verliert garantiert den \u00dcberblick, aber keine Sorge, man findet schlie\u00dflich wieder hinaus.   <\/p>\n\n<p>Der Kulturpark im Stadtteil Alsancak beherbergt die j\u00e4hrliche Internationale Messe von Izmir, die jedes Jahr im September stattfindet. Den Rest des Jahres finden auch viele andere Messen und Ausstellungen statt. Neben der Erf\u00fcllung der kommerziellen Bed\u00fcrfnisse der Stadt bietet der Kulturpark den Bewohnern einen entspannenden gr\u00fcnen Bereich mitten in der Stadt, um sich zur\u00fcckzulehnen, Tee zu trinken, Backgammon zu spielen, eine Wasserpfeife (Nargile) zu rauchen oder sogar auf der Laufbahn Sport zu treiben.  <\/p>\n\n<p>Die Stadt Izmir selbst verf\u00fcgt \u00fcber keine Str\u00e4nde, aber eine kurze Fahrt nach Norden, Osten oder S\u00fcden der Stadt f\u00fchrt Sie entweder zu belebten Touristenorten oder zu ruhigen, abgelegenen Str\u00e4nden \u2013 die Wahl liegt bei Ihnen.<\/p>\n\n<p>Die Region ist seit 3000 v. Chr. bewohnt, daher ist das Gebiet reich an historischen St\u00e4tten. Diese finden sich innerhalb der Stadt (Kadifekale \u2013 Bayrakli), aber auch in kurzer Fahrdistanz k\u00f6nnen Sie Ephesus, Pergamon, Sardes, Teos und viele weitere Orte erkunden.<\/p>\n\n<p>Das Nachtleben in Izmir ist lebendig und wird immer lebhafter. Wenn Sie die Nacht durchtanzen m\u00f6chten, finden Sie viele moderne Diskotheken und Nachtclubs, die alle bis in die fr\u00fchen Morgenstunden ge\u00f6ffnet sind.<\/p>\n\n<p>Geschichte und Moderne, Sonne und Meer \u2013 all das vereint sich in Izmir.<\/p>\n\n<p><strong>Wir w\u00fcnschen Ihnen schon jetzt einen sch\u00f6nen Urlaub in Izmir.<\/strong><\/p>\n\t\t\t\t\t\t\t\t<\/div>\n\t\t\t\t\t<\/div>\n\t\t\t\t<\/div>\n\t\t\t\t<\/div>\n\t\t","protected":false},"excerpt":{"rendered":"<p>Istanbul Izmir Antalya Medizinische Behandlungen beste Krankenh\u00e4user und Kliniken in Izmir Die Perle der \u00c4g\u00e4is \u2013 \u0130zmir Izmir ist die drittgr\u00f6\u00dfte Stadt der T\u00fcrkei und der zweitgr\u00f6\u00dfte Seehafen.Nach dem t\u00fcrkischen Unabh\u00e4ngigkeitskrieg musste ein Gro\u00dfteil der Stadt wieder aufgebaut werden; daher ist die Stadt heute eine interessante Mischung aus modernen Hochh\u00e4usern mit breiten, von B\u00e4umen ges\u00e4umten Boulevards. Dennoch gibt es noch viele traditionelle H\u00e4user und Herrenh\u00e4user, die entdeckt werden k\u00f6nnen. Izmir genie\u00dft ein gem\u00e4\u00dfigtes Klima mit milden Wintern und warmen Sommern, was wahrscheinlich der Grund f\u00fcr das lebendige Stra\u00dfenleben ist. Ein Spaziergang auf dem Kordon zeigt eine endlose Reihe von Restaurants, Bistros, Bars, Caf\u00e9s und Teeh\u00e4usern, die alle auf die Stra\u00dfe hinausgehen. In vielen F\u00e4llen so dicht nebeneinander, dass es oft schwer ist zu erkennen, in welchem Ort man sich tats\u00e4chlich entspannt. Izmir: Geschichte, Sonne, Einkaufen und Kultur Ein Besuch in Izmir ist nicht vollst\u00e4ndig, ohne ein paar Stunden damit zu verbringen, im Marktbereich von Kemer Alt\u0131 herumzulaufen. Dies ist ein gesch\u00e4ftiger Basar, auf dem buchst\u00e4blich alles gekauft werden kann. Es ist ein verwirrendes Labyrinth aus kleinen Gassen, Sackgassen, verbundenen Pl\u00e4tzen, Einkaufszentren, B\u00fcros, Werkst\u00e4tten, Kinos, Moscheen und so ziemlich allem, was man sich vorstellen kann; sogar ein renoviertes Karawanserei ist dort verborgen. Man verliert garantiert den \u00dcberblick, aber keine Sorge, man findet schlie\u00dflich wieder hinaus. Der Kulturpark im Stadtteil Alsancak beherbergt die j\u00e4hrliche Internationale Messe von Izmir, die jedes Jahr im September stattfindet. Den Rest des Jahres finden auch viele andere Messen und Ausstellungen statt. Neben der Erf\u00fcllung der kommerziellen Bed\u00fcrfnisse der Stadt bietet der Kulturpark den Bewohnern einen entspannenden gr\u00fcnen Bereich mitten in der Stadt, um sich zur\u00fcckzulehnen, Tee zu trinken, Backgammon zu spielen, eine Wasserpfeife (Nargile) zu rauchen oder sogar auf der Laufbahn Sport zu treiben. Die Stadt Izmir selbst verf\u00fcgt \u00fcber keine Str\u00e4nde, aber eine kurze Fahrt nach Norden, Osten oder S\u00fcden der Stadt f\u00fchrt Sie entweder zu belebten Touristenorten oder zu ruhigen, abgelegenen Str\u00e4nden \u2013 die Wahl liegt bei Ihnen. Die Region ist seit 3000 v. Chr. bewohnt, daher ist das Gebiet reich an historischen St\u00e4tten. Diese finden sich innerhalb der Stadt (Kadifekale \u2013 Bayrakli), aber auch in kurzer Fahrdistanz k\u00f6nnen Sie Ephesus, Pergamon, Sardes, Teos und viele weitere Orte erkunden. Das Nachtleben in Izmir ist lebendig und wird immer lebhafter. Wenn Sie die Nacht durchtanzen m\u00f6chten, finden Sie viele moderne Diskotheken und Nachtclubs, die alle bis in die fr\u00fchen Morgenstunden ge\u00f6ffnet sind. Geschichte und Moderne, Sonne und Meer \u2013 all das vereint sich in Izmir. Wir w\u00fcnschen Ihnen schon jetzt einen sch\u00f6nen Urlaub in Izmir.<\/p>\n","protected":false},"author":4,"featured_media":0,"parent":2436,"menu_order":0,"comment_status":"closed","ping_status":"closed","template":"","meta":{"_joinchat":[],"footnotes":""},"class_list":["post-2414","page","type-page","status-publish","hentry"],"acf":[],"_links":{"self":[{"href":"https:\/\/medicaltravel.net\/de\/wp-json\/wp\/v2\/pages\/2414","targetHints":{"allow":["GET"]}}],"collection":[{"href":"https:\/\/medicaltravel.net\/de\/wp-json\/wp\/v2\/pages"}],"about":[{"href":"https:\/\/medicaltravel.net\/de\/wp-json\/wp\/v2\/types\/page"}],"author":[{"embeddable":true,"href":"https:\/\/medicaltravel.net\/de\/wp-json\/wp\/v2\/users\/4"}],"replies":[{"embeddable":true,"href":"https:\/\/medicaltravel.net\/de\/wp-json\/wp\/v2\/comments?post=2414"}],"version-history":[{"count":4,"href":"https:\/\/medicaltravel.net\/de\/wp-json\/wp\/v2\/pages\/2414\/revisions"}],"predecessor-version":[{"id":2442,"href":"https:\/\/medicaltravel.net\/de\/wp-json\/wp\/v2\/pages\/2414\/revisions\/2442"}],"up":[{"embeddable":true,"href":"https:\/\/medicaltravel.net\/de\/wp-json\/wp\/v2\/pages\/2436"}],"wp:attachment":[{"href":"https:\/\/medicaltravel.net\/de\/wp-json\/wp\/v2\/media?parent=2414"}],"curies":[{"name":"wp","href":"https:\/\/api.w.org\/{rel}","templated":true}]}}