{"id":2420,"date":"2025-09-29T08:54:06","date_gmt":"2025-09-29T07:54:06","guid":{"rendered":"https:\/\/medicaltravel.net\/medizinische-behandlungen-beste-krankenhaeuser-und-kliniken-in-antalya\/"},"modified":"2026-01-10T15:35:03","modified_gmt":"2026-01-10T14:35:03","slug":"medizinische-behandlungen-beste-krankenhaeuser-und-kliniken-in-antalya","status":"publish","type":"page","link":"https:\/\/medicaltravel.net\/de\/behandlungen-in-der-tuerkei\/medizinische-behandlungen-beste-krankenhaeuser-und-kliniken-in-antalya\/","title":{"rendered":"Medizinische Behandlungen \u2013 beste Krankenh\u00e4user und Kliniken in Antalya"},"content":{"rendered":"\t\t<div data-elementor-type=\"wp-page\" data-elementor-id=\"2420\" class=\"elementor elementor-2420 elementor-20\" data-elementor-post-type=\"page\">\n\t\t\t\t<div class=\"elementor-element elementor-element-15c88f1d e-flex e-con-boxed wpr-particle-no wpr-jarallax-no wpr-parallax-no wpr-sticky-section-no e-con e-parent\" data-id=\"15c88f1d\" data-element_type=\"container\" data-e-type=\"container\">\n\t\t\t\t\t<div class=\"e-con-inner\">\n\t\t<div class=\"elementor-element elementor-element-3835670 e-con-full e-flex wpr-particle-no wpr-jarallax-no wpr-parallax-no wpr-sticky-section-no e-con e-child\" data-id=\"3835670\" data-element_type=\"container\" data-e-type=\"container\">\n\t\t\t\t<div class=\"elementor-element elementor-element-4233751 elementor-widget elementor-widget-button\" data-id=\"4233751\" data-element_type=\"widget\" data-e-type=\"widget\" data-widget_type=\"button.default\">\n\t\t\t\t\t\t\t\t\t\t<a class=\"elementor-button elementor-button-link elementor-size-sm\" href=\"https:\/\/medicaltravel.net\/de\/behandlungen-in-der-tuerkei\/medizinische-behandlungen-beste-krankenhaeuser-und-kliniken-in-istanbul\/\">\n\t\t\t\t\t\t<span class=\"elementor-button-content-wrapper\">\n\t\t\t\t\t\t\t\t\t<span class=\"elementor-button-text\">Istanbul<\/span>\n\t\t\t\t\t<\/span>\n\t\t\t\t\t<\/a>\n\t\t\t\t\t\t\t\t<\/div>\n\t\t\t\t<div class=\"elementor-element elementor-element-85bdb9f elementor-widget elementor-widget-button\" data-id=\"85bdb9f\" data-element_type=\"widget\" data-e-type=\"widget\" data-widget_type=\"button.default\">\n\t\t\t\t\t\t\t\t\t\t<a class=\"elementor-button elementor-button-link elementor-size-sm\" href=\"https:\/\/medicaltravel.net\/de\/behandlungen-in-der-tuerkei\/medizinische-behandlungen-beste-krankenhaeuser-und-kliniken-in-izmir\/\">\n\t\t\t\t\t\t<span class=\"elementor-button-content-wrapper\">\n\t\t\t\t\t\t\t\t\t<span class=\"elementor-button-text\">Izmir<\/span>\n\t\t\t\t\t<\/span>\n\t\t\t\t\t<\/a>\n\t\t\t\t\t\t\t\t<\/div>\n\t\t\t\t<div class=\"elementor-element elementor-element-1e4ccdb elementor-widget elementor-widget-button\" data-id=\"1e4ccdb\" data-element_type=\"widget\" data-e-type=\"widget\" data-widget_type=\"button.default\">\n\t\t\t\t\t\t\t\t\t\t<a class=\"elementor-button elementor-button-link elementor-size-sm\" href=\"https:\/\/medicaltravel.net\/de\/behandlungen-in-der-tuerkei\/medizinische-behandlungen-beste-krankenhaeuser-und-kliniken-in-antalya\/\">\n\t\t\t\t\t\t<span class=\"elementor-button-content-wrapper\">\n\t\t\t\t\t\t\t\t\t<span class=\"elementor-button-text\">Antalya<\/span>\n\t\t\t\t\t<\/span>\n\t\t\t\t\t<\/a>\n\t\t\t\t\t\t\t\t<\/div>\n\t\t\t\t<\/div>\n\t\t\t\t<div class=\"elementor-element elementor-element-68a7e9a1 elementor-widget elementor-widget-text-editor\" data-id=\"68a7e9a1\" data-element_type=\"widget\" data-e-type=\"widget\" data-widget_type=\"text-editor.default\">\n\t\t\t\t\t\t\t\t\t\n<h3 class=\"wp-block-heading\">Medizinische behandlungen \u2013 beste krankenh\u00e4user und kliniken in Antalya<\/h3>\n\n<h3 class=\"wp-block-heading\">Die Stadt f\u00fcr Sonne und Urlaub \u2013 Antalya<\/h3>\n\n<p>Antalya war der Standort einer der \u00e4ltesten Siedlungen in Anatolien. F\u00fcnfundzwanzig Kilometer nordwestlich des Zentrums von Antalya liegt die Karain-H\u00f6hle, einst Heimat einer Gemeinschaft von achtzig Menschen, mit Nachweisen, dass ihre Geschichte bis in die Altsteinzeit zur\u00fcckreicht. <\/p>\n\n<p>Die H\u00f6hle wurde w\u00e4hrend Forschungen entdeckt, die zwischen 1946 und 1958 an der Oberfl\u00e4che durchgef\u00fchrt wurden. Einige in der H\u00f6hle gefundene Objekte wurden auf ein Alter von einer Million Jahren datiert. <\/p>\n\n<p>Die Region stand zwischen 1400 v. Chr. bis zum Untergang der Hethiter unter der Kontrolle des Hethitischen Reiches, danach wurden in der Region viele unabh\u00e4ngige Staaten gegr\u00fcndet. Zwischen dem 11. und 8. Jahrhundert v. Chr. herrschten zun\u00e4chst die Lyder und anschlie\u00dfend die Perser \u00fcber die Region. Im 4. Jahrhundert v. Chr. war Alexander der Gro\u00dfe an der Reihe, die Region zu erobern. In der Zeit nach seinem Tod wechselte die Provinz aufgrund der Konflikte zwischen seinen Gener\u00e4len um die Kontrolle der Region mehrfach den Besitzer.   <\/p>\n\n<p>Der K\u00f6nig von Pergamon, Attalos II (159\u2013138 v. Chr.), eroberte den nat\u00fcrlichen Hafen von Pamphylien, die Stadt Antalya, und \u00fcbernahm die Kontrolle \u00fcber das Gebiet, auf dem sich heute die moderne Stadt befindet. Die Stadt wurde nach ihm Attaleia genannt. Im Jahr 67 v. Chr. wurde die Stadt in das R\u00f6mische Reich eingegliedert und erlebte unter r\u00f6mischer Herrschaft eine Phase des Wohlstands.  <\/p>\n\n<p>Die Stadt wurde zu einem Zentrum, von dem aus sich das Christentum auf anatolischem Boden verbreitete. Im 7. Jahrhundert kam es jedoch zu fortlaufenden Angriffen der Araber auf Anatolien und die Region Antalya. Im Jahr 652 verlor die byzantinische Flotte eine bedeutende Seeschlacht gegen arabische Streitkr\u00e4fte, die in den Gew\u00e4ssern vor Antalya ausgetragen wurde.  <\/p>\n\n<figure class=\"wp-block-image size-full\"><img fetchpriority=\"high\" decoding=\"async\" width=\"400\" height=\"506\" class=\"wp-image-161\" src=\"https:\/\/medicaltravel.net\/wp-content\/uploads\/2025\/09\/Antalya_resim_2.jpg\" alt=\"\" srcset=\"https:\/\/medicaltravel.net\/wp-content\/uploads\/2025\/09\/Antalya_resim_2.jpg 400w, https:\/\/medicaltravel.net\/wp-content\/uploads\/2025\/09\/Antalya_resim_2-237x300.jpg 237w\" sizes=\"(max-width: 400px) 100vw, 400px\" \/><\/figure>\n\n<p id=\"caption-attachment-462\">Antalya: Sand, Sonne, Shopping und Kultur. Lasst uns Spa\u00df haben! <\/p>\n\n<p>Die n\u00e4chste Begegnung der Region Antalya mit dem Islam fand w\u00e4hrend der Seldschukenzeit mit der Eroberung der Stadt im Jahr 1085 statt. Die Stadt wechselte zwischen den Herrschern kleiner K\u00f6nigreiche den Besitzer, bis sie 1426 an die Osmanen fiel. Die letzte Invasion der Stadt erfolgte durch italienische Streitkr\u00e4fte zwischen 1919 und 1921. Am 5. Juli 1921 endete die Besatzung und Antalya wurde eine Stadt der jungen T\u00fcrkischen Republik. Viele Jahre lang basierten die wirtschaftlichen Aktivit\u00e4ten der Stadt auf dem Anbau von Obst und Gem\u00fcse in dem \u00fcberwiegend landwirtschaftlich gepr\u00e4gten Gebiet sowie auf Fischerei und Seefahrt. Heute ist sie das gr\u00f6\u00dfte Tourismuszentrum der T\u00fcrkei und des \u00f6stlichen Mittelmeers.     <\/p>\n\n<p>Die hohen Taurusgebirge, die parallel zur K\u00fcste verlaufen, bildeten insbesondere eine nat\u00fcrliche Grenze zu Zentralanatolien, die im Winter nicht \u00fcberschritten werden konnte. Diese Geografie stellte ein Hindernis f\u00fcr die Bildung eines gr\u00f6\u00dferen Staatenbundes dar, weshalb stattdessen wohlhabende K\u00fcstenstadtstaaten entstanden, die h\u00e4ufig von einer \u00fcbergeordneten zentralen Autorit\u00e4t kontrolliert wurden. Dar\u00fcber hinaus zog die Region mit ihrem landwirtschaftlichen Reichtum und ihren nat\u00fcrlichen H\u00e4fen viele Siedler an. Aus diesem Grund bl\u00fchten in der Region zahlreiche Zivilisationen und hinterlie\u00dfen ihr historisches Erbe.   <\/p>\n\n<p>Im westlichen Teil von Antalya entstand eine der ersten gro\u00dfen Konf\u00f6derationen der Geschichte, der Lykische Bund. Dieser Bund, einst der m\u00e4chtigste in der Region, hatte seine Mitgliedsstaaten durch ein System von einer, zwei oder drei Stimmen vertreten, abh\u00e4ngig von der Gr\u00f6\u00dfe und Bedeutung der Staaten. Vom westlichen Ende des heutigen Antalya ausgehend und bis nach Fethiye in der Provinz Mu\u011fla reichend, umfasste er f\u00fcr damalige Verh\u00e4ltnisse ein sehr gro\u00dfes Gebiet. Im Osten erstreckte sich der Staat Pamphylien, das Land aller St\u00e4mme.   <\/p>\n\n<figure class=\"wp-block-image size-full\"><img decoding=\"async\" width=\"300\" height=\"225\" class=\"wp-image-162\" src=\"https:\/\/medicaltravel.net\/wp-content\/uploads\/2025\/09\/RTEmagicC_Antalya_Bucht_56.png.png\" alt=\"\"><\/figure>\n\n<p>Die Region mit ihren steilen Bergen, die direkt zum Meer abfallen und nur \u00fcber begrenzte K\u00fcstenebenen verf\u00fcgen, zog seit jeher Piraten an. Die Piraten beschr\u00e4nkten ihre Aktivit\u00e4ten nicht nur auf das Kapern und Pl\u00fcndern von Handelsschiffen, sondern \u00fcbernahmen von Zeit zu Zeit auch die Kontrolle \u00fcber ganze St\u00e4dte und herrschten \u00fcber sie. <\/p>\n\n<p>Wir haben erw\u00e4hnt, dass die Region der Ort war, an dem sich das Christentum erstmals nach Anatolien ausbreitete. An verschiedenen historischen St\u00e4tten sind viele Kirchen, Kapellen und andere Geb\u00e4ude aus der Fr\u00fchzeit des Christentums zu sehen. Die Museen der Region verf\u00fcgen \u00fcber eine umfangreiche Sammlung vorchristlicher, christlicher und islamischer Artefakte. Eine der weltweit bekanntesten Pers\u00f6nlichkeiten, der Heilige Nikolaus, auch bekannt als Weihnachtsmann, stammte aus der Region Antalya.   <\/p>\n\n<p>Viele Mythen, lokale Legenden und eine reiche Geschichte haben sich aus der Vergangenheit der Region bis in die Gegenwart erhalten.<\/p>\n\n<p><strong>Wir w\u00fcnschen Ihnen einen sch\u00f6nen Urlaub in Antalya.<\/strong><\/p>\n\t\t\t\t\t\t\t\t<\/div>\n\t\t\t\t\t<\/div>\n\t\t\t\t<\/div>\n\t\t\t\t<\/div>\n\t\t","protected":false},"excerpt":{"rendered":"<p>Istanbul Izmir Antalya Medizinische behandlungen \u2013 beste krankenh\u00e4user und kliniken in Antalya Die Stadt f\u00fcr Sonne und Urlaub \u2013 Antalya Antalya war der Standort einer der \u00e4ltesten Siedlungen in Anatolien. F\u00fcnfundzwanzig Kilometer nordwestlich des Zentrums von Antalya liegt die Karain-H\u00f6hle, einst Heimat einer Gemeinschaft von achtzig Menschen, mit Nachweisen, dass ihre Geschichte bis in die Altsteinzeit zur\u00fcckreicht. Die H\u00f6hle wurde w\u00e4hrend Forschungen entdeckt, die zwischen 1946 und 1958 an der Oberfl\u00e4che durchgef\u00fchrt wurden. Einige in der H\u00f6hle gefundene Objekte wurden auf ein Alter von einer Million Jahren datiert. Die Region stand zwischen 1400 v. Chr. bis zum Untergang der Hethiter unter der Kontrolle des Hethitischen Reiches, danach wurden in der Region viele unabh\u00e4ngige Staaten gegr\u00fcndet. Zwischen dem 11. und 8. Jahrhundert v. Chr. herrschten zun\u00e4chst die Lyder und anschlie\u00dfend die Perser \u00fcber die Region. Im 4. Jahrhundert v. Chr. war Alexander der Gro\u00dfe an der Reihe, die Region zu erobern. In der Zeit nach seinem Tod wechselte die Provinz aufgrund der Konflikte zwischen seinen Gener\u00e4len um die Kontrolle der Region mehrfach den Besitzer. Der K\u00f6nig von Pergamon, Attalos II (159\u2013138 v. Chr.), eroberte den nat\u00fcrlichen Hafen von Pamphylien, die Stadt Antalya, und \u00fcbernahm die Kontrolle \u00fcber das Gebiet, auf dem sich heute die moderne Stadt befindet. Die Stadt wurde nach ihm Attaleia genannt. Im Jahr 67 v. Chr. wurde die Stadt in das R\u00f6mische Reich eingegliedert und erlebte unter r\u00f6mischer Herrschaft eine Phase des Wohlstands. Die Stadt wurde zu einem Zentrum, von dem aus sich das Christentum auf anatolischem Boden verbreitete. Im 7. Jahrhundert kam es jedoch zu fortlaufenden Angriffen der Araber auf Anatolien und die Region Antalya. Im Jahr 652 verlor die byzantinische Flotte eine bedeutende Seeschlacht gegen arabische Streitkr\u00e4fte, die in den Gew\u00e4ssern vor Antalya ausgetragen wurde. Antalya: Sand, Sonne, Shopping und Kultur. Lasst uns Spa\u00df haben! Die n\u00e4chste Begegnung der Region Antalya mit dem Islam fand w\u00e4hrend der Seldschukenzeit mit der Eroberung der Stadt im Jahr 1085 statt. Die Stadt wechselte zwischen den Herrschern kleiner K\u00f6nigreiche den Besitzer, bis sie 1426 an die Osmanen fiel. Die letzte Invasion der Stadt erfolgte durch italienische Streitkr\u00e4fte zwischen 1919 und 1921. Am 5. Juli 1921 endete die Besatzung und Antalya wurde eine Stadt der jungen T\u00fcrkischen Republik. Viele Jahre lang basierten die wirtschaftlichen Aktivit\u00e4ten der Stadt auf dem Anbau von Obst und Gem\u00fcse in dem \u00fcberwiegend landwirtschaftlich gepr\u00e4gten Gebiet sowie auf Fischerei und Seefahrt. Heute ist sie das gr\u00f6\u00dfte Tourismuszentrum der T\u00fcrkei und des \u00f6stlichen Mittelmeers. Die hohen Taurusgebirge, die parallel zur K\u00fcste verlaufen, bildeten insbesondere eine nat\u00fcrliche Grenze zu Zentralanatolien, die im Winter nicht \u00fcberschritten werden konnte. Diese Geografie stellte ein Hindernis f\u00fcr die Bildung eines gr\u00f6\u00dferen Staatenbundes dar, weshalb stattdessen wohlhabende K\u00fcstenstadtstaaten entstanden, die h\u00e4ufig von einer \u00fcbergeordneten zentralen Autorit\u00e4t kontrolliert wurden. Dar\u00fcber hinaus zog die Region mit ihrem landwirtschaftlichen Reichtum und ihren nat\u00fcrlichen H\u00e4fen viele Siedler an. Aus diesem Grund bl\u00fchten in der Region zahlreiche Zivilisationen und hinterlie\u00dfen ihr historisches Erbe. Im westlichen Teil von Antalya entstand eine der ersten gro\u00dfen Konf\u00f6derationen der Geschichte, der Lykische Bund. Dieser Bund, einst der m\u00e4chtigste in der Region, hatte seine Mitgliedsstaaten durch ein System von einer, zwei oder drei Stimmen vertreten, abh\u00e4ngig von der Gr\u00f6\u00dfe und Bedeutung der Staaten. Vom westlichen Ende des heutigen Antalya ausgehend und bis nach Fethiye in der Provinz Mu\u011fla reichend, umfasste er f\u00fcr damalige Verh\u00e4ltnisse ein sehr gro\u00dfes Gebiet. Im Osten erstreckte sich der Staat Pamphylien, das Land aller St\u00e4mme. Die Region mit ihren steilen Bergen, die direkt zum Meer abfallen und nur \u00fcber begrenzte K\u00fcstenebenen verf\u00fcgen, zog seit jeher Piraten an. Die Piraten beschr\u00e4nkten ihre Aktivit\u00e4ten nicht nur auf das Kapern und Pl\u00fcndern von Handelsschiffen, sondern \u00fcbernahmen von Zeit zu Zeit auch die Kontrolle \u00fcber ganze St\u00e4dte und herrschten \u00fcber sie. Wir haben erw\u00e4hnt, dass die Region der Ort war, an dem sich das Christentum erstmals nach Anatolien ausbreitete. An verschiedenen historischen St\u00e4tten sind viele Kirchen, Kapellen und andere Geb\u00e4ude aus der Fr\u00fchzeit des Christentums zu sehen. Die Museen der Region verf\u00fcgen \u00fcber eine umfangreiche Sammlung vorchristlicher, christlicher und islamischer Artefakte. Eine der weltweit bekanntesten Pers\u00f6nlichkeiten, der Heilige Nikolaus, auch bekannt als Weihnachtsmann, stammte aus der Region Antalya. Viele Mythen, lokale Legenden und eine reiche Geschichte haben sich aus der Vergangenheit der Region bis in die Gegenwart erhalten. Wir w\u00fcnschen Ihnen einen sch\u00f6nen Urlaub in Antalya.<\/p>\n","protected":false},"author":4,"featured_media":0,"parent":2436,"menu_order":0,"comment_status":"closed","ping_status":"closed","template":"","meta":{"_joinchat":[],"footnotes":""},"class_list":["post-2420","page","type-page","status-publish","hentry"],"acf":[],"_links":{"self":[{"href":"https:\/\/medicaltravel.net\/de\/wp-json\/wp\/v2\/pages\/2420","targetHints":{"allow":["GET"]}}],"collection":[{"href":"https:\/\/medicaltravel.net\/de\/wp-json\/wp\/v2\/pages"}],"about":[{"href":"https:\/\/medicaltravel.net\/de\/wp-json\/wp\/v2\/types\/page"}],"author":[{"embeddable":true,"href":"https:\/\/medicaltravel.net\/de\/wp-json\/wp\/v2\/users\/4"}],"replies":[{"embeddable":true,"href":"https:\/\/medicaltravel.net\/de\/wp-json\/wp\/v2\/comments?post=2420"}],"version-history":[{"count":4,"href":"https:\/\/medicaltravel.net\/de\/wp-json\/wp\/v2\/pages\/2420\/revisions"}],"predecessor-version":[{"id":2443,"href":"https:\/\/medicaltravel.net\/de\/wp-json\/wp\/v2\/pages\/2420\/revisions\/2443"}],"up":[{"embeddable":true,"href":"https:\/\/medicaltravel.net\/de\/wp-json\/wp\/v2\/pages\/2436"}],"wp:attachment":[{"href":"https:\/\/medicaltravel.net\/de\/wp-json\/wp\/v2\/media?parent=2420"}],"curies":[{"name":"wp","href":"https:\/\/api.w.org\/{rel}","templated":true}]}}