{"id":2424,"date":"2025-09-29T08:54:46","date_gmt":"2025-09-29T07:54:46","guid":{"rendered":"https:\/\/medicaltravel.net\/operationstermine-tuerkei-feiertage\/"},"modified":"2026-01-10T15:35:03","modified_gmt":"2026-01-10T14:35:03","slug":"operationstermine-tuerkei-feiertage","status":"publish","type":"page","link":"https:\/\/medicaltravel.net\/de\/behandlungen-in-der-tuerkei\/operationstermine-tuerkei-feiertage\/","title":{"rendered":"Operationstermine T\u00fcrkei Feiertage"},"content":{"rendered":"\t\t<div data-elementor-type=\"wp-page\" data-elementor-id=\"2424\" class=\"elementor elementor-2424 elementor-22\" data-elementor-post-type=\"page\">\n\t\t\t\t<div class=\"elementor-element elementor-element-66563eda e-flex e-con-boxed wpr-particle-no wpr-jarallax-no wpr-parallax-no wpr-sticky-section-no e-con e-parent\" data-id=\"66563eda\" data-element_type=\"container\" data-e-type=\"container\">\n\t\t\t\t\t<div class=\"e-con-inner\">\n\t\t<div class=\"elementor-element elementor-element-4ff3c8c e-con-full e-flex wpr-particle-no wpr-jarallax-no wpr-parallax-no wpr-sticky-section-no e-con e-child\" data-id=\"4ff3c8c\" data-element_type=\"container\" data-e-type=\"container\">\n\t\t\t\t<div class=\"elementor-element elementor-element-a1fbaad elementor-widget elementor-widget-button\" data-id=\"a1fbaad\" data-element_type=\"widget\" data-e-type=\"widget\" data-widget_type=\"button.default\">\n\t\t\t\t\t\t\t\t\t\t<a class=\"elementor-button elementor-button-link elementor-size-sm\" href=\"https:\/\/medicaltravel.net\/de\/behandlungen-in-der-tuerkei\/medizinische-reisen-medizinischer-tourismus-gesundheitstourismus-tuerkei\/\">\n\t\t\t\t\t\t<span class=\"elementor-button-content-wrapper\">\n\t\t\t\t\t\t\t\t\t<span class=\"elementor-button-text\">Medical Travel<\/span>\n\t\t\t\t\t<\/span>\n\t\t\t\t\t<\/a>\n\t\t\t\t\t\t\t\t<\/div>\n\t\t\t\t<div class=\"elementor-element elementor-element-d4ce327 elementor-widget elementor-widget-button\" data-id=\"d4ce327\" data-element_type=\"widget\" data-e-type=\"widget\" data-widget_type=\"button.default\">\n\t\t\t\t\t\t\t\t\t\t<a class=\"elementor-button elementor-button-link elementor-size-sm\" href=\"https:\/\/medicaltravel.net\/de\/behandlungen-in-der-tuerkei\/laser-fakten\/\">\n\t\t\t\t\t\t<span class=\"elementor-button-content-wrapper\">\n\t\t\t\t\t\t\t\t\t<span class=\"elementor-button-text\">Laser Fakten<\/span>\n\t\t\t\t\t<\/span>\n\t\t\t\t\t<\/a>\n\t\t\t\t\t\t\t\t<\/div>\n\t\t\t\t<div class=\"elementor-element elementor-element-0b34f8f elementor-widget elementor-widget-button\" data-id=\"0b34f8f\" data-element_type=\"widget\" data-e-type=\"widget\" data-widget_type=\"button.default\">\n\t\t\t\t\t\t\t\t\t\t<a class=\"elementor-button elementor-button-link elementor-size-sm\" href=\"https:\/\/medicaltravel.net\/de\/behandlungen-in-der-tuerkei\/medizinische-behandlungen-beste-krankenhaeuser-und-kliniken-in-istanbul\/\">\n\t\t\t\t\t\t<span class=\"elementor-button-content-wrapper\">\n\t\t\t\t\t\t\t\t\t<span class=\"elementor-button-text\">St\u00e4dte<\/span>\n\t\t\t\t\t<\/span>\n\t\t\t\t\t<\/a>\n\t\t\t\t\t\t\t\t<\/div>\n\t\t\t\t<div class=\"elementor-element elementor-element-f1241a5 elementor-widget elementor-widget-button\" data-id=\"f1241a5\" data-element_type=\"widget\" data-e-type=\"widget\" data-widget_type=\"button.default\">\n\t\t\t\t\t\t\t\t\t\t<a class=\"elementor-button elementor-button-link elementor-size-sm\" href=\"https:\/\/medicaltravel.net\/de\/behandlungen-in-der-tuerkei\/operationstermine-tuerkei-feiertage\/\">\n\t\t\t\t\t\t<span class=\"elementor-button-content-wrapper\">\n\t\t\t\t\t\t\t\t\t<span class=\"elementor-button-text\">Operationstermine<\/span>\n\t\t\t\t\t<\/span>\n\t\t\t\t\t<\/a>\n\t\t\t\t\t\t\t\t<\/div>\n\t\t\t\t<\/div>\n\t\t\t\t<div class=\"elementor-element elementor-element-11e188f5 elementor-widget elementor-widget-text-editor\" data-id=\"11e188f5\" data-element_type=\"widget\" data-e-type=\"widget\" data-widget_type=\"text-editor.default\">\n\t\t\t\t\t\t\t\t\t\n<h3 class=\"wp-block-heading\">Operationstermine<\/h3>\n\n<p><strong>Termine f\u00fcr Ihre Zahnbehandlungen, \u00e4sthetischen Operationen, Augenoperationen, Haartransplantationen und In-vitro-Fertilisation-Behandlungen in der T\u00fcrkei<\/strong><\/p>\n\n<p>Behandlungsanwendungen finden t\u00e4glich von Montag bis Samstag statt. Sie k\u00f6nnen Ihren Termin vereinbaren, indem Sie uns kontaktieren. <\/p>\n\n<p>Sie k\u00f6nnen Ihre Reise nach Belieben organisieren. Unsere Krankenh\u00e4user sind an diesen Tagen offiziell geschlossen: <\/p>\n\n<p>Januar: Neujahr<br>23 April: Nationaler Unabh\u00e4ngigkeits- und Kindertag<br>1 Mai: Tag der Arbeit<br>19 Mai: Jugend- und Sporttag<br>15 Juli: Tag der Demokratie<br>Ramadanfest<br>Opferfest<br>31 August: Tag des Sieges<br>29 Oktober Tag der Republik<\/p>\n\n<p>An Ostern, Himmelfahrt, Pfingsten und Weihnachten ist in der T\u00fcrkei kein Feiertag.<\/p>\n\n<p>Sie k\u00f6nnen uns \u00fcber diese E-Mail-Adresse <a href=\"mailto:info@medicaltravel.net\">info@medicaltravel.net<\/a> oder \u00fcber WhatsApp <a href=\"https:\/\/web.whatsapp.com\/send?phone=41%2078%20737%2035%2041&amp;text=&amp;source=&amp;data=\" target=\"_blank\" rel=\"noopener\">+41 78 737 35 41<\/a> kontaktieren<\/p>\n\n<p>MedicalTravel w\u00fcnscht Ihnen einen Tag voller Gesundheit<\/p>\n\t\t\t\t\t\t\t\t<\/div>\n\t\t\t\t\t<\/div>\n\t\t\t\t<\/div>\n\t\t\t\t<\/div>\n\t\t","protected":false},"excerpt":{"rendered":"<p>Medical Travel Laser Fakten St\u00e4dte Operationstermine Operationstermine Termine f\u00fcr Ihre Zahnbehandlungen, \u00e4sthetischen Operationen, Augenoperationen, Haartransplantationen und In-vitro-Fertilisation-Behandlungen in der T\u00fcrkei Behandlungsanwendungen finden t\u00e4glich von Montag bis Samstag statt. Sie k\u00f6nnen Ihren Termin vereinbaren, indem Sie uns kontaktieren. Sie k\u00f6nnen Ihre Reise nach Belieben organisieren. Unsere Krankenh\u00e4user sind an diesen Tagen offiziell geschlossen: Januar: Neujahr23 April: Nationaler Unabh\u00e4ngigkeits- und Kindertag1 Mai: Tag der Arbeit19 Mai: Jugend- und Sporttag15 Juli: Tag der DemokratieRamadanfestOpferfest31 August: Tag des Sieges29 Oktober Tag der Republik An Ostern, Himmelfahrt, Pfingsten und Weihnachten ist in der T\u00fcrkei kein Feiertag. Sie k\u00f6nnen uns \u00fcber diese E-Mail-Adresse info@medicaltravel.net oder \u00fcber WhatsApp +41 78 737 35 41 kontaktieren MedicalTravel w\u00fcnscht Ihnen einen Tag voller Gesundheit<\/p>\n","protected":false},"author":4,"featured_media":0,"parent":2436,"menu_order":0,"comment_status":"closed","ping_status":"closed","template":"","meta":{"_joinchat":[],"footnotes":""},"class_list":["post-2424","page","type-page","status-publish","hentry"],"acf":[],"_links":{"self":[{"href":"https:\/\/medicaltravel.net\/de\/wp-json\/wp\/v2\/pages\/2424","targetHints":{"allow":["GET"]}}],"collection":[{"href":"https:\/\/medicaltravel.net\/de\/wp-json\/wp\/v2\/pages"}],"about":[{"href":"https:\/\/medicaltravel.net\/de\/wp-json\/wp\/v2\/types\/page"}],"author":[{"embeddable":true,"href":"https:\/\/medicaltravel.net\/de\/wp-json\/wp\/v2\/users\/4"}],"replies":[{"embeddable":true,"href":"https:\/\/medicaltravel.net\/de\/wp-json\/wp\/v2\/comments?post=2424"}],"version-history":[{"count":6,"href":"https:\/\/medicaltravel.net\/de\/wp-json\/wp\/v2\/pages\/2424\/revisions"}],"predecessor-version":[{"id":2444,"href":"https:\/\/medicaltravel.net\/de\/wp-json\/wp\/v2\/pages\/2424\/revisions\/2444"}],"up":[{"embeddable":true,"href":"https:\/\/medicaltravel.net\/de\/wp-json\/wp\/v2\/pages\/2436"}],"wp:attachment":[{"href":"https:\/\/medicaltravel.net\/de\/wp-json\/wp\/v2\/media?parent=2424"}],"curies":[{"name":"wp","href":"https:\/\/api.w.org\/{rel}","templated":true}]}}