{"id":2432,"date":"2025-09-29T09:48:24","date_gmt":"2025-09-29T08:48:24","guid":{"rendered":"https:\/\/medicaltravel.net\/bauchstraffung\/"},"modified":"2026-01-10T15:17:15","modified_gmt":"2026-01-10T14:17:15","slug":"bauchstraffung","status":"publish","type":"page","link":"https:\/\/medicaltravel.net\/de\/bauchstraffung\/","title":{"rendered":"Bauchstraffung"},"content":{"rendered":"\t\t<div data-elementor-type=\"wp-page\" data-elementor-id=\"2432\" class=\"elementor elementor-2432 elementor-87\" data-elementor-post-type=\"page\">\n\t\t\t\t<div class=\"elementor-element elementor-element-407d798a e-flex e-con-boxed wpr-particle-no wpr-jarallax-no wpr-parallax-no wpr-sticky-section-no e-con e-parent\" data-id=\"407d798a\" data-element_type=\"container\" data-e-type=\"container\">\n\t\t\t\t\t<div class=\"e-con-inner\">\n\t\t<div class=\"elementor-element elementor-element-44f9c8a e-con-full e-flex wpr-particle-no wpr-jarallax-no wpr-parallax-no wpr-sticky-section-no e-con e-child\" data-id=\"44f9c8a\" data-element_type=\"container\" data-e-type=\"container\">\n\t\t\t\t<div class=\"elementor-element elementor-element-f31c3eb elementor-widget elementor-widget-button\" data-id=\"f31c3eb\" data-element_type=\"widget\" data-e-type=\"widget\" data-widget_type=\"button.default\">\n\t\t\t\t\t\t\t\t\t\t<a class=\"elementor-button elementor-button-link elementor-size-sm\" href=\"https:\/\/medicaltravel.net\/de\/brustoperationen\/\">\n\t\t\t\t\t\t<span class=\"elementor-button-content-wrapper\">\n\t\t\t\t\t\t\t\t\t<span class=\"elementor-button-text\">Brustoperationen<\/span>\n\t\t\t\t\t<\/span>\n\t\t\t\t\t<\/a>\n\t\t\t\t\t\t\t\t<\/div>\n\t\t\t\t<div class=\"elementor-element elementor-element-7ca3e99 elementor-widget elementor-widget-button\" data-id=\"7ca3e99\" data-element_type=\"widget\" data-e-type=\"widget\" data-widget_type=\"button.default\">\n\t\t\t\t\t\t\t\t\t\t<a class=\"elementor-button elementor-button-link elementor-size-sm\" href=\"https:\/\/medicaltravel.net\/de\/liposuktion\/\">\n\t\t\t\t\t\t<span class=\"elementor-button-content-wrapper\">\n\t\t\t\t\t\t\t\t\t<span class=\"elementor-button-text\">Liposuktion<\/span>\n\t\t\t\t\t<\/span>\n\t\t\t\t\t<\/a>\n\t\t\t\t\t\t\t\t<\/div>\n\t\t\t\t<div class=\"elementor-element elementor-element-adb08e4 elementor-widget elementor-widget-button\" data-id=\"adb08e4\" data-element_type=\"widget\" data-e-type=\"widget\" data-widget_type=\"button.default\">\n\t\t\t\t\t\t\t\t\t\t<a class=\"elementor-button elementor-button-link elementor-size-sm\" href=\"https:\/\/medicaltravel.net\/de\/bauchstraffung\/\">\n\t\t\t\t\t\t<span class=\"elementor-button-content-wrapper\">\n\t\t\t\t\t\t\t\t\t<span class=\"elementor-button-text\">Bauchstraffung<\/span>\n\t\t\t\t\t<\/span>\n\t\t\t\t\t<\/a>\n\t\t\t\t\t\t\t\t<\/div>\n\t\t\t\t<div class=\"elementor-element elementor-element-f0e7184 elementor-widget elementor-widget-button\" data-id=\"f0e7184\" data-element_type=\"widget\" data-e-type=\"widget\" data-widget_type=\"button.default\">\n\t\t\t\t\t\t\t\t\t\t<a class=\"elementor-button elementor-button-link elementor-size-sm\" href=\"https:\/\/medicaltravel.net\/de\/lidkorrektur\/\">\n\t\t\t\t\t\t<span class=\"elementor-button-content-wrapper\">\n\t\t\t\t\t\t\t\t\t<span class=\"elementor-button-text\">Lidkorrektur<\/span>\n\t\t\t\t\t<\/span>\n\t\t\t\t\t<\/a>\n\t\t\t\t\t\t\t\t<\/div>\n\t\t\t\t<div class=\"elementor-element elementor-element-5fc1b60 elementor-widget elementor-widget-button\" data-id=\"5fc1b60\" data-element_type=\"widget\" data-e-type=\"widget\" data-widget_type=\"button.default\">\n\t\t\t\t\t\t\t\t\t\t<a class=\"elementor-button elementor-button-link elementor-size-sm\" href=\"https:\/\/medicaltravel.net\/de\/nasenkorrektur\/\">\n\t\t\t\t\t\t<span class=\"elementor-button-content-wrapper\">\n\t\t\t\t\t\t\t\t\t<span class=\"elementor-button-text\">Nasenkorrektur<\/span>\n\t\t\t\t\t<\/span>\n\t\t\t\t\t<\/a>\n\t\t\t\t\t\t\t\t<\/div>\n\t\t\t\t<div class=\"elementor-element elementor-element-b410e63 elementor-widget elementor-widget-button\" data-id=\"b410e63\" data-element_type=\"widget\" data-e-type=\"widget\" data-widget_type=\"button.default\">\n\t\t\t\t\t\t\t\t\t\t<a class=\"elementor-button elementor-button-link elementor-size-sm\" href=\"https:\/\/medicaltravel.net\/de\/gesichtsstraffung\/\">\n\t\t\t\t\t\t<span class=\"elementor-button-content-wrapper\">\n\t\t\t\t\t\t\t\t\t<span class=\"elementor-button-text\">Gesichtsstraffung<\/span>\n\t\t\t\t\t<\/span>\n\t\t\t\t\t<\/a>\n\t\t\t\t\t\t\t\t<\/div>\n\t\t\t\t<div class=\"elementor-element elementor-element-198d15e elementor-widget elementor-widget-button\" data-id=\"198d15e\" data-element_type=\"widget\" data-e-type=\"widget\" data-widget_type=\"button.default\">\n\t\t\t\t\t\t\t\t\t\t<a class=\"elementor-button elementor-button-link elementor-size-sm\" href=\"https:\/\/medicaltravel.net\/de\/ohrkorrektur\/\">\n\t\t\t\t\t\t<span class=\"elementor-button-content-wrapper\">\n\t\t\t\t\t\t\t\t\t<span class=\"elementor-button-text\">Ohrkorrektur<\/span>\n\t\t\t\t\t<\/span>\n\t\t\t\t\t<\/a>\n\t\t\t\t\t\t\t\t<\/div>\n\t\t\t\t<div class=\"elementor-element elementor-element-c1732ed elementor-widget elementor-widget-button\" data-id=\"c1732ed\" data-element_type=\"widget\" data-e-type=\"widget\" data-widget_type=\"button.default\">\n\t\t\t\t\t\t\t\t\t\t<a class=\"elementor-button elementor-button-link elementor-size-sm\" href=\"https:\/\/medicaltravel.net\/de\/bodylifting\/\">\n\t\t\t\t\t\t<span class=\"elementor-button-content-wrapper\">\n\t\t\t\t\t\t\t\t\t<span class=\"elementor-button-text\">Bodylifting<\/span>\n\t\t\t\t\t<\/span>\n\t\t\t\t\t<\/a>\n\t\t\t\t\t\t\t\t<\/div>\n\t\t\t\t<\/div>\n\t\t\t\t<div class=\"elementor-element elementor-element-4e310dc0 elementor-widget elementor-widget-text-editor\" data-id=\"4e310dc0\" data-element_type=\"widget\" data-e-type=\"widget\" data-widget_type=\"text-editor.default\">\n\t\t\t\t\t\t\t\t\t\n<h3 class=\"wp-block-heading\">BAUCHSTRAFFUNG<\/h3>\n\n<h3 class=\"wp-block-heading\">Abdominoplastik \u2013 Bauchstraffung<\/h3>\n\n<p>Der Bauch ist bei vielen Frauen und M\u00e4nnern der problematischste Bereich. Jeder w\u00fcnscht sich einen flachen Bauch, den er stolz zeigen kann. <\/p>\n\n<p>Di\u00e4ten oder mehrfach durchgef\u00fchrte Operationen f\u00fchren dazu, dass der Bauch schlaff wirkt und die Haut ihre fr\u00fchere Elastizit\u00e4t nicht wiedererlangt. Di\u00e4ten helfen beim Abnehmen, aber der Haut\u00fcberschuss bleibt bestehen. <\/p>\n\n<p>Die Abdominoplastik ist ein chirurgischer Eingriff am Bauch, bei dem \u00fcbersch\u00fcssige Haut und Gewebe entfernt werden. Mit diesem Eingriff k\u00f6nnen Sie ein neues, schlankes und attraktives K\u00f6rperbild erhalten. <\/p>\n\n<p><em><strong>Vorbereitungsphase vor der Operation<\/strong><\/em><\/p>\n\n<p>Sie d\u00fcrfen mindestens 7 Tage vor der Abdominoplastik keine Aspirin oder Schlafmittel einnehmen und keinen Alkohol trinken. Aspirin und andere Schmerzmittel verz\u00f6gern die Blutgerinnungszeit, was zu unerw\u00fcnschten Blutungen f\u00fchren kann. <\/p>\n\n<p>Raucher m\u00fcssen mindestens 4 Wochen vor der Operation den Nikotinkonsum vollst\u00e4ndig einstellen oder stark reduzieren, um den Heilungsprozess nicht zu gef\u00e4hrden.<\/p>\n\n<p><em><strong>Ablauf der Operation<\/strong><\/em><\/p>\n\n<p>Abdominoplastik-Operationen werden unter Vollnarkose durchgef\u00fchrt. Ein Krankenhausaufenthalt von ein bis zwei Tagen ist erforderlich. <\/p>\n\n<p>Um das \u00fcbersch\u00fcssige Gewebe zu entfernen, wird ein langer Schnitt entlang der Bikinilinie gesetzt. Die Narbe kann sp\u00e4ter von einem Bikini oder Badeanzug verdeckt werden. <\/p>\n\n<figure class=\"wp-block-image size-full\"><img decoding=\"async\" width=\"155\" height=\"233\" class=\"wp-image-247\" src=\"https:\/\/medicaltravel.net\/wp-content\/uploads\/2025\/09\/csm_Fotolia_49789347_L_Bauch_7303674677.jpg\" alt=\"\"><\/figure>\n\n<p id=\"caption-attachment-538\">Bauchstraffungsoperationen d\u00fcrfen nur von sehr erfahrenen \u00c4rzten durchgef\u00fchrt werden.<\/p>\n\n<p>Die Haut wird von den darunter liegenden Muskeln gel\u00f6st, und je nach Fall wird \u00fcbersch\u00fcssige Haut verwendet, um die Bauchwand anzuheben. Zus\u00e4tzlich kann Fettgewebe auch durch Absaugung entfernt werden. <\/p>\n\n<p>Bei der Abdominoplastik wird die Bauchhaut vollst\u00e4ndig nach unten gezogen, sodass der Bauchnabel w\u00e4hrend der Operation angehoben werden muss. Nach der Operation wird die Wunde vern\u00e4ht und ein Verband angelegt, um in den ersten Tagen der postoperativen Phase Schutz zu bieten. W\u00e4hrend der Patient noch in Narkose ist, wird Kompressionsunterw\u00e4sche angelegt.  <\/p>\n\n<p><em><strong>Nach der Operation<\/strong><\/em><\/p>\n\n<p>Die F\u00e4den werden zwei Wochen nach der Operation entfernt, die Kompressionsunterw\u00e4sche muss jedoch etwa vier bis sechs Wochen getragen werden.<\/p>\n\n<p>Die endg\u00fcltigen Ergebnisse sind erst nach einigen Monaten sichtbar.<\/p>\n\n<p><em><strong>Ihre Vorteile<\/strong><\/em><\/p>\n\n<p>Die Abdominoplastik verleiht Ihnen ein schlankeres und attraktives K\u00f6rperbild.<\/p>\n\t\t\t\t\t\t\t\t<\/div>\n\t\t\t\t\t<\/div>\n\t\t\t\t<\/div>\n\t\t\t\t<\/div>\n\t\t","protected":false},"excerpt":{"rendered":"<p>Brustoperationen Liposuktion Bauchstraffung Lidkorrektur Nasenkorrektur Gesichtsstraffung Ohrkorrektur Bodylifting BAUCHSTRAFFUNG Abdominoplastik \u2013 Bauchstraffung Der Bauch ist bei vielen Frauen und M\u00e4nnern der problematischste Bereich. Jeder w\u00fcnscht sich einen flachen Bauch, den er stolz zeigen kann. Di\u00e4ten oder mehrfach durchgef\u00fchrte Operationen f\u00fchren dazu, dass der Bauch schlaff wirkt und die Haut ihre fr\u00fchere Elastizit\u00e4t nicht wiedererlangt. Di\u00e4ten helfen beim Abnehmen, aber der Haut\u00fcberschuss bleibt bestehen. Die Abdominoplastik ist ein chirurgischer Eingriff am Bauch, bei dem \u00fcbersch\u00fcssige Haut und Gewebe entfernt werden. Mit diesem Eingriff k\u00f6nnen Sie ein neues, schlankes und attraktives K\u00f6rperbild erhalten. Vorbereitungsphase vor der Operation Sie d\u00fcrfen mindestens 7 Tage vor der Abdominoplastik keine Aspirin oder Schlafmittel einnehmen und keinen Alkohol trinken. Aspirin und andere Schmerzmittel verz\u00f6gern die Blutgerinnungszeit, was zu unerw\u00fcnschten Blutungen f\u00fchren kann. Raucher m\u00fcssen mindestens 4 Wochen vor der Operation den Nikotinkonsum vollst\u00e4ndig einstellen oder stark reduzieren, um den Heilungsprozess nicht zu gef\u00e4hrden. Ablauf der Operation Abdominoplastik-Operationen werden unter Vollnarkose durchgef\u00fchrt. Ein Krankenhausaufenthalt von ein bis zwei Tagen ist erforderlich. Um das \u00fcbersch\u00fcssige Gewebe zu entfernen, wird ein langer Schnitt entlang der Bikinilinie gesetzt. Die Narbe kann sp\u00e4ter von einem Bikini oder Badeanzug verdeckt werden. Bauchstraffungsoperationen d\u00fcrfen nur von sehr erfahrenen \u00c4rzten durchgef\u00fchrt werden. Die Haut wird von den darunter liegenden Muskeln gel\u00f6st, und je nach Fall wird \u00fcbersch\u00fcssige Haut verwendet, um die Bauchwand anzuheben. Zus\u00e4tzlich kann Fettgewebe auch durch Absaugung entfernt werden. Bei der Abdominoplastik wird die Bauchhaut vollst\u00e4ndig nach unten gezogen, sodass der Bauchnabel w\u00e4hrend der Operation angehoben werden muss. Nach der Operation wird die Wunde vern\u00e4ht und ein Verband angelegt, um in den ersten Tagen der postoperativen Phase Schutz zu bieten. W\u00e4hrend der Patient noch in Narkose ist, wird Kompressionsunterw\u00e4sche angelegt. Nach der Operation Die F\u00e4den werden zwei Wochen nach der Operation entfernt, die Kompressionsunterw\u00e4sche muss jedoch etwa vier bis sechs Wochen getragen werden. Die endg\u00fcltigen Ergebnisse sind erst nach einigen Monaten sichtbar. Ihre Vorteile Die Abdominoplastik verleiht Ihnen ein schlankeres und attraktives K\u00f6rperbild.<\/p>\n","protected":false},"author":4,"featured_media":0,"parent":0,"menu_order":0,"comment_status":"closed","ping_status":"closed","template":"","meta":{"_joinchat":[],"footnotes":""},"class_list":["post-2432","page","type-page","status-publish","hentry"],"acf":[],"_links":{"self":[{"href":"https:\/\/medicaltravel.net\/de\/wp-json\/wp\/v2\/pages\/2432","targetHints":{"allow":["GET"]}}],"collection":[{"href":"https:\/\/medicaltravel.net\/de\/wp-json\/wp\/v2\/pages"}],"about":[{"href":"https:\/\/medicaltravel.net\/de\/wp-json\/wp\/v2\/types\/page"}],"author":[{"embeddable":true,"href":"https:\/\/medicaltravel.net\/de\/wp-json\/wp\/v2\/users\/4"}],"replies":[{"embeddable":true,"href":"https:\/\/medicaltravel.net\/de\/wp-json\/wp\/v2\/comments?post=2432"}],"version-history":[{"count":3,"href":"https:\/\/medicaltravel.net\/de\/wp-json\/wp\/v2\/pages\/2432\/revisions"}],"predecessor-version":[{"id":2435,"href":"https:\/\/medicaltravel.net\/de\/wp-json\/wp\/v2\/pages\/2432\/revisions\/2435"}],"wp:attachment":[{"href":"https:\/\/medicaltravel.net\/de\/wp-json\/wp\/v2\/media?parent=2432"}],"curies":[{"name":"wp","href":"https:\/\/api.w.org\/{rel}","templated":true}]}}