{"id":2436,"date":"2025-09-29T08:48:44","date_gmt":"2025-09-29T07:48:44","guid":{"rendered":"https:\/\/medicaltravel.net\/behandlungen-in-der-tuerkei\/"},"modified":"2026-01-10T15:35:03","modified_gmt":"2026-01-10T14:35:03","slug":"behandlungen-in-der-tuerkei","status":"publish","type":"page","link":"https:\/\/medicaltravel.net\/de\/behandlungen-in-der-tuerkei\/","title":{"rendered":"Behandlungen in der T\u00fcrkei"},"content":{"rendered":"\t\t<div data-elementor-type=\"wp-page\" data-elementor-id=\"2436\" class=\"elementor elementor-2436 elementor-11\" data-elementor-post-type=\"page\">\n\t\t\t\t<div class=\"elementor-element elementor-element-389c188f e-flex e-con-boxed wpr-particle-no wpr-jarallax-no wpr-parallax-no wpr-sticky-section-no e-con e-parent\" data-id=\"389c188f\" data-element_type=\"container\" data-e-type=\"container\">\n\t\t\t\t\t<div class=\"e-con-inner\">\n\t\t<div class=\"elementor-element elementor-element-3e67b17 e-con-full e-flex wpr-particle-no wpr-jarallax-no wpr-parallax-no wpr-sticky-section-no e-con e-child\" data-id=\"3e67b17\" data-element_type=\"container\" data-e-type=\"container\">\n\t\t\t\t<div class=\"elementor-element elementor-element-30da2da elementor-widget elementor-widget-button\" data-id=\"30da2da\" data-element_type=\"widget\" data-e-type=\"widget\" data-widget_type=\"button.default\">\n\t\t\t\t\t\t\t\t\t\t<a class=\"elementor-button elementor-button-link elementor-size-sm\" href=\"https:\/\/medicaltravel.net\/de\/behandlungen-in-der-tuerkei\/medizinische-reisen-medizinischer-tourismus-gesundheitstourismus-tuerkei\/\">\n\t\t\t\t\t\t<span class=\"elementor-button-content-wrapper\">\n\t\t\t\t\t\t\t\t\t<span class=\"elementor-button-text\">Medical Travel<\/span>\n\t\t\t\t\t<\/span>\n\t\t\t\t\t<\/a>\n\t\t\t\t\t\t\t\t<\/div>\n\t\t\t\t<div class=\"elementor-element elementor-element-c772def elementor-widget elementor-widget-button\" data-id=\"c772def\" data-element_type=\"widget\" data-e-type=\"widget\" data-widget_type=\"button.default\">\n\t\t\t\t\t\t\t\t\t\t<a class=\"elementor-button elementor-button-link elementor-size-sm\" href=\"https:\/\/medicaltravel.net\/de\/behandlungen-in-der-tuerkei\/laser-fakten\/\">\n\t\t\t\t\t\t<span class=\"elementor-button-content-wrapper\">\n\t\t\t\t\t\t\t\t\t<span class=\"elementor-button-text\">Laser-Fakten<\/span>\n\t\t\t\t\t<\/span>\n\t\t\t\t\t<\/a>\n\t\t\t\t\t\t\t\t<\/div>\n\t\t\t\t<div class=\"elementor-element elementor-element-57f30fa elementor-widget elementor-widget-button\" data-id=\"57f30fa\" data-element_type=\"widget\" data-e-type=\"widget\" data-widget_type=\"button.default\">\n\t\t\t\t\t\t\t\t\t\t<a class=\"elementor-button elementor-button-link elementor-size-sm\" href=\"https:\/\/medicaltravel.net\/de\/behandlungen-in-der-tuerkei\/medizinische-behandlungen-beste-krankenhaeuser-und-kliniken-in-istanbul\/\">\n\t\t\t\t\t\t<span class=\"elementor-button-content-wrapper\">\n\t\t\t\t\t\t\t\t\t<span class=\"elementor-button-text\">St\u00e4dte<\/span>\n\t\t\t\t\t<\/span>\n\t\t\t\t\t<\/a>\n\t\t\t\t\t\t\t\t<\/div>\n\t\t\t\t<div class=\"elementor-element elementor-element-7453a9c elementor-widget elementor-widget-button\" data-id=\"7453a9c\" data-element_type=\"widget\" data-e-type=\"widget\" data-widget_type=\"button.default\">\n\t\t\t\t\t\t\t\t\t\t<a class=\"elementor-button elementor-button-link elementor-size-sm\" href=\"https:\/\/medicaltravel.net\/de\/behandlungen-in-der-tuerkei\/operationstermine-tuerkei-feiertage\/\">\n\t\t\t\t\t\t<span class=\"elementor-button-content-wrapper\">\n\t\t\t\t\t\t\t\t\t<span class=\"elementor-button-text\">Operationstermine<\/span>\n\t\t\t\t\t<\/span>\n\t\t\t\t\t<\/a>\n\t\t\t\t\t\t\t\t<\/div>\n\t\t\t\t<\/div>\n\t\t\t\t<div class=\"elementor-element elementor-element-584502fc elementor-widget elementor-widget-text-editor\" data-id=\"584502fc\" data-element_type=\"widget\" data-e-type=\"widget\" data-widget_type=\"text-editor.default\">\n\t\t\t\t\t\t\t\t\t\n<h3 class=\"wp-block-heading\">Treatments in turkey<\/h3>\n\n<p>Wie w\u00e4re es, wenn Sie ein paar Tage zur Erholung einplanen?<\/p>\n\n<p>Dank unseres Paketprogramms k\u00f6nnen Sie Ihre Augen ohne Brille genie\u00dfen und dabei einen Urlaub erleben. <strong>W\u00e4hrend Ihres Aufenthalts in der T\u00fcrkei <\/strong>wird Ihre Operation zu einer unvergesslichen Erinnerung, an die Sie sich mit Freude an den Urlaub und nicht mit Stress an die Operation erinnern werden. Jedes Jahr kommen Tausende von Patienten nach Istanbul, insbesondere aus Europa. <\/p>\n\n<p>Dank des Urlaubs, den Sie nach Ihrer Operation genie\u00dfen werden, werden Sie nicht nur den Stress der Operation hinter sich lassen, sondern auch die Gelegenheit haben, diese Weltstadt mit Ihren eigenen gesunden Augen zu sehen. Sie werden Ihre allererste Erfahrung einer Weltstadt ohne die Unterst\u00fctzung von Kontaktlinsen oder Brille machen. <\/p>\n\n<figure class=\"wp-block-image size-full\"><img fetchpriority=\"high\" decoding=\"async\" width=\"300\" height=\"206\" class=\"wp-image-148\" src=\"https:\/\/medicaltravel.net\/wp-content\/uploads\/2025\/09\/tuerkei001-300x206-1.jpg\" alt=\"\"><\/figure>\n\n<p id=\"caption-attachment-136\">Befreien Sie sich von Ihrer Brille mit einer Reise nach Istanbul<\/p>\n\n<p>Da empfohlen wird, in den ersten Tagen nach der Operation nicht zu arbeiten, k\u00f6nnen Sie diese Zeit f\u00fcr eine Stadtrundfahrt in der T\u00fcrkei nutzen.<\/p>\n\n<p><strong>Ist dies Ihr erster Besuch in Istanbul? Sehen Sie sich hier das von SF on the Road vorbereitete Istanbul-Programm an! <\/strong><\/p>\n\n<p><strong>Die T\u00fcrkei ruft Sie! Hier finden Sie Informationen \u00fcber die St\u00e4dte Opens internal link in current windowhere. <\/strong><\/p>\n\n<p><strong>Wussten Sie, dass Istanbul im Jahr 2010 die Kulturhauptstadt Europas war? Detaillierte Informationen finden Sie hier. <\/strong><\/p>\n\t\t\t\t\t\t\t\t<\/div>\n\t\t\t\t\t<\/div>\n\t\t\t\t<\/div>\n\t\t\t\t<\/div>\n\t\t","protected":false},"excerpt":{"rendered":"<p>Medical Travel Laser-Fakten St\u00e4dte Operationstermine Treatments in turkey Wie w\u00e4re es, wenn Sie ein paar Tage zur Erholung einplanen? Dank unseres Paketprogramms k\u00f6nnen Sie Ihre Augen ohne Brille genie\u00dfen und dabei einen Urlaub erleben. W\u00e4hrend Ihres Aufenthalts in der T\u00fcrkei wird Ihre Operation zu einer unvergesslichen Erinnerung, an die Sie sich mit Freude an den Urlaub und nicht mit Stress an die Operation erinnern werden. Jedes Jahr kommen Tausende von Patienten nach Istanbul, insbesondere aus Europa. Dank des Urlaubs, den Sie nach Ihrer Operation genie\u00dfen werden, werden Sie nicht nur den Stress der Operation hinter sich lassen, sondern auch die Gelegenheit haben, diese Weltstadt mit Ihren eigenen gesunden Augen zu sehen. Sie werden Ihre allererste Erfahrung einer Weltstadt ohne die Unterst\u00fctzung von Kontaktlinsen oder Brille machen. Befreien Sie sich von Ihrer Brille mit einer Reise nach Istanbul Da empfohlen wird, in den ersten Tagen nach der Operation nicht zu arbeiten, k\u00f6nnen Sie diese Zeit f\u00fcr eine Stadtrundfahrt in der T\u00fcrkei nutzen. Ist dies Ihr erster Besuch in Istanbul? Sehen Sie sich hier das von SF on the Road vorbereitete Istanbul-Programm an! Die T\u00fcrkei ruft Sie! Hier finden Sie Informationen \u00fcber die St\u00e4dte Opens internal link in current windowhere. Wussten Sie, dass Istanbul im Jahr 2010 die Kulturhauptstadt Europas war? Detaillierte Informationen finden Sie hier.<\/p>\n","protected":false},"author":4,"featured_media":0,"parent":0,"menu_order":0,"comment_status":"closed","ping_status":"closed","template":"","meta":{"_joinchat":[],"footnotes":""},"class_list":["post-2436","page","type-page","status-publish","hentry"],"acf":[],"_links":{"self":[{"href":"https:\/\/medicaltravel.net\/de\/wp-json\/wp\/v2\/pages\/2436","targetHints":{"allow":["GET"]}}],"collection":[{"href":"https:\/\/medicaltravel.net\/de\/wp-json\/wp\/v2\/pages"}],"about":[{"href":"https:\/\/medicaltravel.net\/de\/wp-json\/wp\/v2\/types\/page"}],"author":[{"embeddable":true,"href":"https:\/\/medicaltravel.net\/de\/wp-json\/wp\/v2\/users\/4"}],"replies":[{"embeddable":true,"href":"https:\/\/medicaltravel.net\/de\/wp-json\/wp\/v2\/comments?post=2436"}],"version-history":[{"count":5,"href":"https:\/\/medicaltravel.net\/de\/wp-json\/wp\/v2\/pages\/2436\/revisions"}],"predecessor-version":[{"id":2446,"href":"https:\/\/medicaltravel.net\/de\/wp-json\/wp\/v2\/pages\/2436\/revisions\/2446"}],"wp:attachment":[{"href":"https:\/\/medicaltravel.net\/de\/wp-json\/wp\/v2\/media?parent=2436"}],"curies":[{"name":"wp","href":"https:\/\/api.w.org\/{rel}","templated":true}]}}