{"id":2449,"date":"2025-09-29T08:46:57","date_gmt":"2025-09-29T07:46:57","guid":{"rendered":"https:\/\/medicaltravel.net\/hakkimizda\/"},"modified":"2026-01-10T16:33:42","modified_gmt":"2026-01-10T15:33:42","slug":"hakkimizda","status":"publish","type":"page","link":"https:\/\/medicaltravel.net\/tr\/hakkimizda\/","title":{"rendered":"Hakk\u0131m\u0131zda"},"content":{"rendered":"\n<h4 class=\"wp-block-heading\">MEDICALTRAVEL HAKKINDA<\/h4>\n\n<p>MedicalTravel <strong>2006 y\u0131l\u0131ndan beri bir sa\u011fl\u0131k turizmi acentesi<\/strong> olarak faaliyet g\u00f6stermektedir.<\/p>\n\n<p>MedicalTravel, T\u00fcrkiye\u2019de <strong>t\u0131bbi ve organizasyon a\u00e7\u0131s\u0131ndan en y\u00fcksek kalitede<\/strong> istedi\u011finiz tedavi ihtiya\u00e7lar\u0131n\u0131z\u0131 kar\u015f\u0131lamay\u0131 hedeflemektedir. Bu ama\u00e7, T\u00fcrkiye\u2019nin bir\u00e7ok farkl\u0131 \u015fehrine yap\u0131lacak bir gezi ile de birle\u015ftirilebilir. <\/p>\n\n<h4 class=\"wp-block-heading\">Vizyonumuz<\/h4>\n\n<p>Sundu\u011fumuz hizmetlerden ve yapt\u0131rd\u0131\u011f\u0131n\u0131z ameliyat\u0131n kalitesinden <strong>memnun<\/strong> olman\u0131z bizim i\u00e7in birinci \u00f6nceliktir. Ameliyat \u00f6ncesi, s\u0131ras\u0131 ve sonras\u0131nda mutlulu\u011funuz ve sa\u011fl\u0131\u011f\u0131n\u0131z bizim i\u00e7in \u00e7ok \u00f6nemlidir. %100 emin olmad\u0131\u011f\u0131m\u0131z hi\u00e7bir hizmeti sunmay\u0131z.  <\/p>\n\n<h4 class=\"wp-block-heading\">Neden MedicalTravel?<\/h4>\n\n<ul class=\"wp-block-list\">\n<li>Biz T\u00fcrkiye\u2019ye sa\u011fl\u0131k turizmi konusunda uzman\u0131z.<\/li>\n\n\n\n<li>Y\u0131llara dayanan deneyimimiz m\u00fckemmel bir s\u00fcre\u00e7 sunar.<\/li>\n\n\n\n<li>Y\u00fczlerce memnun hasta hizmetlerimizden faydaland\u0131.<\/li>\n\n\n\n<li>A\u2019dan Z\u2019ye kapsaml\u0131 organizasyonumuz sayesinde yapman\u0131z gereken tek \u015fey tedavinizin keyfini \u00e7\u0131karmakt\u0131r.<\/li>\n\n\n\n<li>Ameliyat sonras\u0131 deste\u011fimizden de faydalan\u0131rs\u0131n\u0131z. Her zaman yan\u0131n\u0131zday\u0131z. <\/li>\n\n\n\n<li>Avrupa\u2019da ba\u015fka hi\u00e7bir \u015firketin sunmad\u0131\u011f\u0131 \u00f6n muayeneleri sunuyoruz.<\/li>\n\n\n\n<li>T\u00fcrkiye\u2019nin en iyi hastaneleriyle i\u015f birli\u011fi yapmak bizim i\u00e7in do\u011fal bir \u015firket politikas\u0131d\u0131r.<\/li>\n\n\n\n<li>Orijinal fiyat garantisi sunuyoruz: \u00fccretsiz ve ba\u011flay\u0131c\u0131 olmayan dan\u0131\u015fmanl\u0131k<br\/>\u00d6nceli\u011fimiz insand\u0131r. Ki\u015fiselle\u015ftirilmi\u015f ve samimi dan\u0131\u015fmanl\u0131k hizmetlerimizin keyfini \u00e7\u0131kar\u0131n. <\/li>\n\n\n\n<li>Ameliyat sonras\u0131 memnuniyet anketleri sayesinde s\u00fcrekli olarak geli\u015fen y\u00fcksek kaliteye ula\u015f\u0131r\u0131z.<\/li>\n<\/ul>\n\n<figure class=\"wp-block-image size-full\"><img fetchpriority=\"high\" decoding=\"async\" width=\"200\" height=\"250\" src=\"https:\/\/medicaltravel.net\/wp-content\/uploads\/2025\/09\/portrait_serdarkaraagacli1.jpg\" alt=\"\" class=\"wp-image-143\"\/><\/figure>\n\n<p id=\"caption-attachment-125\">MedicalTravel kurucusu ve CEO&#8217;su Serdar Karaagacl\u0131<\/p>\n\n<h4 class=\"wp-block-heading\">Sa\u011fl\u0131k Turizminde Etik Standartlar<\/h4>\n\n<ul class=\"wp-block-list\">\n<li>Sa\u011fl\u0131k konusunda kaliteden \u00f6d\u00fcn vermeyiz.<\/li>\n\n\n\n<li>Tedaviniz en \u00f6nemli konudur. Bu durumda \u015fehirleri gezmek ise ikincil bir faydad\u0131r. <\/li>\n\n\n\n<li>Asla ciddiyetsiz vaatlerde bulunmay\u0131z.<\/li>\n\n\n\n<li>Sizi bir ameliyata ikna etmek veya y\u00f6nlendirmek i\u00e7in bask\u0131 yapmay\u0131z.<\/li>\n<\/ul>\n\n<p>Amac\u0131m\u0131z, T\u00fcrkiye\u2019nin ola\u011fan\u00fcst\u00fc g\u00fczel d\u00fcnya \u015fehirlerinde t\u0131bbi ve organizasyonel y\u00fcksek kalite sunarak \u201cdaha iyi bir hayat\u201d dile\u011finizi bir tedavi ile ger\u00e7ekle\u015ftirmektir.<\/p>\n\n<p>Misyonumuz: Hizmette m\u00fckemmeliyet!<\/p>\n","protected":false},"excerpt":{"rendered":"<p>MEDICALTRAVEL HAKKINDA MedicalTravel 2006 y\u0131l\u0131ndan beri bir sa\u011fl\u0131k turizmi acentesi olarak faaliyet g\u00f6stermektedir. MedicalTravel, T\u00fcrkiye\u2019de t\u0131bbi ve organizasyon a\u00e7\u0131s\u0131ndan en y\u00fcksek kalitede istedi\u011finiz tedavi ihtiya\u00e7lar\u0131n\u0131z\u0131 kar\u015f\u0131lamay\u0131 hedeflemektedir. Bu ama\u00e7, T\u00fcrkiye\u2019nin bir\u00e7ok farkl\u0131 \u015fehrine yap\u0131lacak bir gezi ile de birle\u015ftirilebilir. Vizyonumuz Sundu\u011fumuz hizmetlerden ve yapt\u0131rd\u0131\u011f\u0131n\u0131z ameliyat\u0131n kalitesinden memnun olman\u0131z bizim i\u00e7in birinci \u00f6nceliktir. Ameliyat \u00f6ncesi, s\u0131ras\u0131 ve sonras\u0131nda mutlulu\u011funuz ve sa\u011fl\u0131\u011f\u0131n\u0131z bizim i\u00e7in \u00e7ok \u00f6nemlidir. %100 emin olmad\u0131\u011f\u0131m\u0131z hi\u00e7bir hizmeti sunmay\u0131z. Neden MedicalTravel? MedicalTravel kurucusu ve CEO&#8217;su Serdar Karaagacl\u0131 Sa\u011fl\u0131k Turizminde Etik Standartlar Amac\u0131m\u0131z, T\u00fcrkiye\u2019nin ola\u011fan\u00fcst\u00fc g\u00fczel d\u00fcnya \u015fehirlerinde t\u0131bbi ve organizasyonel y\u00fcksek kalite sunarak \u201cdaha iyi bir hayat\u201d dile\u011finizi bir tedavi ile ger\u00e7ekle\u015ftirmektir. Misyonumuz: Hizmette m\u00fckemmeliyet!<\/p>\n","protected":false},"author":4,"featured_media":0,"parent":0,"menu_order":0,"comment_status":"closed","ping_status":"closed","template":"","meta":{"_joinchat":[],"footnotes":""},"class_list":["post-2449","page","type-page","status-publish","hentry"],"acf":[],"_links":{"self":[{"href":"https:\/\/medicaltravel.net\/tr\/wp-json\/wp\/v2\/pages\/2449","targetHints":{"allow":["GET"]}}],"collection":[{"href":"https:\/\/medicaltravel.net\/tr\/wp-json\/wp\/v2\/pages"}],"about":[{"href":"https:\/\/medicaltravel.net\/tr\/wp-json\/wp\/v2\/types\/page"}],"author":[{"embeddable":true,"href":"https:\/\/medicaltravel.net\/tr\/wp-json\/wp\/v2\/users\/4"}],"replies":[{"embeddable":true,"href":"https:\/\/medicaltravel.net\/tr\/wp-json\/wp\/v2\/comments?post=2449"}],"version-history":[{"count":1,"href":"https:\/\/medicaltravel.net\/tr\/wp-json\/wp\/v2\/pages\/2449\/revisions"}],"predecessor-version":[{"id":2450,"href":"https:\/\/medicaltravel.net\/tr\/wp-json\/wp\/v2\/pages\/2449\/revisions\/2450"}],"wp:attachment":[{"href":"https:\/\/medicaltravel.net\/tr\/wp-json\/wp\/v2\/media?parent=2449"}],"curies":[{"name":"wp","href":"https:\/\/api.w.org\/{rel}","templated":true}]}}