{"id":2455,"date":"2025-09-29T09:55:37","date_gmt":"2025-09-29T08:55:37","guid":{"rendered":"https:\/\/medicaltravel.net\/acibadem-hastanesi-istanbul\/"},"modified":"2026-01-10T16:59:31","modified_gmt":"2026-01-10T15:59:31","slug":"acibadem-hastanesi-istanbul","status":"publish","type":"page","link":"https:\/\/medicaltravel.net\/tr\/acibadem-hastanesi-istanbul\/","title":{"rendered":"Ac\u0131badem Hastanesi, \u0130stanbul"},"content":{"rendered":"\t\t<div data-elementor-type=\"wp-page\" data-elementor-id=\"2455\" class=\"elementor elementor-2455 elementor-103\" data-elementor-post-type=\"page\">\n\t\t\t\t<div class=\"elementor-element elementor-element-6a7bdfff e-flex e-con-boxed wpr-particle-no wpr-jarallax-no wpr-parallax-no wpr-sticky-section-no e-con e-parent\" data-id=\"6a7bdfff\" data-element_type=\"container\" data-e-type=\"container\">\n\t\t\t\t\t<div class=\"e-con-inner\">\n\t\t<div class=\"elementor-element elementor-element-7e14ece e-con-full e-flex wpr-particle-no wpr-jarallax-no wpr-parallax-no wpr-sticky-section-no e-con e-child\" data-id=\"7e14ece\" data-element_type=\"container\" data-e-type=\"container\">\n\t\t\t\t<div class=\"elementor-element elementor-element-3c7c860 elementor-widget elementor-widget-button\" data-id=\"3c7c860\" data-element_type=\"widget\" data-e-type=\"widget\" data-widget_type=\"button.default\">\n\t\t\t\t\t\t\t\t\t\t<a class=\"elementor-button elementor-button-link elementor-size-sm\" href=\"https:\/\/medicaltravel.net\/tr\/acibadem-hastanesi-istanbul\/\">\n\t\t\t\t\t\t<span class=\"elementor-button-content-wrapper\">\n\t\t\t\t\t\t\t\t\t<span class=\"elementor-button-text\">Acibadem<\/span>\n\t\t\t\t\t<\/span>\n\t\t\t\t\t<\/a>\n\t\t\t\t\t\t\t\t<\/div>\n\t\t\t\t<div class=\"elementor-element elementor-element-7bad087 elementor-widget elementor-widget-button\" data-id=\"7bad087\" data-element_type=\"widget\" data-e-type=\"widget\" data-widget_type=\"button.default\">\n\t\t\t\t\t\t\t\t\t\t<a class=\"elementor-button elementor-button-link elementor-size-sm\" href=\"https:\/\/medicaltravel.net\/liv_hospital_istanbul\/\">\n\t\t\t\t\t\t<span class=\"elementor-button-content-wrapper\">\n\t\t\t\t\t\t\t\t\t<span class=\"elementor-button-text\">Liv<\/span>\n\t\t\t\t\t<\/span>\n\t\t\t\t\t<\/a>\n\t\t\t\t\t\t\t\t<\/div>\n\t\t\t\t<div class=\"elementor-element elementor-element-139d70a elementor-widget elementor-widget-button\" data-id=\"139d70a\" data-element_type=\"widget\" data-e-type=\"widget\" data-widget_type=\"button.default\">\n\t\t\t\t\t\t\t\t\t\t<a class=\"elementor-button elementor-button-link elementor-size-sm\" href=\"https:\/\/medicaltravel.net\/hospitals-in-antalya\/\">\n\t\t\t\t\t\t<span class=\"elementor-button-content-wrapper\">\n\t\t\t\t\t\t\t\t\t<span class=\"elementor-button-text\">Antalya<\/span>\n\t\t\t\t\t<\/span>\n\t\t\t\t\t<\/a>\n\t\t\t\t\t\t\t\t<\/div>\n\t\t\t\t<div class=\"elementor-element elementor-element-bdcb0da elementor-widget elementor-widget-button\" data-id=\"bdcb0da\" data-element_type=\"widget\" data-e-type=\"widget\" data-widget_type=\"button.default\">\n\t\t\t\t\t\t\t\t\t\t<a class=\"elementor-button elementor-button-link elementor-size-sm\" href=\"https:\/\/medicaltravel.net\/hospital-in-izmir\/\">\n\t\t\t\t\t\t<span class=\"elementor-button-content-wrapper\">\n\t\t\t\t\t\t\t\t\t<span class=\"elementor-button-text\"> Izmir<\/span>\n\t\t\t\t\t<\/span>\n\t\t\t\t\t<\/a>\n\t\t\t\t\t\t\t\t<\/div>\n\t\t\t\t<div class=\"elementor-element elementor-element-b564963 elementor-widget elementor-widget-button\" data-id=\"b564963\" data-element_type=\"widget\" data-e-type=\"widget\" data-widget_type=\"button.default\">\n\t\t\t\t\t\t\t\t\t\t<a class=\"elementor-button elementor-button-link elementor-size-sm\" href=\"https:\/\/medicaltravel.net\/hospital-in-bodrum\/\">\n\t\t\t\t\t\t<span class=\"elementor-button-content-wrapper\">\n\t\t\t\t\t\t\t\t\t<span class=\"elementor-button-text\">Bodrum<\/span>\n\t\t\t\t\t<\/span>\n\t\t\t\t\t<\/a>\n\t\t\t\t\t\t\t\t<\/div>\n\t\t\t\t<div class=\"elementor-element elementor-element-d64a49b elementor-widget elementor-widget-button\" data-id=\"d64a49b\" data-element_type=\"widget\" data-e-type=\"widget\" data-widget_type=\"button.default\">\n\t\t\t\t\t\t\t\t\t\t<a class=\"elementor-button elementor-button-link elementor-size-sm\" href=\"https:\/\/medicaltravel.net\/rommer-rehabilitation-center-turkey\/\">\n\t\t\t\t\t\t<span class=\"elementor-button-content-wrapper\">\n\t\t\t\t\t\t\t\t\t<span class=\"elementor-button-text\">Rommer Bursa<\/span>\n\t\t\t\t\t<\/span>\n\t\t\t\t\t<\/a>\n\t\t\t\t\t\t\t\t<\/div>\n\t\t\t\t<\/div>\n\t\t\t\t<div class=\"elementor-element elementor-element-35399893 elementor-widget elementor-widget-text-editor\" data-id=\"35399893\" data-element_type=\"widget\" data-e-type=\"widget\" data-widget_type=\"text-editor.default\">\n\t\t\t\t\t\t\t\t\t<h3 class=\"wp-block-heading\">Ac\u0131badem Hastaneleri, \u0130stanbul<\/h3>\n<p><strong><a href=\"https:\/\/en.wikipedia.org\/wiki\/Ac%C4%B1badem_Healthcare_Group\" target=\"_blank\" rel=\"noreferrer noopener\">Ac\u0131badem Hastanesi<\/a><\/strong>, \u0130stanbul\u2019da en yeni ekipman ve teknolojiye sahiptir. Ayn\u0131 zamanda \u0130stanbul\u2019un en prestijli \u00f6zel hastanelerinden biridir ve T\u00fcrkiye\u2019nin ilk 100 \u015firketi listesinde yer almaktad\u0131r. Ayr\u0131ca, Ac\u0131badem Sa\u011fl\u0131k Grubu her y\u0131l b\u00fcy\u00fcmekte ve geli\u015fmektedir. Bu hastane, <strong>AB\u2019nin hijyen standartlar\u0131n\u0131n \u00e7ok \u00fczerinde<\/strong> olup, uzman doktorlar ve cerrahlar taraf\u0131ndan ilgilenilirsiniz.   <\/p>\n<figure class=\"wp-block-image size-full\"><img fetchpriority=\"high\" decoding=\"async\" width=\"448\" height=\"299\" class=\"wp-image-269\" src=\"https:\/\/medicaltravel.net\/wp-content\/uploads\/2025\/09\/MG_5681_maslak_innegebaeude_01.jpg\" alt=\"\" srcset=\"https:\/\/medicaltravel.net\/wp-content\/uploads\/2025\/09\/MG_5681_maslak_innegebaeude_01.jpg 448w, https:\/\/medicaltravel.net\/wp-content\/uploads\/2025\/09\/MG_5681_maslak_innegebaeude_01-300x200.jpg 300w\" sizes=\"(max-width: 448px) 100vw, 448px\" \/><\/figure>\n<p id=\"caption-attachment-144\">Modern Ac\u0131badem Hastanesi<\/p>\n<figure class=\"wp-block-image size-full\"><img decoding=\"async\" width=\"448\" height=\"298\" class=\"wp-image-270\" src=\"https:\/\/medicaltravel.net\/wp-content\/uploads\/2025\/09\/spital_inne_K_H_E_A_seite_2.jpg\" alt=\"\" srcset=\"https:\/\/medicaltravel.net\/wp-content\/uploads\/2025\/09\/spital_inne_K_H_E_A_seite_2.jpg 448w, https:\/\/medicaltravel.net\/wp-content\/uploads\/2025\/09\/spital_inne_K_H_E_A_seite_2-300x200.jpg 300w\" sizes=\"(max-width: 448px) 100vw, 448px\" \/><\/figure>\n<p id=\"caption-attachment-145\">L\u00fcks Ac\u0131badem Hastanesi<\/p>\n<p>Hastanede <strong>24 farkl\u0131 t\u0131bbi merkez<\/strong> bulunmakta ve bunlar\u0131n \u00e7o\u011fu \u0130stanbul\u2019dad\u0131r. \u0130stanbul ve T\u00fcrkiye genelinde y\u00fcksek sosyetenin ilk t\u0131bbi tercihidir. <strong>T\u00fcrk milli futbol tak\u0131m\u0131<\/strong> ve Fenerbah\u00e7e, Galatasaray veya Be\u015fikta\u015f gibi tan\u0131nm\u0131\u015f futbol kul\u00fcpleri de Ac\u0131badem\u2019in t\u0131bbi korumas\u0131 alt\u0131ndad\u0131r. <\/p>\n<p>Ac\u0131badem Hastanesi, sa\u011fl\u0131k alan\u0131nda uluslararas\u0131 kalite standartlar\u0131n\u0131 belirleyen ABD JCI (Joint Commission International) taraf\u0131ndan akreditasyon sertifikas\u0131 alm\u0131\u015ft\u0131r.<\/p>\n<p>Ac\u0131badem Hastanesi, s\u00fcrekli geli\u015fen teknolojik ve bilimsel yeniliklerin yan\u0131 s\u0131ra uzman estetik cerrahlar da dahil <strong>olmak \u00fczere 1600\u2019den fazla \u00e7ok iyi e\u011fitimli doktora<\/strong> sahiptir.<\/p>\n<figure class=\"wp-block-image size-full\"><img decoding=\"async\" width=\"80\" height=\"80\" class=\"wp-image-272\" src=\"https:\/\/medicaltravel.net\/wp-content\/uploads\/2025\/09\/RTEmagicC_jc_goldseal-1040x1040_converted__1__85.jpg.jpg\" alt=\"\"><\/figure>\n<figure class=\"wp-block-image size-full\"><img loading=\"lazy\" decoding=\"async\" width=\"448\" height=\"299\" class=\"wp-image-271\" src=\"https:\/\/medicaltravel.net\/wp-content\/uploads\/2025\/09\/MG_5240.jpg\" alt=\"\" srcset=\"https:\/\/medicaltravel.net\/wp-content\/uploads\/2025\/09\/MG_5240.jpg 448w, https:\/\/medicaltravel.net\/wp-content\/uploads\/2025\/09\/MG_5240-300x200.jpg 300w\" sizes=\"(max-width: 448px) 100vw, 448px\" \/><\/figure>\n<p id=\"caption-attachment-146\">A+ s\u0131n\u0131f\u0131 Ac\u0131badem Hastanesi<\/p>\n<p><strong>\u0130stanbul\u2019da Ac\u0131badem Hastanesi\u2019ni neden tercih etmelisiniz?<\/strong><\/p>\n<p>Hastane:<\/p>\n<ul class=\"wp-block-list\">\n<li>Joint Commission International\u2019dan al\u0131nan ve uluslararas\u0131 t\u0131bbi kalite standartlar\u0131n\u0131 belirleyen akreditasyon belgesine sahiptir.<\/li>\n<li>Avrupa Kalite Y\u00f6netimi Vakf\u0131 (European Foundation for Quality Management) \u00fcyesidir.<\/li>\n<li>T\u00fcrk milli futbol tak\u0131m\u0131n\u0131n t\u0131bbi sponsoru olup.<\/li>\n<li>10.500 ki\u015fiyi istihdam etmekte ve bunlar\u0131n 1.600\u2019\u00fc doktordur.<\/li>\n<li>T\u00fcrkiye\u2019de 24\u2019ten fazla t\u0131bbi merkeze sahiptir.<\/li>\n<li>T\u00fcrkiye\u2019nin ilk 100 \u015firketinden biridir.<\/li>\n<li>Her t\u00fcrl\u00fc t\u0131bbi tedaviyi sunmaktad\u0131r.<\/li>\n<li>Estetik cerrahi, t\u00fcp bebek, lazer g\u00f6z tedavisi ve sa\u00e7 ekimi gibi hizmetleriyle tan\u0131nmaktad\u0131r.<\/li>\n<li>\u0130ngilizce de dahil olmak \u00fczere bir\u00e7ok dilde \u00e7eviri hizmeti sunmaktad\u0131r. Doktorlar ayn\u0131 zamanda \u00e7ok iyi \u0130ngilizce konu\u015fmaktad\u0131r. <\/li>\n<\/ul>\n<p>Hastanenin sundu\u011fu geni\u015f hizmet yelpazesi, hastalara \u00e7e\u015fitli tedavi olanaklar\u0131 sa\u011flar. Geni\u015f deneyimi sayesinde bu hastane, y\u00fcksek kalite ve hizmet beklentilerinizi kar\u015f\u0131lar. <\/p>\n<p>Sa\u011fl\u0131\u011f\u0131n\u0131z ve g\u00fczelli\u011finiz s\u00f6z konusu oldu\u011funda her \u015fey do\u011fru olmal\u0131d\u0131r. \u0130yi organize edilmi\u015f cerrahi operasyonlar, iyi ve kal\u0131c\u0131 sonu\u00e7lar i\u00e7in \u00f6nemlidir. Estetik cerrahiler yaln\u0131zca Avrupa Rekonstr\u00fcktif ve Estetik Cerrahi Kurulu\u2019ndan mesleki yeterlilik sertifikas\u0131na sahip deneyimli estetik cerrahlar taraf\u0131ndan ger\u00e7ekle\u015ftirilir.  <\/p>\t\t\t\t\t\t\t\t<\/div>\n\t\t\t\t\t<\/div>\n\t\t\t\t<\/div>\n\t\t\t\t<\/div>\n\t\t","protected":false},"excerpt":{"rendered":"<p>Acibadem Liv Antalya Izmir Bodrum Rommer Bursa Ac\u0131badem Hastaneleri, \u0130stanbul Ac\u0131badem Hastanesi, \u0130stanbul\u2019da en yeni ekipman ve teknolojiye sahiptir. Ayn\u0131 zamanda \u0130stanbul\u2019un en prestijli \u00f6zel hastanelerinden biridir ve T\u00fcrkiye\u2019nin ilk 100 \u015firketi listesinde yer almaktad\u0131r. Ayr\u0131ca, Ac\u0131badem Sa\u011fl\u0131k Grubu her y\u0131l b\u00fcy\u00fcmekte ve geli\u015fmektedir. Bu hastane, AB\u2019nin hijyen standartlar\u0131n\u0131n \u00e7ok \u00fczerinde olup, uzman doktorlar ve cerrahlar taraf\u0131ndan ilgilenilirsiniz. Modern Ac\u0131badem Hastanesi L\u00fcks Ac\u0131badem Hastanesi Hastanede 24 farkl\u0131 t\u0131bbi merkez bulunmakta ve bunlar\u0131n \u00e7o\u011fu \u0130stanbul\u2019dad\u0131r. \u0130stanbul ve T\u00fcrkiye genelinde y\u00fcksek sosyetenin ilk t\u0131bbi tercihidir. T\u00fcrk milli futbol tak\u0131m\u0131 ve Fenerbah\u00e7e, Galatasaray veya Be\u015fikta\u015f gibi tan\u0131nm\u0131\u015f futbol kul\u00fcpleri de Ac\u0131badem\u2019in t\u0131bbi korumas\u0131 alt\u0131ndad\u0131r. Ac\u0131badem Hastanesi, sa\u011fl\u0131k alan\u0131nda uluslararas\u0131 kalite standartlar\u0131n\u0131 belirleyen ABD JCI (Joint Commission International) taraf\u0131ndan akreditasyon sertifikas\u0131 alm\u0131\u015ft\u0131r. Ac\u0131badem Hastanesi, s\u00fcrekli geli\u015fen teknolojik ve bilimsel yeniliklerin yan\u0131 s\u0131ra uzman estetik cerrahlar da dahil olmak \u00fczere 1600\u2019den fazla \u00e7ok iyi e\u011fitimli doktora sahiptir. A+ s\u0131n\u0131f\u0131 Ac\u0131badem Hastanesi \u0130stanbul\u2019da Ac\u0131badem Hastanesi\u2019ni neden tercih etmelisiniz? Hastane: Joint Commission International\u2019dan al\u0131nan ve uluslararas\u0131 t\u0131bbi kalite standartlar\u0131n\u0131 belirleyen akreditasyon belgesine sahiptir. Avrupa Kalite Y\u00f6netimi Vakf\u0131 (European Foundation for Quality Management) \u00fcyesidir. T\u00fcrk milli futbol tak\u0131m\u0131n\u0131n t\u0131bbi sponsoru olup. 10.500 ki\u015fiyi istihdam etmekte ve bunlar\u0131n 1.600\u2019\u00fc doktordur. T\u00fcrkiye\u2019de 24\u2019ten fazla t\u0131bbi merkeze sahiptir. T\u00fcrkiye\u2019nin ilk 100 \u015firketinden biridir. Her t\u00fcrl\u00fc t\u0131bbi tedaviyi sunmaktad\u0131r. Estetik cerrahi, t\u00fcp bebek, lazer g\u00f6z tedavisi ve sa\u00e7 ekimi gibi hizmetleriyle tan\u0131nmaktad\u0131r. \u0130ngilizce de dahil olmak \u00fczere bir\u00e7ok dilde \u00e7eviri hizmeti sunmaktad\u0131r. Doktorlar ayn\u0131 zamanda \u00e7ok iyi \u0130ngilizce konu\u015fmaktad\u0131r. Hastanenin sundu\u011fu geni\u015f hizmet yelpazesi, hastalara \u00e7e\u015fitli tedavi olanaklar\u0131 sa\u011flar. Geni\u015f deneyimi sayesinde bu hastane, y\u00fcksek kalite ve hizmet beklentilerinizi kar\u015f\u0131lar. Sa\u011fl\u0131\u011f\u0131n\u0131z ve g\u00fczelli\u011finiz s\u00f6z konusu oldu\u011funda her \u015fey do\u011fru olmal\u0131d\u0131r. \u0130yi organize edilmi\u015f cerrahi operasyonlar, iyi ve kal\u0131c\u0131 sonu\u00e7lar i\u00e7in \u00f6nemlidir. Estetik cerrahiler yaln\u0131zca Avrupa Rekonstr\u00fcktif ve Estetik Cerrahi Kurulu\u2019ndan mesleki yeterlilik sertifikas\u0131na sahip deneyimli estetik cerrahlar taraf\u0131ndan ger\u00e7ekle\u015ftirilir.<\/p>\n","protected":false},"author":4,"featured_media":0,"parent":0,"menu_order":0,"comment_status":"closed","ping_status":"closed","template":"","meta":{"_joinchat":[],"footnotes":""},"class_list":["post-2455","page","type-page","status-publish","hentry"],"acf":[],"_links":{"self":[{"href":"https:\/\/medicaltravel.net\/tr\/wp-json\/wp\/v2\/pages\/2455","targetHints":{"allow":["GET"]}}],"collection":[{"href":"https:\/\/medicaltravel.net\/tr\/wp-json\/wp\/v2\/pages"}],"about":[{"href":"https:\/\/medicaltravel.net\/tr\/wp-json\/wp\/v2\/types\/page"}],"author":[{"embeddable":true,"href":"https:\/\/medicaltravel.net\/tr\/wp-json\/wp\/v2\/users\/4"}],"replies":[{"embeddable":true,"href":"https:\/\/medicaltravel.net\/tr\/wp-json\/wp\/v2\/comments?post=2455"}],"version-history":[{"count":1,"href":"https:\/\/medicaltravel.net\/tr\/wp-json\/wp\/v2\/pages\/2455\/revisions"}],"predecessor-version":[{"id":2456,"href":"https:\/\/medicaltravel.net\/tr\/wp-json\/wp\/v2\/pages\/2455\/revisions\/2456"}],"wp:attachment":[{"href":"https:\/\/medicaltravel.net\/tr\/wp-json\/wp\/v2\/media?parent=2455"}],"curies":[{"name":"wp","href":"https:\/\/api.w.org\/{rel}","templated":true}]}}