{"id":2458,"date":"2025-09-29T09:46:07","date_gmt":"2025-09-29T08:46:07","guid":{"rendered":"https:\/\/medicaltravel.net\/guzellik-operasyonlari\/"},"modified":"2026-01-10T17:21:02","modified_gmt":"2026-01-10T16:21:02","slug":"guzellik-operasyonlari","status":"publish","type":"page","link":"https:\/\/medicaltravel.net\/tr\/guzellik-operasyonlari\/","title":{"rendered":"G\u00fczellik Operasyonlar\u0131"},"content":{"rendered":"\t\t<div data-elementor-type=\"wp-page\" data-elementor-id=\"2458\" class=\"elementor elementor-2458 elementor-81\" data-elementor-post-type=\"page\">\n\t\t\t\t<div class=\"elementor-element elementor-element-3cee63f6 e-flex e-con-boxed wpr-particle-no wpr-jarallax-no wpr-parallax-no wpr-sticky-section-no e-con e-parent\" data-id=\"3cee63f6\" data-element_type=\"container\" data-e-type=\"container\">\n\t\t\t\t\t<div class=\"e-con-inner\">\n\t\t<div class=\"elementor-element elementor-element-b39f98b e-con-full e-flex wpr-particle-no wpr-jarallax-no wpr-parallax-no wpr-sticky-section-no e-con e-child\" data-id=\"b39f98b\" data-element_type=\"container\" data-e-type=\"container\">\n\t\t\t\t<div class=\"elementor-element elementor-element-de87000 elementor-widget elementor-widget-button\" data-id=\"de87000\" data-element_type=\"widget\" data-e-type=\"widget\" data-widget_type=\"button.default\">\n\t\t\t\t\t\t\t\t\t\t<a class=\"elementor-button elementor-button-link elementor-size-sm\" href=\"https:\/\/medicaltravel.net\/tr\/guzellik-operasyonlari\/\">\n\t\t\t\t\t\t<span class=\"elementor-button-content-wrapper\">\n\t\t\t\t\t\t\t\t\t<span class=\"elementor-button-text\">G\u00fczellik Operasyonlar\u0131<\/span>\n\t\t\t\t\t<\/span>\n\t\t\t\t\t<\/a>\n\t\t\t\t\t\t\t\t<\/div>\n\t\t\t\t<div class=\"elementor-element elementor-element-d8a72d6 elementor-widget elementor-widget-button\" data-id=\"d8a72d6\" data-element_type=\"widget\" data-e-type=\"widget\" data-widget_type=\"button.default\">\n\t\t\t\t\t\t\t\t\t\t<a class=\"elementor-button elementor-button-link elementor-size-sm\" href=\"https:\/\/medicaltravel.net\/breast-ops\/\">\n\t\t\t\t\t\t<span class=\"elementor-button-content-wrapper\">\n\t\t\t\t\t\t\t\t\t<span class=\"elementor-button-text\">Hizmet Yelpazesi<\/span>\n\t\t\t\t\t<\/span>\n\t\t\t\t\t<\/a>\n\t\t\t\t\t\t\t\t<\/div>\n\t\t\t\t<div class=\"elementor-element elementor-element-5ef62ab elementor-widget elementor-widget-button\" data-id=\"5ef62ab\" data-element_type=\"widget\" data-e-type=\"widget\" data-widget_type=\"button.default\">\n\t\t\t\t\t\t\t\t\t\t<a class=\"elementor-button elementor-button-link elementor-size-sm\" href=\"https:\/\/medicaltravel.net\/offer\/\">\n\t\t\t\t\t\t<span class=\"elementor-button-content-wrapper\">\n\t\t\t\t\t\t\t\t\t<span class=\"elementor-button-text\">Teklif<\/span>\n\t\t\t\t\t<\/span>\n\t\t\t\t\t<\/a>\n\t\t\t\t\t\t\t\t<\/div>\n\t\t\t\t<div class=\"elementor-element elementor-element-2b073f5 elementor-widget elementor-widget-button\" data-id=\"2b073f5\" data-element_type=\"widget\" data-e-type=\"widget\" data-widget_type=\"button.default\">\n\t\t\t\t\t\t\t\t\t\t<a class=\"elementor-button elementor-button-link elementor-size-sm\" href=\"https:\/\/medicaltravel.net\/prices\/\">\n\t\t\t\t\t\t<span class=\"elementor-button-content-wrapper\">\n\t\t\t\t\t\t\t\t\t<span class=\"elementor-button-text\">Fiyatlar<\/span>\n\t\t\t\t\t<\/span>\n\t\t\t\t\t<\/a>\n\t\t\t\t\t\t\t\t<\/div>\n\t\t\t\t<\/div>\n\t\t\t\t<div class=\"elementor-element elementor-element-5932eef9 elementor-widget elementor-widget-text-editor\" data-id=\"5932eef9\" data-element_type=\"widget\" data-e-type=\"widget\" data-widget_type=\"text-editor.default\">\n\t\t\t\t\t\t\t\t\t\n<ul class=\"wp-block-list\"><\/ul>\n<h3 class=\"wp-block-heading\">G\u00dcZELL\u0130K TUR\u0130ZM\u0130 T\u00dcRK\u0130YE\u2019YE<\/h3>\n\n<figure class=\"wp-block-image size-full\"><img fetchpriority=\"high\" decoding=\"async\" width=\"403\" height=\"268\" class=\"wp-image-238\" src=\"https:\/\/medicaltravel.net\/wp-content\/uploads\/2025\/09\/csm_estetik_internet_a7b0dc28fc.jpg\" alt=\"\" srcset=\"https:\/\/medicaltravel.net\/wp-content\/uploads\/2025\/09\/csm_estetik_internet_a7b0dc28fc.jpg 403w, https:\/\/medicaltravel.net\/wp-content\/uploads\/2025\/09\/csm_estetik_internet_a7b0dc28fc-300x200.jpg 300w\" sizes=\"(max-width: 403px) 100vw, 403px\" \/><\/figure>\n\n<p id=\"caption-attachment-420\">T\u00fcrkiye\u2019de titiz bir tedavi g\u00f6receksiniz.<\/p>\n\n<h3 class=\"wp-block-heading\">ESTET\u0130K CERRAH\u0130LER \u0130STANBUL VE ANTALYA\u2019DA<\/h3>\n\n<p><strong>\u0130stanbul, \u0130zmir, Bodrum ve Antalya<\/strong>\u2019da y\u00fcksek kaliteli estetik cerrahiler sunuyoruz.<\/p>\n\n<p>Di\u011fer \u00fclkelere k\u0131yasla <strong>estetik ameliyatlar<\/strong> \u0130svi\u00e7re, Almanya ve t\u00fcm Avrupa genelinde giderek daha pahal\u0131 hale geliyor uzun s\u00fcre \u0130svi\u00e7re veya Almanya\u2019da tedavi i\u00e7in beklemekten ve a\u015f\u0131r\u0131 y\u00fcksek fiyatlara katlanamayan hastalar i\u00e7in mant\u0131kl\u0131 bir se\u00e7enek var <strong>T\u00fcrkiye\u2019de ayn\u0131 tedavi y\u00f6ntemleri<\/strong> ve <strong>ekipmanlarla y\u00fcksek kaliteli estetik ameliyatlar\u0131<\/strong> makul ve uygun fiyatlarla yapt\u0131rabilirsiniz    <\/p>\n\n<p>Size tedavinizi T\u00fcrkiye\u2019deki en iyi hastanelerden biri olan Ac\u0131badem Hastanesi veya Talya Hastanesi\u2019nde alman\u0131z\u0131 sa\u011fl\u0131yoruz Talep edilmesi halinde u\u00e7ak ve otel rezervasyonu da sa\u011fl\u0131yoruz Detayl\u0131 bilgiyi burada bulabilirsiniz  <\/p>\n\n<p><strong>T\u00fcrkiye\u2019de \u0130stanbul, Antalya, Bodrum veya \u0130zmir\u2019i neden tercih etmelisiniz<\/strong><\/p>\n\n<p>Bu \u015fehirler <strong>sa\u011fl\u0131k turizminde g\u00fcvenilir k\u00fcresel merkezler haline geldi<\/strong> Her ay binlerce hasta daha kaliteli bir ortamda ve daha uygun fiyatlarla tedavi olmak i\u00e7in T\u00fcrkiye\u2019ye seyahat ediyor <\/p>\n\n<p>Bu \u015fehirlerdeki doktorlar yurt d\u0131\u015f\u0131nda \u00e7al\u0131\u015f\u0131yor ve e\u011fitimlerinin bir par\u00e7as\u0131 olarak yurt d\u0131\u015f\u0131nda da \u00f6\u011frenim g\u00f6r\u00fcyorlar K\u00fcresel t\u0131bbi geli\u015fmeler alan\u0131nda aktif bir sesleri var <\/p>\n\n<p>Geli\u015fmi\u015f ve son derece modern sa\u011fl\u0131k kurumlar\u0131n\u0131n yan\u0131 s\u0131ra bu \u015fehirler bir\u00e7ok turistik mekan da sunuyor K\u00fclt\u00fcrler Bat\u0131 ve Do\u011fu ile ba\u011flant\u0131l\u0131d\u0131r Tedavi s\u00fcresince t\u00fcm g\u00fcn\u00fcn\u00fcz\u00fc hastanede ge\u00e7irmeyece\u011finiz i\u00e7in bu canl\u0131 d\u00fcnya \u015fehirlerini ziyaret etmek i\u00e7in \u00e7ok zaman\u0131n\u0131z olacak \u015eehirler hakk\u0131nda detayl\u0131 bilgiyi burada bulabilirsiniz   <\/p>\n\n<p>T\u00fcrk insan\u0131 turistlere kar\u015f\u0131 \u00e7ok misafirperverdir ve bu konaklaman\u0131za ekstra bir keyif katacakt\u0131r<\/p>\n\n<p>Estetik Cerrah unvan\u0131 Almanya ve \u0130svi\u00e7re gibi \u00e7o\u011fu Avrupa \u00fclkesinde koruma alt\u0131nda de\u011fildir; lisansl\u0131 bir doktor olsun veya gerekli uzmanl\u0131k ve deneyime sahip olsun, herkes kendine estetik cerrah diyebilir<\/p>\n\n<p>Bu durum Bat\u0131 Avrupa\u2019da b\u00fcy\u00fck \u00f6l\u00e7\u00fcde yayg\u0131n olmas\u0131na ra\u011fmen, T\u00fcrkiye\u2019de \u00e7ok s\u0131k\u0131 bir denetim vard\u0131r T\u00fcrkiye\u2019de bir estetik cerrah, cerrahi e\u011fitimini tamamlam\u0131\u015f ve en az 5 y\u0131l deneyime sahip bir doktordur Sadece bu ko\u015fullar\u0131 sa\u011flad\u0131ktan sonra rekonstr\u00fcktif ve estetik cerrahi e\u011fitimi almas\u0131na izin verilir  <\/p>\n\n<p><strong>Bu nedenle T\u00fcrkiye\u2019deki estetik cerrahlar \u00e7ok iyi e\u011fitimlidir ve itibarlar\u0131n\u0131 hak ederler<\/strong><\/p>\n\t\t\t\t\t\t\t\t<\/div>\n\t\t\t\t\t<\/div>\n\t\t\t\t<\/div>\n\t\t\t\t<\/div>\n\t\t","protected":false},"excerpt":{"rendered":"<p>G\u00fczellik Operasyonlar\u0131 Hizmet Yelpazesi Teklif Fiyatlar G\u00dcZELL\u0130K TUR\u0130ZM\u0130 T\u00dcRK\u0130YE\u2019YE T\u00fcrkiye\u2019de titiz bir tedavi g\u00f6receksiniz. ESTET\u0130K CERRAH\u0130LER \u0130STANBUL VE ANTALYA\u2019DA \u0130stanbul, \u0130zmir, Bodrum ve Antalya\u2019da y\u00fcksek kaliteli estetik cerrahiler sunuyoruz. Di\u011fer \u00fclkelere k\u0131yasla estetik ameliyatlar \u0130svi\u00e7re, Almanya ve t\u00fcm Avrupa genelinde giderek daha pahal\u0131 hale geliyor uzun s\u00fcre \u0130svi\u00e7re veya Almanya\u2019da tedavi i\u00e7in beklemekten ve a\u015f\u0131r\u0131 y\u00fcksek fiyatlara katlanamayan hastalar i\u00e7in mant\u0131kl\u0131 bir se\u00e7enek var T\u00fcrkiye\u2019de ayn\u0131 tedavi y\u00f6ntemleri ve ekipmanlarla y\u00fcksek kaliteli estetik ameliyatlar\u0131 makul ve uygun fiyatlarla yapt\u0131rabilirsiniz Size tedavinizi T\u00fcrkiye\u2019deki en iyi hastanelerden biri olan Ac\u0131badem Hastanesi veya Talya Hastanesi\u2019nde alman\u0131z\u0131 sa\u011fl\u0131yoruz Talep edilmesi halinde u\u00e7ak ve otel rezervasyonu da sa\u011fl\u0131yoruz Detayl\u0131 bilgiyi burada bulabilirsiniz T\u00fcrkiye\u2019de \u0130stanbul, Antalya, Bodrum veya \u0130zmir\u2019i neden tercih etmelisiniz Bu \u015fehirler sa\u011fl\u0131k turizminde g\u00fcvenilir k\u00fcresel merkezler haline geldi Her ay binlerce hasta daha kaliteli bir ortamda ve daha uygun fiyatlarla tedavi olmak i\u00e7in T\u00fcrkiye\u2019ye seyahat ediyor Bu \u015fehirlerdeki doktorlar yurt d\u0131\u015f\u0131nda \u00e7al\u0131\u015f\u0131yor ve e\u011fitimlerinin bir par\u00e7as\u0131 olarak yurt d\u0131\u015f\u0131nda da \u00f6\u011frenim g\u00f6r\u00fcyorlar K\u00fcresel t\u0131bbi geli\u015fmeler alan\u0131nda aktif bir sesleri var Geli\u015fmi\u015f ve son derece modern sa\u011fl\u0131k kurumlar\u0131n\u0131n yan\u0131 s\u0131ra bu \u015fehirler bir\u00e7ok turistik mekan da sunuyor K\u00fclt\u00fcrler Bat\u0131 ve Do\u011fu ile ba\u011flant\u0131l\u0131d\u0131r Tedavi s\u00fcresince t\u00fcm g\u00fcn\u00fcn\u00fcz\u00fc hastanede ge\u00e7irmeyece\u011finiz i\u00e7in bu canl\u0131 d\u00fcnya \u015fehirlerini ziyaret etmek i\u00e7in \u00e7ok zaman\u0131n\u0131z olacak \u015eehirler hakk\u0131nda detayl\u0131 bilgiyi burada bulabilirsiniz T\u00fcrk insan\u0131 turistlere kar\u015f\u0131 \u00e7ok misafirperverdir ve bu konaklaman\u0131za ekstra bir keyif katacakt\u0131r Estetik Cerrah unvan\u0131 Almanya ve \u0130svi\u00e7re gibi \u00e7o\u011fu Avrupa \u00fclkesinde koruma alt\u0131nda de\u011fildir; lisansl\u0131 bir doktor olsun veya gerekli uzmanl\u0131k ve deneyime sahip olsun, herkes kendine estetik cerrah diyebilir Bu durum Bat\u0131 Avrupa\u2019da b\u00fcy\u00fck \u00f6l\u00e7\u00fcde yayg\u0131n olmas\u0131na ra\u011fmen, T\u00fcrkiye\u2019de \u00e7ok s\u0131k\u0131 bir denetim vard\u0131r T\u00fcrkiye\u2019de bir estetik cerrah, cerrahi e\u011fitimini tamamlam\u0131\u015f ve en az 5 y\u0131l deneyime sahip bir doktordur Sadece bu ko\u015fullar\u0131 sa\u011flad\u0131ktan sonra rekonstr\u00fcktif ve estetik cerrahi e\u011fitimi almas\u0131na izin verilir Bu nedenle T\u00fcrkiye\u2019deki estetik cerrahlar \u00e7ok iyi e\u011fitimlidir ve itibarlar\u0131n\u0131 hak ederler<\/p>\n","protected":false},"author":4,"featured_media":0,"parent":0,"menu_order":0,"comment_status":"closed","ping_status":"closed","template":"","meta":{"_joinchat":[],"footnotes":""},"class_list":["post-2458","page","type-page","status-publish","hentry"],"acf":[],"_links":{"self":[{"href":"https:\/\/medicaltravel.net\/tr\/wp-json\/wp\/v2\/pages\/2458","targetHints":{"allow":["GET"]}}],"collection":[{"href":"https:\/\/medicaltravel.net\/tr\/wp-json\/wp\/v2\/pages"}],"about":[{"href":"https:\/\/medicaltravel.net\/tr\/wp-json\/wp\/v2\/types\/page"}],"author":[{"embeddable":true,"href":"https:\/\/medicaltravel.net\/tr\/wp-json\/wp\/v2\/users\/4"}],"replies":[{"embeddable":true,"href":"https:\/\/medicaltravel.net\/tr\/wp-json\/wp\/v2\/comments?post=2458"}],"version-history":[{"count":3,"href":"https:\/\/medicaltravel.net\/tr\/wp-json\/wp\/v2\/pages\/2458\/revisions"}],"predecessor-version":[{"id":2461,"href":"https:\/\/medicaltravel.net\/tr\/wp-json\/wp\/v2\/pages\/2458\/revisions\/2461"}],"wp:attachment":[{"href":"https:\/\/medicaltravel.net\/tr\/wp-json\/wp\/v2\/media?parent=2458"}],"curies":[{"name":"wp","href":"https:\/\/api.w.org\/{rel}","templated":true}]}}