{"id":2464,"date":"2025-09-29T09:53:09","date_gmt":"2025-09-29T08:53:09","guid":{"rendered":"https:\/\/medicaltravel.net\/vucut-germe\/"},"modified":"2026-01-11T14:53:38","modified_gmt":"2026-01-11T13:53:38","slug":"vucut-germe","status":"publish","type":"page","link":"https:\/\/medicaltravel.net\/tr\/vucut-germe\/","title":{"rendered":"V\u00fccut germe"},"content":{"rendered":"\t\t<div data-elementor-type=\"wp-page\" data-elementor-id=\"2464\" class=\"elementor elementor-2464 elementor-97\" data-elementor-post-type=\"page\">\n\t\t\t\t<div class=\"elementor-element elementor-element-3dcd5f75 e-flex e-con-boxed wpr-particle-no wpr-jarallax-no wpr-parallax-no wpr-sticky-section-no e-con e-parent\" data-id=\"3dcd5f75\" data-element_type=\"container\" data-e-type=\"container\">\n\t\t\t\t\t<div class=\"e-con-inner\">\n\t\t<div class=\"elementor-element elementor-element-9ac9eda e-con-full e-flex wpr-particle-no wpr-jarallax-no wpr-parallax-no wpr-sticky-section-no e-con e-child\" data-id=\"9ac9eda\" data-element_type=\"container\" data-e-type=\"container\">\n\t\t\t\t<div class=\"elementor-element elementor-element-4c4e751 elementor-widget elementor-widget-button\" data-id=\"4c4e751\" data-element_type=\"widget\" data-e-type=\"widget\" data-widget_type=\"button.default\">\n\t\t\t\t\t\t\t\t\t\t<a class=\"elementor-button elementor-button-link elementor-size-sm\" href=\"https:\/\/medicaltravel.net\/tr\/meme-ameliyatlari\/\">\n\t\t\t\t\t\t<span class=\"elementor-button-content-wrapper\">\n\t\t\t\t\t\t\t\t\t<span class=\"elementor-button-text\">Meme Ameliyatlar\u0131<\/span>\n\t\t\t\t\t<\/span>\n\t\t\t\t\t<\/a>\n\t\t\t\t\t\t\t\t<\/div>\n\t\t\t\t<div class=\"elementor-element elementor-element-17510f8 elementor-widget elementor-widget-button\" data-id=\"17510f8\" data-element_type=\"widget\" data-e-type=\"widget\" data-widget_type=\"button.default\">\n\t\t\t\t\t\t\t\t\t\t<a class=\"elementor-button elementor-button-link elementor-size-sm\" href=\"https:\/\/medicaltravel.net\/tr\/liposuction-yag-aldirma\/\">\n\t\t\t\t\t\t<span class=\"elementor-button-content-wrapper\">\n\t\t\t\t\t\t\t\t\t<span class=\"elementor-button-text\">Liposuction \u2013 Ya\u011f Ald\u0131rma<\/span>\n\t\t\t\t\t<\/span>\n\t\t\t\t\t<\/a>\n\t\t\t\t\t\t\t\t<\/div>\n\t\t\t\t<div class=\"elementor-element elementor-element-cbeac12 elementor-widget elementor-widget-button\" data-id=\"cbeac12\" data-element_type=\"widget\" data-e-type=\"widget\" data-widget_type=\"button.default\">\n\t\t\t\t\t\t\t\t\t\t<a class=\"elementor-button elementor-button-link elementor-size-sm\" href=\"https:\/\/medicaltravel.net\/tummy-tuck\/\">\n\t\t\t\t\t\t<span class=\"elementor-button-content-wrapper\">\n\t\t\t\t\t\t\t\t\t<span class=\"elementor-button-text\">Kar\u0131n Germe<\/span>\n\t\t\t\t\t<\/span>\n\t\t\t\t\t<\/a>\n\t\t\t\t\t\t\t\t<\/div>\n\t\t\t\t<div class=\"elementor-element elementor-element-297de1e elementor-widget elementor-widget-button\" data-id=\"297de1e\" data-element_type=\"widget\" data-e-type=\"widget\" data-widget_type=\"button.default\">\n\t\t\t\t\t\t\t\t\t\t<a class=\"elementor-button elementor-button-link elementor-size-sm\" href=\"https:\/\/medicaltravel.net\/tr\/goz-kapagi-duzeltme\/\">\n\t\t\t\t\t\t<span class=\"elementor-button-content-wrapper\">\n\t\t\t\t\t\t\t\t\t<span class=\"elementor-button-text\">G\u00f6z Kapa\u011f\u0131 D\u00fczeltme<\/span>\n\t\t\t\t\t<\/span>\n\t\t\t\t\t<\/a>\n\t\t\t\t\t\t\t\t<\/div>\n\t\t\t\t<div class=\"elementor-element elementor-element-c01a984 elementor-widget elementor-widget-button\" data-id=\"c01a984\" data-element_type=\"widget\" data-e-type=\"widget\" data-widget_type=\"button.default\">\n\t\t\t\t\t\t\t\t\t\t<a class=\"elementor-button elementor-button-link elementor-size-sm\" href=\"https:\/\/medicaltravel.net\/tr\/burun-estetigi\/\">\n\t\t\t\t\t\t<span class=\"elementor-button-content-wrapper\">\n\t\t\t\t\t\t\t\t\t<span class=\"elementor-button-text\">Burun D\u00fczeltme<\/span>\n\t\t\t\t\t<\/span>\n\t\t\t\t\t<\/a>\n\t\t\t\t\t\t\t\t<\/div>\n\t\t\t\t<div class=\"elementor-element elementor-element-2d6c9d8 elementor-widget elementor-widget-button\" data-id=\"2d6c9d8\" data-element_type=\"widget\" data-e-type=\"widget\" data-widget_type=\"button.default\">\n\t\t\t\t\t\t\t\t\t\t<a class=\"elementor-button elementor-button-link elementor-size-sm\" href=\"https:\/\/medicaltravel.net\/tr\/yuz-germe\/\">\n\t\t\t\t\t\t<span class=\"elementor-button-content-wrapper\">\n\t\t\t\t\t\t\t\t\t<span class=\"elementor-button-text\">Y\u00fcz Germe<\/span>\n\t\t\t\t\t<\/span>\n\t\t\t\t\t<\/a>\n\t\t\t\t\t\t\t\t<\/div>\n\t\t\t\t<div class=\"elementor-element elementor-element-9340a6f elementor-widget elementor-widget-button\" data-id=\"9340a6f\" data-element_type=\"widget\" data-e-type=\"widget\" data-widget_type=\"button.default\">\n\t\t\t\t\t\t\t\t\t\t<a class=\"elementor-button elementor-button-link elementor-size-sm\" href=\"https:\/\/medicaltravel.net\/tr\/kulak-duzeltme\/\">\n\t\t\t\t\t\t<span class=\"elementor-button-content-wrapper\">\n\t\t\t\t\t\t\t\t\t<span class=\"elementor-button-text\">Kulak D\u00fczeltme<\/span>\n\t\t\t\t\t<\/span>\n\t\t\t\t\t<\/a>\n\t\t\t\t\t\t\t\t<\/div>\n\t\t\t\t<div class=\"elementor-element elementor-element-b3b7241 elementor-widget elementor-widget-button\" data-id=\"b3b7241\" data-element_type=\"widget\" data-e-type=\"widget\" data-widget_type=\"button.default\">\n\t\t\t\t\t\t\t\t\t\t<a class=\"elementor-button elementor-button-link elementor-size-sm\" href=\"https:\/\/medicaltravel.net\/tr\/vucut-germe\/\">\n\t\t\t\t\t\t<span class=\"elementor-button-content-wrapper\">\n\t\t\t\t\t\t\t\t\t<span class=\"elementor-button-text\">V\u00fcxut Germe<\/span>\n\t\t\t\t\t<\/span>\n\t\t\t\t\t<\/a>\n\t\t\t\t\t\t\t\t<\/div>\n\t\t\t\t<\/div>\n\t\t\t\t<div class=\"elementor-element elementor-element-dbc9ad3 elementor-widget elementor-widget-text-editor\" data-id=\"dbc9ad3\" data-element_type=\"widget\" data-e-type=\"widget\" data-widget_type=\"text-editor.default\">\n\t\t\t\t\t\t\t\t\t\n<h1 class=\"wp-block-heading\">V\u00dcCUT GERME<\/h1>\n\n<h3 class=\"wp-block-heading\">KOL VE BACAK GERME AMEL\u0130YATLARI T\u00dcRK\u0130YE&#8217;DE D\u0130KKATL\u0130 B\u0130R \u015eEK\u0130LDE YAPILMAKTADIR.<\/h3>\n\n<h3 class=\"wp-block-heading\">Kollar<\/h3>\n\n<p>Sark\u0131k kollar\u0131 germek, \u00fcst kolun cerrahi y\u00f6ntemlerle kald\u0131r\u0131ld\u0131\u011f\u0131 bir y\u00f6ntemdir. Bu tamamen estetik bir operasyondur ve bu nedenle deneyimli bir cerrah taraf\u0131ndan yap\u0131lmal\u0131d\u0131r. Sark\u0131k kollar\u0131n gerilmesinin nedeni, sark\u0131k ve k\u0131r\u0131\u015f\u0131k bir g\u00f6r\u00fcn\u00fcme yol a\u00e7an fazla deridir; kol 90 derece kald\u0131r\u0131ld\u0131\u011f\u0131nda bu fazla deri \u00fcst kolun i\u00e7 k\u0131sm\u0131nda g\u00f6r\u00fcn\u00fcr hale gelir. Bu deformasyon psikolojik sorunlara yol a\u00e7ar ve a\u015fa\u011f\u0131daki fakt\u00f6rlerden kaynaklan\u0131r:   <\/p>\n\n<ul class=\"wp-block-list\">\n<li>ya\u015fa ba\u011fl\u0131 sarkma<\/li>\n\n<li>do\u011fu\u015ftan zay\u0131f kolajen dokusu<\/li>\n\n<li>Obezite (a\u015f\u0131r\u0131 ya\u011flanma)<\/li>\n\n<li>a\u015f\u0131r\u0131 kilo kayb\u0131<\/li>\n<\/ul>\n\n<figure class=\"wp-block-image size-full\"><img fetchpriority=\"high\" decoding=\"async\" width=\"349\" height=\"233\" class=\"wp-image-263\" src=\"https:\/\/medicaltravel.net\/wp-content\/uploads\/2025\/09\/csm_Fotolia_49355908_L_Beinstraffung_01_e0933bd7d9.jpg\" alt=\"\" srcset=\"https:\/\/medicaltravel.net\/wp-content\/uploads\/2025\/09\/csm_Fotolia_49355908_L_Beinstraffung_01_e0933bd7d9.jpg 349w, https:\/\/medicaltravel.net\/wp-content\/uploads\/2025\/09\/csm_Fotolia_49355908_L_Beinstraffung_01_e0933bd7d9-300x200.jpg 300w\" sizes=\"(max-width: 349px) 100vw, 349px\" \/><\/figure>\n\n<p id=\"caption-attachment-608\">Kol ve bacak germe ameliyatlar\u0131 T\u00fcrkiye&#8217;de \u00f6zenle yap\u0131lmaktad\u0131r.<\/p>\n\n<p>\u00dcst kol germe, sark\u0131k deri nedeniyle liposuction yeterli olmad\u0131\u011f\u0131nda uygulan\u0131r.<\/p>\n\n<p><em><strong>Ameliyat \u00d6ncesi D\u00f6nem<\/strong><\/em><\/p>\n\n<p>Tamamen estetik bir operasyon oldu\u011fu i\u00e7in, hastaya olas\u0131 komplikasyonlar, yan etkiler ve ilgili durumlar ayr\u0131nt\u0131l\u0131 olarak anlat\u0131lmal\u0131d\u0131r. Operasyon kald\u0131rma ve \u015fekillendirme a\u00e7\u0131s\u0131ndan avantaj sa\u011flasa da uzun izler b\u0131rakabilir. <\/p>\n\n<p><em><strong>Ameliyat S\u00fcreci<\/strong><\/em><\/p>\n\n<p>Di\u011fer \u00f6zel tekniklerin yan\u0131 s\u0131ra, cilt veya dokudan fusiform kesilerin al\u0131nmas\u0131, \u00fcst kol germe ve \u015fekillendirme ameliyatlar\u0131 i\u00e7in en kolay uygulama y\u00f6ntemidir. Cerrahi teknik, ki\u015fiden ki\u015fiye hafif\u00e7e de\u011fi\u015febilen bireysel anatomik \u00f6zelliklere g\u00f6re uyarlanabilir. Bu, cerrah\u0131n deneyimine ba\u011fl\u0131d\u0131r.  <\/p>\n\n<p>Bu t\u0131bbi m\u00fcdahale genellikle lokal anestezi ile uygulan\u0131r, ancak istek \u00fczerine genel anestezi de m\u00fcmk\u00fcnd\u00fcr. Kesik genellikle \u00fcst kol kas\u0131n\u0131n \u015fekline ba\u011fl\u0131 olarak do\u011fal bir \u00e7izgi olu\u015fturan medial biseps oluk i\u00e7inde yap\u0131l\u0131r. Daha sonra, iz do\u011frudan bu do\u011fal \u00e7izgiyi takip etti\u011fi i\u00e7in fazla belirgin olmaz.  <\/p>\n\n<p>Fazla doku ve deri \u00e7\u0131kar\u0131ld\u0131ktan sonra yara dikilir ve koltuk alt\u0131nda diki\u015f zikzak \u015feklinde at\u0131l\u0131r. Operasyon sonras\u0131, kola hafif bask\u0131 uygulayan bir bandaj sar\u0131l\u0131r. <\/p>\n\n<p><em><strong>Ameliyat Sonras\u0131 D\u00f6nem<\/strong><\/em><\/p>\n\n<p>Ameliyat sonras\u0131, \u015fi\u015fli\u011fi \u00f6nlemek i\u00e7in kollar ilk 2 g\u00fcn yukar\u0131da tutulur. Kola hafif bask\u0131 uygulayan bir bandaj da \u015fi\u015fli\u011fin azalmas\u0131n\u0131 h\u0131zland\u0131r\u0131r. Daha sonraki 4 hafta boyunca kollar\u0131n\u0131z\u0131 yoracak a\u011f\u0131r i\u015flerden ka\u00e7\u0131nmal\u0131s\u0131n\u0131z.  <\/p>\n\n<p><em><strong>Sizin Avantaj\u0131n\u0131z<\/strong><\/em><\/p>\n\n<p>\u00dcst kol germe \u00e7ok ciddi bir cerrahi operasyondur ve g\u00fczel kol hatlar\u0131 kazanman\u0131za yard\u0131mc\u0131 olarak \u00f6zg\u00fcveninizi art\u0131r\u0131r.<br><br>\u00d6zellikle a\u015f\u0131r\u0131 kilo kayb\u0131ndan sonra, bu ameliyat bir\u00e7ok hasta i\u00e7in mutluluk ve konfor a\u00e7\u0131s\u0131ndan \u00e7ok ak\u0131ll\u0131ca bir tercihtir.<\/p>\n\n<h3 class=\"wp-block-heading\">Bacak Germe Ameliyat\u0131<\/h3>\n\n<p>Bacak germe ameliyat\u0131, g\u00fczel ve do\u011fal bir bacak hatt\u0131 sunan cerrahi bir y\u00f6ntemdir. \u00d6zellikle kad\u0131n hastalar, binici pantolonu olarak adland\u0131r\u0131lan bacak ya\u011flar\u0131ndan \u015fikayet\u00e7i olur ve rahats\u0131zl\u0131k hisseder. <\/p>\n\n<p>\u00dcst bacak i\u00e7 k\u0131sm\u0131nda sark\u0131k bir g\u00f6r\u00fcn\u00fcm oldu\u011funda, bu durum kad\u0131n hastalar\u0131n estetik beklentilerinden memnun kalmamas\u0131na yol a\u00e7ar. Sonu\u00e7 olarak, sosyal ya\u015famlar\u0131nda \u00f6zg\u00fcvenlerini kaybederler. <\/p>\n\n<p>\u00dcst bacak hatt\u0131n\u0131n g\u00fczel g\u00f6r\u00fcnmemesinin nedenleri genellikle \u015funlard\u0131r:<\/p>\n\n<ul class=\"wp-block-list\">\n<li>Ya\u015fla ilgili sarkan cilt ve ya\u011f dokusu<\/li>\n\n<li>Zay\u0131f genetik dokular, \u00f6rne\u011fin kollajen dokular\u0131<\/li>\n\n<li>Yap\u0131sal olarak yeterince geli\u015fmemi\u015f \u00fcst bacak kas sistemi<\/li>\n\n<li>a\u015f\u0131r\u0131 kilo kayb\u0131<\/li>\n<\/ul>\n\n<p>Bunlar, fiziksel aktiviteler ve egzersizler ya da diyetle \u00e7\u00f6z\u00fclemeyen durumlar oldu\u011fundan cerrahi operasyonu gerekli k\u0131lan nedenlerdir<\/p>\n\n<p><em><strong>Operasyonun s\u00fcreci<\/strong><\/em><\/p>\n\n<p>Diz \u00fcst\u00fc bacak kald\u0131rma, d\u0131\u015f uyluklardaki ya\u011flar\u0131 azaltan liposuction y\u00f6ntemiyle uygulan\u0131r ve bu b\u00f6lgeye binici pantolonu denir.<\/p>\n\n<p>Ger\u00e7ek uyluk kald\u0131rma ve \u015fekillendirme, i\u00e7 \u00fcst bacak \u00fczerine uygulan\u0131r. Cerrah, ameliyat \u00f6ncesinde ayakta duran hastaya kesim hatt\u0131n\u0131 g\u00f6sterir. \u0130zler daha sonra pubik b\u00f6lgeye paralel olur. Fazla cilt ve ya\u011f, hastan\u0131n bireysel yap\u0131s\u0131na g\u00f6re fusiform bir uygulama ile \u00e7\u0131kar\u0131l\u0131r.   <\/p>\n\n<p>Kesim boyutu, \u00e7\u0131kar\u0131lacak doku miktar\u0131na ba\u011fl\u0131d\u0131r. Fazla cilt \u00e7\u0131kar\u0131ld\u0131ktan sonra uyluk dokusu kald\u0131r\u0131l\u0131r ve \u015fekillendirilir, ard\u0131ndan diki\u015fler uygulan\u0131r. <\/p>\n\n<p>Ameliyat 2 saat s\u00fcrer ve tam anestezi alt\u0131nda yap\u0131l\u0131r. Sadece alt v\u00fccuda anestezi uygulanmas\u0131 da m\u00fcmk\u00fcnd\u00fcr. <\/p>\n\n<p><em><strong>Post-surgical period<\/strong><\/em><\/p>\n\n<p>\u0130yile\u015fme s\u00fcrecinde d\u00fczensizlik olabilece\u011finden, uzun izlerin d\u00fczenli olarak kontrol edilmesi \u00e7ok \u00f6nemlidir. Ameliyattan 2 g\u00fcn sonra du\u015f alabilirsiniz ve bu b\u00f6lgeyi temiz tutmak i\u00e7in de \u00f6nerilir. <\/p>\n\n<p>Hasta, ilk 2 hafta sportif aktivitelerden ka\u00e7\u0131nmal\u0131 ve ard\u0131ndan hafif ve destekleyici bir antrenmana yava\u015f yava\u015f ba\u015flamal\u0131d\u0131r.<\/p>\n\n<p>\u0130stenen \u00fcst bacak konturunu destekleyen bir korse ile genellikle kompres tedavisi uygulan\u0131r.<\/p>\n\t\t\t\t\t\t\t\t<\/div>\n\t\t\t\t\t<\/div>\n\t\t\t\t<\/div>\n\t\t\t\t<\/div>\n\t\t","protected":false},"excerpt":{"rendered":"<p>Meme Ameliyatlar\u0131 Liposuction \u2013 Ya\u011f Ald\u0131rma Kar\u0131n Germe G\u00f6z Kapa\u011f\u0131 D\u00fczeltme Burun D\u00fczeltme Y\u00fcz Germe Kulak D\u00fczeltme V\u00fcxut Germe V\u00dcCUT GERME KOL VE BACAK GERME AMEL\u0130YATLARI T\u00dcRK\u0130YE&#8217;DE D\u0130KKATL\u0130 B\u0130R \u015eEK\u0130LDE YAPILMAKTADIR. Kollar Sark\u0131k kollar\u0131 germek, \u00fcst kolun cerrahi y\u00f6ntemlerle kald\u0131r\u0131ld\u0131\u011f\u0131 bir y\u00f6ntemdir. Bu tamamen estetik bir operasyondur ve bu nedenle deneyimli bir cerrah taraf\u0131ndan yap\u0131lmal\u0131d\u0131r. Sark\u0131k kollar\u0131n gerilmesinin nedeni, sark\u0131k ve k\u0131r\u0131\u015f\u0131k bir g\u00f6r\u00fcn\u00fcme yol a\u00e7an fazla deridir; kol 90 derece kald\u0131r\u0131ld\u0131\u011f\u0131nda bu fazla deri \u00fcst kolun i\u00e7 k\u0131sm\u0131nda g\u00f6r\u00fcn\u00fcr hale gelir. Bu deformasyon psikolojik sorunlara yol a\u00e7ar ve a\u015fa\u011f\u0131daki fakt\u00f6rlerden kaynaklan\u0131r: ya\u015fa ba\u011fl\u0131 sarkma do\u011fu\u015ftan zay\u0131f kolajen dokusu Obezite (a\u015f\u0131r\u0131 ya\u011flanma) a\u015f\u0131r\u0131 kilo kayb\u0131 Kol ve bacak germe ameliyatlar\u0131 T\u00fcrkiye&#8217;de \u00f6zenle yap\u0131lmaktad\u0131r. \u00dcst kol germe, sark\u0131k deri nedeniyle liposuction yeterli olmad\u0131\u011f\u0131nda uygulan\u0131r. Ameliyat \u00d6ncesi D\u00f6nem Tamamen estetik bir operasyon oldu\u011fu i\u00e7in, hastaya olas\u0131 komplikasyonlar, yan etkiler ve ilgili durumlar ayr\u0131nt\u0131l\u0131 olarak anlat\u0131lmal\u0131d\u0131r. Operasyon kald\u0131rma ve \u015fekillendirme a\u00e7\u0131s\u0131ndan avantaj sa\u011flasa da uzun izler b\u0131rakabilir. Ameliyat S\u00fcreci Di\u011fer \u00f6zel tekniklerin yan\u0131 s\u0131ra, cilt veya dokudan fusiform kesilerin al\u0131nmas\u0131, \u00fcst kol germe ve \u015fekillendirme ameliyatlar\u0131 i\u00e7in en kolay uygulama y\u00f6ntemidir. Cerrahi teknik, ki\u015fiden ki\u015fiye hafif\u00e7e de\u011fi\u015febilen bireysel anatomik \u00f6zelliklere g\u00f6re uyarlanabilir. Bu, cerrah\u0131n deneyimine ba\u011fl\u0131d\u0131r. Bu t\u0131bbi m\u00fcdahale genellikle lokal anestezi ile uygulan\u0131r, ancak istek \u00fczerine genel anestezi de m\u00fcmk\u00fcnd\u00fcr. Kesik genellikle \u00fcst kol kas\u0131n\u0131n \u015fekline ba\u011fl\u0131 olarak do\u011fal bir \u00e7izgi olu\u015fturan medial biseps oluk i\u00e7inde yap\u0131l\u0131r. Daha sonra, iz do\u011frudan bu do\u011fal \u00e7izgiyi takip etti\u011fi i\u00e7in fazla belirgin olmaz. Fazla doku ve deri \u00e7\u0131kar\u0131ld\u0131ktan sonra yara dikilir ve koltuk alt\u0131nda diki\u015f zikzak \u015feklinde at\u0131l\u0131r. Operasyon sonras\u0131, kola hafif bask\u0131 uygulayan bir bandaj sar\u0131l\u0131r. Ameliyat Sonras\u0131 D\u00f6nem Ameliyat sonras\u0131, \u015fi\u015fli\u011fi \u00f6nlemek i\u00e7in kollar ilk 2 g\u00fcn yukar\u0131da tutulur. Kola hafif bask\u0131 uygulayan bir bandaj da \u015fi\u015fli\u011fin azalmas\u0131n\u0131 h\u0131zland\u0131r\u0131r. Daha sonraki 4 hafta boyunca kollar\u0131n\u0131z\u0131 yoracak a\u011f\u0131r i\u015flerden ka\u00e7\u0131nmal\u0131s\u0131n\u0131z. Sizin Avantaj\u0131n\u0131z \u00dcst kol germe \u00e7ok ciddi bir cerrahi operasyondur ve g\u00fczel kol hatlar\u0131 kazanman\u0131za yard\u0131mc\u0131 olarak \u00f6zg\u00fcveninizi art\u0131r\u0131r. \u00d6zellikle a\u015f\u0131r\u0131 kilo kayb\u0131ndan sonra, bu ameliyat bir\u00e7ok hasta i\u00e7in mutluluk ve konfor a\u00e7\u0131s\u0131ndan \u00e7ok ak\u0131ll\u0131ca bir tercihtir. Bacak Germe Ameliyat\u0131 Bacak germe ameliyat\u0131, g\u00fczel ve do\u011fal bir bacak hatt\u0131 sunan cerrahi bir y\u00f6ntemdir. \u00d6zellikle kad\u0131n hastalar, binici pantolonu olarak adland\u0131r\u0131lan bacak ya\u011flar\u0131ndan \u015fikayet\u00e7i olur ve rahats\u0131zl\u0131k hisseder. \u00dcst bacak i\u00e7 k\u0131sm\u0131nda sark\u0131k bir g\u00f6r\u00fcn\u00fcm oldu\u011funda, bu durum kad\u0131n hastalar\u0131n estetik beklentilerinden memnun kalmamas\u0131na yol a\u00e7ar. Sonu\u00e7 olarak, sosyal ya\u015famlar\u0131nda \u00f6zg\u00fcvenlerini kaybederler. \u00dcst bacak hatt\u0131n\u0131n g\u00fczel g\u00f6r\u00fcnmemesinin nedenleri genellikle \u015funlard\u0131r: Ya\u015fla ilgili sarkan cilt ve ya\u011f dokusu Zay\u0131f genetik dokular, \u00f6rne\u011fin kollajen dokular\u0131 Yap\u0131sal olarak yeterince geli\u015fmemi\u015f \u00fcst bacak kas sistemi a\u015f\u0131r\u0131 kilo kayb\u0131 Bunlar, fiziksel aktiviteler ve egzersizler ya da diyetle \u00e7\u00f6z\u00fclemeyen durumlar oldu\u011fundan cerrahi operasyonu gerekli k\u0131lan nedenlerdir Operasyonun s\u00fcreci Diz \u00fcst\u00fc bacak kald\u0131rma, d\u0131\u015f uyluklardaki ya\u011flar\u0131 azaltan liposuction y\u00f6ntemiyle uygulan\u0131r ve bu b\u00f6lgeye binici pantolonu denir. Ger\u00e7ek uyluk kald\u0131rma ve \u015fekillendirme, i\u00e7 \u00fcst bacak \u00fczerine uygulan\u0131r. Cerrah, ameliyat \u00f6ncesinde ayakta duran hastaya kesim hatt\u0131n\u0131 g\u00f6sterir. \u0130zler daha sonra pubik b\u00f6lgeye paralel olur. Fazla cilt ve ya\u011f, hastan\u0131n bireysel yap\u0131s\u0131na g\u00f6re fusiform bir uygulama ile \u00e7\u0131kar\u0131l\u0131r. Kesim boyutu, \u00e7\u0131kar\u0131lacak doku miktar\u0131na ba\u011fl\u0131d\u0131r. Fazla cilt \u00e7\u0131kar\u0131ld\u0131ktan sonra uyluk dokusu kald\u0131r\u0131l\u0131r ve \u015fekillendirilir, ard\u0131ndan diki\u015fler uygulan\u0131r. Ameliyat 2 saat s\u00fcrer ve tam anestezi alt\u0131nda yap\u0131l\u0131r. Sadece alt v\u00fccuda anestezi uygulanmas\u0131 da m\u00fcmk\u00fcnd\u00fcr. Post-surgical period \u0130yile\u015fme s\u00fcrecinde d\u00fczensizlik olabilece\u011finden, uzun izlerin d\u00fczenli olarak kontrol edilmesi \u00e7ok \u00f6nemlidir. Ameliyattan 2 g\u00fcn sonra du\u015f alabilirsiniz ve bu b\u00f6lgeyi temiz tutmak i\u00e7in de \u00f6nerilir. Hasta, ilk 2 hafta sportif aktivitelerden ka\u00e7\u0131nmal\u0131 ve ard\u0131ndan hafif ve destekleyici bir antrenmana yava\u015f yava\u015f ba\u015flamal\u0131d\u0131r. \u0130stenen \u00fcst bacak konturunu destekleyen bir korse ile genellikle kompres tedavisi uygulan\u0131r.<\/p>\n","protected":false},"author":4,"featured_media":0,"parent":0,"menu_order":0,"comment_status":"closed","ping_status":"closed","template":"","meta":{"_joinchat":[],"footnotes":""},"class_list":["post-2464","page","type-page","status-publish","hentry"],"acf":[],"_links":{"self":[{"href":"https:\/\/medicaltravel.net\/tr\/wp-json\/wp\/v2\/pages\/2464","targetHints":{"allow":["GET"]}}],"collection":[{"href":"https:\/\/medicaltravel.net\/tr\/wp-json\/wp\/v2\/pages"}],"about":[{"href":"https:\/\/medicaltravel.net\/tr\/wp-json\/wp\/v2\/types\/page"}],"author":[{"embeddable":true,"href":"https:\/\/medicaltravel.net\/tr\/wp-json\/wp\/v2\/users\/4"}],"replies":[{"embeddable":true,"href":"https:\/\/medicaltravel.net\/tr\/wp-json\/wp\/v2\/comments?post=2464"}],"version-history":[{"count":7,"href":"https:\/\/medicaltravel.net\/tr\/wp-json\/wp\/v2\/pages\/2464\/revisions"}],"predecessor-version":[{"id":2699,"href":"https:\/\/medicaltravel.net\/tr\/wp-json\/wp\/v2\/pages\/2464\/revisions\/2699"}],"wp:attachment":[{"href":"https:\/\/medicaltravel.net\/tr\/wp-json\/wp\/v2\/media?parent=2464"}],"curies":[{"name":"wp","href":"https:\/\/api.w.org\/{rel}","templated":true}]}}