{"id":2477,"date":"2025-09-29T09:03:22","date_gmt":"2025-09-29T08:03:22","guid":{"rendered":"https:\/\/medicaltravel.net\/kanser-tedavileri-turkiye-istanbul-antalya-izmir-bursa\/kanser-radyoterapisi-turkiye-istanbul-antalya-izmir-bursa\/"},"modified":"2026-01-11T14:56:17","modified_gmt":"2026-01-11T13:56:17","slug":"kanser-radyoterapisi-turkiye-istanbul-antalya-izmir-bursa","status":"publish","type":"page","link":"https:\/\/medicaltravel.net\/tr\/kanser-tedavileri-turkiye-istanbul-antalya-izmir-bursa\/kanser-radyoterapisi-turkiye-istanbul-antalya-izmir-bursa\/","title":{"rendered":"Kanser Radyoterapisi T\u00fcrkiye \u0130stanbul Antalya \u0130zmir Bursa"},"content":{"rendered":"\t\t<div data-elementor-type=\"wp-page\" data-elementor-id=\"2477\" class=\"elementor elementor-2477 elementor-28\" data-elementor-post-type=\"page\">\n\t\t\t\t<div class=\"elementor-element elementor-element-3183e3d8 e-flex e-con-boxed wpr-particle-no wpr-jarallax-no wpr-parallax-no wpr-sticky-section-no e-con e-parent\" data-id=\"3183e3d8\" data-element_type=\"container\" data-e-type=\"container\">\n\t\t\t\t\t<div class=\"e-con-inner\">\n\t\t<div class=\"elementor-element elementor-element-88994f7 e-con-full e-flex wpr-particle-no wpr-jarallax-no wpr-parallax-no wpr-sticky-section-no e-con e-child\" data-id=\"88994f7\" data-element_type=\"container\" data-e-type=\"container\">\n\t\t\t\t<div class=\"elementor-element elementor-element-beb708c elementor-widget elementor-widget-button\" data-id=\"beb708c\" data-element_type=\"widget\" data-e-type=\"widget\" data-widget_type=\"button.default\">\n\t\t\t\t\t\t\t\t\t\t<a class=\"elementor-button elementor-button-link elementor-size-sm\" href=\"https:\/\/medicaltravel.net\/tr\/kanser-tedavileri-turkiye-istanbul-antalya-izmir-bursa\/kanser-radyoterapisi-turkiye-istanbul-antalya-izmir-bursa\/gamma-knife-turkiye-istanbul-antalya-izmir-bursa-adana\/\">\n\t\t\t\t\t\t<span class=\"elementor-button-content-wrapper\">\n\t\t\t\t\t\t\t\t\t<span class=\"elementor-button-text\">Gamma Knife<\/span>\n\t\t\t\t\t<\/span>\n\t\t\t\t\t<\/a>\n\t\t\t\t\t\t\t\t<\/div>\n\t\t\t\t<div class=\"elementor-element elementor-element-8476d76 elementor-widget elementor-widget-button\" data-id=\"8476d76\" data-element_type=\"widget\" data-e-type=\"widget\" data-widget_type=\"button.default\">\n\t\t\t\t\t\t\t\t\t\t<a class=\"elementor-button elementor-button-link elementor-size-sm\" href=\"https:\/\/medicaltravel.net\/tr\/kanser-tedavileri-turkiye-istanbul-antalya-izmir-bursa\/kanser-radyoterapisi-turkiye-istanbul-antalya-izmir-bursa\/cyber-knife-turkiye-istanbul-antalya-izmir-bursa-adana\/\">\n\t\t\t\t\t\t<span class=\"elementor-button-content-wrapper\">\n\t\t\t\t\t\t\t\t\t<span class=\"elementor-button-text\">Cyber Knife<\/span>\n\t\t\t\t\t<\/span>\n\t\t\t\t\t<\/a>\n\t\t\t\t\t\t\t\t<\/div>\n\t\t\t\t<div class=\"elementor-element elementor-element-f6e8420 elementor-widget elementor-widget-button\" data-id=\"f6e8420\" data-element_type=\"widget\" data-e-type=\"widget\" data-widget_type=\"button.default\">\n\t\t\t\t\t\t\t\t\t\t<a class=\"elementor-button elementor-button-link elementor-size-sm\" href=\"https:\/\/medicaltravel.net\/tr\/kanser-tedavileri-turkiye-istanbul-antalya-izmir-bursa\/kanser-radyoterapisi-turkiye-istanbul-antalya-izmir-bursa\/tek-doz-tedavi-liac-turkiye-istanbul-antalya-izmir\/\">\n\t\t\t\t\t\t<span class=\"elementor-button-content-wrapper\">\n\t\t\t\t\t\t\t\t\t<span class=\"elementor-button-text\">Tek Doz Tedavi (Liac)<\/span>\n\t\t\t\t\t<\/span>\n\t\t\t\t\t<\/a>\n\t\t\t\t\t\t\t\t<\/div>\n\t\t\t\t<div class=\"elementor-element elementor-element-ce7b034 elementor-widget elementor-widget-button\" data-id=\"ce7b034\" data-element_type=\"widget\" data-e-type=\"widget\" data-widget_type=\"button.default\">\n\t\t\t\t\t\t\t\t\t\t<a class=\"elementor-button elementor-button-link elementor-size-sm\" href=\"https:\/\/medicaltravel.net\/tr\/kanser-tedavileri-turkiye-istanbul-antalya-izmir-bursa\/kanser-radyoterapisi-turkiye-istanbul-antalya-izmir-bursa\/truebeam-stx-turkiye-istanbul-antalya-izmir-ankara-bursa\/\">\n\t\t\t\t\t\t<span class=\"elementor-button-content-wrapper\">\n\t\t\t\t\t\t\t\t\t<span class=\"elementor-button-text\">Truebeam STx<\/span>\n\t\t\t\t\t<\/span>\n\t\t\t\t\t<\/a>\n\t\t\t\t\t\t\t\t<\/div>\n\t\t\t\t<\/div>\n\t\t\t\t<div class=\"elementor-element elementor-element-2936adea elementor-widget elementor-widget-text-editor\" data-id=\"2936adea\" data-element_type=\"widget\" data-e-type=\"widget\" data-widget_type=\"text-editor.default\">\n\t\t\t\t\t\t\t\t\t\n<h3 class=\"wp-block-heading\">RADYOTERAP\u0130 TEDAV\u0130LER\u0130 T\u00dcRK\u0130YE \u2013 \u0130STANBUL \u2013 ANTALYA \u2013 \u0130ZM\u0130R<\/h3>\n\n<p>Radyasyon onkolojisi, iyonla\u015ft\u0131r\u0131c\u0131 radyasyon kullan\u0131m\u0131yla kanser \u00fczerindeki radyasyon etkilerini, t\u00fcm\u00f6rlerin davran\u0131\u015f\u0131n\u0131 inceleyen ve bu alandaki ara\u015ft\u0131rmalar\u0131 kapsayan disiplindir. Radyasyon onkolojisinin iki uygulama alan\u0131 vard\u0131r: Radyoterapi ve Radyocerrahi. <\/p>\n\n<h3 class=\"wp-block-heading\">Radyoterapi (X-I\u015f\u0131n\u0131 Tedavisi)<\/h3>\n\n<p>Radyoterapi, kanserli dokunun veya baz\u0131 iyi huylu t\u00fcm\u00f6rlerin radyasyon ile tedavi edilmesi olarak tan\u0131mlan\u0131r. Halk aras\u0131nda buna \u201cradyasyon tedavisi\u201d veya \u201cx-\u0131\u015f\u0131n\u0131 tedavisi\u201d de denir. Radyoterapide kullan\u0131lan \u0131\u015f\u0131nlar, kanserli h\u00fccrelerin b\u00fcy\u00fcmesini durdurmay\u0131 veya onlar\u0131 yok etmeyi ama\u00e7lar. Radyoterapi, kanser tedavisinde s\u0131k\u00e7a uygulan\u0131r. Bu nedenle, kanser te\u015fhisi konulduktan sonra, kanser hastalar\u0131n\u0131n %60-80\u2019inin en az bir doz radyoterapiye ihtiyac\u0131 vard\u0131r.    <\/p>\n\n<h3 class=\"wp-block-heading\">Radyasyon Onkolojisi Uygulamas\u0131nda Kullan\u0131lan Tedavi Cihazlar\u0131:<\/h3>\n\n<ul class=\"wp-block-list\">\n<li>Rapidarc<br>Rapidarc, hastalar\u0131n radyoterapi s\u00fcresini azaltan y\u00fcksek teknolojili bir radyoterapi cihaz\u0131d\u0131r. Radyoterapi seanslar\u0131n\u0131n s\u00fcresini 15-30 dakikadan sadece 2 dakikaya kadar k\u0131saltarak hastaya daha fazla konfor ve rahatl\u0131k sa\u011flar. <\/li>\n\n<li>Trilogy<br>Trilogy, radyoterapi tedavisinde kullan\u0131lan bir t\u00fcr do\u011frusal h\u0131zland\u0131r\u0131c\u0131 yani LINAC cihaz\u0131d\u0131r. Trilogy cihaz\u0131, di\u011fer cihazlarda bulunan \u00e7e\u015fitli \u00f6zellikleri bir araya getirir ve uzmanlar\u0131n en k\u0131sa s\u00fcrede ve ideal oranda do\u011fru m\u00fcdahaleyi yapmas\u0131n\u0131 sa\u011flar. Bu, hastan\u0131n en do\u011fru tedaviyi en k\u0131sa s\u00fcrede almas\u0131 anlam\u0131na gelir.  <\/li>\n\n<li>Brachytherapy, t\u00fcm\u00f6re uygulanan radyasyon dozunu art\u0131rarak hastal\u0131\u011f\u0131n lokal kontrol\u00fcn\u00fc sa\u011flamak i\u00e7in eksternal radyoterapiden \u00f6nce ve sonra kullan\u0131lan bir y\u00f6ntemdir. Ancak durumu bu tedaviye uygun olan hastalarda k\u00fcratif ama\u00e7la tek ba\u015f\u0131na da uygulanabilir. Brachytherapy\u2019de radyoaktif kaynaklar, t\u00fcm\u00f6r ve hedef dokulara \u00f6zel y\u00f6ntemlerle yerle\u015ftirilir; b\u00f6ylece kaynak \u00e7evresindeki doz s\u0131n\u0131rlamas\u0131 sa\u011flan\u0131r. <\/li>\n<\/ul>\n\n<h3 class=\"wp-block-heading\">Radyasyon Onkolojisi Uygulamas\u0131nda Kullan\u0131lan Teknikler:<\/h3>\n\n<ul class=\"wp-block-list\">\n<li>IGRT: G\u00f6r\u00fcnt\u00fc Rehberli Radyoterapi<\/li>\n\n<li>IMRT: Yo\u011funluk Ayarl\u0131 Radyoterapi<\/li>\n\n<li>Konformal Radyoterapi: 3D Konformal Radyoterapi<\/li>\n\n<li>SRT \/ SRS: Stereotaktik Radyoterapi \/ Stereotaktik Radyocerrahi<\/li>\n<\/ul>\n\n<h3 class=\"wp-block-heading\">Radyoterapinin Uygulama Alanlar\u0131<\/h3>\n\n<p>Radyoterapi, hastal\u0131\u011f\u0131n durumuna ba\u011fl\u0131 olarak iki ana gruba ayr\u0131labilir:<\/p>\n\n<ul class=\"wp-block-list\">\n<li>K\u00fcratif Radyoterapi: Mevcut hastal\u0131k bilgilerine dayanarak, hastal\u0131\u011f\u0131n tamamen tedavi edilebilece\u011fi durumlarda uygulan\u0131r. Tek ba\u015f\u0131na veya cerrahi ve\/veya kemoterapi ile birlikte uygulanabilir. <\/li>\n\n<li>Palyatif Radyoterapi: Hastal\u0131\u011f\u0131n tamamen yok edilmesinin m\u00fcmk\u00fcn olmad\u0131\u011f\u0131 durumlarda uygulan\u0131r. Ama\u00e7, ac\u0131y\u0131 \u00f6nlemek ve hafifletmek, ciddi ve karma\u015f\u0131k hastal\u0131klarla kar\u015f\u0131 kar\u015f\u0131ya olan ki\u015filerin ya\u015fam kalitesini art\u0131rmakt\u0131r. \u00d6rne\u011fin, bir hastan\u0131n ya\u015fad\u0131\u011f\u0131 kemik a\u011fr\u0131s\u0131 radyoterapi ile azalt\u0131labilir. Kanamal\u0131 t\u00fcm\u00f6rlere uygulanan radyoterapi ile kan kayb\u0131 kontrol alt\u0131na al\u0131nabilir. Bu t\u00fcr radyoterapide verilen radyasyon dozu, k\u00fcratif radyoterapide verilen dozdan daha d\u00fc\u015f\u00fckt\u00fcr. Tedavi s\u00fcresi de daha k\u0131sad\u0131r.     <\/li>\n<\/ul>\n\n<h3 class=\"wp-block-heading\">Radyocerrahi (I\u015f\u0131nlarla B\u0131\u00e7aks\u0131z ve Kanamas\u0131z Cerrahi Tedavi)<\/h3>\n\n<p>Radyocerrahinin, radyasyon onkolojisinin uygulama alanlar\u0131ndan biri olarak, temel amac\u0131, bir\u00e7ok d\u00fc\u015f\u00fck enerjili \u0131\u015f\u0131n\u0131 hastal\u0131kl\u0131 b\u00f6lgeye y\u00f6nlendirerek, hastal\u0131kl\u0131 noktaya odaklanmak ve y\u00fcksek enerjili \u0131\u015f\u0131nlar\u0131 yaln\u0131zca bu noktaya y\u00f6nlendirmektir.<\/p>\n\n<p>Ama\u00e7, yo\u011fun \u0131\u015f\u0131nlarla kanserli h\u00fccreleri k\u00fc\u00e7\u00fcltmek veya yok etmek, \u00e7evredeki sa\u011fl\u0131kl\u0131 dokular\u0131 ise radyasyonun zararl\u0131 etkilerinden korumakt\u0131r.<\/p>\n\n<h3 class=\"wp-block-heading\">Radyasyon Onkolojisi Uygulamalar\u0131nda Kullan\u0131lan Teknikler:<\/h3>\n\n<ul class=\"wp-block-list\">\n<li>SRS \/ SRT Koordinatlar arac\u0131l\u0131\u011f\u0131yla belirli bir hedefin tedavisi olarak a\u00e7\u0131klanabilen Stereotaktik Radyocerrahi (SRS), hedefin 3 boyutlu koordinatlar\u0131 belirlendikten sonra y\u00fcksek doz radyasyon ile t\u00fcm\u00f6r\u00fcn tek bir seansta tamamen yok edilmesini ifade eder. Bu tedavi birden fazla seansta (genellikle 3-5 seans) uygulan\u0131rsa, buna Stereotaktik Radyoterapi (SRT) denir. <\/li>\n<\/ul>\n\t\t\t\t\t\t\t\t<\/div>\n\t\t\t\t\t<\/div>\n\t\t\t\t<\/div>\n\t\t\t\t<\/div>\n\t\t","protected":false},"excerpt":{"rendered":"<p>Gamma Knife Cyber Knife Tek Doz Tedavi (Liac) Truebeam STx RADYOTERAP\u0130 TEDAV\u0130LER\u0130 T\u00dcRK\u0130YE \u2013 \u0130STANBUL \u2013 ANTALYA \u2013 \u0130ZM\u0130R Radyasyon onkolojisi, iyonla\u015ft\u0131r\u0131c\u0131 radyasyon kullan\u0131m\u0131yla kanser \u00fczerindeki radyasyon etkilerini, t\u00fcm\u00f6rlerin davran\u0131\u015f\u0131n\u0131 inceleyen ve bu alandaki ara\u015ft\u0131rmalar\u0131 kapsayan disiplindir. Radyasyon onkolojisinin iki uygulama alan\u0131 vard\u0131r: Radyoterapi ve Radyocerrahi. Radyoterapi (X-I\u015f\u0131n\u0131 Tedavisi) Radyoterapi, kanserli dokunun veya baz\u0131 iyi huylu t\u00fcm\u00f6rlerin radyasyon ile tedavi edilmesi olarak tan\u0131mlan\u0131r. Halk aras\u0131nda buna \u201cradyasyon tedavisi\u201d veya \u201cx-\u0131\u015f\u0131n\u0131 tedavisi\u201d de denir. Radyoterapide kullan\u0131lan \u0131\u015f\u0131nlar, kanserli h\u00fccrelerin b\u00fcy\u00fcmesini durdurmay\u0131 veya onlar\u0131 yok etmeyi ama\u00e7lar. Radyoterapi, kanser tedavisinde s\u0131k\u00e7a uygulan\u0131r. Bu nedenle, kanser te\u015fhisi konulduktan sonra, kanser hastalar\u0131n\u0131n %60-80\u2019inin en az bir doz radyoterapiye ihtiyac\u0131 vard\u0131r. Radyasyon Onkolojisi Uygulamas\u0131nda Kullan\u0131lan Tedavi Cihazlar\u0131: RapidarcRapidarc, hastalar\u0131n radyoterapi s\u00fcresini azaltan y\u00fcksek teknolojili bir radyoterapi cihaz\u0131d\u0131r. Radyoterapi seanslar\u0131n\u0131n s\u00fcresini 15-30 dakikadan sadece 2 dakikaya kadar k\u0131saltarak hastaya daha fazla konfor ve rahatl\u0131k sa\u011flar. TrilogyTrilogy, radyoterapi tedavisinde kullan\u0131lan bir t\u00fcr do\u011frusal h\u0131zland\u0131r\u0131c\u0131 yani LINAC cihaz\u0131d\u0131r. Trilogy cihaz\u0131, di\u011fer cihazlarda bulunan \u00e7e\u015fitli \u00f6zellikleri bir araya getirir ve uzmanlar\u0131n en k\u0131sa s\u00fcrede ve ideal oranda do\u011fru m\u00fcdahaleyi yapmas\u0131n\u0131 sa\u011flar. Bu, hastan\u0131n en do\u011fru tedaviyi en k\u0131sa s\u00fcrede almas\u0131 anlam\u0131na gelir. Brachytherapy, t\u00fcm\u00f6re uygulanan radyasyon dozunu art\u0131rarak hastal\u0131\u011f\u0131n lokal kontrol\u00fcn\u00fc sa\u011flamak i\u00e7in eksternal radyoterapiden \u00f6nce ve sonra kullan\u0131lan bir y\u00f6ntemdir. Ancak durumu bu tedaviye uygun olan hastalarda k\u00fcratif ama\u00e7la tek ba\u015f\u0131na da uygulanabilir. Brachytherapy\u2019de radyoaktif kaynaklar, t\u00fcm\u00f6r ve hedef dokulara \u00f6zel y\u00f6ntemlerle yerle\u015ftirilir; b\u00f6ylece kaynak \u00e7evresindeki doz s\u0131n\u0131rlamas\u0131 sa\u011flan\u0131r. Radyasyon Onkolojisi Uygulamas\u0131nda Kullan\u0131lan Teknikler: IGRT: G\u00f6r\u00fcnt\u00fc Rehberli Radyoterapi IMRT: Yo\u011funluk Ayarl\u0131 Radyoterapi Konformal Radyoterapi: 3D Konformal Radyoterapi SRT \/ SRS: Stereotaktik Radyoterapi \/ Stereotaktik Radyocerrahi Radyoterapinin Uygulama Alanlar\u0131 Radyoterapi, hastal\u0131\u011f\u0131n durumuna ba\u011fl\u0131 olarak iki ana gruba ayr\u0131labilir: K\u00fcratif Radyoterapi: Mevcut hastal\u0131k bilgilerine dayanarak, hastal\u0131\u011f\u0131n tamamen tedavi edilebilece\u011fi durumlarda uygulan\u0131r. Tek ba\u015f\u0131na veya cerrahi ve\/veya kemoterapi ile birlikte uygulanabilir. Palyatif Radyoterapi: Hastal\u0131\u011f\u0131n tamamen yok edilmesinin m\u00fcmk\u00fcn olmad\u0131\u011f\u0131 durumlarda uygulan\u0131r. Ama\u00e7, ac\u0131y\u0131 \u00f6nlemek ve hafifletmek, ciddi ve karma\u015f\u0131k hastal\u0131klarla kar\u015f\u0131 kar\u015f\u0131ya olan ki\u015filerin ya\u015fam kalitesini art\u0131rmakt\u0131r. \u00d6rne\u011fin, bir hastan\u0131n ya\u015fad\u0131\u011f\u0131 kemik a\u011fr\u0131s\u0131 radyoterapi ile azalt\u0131labilir. Kanamal\u0131 t\u00fcm\u00f6rlere uygulanan radyoterapi ile kan kayb\u0131 kontrol alt\u0131na al\u0131nabilir. Bu t\u00fcr radyoterapide verilen radyasyon dozu, k\u00fcratif radyoterapide verilen dozdan daha d\u00fc\u015f\u00fckt\u00fcr. Tedavi s\u00fcresi de daha k\u0131sad\u0131r. Radyocerrahi (I\u015f\u0131nlarla B\u0131\u00e7aks\u0131z ve Kanamas\u0131z Cerrahi Tedavi) Radyocerrahinin, radyasyon onkolojisinin uygulama alanlar\u0131ndan biri olarak, temel amac\u0131, bir\u00e7ok d\u00fc\u015f\u00fck enerjili \u0131\u015f\u0131n\u0131 hastal\u0131kl\u0131 b\u00f6lgeye y\u00f6nlendirerek, hastal\u0131kl\u0131 noktaya odaklanmak ve y\u00fcksek enerjili \u0131\u015f\u0131nlar\u0131 yaln\u0131zca bu noktaya y\u00f6nlendirmektir. Ama\u00e7, yo\u011fun \u0131\u015f\u0131nlarla kanserli h\u00fccreleri k\u00fc\u00e7\u00fcltmek veya yok etmek, \u00e7evredeki sa\u011fl\u0131kl\u0131 dokular\u0131 ise radyasyonun zararl\u0131 etkilerinden korumakt\u0131r. Radyasyon Onkolojisi Uygulamalar\u0131nda Kullan\u0131lan Teknikler: SRS \/ SRT Koordinatlar arac\u0131l\u0131\u011f\u0131yla belirli bir hedefin tedavisi olarak a\u00e7\u0131klanabilen Stereotaktik Radyocerrahi (SRS), hedefin 3 boyutlu koordinatlar\u0131 belirlendikten sonra y\u00fcksek doz radyasyon ile t\u00fcm\u00f6r\u00fcn tek bir seansta tamamen yok edilmesini ifade eder. Bu tedavi birden fazla seansta (genellikle 3-5 seans) uygulan\u0131rsa, buna Stereotaktik Radyoterapi (SRT) denir.<\/p>\n","protected":false},"author":4,"featured_media":0,"parent":2475,"menu_order":0,"comment_status":"closed","ping_status":"closed","template":"","meta":{"_joinchat":[],"footnotes":""},"class_list":["post-2477","page","type-page","status-publish","hentry"],"acf":[],"_links":{"self":[{"href":"https:\/\/medicaltravel.net\/tr\/wp-json\/wp\/v2\/pages\/2477","targetHints":{"allow":["GET"]}}],"collection":[{"href":"https:\/\/medicaltravel.net\/tr\/wp-json\/wp\/v2\/pages"}],"about":[{"href":"https:\/\/medicaltravel.net\/tr\/wp-json\/wp\/v2\/types\/page"}],"author":[{"embeddable":true,"href":"https:\/\/medicaltravel.net\/tr\/wp-json\/wp\/v2\/users\/4"}],"replies":[{"embeddable":true,"href":"https:\/\/medicaltravel.net\/tr\/wp-json\/wp\/v2\/comments?post=2477"}],"version-history":[{"count":9,"href":"https:\/\/medicaltravel.net\/tr\/wp-json\/wp\/v2\/pages\/2477\/revisions"}],"predecessor-version":[{"id":2703,"href":"https:\/\/medicaltravel.net\/tr\/wp-json\/wp\/v2\/pages\/2477\/revisions\/2703"}],"up":[{"embeddable":true,"href":"https:\/\/medicaltravel.net\/tr\/wp-json\/wp\/v2\/pages\/2475"}],"wp:attachment":[{"href":"https:\/\/medicaltravel.net\/tr\/wp-json\/wp\/v2\/media?parent=2477"}],"curies":[{"name":"wp","href":"https:\/\/api.w.org\/{rel}","templated":true}]}}