{"id":2485,"date":"2025-09-29T09:05:31","date_gmt":"2025-09-29T08:05:31","guid":{"rendered":"https:\/\/medicaltravel.net\/kanser-tedavileri-turkiye-istanbul-antalya-izmir-bursa\/kanser-radyoterapisi-turkiye-istanbul-antalya-izmir-bursa\/cyber-knife-turkiye-istanbul-antalya-izmir-bursa-adana\/"},"modified":"2026-01-10T19:50:40","modified_gmt":"2026-01-10T18:50:40","slug":"cyber-knife-turkiye-istanbul-antalya-izmir-bursa-adana","status":"publish","type":"page","link":"https:\/\/medicaltravel.net\/tr\/kanser-tedavileri-turkiye-istanbul-antalya-izmir-bursa\/kanser-radyoterapisi-turkiye-istanbul-antalya-izmir-bursa\/cyber-knife-turkiye-istanbul-antalya-izmir-bursa-adana\/","title":{"rendered":"Cyber Knife T\u00fcrkiye \u0130stanbul Antalya \u0130zmir Bursa Adana"},"content":{"rendered":"\t\t<div data-elementor-type=\"wp-page\" data-elementor-id=\"2485\" class=\"elementor elementor-2485 elementor-33\" data-elementor-post-type=\"page\">\n\t\t\t\t<div class=\"elementor-element elementor-element-144dac3f e-flex e-con-boxed wpr-particle-no wpr-jarallax-no wpr-parallax-no wpr-sticky-section-no e-con e-parent\" data-id=\"144dac3f\" data-element_type=\"container\" data-e-type=\"container\">\n\t\t\t\t\t<div class=\"e-con-inner\">\n\t\t<div class=\"elementor-element elementor-element-510089f e-con-full e-flex wpr-particle-no wpr-jarallax-no wpr-parallax-no wpr-sticky-section-no e-con e-child\" data-id=\"510089f\" data-element_type=\"container\" data-e-type=\"container\">\n\t\t\t\t<div class=\"elementor-element elementor-element-ce5c66d elementor-widget elementor-widget-button\" data-id=\"ce5c66d\" data-element_type=\"widget\" data-e-type=\"widget\" data-widget_type=\"button.default\">\n\t\t\t\t\t\t\t\t\t\t<a class=\"elementor-button elementor-button-link elementor-size-sm\" href=\"https:\/\/medicaltravel.net\/cancer-treatments-turkey-istanbul\/cancer-radiotherapy\/gamma-knife\/\">\n\t\t\t\t\t\t<span class=\"elementor-button-content-wrapper\">\n\t\t\t\t\t\t\t\t\t<span class=\"elementor-button-text\">Gamma Knife<\/span>\n\t\t\t\t\t<\/span>\n\t\t\t\t\t<\/a>\n\t\t\t\t\t\t\t\t<\/div>\n\t\t\t\t<div class=\"elementor-element elementor-element-f81798c elementor-widget elementor-widget-button\" data-id=\"f81798c\" data-element_type=\"widget\" data-e-type=\"widget\" data-widget_type=\"button.default\">\n\t\t\t\t\t\t\t\t\t\t<a class=\"elementor-button elementor-button-link elementor-size-sm\" href=\"https:\/\/medicaltravel.net\/tr\/kanser-tedavileri-turkiye-istanbul-antalya-izmir-bursa\/kanser-radyoterapisi-turkiye-istanbul-antalya-izmir-bursa\/cyber-knife-turkiye-istanbul-antalya-izmir-bursa-adana\/\">\n\t\t\t\t\t\t<span class=\"elementor-button-content-wrapper\">\n\t\t\t\t\t\t\t\t\t<span class=\"elementor-button-text\">Cyber Knife<\/span>\n\t\t\t\t\t<\/span>\n\t\t\t\t\t<\/a>\n\t\t\t\t\t\t\t\t<\/div>\n\t\t\t\t<div class=\"elementor-element elementor-element-b714030 elementor-widget elementor-widget-button\" data-id=\"b714030\" data-element_type=\"widget\" data-e-type=\"widget\" data-widget_type=\"button.default\">\n\t\t\t\t\t\t\t\t\t\t<a class=\"elementor-button elementor-button-link elementor-size-sm\" href=\"https:\/\/medicaltravel.net\/cancer-treatments-turkey-istanbul\/cancer-radiotherapy\/single-dose-therapy-liac\/\">\n\t\t\t\t\t\t<span class=\"elementor-button-content-wrapper\">\n\t\t\t\t\t\t\t\t\t<span class=\"elementor-button-text\">Tek Doz Tedavi (Liac)<\/span>\n\t\t\t\t\t<\/span>\n\t\t\t\t\t<\/a>\n\t\t\t\t\t\t\t\t<\/div>\n\t\t\t\t<div class=\"elementor-element elementor-element-77cafa7 elementor-widget elementor-widget-button\" data-id=\"77cafa7\" data-element_type=\"widget\" data-e-type=\"widget\" data-widget_type=\"button.default\">\n\t\t\t\t\t\t\t\t\t\t<a class=\"elementor-button elementor-button-link elementor-size-sm\" href=\"https:\/\/medicaltravel.net\/cancer-treatments-turkey-istanbul\/cancer-radiotherapy\/truebeam-stx\/\">\n\t\t\t\t\t\t<span class=\"elementor-button-content-wrapper\">\n\t\t\t\t\t\t\t\t\t<span class=\"elementor-button-text\">Truebeam STx<\/span>\n\t\t\t\t\t<\/span>\n\t\t\t\t\t<\/a>\n\t\t\t\t\t\t\t\t<\/div>\n\t\t\t\t<\/div>\n\t\t\t\t<div class=\"elementor-element elementor-element-2f5fdec6 elementor-widget elementor-widget-text-editor\" data-id=\"2f5fdec6\" data-element_type=\"widget\" data-e-type=\"widget\" data-widget_type=\"text-editor.default\">\n\t\t\t\t\t\t\t\t\t\n<h3 class=\"wp-block-heading\">Cyber Knife T\u00fcrkiye \u0130stanbul Antalya \u0130zmir Bursa Adana<\/h3>\n\n<h3 class=\"wp-block-heading\">CYBERKNIFE AKC\u0130\u011eER KANSER\u0130N\u0130 NASIL TEDAV\u0130 EDER<\/h3>\n\n<p>CyberKnife, d\u00fcnyada v\u00fccudun herhangi bir yerindeki t\u00fcm kanser t\u00fcrlerini milimetre mertebesinde y\u00fcksek hassasiyetle tedavi edebilen ilk ve tek robotik radyocerrahi sistemi olarak bilinir. Bu sistemle, beyindeki veya v\u00fccuttaki kanserli b\u00f6lgeler radyasyon \u0131\u015f\u0131nlar\u0131 ile y\u00fcksek dozda odaklanarak tedavi edilebilir. \u00dcstelik, normal dokular radyasyonun yan etkilerine kar\u015f\u0131 maksimum d\u00fczeyde korunabilir.  <\/p>\n\n<p>CyberKnife cihaz\u0131, end\u00fcstriyel sekt\u00f6rde kullan\u0131lan robotlara tak\u0131lm\u0131\u015f geli\u015ftirilmi\u015f bir do\u011frusal h\u0131zland\u0131r\u0131c\u0131d\u0131r. CyberKnife, radyasyon k\u00fcmelerini odakl\u0131 olarak kullanan ve beyin ile v\u00fccuttaki kanserli b\u00f6lgelere y\u00fcksek dozda tedavi uygularken normal ve sa\u011fl\u0131kl\u0131 dokular\u0131n maksimum d\u00fczeyde korunmas\u0131n\u0131 sa\u011flayan yeni bir teknolojinin \u00fcr\u00fcn\u00fcd\u00fcr. Bilgisayar kontroll\u00fc robot teknolojisi CyberKnife sisteminde, tedavi cihaz\u0131 hastan\u0131n etraf\u0131nda bir dans rutini yap\u0131yormu\u015f gibi d\u00f6ner ve tedaviyi y\u00fczlerce farkl\u0131 a\u00e7\u0131dan \u0131\u015f\u0131nlayarak tamamlar. Hedeflenen b\u00f6lgeye \u0131\u015f\u0131nlama do\u011frulu\u011fu yakla\u015f\u0131k <strong>0,95 mm\u2019dir.<\/strong>   <\/p>\n\n<figure class=\"wp-block-image size-full\"><img fetchpriority=\"high\" decoding=\"async\" width=\"560\" height=\"260\" class=\"wp-image-181\" src=\"https:\/\/medicaltravel.net\/wp-content\/uploads\/2025\/09\/cyber_knife.jpg\" alt=\"\" srcset=\"https:\/\/medicaltravel.net\/wp-content\/uploads\/2025\/09\/cyber_knife.jpg 560w, https:\/\/medicaltravel.net\/wp-content\/uploads\/2025\/09\/cyber_knife-300x139.jpg 300w\" sizes=\"(max-width: 560px) 100vw, 560px\" \/><\/figure>\n\n<p id=\"caption-attachment-317\">CyberKnife akci\u011fer kanserini nas\u0131l tedavi eder<\/p>\n\n<p>Tedavi birden fazla seansta uygulan\u0131yorsa buna <strong>Stereotaksik Radyoterapi <\/strong>denir; tek bir seansta uygulan\u0131yorsa Stereotaktik Radyocerrahi olarak adland\u0131r\u0131l\u0131r. CyberKnife uygulamalar\u0131nda hedef \u00f6ncelikle ileri d\u00fczey tan\u0131 y\u00f6ntemleriyle belirlenir. Bu y\u00f6ntemin en b\u00fcy\u00fck avantaj\u0131, tedavi s\u0131ras\u0131nda hastan\u0131n ve organlar\u0131n\u0131n hareketlerini alg\u0131layabilmesi ve \u0131\u015f\u0131nlamay\u0131 buna g\u00f6re yapabilmesidir.  <\/p>\n\n<p>CyberKnife cihaz\u0131 rutin olarak \u201cG\u00f6r\u00fcnt\u00fc Rehberli Radyoterapi\u201d \u00f6zelli\u011fi ile donat\u0131lm\u0131\u015ft\u0131r; bu, son y\u0131llarda tedavi s\u0131ras\u0131nda g\u00f6r\u00fcnt\u00fc sa\u011flamak i\u00e7in geli\u015ftirilmi\u015f bir y\u00f6ntemdir. \u00d6zellikle solunumla yer de\u011fi\u015ftiren organ t\u00fcm\u00f6rlerinde (akci\u011fer ve karaci\u011fer t\u00fcm\u00f6rleri), solunum hareketlerini aktif olarak izleyebilen ve e\u015f zamanl\u0131 tedavi sa\u011flayabilen tek cihazd\u0131r. <\/p>\n\n<p>Se\u00e7ilen hastalarda CyberKnife, <strong>akci\u011fer kanserleri, prostat kanserleri, ba\u015f ve boyun kanserleri, omurga t\u00fcm\u00f6rleri, pankreas kanserleri ve v\u00fccuttaki az say\u0131da metastazlar\u0131n tedavisinde kullan\u0131l\u0131r.<\/strong><\/p>\n\n<p>Maslak Ac\u0131badem Hastanesi\u2019ne kurulu CyberKnife cihaz\u0131, iris kollimat\u00f6r ve \u00f6zel deluxe tedavi yata\u011f\u0131 ile donat\u0131ld\u0131\u011f\u0131 i\u00e7in \u00fclkedeki di\u011fer cihazlardan \u00fcst\u00fcnd\u00fcr. Bu yeni y\u00f6ntemler tedavi konforunu art\u0131r\u0131rken, tedavi s\u00fcresini de k\u0131salt\u0131r. <\/p>\n\t\t\t\t\t\t\t\t<\/div>\n\t\t\t\t\t<\/div>\n\t\t\t\t<\/div>\n\t\t\t\t<\/div>\n\t\t","protected":false},"excerpt":{"rendered":"<p>Gamma Knife Cyber Knife Tek Doz Tedavi (Liac) Truebeam STx Cyber Knife T\u00fcrkiye \u0130stanbul Antalya \u0130zmir Bursa Adana CYBERKNIFE AKC\u0130\u011eER KANSER\u0130N\u0130 NASIL TEDAV\u0130 EDER CyberKnife, d\u00fcnyada v\u00fccudun herhangi bir yerindeki t\u00fcm kanser t\u00fcrlerini milimetre mertebesinde y\u00fcksek hassasiyetle tedavi edebilen ilk ve tek robotik radyocerrahi sistemi olarak bilinir. Bu sistemle, beyindeki veya v\u00fccuttaki kanserli b\u00f6lgeler radyasyon \u0131\u015f\u0131nlar\u0131 ile y\u00fcksek dozda odaklanarak tedavi edilebilir. \u00dcstelik, normal dokular radyasyonun yan etkilerine kar\u015f\u0131 maksimum d\u00fczeyde korunabilir. CyberKnife cihaz\u0131, end\u00fcstriyel sekt\u00f6rde kullan\u0131lan robotlara tak\u0131lm\u0131\u015f geli\u015ftirilmi\u015f bir do\u011frusal h\u0131zland\u0131r\u0131c\u0131d\u0131r. CyberKnife, radyasyon k\u00fcmelerini odakl\u0131 olarak kullanan ve beyin ile v\u00fccuttaki kanserli b\u00f6lgelere y\u00fcksek dozda tedavi uygularken normal ve sa\u011fl\u0131kl\u0131 dokular\u0131n maksimum d\u00fczeyde korunmas\u0131n\u0131 sa\u011flayan yeni bir teknolojinin \u00fcr\u00fcn\u00fcd\u00fcr. Bilgisayar kontroll\u00fc robot teknolojisi CyberKnife sisteminde, tedavi cihaz\u0131 hastan\u0131n etraf\u0131nda bir dans rutini yap\u0131yormu\u015f gibi d\u00f6ner ve tedaviyi y\u00fczlerce farkl\u0131 a\u00e7\u0131dan \u0131\u015f\u0131nlayarak tamamlar. Hedeflenen b\u00f6lgeye \u0131\u015f\u0131nlama do\u011frulu\u011fu yakla\u015f\u0131k 0,95 mm\u2019dir. CyberKnife akci\u011fer kanserini nas\u0131l tedavi eder Tedavi birden fazla seansta uygulan\u0131yorsa buna Stereotaksik Radyoterapi denir; tek bir seansta uygulan\u0131yorsa Stereotaktik Radyocerrahi olarak adland\u0131r\u0131l\u0131r. CyberKnife uygulamalar\u0131nda hedef \u00f6ncelikle ileri d\u00fczey tan\u0131 y\u00f6ntemleriyle belirlenir. Bu y\u00f6ntemin en b\u00fcy\u00fck avantaj\u0131, tedavi s\u0131ras\u0131nda hastan\u0131n ve organlar\u0131n\u0131n hareketlerini alg\u0131layabilmesi ve \u0131\u015f\u0131nlamay\u0131 buna g\u00f6re yapabilmesidir. CyberKnife cihaz\u0131 rutin olarak \u201cG\u00f6r\u00fcnt\u00fc Rehberli Radyoterapi\u201d \u00f6zelli\u011fi ile donat\u0131lm\u0131\u015ft\u0131r; bu, son y\u0131llarda tedavi s\u0131ras\u0131nda g\u00f6r\u00fcnt\u00fc sa\u011flamak i\u00e7in geli\u015ftirilmi\u015f bir y\u00f6ntemdir. \u00d6zellikle solunumla yer de\u011fi\u015ftiren organ t\u00fcm\u00f6rlerinde (akci\u011fer ve karaci\u011fer t\u00fcm\u00f6rleri), solunum hareketlerini aktif olarak izleyebilen ve e\u015f zamanl\u0131 tedavi sa\u011flayabilen tek cihazd\u0131r. Se\u00e7ilen hastalarda CyberKnife, akci\u011fer kanserleri, prostat kanserleri, ba\u015f ve boyun kanserleri, omurga t\u00fcm\u00f6rleri, pankreas kanserleri ve v\u00fccuttaki az say\u0131da metastazlar\u0131n tedavisinde kullan\u0131l\u0131r. Maslak Ac\u0131badem Hastanesi\u2019ne kurulu CyberKnife cihaz\u0131, iris kollimat\u00f6r ve \u00f6zel deluxe tedavi yata\u011f\u0131 ile donat\u0131ld\u0131\u011f\u0131 i\u00e7in \u00fclkedeki di\u011fer cihazlardan \u00fcst\u00fcnd\u00fcr. Bu yeni y\u00f6ntemler tedavi konforunu art\u0131r\u0131rken, tedavi s\u00fcresini de k\u0131salt\u0131r.<\/p>\n","protected":false},"author":4,"featured_media":0,"parent":2477,"menu_order":0,"comment_status":"closed","ping_status":"closed","template":"","meta":{"_joinchat":[],"footnotes":""},"class_list":["post-2485","page","type-page","status-publish","hentry"],"acf":[],"_links":{"self":[{"href":"https:\/\/medicaltravel.net\/tr\/wp-json\/wp\/v2\/pages\/2485","targetHints":{"allow":["GET"]}}],"collection":[{"href":"https:\/\/medicaltravel.net\/tr\/wp-json\/wp\/v2\/pages"}],"about":[{"href":"https:\/\/medicaltravel.net\/tr\/wp-json\/wp\/v2\/types\/page"}],"author":[{"embeddable":true,"href":"https:\/\/medicaltravel.net\/tr\/wp-json\/wp\/v2\/users\/4"}],"replies":[{"embeddable":true,"href":"https:\/\/medicaltravel.net\/tr\/wp-json\/wp\/v2\/comments?post=2485"}],"version-history":[{"count":3,"href":"https:\/\/medicaltravel.net\/tr\/wp-json\/wp\/v2\/pages\/2485\/revisions"}],"predecessor-version":[{"id":2488,"href":"https:\/\/medicaltravel.net\/tr\/wp-json\/wp\/v2\/pages\/2485\/revisions\/2488"}],"up":[{"embeddable":true,"href":"https:\/\/medicaltravel.net\/tr\/wp-json\/wp\/v2\/pages\/2477"}],"wp:attachment":[{"href":"https:\/\/medicaltravel.net\/tr\/wp-json\/wp\/v2\/media?parent=2485"}],"curies":[{"name":"wp","href":"https:\/\/api.w.org\/{rel}","templated":true}]}}