{"id":2490,"date":"2025-09-29T09:04:44","date_gmt":"2025-09-29T08:04:44","guid":{"rendered":"https:\/\/medicaltravel.net\/kanser-tedavileri-turkiye-istanbul-antalya-izmir-bursa\/kanser-radyoterapisi-turkiye-istanbul-antalya-izmir-bursa\/gamma-knife-turkiye-istanbul-antalya-izmir-bursa-adana\/"},"modified":"2026-01-10T19:56:32","modified_gmt":"2026-01-10T18:56:32","slug":"gamma-knife-turkiye-istanbul-antalya-izmir-bursa-adana","status":"publish","type":"page","link":"https:\/\/medicaltravel.net\/tr\/kanser-tedavileri-turkiye-istanbul-antalya-izmir-bursa\/kanser-radyoterapisi-turkiye-istanbul-antalya-izmir-bursa\/gamma-knife-turkiye-istanbul-antalya-izmir-bursa-adana\/","title":{"rendered":"Gamma Knife T\u00fcrkiye \u0130stanbul Antalya \u0130zmir Bursa Adana"},"content":{"rendered":"\t\t<div data-elementor-type=\"wp-page\" data-elementor-id=\"2490\" class=\"elementor elementor-2490 elementor-31\" data-elementor-post-type=\"page\">\n\t\t\t\t<div class=\"elementor-element elementor-element-76090a5d e-flex e-con-boxed wpr-particle-no wpr-jarallax-no wpr-parallax-no wpr-sticky-section-no e-con e-parent\" data-id=\"76090a5d\" data-element_type=\"container\" data-e-type=\"container\">\n\t\t\t\t\t<div class=\"e-con-inner\">\n\t\t<div class=\"elementor-element elementor-element-a6ed584 e-con-full e-flex wpr-particle-no wpr-jarallax-no wpr-parallax-no wpr-sticky-section-no e-con e-child\" data-id=\"a6ed584\" data-element_type=\"container\" data-e-type=\"container\">\n\t\t\t\t<div class=\"elementor-element elementor-element-7590943 elementor-widget elementor-widget-button\" data-id=\"7590943\" data-element_type=\"widget\" data-e-type=\"widget\" data-widget_type=\"button.default\">\n\t\t\t\t\t\t\t\t\t\t<a class=\"elementor-button elementor-button-link elementor-size-sm\" href=\"https:\/\/medicaltravel.net\/tr\/kanser-tedavileri-turkiye-istanbul-antalya-izmir-bursa\/kanser-radyoterapisi-turkiye-istanbul-antalya-izmir-bursa\/gamma-knife-turkiye-istanbul-antalya-izmir-bursa-adana\/\">\n\t\t\t\t\t\t<span class=\"elementor-button-content-wrapper\">\n\t\t\t\t\t\t\t\t\t<span class=\"elementor-button-text\">Gamma Knife<\/span>\n\t\t\t\t\t<\/span>\n\t\t\t\t\t<\/a>\n\t\t\t\t\t\t\t\t<\/div>\n\t\t\t\t<div class=\"elementor-element elementor-element-221bd9e elementor-widget elementor-widget-button\" data-id=\"221bd9e\" data-element_type=\"widget\" data-e-type=\"widget\" data-widget_type=\"button.default\">\n\t\t\t\t\t\t\t\t\t\t<a class=\"elementor-button elementor-button-link elementor-size-sm\" href=\"https:\/\/medicaltravel.net\/tr\/kanser-tedavileri-turkiye-istanbul-antalya-izmir-bursa\/kanser-radyoterapisi-turkiye-istanbul-antalya-izmir-bursa\/cyber-knife-turkiye-istanbul-antalya-izmir-bursa-adana\/\">\n\t\t\t\t\t\t<span class=\"elementor-button-content-wrapper\">\n\t\t\t\t\t\t\t\t\t<span class=\"elementor-button-text\">Cyber Knife<\/span>\n\t\t\t\t\t<\/span>\n\t\t\t\t\t<\/a>\n\t\t\t\t\t\t\t\t<\/div>\n\t\t\t\t<div class=\"elementor-element elementor-element-5bf9261 elementor-widget elementor-widget-button\" data-id=\"5bf9261\" data-element_type=\"widget\" data-e-type=\"widget\" data-widget_type=\"button.default\">\n\t\t\t\t\t\t\t\t\t\t<a class=\"elementor-button elementor-button-link elementor-size-sm\" href=\"https:\/\/medicaltravel.net\/cancer-treatments-turkey-istanbul\/cancer-radiotherapy\/single-dose-therapy-liac\/\">\n\t\t\t\t\t\t<span class=\"elementor-button-content-wrapper\">\n\t\t\t\t\t\t\t\t\t<span class=\"elementor-button-text\">Tek Doz Tedavi (Liac)<\/span>\n\t\t\t\t\t<\/span>\n\t\t\t\t\t<\/a>\n\t\t\t\t\t\t\t\t<\/div>\n\t\t\t\t<div class=\"elementor-element elementor-element-3bf71c8 elementor-widget elementor-widget-button\" data-id=\"3bf71c8\" data-element_type=\"widget\" data-e-type=\"widget\" data-widget_type=\"button.default\">\n\t\t\t\t\t\t\t\t\t\t<a class=\"elementor-button elementor-button-link elementor-size-sm\" href=\"https:\/\/medicaltravel.net\/cancer-treatments-turkey-istanbul\/cancer-radiotherapy\/truebeam-stx\/\">\n\t\t\t\t\t\t<span class=\"elementor-button-content-wrapper\">\n\t\t\t\t\t\t\t\t\t<span class=\"elementor-button-text\">Truebeam STx<\/span>\n\t\t\t\t\t<\/span>\n\t\t\t\t\t<\/a>\n\t\t\t\t\t\t\t\t<\/div>\n\t\t\t\t<\/div>\n\t\t\t\t<div class=\"elementor-element elementor-element-5a6414b6 elementor-widget elementor-widget-text-editor\" data-id=\"5a6414b6\" data-element_type=\"widget\" data-e-type=\"widget\" data-widget_type=\"text-editor.default\">\n\t\t\t\t\t\t\t\t\t\n<h3 class=\"wp-block-heading\">GAMMA KNIFE T\u00dcRK\u0130YE&#8217; DE \u2013 \u0130stanbul- Antalya- \u0130zmir- Bursa<\/h3>\n\n<h3 class=\"wp-block-heading\">GAMMA KNIFE, TEDAV\u0130, BEY\u0130N T\u00dcM\u00d6RLER\u0130<\/h3>\n\n<p>Gamma Knife, cerrahiye ihtiya\u00e7 duymadan ve anestezi veya yo\u011fun bak\u0131m gerektirmeden beyin t\u00fcm\u00f6rlerini tedavi eden, beyin t\u00fcm\u00f6rlerinin tedavisinde kullan\u0131lan bir radyocerrahi cihaz\u0131d\u0131r. Gamma Knife tek bir seansta uygulanabilir ve hastalar\u0131n ayn\u0131 g\u00fcn evlerine d\u00f6nmelerine olanak sa\u011flar. <\/p>\n\n<p>Cerrahiye ihtiya\u00e7 duymadan beyin t\u00fcm\u00f6rlerinin tedavisinde kullan\u0131lan Gamma Knife, test edilmi\u015f ve bilimsel olarak kan\u0131tlanm\u0131\u015f bir radyocerrahi tekni\u011fidir. Gamma Knife, 3,5 mm\u2019den k\u00fc\u00e7\u00fck \u00e7apl\u0131 beyin t\u00fcm\u00f6rlerinin h\u0131zl\u0131 ve kanamas\u0131z bir \u015fekilde tedavi edilmesine olanak sa\u011flar ve hassas ve riskli cerrahi operasyonlara gerek b\u0131rakmaz. Genel anestezi uygulanmadan ger\u00e7ekle\u015ftirilen Gamma Knife tedavisi birka\u00e7 saat i\u00e7inde tamamlan\u0131r ve hastalar ayn\u0131 g\u00fcn evlerine d\u00f6nebilir.  <\/p>\n\n<figure class=\"wp-block-image size-full\"><img fetchpriority=\"high\" decoding=\"async\" width=\"560\" height=\"260\" class=\"wp-image-179\" src=\"https:\/\/medicaltravel.net\/wp-content\/uploads\/2025\/09\/GAMMA_KNIFE3.jpg\" alt=\"\" srcset=\"https:\/\/medicaltravel.net\/wp-content\/uploads\/2025\/09\/GAMMA_KNIFE3.jpg 560w, https:\/\/medicaltravel.net\/wp-content\/uploads\/2025\/09\/GAMMA_KNIFE3-300x139.jpg 300w\" sizes=\"(max-width: 560px) 100vw, 560px\" \/><\/figure>\n\n<p id=\"caption-attachment-309\">Beyin T\u00fcm\u00f6rleri \u0130\u00e7in Gamma Knife Tedavisi<\/p>\n\t\t\t\t\t\t\t\t<\/div>\n\t\t\t\t\t<\/div>\n\t\t\t\t<\/div>\n\t\t\t\t<\/div>\n\t\t","protected":false},"excerpt":{"rendered":"<p>Gamma Knife Cyber Knife Tek Doz Tedavi (Liac) Truebeam STx GAMMA KNIFE T\u00dcRK\u0130YE&#8217; DE \u2013 \u0130stanbul- Antalya- \u0130zmir- Bursa GAMMA KNIFE, TEDAV\u0130, BEY\u0130N T\u00dcM\u00d6RLER\u0130 Gamma Knife, cerrahiye ihtiya\u00e7 duymadan ve anestezi veya yo\u011fun bak\u0131m gerektirmeden beyin t\u00fcm\u00f6rlerini tedavi eden, beyin t\u00fcm\u00f6rlerinin tedavisinde kullan\u0131lan bir radyocerrahi cihaz\u0131d\u0131r. Gamma Knife tek bir seansta uygulanabilir ve hastalar\u0131n ayn\u0131 g\u00fcn evlerine d\u00f6nmelerine olanak sa\u011flar. Cerrahiye ihtiya\u00e7 duymadan beyin t\u00fcm\u00f6rlerinin tedavisinde kullan\u0131lan Gamma Knife, test edilmi\u015f ve bilimsel olarak kan\u0131tlanm\u0131\u015f bir radyocerrahi tekni\u011fidir. Gamma Knife, 3,5 mm\u2019den k\u00fc\u00e7\u00fck \u00e7apl\u0131 beyin t\u00fcm\u00f6rlerinin h\u0131zl\u0131 ve kanamas\u0131z bir \u015fekilde tedavi edilmesine olanak sa\u011flar ve hassas ve riskli cerrahi operasyonlara gerek b\u0131rakmaz. Genel anestezi uygulanmadan ger\u00e7ekle\u015ftirilen Gamma Knife tedavisi birka\u00e7 saat i\u00e7inde tamamlan\u0131r ve hastalar ayn\u0131 g\u00fcn evlerine d\u00f6nebilir. Beyin T\u00fcm\u00f6rleri \u0130\u00e7in Gamma Knife Tedavisi<\/p>\n","protected":false},"author":4,"featured_media":0,"parent":2477,"menu_order":0,"comment_status":"closed","ping_status":"closed","template":"","meta":{"_joinchat":[],"footnotes":""},"class_list":["post-2490","page","type-page","status-publish","hentry"],"acf":[],"_links":{"self":[{"href":"https:\/\/medicaltravel.net\/tr\/wp-json\/wp\/v2\/pages\/2490","targetHints":{"allow":["GET"]}}],"collection":[{"href":"https:\/\/medicaltravel.net\/tr\/wp-json\/wp\/v2\/pages"}],"about":[{"href":"https:\/\/medicaltravel.net\/tr\/wp-json\/wp\/v2\/types\/page"}],"author":[{"embeddable":true,"href":"https:\/\/medicaltravel.net\/tr\/wp-json\/wp\/v2\/users\/4"}],"replies":[{"embeddable":true,"href":"https:\/\/medicaltravel.net\/tr\/wp-json\/wp\/v2\/comments?post=2490"}],"version-history":[{"count":3,"href":"https:\/\/medicaltravel.net\/tr\/wp-json\/wp\/v2\/pages\/2490\/revisions"}],"predecessor-version":[{"id":2493,"href":"https:\/\/medicaltravel.net\/tr\/wp-json\/wp\/v2\/pages\/2490\/revisions\/2493"}],"up":[{"embeddable":true,"href":"https:\/\/medicaltravel.net\/tr\/wp-json\/wp\/v2\/pages\/2477"}],"wp:attachment":[{"href":"https:\/\/medicaltravel.net\/tr\/wp-json\/wp\/v2\/media?parent=2490"}],"curies":[{"name":"wp","href":"https:\/\/api.w.org\/{rel}","templated":true}]}}