{"id":2495,"date":"2025-09-29T09:06:16","date_gmt":"2025-09-29T08:06:16","guid":{"rendered":"https:\/\/medicaltravel.net\/kanser-tedavileri-turkiye-istanbul-antalya-izmir-bursa\/kanser-radyoterapisi-turkiye-istanbul-antalya-izmir-bursa\/tek-doz-tedavi-liac-turkiye-istanbul-antalya-izmir\/"},"modified":"2026-01-11T14:58:07","modified_gmt":"2026-01-11T13:58:07","slug":"tek-doz-tedavi-liac-turkiye-istanbul-antalya-izmir","status":"publish","type":"page","link":"https:\/\/medicaltravel.net\/tr\/kanser-tedavileri-turkiye-istanbul-antalya-izmir-bursa\/kanser-radyoterapisi-turkiye-istanbul-antalya-izmir-bursa\/tek-doz-tedavi-liac-turkiye-istanbul-antalya-izmir\/","title":{"rendered":"Tek Doz Tedavi (Liac) T\u00fcrkiye \u0130stanbul Antalya \u0130zmir"},"content":{"rendered":"\t\t<div data-elementor-type=\"wp-page\" data-elementor-id=\"2495\" class=\"elementor elementor-2495 elementor-35\" data-elementor-post-type=\"page\">\n\t\t\t\t<div class=\"elementor-element elementor-element-7421c80c e-flex e-con-boxed wpr-particle-no wpr-jarallax-no wpr-parallax-no wpr-sticky-section-no e-con e-parent\" data-id=\"7421c80c\" data-element_type=\"container\" data-e-type=\"container\">\n\t\t\t\t\t<div class=\"e-con-inner\">\n\t\t<div class=\"elementor-element elementor-element-627c0a8 e-con-full e-flex wpr-particle-no wpr-jarallax-no wpr-parallax-no wpr-sticky-section-no e-con e-child\" data-id=\"627c0a8\" data-element_type=\"container\" data-e-type=\"container\">\n\t\t\t\t<div class=\"elementor-element elementor-element-cb14740 elementor-widget elementor-widget-button\" data-id=\"cb14740\" data-element_type=\"widget\" data-e-type=\"widget\" data-widget_type=\"button.default\">\n\t\t\t\t\t\t\t\t\t\t<a class=\"elementor-button elementor-button-link elementor-size-sm\" href=\"https:\/\/medicaltravel.net\/tr\/kanser-tedavileri-turkiye-istanbul-antalya-izmir-bursa\/kanser-radyoterapisi-turkiye-istanbul-antalya-izmir-bursa\/gamma-knife-turkiye-istanbul-antalya-izmir-bursa-adana\/\">\n\t\t\t\t\t\t<span class=\"elementor-button-content-wrapper\">\n\t\t\t\t\t\t\t\t\t<span class=\"elementor-button-text\">Gamma Knife<\/span>\n\t\t\t\t\t<\/span>\n\t\t\t\t\t<\/a>\n\t\t\t\t\t\t\t\t<\/div>\n\t\t\t\t<div class=\"elementor-element elementor-element-ce5292c elementor-widget elementor-widget-button\" data-id=\"ce5292c\" data-element_type=\"widget\" data-e-type=\"widget\" data-widget_type=\"button.default\">\n\t\t\t\t\t\t\t\t\t\t<a class=\"elementor-button elementor-button-link elementor-size-sm\" href=\"https:\/\/medicaltravel.net\/tr\/kanser-tedavileri-turkiye-istanbul-antalya-izmir-bursa\/kanser-radyoterapisi-turkiye-istanbul-antalya-izmir-bursa\/cyber-knife-turkiye-istanbul-antalya-izmir-bursa-adana\/\">\n\t\t\t\t\t\t<span class=\"elementor-button-content-wrapper\">\n\t\t\t\t\t\t\t\t\t<span class=\"elementor-button-text\">Cyber Knife<\/span>\n\t\t\t\t\t<\/span>\n\t\t\t\t\t<\/a>\n\t\t\t\t\t\t\t\t<\/div>\n\t\t\t\t<div class=\"elementor-element elementor-element-31e5426 elementor-widget elementor-widget-button\" data-id=\"31e5426\" data-element_type=\"widget\" data-e-type=\"widget\" data-widget_type=\"button.default\">\n\t\t\t\t\t\t\t\t\t\t<a class=\"elementor-button elementor-button-link elementor-size-sm\" href=\"https:\/\/medicaltravel.net\/tr\/kanser-tedavileri-turkiye-istanbul-antalya-izmir-bursa\/kanser-radyoterapisi-turkiye-istanbul-antalya-izmir-bursa\/tek-doz-tedavi-liac-turkiye-istanbul-antalya-izmir\/\">\n\t\t\t\t\t\t<span class=\"elementor-button-content-wrapper\">\n\t\t\t\t\t\t\t\t\t<span class=\"elementor-button-text\">Tek Doz Tedavi (Liac)<\/span>\n\t\t\t\t\t<\/span>\n\t\t\t\t\t<\/a>\n\t\t\t\t\t\t\t\t<\/div>\n\t\t\t\t<div class=\"elementor-element elementor-element-0a3505e elementor-widget elementor-widget-button\" data-id=\"0a3505e\" data-element_type=\"widget\" data-e-type=\"widget\" data-widget_type=\"button.default\">\n\t\t\t\t\t\t\t\t\t\t<a class=\"elementor-button elementor-button-link elementor-size-sm\" href=\"https:\/\/medicaltravel.net\/tr\/kanser-tedavileri-turkiye-istanbul-antalya-izmir-bursa\/kanser-radyoterapisi-turkiye-istanbul-antalya-izmir-bursa\/truebeam-stx-turkiye-istanbul-antalya-izmir-ankara-bursa\/\">\n\t\t\t\t\t\t<span class=\"elementor-button-content-wrapper\">\n\t\t\t\t\t\t\t\t\t<span class=\"elementor-button-text\">Truebeam STx<\/span>\n\t\t\t\t\t<\/span>\n\t\t\t\t\t<\/a>\n\t\t\t\t\t\t\t\t<\/div>\n\t\t\t\t<\/div>\n\t\t\t\t<div class=\"elementor-element elementor-element-3004cd7c elementor-widget elementor-widget-text-editor\" data-id=\"3004cd7c\" data-element_type=\"widget\" data-e-type=\"widget\" data-widget_type=\"text-editor.default\">\n\t\t\t\t\t\t\t\t\t\n<h3 class=\"wp-block-heading\">Tek Doz Tedavi (Liac) T\u00fcrkiye \u0130stanbul Antalya \u0130zmir<\/h3>\n\n<h3 class=\"wp-block-heading\">YEN\u0130 RADYASYON TEDAV\u0130S\u0130 : TEK DOZ<\/h3>\n\n<h3 class=\"wp-block-heading\">Ameliyat s\u0131ras\u0131nda tek doz radyoterapi d\u00f6nemi ba\u015fl\u0131yor\u2026<\/h3>\n\n<h3 class=\"wp-block-heading\">Tek Doz Tedavi Nedir?<\/h3>\n\n<p>Meme kanseri hastalar\u0131nda, radyoterapi, ameliyat s\u0131ras\u0131nda Intra Operatif Radyoterapi (IORT) y\u00f6ntemi kullan\u0131larak tek doz uygulama ile tamamlanabilir. Meme i\u00e7indeki t\u00fcm\u00f6r ameliyatla \u00e7\u0131kar\u0131ld\u0131ktan sonra, cihazdaki \u00f6zel aplikat\u00f6r t\u00fcm\u00f6r\u00fcn bulundu\u011fu b\u00f6lgeye yerle\u015ftirilir. Gerekli hesaplamalar yap\u0131ld\u0131ktan sonra, y\u00fcksek doz radyasyon sadece bu b\u00f6lgeye verilir; b\u00f6ylece t\u00fcm lokal tedavi tamamlanm\u0131\u015f olur ve sa\u011fl\u0131kl\u0131 dokular korunur.  <\/p>\n\n<figure class=\"wp-block-image size-full\"><img fetchpriority=\"high\" decoding=\"async\" width=\"560\" height=\"260\" class=\"wp-image-184\" src=\"https:\/\/medicaltravel.net\/wp-content\/uploads\/2025\/09\/liac.jpg\" alt=\"\" srcset=\"https:\/\/medicaltravel.net\/wp-content\/uploads\/2025\/09\/liac.jpg 560w, https:\/\/medicaltravel.net\/wp-content\/uploads\/2025\/09\/liac-300x139.jpg 300w\" sizes=\"(max-width: 560px) 100vw, 560px\" \/><\/figure>\n\n<p id=\"caption-attachment-333\">Tek doz meme kanseri tedavisi, erken evre meme kanseri hastalar\u0131na yeni bir umut sunar.<\/p>\n\n<h3 class=\"wp-block-heading\">Geleneksel Radyoterapi Nas\u0131l Uygulan\u0131r?<\/h3>\n\n<p>Radyoterapi, hastanelerin Radyasyon Onkolojisi b\u00f6l\u00fcmlerinde, \u00f6zel olarak korunmu\u015f odalarda, foton ve elektron \u00fcreten lineer h\u0131zland\u0131r\u0131c\u0131lar ile uygulan\u0131r. Meme kanseri tan\u0131s\u0131 konulmu\u015f ve koruyucu cerrahi uygulanan yani memenin sadece t\u00fcm\u00f6rl\u00fc k\u0131sm\u0131n\u0131n al\u0131nd\u0131\u011f\u0131 ve geri kalan dokunun korundu\u011fu hastalar\u0131n neredeyse tamam\u0131nda, ameliyattan sonra radyoterapiye ihtiya\u00e7 duyulur. <\/p>\n\n<p>Radyoterapi, kemoterapi almas\u0131 gereken hastalarda tercihen kemoterapiden sonra, sadece hormon tedavisi uygulanan hastalarda ise ameliyattan en az 3 hafta sonra ba\u015flar. Meme i\u00e7in radyoterapi uygulanacak hastalarda, planlama amac\u0131yla bilgisayar yard\u0131m\u0131yla 2 mm aral\u0131klarla tomografi kesitleri al\u0131n\u0131r. Daha sonra, radyoterapi uygulanacak memede risk alt\u0131ndaki alanlara gerekli dozun verilmesi ve ayn\u0131 zamanda sa\u011fl\u0131kl\u0131 organlar\u0131n kalp, kalbin ana damarlar\u0131, akci\u011ferler, hastal\u0131\u011f\u0131n yay\u0131lmad\u0131\u011f\u0131 di\u011fer meme gibi korunmas\u0131 i\u00e7in planlamalar yap\u0131l\u0131r. Plan onayland\u0131ktan sonra hasta, hastal\u0131\u011f\u0131n durumuna ba\u011fl\u0131 olarak ve radyasyon onkolojisi doktoru taraf\u0131ndan belirlenmek \u00fczere 5 ila 7 hafta boyunca radyoterapi tedavisi al\u0131r. Baz\u0131 hastalara ise hipofraksiyon ad\u0131 verilen ve 3 hafta s\u00fcren k\u0131sa s\u00fcreli bir tedavi uygulan\u0131r.    <\/p>\n\n<h3 class=\"wp-block-heading\">Tek Doz Uygulaman\u0131n Avantajlar\u0131<\/h3>\n\n<p>\u0130ntraoperatif Radyoterapi IORT cihaz\u0131 ile yap\u0131lan tek doz uygulama, geleneksel radyoterapiye benzer \u015fekilde lineer h\u0131zland\u0131r\u0131c\u0131 kullan\u0131larak ger\u00e7ekle\u015ftirilir. Bu y\u00f6ntem, ameliyathane ortam\u0131nda, lineer ve h\u0131zland\u0131r\u0131lm\u0131\u015f \u015fekilde \u00e7al\u0131\u015fan, sadece elektron enerjisi \u00fcreten ve geleneksel lineer h\u0131zland\u0131r\u0131c\u0131lara k\u0131yasla personel i\u00e7in y\u00fcksek d\u00fczeyde koruma gerektirmeyen g\u00fcvenli ve ta\u015f\u0131nabilir bir cihaz ile uygulan\u0131r. Ameliyat\u0131 ger\u00e7ekle\u015ftiren cerrahi ekibe ek olarak, ameliyathanede bir radyasyon onkolojisi uzman\u0131 ve bir medikal fizik\u00e7i de bulunur. Bu sayede radyoterapi, cerrahi i\u015flemle ayn\u0131 anda tamamlanm\u0131\u015f olur. Hasta a\u00e7\u0131s\u0131ndan en \u00f6nemli avantajlardan biri, ameliyat sonras\u0131 yaran\u0131n iyile\u015fmesini beklemeye ya da radyoterapi planlamas\u0131 yap\u0131p her g\u00fcn hastaneye gelmeye gerek kalmamas\u0131d\u0131r. Bu y\u00f6ntemle tedavinin toplam s\u00fcresi de \u00f6nemli \u00f6l\u00e7\u00fcde k\u0131salm\u0131\u015f olur.     <\/p>\n\n<p>Ameliyat s\u0131ras\u0131nda, memedeki t\u00fcm\u00f6r \u00e7\u0131kar\u0131ld\u0131ktan sonra cihaz\u0131n i\u00e7indeki \u00f6zel aplikat\u00f6r t\u00fcm\u00f6r\u00fcn bulundu\u011fu alana yerle\u015ftirilir. Gerekli hesaplamalar yap\u0131ld\u0131ktan sonra y\u00fcksek doz radyasyon sadece bu b\u00f6lgeye verilir ve sa\u011fl\u0131kl\u0131 doku tamamen korunur. Son y\u0131llarda tek doz uygulama ya da t\u00fcm meme yerine sadece t\u00fcm\u00f6r\u00fcn bulundu\u011fu alana radyasyon verilmesini sa\u011flayan farkl\u0131 y\u00f6ntemler d\u00fcnya genelinde daha fazla kabul g\u00f6rmeye ba\u015flam\u0131\u015f olsa da, tek doz uygulama her hasta i\u00e7in uygun de\u011fildir. Bir hastan\u0131n bu tedaviyi al\u0131p alamayaca\u011f\u0131na, hastayla do\u011frudan ilgilenen radyasyon onkolo\u011fu, cerrah ve patolog taraf\u0131ndan birlikte karar verilmelidir. Hastan\u0131n ya\u015f\u0131, t\u00fcm\u00f6r\u00fcn boyutu ve t\u00fcm\u00f6r\u00fcn di\u011fer patolojik \u00f6zellikleri bu kararda \u00f6nemli rol oynar.    <\/p>\n\n<h3 class=\"wp-block-heading\">Radyasyon Boostu Kimlere Uygulan\u0131r?<\/h3>\n\n<p>50-60 ya\u015f\u0131n alt\u0131ndaki hastalar tek doz uygulama i\u00e7in ideal adaylar olarak kabul edilmez. Bu hastalarda, geleneksel y\u00f6ntemde t\u00fcm memeye uygulanan radyoterapiden sonra t\u00fcm\u00f6r\u00fcn bulundu\u011fu b\u00f6lgeye ek radyasyon verilmesi gerekir. Hafta sonlar\u0131 hari\u00e7 olmak \u00fczere, t\u00fcm meme b\u00f6lgesinin tedavisi 25 ila 28 i\u015f g\u00fcn\u00fc i\u00e7inde tamamland\u0131ktan sonra, t\u00fcm meme yerine sadece t\u00fcm\u00f6r\u00fcn \u00e7\u0131kar\u0131ld\u0131\u011f\u0131 b\u00f6lgeye radyasyon uygulan\u0131r ve bu s\u00fcre\u00e7 hastaya ve hastan\u0131n durumuna ba\u011fl\u0131 olarak yakla\u015f\u0131k 5 ila 8 i\u015f g\u00fcn\u00fc s\u00fcrer. T\u00fcm\u00f6r\u00fcn bulundu\u011fu alana radyasyon uygulanmas\u0131na radyasyon boostu denir. IORT y\u00f6ntemi sayesinde radyasyon boostu ameliyat s\u0131ras\u0131nda tek doz olarak verilir, sonras\u0131nda t\u00fcm memeye radyoterapi uygulan\u0131r ve b\u00f6ylece toplam tedavi s\u00fcresi k\u0131salt\u0131lm\u0131\u015f olur.    <\/p>\n\n<h3 class=\"wp-block-heading\">Meme Ucu Kompleksine Radyoterapi Uygulanmas\u0131<\/h3>\n\n<p>Meme koruyucu cerrahi tedavi baz\u0131 hastalar i\u00e7in uygun olmayabilir. T\u00fcm memenin al\u0131nmas\u0131 gereken hastalarda, daha iyi bir estetik sonu\u00e7 i\u00e7in meme ucu ve \u00e7evresindeki alan korunur. Buna meme ucu koruyucu mastektomi denir. Tek doz radyasyon, tekrar riskini azaltmak i\u00e7in IORT y\u00f6ntemi ile meme ucu ve hemen alt\u0131ndaki dokuya uygulan\u0131r. Radyasyon takviyesi T\u00fcrkiye\u2019de ilk kez Ac\u0131badem Maslak Hastanesi Meme Sa\u011fl\u0131\u011f\u0131 Merkezi\u2019nde sunulmaktad\u0131r.    <\/p>\n\t\t\t\t\t\t\t\t<\/div>\n\t\t\t\t\t<\/div>\n\t\t\t\t<\/div>\n\t\t\t\t<\/div>\n\t\t","protected":false},"excerpt":{"rendered":"<p>Gamma Knife Cyber Knife Tek Doz Tedavi (Liac) Truebeam STx Tek Doz Tedavi (Liac) T\u00fcrkiye \u0130stanbul Antalya \u0130zmir YEN\u0130 RADYASYON TEDAV\u0130S\u0130 : TEK DOZ Ameliyat s\u0131ras\u0131nda tek doz radyoterapi d\u00f6nemi ba\u015fl\u0131yor\u2026 Tek Doz Tedavi Nedir? Meme kanseri hastalar\u0131nda, radyoterapi, ameliyat s\u0131ras\u0131nda Intra Operatif Radyoterapi (IORT) y\u00f6ntemi kullan\u0131larak tek doz uygulama ile tamamlanabilir. Meme i\u00e7indeki t\u00fcm\u00f6r ameliyatla \u00e7\u0131kar\u0131ld\u0131ktan sonra, cihazdaki \u00f6zel aplikat\u00f6r t\u00fcm\u00f6r\u00fcn bulundu\u011fu b\u00f6lgeye yerle\u015ftirilir. Gerekli hesaplamalar yap\u0131ld\u0131ktan sonra, y\u00fcksek doz radyasyon sadece bu b\u00f6lgeye verilir; b\u00f6ylece t\u00fcm lokal tedavi tamamlanm\u0131\u015f olur ve sa\u011fl\u0131kl\u0131 dokular korunur. Tek doz meme kanseri tedavisi, erken evre meme kanseri hastalar\u0131na yeni bir umut sunar. Geleneksel Radyoterapi Nas\u0131l Uygulan\u0131r? Radyoterapi, hastanelerin Radyasyon Onkolojisi b\u00f6l\u00fcmlerinde, \u00f6zel olarak korunmu\u015f odalarda, foton ve elektron \u00fcreten lineer h\u0131zland\u0131r\u0131c\u0131lar ile uygulan\u0131r. Meme kanseri tan\u0131s\u0131 konulmu\u015f ve koruyucu cerrahi uygulanan yani memenin sadece t\u00fcm\u00f6rl\u00fc k\u0131sm\u0131n\u0131n al\u0131nd\u0131\u011f\u0131 ve geri kalan dokunun korundu\u011fu hastalar\u0131n neredeyse tamam\u0131nda, ameliyattan sonra radyoterapiye ihtiya\u00e7 duyulur. Radyoterapi, kemoterapi almas\u0131 gereken hastalarda tercihen kemoterapiden sonra, sadece hormon tedavisi uygulanan hastalarda ise ameliyattan en az 3 hafta sonra ba\u015flar. Meme i\u00e7in radyoterapi uygulanacak hastalarda, planlama amac\u0131yla bilgisayar yard\u0131m\u0131yla 2 mm aral\u0131klarla tomografi kesitleri al\u0131n\u0131r. Daha sonra, radyoterapi uygulanacak memede risk alt\u0131ndaki alanlara gerekli dozun verilmesi ve ayn\u0131 zamanda sa\u011fl\u0131kl\u0131 organlar\u0131n kalp, kalbin ana damarlar\u0131, akci\u011ferler, hastal\u0131\u011f\u0131n yay\u0131lmad\u0131\u011f\u0131 di\u011fer meme gibi korunmas\u0131 i\u00e7in planlamalar yap\u0131l\u0131r. Plan onayland\u0131ktan sonra hasta, hastal\u0131\u011f\u0131n durumuna ba\u011fl\u0131 olarak ve radyasyon onkolojisi doktoru taraf\u0131ndan belirlenmek \u00fczere 5 ila 7 hafta boyunca radyoterapi tedavisi al\u0131r. Baz\u0131 hastalara ise hipofraksiyon ad\u0131 verilen ve 3 hafta s\u00fcren k\u0131sa s\u00fcreli bir tedavi uygulan\u0131r. Tek Doz Uygulaman\u0131n Avantajlar\u0131 \u0130ntraoperatif Radyoterapi IORT cihaz\u0131 ile yap\u0131lan tek doz uygulama, geleneksel radyoterapiye benzer \u015fekilde lineer h\u0131zland\u0131r\u0131c\u0131 kullan\u0131larak ger\u00e7ekle\u015ftirilir. Bu y\u00f6ntem, ameliyathane ortam\u0131nda, lineer ve h\u0131zland\u0131r\u0131lm\u0131\u015f \u015fekilde \u00e7al\u0131\u015fan, sadece elektron enerjisi \u00fcreten ve geleneksel lineer h\u0131zland\u0131r\u0131c\u0131lara k\u0131yasla personel i\u00e7in y\u00fcksek d\u00fczeyde koruma gerektirmeyen g\u00fcvenli ve ta\u015f\u0131nabilir bir cihaz ile uygulan\u0131r. Ameliyat\u0131 ger\u00e7ekle\u015ftiren cerrahi ekibe ek olarak, ameliyathanede bir radyasyon onkolojisi uzman\u0131 ve bir medikal fizik\u00e7i de bulunur. Bu sayede radyoterapi, cerrahi i\u015flemle ayn\u0131 anda tamamlanm\u0131\u015f olur. Hasta a\u00e7\u0131s\u0131ndan en \u00f6nemli avantajlardan biri, ameliyat sonras\u0131 yaran\u0131n iyile\u015fmesini beklemeye ya da radyoterapi planlamas\u0131 yap\u0131p her g\u00fcn hastaneye gelmeye gerek kalmamas\u0131d\u0131r. Bu y\u00f6ntemle tedavinin toplam s\u00fcresi de \u00f6nemli \u00f6l\u00e7\u00fcde k\u0131salm\u0131\u015f olur. Ameliyat s\u0131ras\u0131nda, memedeki t\u00fcm\u00f6r \u00e7\u0131kar\u0131ld\u0131ktan sonra cihaz\u0131n i\u00e7indeki \u00f6zel aplikat\u00f6r t\u00fcm\u00f6r\u00fcn bulundu\u011fu alana yerle\u015ftirilir. Gerekli hesaplamalar yap\u0131ld\u0131ktan sonra y\u00fcksek doz radyasyon sadece bu b\u00f6lgeye verilir ve sa\u011fl\u0131kl\u0131 doku tamamen korunur. Son y\u0131llarda tek doz uygulama ya da t\u00fcm meme yerine sadece t\u00fcm\u00f6r\u00fcn bulundu\u011fu alana radyasyon verilmesini sa\u011flayan farkl\u0131 y\u00f6ntemler d\u00fcnya genelinde daha fazla kabul g\u00f6rmeye ba\u015flam\u0131\u015f olsa da, tek doz uygulama her hasta i\u00e7in uygun de\u011fildir. Bir hastan\u0131n bu tedaviyi al\u0131p alamayaca\u011f\u0131na, hastayla do\u011frudan ilgilenen radyasyon onkolo\u011fu, cerrah ve patolog taraf\u0131ndan birlikte karar verilmelidir. Hastan\u0131n ya\u015f\u0131, t\u00fcm\u00f6r\u00fcn boyutu ve t\u00fcm\u00f6r\u00fcn di\u011fer patolojik \u00f6zellikleri bu kararda \u00f6nemli rol oynar. Radyasyon Boostu Kimlere Uygulan\u0131r? 50-60 ya\u015f\u0131n alt\u0131ndaki hastalar tek doz uygulama i\u00e7in ideal adaylar olarak kabul edilmez. Bu hastalarda, geleneksel y\u00f6ntemde t\u00fcm memeye uygulanan radyoterapiden sonra t\u00fcm\u00f6r\u00fcn bulundu\u011fu b\u00f6lgeye ek radyasyon verilmesi gerekir. Hafta sonlar\u0131 hari\u00e7 olmak \u00fczere, t\u00fcm meme b\u00f6lgesinin tedavisi 25 ila 28 i\u015f g\u00fcn\u00fc i\u00e7inde tamamland\u0131ktan sonra, t\u00fcm meme yerine sadece t\u00fcm\u00f6r\u00fcn \u00e7\u0131kar\u0131ld\u0131\u011f\u0131 b\u00f6lgeye radyasyon uygulan\u0131r ve bu s\u00fcre\u00e7 hastaya ve hastan\u0131n durumuna ba\u011fl\u0131 olarak yakla\u015f\u0131k 5 ila 8 i\u015f g\u00fcn\u00fc s\u00fcrer. T\u00fcm\u00f6r\u00fcn bulundu\u011fu alana radyasyon uygulanmas\u0131na radyasyon boostu denir. IORT y\u00f6ntemi sayesinde radyasyon boostu ameliyat s\u0131ras\u0131nda tek doz olarak verilir, sonras\u0131nda t\u00fcm memeye radyoterapi uygulan\u0131r ve b\u00f6ylece toplam tedavi s\u00fcresi k\u0131salt\u0131lm\u0131\u015f olur. Meme Ucu Kompleksine Radyoterapi Uygulanmas\u0131 Meme koruyucu cerrahi tedavi baz\u0131 hastalar i\u00e7in uygun olmayabilir. T\u00fcm memenin al\u0131nmas\u0131 gereken hastalarda, daha iyi bir estetik sonu\u00e7 i\u00e7in meme ucu ve \u00e7evresindeki alan korunur. Buna meme ucu koruyucu mastektomi denir. Tek doz radyasyon, tekrar riskini azaltmak i\u00e7in IORT y\u00f6ntemi ile meme ucu ve hemen alt\u0131ndaki dokuya uygulan\u0131r. Radyasyon takviyesi T\u00fcrkiye\u2019de ilk kez Ac\u0131badem Maslak Hastanesi Meme Sa\u011fl\u0131\u011f\u0131 Merkezi\u2019nde sunulmaktad\u0131r.<\/p>\n","protected":false},"author":4,"featured_media":0,"parent":2477,"menu_order":0,"comment_status":"closed","ping_status":"closed","template":"","meta":{"_joinchat":[],"footnotes":""},"class_list":["post-2495","page","type-page","status-publish","hentry"],"acf":[],"_links":{"self":[{"href":"https:\/\/medicaltravel.net\/tr\/wp-json\/wp\/v2\/pages\/2495","targetHints":{"allow":["GET"]}}],"collection":[{"href":"https:\/\/medicaltravel.net\/tr\/wp-json\/wp\/v2\/pages"}],"about":[{"href":"https:\/\/medicaltravel.net\/tr\/wp-json\/wp\/v2\/types\/page"}],"author":[{"embeddable":true,"href":"https:\/\/medicaltravel.net\/tr\/wp-json\/wp\/v2\/users\/4"}],"replies":[{"embeddable":true,"href":"https:\/\/medicaltravel.net\/tr\/wp-json\/wp\/v2\/comments?post=2495"}],"version-history":[{"count":7,"href":"https:\/\/medicaltravel.net\/tr\/wp-json\/wp\/v2\/pages\/2495\/revisions"}],"predecessor-version":[{"id":2707,"href":"https:\/\/medicaltravel.net\/tr\/wp-json\/wp\/v2\/pages\/2495\/revisions\/2707"}],"up":[{"embeddable":true,"href":"https:\/\/medicaltravel.net\/tr\/wp-json\/wp\/v2\/pages\/2477"}],"wp:attachment":[{"href":"https:\/\/medicaltravel.net\/tr\/wp-json\/wp\/v2\/media?parent=2495"}],"curies":[{"name":"wp","href":"https:\/\/api.w.org\/{rel}","templated":true}]}}