{"id":2502,"date":"2025-09-29T09:07:23","date_gmt":"2025-09-29T08:07:23","guid":{"rendered":"https:\/\/medicaltravel.net\/kanser-tedavileri-turkiye-istanbul-antalya-izmir-bursa\/kanser-radyoterapisi-turkiye-istanbul-antalya-izmir-bursa\/truebeam-stx-turkiye-istanbul-antalya-izmir-ankara-bursa\/"},"modified":"2026-01-10T20:46:06","modified_gmt":"2026-01-10T19:46:06","slug":"truebeam-stx-turkiye-istanbul-antalya-izmir-ankara-bursa","status":"publish","type":"page","link":"https:\/\/medicaltravel.net\/tr\/kanser-tedavileri-turkiye-istanbul-antalya-izmir-bursa\/kanser-radyoterapisi-turkiye-istanbul-antalya-izmir-bursa\/truebeam-stx-turkiye-istanbul-antalya-izmir-ankara-bursa\/","title":{"rendered":"Truebeam STx T\u00fcrkiye \u0130stanbul Antalya \u0130zmir Ankara Bursa"},"content":{"rendered":"\t\t<div data-elementor-type=\"wp-page\" data-elementor-id=\"2502\" class=\"elementor elementor-2502 elementor-37\" data-elementor-post-type=\"page\">\n\t\t\t\t<div class=\"elementor-element elementor-element-5d23c537 e-flex e-con-boxed wpr-particle-no wpr-jarallax-no wpr-parallax-no wpr-sticky-section-no e-con e-parent\" data-id=\"5d23c537\" data-element_type=\"container\" data-e-type=\"container\">\n\t\t\t\t\t<div class=\"e-con-inner\">\n\t\t<div class=\"elementor-element elementor-element-5639f29 e-con-full e-flex wpr-particle-no wpr-jarallax-no wpr-parallax-no wpr-sticky-section-no e-con e-child\" data-id=\"5639f29\" data-element_type=\"container\" data-e-type=\"container\">\n\t\t\t\t<div class=\"elementor-element elementor-element-1e23ea1 elementor-widget elementor-widget-button\" data-id=\"1e23ea1\" data-element_type=\"widget\" data-e-type=\"widget\" data-widget_type=\"button.default\">\n\t\t\t\t\t\t\t\t\t\t<a class=\"elementor-button elementor-button-link elementor-size-sm\" href=\"https:\/\/medicaltravel.net\/tr\/kanser-tedavileri-turkiye-istanbul-antalya-izmir-bursa\/kanser-radyoterapisi-turkiye-istanbul-antalya-izmir-bursa\/gamma-knife-turkiye-istanbul-antalya-izmir-bursa-adana\/\">\n\t\t\t\t\t\t<span class=\"elementor-button-content-wrapper\">\n\t\t\t\t\t\t\t\t\t<span class=\"elementor-button-text\">Gamma Knife<\/span>\n\t\t\t\t\t<\/span>\n\t\t\t\t\t<\/a>\n\t\t\t\t\t\t\t\t<\/div>\n\t\t\t\t<div class=\"elementor-element elementor-element-a5e041d elementor-widget elementor-widget-button\" data-id=\"a5e041d\" data-element_type=\"widget\" data-e-type=\"widget\" data-widget_type=\"button.default\">\n\t\t\t\t\t\t\t\t\t\t<a class=\"elementor-button elementor-button-link elementor-size-sm\" href=\"https:\/\/medicaltravel.net\/tr\/kanser-tedavileri-turkiye-istanbul-antalya-izmir-bursa\/kanser-radyoterapisi-turkiye-istanbul-antalya-izmir-bursa\/cyber-knife-turkiye-istanbul-antalya-izmir-bursa-adana\/\">\n\t\t\t\t\t\t<span class=\"elementor-button-content-wrapper\">\n\t\t\t\t\t\t\t\t\t<span class=\"elementor-button-text\">Cyber Knife<\/span>\n\t\t\t\t\t<\/span>\n\t\t\t\t\t<\/a>\n\t\t\t\t\t\t\t\t<\/div>\n\t\t\t\t<div class=\"elementor-element elementor-element-486e15e elementor-widget elementor-widget-button\" data-id=\"486e15e\" data-element_type=\"widget\" data-e-type=\"widget\" data-widget_type=\"button.default\">\n\t\t\t\t\t\t\t\t\t\t<a class=\"elementor-button elementor-button-link elementor-size-sm\" href=\"https:\/\/medicaltravel.net\/tr\/kanser-tedavileri-turkiye-istanbul-antalya-izmir-bursa\/kanser-radyoterapisi-turkiye-istanbul-antalya-izmir-bursa\/tek-doz-tedavi-liac-turkiye-istanbul-antalya-izmir\/\">\n\t\t\t\t\t\t<span class=\"elementor-button-content-wrapper\">\n\t\t\t\t\t\t\t\t\t<span class=\"elementor-button-text\">Tek Doz Tedavi (Liac)<\/span>\n\t\t\t\t\t<\/span>\n\t\t\t\t\t<\/a>\n\t\t\t\t\t\t\t\t<\/div>\n\t\t\t\t<div class=\"elementor-element elementor-element-a9f1c48 elementor-widget elementor-widget-button\" data-id=\"a9f1c48\" data-element_type=\"widget\" data-e-type=\"widget\" data-widget_type=\"button.default\">\n\t\t\t\t\t\t\t\t\t\t<a class=\"elementor-button elementor-button-link elementor-size-sm\" href=\"https:\/\/medicaltravel.net\/tr\/kanser-tedavileri-turkiye-istanbul-antalya-izmir-bursa\/kanser-radyoterapisi-turkiye-istanbul-antalya-izmir-bursa\/truebeam-stx-turkiye-istanbul-antalya-izmir-ankara-bursa\/\">\n\t\t\t\t\t\t<span class=\"elementor-button-content-wrapper\">\n\t\t\t\t\t\t\t\t\t<span class=\"elementor-button-text\">Truebeam STx<\/span>\n\t\t\t\t\t<\/span>\n\t\t\t\t\t<\/a>\n\t\t\t\t\t\t\t\t<\/div>\n\t\t\t\t<\/div>\n\t\t\t\t<div class=\"elementor-element elementor-element-63949efe elementor-widget elementor-widget-text-editor\" data-id=\"63949efe\" data-element_type=\"widget\" data-e-type=\"widget\" data-widget_type=\"text-editor.default\">\n\t\t\t\t\t\t\t\t\t\n<h3 class=\"wp-block-heading\">Truebeam STx T\u00fcrkiye\u2019de \u0130stanbul Antalya \u0130zmir Ankara Bursa\u2019da<\/h3>\n\n<p>Truebeam STx cihaz\u0131, hastay\u0131 tedavi pozisyonuna yerle\u015ftiren ve solunum takibi, pozisyon kontrol\u00fc ve d\u00fczeltme yapan ikinci ve daha hassas bir sistemle desteklenmi\u015ftir. Novalis-ExacTrac ad\u0131 verilen bu ek sistem sayesinde 6 boyutlu pozisyon d\u00fczeltmesi m\u00fcmk\u00fcnd\u00fcr. Daha g\u00fc\u00e7l\u00fc g\u00f6r\u00fcnt\u00fcleme rehberli\u011finde radyoterapi ve hedeflenen hacme daha d\u00fc\u015f\u00fck marj ile \u0131\u015f\u0131n uygulanmas\u0131 TrueBeam ile m\u00fcmk\u00fcnd\u00fcr. B\u00f6ylece sa\u011fl\u0131kl\u0131 dokular\u0131n radyasyona maruz kalmas\u0131n\u0131n \u00f6nlenmesine bir ad\u0131m daha yakla\u015f\u0131lm\u0131\u015f olur. Di\u011fer tedavi cihazlar\u0131ndan farkl\u0131 tasarlanm\u0131\u015f yeni radyasyon \u00fcretim ve uygulama se\u00e7enekleri ile kanser tedavisinde yepyeni bir \u00e7a\u011f\u0131n kap\u0131lar\u0131 a\u00e7\u0131lm\u0131\u015ft\u0131r.    <\/p>\n\n<h3 class=\"wp-block-heading\">T\u00fcm yeni radyoterapi teknikleri tek bir cihazda sunulmaktad\u0131r<\/h3>\n\n<figure class=\"wp-block-image size-full\"><img fetchpriority=\"high\" decoding=\"async\" width=\"560\" height=\"361\" class=\"wp-image-186\" src=\"https:\/\/medicaltravel.net\/wp-content\/uploads\/2025\/09\/TRUEBEAM-TEAM.jpg\" alt=\"\" srcset=\"https:\/\/medicaltravel.net\/wp-content\/uploads\/2025\/09\/TRUEBEAM-TEAM.jpg 560w, https:\/\/medicaltravel.net\/wp-content\/uploads\/2025\/09\/TRUEBEAM-TEAM-300x193.jpg 300w\" sizes=\"(max-width: 560px) 100vw, 560px\" \/><\/figure>\n\n<p id=\"caption-attachment-339\">T\u00fcrkiye\u2019de t\u00fcm\u00f6r tedavisi i\u00e7in TRUEBEAM STx<\/p>\n\n<ul class=\"wp-block-list\">\n<li>Cihaz her t\u00fcrl\u00fc basit radyasyonu uygulayabilse de, ayn\u0131 zamanda t\u00fcm\u00f6r yap\u0131s\u0131na g\u00f6re \u0131\u015f\u0131n\u0131 \u015fekillendiren konformal teknik, IMRT (yo\u011funluk ayarl\u0131 radyoterapi) ve IGRT (g\u00f6r\u00fcnt\u00fc rehberli\u011finde radyoterapi) teknikleri ile RapidArc (hastan\u0131n tedavi s\u00fcresini k\u0131saltan hacim bazl\u0131 yo\u011funluk ayarl\u0131 tedavi) ve en hassas g\u00f6r\u00fcnt\u00fcleme ve uygulama yeteneklerine sahip radyocerrahi y\u00f6ntemlerini de i\u00e7ermektedir.<\/li>\n\n<li>Y\u00fcksek dozla \u00fc\u00e7 boyutta bir hedefe odaklanan ve bu nedenle hedefi cerrahi ile almakla ayn\u0131 sonu\u00e7lar\u0131 elde edebilen Radyocerrahi (SRS) tekni\u011fi de TrueBeam STx ile uygulanabilir.<\/li>\n\n<li>V\u00fccudun herhangi bir b\u00f6lgesindeki k\u00fc\u00e7\u00fck hacimli t\u00fcm\u00f6rlerin daha az seansta (3-5 seans) g\u00fcvenli bir \u015fekilde tedavi edildi\u011fi SBRT tekni\u011fi de bu cihaz ile m\u00fcmk\u00fcnd\u00fcr.<\/li>\n<\/ul>\n\n<figure class=\"wp-block-image size-full\"><img decoding=\"async\" width=\"250\" height=\"176\" class=\"wp-image-187\" src=\"https:\/\/medicaltravel.net\/wp-content\/uploads\/2025\/09\/RTEmagicC_814e8ec54d.jpg.jpg\" alt=\"\"><\/figure>\n\n<p id=\"caption-attachment-344\">Truebeam STx T\u00fcrkiye<\/p>\n\n<h3 class=\"wp-block-heading\">Sa\u011fl\u0131kl\u0131 dokular korunur ve tedavi s\u00fcresi 4 ila 8 kat k\u0131salt\u0131l\u0131r<\/h3>\n\n<p>Cihaz\u0131n en \u00f6nemli \u00f6zelli\u011fi, daha h\u0131zl\u0131, daha g\u00fcvenli ve daha etkili tedavi sa\u011flayabilmesidir. Bu cihaz ile 0,5 mm\u2019den daha az hassasiyetle bir hedef belirlemek ve \u00e7ok k\u0131sa s\u00fcrede radyasyon uygulamak m\u00fcmk\u00fcnd\u00fcr. Cihaz\u0131n tek seansta \u00e7ok y\u00fcksek doz verebilmesini sa\u011flayan bu \u00f6zelli\u011fi sayesinde, 25-35 seans yerine 3-5 seansl\u0131k k\u0131sa toplam tedavi s\u00fcresinde ba\u015far\u0131l\u0131 uygulamalar ger\u00e7ekle\u015ftirmek m\u00fcmk\u00fcnd\u00fcr. Tedavinin 4 ila 8 kat k\u0131salmas\u0131, hastan\u0131n radyasyon s\u0131ras\u0131nda belirli bir pozisyonda hareketsiz kalmas\u0131 gereken s\u00fcreyi de azalt\u0131r. B\u00f6ylece hastan\u0131n tedavisi s\u0131ras\u0131nda t\u00fcm\u00f6r\u00fcn hareketlerinden kaynaklanan belirsizlikler minimuma indirilir. Radyoterapinin hedefin merkezine odaklanabilmesi, sa\u011fl\u0131kl\u0131 dokular\u0131n daha az radyasyona maruz kalmas\u0131 demektir. Ayr\u0131ca cihaz\u0131n, akci\u011fer, karaci\u011fer ve meme gibi solunum gerektiren organlarda radyasyon uygulan\u0131rken solunumu izleyebilme yetene\u011fi sayesinde daha az sa\u011fl\u0131kl\u0131 doku zarar g\u00f6r\u00fcr ve daha y\u00fcksek doz verilebilir.      <\/p>\n\n<h3 class=\"wp-block-heading\">Uygulaman\u0131n do\u011frulu\u011funu milisaniye aral\u0131klarla kontrol eder<\/h3>\n\n<p>Radyoterapide h\u00e2l\u00e2 kullan\u0131lan lineer h\u0131zland\u0131r\u0131c\u0131 cihazlar\u0131n en y\u00fcksek teknolojik modeli olan cihaz, t\u00fcm tedaviyi bilgisayar kontrol\u00fc ile uygular. Sistem insan hatas\u0131n\u0131 minimuma indirir ve hastan\u0131n planland\u0131\u011f\u0131 \u015fekilde tedavi edilmesini sa\u011flamak i\u00e7in tedavi boyunca kolimat\u00f6r sistemi ile milisaniye aral\u0131klarla uygulaman\u0131n do\u011frulu\u011funu kontrol eder. Cihazdaki kolimat\u00f6r sistemi, radyasyonun s\u00fcrekli olarak kontrol edilmesini sa\u011flar ve hastan\u0131n en do\u011fru \u015fekilde tedavi almas\u0131na olanak tan\u0131r. Tedavi masas\u0131 ve hastan\u0131n pozisyonunu senkronize \u015fekilde g\u00f6r\u00fcnt\u00fcleyen sistemler, hasta yerle\u015ftirme h\u0131z\u0131n\u0131 ve do\u011frulu\u011funu art\u0131r\u0131r.   <\/p>\n\n<h3 class=\"wp-block-heading\">Radyoterapi gerektiren t\u00fcm t\u00fcm\u00f6rler i\u00e7in tedavi sa\u011flar.<\/h3>\n\n<p>Radyoterapi gerektiren t\u00fcm t\u00fcm\u00f6rler bu cihaz ile g\u00fcvenli bir \u015fekilde tedavi edilebilir. \u00d6zellikle ba\u015f b\u00f6lgesinde bulunan t\u00fcm\u00f6rler ve v\u00fccuttaki k\u00fc\u00e7\u00fck hacimli t\u00fcm\u00f6rler ile riskli organlar\u0131n yan\u0131nda yer alan t\u00fcm\u00f6rler i\u00e7in kullan\u0131\u015fl\u0131d\u0131r. Akci\u011fer ve omurilik t\u00fcm\u00f6rlerinin tedavisi ile ikinci seri radyoterapi i\u00e7in uygun bir y\u00f6ntem sa\u011flar. Gamma Knife cihaz\u0131 ile sa\u011flanan tedavi do\u011fruluk kalitesi, boyut ve konumlar\u0131 nedeniyle Gamma Knife cihaz\u0131 tedavisine uygun olmayan ba\u015f b\u00f6lgesindeki t\u00fcm\u00f6rlerde de bu cihaz ile uygulanabilir.   <\/p>\n\n<figure class=\"wp-block-image size-full\"><img decoding=\"async\" width=\"250\" height=\"228\" class=\"wp-image-189\" src=\"https:\/\/medicaltravel.net\/wp-content\/uploads\/2025\/09\/RTEmagicC_b2f70c5e41.jpg.jpg\" alt=\"\"><\/figure>\n\n<p id=\"caption-attachment-346\">Truebeam STx \u0130stanbul<\/p>\n\n<h3 class=\"wp-block-heading\">Avantajlar\u0131 nelerdir?<\/h3>\n\n<p>Kanser tedavisinde en \u00fcst d\u00fczey teknolojik bir cihaz olarak TrueBeam STx hastaya \u00e7ok \u00f6nemli avantajlar sa\u011flar.<\/p>\n\n<ul class=\"wp-block-list\">\n<li>T\u00fcm\u00f6r\u00fc \u00e7ok k\u0131sa s\u00fcrede y\u00fcksek dozla tedavi etmeyi m\u00fcmk\u00fcn k\u0131lar. Radyasyonun \u00e7ok k\u0131sa s\u00fcrede uygulanabilme yetene\u011fi ile k\u0131salt\u0131lan radyoterapi s\u00fcresi, tedavinin do\u011frulu\u011funu ve hastan\u0131n konforunu art\u0131r\u0131r. <\/li>\n\n<li>G\u00f6r\u00fcnt\u00fc kalitesi \u00e7ok y\u00fcksektir. B\u00f6ylece radyologlar k\u00fc\u00e7\u00fck detaylar\u0131 daha iyi g\u00f6rebilir. <\/li>\n\n<li>Ayr\u0131ca IGRT (g\u00f6r\u00fcnt\u00fc rehberli\u011finde radyoterapi) sistemleri sayesinde hedef pozisyonunun tam ayar\u0131 daha hassas ve k\u0131sa s\u00fcrede yap\u0131labilir.<\/li>\n\n<li>G\u00f6r\u00fcnt\u00fcleme sistemleri ile hastalara verilen ek radyasyon bu sistem ile %25 daha azd\u0131r.<\/li>\n\n<li>Mekanik do\u011frulu\u011fun bir milimetrenin alt\u0131nda olmas\u0131, \u0131\u015f\u0131nlar\u0131 hedefe do\u011fru odaklamak a\u00e7\u0131s\u0131ndan hayati \u00f6neme sahiptir. Bu, hastan\u0131n tedavisinin plana uygun \u015fekilde yap\u0131labilmesini sa\u011flar. <\/li>\n\n<li>Mekanik sistemin di\u011fer cihazlardan daha h\u0131zl\u0131 hareket edebilme yetene\u011fi, tedavi s\u00fcresini 4 ila 8 kat k\u0131salt\u0131r.<\/li>\n<\/ul>\n\t\t\t\t\t\t\t\t<\/div>\n\t\t\t\t\t<\/div>\n\t\t\t\t<\/div>\n\t\t\t\t<\/div>\n\t\t","protected":false},"excerpt":{"rendered":"<p>Gamma Knife Cyber Knife Tek Doz Tedavi (Liac) Truebeam STx Truebeam STx T\u00fcrkiye\u2019de \u0130stanbul Antalya \u0130zmir Ankara Bursa\u2019da Truebeam STx cihaz\u0131, hastay\u0131 tedavi pozisyonuna yerle\u015ftiren ve solunum takibi, pozisyon kontrol\u00fc ve d\u00fczeltme yapan ikinci ve daha hassas bir sistemle desteklenmi\u015ftir. Novalis-ExacTrac ad\u0131 verilen bu ek sistem sayesinde 6 boyutlu pozisyon d\u00fczeltmesi m\u00fcmk\u00fcnd\u00fcr. Daha g\u00fc\u00e7l\u00fc g\u00f6r\u00fcnt\u00fcleme rehberli\u011finde radyoterapi ve hedeflenen hacme daha d\u00fc\u015f\u00fck marj ile \u0131\u015f\u0131n uygulanmas\u0131 TrueBeam ile m\u00fcmk\u00fcnd\u00fcr. B\u00f6ylece sa\u011fl\u0131kl\u0131 dokular\u0131n radyasyona maruz kalmas\u0131n\u0131n \u00f6nlenmesine bir ad\u0131m daha yakla\u015f\u0131lm\u0131\u015f olur. Di\u011fer tedavi cihazlar\u0131ndan farkl\u0131 tasarlanm\u0131\u015f yeni radyasyon \u00fcretim ve uygulama se\u00e7enekleri ile kanser tedavisinde yepyeni bir \u00e7a\u011f\u0131n kap\u0131lar\u0131 a\u00e7\u0131lm\u0131\u015ft\u0131r. T\u00fcm yeni radyoterapi teknikleri tek bir cihazda sunulmaktad\u0131r T\u00fcrkiye\u2019de t\u00fcm\u00f6r tedavisi i\u00e7in TRUEBEAM STx Cihaz her t\u00fcrl\u00fc basit radyasyonu uygulayabilse de, ayn\u0131 zamanda t\u00fcm\u00f6r yap\u0131s\u0131na g\u00f6re \u0131\u015f\u0131n\u0131 \u015fekillendiren konformal teknik, IMRT (yo\u011funluk ayarl\u0131 radyoterapi) ve IGRT (g\u00f6r\u00fcnt\u00fc rehberli\u011finde radyoterapi) teknikleri ile RapidArc (hastan\u0131n tedavi s\u00fcresini k\u0131saltan hacim bazl\u0131 yo\u011funluk ayarl\u0131 tedavi) ve en hassas g\u00f6r\u00fcnt\u00fcleme ve uygulama yeteneklerine sahip radyocerrahi y\u00f6ntemlerini de i\u00e7ermektedir. Y\u00fcksek dozla \u00fc\u00e7 boyutta bir hedefe odaklanan ve bu nedenle hedefi cerrahi ile almakla ayn\u0131 sonu\u00e7lar\u0131 elde edebilen Radyocerrahi (SRS) tekni\u011fi de TrueBeam STx ile uygulanabilir. V\u00fccudun herhangi bir b\u00f6lgesindeki k\u00fc\u00e7\u00fck hacimli t\u00fcm\u00f6rlerin daha az seansta (3-5 seans) g\u00fcvenli bir \u015fekilde tedavi edildi\u011fi SBRT tekni\u011fi de bu cihaz ile m\u00fcmk\u00fcnd\u00fcr. Truebeam STx T\u00fcrkiye Sa\u011fl\u0131kl\u0131 dokular korunur ve tedavi s\u00fcresi 4 ila 8 kat k\u0131salt\u0131l\u0131r Cihaz\u0131n en \u00f6nemli \u00f6zelli\u011fi, daha h\u0131zl\u0131, daha g\u00fcvenli ve daha etkili tedavi sa\u011flayabilmesidir. Bu cihaz ile 0,5 mm\u2019den daha az hassasiyetle bir hedef belirlemek ve \u00e7ok k\u0131sa s\u00fcrede radyasyon uygulamak m\u00fcmk\u00fcnd\u00fcr. Cihaz\u0131n tek seansta \u00e7ok y\u00fcksek doz verebilmesini sa\u011flayan bu \u00f6zelli\u011fi sayesinde, 25-35 seans yerine 3-5 seansl\u0131k k\u0131sa toplam tedavi s\u00fcresinde ba\u015far\u0131l\u0131 uygulamalar ger\u00e7ekle\u015ftirmek m\u00fcmk\u00fcnd\u00fcr. Tedavinin 4 ila 8 kat k\u0131salmas\u0131, hastan\u0131n radyasyon s\u0131ras\u0131nda belirli bir pozisyonda hareketsiz kalmas\u0131 gereken s\u00fcreyi de azalt\u0131r. B\u00f6ylece hastan\u0131n tedavisi s\u0131ras\u0131nda t\u00fcm\u00f6r\u00fcn hareketlerinden kaynaklanan belirsizlikler minimuma indirilir. Radyoterapinin hedefin merkezine odaklanabilmesi, sa\u011fl\u0131kl\u0131 dokular\u0131n daha az radyasyona maruz kalmas\u0131 demektir. Ayr\u0131ca cihaz\u0131n, akci\u011fer, karaci\u011fer ve meme gibi solunum gerektiren organlarda radyasyon uygulan\u0131rken solunumu izleyebilme yetene\u011fi sayesinde daha az sa\u011fl\u0131kl\u0131 doku zarar g\u00f6r\u00fcr ve daha y\u00fcksek doz verilebilir. Uygulaman\u0131n do\u011frulu\u011funu milisaniye aral\u0131klarla kontrol eder Radyoterapide h\u00e2l\u00e2 kullan\u0131lan lineer h\u0131zland\u0131r\u0131c\u0131 cihazlar\u0131n en y\u00fcksek teknolojik modeli olan cihaz, t\u00fcm tedaviyi bilgisayar kontrol\u00fc ile uygular. Sistem insan hatas\u0131n\u0131 minimuma indirir ve hastan\u0131n planland\u0131\u011f\u0131 \u015fekilde tedavi edilmesini sa\u011flamak i\u00e7in tedavi boyunca kolimat\u00f6r sistemi ile milisaniye aral\u0131klarla uygulaman\u0131n do\u011frulu\u011funu kontrol eder. Cihazdaki kolimat\u00f6r sistemi, radyasyonun s\u00fcrekli olarak kontrol edilmesini sa\u011flar ve hastan\u0131n en do\u011fru \u015fekilde tedavi almas\u0131na olanak tan\u0131r. Tedavi masas\u0131 ve hastan\u0131n pozisyonunu senkronize \u015fekilde g\u00f6r\u00fcnt\u00fcleyen sistemler, hasta yerle\u015ftirme h\u0131z\u0131n\u0131 ve do\u011frulu\u011funu art\u0131r\u0131r. Radyoterapi gerektiren t\u00fcm t\u00fcm\u00f6rler i\u00e7in tedavi sa\u011flar. Radyoterapi gerektiren t\u00fcm t\u00fcm\u00f6rler bu cihaz ile g\u00fcvenli bir \u015fekilde tedavi edilebilir. \u00d6zellikle ba\u015f b\u00f6lgesinde bulunan t\u00fcm\u00f6rler ve v\u00fccuttaki k\u00fc\u00e7\u00fck hacimli t\u00fcm\u00f6rler ile riskli organlar\u0131n yan\u0131nda yer alan t\u00fcm\u00f6rler i\u00e7in kullan\u0131\u015fl\u0131d\u0131r. Akci\u011fer ve omurilik t\u00fcm\u00f6rlerinin tedavisi ile ikinci seri radyoterapi i\u00e7in uygun bir y\u00f6ntem sa\u011flar. Gamma Knife cihaz\u0131 ile sa\u011flanan tedavi do\u011fruluk kalitesi, boyut ve konumlar\u0131 nedeniyle Gamma Knife cihaz\u0131 tedavisine uygun olmayan ba\u015f b\u00f6lgesindeki t\u00fcm\u00f6rlerde de bu cihaz ile uygulanabilir. Truebeam STx \u0130stanbul Avantajlar\u0131 nelerdir? Kanser tedavisinde en \u00fcst d\u00fczey teknolojik bir cihaz olarak TrueBeam STx hastaya \u00e7ok \u00f6nemli avantajlar sa\u011flar. T\u00fcm\u00f6r\u00fc \u00e7ok k\u0131sa s\u00fcrede y\u00fcksek dozla tedavi etmeyi m\u00fcmk\u00fcn k\u0131lar. Radyasyonun \u00e7ok k\u0131sa s\u00fcrede uygulanabilme yetene\u011fi ile k\u0131salt\u0131lan radyoterapi s\u00fcresi, tedavinin do\u011frulu\u011funu ve hastan\u0131n konforunu art\u0131r\u0131r. G\u00f6r\u00fcnt\u00fc kalitesi \u00e7ok y\u00fcksektir. B\u00f6ylece radyologlar k\u00fc\u00e7\u00fck detaylar\u0131 daha iyi g\u00f6rebilir. Ayr\u0131ca IGRT (g\u00f6r\u00fcnt\u00fc rehberli\u011finde radyoterapi) sistemleri sayesinde hedef pozisyonunun tam ayar\u0131 daha hassas ve k\u0131sa s\u00fcrede yap\u0131labilir. G\u00f6r\u00fcnt\u00fcleme sistemleri ile hastalara verilen ek radyasyon bu sistem ile %25 daha azd\u0131r. Mekanik do\u011frulu\u011fun bir milimetrenin alt\u0131nda olmas\u0131, \u0131\u015f\u0131nlar\u0131 hedefe do\u011fru odaklamak a\u00e7\u0131s\u0131ndan hayati \u00f6neme sahiptir. Bu, hastan\u0131n tedavisinin plana uygun \u015fekilde yap\u0131labilmesini sa\u011flar. Mekanik sistemin di\u011fer cihazlardan daha h\u0131zl\u0131 hareket edebilme yetene\u011fi, tedavi s\u00fcresini 4 ila 8 kat k\u0131salt\u0131r.<\/p>\n","protected":false},"author":4,"featured_media":0,"parent":2477,"menu_order":0,"comment_status":"closed","ping_status":"closed","template":"","meta":{"_joinchat":[],"footnotes":""},"class_list":["post-2502","page","type-page","status-publish","hentry"],"acf":[],"_links":{"self":[{"href":"https:\/\/medicaltravel.net\/tr\/wp-json\/wp\/v2\/pages\/2502","targetHints":{"allow":["GET"]}}],"collection":[{"href":"https:\/\/medicaltravel.net\/tr\/wp-json\/wp\/v2\/pages"}],"about":[{"href":"https:\/\/medicaltravel.net\/tr\/wp-json\/wp\/v2\/types\/page"}],"author":[{"embeddable":true,"href":"https:\/\/medicaltravel.net\/tr\/wp-json\/wp\/v2\/users\/4"}],"replies":[{"embeddable":true,"href":"https:\/\/medicaltravel.net\/tr\/wp-json\/wp\/v2\/comments?post=2502"}],"version-history":[{"count":3,"href":"https:\/\/medicaltravel.net\/tr\/wp-json\/wp\/v2\/pages\/2502\/revisions"}],"predecessor-version":[{"id":2505,"href":"https:\/\/medicaltravel.net\/tr\/wp-json\/wp\/v2\/pages\/2502\/revisions\/2505"}],"up":[{"embeddable":true,"href":"https:\/\/medicaltravel.net\/tr\/wp-json\/wp\/v2\/pages\/2477"}],"wp:attachment":[{"href":"https:\/\/medicaltravel.net\/tr\/wp-json\/wp\/v2\/media?parent=2502"}],"curies":[{"name":"wp","href":"https:\/\/api.w.org\/{rel}","templated":true}]}}