{"id":2506,"date":"2025-09-29T09:11:03","date_gmt":"2025-09-29T08:11:03","guid":{"rendered":"https:\/\/medicaltravel.net\/kanser-tedavileri-turkiye-istanbul-antalya-izmir-bursa\/cerrahi-onkoloji-turkiye-istanbul-antalya-izmir-bursa-ankara-da-vinci\/"},"modified":"2026-01-11T15:05:19","modified_gmt":"2026-01-11T14:05:19","slug":"cerrahi-onkoloji-turkiye-istanbul-antalya-izmir-bursa-ankara-da-vinci","status":"publish","type":"page","link":"https:\/\/medicaltravel.net\/tr\/kanser-tedavileri-turkiye-istanbul-antalya-izmir-bursa\/cerrahi-onkoloji-turkiye-istanbul-antalya-izmir-bursa-ankara-da-vinci\/","title":{"rendered":"Cerrahi Onkoloji T\u00fcrkiye \u0130stanbul Antalya \u0130zmir Bursa Ankara Da Vinci"},"content":{"rendered":"\t\t<div data-elementor-type=\"wp-page\" data-elementor-id=\"2506\" class=\"elementor elementor-2506 elementor-39\" data-elementor-post-type=\"page\">\n\t\t\t\t<div class=\"elementor-element elementor-element-2f192a7c e-flex e-con-boxed wpr-particle-no wpr-jarallax-no wpr-parallax-no wpr-sticky-section-no e-con e-parent\" data-id=\"2f192a7c\" data-element_type=\"container\" data-e-type=\"container\">\n\t\t\t\t\t<div class=\"e-con-inner\">\n\t\t<div class=\"elementor-element elementor-element-a2b7d3b e-con-full e-flex wpr-particle-no wpr-jarallax-no wpr-parallax-no wpr-sticky-section-no e-con e-child\" data-id=\"a2b7d3b\" data-element_type=\"container\" data-e-type=\"container\">\n\t\t\t\t<div class=\"elementor-element elementor-element-7e42324 elementor-widget elementor-widget-button\" data-id=\"7e42324\" data-element_type=\"widget\" data-e-type=\"widget\" data-widget_type=\"button.default\">\n\t\t\t\t\t\t\t\t\t\t<a class=\"elementor-button elementor-button-link elementor-size-sm\" href=\"https:\/\/medicaltravel.net\/tr\/kanser-tedavileri-turkiye-istanbul-antalya-izmir-bursa\/kanser-radyoterapisi-turkiye-istanbul-antalya-izmir-bursa\/\">\n\t\t\t\t\t\t<span class=\"elementor-button-content-wrapper\">\n\t\t\t\t\t\t\t\t\t<span class=\"elementor-button-text\">Kanser Radyoterapisi<\/span>\n\t\t\t\t\t<\/span>\n\t\t\t\t\t<\/a>\n\t\t\t\t\t\t\t\t<\/div>\n\t\t\t\t<div class=\"elementor-element elementor-element-d921b00 elementor-widget elementor-widget-button\" data-id=\"d921b00\" data-element_type=\"widget\" data-e-type=\"widget\" data-widget_type=\"button.default\">\n\t\t\t\t\t\t\t\t\t\t<a class=\"elementor-button elementor-button-link elementor-size-sm\" href=\"https:\/\/medicaltravel.net\/tr\/kanser-tedavileri-turkiye-istanbul-antalya-izmir-bursa\/cerrahi-onkoloji-turkiye-istanbul-antalya-izmir-bursa-ankara-da-vinci\/\">\n\t\t\t\t\t\t<span class=\"elementor-button-content-wrapper\">\n\t\t\t\t\t\t\t\t\t<span class=\"elementor-button-text\">Cerrahi Onkoloji<\/span>\n\t\t\t\t\t<\/span>\n\t\t\t\t\t<\/a>\n\t\t\t\t\t\t\t\t<\/div>\n\t\t\t\t<\/div>\n\t\t\t\t<div class=\"elementor-element elementor-element-aa2dc19 elementor-widget elementor-widget-text-editor\" data-id=\"aa2dc19\" data-element_type=\"widget\" data-e-type=\"widget\" data-widget_type=\"text-editor.default\">\n\t\t\t\t\t\t\t\t\t\n<h3 class=\"wp-block-heading\"><br>Cerrahi Onkoloji T\u00fcrkiye\u2019de \u0130stanbul Antalya \u0130zmir Bursa Ankara<br>Da Vinci<\/h3>\n\n\n\n<h3 class=\"wp-block-heading\">Kanseri tedavi etmek i\u00e7in kanseri fiziksel olarak \u00e7\u0131karma ameliyat\u0131<\/h3>\n\n\n\n<h3 class=\"wp-block-heading\">Cerrahi Tedavi Uygulama Alanlar\u0131<\/h3>\n\n\n\n<p>K\u00fcratif cerrahi de cerrahi onkoloji kapsam\u0131nda uygulan\u0131r. Ancak k\u00fcratif cerrahinin uygulanabilmesi i\u00e7in \u00f6n ko\u015ful, hastal\u0131\u011f\u0131n ilk ortaya \u00e7\u0131kt\u0131\u011f\u0131 organ veya lenf d\u00fc\u011f\u00fcmleri ile s\u0131n\u0131rl\u0131 olmas\u0131d\u0131r. Bu hastalarda uzak metastaz bulunmamal\u0131 ve patolojik olarak cerrahi rezeksiyon ile elde edilen kesitte t\u00fcm\u00f6r bulunmamal\u0131d\u0131r.  <\/p>\n\n\n\n<p>T\u00fcm\u00f6rler, s\u0131n\u0131rlar\u0131 iyi belirlendi\u011fi takdirde hastalardan tamamen \u00e7\u0131kar\u0131labilir. Ancak t\u00fcm\u00f6r\u00fcn tamamen \u00e7\u0131kar\u0131lamad\u0131\u011f\u0131 durumlar da vard\u0131r. Bu t\u00fcr durumlarda, k\u00fctleyi azaltmak amac\u0131yla debulking cerrahisi uygulanabilir. Ayr\u0131ca say\u0131ca az olan metastazlar\u0131n \u00e7\u0131kar\u0131lmas\u0131, hastan\u0131n sa\u011fl\u0131kl\u0131 bir iyile\u015fme \u015fans\u0131n\u0131 art\u0131r\u0131r.   <\/p>\n\n\n\n<h3 class=\"wp-block-heading\">T\u00fcrkiye\u2019de \u201cda Vinci\u201d ile Robotik Cerrahi &#8211; \u0130stanbul<\/h3>\n\n\n\n<p>\u201cda Vinci\u201d cerrahi robotu ile yap\u0131lan laparoskopik i\u015flemler Robotik Cerrahi olarak tan\u0131mlan\u0131r. Bu i\u015flemler hastaya bir\u00e7ok avantaj sa\u011flar. Daha az a\u011fr\u0131, ciltte minimum iz, daha k\u0131sa hastanede kal\u0131\u015f s\u00fcresi gibi t\u00fcm laparoskopik i\u015flemlerin ortak avantajlar\u0131na ek olarak, daha az kanama olur ve operasyonun ba\u015far\u0131 oran\u0131 daha y\u00fcksektir. \u201cda Vinci\u201d robotik cerrahi \u00f6zellikle bu ana alanlarda uygulan\u0131r; Jinekoloji, Jinekolojik Onkoloji, \u00dcroloji, Kalp ve Damar Cerrahisi, Genel Cerrahi ve Kulak-Burun-Bo\u011faz cerrahisi.   <\/p>\n\t\t\t\t\t\t\t\t<\/div>\n\t\t\t\t\t<\/div>\n\t\t\t\t<\/div>\n\t\t\t\t<\/div>\n\t\t","protected":false},"excerpt":{"rendered":"<p>Kanser Radyoterapisi Cerrahi Onkoloji Cerrahi Onkoloji T\u00fcrkiye\u2019de \u0130stanbul Antalya \u0130zmir Bursa AnkaraDa Vinci Kanseri tedavi etmek i\u00e7in kanseri fiziksel olarak \u00e7\u0131karma ameliyat\u0131 Cerrahi Tedavi Uygulama Alanlar\u0131 K\u00fcratif cerrahi de cerrahi onkoloji kapsam\u0131nda uygulan\u0131r. Ancak k\u00fcratif cerrahinin uygulanabilmesi i\u00e7in \u00f6n ko\u015ful, hastal\u0131\u011f\u0131n ilk ortaya \u00e7\u0131kt\u0131\u011f\u0131 organ veya lenf d\u00fc\u011f\u00fcmleri ile s\u0131n\u0131rl\u0131 olmas\u0131d\u0131r. Bu hastalarda uzak metastaz bulunmamal\u0131 ve patolojik olarak cerrahi rezeksiyon ile elde edilen kesitte t\u00fcm\u00f6r bulunmamal\u0131d\u0131r. T\u00fcm\u00f6rler, s\u0131n\u0131rlar\u0131 iyi belirlendi\u011fi takdirde hastalardan tamamen \u00e7\u0131kar\u0131labilir. Ancak t\u00fcm\u00f6r\u00fcn tamamen \u00e7\u0131kar\u0131lamad\u0131\u011f\u0131 durumlar da vard\u0131r. Bu t\u00fcr durumlarda, k\u00fctleyi azaltmak amac\u0131yla debulking cerrahisi uygulanabilir. Ayr\u0131ca say\u0131ca az olan metastazlar\u0131n \u00e7\u0131kar\u0131lmas\u0131, hastan\u0131n sa\u011fl\u0131kl\u0131 bir iyile\u015fme \u015fans\u0131n\u0131 art\u0131r\u0131r. T\u00fcrkiye\u2019de \u201cda Vinci\u201d ile Robotik Cerrahi &#8211; \u0130stanbul \u201cda Vinci\u201d cerrahi robotu ile yap\u0131lan laparoskopik i\u015flemler Robotik Cerrahi olarak tan\u0131mlan\u0131r. Bu i\u015flemler hastaya bir\u00e7ok avantaj sa\u011flar. Daha az a\u011fr\u0131, ciltte minimum iz, daha k\u0131sa hastanede kal\u0131\u015f s\u00fcresi gibi t\u00fcm laparoskopik i\u015flemlerin ortak avantajlar\u0131na ek olarak, daha az kanama olur ve operasyonun ba\u015far\u0131 oran\u0131 daha y\u00fcksektir. \u201cda Vinci\u201d robotik cerrahi \u00f6zellikle bu ana alanlarda uygulan\u0131r; Jinekoloji, Jinekolojik Onkoloji, \u00dcroloji, Kalp ve Damar Cerrahisi, Genel Cerrahi ve Kulak-Burun-Bo\u011faz cerrahisi.<\/p>\n","protected":false},"author":4,"featured_media":0,"parent":2475,"menu_order":0,"comment_status":"closed","ping_status":"closed","template":"","meta":{"_joinchat":[],"footnotes":""},"class_list":["post-2506","page","type-page","status-publish","hentry"],"acf":[],"_links":{"self":[{"href":"https:\/\/medicaltravel.net\/tr\/wp-json\/wp\/v2\/pages\/2506","targetHints":{"allow":["GET"]}}],"collection":[{"href":"https:\/\/medicaltravel.net\/tr\/wp-json\/wp\/v2\/pages"}],"about":[{"href":"https:\/\/medicaltravel.net\/tr\/wp-json\/wp\/v2\/types\/page"}],"author":[{"embeddable":true,"href":"https:\/\/medicaltravel.net\/tr\/wp-json\/wp\/v2\/users\/4"}],"replies":[{"embeddable":true,"href":"https:\/\/medicaltravel.net\/tr\/wp-json\/wp\/v2\/comments?post=2506"}],"version-history":[{"count":9,"href":"https:\/\/medicaltravel.net\/tr\/wp-json\/wp\/v2\/pages\/2506\/revisions"}],"predecessor-version":[{"id":2715,"href":"https:\/\/medicaltravel.net\/tr\/wp-json\/wp\/v2\/pages\/2506\/revisions\/2715"}],"up":[{"embeddable":true,"href":"https:\/\/medicaltravel.net\/tr\/wp-json\/wp\/v2\/pages\/2475"}],"wp:attachment":[{"href":"https:\/\/medicaltravel.net\/tr\/wp-json\/wp\/v2\/media?parent=2506"}],"curies":[{"name":"wp","href":"https:\/\/api.w.org\/{rel}","templated":true}]}}