{"id":2514,"date":"2025-09-29T09:14:03","date_gmt":"2025-09-29T08:14:03","guid":{"rendered":"https:\/\/medicaltravel.net\/kardiyoloji-kalp-tedavileri-turkiye-istanbul-antalya-izmir-bursa\/"},"modified":"2026-01-11T15:05:12","modified_gmt":"2026-01-11T14:05:12","slug":"kardiyoloji-kalp-tedavileri-turkiye-istanbul-antalya-izmir-bursa","status":"publish","type":"page","link":"https:\/\/medicaltravel.net\/tr\/kardiyoloji-kalp-tedavileri-turkiye-istanbul-antalya-izmir-bursa\/","title":{"rendered":"Kardiyoloji Kalp Tedavileri T\u00fcrkiye \u0130stanbul Antalya \u0130zmir Bursa"},"content":{"rendered":"\t\t<div data-elementor-type=\"wp-page\" data-elementor-id=\"2514\" class=\"elementor elementor-2514 elementor-41\" data-elementor-post-type=\"page\">\n\t\t\t\t<div class=\"elementor-element elementor-element-1b14a8ed e-flex e-con-boxed wpr-particle-no wpr-jarallax-no wpr-parallax-no wpr-sticky-section-no e-con e-parent\" data-id=\"1b14a8ed\" data-element_type=\"container\" data-e-type=\"container\">\n\t\t\t\t\t<div class=\"e-con-inner\">\n\t\t<div class=\"elementor-element elementor-element-b7de59b e-con-full e-flex wpr-particle-no wpr-jarallax-no wpr-parallax-no wpr-sticky-section-no e-con e-child\" data-id=\"b7de59b\" data-element_type=\"container\" data-e-type=\"container\">\n\t\t\t\t<div class=\"elementor-element elementor-element-ae2a513 elementor-widget elementor-widget-button\" data-id=\"ae2a513\" data-element_type=\"widget\" data-e-type=\"widget\" data-widget_type=\"button.default\">\n\t\t\t\t\t\t\t\t\t\t<a class=\"elementor-button elementor-button-link elementor-size-sm\" href=\"https:\/\/medicaltravel.net\/tr\/kardiyoloji-kalp-tedavileri-turkiye-istanbul-antalya-izmir-bursa\/kalp-bakim-hizmeti-turkiye-istanbul-antalya-bursa-adana-kardiyovaskuler\/\">\n\t\t\t\t\t\t<span class=\"elementor-button-content-wrapper\">\n\t\t\t\t\t\t\t\t\t<span class=\"elementor-button-text\">Kalp Bak\u0131m Hizmetleri<\/span>\n\t\t\t\t\t<\/span>\n\t\t\t\t\t<\/a>\n\t\t\t\t\t\t\t\t<\/div>\n\t\t\t\t<div class=\"elementor-element elementor-element-88f2b92 elementor-widget elementor-widget-button\" data-id=\"88f2b92\" data-element_type=\"widget\" data-e-type=\"widget\" data-widget_type=\"button.default\">\n\t\t\t\t\t\t\t\t\t\t<a class=\"elementor-button elementor-button-link elementor-size-sm\" href=\"https:\/\/medicaltravel.net\/tr\/kardiyoloji-kalp-tedavileri-turkiye-istanbul-antalya-izmir-bursa\/cocuk-kalp-hastaliklari-tedavileri-turkiye-istanbul-antalya-izmir\/\">\n\t\t\t\t\t\t<span class=\"elementor-button-content-wrapper\">\n\t\t\t\t\t\t\t\t\t<span class=\"elementor-button-text\">\u00c7ocuk Kalp Hastal\u0131klar\u0131<\/span>\n\t\t\t\t\t<\/span>\n\t\t\t\t\t<\/a>\n\t\t\t\t\t\t\t\t<\/div>\n\t\t\t\t<div class=\"elementor-element elementor-element-16b00a6 elementor-widget elementor-widget-button\" data-id=\"16b00a6\" data-element_type=\"widget\" data-e-type=\"widget\" data-widget_type=\"button.default\">\n\t\t\t\t\t\t\t\t\t\t<a class=\"elementor-button elementor-button-link elementor-size-sm\" href=\"https:\/\/medicaltravel.net\/tr\/kardiyoloji-kalp-tedavileri-turkiye-istanbul-antalya-izmir-bursa\/yetiskin-kalp-hastaliklari-tedavileri-turkiye-istanbul-antalya-izmir\/\">\n\t\t\t\t\t\t<span class=\"elementor-button-content-wrapper\">\n\t\t\t\t\t\t\t\t\t<span class=\"elementor-button-text\">Yeti\u015fkin Kalp Hastal\u0131klar\u0131<\/span>\n\t\t\t\t\t<\/span>\n\t\t\t\t\t<\/a>\n\t\t\t\t\t\t\t\t<\/div>\n\t\t\t\t<div class=\"elementor-element elementor-element-ef4628e elementor-widget elementor-widget-button\" data-id=\"ef4628e\" data-element_type=\"widget\" data-e-type=\"widget\" data-widget_type=\"button.default\">\n\t\t\t\t\t\t\t\t\t\t<a class=\"elementor-button elementor-button-link elementor-size-sm\" href=\"https:\/\/medicaltravel.net\/tr\/kardiyoloji-kalp-tedavileri-turkiye-istanbul-antalya-izmir-bursa\/kalp-hastaliklari-tani-ve-tedavisi-turkiye-istanbul-antalya-izmir\/\">\n\t\t\t\t\t\t<span class=\"elementor-button-content-wrapper\">\n\t\t\t\t\t\t\t\t\t<span class=\"elementor-button-text\">Tan\u0131 ve Tedavi<\/span>\n\t\t\t\t\t<\/span>\n\t\t\t\t\t<\/a>\n\t\t\t\t\t\t\t\t<\/div>\n\t\t\t\t<div class=\"elementor-element elementor-element-25244c5 elementor-widget elementor-widget-button\" data-id=\"25244c5\" data-element_type=\"widget\" data-e-type=\"widget\" data-widget_type=\"button.default\">\n\t\t\t\t\t\t\t\t\t\t<a class=\"elementor-button elementor-button-link elementor-size-sm\" href=\"https:\/\/medicaltravel.net\/tr\/kardiyoloji-kalp-tedavileri-turkiye-istanbul-antalya-izmir-bursa\/girisimsel-kardiyoloji-yontemleri-turkiye-istanbul-antalya-izmir-anjiyoplasti-stent\/\">\n\t\t\t\t\t\t<span class=\"elementor-button-content-wrapper\">\n\t\t\t\t\t\t\t\t\t<span class=\"elementor-button-text\">Giri\u015fimsel M.<\/span>\n\t\t\t\t\t<\/span>\n\t\t\t\t\t<\/a>\n\t\t\t\t\t\t\t\t<\/div>\n\t\t\t\t<div class=\"elementor-element elementor-element-4cdae8e elementor-widget elementor-widget-button\" data-id=\"4cdae8e\" data-element_type=\"widget\" data-e-type=\"widget\" data-widget_type=\"button.default\">\n\t\t\t\t\t\t\t\t\t\t<a class=\"elementor-button elementor-button-link elementor-size-sm\" href=\"https:\/\/medicaltravel.net\/tr\/kardiyoloji-kalp-tedavileri-turkiye-istanbul-antalya-izmir-bursa\/robotik-cerrahi-da-vinci-turkiye-istanbul-antalya-izmir\/\">\n\t\t\t\t\t\t<span class=\"elementor-button-content-wrapper\">\n\t\t\t\t\t\t\t\t\t<span class=\"elementor-button-text\">Robotik Cerrahi<\/span>\n\t\t\t\t\t<\/span>\n\t\t\t\t\t<\/a>\n\t\t\t\t\t\t\t\t<\/div>\n\t\t\t\t<\/div>\n\t\t\t\t<div class=\"elementor-element elementor-element-6634d977 elementor-widget elementor-widget-text-editor\" data-id=\"6634d977\" data-element_type=\"widget\" data-e-type=\"widget\" data-widget_type=\"text-editor.default\">\n\t\t\t\t\t\t\t\t\t\n<h3 class=\"wp-block-heading\">KARD\u0130YOLOJ\u0130 &#8211; T\u00dcRK\u0130YE\u2019DE KALP HASTALIKLARI TEDAV\u0130S\u0130 &#8211; \u0130stanbul &#8211; Antalya &#8211; \u0130zmir &#8211; Bursa<\/h3>\n\n<p>Kardiyovask\u00fcler hastal\u0131klar\u0131n artan say\u0131s\u0131, \u00f6l\u00fcmler aras\u0131nda en \u00f6nemli nedenler aras\u0131ndad\u0131r ve tan\u0131 ile tedavileri, ileri t\u0131bbi teknolojilerle donat\u0131lm\u0131\u015f tam donan\u0131ml\u0131 hastanelerde deneyimli hekimler taraf\u0131ndan yap\u0131lmal\u0131d\u0131r.<\/p>\n\n<p>T\u00fcrkiye\u2019deki Kalp Bak\u0131m Merkezleri, T\u00fcrkiye\u2019de en modern kalp bak\u0131m\u0131n\u0131 sunmak i\u00e7in d\u00fcnya standartlar\u0131nda hizmet vermektedir. Kardiyovask\u00fcler hastal\u0131klar\u0131n erken tan\u0131 ve tedavisi i\u00e7in en son teknoloji ekipmanlar\u0131 kullan\u0131rlar. <\/p>\n\n<p>Erken tan\u0131n\u0131n hayat kurtar\u0131c\u0131 y\u00f6n\u00fcne vurgu yaparak, Kalp Bak\u0131m Merkezleri tan\u0131 cihazlar\u0131nda ileri teknolojinin kullan\u0131m\u0131na \u00f6zel \u00f6nem verir. Kullan\u0131lan tan\u0131 cihazlar\u0131 aras\u0131nda, kalp anjiyoplastisini alt\u0131 saniyede ger\u00e7ekle\u015ftirebilen 2\u00d764 Kesitli \u00c7ift Kaynakl\u0131 Bilgisayarl\u0131 Tomografi, kalbin ayr\u0131nt\u0131l\u0131 g\u00f6r\u00fcnt\u00fclenmesini sa\u011flayan PET CT ve Flash CT bulunur. Flash CT, d\u00fcnyadaki en h\u0131zl\u0131 tomografi cihaz\u0131d\u0131r ve kalp anjiyoplastisini 0,25 saniyede ger\u00e7ekle\u015ftirebilirken, ayn\u0131 zamanda d\u00fcnyadaki en d\u00fc\u015f\u00fck seviyede radyasyon yayar. <\/p>\n\n<figure class=\"wp-block-image size-full\"><img fetchpriority=\"high\" decoding=\"async\" width=\"560\" height=\"260\" class=\"wp-image-192\" src=\"https:\/\/medicaltravel.net\/wp-content\/uploads\/2025\/09\/heart.jpg\" alt=\"\" srcset=\"https:\/\/medicaltravel.net\/wp-content\/uploads\/2025\/09\/heart.jpg 560w, https:\/\/medicaltravel.net\/wp-content\/uploads\/2025\/09\/heart-300x139.jpg 300w\" sizes=\"(max-width: 560px) 100vw, 560px\" \/><\/figure>\n\n<p id=\"caption-attachment-210\">Kardiyoloji Tedavileri T\u00fcrkiye \u0130stanbul Antalya<\/p>\n\n<h3 class=\"wp-block-heading\">T\u0131bbi Performans G\u00f6stergeleri<\/h3>\n\n<p>2002 y\u0131l\u0131ndan bu yana, T\u00fcrkiye\u2019deki Kalp Klinikleri t\u0131bbi ve idari performans\u0131n\u0131 performans g\u00f6stergeleri ile takip etmektedir. Hasta g\u00fcvenli\u011fi ve memnuniyetini en \u00f6ncelikli hedef olarak g\u00f6ren klinikler, kalp bak\u0131m\u0131 ve di\u011fer t\u00fcm bran\u015flarda elde ettikleri puanlar\u0131, daha iyi hasta bak\u0131m\u0131 sunmada bir rehber olarak de\u011ferlendirmektedir. <\/p>\n\n<ul class=\"wp-block-list\">\n<li>\u201cEuroscore\u201d kriterleri, a\u00e7\u0131k kalp ameliyat\u0131ndaki beklenen \u00f6l\u00fcm oran\u0131n\u0131 %3,8 olarak belirtirken, T\u00fcrkiye\u2019de bu oran %1,6\u2019d\u0131r.<\/li>\n\n<li>\u201cEuroscore\u201d kriterleri, koroner bypass ameliyat\u0131ndaki beklenen \u00f6l\u00fcm oran\u0131n\u0131 %2,7 olarak belirtirken, T\u00fcrkiye\u2019de bu oran %1,0\u2019d\u0131r.<\/li>\n<\/ul>\n\n<h3 class=\"wp-block-heading\">Euroscore Nedir?<\/h3>\n\n<p>Ya\u015fl\u0131lar, diyabetliler veya kalp krizi \u00f6yk\u00fcs\u00fc, kalp ameliyat\u0131, kalbin kas\u0131lma ve gev\u015feme bozukluklar\u0131 ile b\u00f6brek, karaci\u011fer ve akci\u011fer fonksiyon bozuklu\u011fu olan hastalar, ameliyatlarda daha y\u00fcksek riskle kar\u015f\u0131 kar\u015f\u0131yad\u0131r. Bu t\u00fcr fakt\u00f6rleri dikkate alarak hastan\u0131n objektif de\u011ferlendirilmesi i\u00e7in \u00e7e\u015fitli risk skorlar\u0131 mevcuttur. Bu skorlamalarda, a\u011f\u0131rl\u0131kl\u0131 risk say\u0131lar\u0131 hesaplan\u0131r. EuroSCORE en yayg\u0131n kullan\u0131lan skor sistemidir.  <\/p>\n\n<h3 class=\"wp-block-heading\">T\u00fcrkiye Sa\u011fl\u0131k Merkezlerinde Kapsaml\u0131 Kalp Bak\u0131m\u0131<\/h3>\n\n<p>T\u00fcrkiye, yeti\u015fkin ve \u00e7ocuk kardiyovask\u00fcler hastal\u0131klar\u0131 i\u00e7in modern tan\u0131, tedavi ve destek hizmetlerinde y\u00fcksek standart sunmaktad\u0131r.<\/p>\n\t\t\t\t\t\t\t\t<\/div>\n\t\t\t\t\t<\/div>\n\t\t\t\t<\/div>\n\t\t\t\t<\/div>\n\t\t","protected":false},"excerpt":{"rendered":"<p>Kalp Bak\u0131m Hizmetleri \u00c7ocuk Kalp Hastal\u0131klar\u0131 Yeti\u015fkin Kalp Hastal\u0131klar\u0131 Tan\u0131 ve Tedavi Giri\u015fimsel M. Robotik Cerrahi KARD\u0130YOLOJ\u0130 &#8211; T\u00dcRK\u0130YE\u2019DE KALP HASTALIKLARI TEDAV\u0130S\u0130 &#8211; \u0130stanbul &#8211; Antalya &#8211; \u0130zmir &#8211; Bursa Kardiyovask\u00fcler hastal\u0131klar\u0131n artan say\u0131s\u0131, \u00f6l\u00fcmler aras\u0131nda en \u00f6nemli nedenler aras\u0131ndad\u0131r ve tan\u0131 ile tedavileri, ileri t\u0131bbi teknolojilerle donat\u0131lm\u0131\u015f tam donan\u0131ml\u0131 hastanelerde deneyimli hekimler taraf\u0131ndan yap\u0131lmal\u0131d\u0131r. T\u00fcrkiye\u2019deki Kalp Bak\u0131m Merkezleri, T\u00fcrkiye\u2019de en modern kalp bak\u0131m\u0131n\u0131 sunmak i\u00e7in d\u00fcnya standartlar\u0131nda hizmet vermektedir. Kardiyovask\u00fcler hastal\u0131klar\u0131n erken tan\u0131 ve tedavisi i\u00e7in en son teknoloji ekipmanlar\u0131 kullan\u0131rlar. Erken tan\u0131n\u0131n hayat kurtar\u0131c\u0131 y\u00f6n\u00fcne vurgu yaparak, Kalp Bak\u0131m Merkezleri tan\u0131 cihazlar\u0131nda ileri teknolojinin kullan\u0131m\u0131na \u00f6zel \u00f6nem verir. Kullan\u0131lan tan\u0131 cihazlar\u0131 aras\u0131nda, kalp anjiyoplastisini alt\u0131 saniyede ger\u00e7ekle\u015ftirebilen 2\u00d764 Kesitli \u00c7ift Kaynakl\u0131 Bilgisayarl\u0131 Tomografi, kalbin ayr\u0131nt\u0131l\u0131 g\u00f6r\u00fcnt\u00fclenmesini sa\u011flayan PET CT ve Flash CT bulunur. Flash CT, d\u00fcnyadaki en h\u0131zl\u0131 tomografi cihaz\u0131d\u0131r ve kalp anjiyoplastisini 0,25 saniyede ger\u00e7ekle\u015ftirebilirken, ayn\u0131 zamanda d\u00fcnyadaki en d\u00fc\u015f\u00fck seviyede radyasyon yayar. Kardiyoloji Tedavileri T\u00fcrkiye \u0130stanbul Antalya T\u0131bbi Performans G\u00f6stergeleri 2002 y\u0131l\u0131ndan bu yana, T\u00fcrkiye\u2019deki Kalp Klinikleri t\u0131bbi ve idari performans\u0131n\u0131 performans g\u00f6stergeleri ile takip etmektedir. Hasta g\u00fcvenli\u011fi ve memnuniyetini en \u00f6ncelikli hedef olarak g\u00f6ren klinikler, kalp bak\u0131m\u0131 ve di\u011fer t\u00fcm bran\u015flarda elde ettikleri puanlar\u0131, daha iyi hasta bak\u0131m\u0131 sunmada bir rehber olarak de\u011ferlendirmektedir. \u201cEuroscore\u201d kriterleri, a\u00e7\u0131k kalp ameliyat\u0131ndaki beklenen \u00f6l\u00fcm oran\u0131n\u0131 %3,8 olarak belirtirken, T\u00fcrkiye\u2019de bu oran %1,6\u2019d\u0131r. \u201cEuroscore\u201d kriterleri, koroner bypass ameliyat\u0131ndaki beklenen \u00f6l\u00fcm oran\u0131n\u0131 %2,7 olarak belirtirken, T\u00fcrkiye\u2019de bu oran %1,0\u2019d\u0131r. Euroscore Nedir? Ya\u015fl\u0131lar, diyabetliler veya kalp krizi \u00f6yk\u00fcs\u00fc, kalp ameliyat\u0131, kalbin kas\u0131lma ve gev\u015feme bozukluklar\u0131 ile b\u00f6brek, karaci\u011fer ve akci\u011fer fonksiyon bozuklu\u011fu olan hastalar, ameliyatlarda daha y\u00fcksek riskle kar\u015f\u0131 kar\u015f\u0131yad\u0131r. Bu t\u00fcr fakt\u00f6rleri dikkate alarak hastan\u0131n objektif de\u011ferlendirilmesi i\u00e7in \u00e7e\u015fitli risk skorlar\u0131 mevcuttur. Bu skorlamalarda, a\u011f\u0131rl\u0131kl\u0131 risk say\u0131lar\u0131 hesaplan\u0131r. EuroSCORE en yayg\u0131n kullan\u0131lan skor sistemidir. T\u00fcrkiye Sa\u011fl\u0131k Merkezlerinde Kapsaml\u0131 Kalp Bak\u0131m\u0131 T\u00fcrkiye, yeti\u015fkin ve \u00e7ocuk kardiyovask\u00fcler hastal\u0131klar\u0131 i\u00e7in modern tan\u0131, tedavi ve destek hizmetlerinde y\u00fcksek standart sunmaktad\u0131r.<\/p>\n","protected":false},"author":4,"featured_media":0,"parent":0,"menu_order":0,"comment_status":"closed","ping_status":"closed","template":"","meta":{"_joinchat":[],"footnotes":""},"class_list":["post-2514","page","type-page","status-publish","hentry"],"acf":[],"_links":{"self":[{"href":"https:\/\/medicaltravel.net\/tr\/wp-json\/wp\/v2\/pages\/2514","targetHints":{"allow":["GET"]}}],"collection":[{"href":"https:\/\/medicaltravel.net\/tr\/wp-json\/wp\/v2\/pages"}],"about":[{"href":"https:\/\/medicaltravel.net\/tr\/wp-json\/wp\/v2\/types\/page"}],"author":[{"embeddable":true,"href":"https:\/\/medicaltravel.net\/tr\/wp-json\/wp\/v2\/users\/4"}],"replies":[{"embeddable":true,"href":"https:\/\/medicaltravel.net\/tr\/wp-json\/wp\/v2\/comments?post=2514"}],"version-history":[{"count":11,"href":"https:\/\/medicaltravel.net\/tr\/wp-json\/wp\/v2\/pages\/2514\/revisions"}],"predecessor-version":[{"id":2712,"href":"https:\/\/medicaltravel.net\/tr\/wp-json\/wp\/v2\/pages\/2514\/revisions\/2712"}],"wp:attachment":[{"href":"https:\/\/medicaltravel.net\/tr\/wp-json\/wp\/v2\/media?parent=2514"}],"curies":[{"name":"wp","href":"https:\/\/api.w.org\/{rel}","templated":true}]}}