{"id":2524,"date":"2025-09-29T09:15:23","date_gmt":"2025-09-29T08:15:23","guid":{"rendered":"https:\/\/medicaltravel.net\/kardiyoloji-kalp-tedavileri-turkiye-istanbul-antalya-izmir-bursa\/kalp-bakim-hizmeti-turkiye-istanbul-antalya-bursa-adana-kardiyovaskuler\/"},"modified":"2026-01-10T21:55:41","modified_gmt":"2026-01-10T20:55:41","slug":"kalp-bakim-hizmeti-turkiye-istanbul-antalya-bursa-adana-kardiyovaskuler","status":"publish","type":"page","link":"https:\/\/medicaltravel.net\/tr\/kardiyoloji-kalp-tedavileri-turkiye-istanbul-antalya-izmir-bursa\/kalp-bakim-hizmeti-turkiye-istanbul-antalya-bursa-adana-kardiyovaskuler\/","title":{"rendered":"Kalp Bak\u0131m Hizmeti T\u00fcrkiye \u0130stanbul Antalya Bursa Adana Kardiyovask\u00fcler"},"content":{"rendered":"\t\t<div data-elementor-type=\"wp-page\" data-elementor-id=\"2524\" class=\"elementor elementor-2524 elementor-43\" data-elementor-post-type=\"page\">\n\t\t\t\t<div class=\"elementor-element elementor-element-2649fa3c e-flex e-con-boxed wpr-particle-no wpr-jarallax-no wpr-parallax-no wpr-sticky-section-no e-con e-parent\" data-id=\"2649fa3c\" data-element_type=\"container\" data-e-type=\"container\">\n\t\t\t\t\t<div class=\"e-con-inner\">\n\t\t<div class=\"elementor-element elementor-element-d0f28eb e-con-full e-flex wpr-particle-no wpr-jarallax-no wpr-parallax-no wpr-sticky-section-no e-con e-child\" data-id=\"d0f28eb\" data-element_type=\"container\" data-e-type=\"container\">\n\t\t\t\t<div class=\"elementor-element elementor-element-4f480c3 elementor-widget elementor-widget-button\" data-id=\"4f480c3\" data-element_type=\"widget\" data-e-type=\"widget\" data-widget_type=\"button.default\">\n\t\t\t\t\t\t\t\t\t\t<a class=\"elementor-button elementor-button-link elementor-size-sm\" href=\"https:\/\/medicaltravel.net\/tr\/kardiyoloji-kalp-tedavileri-turkiye-istanbul-antalya-izmir-bursa\/kalp-bakim-hizmeti-turkiye-istanbul-antalya-bursa-adana-kardiyovaskuler\/\">\n\t\t\t\t\t\t<span class=\"elementor-button-content-wrapper\">\n\t\t\t\t\t\t\t\t\t<span class=\"elementor-button-text\">Kalp Bak\u0131m Hizmetleri<\/span>\n\t\t\t\t\t<\/span>\n\t\t\t\t\t<\/a>\n\t\t\t\t\t\t\t\t<\/div>\n\t\t\t\t<div class=\"elementor-element elementor-element-c7f5d2b elementor-widget elementor-widget-button\" data-id=\"c7f5d2b\" data-element_type=\"widget\" data-e-type=\"widget\" data-widget_type=\"button.default\">\n\t\t\t\t\t\t\t\t\t\t<a class=\"elementor-button elementor-button-link elementor-size-sm\" href=\"https:\/\/medicaltravel.net\/cardiology-turkey-istanbul-antalya\/pediatric-heart-diseases\/\">\n\t\t\t\t\t\t<span class=\"elementor-button-content-wrapper\">\n\t\t\t\t\t\t\t\t\t<span class=\"elementor-button-text\">\u00c7ocuk Kalp Hastal\u0131klar\u0131<\/span>\n\t\t\t\t\t<\/span>\n\t\t\t\t\t<\/a>\n\t\t\t\t\t\t\t\t<\/div>\n\t\t\t\t<div class=\"elementor-element elementor-element-1994352 elementor-widget elementor-widget-button\" data-id=\"1994352\" data-element_type=\"widget\" data-e-type=\"widget\" data-widget_type=\"button.default\">\n\t\t\t\t\t\t\t\t\t\t<a class=\"elementor-button elementor-button-link elementor-size-sm\" href=\"https:\/\/medicaltravel.net\/tr\/kardiyoloji-kalp-tedavileri-turkiye-istanbul-antalya-izmir-bursa\/yetiskin-kalp-hastaliklari-tedavileri-turkiye-istanbul-antalya-izmir\/\">\n\t\t\t\t\t\t<span class=\"elementor-button-content-wrapper\">\n\t\t\t\t\t\t\t\t\t<span class=\"elementor-button-text\">Yeti\u015fkin Kalp Hastal\u0131klar\u0131<\/span>\n\t\t\t\t\t<\/span>\n\t\t\t\t\t<\/a>\n\t\t\t\t\t\t\t\t<\/div>\n\t\t\t\t<div class=\"elementor-element elementor-element-4dfd972 elementor-widget elementor-widget-button\" data-id=\"4dfd972\" data-element_type=\"widget\" data-e-type=\"widget\" data-widget_type=\"button.default\">\n\t\t\t\t\t\t\t\t\t\t<a class=\"elementor-button elementor-button-link elementor-size-sm\" href=\"https:\/\/medicaltravel.net\/cardiology-turkey-istanbul-antalya\/diagnosis-treatment\/\">\n\t\t\t\t\t\t<span class=\"elementor-button-content-wrapper\">\n\t\t\t\t\t\t\t\t\t<span class=\"elementor-button-text\">Tan\u0131 ve Tedavi<\/span>\n\t\t\t\t\t<\/span>\n\t\t\t\t\t<\/a>\n\t\t\t\t\t\t\t\t<\/div>\n\t\t\t\t<div class=\"elementor-element elementor-element-4cb7023 elementor-widget elementor-widget-button\" data-id=\"4cb7023\" data-element_type=\"widget\" data-e-type=\"widget\" data-widget_type=\"button.default\">\n\t\t\t\t\t\t\t\t\t\t<a class=\"elementor-button elementor-button-link elementor-size-sm\" href=\"https:\/\/medicaltravel.net\/cardiology-turkey-istanbul-antalya\/interventional-methods\/\">\n\t\t\t\t\t\t<span class=\"elementor-button-content-wrapper\">\n\t\t\t\t\t\t\t\t\t<span class=\"elementor-button-text\">Giri\u015fimsel Kardiyoloji<\/span>\n\t\t\t\t\t<\/span>\n\t\t\t\t\t<\/a>\n\t\t\t\t\t\t\t\t<\/div>\n\t\t\t\t<div class=\"elementor-element elementor-element-267b884 elementor-widget elementor-widget-button\" data-id=\"267b884\" data-element_type=\"widget\" data-e-type=\"widget\" data-widget_type=\"button.default\">\n\t\t\t\t\t\t\t\t\t\t<a class=\"elementor-button elementor-button-link elementor-size-sm\" href=\"https:\/\/medicaltravel.net\/cardiology-turkey-istanbul-antalya\/robotic-surgery-davinci\/\">\n\t\t\t\t\t\t<span class=\"elementor-button-content-wrapper\">\n\t\t\t\t\t\t\t\t\t<span class=\"elementor-button-text\">Robotik Cerrahi<\/span>\n\t\t\t\t\t<\/span>\n\t\t\t\t\t<\/a>\n\t\t\t\t\t\t\t\t<\/div>\n\t\t\t\t<\/div>\n\t\t\t\t<div class=\"elementor-element elementor-element-1e4ab008 elementor-widget elementor-widget-text-editor\" data-id=\"1e4ab008\" data-element_type=\"widget\" data-e-type=\"widget\" data-widget_type=\"text-editor.default\">\n\t\t\t\t\t\t\t\t\t\n<h3 class=\"wp-block-heading\">KARD\u0130YOLOJ\u0130 VE KARD\u0130YOVASK\u00dcLER CERRAH\u0130, T\u00dcRK\u0130YE &#8211; \u0130stanbul &#8211; Antalya &#8211; \u0130zmir<\/h3>\n\n<h3 class=\"wp-block-heading\">Kalp Bak\u0131m Hizmetleri \u015eunlar\u0131 \u0130\u00e7erir:<\/h3>\n\n<h3 class=\"wp-block-heading\">Kardiyovask\u00fcler Embolizm<\/h3>\n\n<ul class=\"wp-block-list\">\n<li>Efor Testi<\/li>\n\n<li>Koroner BT Anjiyografi<\/li>\n\n<li>Miyokard Perf\u00fczyon Sintigrafisi<\/li>\n\n<li>Pozitron Emisyon Tomografisi<\/li>\n\n<li>Koroner Anjiyografi<\/li>\n\n<li>Koroner Stent ve Balon Anjiyoplasti Uygulamalar\u0131<\/li>\n\n<li>Koroner Bypass<\/li>\n\n<li>Robotik Koroner Bypass<\/li>\n\n<li>K\u00fc\u00e7\u00fck Kesili Koroner Bypass<\/li>\n<\/ul>\n\n<figure class=\"wp-block-image size-full\"><img fetchpriority=\"high\" decoding=\"async\" width=\"560\" height=\"260\" class=\"wp-image-195\" src=\"https:\/\/medicaltravel.net\/wp-content\/uploads\/2025\/09\/cardiac.jpg\" alt=\"\" srcset=\"https:\/\/medicaltravel.net\/wp-content\/uploads\/2025\/09\/cardiac.jpg 560w, https:\/\/medicaltravel.net\/wp-content\/uploads\/2025\/09\/cardiac-300x139.jpg 300w\" sizes=\"(max-width: 560px) 100vw, 560px\" \/><\/figure>\n\n<p id=\"caption-attachment-357\">T\u00fcrkiye\u2019de Kalp Bak\u0131m Hizmetleri, T\u00fcrkiye\u2019deki Kalp Tedavileriniz i\u00e7in t\u0131bbi seyahatinizi organize ediyoruz<\/p>\n\n<h3 class=\"wp-block-heading\">Kalp Kapak Hastal\u0131klar\u0131<\/h3>\n\n<ul class=\"wp-block-list\">\n<li>Ekokardiyografi<\/li>\n\n<li>Anjiyografi ve Kateterizasyon<\/li>\n\n<li>Perk\u00fctan Valvuloplasti<\/li>\n\n<li>Kateter Y\u00f6ntemi ve Aort Kapak \u0130mplantasyonu (TAVI)<\/li>\n\n<li>Robotik Kapak Cerrahisi<\/li>\n\n<li>K\u00fc\u00e7\u00fck Kesili Kapak Cerrahisi<\/li>\n<\/ul>\n\n<h3 class=\"wp-block-heading\">Aritmiler<\/h3>\n\n<ul class=\"wp-block-list\">\n<li>Holter \u0130zlemi<\/li>\n\n<li>Tan\u0131sal Elektrofizyoloji \u00c7al\u0131\u015fmas\u0131 (EPS)<\/li>\n\n<li>Kateter Ablasyonu<\/li>\n\n<li>Kal\u0131c\u0131 ve Ge\u00e7ici Kalp Pili \u0130mplantasyonu<\/li>\n\n<li>AICD \u0130mplantasyonu<\/li>\n\n<li>\u00dc\u00e7 Odac\u0131kl\u0131 Kalp Pili \u0130mplantasyonu<\/li>\n<\/ul>\n\n<h3 class=\"wp-block-heading\">Aort Damar Hastal\u0131klar\u0131<\/h3>\n\n<ul class=\"wp-block-list\">\n<li>Endovask\u00fcler Anevrizma Onar\u0131m\u0131 (EVAR)<\/li>\n\n<li>Torakal Endovask\u00fcler Anevrizma Onar\u0131m\u0131 (TEVAR)<\/li>\n\n<li>Hibrit Tedavi<\/li>\n\n<li>Cerrahi Onar\u0131m<\/li>\n\n<li>TAVI<\/li>\n<\/ul>\n\n<h3 class=\"wp-block-heading\">Periferik Emboliler<\/h3>\n\n<ul class=\"wp-block-list\">\n<li>Doppler Ultrasonu<\/li>\n\n<li>BT Anjiyografi<\/li>\n\n<li>Manyetik Rezonans G\u00f6r\u00fcnt\u00fcleme (MRG)<\/li>\n\n<li>Dijital Subtraksiyon Anjiyografi (DSA)<\/li>\n\n<li>Karotis Aort Stent Uygulamas\u0131 (CAS)<\/li>\n\n<li>Karotis Aort Endarterektomisi (CEA)<\/li>\n\n<li>Periferik Cerrahi Bypass<\/li>\n\n<li>Periferik Endoluminal Bypass<\/li>\n<\/ul>\n\n<h3 class=\"wp-block-heading\">Varis<\/h3>\n\n<ul class=\"wp-block-list\">\n<li>Transdermal Lazer<\/li>\n\n<li>Skleroterapi<\/li>\n\n<li>Varis Cerrahisi<\/li>\n\n<li>Endoven\u00f6z Varis Cerrahisi<\/li>\n<\/ul>\n\n<h3 class=\"wp-block-heading\">Kardiyomiyopatiler<\/h3>\n\n<ul class=\"wp-block-list\">\n<li>Giri\u015fimsel Tedavi (Ablasyon)<\/li>\n\n<li>Cerrahi Tedavi<\/li>\n<\/ul>\n\n<h3 class=\"wp-block-heading\">Do\u011fu\u015ftan Kalp Hastal\u0131klar\u0131<\/h3>\n\n<ul class=\"wp-block-list\">\n<li>\u00c7ocuk Kardiyolojisi<\/li>\n\n<li>\u00c7ocuk Kalp Cerrahisi<\/li>\n\n<li>Kateter ile do\u011fu\u015ftan kalp hastal\u0131klar\u0131n\u0131n tedavisi do\u011fu\u015ftan kalp hastal\u0131klar\u0131n\u0131n tedavisi<\/li>\n<\/ul>\n\t\t\t\t\t\t\t\t<\/div>\n\t\t\t\t\t<\/div>\n\t\t\t\t<\/div>\n\t\t\t\t<\/div>\n\t\t","protected":false},"excerpt":{"rendered":"<p>Kalp Bak\u0131m Hizmetleri \u00c7ocuk Kalp Hastal\u0131klar\u0131 Yeti\u015fkin Kalp Hastal\u0131klar\u0131 Tan\u0131 ve Tedavi Giri\u015fimsel Kardiyoloji Robotik Cerrahi KARD\u0130YOLOJ\u0130 VE KARD\u0130YOVASK\u00dcLER CERRAH\u0130, T\u00dcRK\u0130YE &#8211; \u0130stanbul &#8211; Antalya &#8211; \u0130zmir Kalp Bak\u0131m Hizmetleri \u015eunlar\u0131 \u0130\u00e7erir: Kardiyovask\u00fcler Embolizm Efor Testi Koroner BT Anjiyografi Miyokard Perf\u00fczyon Sintigrafisi Pozitron Emisyon Tomografisi Koroner Anjiyografi Koroner Stent ve Balon Anjiyoplasti Uygulamalar\u0131 Koroner Bypass Robotik Koroner Bypass K\u00fc\u00e7\u00fck Kesili Koroner Bypass T\u00fcrkiye\u2019de Kalp Bak\u0131m Hizmetleri, T\u00fcrkiye\u2019deki Kalp Tedavileriniz i\u00e7in t\u0131bbi seyahatinizi organize ediyoruz Kalp Kapak Hastal\u0131klar\u0131 Ekokardiyografi Anjiyografi ve Kateterizasyon Perk\u00fctan Valvuloplasti Kateter Y\u00f6ntemi ve Aort Kapak \u0130mplantasyonu (TAVI) Robotik Kapak Cerrahisi K\u00fc\u00e7\u00fck Kesili Kapak Cerrahisi Aritmiler Holter \u0130zlemi Tan\u0131sal Elektrofizyoloji \u00c7al\u0131\u015fmas\u0131 (EPS) Kateter Ablasyonu Kal\u0131c\u0131 ve Ge\u00e7ici Kalp Pili \u0130mplantasyonu AICD \u0130mplantasyonu \u00dc\u00e7 Odac\u0131kl\u0131 Kalp Pili \u0130mplantasyonu Aort Damar Hastal\u0131klar\u0131 Endovask\u00fcler Anevrizma Onar\u0131m\u0131 (EVAR) Torakal Endovask\u00fcler Anevrizma Onar\u0131m\u0131 (TEVAR) Hibrit Tedavi Cerrahi Onar\u0131m TAVI Periferik Emboliler Doppler Ultrasonu BT Anjiyografi Manyetik Rezonans G\u00f6r\u00fcnt\u00fcleme (MRG) Dijital Subtraksiyon Anjiyografi (DSA) Karotis Aort Stent Uygulamas\u0131 (CAS) Karotis Aort Endarterektomisi (CEA) Periferik Cerrahi Bypass Periferik Endoluminal Bypass Varis Transdermal Lazer Skleroterapi Varis Cerrahisi Endoven\u00f6z Varis Cerrahisi Kardiyomiyopatiler Giri\u015fimsel Tedavi (Ablasyon) Cerrahi Tedavi Do\u011fu\u015ftan Kalp Hastal\u0131klar\u0131 \u00c7ocuk Kardiyolojisi \u00c7ocuk Kalp Cerrahisi Kateter ile do\u011fu\u015ftan kalp hastal\u0131klar\u0131n\u0131n tedavisi do\u011fu\u015ftan kalp hastal\u0131klar\u0131n\u0131n tedavisi<\/p>\n","protected":false},"author":4,"featured_media":0,"parent":2514,"menu_order":0,"comment_status":"closed","ping_status":"closed","template":"","meta":{"_joinchat":[],"footnotes":""},"class_list":["post-2524","page","type-page","status-publish","hentry"],"acf":[],"_links":{"self":[{"href":"https:\/\/medicaltravel.net\/tr\/wp-json\/wp\/v2\/pages\/2524","targetHints":{"allow":["GET"]}}],"collection":[{"href":"https:\/\/medicaltravel.net\/tr\/wp-json\/wp\/v2\/pages"}],"about":[{"href":"https:\/\/medicaltravel.net\/tr\/wp-json\/wp\/v2\/types\/page"}],"author":[{"embeddable":true,"href":"https:\/\/medicaltravel.net\/tr\/wp-json\/wp\/v2\/users\/4"}],"replies":[{"embeddable":true,"href":"https:\/\/medicaltravel.net\/tr\/wp-json\/wp\/v2\/comments?post=2524"}],"version-history":[{"count":3,"href":"https:\/\/medicaltravel.net\/tr\/wp-json\/wp\/v2\/pages\/2524\/revisions"}],"predecessor-version":[{"id":2527,"href":"https:\/\/medicaltravel.net\/tr\/wp-json\/wp\/v2\/pages\/2524\/revisions\/2527"}],"up":[{"embeddable":true,"href":"https:\/\/medicaltravel.net\/tr\/wp-json\/wp\/v2\/pages\/2514"}],"wp:attachment":[{"href":"https:\/\/medicaltravel.net\/tr\/wp-json\/wp\/v2\/media?parent=2524"}],"curies":[{"name":"wp","href":"https:\/\/api.w.org\/{rel}","templated":true}]}}