{"id":2529,"date":"2025-09-29T09:21:48","date_gmt":"2025-09-29T08:21:48","guid":{"rendered":"https:\/\/medicaltravel.net\/kardiyoloji-kalp-tedavileri-turkiye-istanbul-antalya-izmir-bursa\/kalp-hastaliklari-tani-ve-tedavisi-turkiye-istanbul-antalya-izmir\/"},"modified":"2026-01-11T15:23:14","modified_gmt":"2026-01-11T14:23:14","slug":"kalp-hastaliklari-tani-ve-tedavisi-turkiye-istanbul-antalya-izmir","status":"publish","type":"page","link":"https:\/\/medicaltravel.net\/tr\/kardiyoloji-kalp-tedavileri-turkiye-istanbul-antalya-izmir-bursa\/kalp-hastaliklari-tani-ve-tedavisi-turkiye-istanbul-antalya-izmir\/","title":{"rendered":"Kalp Hastal\u0131klar\u0131 Tan\u0131 ve Tedavisi T\u00fcrkiye \u0130stanbul Antalya \u0130zmir"},"content":{"rendered":"\t\t<div data-elementor-type=\"wp-page\" data-elementor-id=\"2529\" class=\"elementor elementor-2529 elementor-49\" data-elementor-post-type=\"page\">\n\t\t\t\t<div class=\"elementor-element elementor-element-15ace45a e-flex e-con-boxed wpr-particle-no wpr-jarallax-no wpr-parallax-no wpr-sticky-section-no e-con e-parent\" data-id=\"15ace45a\" data-element_type=\"container\" data-e-type=\"container\">\n\t\t\t\t\t<div class=\"e-con-inner\">\n\t\t<div class=\"elementor-element elementor-element-e6ec12c e-con-full e-flex wpr-particle-no wpr-jarallax-no wpr-parallax-no wpr-sticky-section-no e-con e-child\" data-id=\"e6ec12c\" data-element_type=\"container\" data-e-type=\"container\">\n\t\t\t\t<div class=\"elementor-element elementor-element-ba4fb1a elementor-widget elementor-widget-button\" data-id=\"ba4fb1a\" data-element_type=\"widget\" data-e-type=\"widget\" data-widget_type=\"button.default\">\n\t\t\t\t\t\t\t\t\t\t<a class=\"elementor-button elementor-button-link elementor-size-sm\" href=\"https:\/\/medicaltravel.net\/tr\/kardiyoloji-kalp-tedavileri-turkiye-istanbul-antalya-izmir-bursa\/kalp-bakim-hizmeti-turkiye-istanbul-antalya-bursa-adana-kardiyovaskuler\/\">\n\t\t\t\t\t\t<span class=\"elementor-button-content-wrapper\">\n\t\t\t\t\t\t\t\t\t<span class=\"elementor-button-text\">Kalp Bak\u0131m Hizmetleri<\/span>\n\t\t\t\t\t<\/span>\n\t\t\t\t\t<\/a>\n\t\t\t\t\t\t\t\t<\/div>\n\t\t\t\t<div class=\"elementor-element elementor-element-404c6c3 elementor-widget elementor-widget-button\" data-id=\"404c6c3\" data-element_type=\"widget\" data-e-type=\"widget\" data-widget_type=\"button.default\">\n\t\t\t\t\t\t\t\t\t\t<a class=\"elementor-button elementor-button-link elementor-size-sm\" href=\"https:\/\/medicaltravel.net\/tr\/kardiyoloji-kalp-tedavileri-turkiye-istanbul-antalya-izmir-bursa\/cocuk-kalp-hastaliklari-tedavileri-turkiye-istanbul-antalya-izmir\/\">\n\t\t\t\t\t\t<span class=\"elementor-button-content-wrapper\">\n\t\t\t\t\t\t\t\t\t<span class=\"elementor-button-text\">\u00c7ocuk Kalp Hastal\u0131klar\u0131<\/span>\n\t\t\t\t\t<\/span>\n\t\t\t\t\t<\/a>\n\t\t\t\t\t\t\t\t<\/div>\n\t\t\t\t<div class=\"elementor-element elementor-element-d4b52e5 elementor-widget elementor-widget-button\" data-id=\"d4b52e5\" data-element_type=\"widget\" data-e-type=\"widget\" data-widget_type=\"button.default\">\n\t\t\t\t\t\t\t\t\t\t<a class=\"elementor-button elementor-button-link elementor-size-sm\" href=\"https:\/\/medicaltravel.net\/tr\/kardiyoloji-kalp-tedavileri-turkiye-istanbul-antalya-izmir-bursa\/yetiskin-kalp-hastaliklari-tedavileri-turkiye-istanbul-antalya-izmir\/\">\n\t\t\t\t\t\t<span class=\"elementor-button-content-wrapper\">\n\t\t\t\t\t\t\t\t\t<span class=\"elementor-button-text\">Yeti\u015fkin Kalp Hastal\u0131klar\u0131<\/span>\n\t\t\t\t\t<\/span>\n\t\t\t\t\t<\/a>\n\t\t\t\t\t\t\t\t<\/div>\n\t\t\t\t<div class=\"elementor-element elementor-element-3c62c95 elementor-widget elementor-widget-button\" data-id=\"3c62c95\" data-element_type=\"widget\" data-e-type=\"widget\" data-widget_type=\"button.default\">\n\t\t\t\t\t\t\t\t\t\t<a class=\"elementor-button elementor-button-link elementor-size-sm\" href=\"https:\/\/medicaltravel.net\/tr\/kardiyoloji-kalp-tedavileri-turkiye-istanbul-antalya-izmir-bursa\/kalp-hastaliklari-tani-ve-tedavisi-turkiye-istanbul-antalya-izmir\/\">\n\t\t\t\t\t\t<span class=\"elementor-button-content-wrapper\">\n\t\t\t\t\t\t\t\t\t<span class=\"elementor-button-text\">Tan\u0131 ve Tedavi<\/span>\n\t\t\t\t\t<\/span>\n\t\t\t\t\t<\/a>\n\t\t\t\t\t\t\t\t<\/div>\n\t\t\t\t<div class=\"elementor-element elementor-element-0af8dfc elementor-widget elementor-widget-button\" data-id=\"0af8dfc\" data-element_type=\"widget\" data-e-type=\"widget\" data-widget_type=\"button.default\">\n\t\t\t\t\t\t\t\t\t\t<a class=\"elementor-button elementor-button-link elementor-size-sm\" href=\"https:\/\/medicaltravel.net\/tr\/kardiyoloji-kalp-tedavileri-turkiye-istanbul-antalya-izmir-bursa\/girisimsel-kardiyoloji-yontemleri-turkiye-istanbul-antalya-izmir-anjiyoplasti-stent\/\">\n\t\t\t\t\t\t<span class=\"elementor-button-content-wrapper\">\n\t\t\t\t\t\t\t\t\t<span class=\"elementor-button-text\">Giri\u015fimsel Kardiyoloji<\/span>\n\t\t\t\t\t<\/span>\n\t\t\t\t\t<\/a>\n\t\t\t\t\t\t\t\t<\/div>\n\t\t\t\t<div class=\"elementor-element elementor-element-95f3ad4 elementor-widget elementor-widget-button\" data-id=\"95f3ad4\" data-element_type=\"widget\" data-e-type=\"widget\" data-widget_type=\"button.default\">\n\t\t\t\t\t\t\t\t\t\t<a class=\"elementor-button elementor-button-link elementor-size-sm\" href=\"https:\/\/medicaltravel.net\/tr\/kardiyoloji-kalp-tedavileri-turkiye-istanbul-antalya-izmir-bursa\/robotik-cerrahi-da-vinci-turkiye-istanbul-antalya-izmir\/\">\n\t\t\t\t\t\t<span class=\"elementor-button-content-wrapper\">\n\t\t\t\t\t\t\t\t\t<span class=\"elementor-button-text\">Robotik Cerrahi<\/span>\n\t\t\t\t\t<\/span>\n\t\t\t\t\t<\/a>\n\t\t\t\t\t\t\t\t<\/div>\n\t\t\t\t<\/div>\n\t\t\t\t<div class=\"elementor-element elementor-element-6db3f5f3 elementor-widget elementor-widget-text-editor\" data-id=\"6db3f5f3\" data-element_type=\"widget\" data-e-type=\"widget\" data-widget_type=\"text-editor.default\">\n\t\t\t\t\t\t\t\t\t\n<h3 class=\"wp-block-heading\">Kalp Hastal\u0131klar\u0131 Tan\u0131 ve Tedavisi T\u00fcrkiye \u0130stanbul Antalya \u0130zmir<br>G\u0130R\u0130\u015e\u0130MSEL KARD\u0130YOLOJ\u0130<\/h3>\n\n<figure class=\"wp-block-image size-full\"><img fetchpriority=\"high\" decoding=\"async\" width=\"560\" height=\"260\" class=\"wp-image-203\" src=\"https:\/\/medicaltravel.net\/wp-content\/uploads\/2025\/09\/diagnososo.jpg\" alt=\"\" srcset=\"https:\/\/medicaltravel.net\/wp-content\/uploads\/2025\/09\/diagnososo.jpg 560w, https:\/\/medicaltravel.net\/wp-content\/uploads\/2025\/09\/diagnososo-300x139.jpg 300w\" sizes=\"(max-width: 560px) 100vw, 560px\" \/><\/figure>\n\n<p id=\"caption-attachment-380\">Doktorunuz, kalp yetmezli\u011fini t\u0131bbi ve aile \u00f6yk\u00fcn\u00fcz, fizik muayene ve test sonu\u00e7lar\u0131na dayanarak te\u015fhis edecektir.<\/p>\n\n<p>Di\u011fer t\u00fcm hastal\u0131klarda oldu\u011fu gibi, kalp hastal\u0131klar\u0131n\u0131n erken tan\u0131s\u0131 ba\u015far\u0131l\u0131 tedavi i\u00e7in hayati \u00f6neme sahiptir. D\u00fczenli kontroller ve kalbinizin sa\u011fl\u0131\u011f\u0131n\u0131n yak\u0131ndan izlenmesi, erken tan\u0131n\u0131n ilk ko\u015fuludur. Ac\u0131badem Kalp Bak\u0131m Merkezleri, en son teknoloji ekipmanlarla tan\u0131 ve tedavi hizmeti sunmaktad\u0131r.  <\/p>\n\n<p><strong>EKG<\/strong>: Elektrokardiyografi (EKG), kalp kas\u0131n\u0131 ve fonksiyonlar\u0131n\u0131 incelemek i\u00e7in kalbin elektriksel aktivitesini kaydeden bir cihazd\u0131r. \u00d6zellikle acil durumlarda h\u0131zl\u0131 de\u011ferlendirmeler i\u00e7in kullan\u0131l\u0131r. <\/p>\n\n<p>EKG, kardiyovask\u00fcler hastal\u0131klar\u0131n, yap\u0131sal anomalilerin ve aritmilerin tan\u0131s\u0131nda \u00f6nemli bir ara\u00e7t\u0131r. EKG izlemi ve yorumu h\u0131zl\u0131 bir \u015fekilde yap\u0131labilir. <\/p>\n\n<p><strong>Efor EKG Testi<\/strong>: Bu, belirli ve sistematik bir protokol izlenerek ko\u015fu band\u0131nda yap\u0131lan bir egzersiz testidir. Test, egzersiz s\u0131ras\u0131nda g\u00f6\u011fse yerle\u015ftirilen elektrotlar arac\u0131l\u0131\u011f\u0131yla al\u0131nan EKG kay\u0131tlar\u0131n\u0131n yorumlanmas\u0131na dayan\u0131r. Test genellikle 5 ila 10 dakika s\u00fcrer, ancak hastan\u0131n ya\u015f\u0131na ve durumuna ba\u011fl\u0131 olarak de\u011fi\u015febilir.  <\/p>\n\n<p>Bu test, kalbin efor alt\u0131ndaki \u00e7al\u0131\u015fma d\u00fczenini izler ve g\u00fcnl\u00fck hayatta genellikle belirti g\u00f6stermeyen embolileri tespit etmek i\u00e7in kullan\u0131l\u0131r.<\/p>\n\n<p>Efor EKG testinin tan\u0131 ama\u00e7l\u0131 yorumu, benzer bulgular g\u00f6steren di\u011fer hastal\u0131klarla ilgili yanl\u0131\u015f yorumlar\u0131 \u00f6nlemek i\u00e7in deneyimli hekimler taraf\u0131ndan yap\u0131lmal\u0131d\u0131r.<\/p>\n\n<p>Ekokardiyografi: Ekokardiyografi, ultrasonik ses dalgalar\u0131n\u0131 kullanarak kalbin yap\u0131s\u0131n\u0131, patolojisini ve fonksiyonlar\u0131n\u0131 incelemeyi sa\u011flayan tan\u0131sal ve ara\u015ft\u0131r\u0131c\u0131 bir ara\u00e7t\u0131r.<\/p>\n\n<p>Ekokardiyografi ile ventrik\u00fcl duvar\u0131n\u0131n hareketleri ve bo\u015fluklar\u0131, kalp kas\u0131n\u0131n geli\u015fimi ve kalp kapaklar\u0131 incelenebilir. Ayr\u0131ca yerle\u015ftirilen yapay kapaklar\u0131n yap\u0131s\u0131 ve i\u015flevselli\u011fi g\u00f6zlemlenebilir. Neredeyse t\u00fcm do\u011fu\u015ftan kalp hastal\u0131klar\u0131 bu y\u00f6ntemle te\u015fhis edilir.  <\/p>\n\n<p>Hastalar \u00fczerinde zararl\u0131 yan etkisi yoktur ve kolayca kullan\u0131labilir. \u0130\u015flem s\u0131ras\u0131nda hasta hi\u00e7bir a\u011fr\u0131 hissetmez. <\/p>\n\n<p>Holter \u0130zlemi: Holter monit\u00f6r\u00fc, hastan\u0131n kalp ritmini veya kan bas\u0131nc\u0131n\u0131 izlemek i\u00e7in kullan\u0131l\u0131r. EKG kay\u0131tlar\u0131 ve kan bas\u0131nc\u0131 \u00f6l\u00e7\u00fcmleri i\u00e7in cep telefonu boyutunda ayr\u0131 cihazlar kullan\u0131l\u0131r. Cihazlar genellikle 24 saat veya daha uzun s\u00fcre hastan\u0131n v\u00fccuduna ba\u011flan\u0131r. Cihazlar, kalp ritmini ve kan bas\u0131nc\u0131n\u0131 s\u00fcrekli olarak \u00f6l\u00e7er.   <\/p>\n\n<p>Genellikle, hastan\u0131n g\u00fcnl\u00fck ya\u015famda kalp ritmi ve kan bas\u0131nc\u0131n\u0131 izlemek i\u00e7in kullan\u0131l\u0131r. Hekimler, anormal bir kalp ritmi veya kan bas\u0131nc\u0131nda dengesizlik \u015f\u00fcphesi durumunda bu testi uygular. <\/p>\n\n<p><strong>Trans-Telefonik \u0130zlem<\/strong>: Holter cihaz\u0131na benzer bir kay\u0131t cihaz\u0131, kalp fonksiyonlar\u0131n\u0131 izlemek i\u00e7in hastaya ba\u011flan\u0131r.<\/p>\n\n<p>Normal ko\u015fullarda, Holter cihazlar\u0131 hastada iki ila \u00fc\u00e7 g\u00fcn kalabilir. Ancak, nadiren rahats\u0131zl\u0131k hisseden hastalarda, Holter cihaz\u0131 ta\u015f\u0131nd\u0131\u011f\u0131 s\u00fcre boyunca belirtiler ortaya \u00e7\u0131kmayabilir. Bu gibi durumlarda, trans-telefonik olarak \u00e7al\u0131\u015fan bir tele-t\u0131p cihaz\u0131 kullan\u0131labilir.  <\/p>\n\n<p><strong>Stres Ekokardiyografi<\/strong> \u0130stirahat s\u0131ras\u0131nda \u00e7ekilen ekokardiyografi, kalp bo\u015fluklar\u0131n\u0131n geni\u015fli\u011fini, duvar hareketlerindeki bozukluklar\u0131 ve kalbin kas\u0131lma fonksiyonlar\u0131n\u0131 belirler. Koroner arter hastal\u0131\u011f\u0131n\u0131n dolayl\u0131 olarak te\u015fhis edilmesine yard\u0131mc\u0131 olabilir. Ayr\u0131ca di\u011fer kapak hastal\u0131klar\u0131na e\u015flik eden kardiyomiyopati, kalp zar\u0131 enfeksiyonlar\u0131, aort y\u0131rt\u0131lmas\u0131 ve g\u00f6\u011f\u00fcs a\u011fr\u0131s\u0131 ile nefes darl\u0131\u011f\u0131na neden olabilecek kalp kas\u0131n\u0131n a\u015f\u0131r\u0131 kal\u0131nla\u015fmas\u0131 gibi di\u011fer durumlar\u0131n tespit edilmesine de yard\u0131mc\u0131 olur.  <\/p>\n\n<p>Stres ekokardiyografi, damar hastal\u0131\u011f\u0131n\u0131n yerini belirlemek i\u00e7in efor EKG ile birlikte kullan\u0131labilir.<\/p>\n\n<p><strong>Miyokard Perf\u00fczyon Sintigrafisi<\/strong>: Miyokard perf\u00fczyon sintigrafisi, \u00f6zellikle kalp kas\u0131nda kan birikimi ile ilgili herhangi bir problemi tespit etmek i\u00e7in kullan\u0131l\u0131r. Kalbin kan birikimi hakk\u0131nda iki farkl\u0131 durumda bilgi sa\u011flar; biri stres alt\u0131nda (\u00f6rne\u011fin egzersiz s\u0131ras\u0131nda), di\u011feri ise dinlenme halinde. <\/p>\n\n<p>Miyokard sintigrafisi, ciddi koroner arter hastal\u0131klar\u0131n\u0131 tespit etmek i\u00e7in kullan\u0131labilir. Ciddi damar hastal\u0131klar\u0131n\u0131n tan\u0131s\u0131ndaki tan\u0131sal duyarl\u0131l\u0131\u011f\u0131 ve do\u011frulu\u011fu yakla\u015f\u0131k %90 civar\u0131ndad\u0131r. Test s\u0131ras\u0131nda elde edilen bulgular, hastan\u0131n \u00f6l\u00fcm riski, kalp fonksiyonlar\u0131 ve ileri kalp yetmezli\u011fi hakk\u0131nda bilgi sa\u011flar ve do\u011fru tedavi y\u00f6ntemine karar verilmesinde hayati \u00f6neme sahip veriler sunar.  <\/p>\n\n<p><strong>Flash BT:<\/strong> Flash BT, incelenen b\u00f6lgenin kesitsel g\u00f6r\u00fcnt\u00fcs\u00fcn\u00fc X \u0131\u015f\u0131nlar\u0131 kullanarak olu\u015fturan radyolojik bir tan\u0131 y\u00f6ntemidir.<\/p>\n\n<p>Radyolojik bir tan\u0131 y\u00f6ntemi olarak Flash BT, v\u00fccudun t\u00fcm b\u00f6lgelerinin g\u00f6r\u00fcnt\u00fclerini sa\u011flayabilir, \u00f6zellikle kalp ve akci\u011fer taramalar\u0131 i\u00e7in kullan\u0131l\u0131r.<\/p>\n\n<p>Kalp 250 milisaniyede taranabilir. Tek t\u00fcp ve tek dedekt\u00f6r sistemleriyle kar\u015f\u0131la\u015ft\u0131r\u0131ld\u0131\u011f\u0131nda, g\u00f6r\u00fcnt\u00fcleri yar\u0131 s\u00fcrede sa\u011flar. Kalbin taranmas\u0131na 250 milisaniyede olanak tan\u0131r ve y\u00fczde 99 do\u011fruluk oran\u0131na sahiptir (bir kalp at\u0131\u015f\u0131n\u0131n d\u00f6rtte biri kadar bir s\u00fcrede). B\u00f6ylece, hastan\u0131n kalp at\u0131\u015f h\u0131z\u0131 dakikada 100\u2019\u00fcn \u00fczerinde olsa bile, kalbi ila\u00e7la yava\u015flatmaya gerek kalmaz.     . Flash BT, piyasadaki en d\u00fc\u015f\u00fck seviyede radyasyon yayan bir tarama arac\u0131d\u0131r. Kalp taramas\u0131, y\u00fczde 80 daha az radyasyonla tamamlanabilir. Rutin i\u015flemlerde invaziv olmayan bir kardiyolojik tan\u0131 y\u00f6ntemi olarak kullan\u0131labilir.  <\/p>\n\n<p><strong>Kalp MR Testi:<\/strong> MR testi, do\u011fu\u015ftan kalp hastal\u0131klar\u0131 ve kalp bo\u015fluklar\u0131 hakk\u0131nda de\u011ferli bilgiler sa\u011flar ve kalbe giren ve \u00e7\u0131kan ana arterlerin yap\u0131lar\u0131n\u0131n detayl\u0131 de\u011ferlendirilmesine olanak tan\u0131r. Ekokardiyografi bulgular\u0131n\u0131 olumsuz etkilemeden tamamlar. Kardiyovask\u00fcler daralmalar\u0131n de\u011ferlendirilmesinde, kalp krizinin kalp kaslar\u0131 \u00fczerindeki etkisinin boyutunun belirlenmesinde ve kalbin canl\u0131l\u0131\u011f\u0131n\u0131 ve fonksiyonunu koruma durumunun incelenmesinde detayl\u0131 bilgi sa\u011flar. MR testi, kalp kas\u0131 hastal\u0131klar\u0131 ve kalpteki kitlelerin de\u011ferlendirilmesinde en y\u00fcksek tan\u0131sal hassasiyete sahiptir.  <\/p>\n\n<p>Geleneksel g\u00f6r\u00fcnt\u00fcleme y\u00f6ntemlerinin aksine, MR radyasyon ve ultrason dalgalar\u0131 i\u00e7ermez. Organlar\u0131n do\u011fru g\u00f6r\u00fcnt\u00fcleri, fizyolojik parametreler kullan\u0131larak g\u00f6sterilir. <\/p>\n\n<p>PET BT: PET BT, sintigrafiye dayal\u0131 bir kalp incelemesidir. Bu y\u00f6ntem, kalbin canl\u0131l\u0131\u011f\u0131n\u0131 koruma durumunu g\u00f6zlemlemek i\u00e7in kullan\u0131l\u0131r. \u00d6zellikle kalp h\u00fccrelerinin fonksiyonu ve canl\u0131l\u0131\u011f\u0131 hakk\u0131nda detayl\u0131 bilgi elde etmek i\u00e7in kullan\u0131l\u0131r ve kalp dokular\u0131n\u0131n canl\u0131l\u0131\u011f\u0131 konusunda do\u011fru sonu\u00e7lar verir. Y\u00fcksek riskli bir hasta i\u00e7in bypass ameliyat\u0131n\u0131n faydal\u0131 olup olmayaca\u011f\u0131n\u0131n belirlenmesinde rehberlik sa\u011flar.   <\/p>\n\t\t\t\t\t\t\t\t<\/div>\n\t\t\t\t\t<\/div>\n\t\t\t\t<\/div>\n\t\t\t\t<\/div>\n\t\t","protected":false},"excerpt":{"rendered":"<p>Kalp Bak\u0131m Hizmetleri \u00c7ocuk Kalp Hastal\u0131klar\u0131 Yeti\u015fkin Kalp Hastal\u0131klar\u0131 Tan\u0131 ve Tedavi Giri\u015fimsel Kardiyoloji Robotik Cerrahi Kalp Hastal\u0131klar\u0131 Tan\u0131 ve Tedavisi T\u00fcrkiye \u0130stanbul Antalya \u0130zmirG\u0130R\u0130\u015e\u0130MSEL KARD\u0130YOLOJ\u0130 Doktorunuz, kalp yetmezli\u011fini t\u0131bbi ve aile \u00f6yk\u00fcn\u00fcz, fizik muayene ve test sonu\u00e7lar\u0131na dayanarak te\u015fhis edecektir. Di\u011fer t\u00fcm hastal\u0131klarda oldu\u011fu gibi, kalp hastal\u0131klar\u0131n\u0131n erken tan\u0131s\u0131 ba\u015far\u0131l\u0131 tedavi i\u00e7in hayati \u00f6neme sahiptir. D\u00fczenli kontroller ve kalbinizin sa\u011fl\u0131\u011f\u0131n\u0131n yak\u0131ndan izlenmesi, erken tan\u0131n\u0131n ilk ko\u015fuludur. Ac\u0131badem Kalp Bak\u0131m Merkezleri, en son teknoloji ekipmanlarla tan\u0131 ve tedavi hizmeti sunmaktad\u0131r. EKG: Elektrokardiyografi (EKG), kalp kas\u0131n\u0131 ve fonksiyonlar\u0131n\u0131 incelemek i\u00e7in kalbin elektriksel aktivitesini kaydeden bir cihazd\u0131r. \u00d6zellikle acil durumlarda h\u0131zl\u0131 de\u011ferlendirmeler i\u00e7in kullan\u0131l\u0131r. EKG, kardiyovask\u00fcler hastal\u0131klar\u0131n, yap\u0131sal anomalilerin ve aritmilerin tan\u0131s\u0131nda \u00f6nemli bir ara\u00e7t\u0131r. EKG izlemi ve yorumu h\u0131zl\u0131 bir \u015fekilde yap\u0131labilir. Efor EKG Testi: Bu, belirli ve sistematik bir protokol izlenerek ko\u015fu band\u0131nda yap\u0131lan bir egzersiz testidir. Test, egzersiz s\u0131ras\u0131nda g\u00f6\u011fse yerle\u015ftirilen elektrotlar arac\u0131l\u0131\u011f\u0131yla al\u0131nan EKG kay\u0131tlar\u0131n\u0131n yorumlanmas\u0131na dayan\u0131r. Test genellikle 5 ila 10 dakika s\u00fcrer, ancak hastan\u0131n ya\u015f\u0131na ve durumuna ba\u011fl\u0131 olarak de\u011fi\u015febilir. Bu test, kalbin efor alt\u0131ndaki \u00e7al\u0131\u015fma d\u00fczenini izler ve g\u00fcnl\u00fck hayatta genellikle belirti g\u00f6stermeyen embolileri tespit etmek i\u00e7in kullan\u0131l\u0131r. Efor EKG testinin tan\u0131 ama\u00e7l\u0131 yorumu, benzer bulgular g\u00f6steren di\u011fer hastal\u0131klarla ilgili yanl\u0131\u015f yorumlar\u0131 \u00f6nlemek i\u00e7in deneyimli hekimler taraf\u0131ndan yap\u0131lmal\u0131d\u0131r. Ekokardiyografi: Ekokardiyografi, ultrasonik ses dalgalar\u0131n\u0131 kullanarak kalbin yap\u0131s\u0131n\u0131, patolojisini ve fonksiyonlar\u0131n\u0131 incelemeyi sa\u011flayan tan\u0131sal ve ara\u015ft\u0131r\u0131c\u0131 bir ara\u00e7t\u0131r. Ekokardiyografi ile ventrik\u00fcl duvar\u0131n\u0131n hareketleri ve bo\u015fluklar\u0131, kalp kas\u0131n\u0131n geli\u015fimi ve kalp kapaklar\u0131 incelenebilir. Ayr\u0131ca yerle\u015ftirilen yapay kapaklar\u0131n yap\u0131s\u0131 ve i\u015flevselli\u011fi g\u00f6zlemlenebilir. Neredeyse t\u00fcm do\u011fu\u015ftan kalp hastal\u0131klar\u0131 bu y\u00f6ntemle te\u015fhis edilir. Hastalar \u00fczerinde zararl\u0131 yan etkisi yoktur ve kolayca kullan\u0131labilir. \u0130\u015flem s\u0131ras\u0131nda hasta hi\u00e7bir a\u011fr\u0131 hissetmez. Holter \u0130zlemi: Holter monit\u00f6r\u00fc, hastan\u0131n kalp ritmini veya kan bas\u0131nc\u0131n\u0131 izlemek i\u00e7in kullan\u0131l\u0131r. EKG kay\u0131tlar\u0131 ve kan bas\u0131nc\u0131 \u00f6l\u00e7\u00fcmleri i\u00e7in cep telefonu boyutunda ayr\u0131 cihazlar kullan\u0131l\u0131r. Cihazlar genellikle 24 saat veya daha uzun s\u00fcre hastan\u0131n v\u00fccuduna ba\u011flan\u0131r. Cihazlar, kalp ritmini ve kan bas\u0131nc\u0131n\u0131 s\u00fcrekli olarak \u00f6l\u00e7er. Genellikle, hastan\u0131n g\u00fcnl\u00fck ya\u015famda kalp ritmi ve kan bas\u0131nc\u0131n\u0131 izlemek i\u00e7in kullan\u0131l\u0131r. Hekimler, anormal bir kalp ritmi veya kan bas\u0131nc\u0131nda dengesizlik \u015f\u00fcphesi durumunda bu testi uygular. Trans-Telefonik \u0130zlem: Holter cihaz\u0131na benzer bir kay\u0131t cihaz\u0131, kalp fonksiyonlar\u0131n\u0131 izlemek i\u00e7in hastaya ba\u011flan\u0131r. Normal ko\u015fullarda, Holter cihazlar\u0131 hastada iki ila \u00fc\u00e7 g\u00fcn kalabilir. Ancak, nadiren rahats\u0131zl\u0131k hisseden hastalarda, Holter cihaz\u0131 ta\u015f\u0131nd\u0131\u011f\u0131 s\u00fcre boyunca belirtiler ortaya \u00e7\u0131kmayabilir. Bu gibi durumlarda, trans-telefonik olarak \u00e7al\u0131\u015fan bir tele-t\u0131p cihaz\u0131 kullan\u0131labilir. Stres Ekokardiyografi \u0130stirahat s\u0131ras\u0131nda \u00e7ekilen ekokardiyografi, kalp bo\u015fluklar\u0131n\u0131n geni\u015fli\u011fini, duvar hareketlerindeki bozukluklar\u0131 ve kalbin kas\u0131lma fonksiyonlar\u0131n\u0131 belirler. Koroner arter hastal\u0131\u011f\u0131n\u0131n dolayl\u0131 olarak te\u015fhis edilmesine yard\u0131mc\u0131 olabilir. Ayr\u0131ca di\u011fer kapak hastal\u0131klar\u0131na e\u015flik eden kardiyomiyopati, kalp zar\u0131 enfeksiyonlar\u0131, aort y\u0131rt\u0131lmas\u0131 ve g\u00f6\u011f\u00fcs a\u011fr\u0131s\u0131 ile nefes darl\u0131\u011f\u0131na neden olabilecek kalp kas\u0131n\u0131n a\u015f\u0131r\u0131 kal\u0131nla\u015fmas\u0131 gibi di\u011fer durumlar\u0131n tespit edilmesine de yard\u0131mc\u0131 olur. Stres ekokardiyografi, damar hastal\u0131\u011f\u0131n\u0131n yerini belirlemek i\u00e7in efor EKG ile birlikte kullan\u0131labilir. Miyokard Perf\u00fczyon Sintigrafisi: Miyokard perf\u00fczyon sintigrafisi, \u00f6zellikle kalp kas\u0131nda kan birikimi ile ilgili herhangi bir problemi tespit etmek i\u00e7in kullan\u0131l\u0131r. Kalbin kan birikimi hakk\u0131nda iki farkl\u0131 durumda bilgi sa\u011flar; biri stres alt\u0131nda (\u00f6rne\u011fin egzersiz s\u0131ras\u0131nda), di\u011feri ise dinlenme halinde. Miyokard sintigrafisi, ciddi koroner arter hastal\u0131klar\u0131n\u0131 tespit etmek i\u00e7in kullan\u0131labilir. Ciddi damar hastal\u0131klar\u0131n\u0131n tan\u0131s\u0131ndaki tan\u0131sal duyarl\u0131l\u0131\u011f\u0131 ve do\u011frulu\u011fu yakla\u015f\u0131k %90 civar\u0131ndad\u0131r. Test s\u0131ras\u0131nda elde edilen bulgular, hastan\u0131n \u00f6l\u00fcm riski, kalp fonksiyonlar\u0131 ve ileri kalp yetmezli\u011fi hakk\u0131nda bilgi sa\u011flar ve do\u011fru tedavi y\u00f6ntemine karar verilmesinde hayati \u00f6neme sahip veriler sunar. Flash BT: Flash BT, incelenen b\u00f6lgenin kesitsel g\u00f6r\u00fcnt\u00fcs\u00fcn\u00fc X \u0131\u015f\u0131nlar\u0131 kullanarak olu\u015fturan radyolojik bir tan\u0131 y\u00f6ntemidir. Radyolojik bir tan\u0131 y\u00f6ntemi olarak Flash BT, v\u00fccudun t\u00fcm b\u00f6lgelerinin g\u00f6r\u00fcnt\u00fclerini sa\u011flayabilir, \u00f6zellikle kalp ve akci\u011fer taramalar\u0131 i\u00e7in kullan\u0131l\u0131r. Kalp 250 milisaniyede taranabilir. Tek t\u00fcp ve tek dedekt\u00f6r sistemleriyle kar\u015f\u0131la\u015ft\u0131r\u0131ld\u0131\u011f\u0131nda, g\u00f6r\u00fcnt\u00fcleri yar\u0131 s\u00fcrede sa\u011flar. Kalbin taranmas\u0131na 250 milisaniyede olanak tan\u0131r ve y\u00fczde 99 do\u011fruluk oran\u0131na sahiptir (bir kalp at\u0131\u015f\u0131n\u0131n d\u00f6rtte biri kadar bir s\u00fcrede). B\u00f6ylece, hastan\u0131n kalp at\u0131\u015f h\u0131z\u0131 dakikada 100\u2019\u00fcn \u00fczerinde olsa bile, kalbi ila\u00e7la yava\u015flatmaya gerek kalmaz. . Flash BT, piyasadaki en d\u00fc\u015f\u00fck seviyede radyasyon yayan bir tarama arac\u0131d\u0131r. Kalp taramas\u0131, y\u00fczde 80 daha az radyasyonla tamamlanabilir. Rutin i\u015flemlerde invaziv olmayan bir kardiyolojik tan\u0131 y\u00f6ntemi olarak kullan\u0131labilir. Kalp MR Testi: MR testi, do\u011fu\u015ftan kalp hastal\u0131klar\u0131 ve kalp bo\u015fluklar\u0131 hakk\u0131nda de\u011ferli bilgiler sa\u011flar ve kalbe giren ve \u00e7\u0131kan ana arterlerin yap\u0131lar\u0131n\u0131n detayl\u0131 de\u011ferlendirilmesine olanak tan\u0131r. Ekokardiyografi bulgular\u0131n\u0131 olumsuz etkilemeden tamamlar. Kardiyovask\u00fcler daralmalar\u0131n de\u011ferlendirilmesinde, kalp krizinin kalp kaslar\u0131 \u00fczerindeki etkisinin boyutunun belirlenmesinde ve kalbin canl\u0131l\u0131\u011f\u0131n\u0131 ve fonksiyonunu koruma durumunun incelenmesinde detayl\u0131 bilgi sa\u011flar. MR testi, kalp kas\u0131 hastal\u0131klar\u0131 ve kalpteki kitlelerin de\u011ferlendirilmesinde en y\u00fcksek tan\u0131sal hassasiyete sahiptir. Geleneksel g\u00f6r\u00fcnt\u00fcleme y\u00f6ntemlerinin aksine, MR radyasyon ve ultrason dalgalar\u0131 i\u00e7ermez. Organlar\u0131n do\u011fru g\u00f6r\u00fcnt\u00fcleri, fizyolojik parametreler kullan\u0131larak g\u00f6sterilir. PET BT: PET BT, sintigrafiye dayal\u0131 bir kalp incelemesidir. Bu y\u00f6ntem, kalbin canl\u0131l\u0131\u011f\u0131n\u0131 koruma durumunu g\u00f6zlemlemek i\u00e7in kullan\u0131l\u0131r. \u00d6zellikle kalp h\u00fccrelerinin fonksiyonu ve canl\u0131l\u0131\u011f\u0131 hakk\u0131nda detayl\u0131 bilgi elde etmek i\u00e7in kullan\u0131l\u0131r ve kalp dokular\u0131n\u0131n canl\u0131l\u0131\u011f\u0131 konusunda do\u011fru sonu\u00e7lar verir. Y\u00fcksek riskli bir hasta i\u00e7in bypass ameliyat\u0131n\u0131n faydal\u0131 olup olmayaca\u011f\u0131n\u0131n belirlenmesinde rehberlik sa\u011flar.<\/p>\n","protected":false},"author":4,"featured_media":0,"parent":2514,"menu_order":0,"comment_status":"closed","ping_status":"closed","template":"","meta":{"_joinchat":[],"footnotes":""},"class_list":["post-2529","page","type-page","status-publish","hentry"],"acf":[],"_links":{"self":[{"href":"https:\/\/medicaltravel.net\/tr\/wp-json\/wp\/v2\/pages\/2529","targetHints":{"allow":["GET"]}}],"collection":[{"href":"https:\/\/medicaltravel.net\/tr\/wp-json\/wp\/v2\/pages"}],"about":[{"href":"https:\/\/medicaltravel.net\/tr\/wp-json\/wp\/v2\/types\/page"}],"author":[{"embeddable":true,"href":"https:\/\/medicaltravel.net\/tr\/wp-json\/wp\/v2\/users\/4"}],"replies":[{"embeddable":true,"href":"https:\/\/medicaltravel.net\/tr\/wp-json\/wp\/v2\/comments?post=2529"}],"version-history":[{"count":7,"href":"https:\/\/medicaltravel.net\/tr\/wp-json\/wp\/v2\/pages\/2529\/revisions"}],"predecessor-version":[{"id":2727,"href":"https:\/\/medicaltravel.net\/tr\/wp-json\/wp\/v2\/pages\/2529\/revisions\/2727"}],"up":[{"embeddable":true,"href":"https:\/\/medicaltravel.net\/tr\/wp-json\/wp\/v2\/pages\/2514"}],"wp:attachment":[{"href":"https:\/\/medicaltravel.net\/tr\/wp-json\/wp\/v2\/media?parent=2529"}],"curies":[{"name":"wp","href":"https:\/\/api.w.org\/{rel}","templated":true}]}}