{"id":2534,"date":"2025-09-29T09:23:02","date_gmt":"2025-09-29T08:23:02","guid":{"rendered":"https:\/\/medicaltravel.net\/kardiyoloji-kalp-tedavileri-turkiye-istanbul-antalya-izmir-bursa\/girisimsel-kardiyoloji-yontemleri-turkiye-istanbul-antalya-izmir-anjiyoplasti-stent\/"},"modified":"2026-01-11T15:26:42","modified_gmt":"2026-01-11T14:26:42","slug":"girisimsel-kardiyoloji-yontemleri-turkiye-istanbul-antalya-izmir-anjiyoplasti-stent","status":"publish","type":"page","link":"https:\/\/medicaltravel.net\/tr\/kardiyoloji-kalp-tedavileri-turkiye-istanbul-antalya-izmir-bursa\/girisimsel-kardiyoloji-yontemleri-turkiye-istanbul-antalya-izmir-anjiyoplasti-stent\/","title":{"rendered":"Giri\u015fimsel kardiyoloji y\u00f6ntemleri T\u00fcrkiye \u0130stanbul Antalya \u0130zmir Anjiyoplasti-Stent"},"content":{"rendered":"\t\t<div data-elementor-type=\"wp-page\" data-elementor-id=\"2534\" class=\"elementor elementor-2534 elementor-51\" data-elementor-post-type=\"page\">\n\t\t\t\t<div class=\"elementor-element elementor-element-57284c0e e-flex e-con-boxed wpr-particle-no wpr-jarallax-no wpr-parallax-no wpr-sticky-section-no e-con e-parent\" data-id=\"57284c0e\" data-element_type=\"container\" data-e-type=\"container\">\n\t\t\t\t\t<div class=\"e-con-inner\">\n\t\t<div class=\"elementor-element elementor-element-2a6674d e-con-full e-flex wpr-particle-no wpr-jarallax-no wpr-parallax-no wpr-sticky-section-no e-con e-child\" data-id=\"2a6674d\" data-element_type=\"container\" data-e-type=\"container\">\n\t\t\t\t<div class=\"elementor-element elementor-element-20918ad elementor-widget elementor-widget-button\" data-id=\"20918ad\" data-element_type=\"widget\" data-e-type=\"widget\" data-widget_type=\"button.default\">\n\t\t\t\t\t\t\t\t\t\t<a class=\"elementor-button elementor-button-link elementor-size-sm\" href=\"https:\/\/medicaltravel.net\/tr\/kardiyoloji-kalp-tedavileri-turkiye-istanbul-antalya-izmir-bursa\/kalp-bakim-hizmeti-turkiye-istanbul-antalya-bursa-adana-kardiyovaskuler\/\">\n\t\t\t\t\t\t<span class=\"elementor-button-content-wrapper\">\n\t\t\t\t\t\t\t\t\t<span class=\"elementor-button-text\">Kalp Bak\u0131m Hizmetleri<\/span>\n\t\t\t\t\t<\/span>\n\t\t\t\t\t<\/a>\n\t\t\t\t\t\t\t\t<\/div>\n\t\t\t\t<div class=\"elementor-element elementor-element-ddaaf5a elementor-widget elementor-widget-button\" data-id=\"ddaaf5a\" data-element_type=\"widget\" data-e-type=\"widget\" data-widget_type=\"button.default\">\n\t\t\t\t\t\t\t\t\t\t<a class=\"elementor-button elementor-button-link elementor-size-sm\" href=\"https:\/\/medicaltravel.net\/tr\/kardiyoloji-kalp-tedavileri-turkiye-istanbul-antalya-izmir-bursa\/cocuk-kalp-hastaliklari-tedavileri-turkiye-istanbul-antalya-izmir\/\">\n\t\t\t\t\t\t<span class=\"elementor-button-content-wrapper\">\n\t\t\t\t\t\t\t\t\t<span class=\"elementor-button-text\">\u00c7ocuk Kalp Hastal\u0131klar\u0131<\/span>\n\t\t\t\t\t<\/span>\n\t\t\t\t\t<\/a>\n\t\t\t\t\t\t\t\t<\/div>\n\t\t\t\t<div class=\"elementor-element elementor-element-836d38f elementor-widget elementor-widget-button\" data-id=\"836d38f\" data-element_type=\"widget\" data-e-type=\"widget\" data-widget_type=\"button.default\">\n\t\t\t\t\t\t\t\t\t\t<a class=\"elementor-button elementor-button-link elementor-size-sm\" href=\"https:\/\/medicaltravel.net\/tr\/kardiyoloji-kalp-tedavileri-turkiye-istanbul-antalya-izmir-bursa\/yetiskin-kalp-hastaliklari-tedavileri-turkiye-istanbul-antalya-izmir\/\">\n\t\t\t\t\t\t<span class=\"elementor-button-content-wrapper\">\n\t\t\t\t\t\t\t\t\t<span class=\"elementor-button-text\">Yeti\u015fkin Kalp Hastal\u0131klar\u0131<\/span>\n\t\t\t\t\t<\/span>\n\t\t\t\t\t<\/a>\n\t\t\t\t\t\t\t\t<\/div>\n\t\t\t\t<div class=\"elementor-element elementor-element-0583f6b elementor-widget elementor-widget-button\" data-id=\"0583f6b\" data-element_type=\"widget\" data-e-type=\"widget\" data-widget_type=\"button.default\">\n\t\t\t\t\t\t\t\t\t\t<a class=\"elementor-button elementor-button-link elementor-size-sm\" href=\"https:\/\/medicaltravel.net\/tr\/kardiyoloji-kalp-tedavileri-turkiye-istanbul-antalya-izmir-bursa\/kalp-hastaliklari-tani-ve-tedavisi-turkiye-istanbul-antalya-izmir\/\">\n\t\t\t\t\t\t<span class=\"elementor-button-content-wrapper\">\n\t\t\t\t\t\t\t\t\t<span class=\"elementor-button-text\">Tan\u0131 ve Tedavi<\/span>\n\t\t\t\t\t<\/span>\n\t\t\t\t\t<\/a>\n\t\t\t\t\t\t\t\t<\/div>\n\t\t\t\t<div class=\"elementor-element elementor-element-35c9916 elementor-widget elementor-widget-button\" data-id=\"35c9916\" data-element_type=\"widget\" data-e-type=\"widget\" data-widget_type=\"button.default\">\n\t\t\t\t\t\t\t\t\t\t<a class=\"elementor-button elementor-button-link elementor-size-sm\" href=\"https:\/\/medicaltravel.net\/tr\/kardiyoloji-kalp-tedavileri-turkiye-istanbul-antalya-izmir-bursa\/girisimsel-kardiyoloji-yontemleri-turkiye-istanbul-antalya-izmir-anjiyoplasti-stent\/\">\n\t\t\t\t\t\t<span class=\"elementor-button-content-wrapper\">\n\t\t\t\t\t\t\t\t\t<span class=\"elementor-button-text\">Giri\u015fimsel Kardiyoloji<\/span>\n\t\t\t\t\t<\/span>\n\t\t\t\t\t<\/a>\n\t\t\t\t\t\t\t\t<\/div>\n\t\t\t\t<div class=\"elementor-element elementor-element-b5e67b0 elementor-widget elementor-widget-button\" data-id=\"b5e67b0\" data-element_type=\"widget\" data-e-type=\"widget\" data-widget_type=\"button.default\">\n\t\t\t\t\t\t\t\t\t\t<a class=\"elementor-button elementor-button-link elementor-size-sm\" href=\"https:\/\/medicaltravel.net\/tr\/kardiyoloji-kalp-tedavileri-turkiye-istanbul-antalya-izmir-bursa\/robotik-cerrahi-da-vinci-turkiye-istanbul-antalya-izmir\/\">\n\t\t\t\t\t\t<span class=\"elementor-button-content-wrapper\">\n\t\t\t\t\t\t\t\t\t<span class=\"elementor-button-text\">Robotik Cerrahi<\/span>\n\t\t\t\t\t<\/span>\n\t\t\t\t\t<\/a>\n\t\t\t\t\t\t\t\t<\/div>\n\t\t\t\t<\/div>\n\t\t\t\t<div class=\"elementor-element elementor-element-4d9b64e2 elementor-widget elementor-widget-text-editor\" data-id=\"4d9b64e2\" data-element_type=\"widget\" data-e-type=\"widget\" data-widget_type=\"text-editor.default\">\n\t\t\t\t\t\t\t\t\t\n<h3 class=\"wp-block-heading\">G\u0130R\u0130\u015e\u0130MSEL KARD\u0130YOLOJ\u0130 T\u00dcRK\u0130YE (ANJ\u0130YOPLAST\u0130 VE STENT)<\/h3>\n\n<figure class=\"wp-block-image size-full\"><img fetchpriority=\"high\" decoding=\"async\" width=\"560\" height=\"260\" class=\"wp-image-205\" src=\"https:\/\/medicaltravel.net\/wp-content\/uploads\/2025\/09\/interv.jpg\" alt=\"\" srcset=\"https:\/\/medicaltravel.net\/wp-content\/uploads\/2025\/09\/interv.jpg 560w, https:\/\/medicaltravel.net\/wp-content\/uploads\/2025\/09\/interv-300x139.jpg 300w\" sizes=\"(max-width: 560px) 100vw, 560px\" \/><\/figure>\n\n<p id=\"caption-attachment-384\">Ac\u0131badem Hastanesi giri\u015fimsel kardiyologlar\u0131, kalp bacak boyun ve kar\u0131ndaki daralm\u0131\u015f kan damarlar\u0131n\u0131; daralm\u0131\u015f veya s\u0131z\u0131nt\u0131 yapan kalp kapaklar\u0131 dahil yap\u0131sal kalp hastal\u0131klar\u0131n\u0131 tan\u0131lamak ve tedavi etmek i\u00e7in en yeni teknolojik cerrahi olmayan y\u00f6ntemleri kullan\u0131r.<\/p>\n\n<p><strong>Koroner Anjiyografi:<\/strong> Bu, arter daralmas\u0131n\u0131n anatomik yap\u0131s\u0131n\u0131 test etmek ve ek tekniklerle fonksiyonel de\u011ferlendirme sa\u011flamak i\u00e7in kullan\u0131lan en g\u00fcvenilir y\u00f6ntemdir<\/p>\n\n<p>Bu y\u00f6ntem, di\u011fer testlerin sonu\u00e7lar\u0131 koroner daralmay\u0131 g\u00f6steren hastalarda, stent veya balon anjiyoplasti planlanan hastalarda veya acil kalp krizlerinin tan\u0131 ve tedavisinde kullan\u0131l\u0131r.<\/p>\n\n<p>\u0130\u015flem, hastaneye yat\u0131\u015f\u0131 gerekli k\u0131lan kateter laboratuvar\u0131nda yap\u0131l\u0131r. Hasta i\u015flem s\u0131ras\u0131nda herhangi bir a\u011fr\u0131 hissetmez, yaln\u0131zca radyoopak maddenin birka\u00e7 saniyelik enjeksiyonu s\u0131ras\u0131nda t\u00fcm v\u00fccuda yay\u0131lan bir s\u0131cakl\u0131k hissi olu\u015fur. Normal ko\u015fullarda i\u015flem k\u0131sa s\u00fcrer ve yaln\u0131zca 5-10 dakika s\u00fcrer. <\/p>\n\n<p>Deneyimli personel taraf\u0131ndan deneyimli merkezlerde yap\u0131ld\u0131\u011f\u0131nda \u00f6l\u00fcm riski son derece d\u00fc\u015f\u00fckt\u00fcr &lt; (&lt; 0,1%).<\/p>\n\n<p>\u0130\u015flem sonras\u0131nda hastan\u0131n hastanede 2 ila 6 saat s\u00fcreyle izlenmesi gerekir.<\/p>\n\n<p><strong>Bilek Anjiyografisi:<\/strong> Anjiyografi, kardiyovask\u00fcler hastal\u0131klar\u0131n tan\u0131s\u0131nda \u00f6nemli bir rol oynar. Geli\u015ftirilen yeni teknolojiler sayesinde, kas\u0131k b\u00f6lgesi yerine bilekten de yap\u0131labilir. Kas\u0131k b\u00f6lgesindeki damarlarda daralma varsa veya a\u015f\u0131r\u0131 kilo nedeniyle kas\u0131k b\u00f6lgesi uygun de\u011filse, bilek anjiyografisi tercih edilir.  <\/p>\n\n<p>Hastalar\u0131n y\u00fczde 99\u2019unda uygulanabilir. Hastada damar komplikasyonlar\u0131 \u00e7ok nadir g\u00f6r\u00fcl\u00fcr. \u0130\u015flem sonras\u0131 hasta oturabilir, y\u00fcr\u00fcyebilir ve yemek yiyebilir. Hasta ayn\u0131 g\u00fcn g\u00fcnl\u00fck ya\u015fam\u0131na d\u00f6nebilir.   <\/p>\n\n<h3 class=\"wp-block-heading\">Tedavi<\/h3>\n\n<p><strong>Koroner Anjiyoplasti ve Stent Uygulamalar\u0131: <\/strong>Koroner anjiyoplasti (balon endarterektomi), koroner arterlerdeki lokal daralmalar\u0131n cerrahi olmayan y\u00f6ntemlerle geni\u015fletilmesidir. Bir rehber tel yerle\u015ftirilir ve kas\u0131k aortundan koroner damarlara kadar ilerletilir. \u015ei\u015fmemi\u015f bir balon bu tel \u00fczerinden daralm\u0131\u015f b\u00f6lgeye kadar kayd\u0131r\u0131l\u0131r. Balon d\u0131\u015far\u0131dan \u015fi\u015firildi\u011finde (yakla\u015f\u0131k 3 cm uzunlu\u011funda ve 3-4 cm geni\u015fli\u011finde), koroner damarlardaki daralma giderilir.   <\/p>\n\n<p>Ancak her koroner daralma bu y\u00f6ntem i\u00e7in uygun de\u011fildir. Baz\u0131 hastalarda bypass ameliyat\u0131 gerekebilir, baz\u0131lar\u0131 i\u00e7in ise kalp ila\u00e7lar\u0131 etkili ve g\u00fcvenli bir tedavi y\u00f6ntemi olabilir. Bu t\u00fcr kararlar yaln\u0131zca ilgili uzmanlar taraf\u0131ndan verilmelidir.   <\/p>\n\n<p><strong>Bypass Ameliyat\u0131:<\/strong> Atardamar daralmalar\u0131n\u0131n derecesine ba\u011fl\u0131 olarak doktor, koroner arter bypass m\u00fcdahalesini \u00f6nerebilir. Bu m\u00fcdahale, kalbi besleyen kan ak\u0131\u015f\u0131n\u0131 d\u00fczeltir ve b\u00f6ylece sa\u011fl\u0131\u011f\u0131 yeniden kazand\u0131r\u0131r. Koroner bypass ameliyat\u0131, kalbiniz ve ya\u015fam\u0131n\u0131z i\u00e7in ikinci bir \u015fans sa\u011flayabilir.  <\/p>\n\n<p>Koroner arter bypass ameliyat\u0131, daralm\u0131\u015f veya t\u0131kanm\u0131\u015f arter d\u0131\u015f\u0131nda farkl\u0131 bir yol olu\u015fturarak kalbe kan ak\u0131\u015f\u0131n\u0131 yeniden sa\u011flar. Birden fazla daralm\u0131\u015f arter varsa, birden fazla bypass gerekir. <\/p>\n\n<p>Bypass i\u00e7in kullan\u0131lacak arter, yani greft, g\u00f6\u011f\u00fcs, kol veya bacaktan al\u0131n\u0131r ve daralm\u0131\u015f koroner arterle birle\u015ftirilir. En s\u0131k kullan\u0131lan greftler, i\u00e7 torasik arterler, kollardan al\u0131nan aort ve bacaklardan al\u0131nan venad\u0131r. Bu damarlar\u0131n al\u0131nd\u0131\u011f\u0131 b\u00f6lgelerde ek damarlar bulundu\u011fundan, \u00e7\u0131kar\u0131lmalar\u0131 v\u00fccudun kan dola\u015f\u0131m\u0131n\u0131 etkilemez.  <\/p>\n\n<p><strong>K\u00fc\u00e7\u00fck Kesili Ameliyat:<\/strong> Endoskopik cerrahi, g\u00f6\u011f\u00fcs b\u00f6lgesinde a\u00e7\u0131lan k\u00fc\u00e7\u00fck bir kesiden \u00f6zel endoskopik cihazlar kullan\u0131larak yap\u0131lan minimal invaziv bir a\u00e7\u0131k kalp ameliyat\u0131 y\u00f6ntemidir. Operasyon s\u0131ras\u0131nda t\u00fcm cerrahi aletler cerrah\u0131n kontrol\u00fcndedir. Bu s\u0131rada endoskopik kamera, ameliyat b\u00f6lgesini g\u00f6r\u00fcnt\u00fclemek i\u00e7in kullan\u0131labilir.  <\/p>\n\n<p>Endoskopik y\u00f6ntemle yap\u0131lan koroner bypass, kapak onar\u0131m\u0131, kapak implantasyonu, ventrik\u00fcler septal defektlerin onar\u0131m\u0131 ve ritim tedavisi i\u00e7in ablasyon i\u015flemlerinde kullan\u0131labilir.<\/p>\n\n<p>A\u00e7\u0131k cerrahiye k\u0131yasla hareket kabiliyeti daha y\u00fcksektir ve yara izi iyile\u015fmesi \u00e7ok daha h\u0131zl\u0131d\u0131r. Ameliyat sonras\u0131 hastalar i\u015fe d\u00f6nerek aktif ya\u015fama \u00e7ok daha erken ba\u015flayabilir. Ancak, sternum duvar\u0131n\u0131n yap\u0131s\u0131 ve kalbin anatomisi bu y\u00f6ntem i\u00e7in uygun olmal\u0131d\u0131r.  <\/p>\n\n<p><strong>TAVI<\/strong>: Kateter Y\u00f6ntemiyle Aort Kapak \u0130mplantasyonu (TAVI), a\u00e7\u0131k ameliyat olmadan kalbe kateter y\u00f6ntemiyle bir aort kapa\u011f\u0131 yerle\u015ftirilmesini i\u00e7erir. Kapak implant ameliyatlar\u0131nda d\u00fcnya genelinde ve T\u00fcrkiye\u2019de biyolojik kalp kapaklar\u0131 kullan\u0131l\u0131r. TAVI y\u00f6nteminde, bu biyolojik kapak bir stent k\u0131l\u0131f\u0131na yerle\u015ftirilir ve a\u00e7\u0131ld\u0131\u011f\u0131nda kapak implant b\u00f6lgesine sa\u011flam bir \u015fekilde oturur.  <\/p>\n\n<p>Bu y\u00f6ntemde iki farkl\u0131 teknik kullan\u0131labilir. \u0130lk teknikte, kapak anjiyografisine benzer \u015fekilde, kapak kateter yard\u0131m\u0131yla kas\u0131k b\u00f6lgesinden kalbe ilerletilir. Yerine ula\u015ft\u0131\u011f\u0131nda stent mekanizmas\u0131 a\u00e7\u0131l\u0131r. \u0130kinci teknik, kalbe eri\u015fim i\u00e7in kullan\u0131lacak kas\u0131k veya kar\u0131n b\u00f6lgesinde daralma oldu\u011funda uygulan\u0131r. Bu durumda, sternumun \u00f6n duvar\u0131na 4-5 cm\u2019lik k\u00fc\u00e7\u00fck bir kesik a\u00e7\u0131larak kalbin eri\u015fim noktas\u0131 sa\u011flan\u0131r. Kapak, kalbe ilerletilen kateter yard\u0131m\u0131yla yerle\u015ftirilir. Her iki y\u00f6ntemde de kalbin durdurulmas\u0131na ve a\u00e7\u0131k ameliyat yap\u0131lmas\u0131na gerek yoktur. \u0130\u015flem lokal anestezi alt\u0131nda tamamlanabilir.<\/p>\n\n<p>Hastalar TAVI i\u015flemi sonras\u0131 odalar\u0131na al\u0131n\u0131r. Bu s\u00fcre boyunca hastaya antikoag\u00fclanlar verilir ve 4-5 g\u00fcn normal ko\u015fullarda izlenir, ard\u0131ndan taburcu edilir. Birka\u00e7 g\u00fcn dinlenmenin ard\u0131ndan hasta kontrol muayenesi i\u00e7in geri gelir ve g\u00fcnl\u00fck ya\u015fam\u0131na devam eder. TAVI y\u00f6ntemi, a\u00e7\u0131k kapak implant ameliyat\u0131n\u0131 kald\u0131ramayacak y\u00fcksek riskli hastalar i\u00e7in \u00f6zellikle \u00f6nerilir. Ayr\u0131ca a\u00e7\u0131k cerrahiye engel te\u015fkil eden durumlar\u0131 olan hastalarda da kullan\u0131labilir. TAVI y\u00f6ntemi, bu hastalarda etkili oldu\u011fu, ya\u015fam s\u00fcrelerini uzatt\u0131\u011f\u0131 ve klinik durumlar\u0131n\u0131 iyile\u015ftirdi\u011fi kan\u0131tlanm\u0131\u015ft\u0131r.     <\/p>\n\n<p>TAVI, yak\u0131n zamanda geli\u015ftirilmi\u015f bir y\u00f6ntem olmas\u0131na ra\u011fmen, teknolojik geli\u015fmeler, uygulama deneyimleri ve bilimsel sonu\u00e7lar, bu y\u00f6ntemin \u00e7ok daha yayg\u0131n hale gelece\u011fini g\u00f6stermektedir.<\/p>\n\n<p><strong>TAVI ACIBADEM\u2019DE:<\/strong> TAVI kapak i\u015flemleri, d\u00fcnyada 2002\u2019den itibaren deneysel ortamlarda, 2004\u2019ten itibaren ise insanlarda uygulanmaktad\u0131r. 2010 itibar\u0131yla operasyon, ABD ve Avrupa\u2019daki bir\u00e7ok \u00f6nde gelen merkezde ba\u015far\u0131yla uygulanm\u0131\u015ft\u0131r. T\u00fcrkiye\u2019de ilk kez 2009\u2019da kullan\u0131lm\u0131\u015ft\u0131r. Ac\u0131badem Kardiyoloji ve Kardiyovask\u00fcler Cerrahi ekibi, bu yeni ve ba\u015far\u0131l\u0131 tedavi y\u00f6ntemini uygulamak i\u00e7in gerekli donan\u0131ma sahiptir ve TAVI i\u015flemini ba\u015far\u0131yla ger\u00e7ekle\u015ftirebilmektedir.   <\/p>\n\n<p>\u0130\u015flem, kardiyovask\u00fcler cerrahi, kardiyoloji, anesteziyoloji ve reanimasyon ile radyoloji gibi farkl\u0131 disiplinlerden bir\u00e7ok uzmandan olu\u015fan bir ekip taraf\u0131ndan planlan\u0131r ve tamamlan\u0131r.<\/p>\n\t\t\t\t\t\t\t\t<\/div>\n\t\t\t\t\t<\/div>\n\t\t\t\t<\/div>\n\t\t\t\t<\/div>\n\t\t","protected":false},"excerpt":{"rendered":"<p>Kalp Bak\u0131m Hizmetleri \u00c7ocuk Kalp Hastal\u0131klar\u0131 Yeti\u015fkin Kalp Hastal\u0131klar\u0131 Tan\u0131 ve Tedavi Giri\u015fimsel Kardiyoloji Robotik Cerrahi G\u0130R\u0130\u015e\u0130MSEL KARD\u0130YOLOJ\u0130 T\u00dcRK\u0130YE (ANJ\u0130YOPLAST\u0130 VE STENT) Ac\u0131badem Hastanesi giri\u015fimsel kardiyologlar\u0131, kalp bacak boyun ve kar\u0131ndaki daralm\u0131\u015f kan damarlar\u0131n\u0131; daralm\u0131\u015f veya s\u0131z\u0131nt\u0131 yapan kalp kapaklar\u0131 dahil yap\u0131sal kalp hastal\u0131klar\u0131n\u0131 tan\u0131lamak ve tedavi etmek i\u00e7in en yeni teknolojik cerrahi olmayan y\u00f6ntemleri kullan\u0131r. Koroner Anjiyografi: Bu, arter daralmas\u0131n\u0131n anatomik yap\u0131s\u0131n\u0131 test etmek ve ek tekniklerle fonksiyonel de\u011ferlendirme sa\u011flamak i\u00e7in kullan\u0131lan en g\u00fcvenilir y\u00f6ntemdir Bu y\u00f6ntem, di\u011fer testlerin sonu\u00e7lar\u0131 koroner daralmay\u0131 g\u00f6steren hastalarda, stent veya balon anjiyoplasti planlanan hastalarda veya acil kalp krizlerinin tan\u0131 ve tedavisinde kullan\u0131l\u0131r. \u0130\u015flem, hastaneye yat\u0131\u015f\u0131 gerekli k\u0131lan kateter laboratuvar\u0131nda yap\u0131l\u0131r. Hasta i\u015flem s\u0131ras\u0131nda herhangi bir a\u011fr\u0131 hissetmez, yaln\u0131zca radyoopak maddenin birka\u00e7 saniyelik enjeksiyonu s\u0131ras\u0131nda t\u00fcm v\u00fccuda yay\u0131lan bir s\u0131cakl\u0131k hissi olu\u015fur. Normal ko\u015fullarda i\u015flem k\u0131sa s\u00fcrer ve yaln\u0131zca 5-10 dakika s\u00fcrer. Deneyimli personel taraf\u0131ndan deneyimli merkezlerde yap\u0131ld\u0131\u011f\u0131nda \u00f6l\u00fcm riski son derece d\u00fc\u015f\u00fckt\u00fcr &lt; (&lt; 0,1%). \u0130\u015flem sonras\u0131nda hastan\u0131n hastanede 2 ila 6 saat s\u00fcreyle izlenmesi gerekir. Bilek Anjiyografisi: Anjiyografi, kardiyovask\u00fcler hastal\u0131klar\u0131n tan\u0131s\u0131nda \u00f6nemli bir rol oynar. Geli\u015ftirilen yeni teknolojiler sayesinde, kas\u0131k b\u00f6lgesi yerine bilekten de yap\u0131labilir. Kas\u0131k b\u00f6lgesindeki damarlarda daralma varsa veya a\u015f\u0131r\u0131 kilo nedeniyle kas\u0131k b\u00f6lgesi uygun de\u011filse, bilek anjiyografisi tercih edilir. Hastalar\u0131n y\u00fczde 99\u2019unda uygulanabilir. Hastada damar komplikasyonlar\u0131 \u00e7ok nadir g\u00f6r\u00fcl\u00fcr. \u0130\u015flem sonras\u0131 hasta oturabilir, y\u00fcr\u00fcyebilir ve yemek yiyebilir. Hasta ayn\u0131 g\u00fcn g\u00fcnl\u00fck ya\u015fam\u0131na d\u00f6nebilir. Tedavi Koroner Anjiyoplasti ve Stent Uygulamalar\u0131: Koroner anjiyoplasti (balon endarterektomi), koroner arterlerdeki lokal daralmalar\u0131n cerrahi olmayan y\u00f6ntemlerle geni\u015fletilmesidir. Bir rehber tel yerle\u015ftirilir ve kas\u0131k aortundan koroner damarlara kadar ilerletilir. \u015ei\u015fmemi\u015f bir balon bu tel \u00fczerinden daralm\u0131\u015f b\u00f6lgeye kadar kayd\u0131r\u0131l\u0131r. Balon d\u0131\u015far\u0131dan \u015fi\u015firildi\u011finde (yakla\u015f\u0131k 3 cm uzunlu\u011funda ve 3-4 cm geni\u015fli\u011finde), koroner damarlardaki daralma giderilir. Ancak her koroner daralma bu y\u00f6ntem i\u00e7in uygun de\u011fildir. Baz\u0131 hastalarda bypass ameliyat\u0131 gerekebilir, baz\u0131lar\u0131 i\u00e7in ise kalp ila\u00e7lar\u0131 etkili ve g\u00fcvenli bir tedavi y\u00f6ntemi olabilir. Bu t\u00fcr kararlar yaln\u0131zca ilgili uzmanlar taraf\u0131ndan verilmelidir. Bypass Ameliyat\u0131: Atardamar daralmalar\u0131n\u0131n derecesine ba\u011fl\u0131 olarak doktor, koroner arter bypass m\u00fcdahalesini \u00f6nerebilir. Bu m\u00fcdahale, kalbi besleyen kan ak\u0131\u015f\u0131n\u0131 d\u00fczeltir ve b\u00f6ylece sa\u011fl\u0131\u011f\u0131 yeniden kazand\u0131r\u0131r. Koroner bypass ameliyat\u0131, kalbiniz ve ya\u015fam\u0131n\u0131z i\u00e7in ikinci bir \u015fans sa\u011flayabilir. Koroner arter bypass ameliyat\u0131, daralm\u0131\u015f veya t\u0131kanm\u0131\u015f arter d\u0131\u015f\u0131nda farkl\u0131 bir yol olu\u015fturarak kalbe kan ak\u0131\u015f\u0131n\u0131 yeniden sa\u011flar. Birden fazla daralm\u0131\u015f arter varsa, birden fazla bypass gerekir. Bypass i\u00e7in kullan\u0131lacak arter, yani greft, g\u00f6\u011f\u00fcs, kol veya bacaktan al\u0131n\u0131r ve daralm\u0131\u015f koroner arterle birle\u015ftirilir. En s\u0131k kullan\u0131lan greftler, i\u00e7 torasik arterler, kollardan al\u0131nan aort ve bacaklardan al\u0131nan venad\u0131r. Bu damarlar\u0131n al\u0131nd\u0131\u011f\u0131 b\u00f6lgelerde ek damarlar bulundu\u011fundan, \u00e7\u0131kar\u0131lmalar\u0131 v\u00fccudun kan dola\u015f\u0131m\u0131n\u0131 etkilemez. K\u00fc\u00e7\u00fck Kesili Ameliyat: Endoskopik cerrahi, g\u00f6\u011f\u00fcs b\u00f6lgesinde a\u00e7\u0131lan k\u00fc\u00e7\u00fck bir kesiden \u00f6zel endoskopik cihazlar kullan\u0131larak yap\u0131lan minimal invaziv bir a\u00e7\u0131k kalp ameliyat\u0131 y\u00f6ntemidir. Operasyon s\u0131ras\u0131nda t\u00fcm cerrahi aletler cerrah\u0131n kontrol\u00fcndedir. Bu s\u0131rada endoskopik kamera, ameliyat b\u00f6lgesini g\u00f6r\u00fcnt\u00fclemek i\u00e7in kullan\u0131labilir. Endoskopik y\u00f6ntemle yap\u0131lan koroner bypass, kapak onar\u0131m\u0131, kapak implantasyonu, ventrik\u00fcler septal defektlerin onar\u0131m\u0131 ve ritim tedavisi i\u00e7in ablasyon i\u015flemlerinde kullan\u0131labilir. A\u00e7\u0131k cerrahiye k\u0131yasla hareket kabiliyeti daha y\u00fcksektir ve yara izi iyile\u015fmesi \u00e7ok daha h\u0131zl\u0131d\u0131r. Ameliyat sonras\u0131 hastalar i\u015fe d\u00f6nerek aktif ya\u015fama \u00e7ok daha erken ba\u015flayabilir. Ancak, sternum duvar\u0131n\u0131n yap\u0131s\u0131 ve kalbin anatomisi bu y\u00f6ntem i\u00e7in uygun olmal\u0131d\u0131r. TAVI: Kateter Y\u00f6ntemiyle Aort Kapak \u0130mplantasyonu (TAVI), a\u00e7\u0131k ameliyat olmadan kalbe kateter y\u00f6ntemiyle bir aort kapa\u011f\u0131 yerle\u015ftirilmesini i\u00e7erir. Kapak implant ameliyatlar\u0131nda d\u00fcnya genelinde ve T\u00fcrkiye\u2019de biyolojik kalp kapaklar\u0131 kullan\u0131l\u0131r. TAVI y\u00f6nteminde, bu biyolojik kapak bir stent k\u0131l\u0131f\u0131na yerle\u015ftirilir ve a\u00e7\u0131ld\u0131\u011f\u0131nda kapak implant b\u00f6lgesine sa\u011flam bir \u015fekilde oturur. Bu y\u00f6ntemde iki farkl\u0131 teknik kullan\u0131labilir. \u0130lk teknikte, kapak anjiyografisine benzer \u015fekilde, kapak kateter yard\u0131m\u0131yla kas\u0131k b\u00f6lgesinden kalbe ilerletilir. Yerine ula\u015ft\u0131\u011f\u0131nda stent mekanizmas\u0131 a\u00e7\u0131l\u0131r. \u0130kinci teknik, kalbe eri\u015fim i\u00e7in kullan\u0131lacak kas\u0131k veya kar\u0131n b\u00f6lgesinde daralma oldu\u011funda uygulan\u0131r. Bu durumda, sternumun \u00f6n duvar\u0131na 4-5 cm\u2019lik k\u00fc\u00e7\u00fck bir kesik a\u00e7\u0131larak kalbin eri\u015fim noktas\u0131 sa\u011flan\u0131r. Kapak, kalbe ilerletilen kateter yard\u0131m\u0131yla yerle\u015ftirilir. Her iki y\u00f6ntemde de kalbin durdurulmas\u0131na ve a\u00e7\u0131k ameliyat yap\u0131lmas\u0131na gerek yoktur. \u0130\u015flem lokal anestezi alt\u0131nda tamamlanabilir. Hastalar TAVI i\u015flemi sonras\u0131 odalar\u0131na al\u0131n\u0131r. Bu s\u00fcre boyunca hastaya antikoag\u00fclanlar verilir ve 4-5 g\u00fcn normal ko\u015fullarda izlenir, ard\u0131ndan taburcu edilir. Birka\u00e7 g\u00fcn dinlenmenin ard\u0131ndan hasta kontrol muayenesi i\u00e7in geri gelir ve g\u00fcnl\u00fck ya\u015fam\u0131na devam eder. TAVI y\u00f6ntemi, a\u00e7\u0131k kapak implant ameliyat\u0131n\u0131 kald\u0131ramayacak y\u00fcksek riskli hastalar i\u00e7in \u00f6zellikle \u00f6nerilir. Ayr\u0131ca a\u00e7\u0131k cerrahiye engel te\u015fkil eden durumlar\u0131 olan hastalarda da kullan\u0131labilir. TAVI y\u00f6ntemi, bu hastalarda etkili oldu\u011fu, ya\u015fam s\u00fcrelerini uzatt\u0131\u011f\u0131 ve klinik durumlar\u0131n\u0131 iyile\u015ftirdi\u011fi kan\u0131tlanm\u0131\u015ft\u0131r. TAVI, yak\u0131n zamanda geli\u015ftirilmi\u015f bir y\u00f6ntem olmas\u0131na ra\u011fmen, teknolojik geli\u015fmeler, uygulama deneyimleri ve bilimsel sonu\u00e7lar, bu y\u00f6ntemin \u00e7ok daha yayg\u0131n hale gelece\u011fini g\u00f6stermektedir. TAVI ACIBADEM\u2019DE: TAVI kapak i\u015flemleri, d\u00fcnyada 2002\u2019den itibaren deneysel ortamlarda, 2004\u2019ten itibaren ise insanlarda uygulanmaktad\u0131r. 2010 itibar\u0131yla operasyon, ABD ve Avrupa\u2019daki bir\u00e7ok \u00f6nde gelen merkezde ba\u015far\u0131yla uygulanm\u0131\u015ft\u0131r. T\u00fcrkiye\u2019de ilk kez 2009\u2019da kullan\u0131lm\u0131\u015ft\u0131r. Ac\u0131badem Kardiyoloji ve Kardiyovask\u00fcler Cerrahi ekibi, bu yeni ve ba\u015far\u0131l\u0131 tedavi y\u00f6ntemini uygulamak i\u00e7in gerekli donan\u0131ma sahiptir ve TAVI i\u015flemini ba\u015far\u0131yla ger\u00e7ekle\u015ftirebilmektedir. \u0130\u015flem, kardiyovask\u00fcler cerrahi, kardiyoloji, anesteziyoloji ve reanimasyon ile radyoloji gibi farkl\u0131 disiplinlerden bir\u00e7ok uzmandan olu\u015fan bir ekip taraf\u0131ndan planlan\u0131r ve tamamlan\u0131r.<\/p>\n","protected":false},"author":4,"featured_media":0,"parent":2514,"menu_order":0,"comment_status":"closed","ping_status":"closed","template":"","meta":{"_joinchat":[],"footnotes":""},"class_list":["post-2534","page","type-page","status-publish","hentry"],"acf":[],"_links":{"self":[{"href":"https:\/\/medicaltravel.net\/tr\/wp-json\/wp\/v2\/pages\/2534","targetHints":{"allow":["GET"]}}],"collection":[{"href":"https:\/\/medicaltravel.net\/tr\/wp-json\/wp\/v2\/pages"}],"about":[{"href":"https:\/\/medicaltravel.net\/tr\/wp-json\/wp\/v2\/types\/page"}],"author":[{"embeddable":true,"href":"https:\/\/medicaltravel.net\/tr\/wp-json\/wp\/v2\/users\/4"}],"replies":[{"embeddable":true,"href":"https:\/\/medicaltravel.net\/tr\/wp-json\/wp\/v2\/comments?post=2534"}],"version-history":[{"count":11,"href":"https:\/\/medicaltravel.net\/tr\/wp-json\/wp\/v2\/pages\/2534\/revisions"}],"predecessor-version":[{"id":2735,"href":"https:\/\/medicaltravel.net\/tr\/wp-json\/wp\/v2\/pages\/2534\/revisions\/2735"}],"up":[{"embeddable":true,"href":"https:\/\/medicaltravel.net\/tr\/wp-json\/wp\/v2\/pages\/2514"}],"wp:attachment":[{"href":"https:\/\/medicaltravel.net\/tr\/wp-json\/wp\/v2\/media?parent=2534"}],"curies":[{"name":"wp","href":"https:\/\/api.w.org\/{rel}","templated":true}]}}