{"id":2539,"date":"2025-09-29T09:25:20","date_gmt":"2025-09-29T08:25:20","guid":{"rendered":"https:\/\/medicaltravel.net\/kardiyoloji-kalp-tedavileri-turkiye-istanbul-antalya-izmir-bursa\/bobrek-nakli-turkiye-istanbul-antalya-bursa-izmir\/"},"modified":"2026-01-11T15:27:52","modified_gmt":"2026-01-11T14:27:52","slug":"bobrek-nakli-turkiye-istanbul-antalya-bursa-izmir","status":"publish","type":"page","link":"https:\/\/medicaltravel.net\/tr\/kardiyoloji-kalp-tedavileri-turkiye-istanbul-antalya-izmir-bursa\/bobrek-nakli-turkiye-istanbul-antalya-bursa-izmir\/","title":{"rendered":"B\u00f6brek Nakli T\u00fcrkiye \u0130stanbul Antalya Bursa \u0130zmir"},"content":{"rendered":"\t\t<div data-elementor-type=\"wp-page\" data-elementor-id=\"2539\" class=\"elementor elementor-2539 elementor-55\" data-elementor-post-type=\"page\">\n\t\t\t\t<div class=\"elementor-element elementor-element-59dbe4c5 e-flex e-con-boxed wpr-particle-no wpr-jarallax-no wpr-parallax-no wpr-sticky-section-no e-con e-parent\" data-id=\"59dbe4c5\" data-element_type=\"container\" data-e-type=\"container\">\n\t\t\t\t\t<div class=\"e-con-inner\">\n\t\t<div class=\"elementor-element elementor-element-a857f6c e-con-full e-flex wpr-particle-no wpr-jarallax-no wpr-parallax-no wpr-sticky-section-no e-con e-child\" data-id=\"a857f6c\" data-element_type=\"container\" data-e-type=\"container\">\n\t\t\t\t<div class=\"elementor-element elementor-element-23589a3 elementor-widget elementor-widget-button\" data-id=\"23589a3\" data-element_type=\"widget\" data-e-type=\"widget\" data-widget_type=\"button.default\">\n\t\t\t\t\t\t\t\t\t\t<a class=\"elementor-button elementor-button-link elementor-size-sm\" href=\"https:\/\/medicaltravel.net\/tr\/kardiyoloji-kalp-tedavileri-turkiye-istanbul-antalya-izmir-bursa\/bobrek-nakli-turkiye-istanbul-antalya-bursa-izmir\/\">\n\t\t\t\t\t\t<span class=\"elementor-button-content-wrapper\">\n\t\t\t\t\t\t\t\t\t<span class=\"elementor-button-text\">B\u00f6brek Nakli<\/span>\n\t\t\t\t\t<\/span>\n\t\t\t\t\t<\/a>\n\t\t\t\t\t\t\t\t<\/div>\n\t\t\t\t<div class=\"elementor-element elementor-element-3760917 elementor-widget elementor-widget-button\" data-id=\"3760917\" data-element_type=\"widget\" data-e-type=\"widget\" data-widget_type=\"button.default\">\n\t\t\t\t\t\t\t\t\t\t<a class=\"elementor-button elementor-button-link elementor-size-sm\" href=\"https:\/\/medicaltravel.net\/tr\/kardiyoloji-kalp-tedavileri-turkiye-istanbul-antalya-izmir-bursa\/karaciger-nakli-turkiye-istanbul-antalya-izmir-bursa\/\">\n\t\t\t\t\t\t<span class=\"elementor-button-content-wrapper\">\n\t\t\t\t\t\t\t\t\t<span class=\"elementor-button-text\">Karaci\u011fer Nakli<\/span>\n\t\t\t\t\t<\/span>\n\t\t\t\t\t<\/a>\n\t\t\t\t\t\t\t\t<\/div>\n\t\t\t\t<\/div>\n\t\t\t\t<div class=\"elementor-element elementor-element-423c9ade elementor-widget elementor-widget-text-editor\" data-id=\"423c9ade\" data-element_type=\"widget\" data-e-type=\"widget\" data-widget_type=\"text-editor.default\">\n\t\t\t\t\t\t\t\t\t\n<h3 class=\"wp-block-heading\">B\u00d6BREK NAKL\u0130 AMEL\u0130YATI, T\u00dcRK\u0130YE- \u0130stanbul- Antalya- \u0130zmir- Bursa<\/h3>\n\n<p>T\u00fcrkiye\u2019de bir\u00e7ok \u00fcst d\u00fczey hastane, 2000-2010 y\u0131llar\u0131 aras\u0131nda Organ Nakli Merkezlerini a\u00e7m\u0131\u015ft\u0131r. Gruba ba\u011fl\u0131 \u0130stanbul Uluslararas\u0131 Hastanesi\u2019nde yer alan merkez, kariyerleri boyunca 2000\u2019den fazla b\u00f6brek, 250 karaci\u011fer ve 60 pankreas nakli deneyimine sahip, d\u00fcnya \u00e7ap\u0131nda tan\u0131nm\u0131\u015f kurumlarda e\u011fitim alm\u0131\u015f bir ekibi a\u011f\u0131rlamaktad\u0131r. Merkez, \u00fclkenin en iyi klinik laboratuvar\u0131 ve yo\u011fun bak\u0131m \u00fcnitesi deste\u011fine sahiptir ve b\u00f6brek ile karaci\u011fer nakli yapmaktad\u0131r.  <\/p>\n\n<p>T\u00fcrkiye\u2019de B\u00f6brek Naklinin Avantajlar\u0131<\/p>\n\n<figure class=\"wp-block-image size-full\"><img fetchpriority=\"high\" decoding=\"async\" width=\"560\" height=\"260\" class=\"wp-image-211\" src=\"https:\/\/medicaltravel.net\/wp-content\/uploads\/2025\/09\/organnakli.jpg\" alt=\"\" srcset=\"https:\/\/medicaltravel.net\/wp-content\/uploads\/2025\/09\/organnakli.jpg 560w, https:\/\/medicaltravel.net\/wp-content\/uploads\/2025\/09\/organnakli-300x139.jpg 300w\" sizes=\"(max-width: 560px) 100vw, 560px\" \/><\/figure>\n\n<p id=\"caption-attachment-291\">T\u00fcrkiye\u2019nin En \u0130yi B\u00f6brek Nakli Hastanesi<\/p>\n\n<ul class=\"wp-block-list\">\n<li>En Son Teknoloji ve En Y\u00fcksek Hizmet Kalitesi<\/li>\n<\/ul>\n\n<p>Uluslararas\u0131 Hastane\u2019nin ameliyathaneleri ve yo\u011fun bak\u0131m \u00fcniteleri en son teknoloji altyap\u0131s\u0131yla donat\u0131lm\u0131\u015ft\u0131r. Tam laparoskopik teknik, don\u00f6r i\u00e7in yo\u011fun bak\u0131m ihtiyac\u0131n\u0131 azalt\u0131r. Ancak karaci\u011fer ve baz\u0131 b\u00f6brek al\u0131c\u0131lar\u0131 i\u00e7in tam donan\u0131ml\u0131 yo\u011fun bak\u0131m \u00fcniteleri kritik \u00f6neme sahiptir.  <\/p>\n\n<p>Don\u00f6r koruma program\u0131 (nakil sonras\u0131 don\u00f6r\u00fcn takibi ve bak\u0131m\u0131), Uluslararas\u0131 Hastane Nakil Merkezi taraf\u0131ndan sunulan benzersiz hizmetlerden biridir.<\/p>\n\n<p>Uluslararas\u0131 Hastane Nakil Merkezi, organ ba\u011f\u0131\u015f\u0131 ve naklinde en y\u00fcksek ahlaki ve etik standartlara tamamen ba\u011fl\u0131d\u0131r. Nakil Derne\u011fi ve Uluslararas\u0131 Nefroloji Derne\u011fi taraf\u0131ndan kabul edilen \u0130stanbul Deklarasyonu\u2019ndaki Organ Ticareti ve Nakil Turizmi ilkelerine, ayr\u0131ca Nakil Derne\u011fi taraf\u0131ndan benimsenen Amsterdam Forumu\u2019nun ya\u015fayan b\u00f6brek don\u00f6rlerinin bak\u0131m\u0131 ile ilgili Uzla\u015f\u0131 Bildirgesi\u2019ne uyar. Merkez ayn\u0131 zamanda T\u00fcrkiye Organ ve Doku Nakil Koordinasyon Sistemi standartlar\u0131n\u0131 da kar\u015f\u0131lamaktad\u0131r.  <\/p>\n\n<ul class=\"wp-block-list\">\n<li>Uluslararas\u0131 standartlara dayal\u0131 altyap\u0131<\/li>\n<\/ul>\n\n<p>Ameliyathaneler, laboratuvarlar ve yo\u011fun bak\u0131m \u00fcniteleri, organ naklinde en \u00f6nemli alanlard\u0131r. Sunulan ileri teknoloji ve uluslararas\u0131 d\u00fczeyde tan\u0131nan y\u00fcksek kalite standartlar\u0131, organ nakli hastalar\u0131 ve don\u00f6rlerin Ac\u0131badem\u2019in laboratuvarlar\u0131nda, yo\u011fun bak\u0131m \u00fcnitelerinde ve ameliyathanelerinde en \u00fcst d\u00fczeyde t\u0131bbi hizmet ve bak\u0131m almas\u0131n\u0131 sa\u011flar. <\/p>\n\n<p>Uluslararas\u0131 deneyime sahip uzmanlar, operasyonlar\u0131 y\u00fcksek teknoloji y\u00f6ntemleriyle ger\u00e7ekle\u015ftirir. Bunun bir \u00f6rne\u011fi, tamamen laparoskopik cerrahi ile kas\u0131k b\u00f6lgesinden yaln\u0131zca 5 cm\u2019lik bir kesikle b\u00f6bre\u011fin al\u0131nmas\u0131d\u0131r. Uygulanan ileri t\u0131bbi y\u00f6ntemler, don\u00f6r\u00fcn ameliyattan sonraki 24 saat i\u00e7inde taburcu olmas\u0131n\u0131 ve bir hafta i\u00e7inde i\u015fe ba\u015flayabilmesini sa\u011flar. Al\u0131c\u0131 ise yakla\u015f\u0131k bir hafta i\u00e7inde hastaneden taburcu edilebilir.   <\/p>\n\n<p>Uluslararas\u0131 Hastane Organ Nakli Merkezi ekibi, Genel Cerrahi Profes\u00f6r\u00fc ve d\u00fcnya \u00e7ap\u0131nda tan\u0131nan Dr. Alihan G\u00fcrkan taraf\u0131ndan y\u00f6netilmektedir. Kariyeri boyunca 2.000\u2019den fazla b\u00f6brek nakli ger\u00e7ekle\u015ftiren Dr. G\u00fcrkan\u2019\u0131n ba\u015fard\u0131\u011f\u0131 ilkler aras\u0131nda \u015funlar yer almaktad\u0131r: <\/p>\n\n<ul class=\"wp-block-list\">\n<li>2001 y\u0131l\u0131nda G\u00fcney T\u00fcrkiye\u2019de yap\u0131lan ilk canl\u0131 don\u00f6r karaci\u011fer nakli<\/li>\n\n<li>2002 y\u0131l\u0131nda T\u00fcrkiye\u2019de yap\u0131lan ilk par\u00e7al\u0131 karaci\u011fer nakli<\/li>\n\n<li>2003 y\u0131l\u0131nda T\u00fcrkiye\u2019de yap\u0131lan ilk blok b\u00f6brek nakli (iki \u00e7ocuk b\u00f6bre\u011finin tek bir organ olarak yeti\u015fkine nakledilmesi)<\/li>\n\n<li>2004 y\u0131l\u0131nda d\u00fcnyada ilk kez Oxalosis hastal\u0131\u011f\u0131n\u0131 tedavi etmek i\u00e7in yap\u0131lan yard\u0131mc\u0131 kombine karaci\u011fer ve b\u00f6brek nakli<\/li>\n\n<li>2009 y\u0131l\u0131nda T\u00fcrkiye\u2019de yap\u0131lan ilk ve tek kalp-b\u00f6brek kombine nakli<\/li>\n\n<li>2009 y\u0131l\u0131nda T\u00fcrkiye\u2019de en ya\u015fl\u0131 al\u0131c\u0131ya yap\u0131lan canl\u0131 don\u00f6r b\u00f6brek nakli<\/li>\n\n<li>2009 y\u0131l\u0131nda en ya\u015fl\u0131 kadavradan yap\u0131lan karaci\u011fer nakli<\/li>\n\n<li>2010 y\u0131l\u0131nda d\u00fcnyadaki en d\u00fc\u015f\u00fck v\u00fccut a\u011f\u0131rl\u0131\u011f\u0131na sahip al\u0131c\u0131ya (7,5 kg) yap\u0131lan b\u00f6brek nakli<\/li>\n\n<li>2010 y\u0131l\u0131nda d\u00fcnyada en d\u00fc\u015f\u00fck v\u00fccut a\u011f\u0131rl\u0131\u011f\u0131na sahip al\u0131c\u0131ya (7,9 kg) yap\u0131lan kombine b\u00f6brek ve karaci\u011fer nakli<\/li>\n\n<li>2010 y\u0131l\u0131nda T\u00fcrkiye\u2019de en ya\u015fl\u0131 canl\u0131 don\u00f6rden (84 ya\u015f\u0131nda) yap\u0131lan laparoskopik karaci\u011fer nakli<\/li>\n<\/ul>\n\n<h3 class=\"wp-block-heading\">Tam Laparskopik Teknikler<\/h3>\n\n<p>Ameliyatlarda kullan\u0131lan tam laparoskopik teknikler, don\u00f6rler i\u00e7in minimum hastanede kal\u0131\u015f s\u00fcresi sa\u011flar. Bu teknikler yaln\u0131zca y\u00fcksek deneyime ve uzmanl\u0131\u011fa sahip personelin bulundu\u011fu merkezlerde uygulan\u0131r ve a\u00e7\u0131k cerrahiye g\u00f6re bir\u00e7ok avantaj sunar: \u00d6rne\u011fin, a\u00e7\u0131k cerrahilerde 15-20 cm\u2019lik kesiler gerekirken, laparoskopi sadece 5 cm\u2019lik kesilerle m\u00fcmk\u00fcnd\u00fcr. Operasyon, kar\u0131n i\u00e7ine yerle\u015ftirilen bir kamera ile y\u00fcksek g\u00f6rsel kontrol sa\u011flanarak ger\u00e7ekle\u015ftirilir. Daha k\u00fc\u00e7\u00fck bir operasyon alan\u0131, ameliyat sonras\u0131 a\u011fr\u0131y\u0131 azalt\u0131r ve cerrahi yara risklerini d\u00fc\u015f\u00fcr\u00fcr. B\u00fcy\u00fck cerrahi izlerin olmamas\u0131, kozmetik kayg\u0131lar\u0131 azalt\u0131r ve f\u0131t\u0131k, uyu\u015fma, ameliyat yeri enfeksiyonlar\u0131 ve pulmoner emboli risklerini d\u00fc\u015f\u00fcr\u00fcr. Laparoskopik teknik ile don\u00f6rler ameliyat ak\u015fam\u0131 mobilize edilebilir, s\u0131v\u0131 al\u0131m\u0131na ba\u015flayabilir, ertesi g\u00fcn kat\u0131 g\u0131da al\u0131m\u0131na ge\u00e7ebilir ve taburcu olabilir; bir sonraki hafta i\u015fe ba\u015flayabilir. Al\u0131c\u0131 ise yakla\u015f\u0131k bir hafta i\u00e7inde taburcu edilir.      <\/p>\n\t\t\t\t\t\t\t\t<\/div>\n\t\t\t\t\t<\/div>\n\t\t\t\t<\/div>\n\t\t\t\t<\/div>\n\t\t","protected":false},"excerpt":{"rendered":"<p>B\u00f6brek Nakli Karaci\u011fer Nakli B\u00d6BREK NAKL\u0130 AMEL\u0130YATI, T\u00dcRK\u0130YE- \u0130stanbul- Antalya- \u0130zmir- Bursa T\u00fcrkiye\u2019de bir\u00e7ok \u00fcst d\u00fczey hastane, 2000-2010 y\u0131llar\u0131 aras\u0131nda Organ Nakli Merkezlerini a\u00e7m\u0131\u015ft\u0131r. Gruba ba\u011fl\u0131 \u0130stanbul Uluslararas\u0131 Hastanesi\u2019nde yer alan merkez, kariyerleri boyunca 2000\u2019den fazla b\u00f6brek, 250 karaci\u011fer ve 60 pankreas nakli deneyimine sahip, d\u00fcnya \u00e7ap\u0131nda tan\u0131nm\u0131\u015f kurumlarda e\u011fitim alm\u0131\u015f bir ekibi a\u011f\u0131rlamaktad\u0131r. Merkez, \u00fclkenin en iyi klinik laboratuvar\u0131 ve yo\u011fun bak\u0131m \u00fcnitesi deste\u011fine sahiptir ve b\u00f6brek ile karaci\u011fer nakli yapmaktad\u0131r. T\u00fcrkiye\u2019de B\u00f6brek Naklinin Avantajlar\u0131 T\u00fcrkiye\u2019nin En \u0130yi B\u00f6brek Nakli Hastanesi En Son Teknoloji ve En Y\u00fcksek Hizmet Kalitesi Uluslararas\u0131 Hastane\u2019nin ameliyathaneleri ve yo\u011fun bak\u0131m \u00fcniteleri en son teknoloji altyap\u0131s\u0131yla donat\u0131lm\u0131\u015ft\u0131r. Tam laparoskopik teknik, don\u00f6r i\u00e7in yo\u011fun bak\u0131m ihtiyac\u0131n\u0131 azalt\u0131r. Ancak karaci\u011fer ve baz\u0131 b\u00f6brek al\u0131c\u0131lar\u0131 i\u00e7in tam donan\u0131ml\u0131 yo\u011fun bak\u0131m \u00fcniteleri kritik \u00f6neme sahiptir. Don\u00f6r koruma program\u0131 (nakil sonras\u0131 don\u00f6r\u00fcn takibi ve bak\u0131m\u0131), Uluslararas\u0131 Hastane Nakil Merkezi taraf\u0131ndan sunulan benzersiz hizmetlerden biridir. Uluslararas\u0131 Hastane Nakil Merkezi, organ ba\u011f\u0131\u015f\u0131 ve naklinde en y\u00fcksek ahlaki ve etik standartlara tamamen ba\u011fl\u0131d\u0131r. Nakil Derne\u011fi ve Uluslararas\u0131 Nefroloji Derne\u011fi taraf\u0131ndan kabul edilen \u0130stanbul Deklarasyonu\u2019ndaki Organ Ticareti ve Nakil Turizmi ilkelerine, ayr\u0131ca Nakil Derne\u011fi taraf\u0131ndan benimsenen Amsterdam Forumu\u2019nun ya\u015fayan b\u00f6brek don\u00f6rlerinin bak\u0131m\u0131 ile ilgili Uzla\u015f\u0131 Bildirgesi\u2019ne uyar. Merkez ayn\u0131 zamanda T\u00fcrkiye Organ ve Doku Nakil Koordinasyon Sistemi standartlar\u0131n\u0131 da kar\u015f\u0131lamaktad\u0131r. Uluslararas\u0131 standartlara dayal\u0131 altyap\u0131 Ameliyathaneler, laboratuvarlar ve yo\u011fun bak\u0131m \u00fcniteleri, organ naklinde en \u00f6nemli alanlard\u0131r. Sunulan ileri teknoloji ve uluslararas\u0131 d\u00fczeyde tan\u0131nan y\u00fcksek kalite standartlar\u0131, organ nakli hastalar\u0131 ve don\u00f6rlerin Ac\u0131badem\u2019in laboratuvarlar\u0131nda, yo\u011fun bak\u0131m \u00fcnitelerinde ve ameliyathanelerinde en \u00fcst d\u00fczeyde t\u0131bbi hizmet ve bak\u0131m almas\u0131n\u0131 sa\u011flar. Uluslararas\u0131 deneyime sahip uzmanlar, operasyonlar\u0131 y\u00fcksek teknoloji y\u00f6ntemleriyle ger\u00e7ekle\u015ftirir. Bunun bir \u00f6rne\u011fi, tamamen laparoskopik cerrahi ile kas\u0131k b\u00f6lgesinden yaln\u0131zca 5 cm\u2019lik bir kesikle b\u00f6bre\u011fin al\u0131nmas\u0131d\u0131r. Uygulanan ileri t\u0131bbi y\u00f6ntemler, don\u00f6r\u00fcn ameliyattan sonraki 24 saat i\u00e7inde taburcu olmas\u0131n\u0131 ve bir hafta i\u00e7inde i\u015fe ba\u015flayabilmesini sa\u011flar. Al\u0131c\u0131 ise yakla\u015f\u0131k bir hafta i\u00e7inde hastaneden taburcu edilebilir. Uluslararas\u0131 Hastane Organ Nakli Merkezi ekibi, Genel Cerrahi Profes\u00f6r\u00fc ve d\u00fcnya \u00e7ap\u0131nda tan\u0131nan Dr. Alihan G\u00fcrkan taraf\u0131ndan y\u00f6netilmektedir. Kariyeri boyunca 2.000\u2019den fazla b\u00f6brek nakli ger\u00e7ekle\u015ftiren Dr. G\u00fcrkan\u2019\u0131n ba\u015fard\u0131\u011f\u0131 ilkler aras\u0131nda \u015funlar yer almaktad\u0131r: 2001 y\u0131l\u0131nda G\u00fcney T\u00fcrkiye\u2019de yap\u0131lan ilk canl\u0131 don\u00f6r karaci\u011fer nakli 2002 y\u0131l\u0131nda T\u00fcrkiye\u2019de yap\u0131lan ilk par\u00e7al\u0131 karaci\u011fer nakli 2003 y\u0131l\u0131nda T\u00fcrkiye\u2019de yap\u0131lan ilk blok b\u00f6brek nakli (iki \u00e7ocuk b\u00f6bre\u011finin tek bir organ olarak yeti\u015fkine nakledilmesi) 2004 y\u0131l\u0131nda d\u00fcnyada ilk kez Oxalosis hastal\u0131\u011f\u0131n\u0131 tedavi etmek i\u00e7in yap\u0131lan yard\u0131mc\u0131 kombine karaci\u011fer ve b\u00f6brek nakli 2009 y\u0131l\u0131nda T\u00fcrkiye\u2019de yap\u0131lan ilk ve tek kalp-b\u00f6brek kombine nakli 2009 y\u0131l\u0131nda T\u00fcrkiye\u2019de en ya\u015fl\u0131 al\u0131c\u0131ya yap\u0131lan canl\u0131 don\u00f6r b\u00f6brek nakli 2009 y\u0131l\u0131nda en ya\u015fl\u0131 kadavradan yap\u0131lan karaci\u011fer nakli 2010 y\u0131l\u0131nda d\u00fcnyadaki en d\u00fc\u015f\u00fck v\u00fccut a\u011f\u0131rl\u0131\u011f\u0131na sahip al\u0131c\u0131ya (7,5 kg) yap\u0131lan b\u00f6brek nakli 2010 y\u0131l\u0131nda d\u00fcnyada en d\u00fc\u015f\u00fck v\u00fccut a\u011f\u0131rl\u0131\u011f\u0131na sahip al\u0131c\u0131ya (7,9 kg) yap\u0131lan kombine b\u00f6brek ve karaci\u011fer nakli 2010 y\u0131l\u0131nda T\u00fcrkiye\u2019de en ya\u015fl\u0131 canl\u0131 don\u00f6rden (84 ya\u015f\u0131nda) yap\u0131lan laparoskopik karaci\u011fer nakli Tam Laparskopik Teknikler Ameliyatlarda kullan\u0131lan tam laparoskopik teknikler, don\u00f6rler i\u00e7in minimum hastanede kal\u0131\u015f s\u00fcresi sa\u011flar. Bu teknikler yaln\u0131zca y\u00fcksek deneyime ve uzmanl\u0131\u011fa sahip personelin bulundu\u011fu merkezlerde uygulan\u0131r ve a\u00e7\u0131k cerrahiye g\u00f6re bir\u00e7ok avantaj sunar: \u00d6rne\u011fin, a\u00e7\u0131k cerrahilerde 15-20 cm\u2019lik kesiler gerekirken, laparoskopi sadece 5 cm\u2019lik kesilerle m\u00fcmk\u00fcnd\u00fcr. Operasyon, kar\u0131n i\u00e7ine yerle\u015ftirilen bir kamera ile y\u00fcksek g\u00f6rsel kontrol sa\u011flanarak ger\u00e7ekle\u015ftirilir. Daha k\u00fc\u00e7\u00fck bir operasyon alan\u0131, ameliyat sonras\u0131 a\u011fr\u0131y\u0131 azalt\u0131r ve cerrahi yara risklerini d\u00fc\u015f\u00fcr\u00fcr. B\u00fcy\u00fck cerrahi izlerin olmamas\u0131, kozmetik kayg\u0131lar\u0131 azalt\u0131r ve f\u0131t\u0131k, uyu\u015fma, ameliyat yeri enfeksiyonlar\u0131 ve pulmoner emboli risklerini d\u00fc\u015f\u00fcr\u00fcr. Laparoskopik teknik ile don\u00f6rler ameliyat ak\u015fam\u0131 mobilize edilebilir, s\u0131v\u0131 al\u0131m\u0131na ba\u015flayabilir, ertesi g\u00fcn kat\u0131 g\u0131da al\u0131m\u0131na ge\u00e7ebilir ve taburcu olabilir; bir sonraki hafta i\u015fe ba\u015flayabilir. Al\u0131c\u0131 ise yakla\u015f\u0131k bir hafta i\u00e7inde taburcu edilir.<\/p>\n","protected":false},"author":4,"featured_media":0,"parent":2514,"menu_order":0,"comment_status":"closed","ping_status":"closed","template":"","meta":{"_joinchat":[],"footnotes":""},"class_list":["post-2539","page","type-page","status-publish","hentry"],"acf":[],"_links":{"self":[{"href":"https:\/\/medicaltravel.net\/tr\/wp-json\/wp\/v2\/pages\/2539","targetHints":{"allow":["GET"]}}],"collection":[{"href":"https:\/\/medicaltravel.net\/tr\/wp-json\/wp\/v2\/pages"}],"about":[{"href":"https:\/\/medicaltravel.net\/tr\/wp-json\/wp\/v2\/types\/page"}],"author":[{"embeddable":true,"href":"https:\/\/medicaltravel.net\/tr\/wp-json\/wp\/v2\/users\/4"}],"replies":[{"embeddable":true,"href":"https:\/\/medicaltravel.net\/tr\/wp-json\/wp\/v2\/comments?post=2539"}],"version-history":[{"count":7,"href":"https:\/\/medicaltravel.net\/tr\/wp-json\/wp\/v2\/pages\/2539\/revisions"}],"predecessor-version":[{"id":2739,"href":"https:\/\/medicaltravel.net\/tr\/wp-json\/wp\/v2\/pages\/2539\/revisions\/2739"}],"up":[{"embeddable":true,"href":"https:\/\/medicaltravel.net\/tr\/wp-json\/wp\/v2\/pages\/2514"}],"wp:attachment":[{"href":"https:\/\/medicaltravel.net\/tr\/wp-json\/wp\/v2\/media?parent=2539"}],"curies":[{"name":"wp","href":"https:\/\/api.w.org\/{rel}","templated":true}]}}