{"id":2544,"date":"2025-09-29T09:26:19","date_gmt":"2025-09-29T08:26:19","guid":{"rendered":"https:\/\/medicaltravel.net\/kardiyoloji-kalp-tedavileri-turkiye-istanbul-antalya-izmir-bursa\/karaciger-nakli-turkiye-istanbul-antalya-izmir-bursa\/"},"modified":"2026-01-10T23:02:30","modified_gmt":"2026-01-10T22:02:30","slug":"karaciger-nakli-turkiye-istanbul-antalya-izmir-bursa","status":"publish","type":"page","link":"https:\/\/medicaltravel.net\/tr\/kardiyoloji-kalp-tedavileri-turkiye-istanbul-antalya-izmir-bursa\/karaciger-nakli-turkiye-istanbul-antalya-izmir-bursa\/","title":{"rendered":"Karaci\u011fer Nakli T\u00fcrkiye \u0130stanbul Antalya \u0130zmir Bursa"},"content":{"rendered":"\t\t<div data-elementor-type=\"wp-page\" data-elementor-id=\"2544\" class=\"elementor elementor-2544 elementor-57\" data-elementor-post-type=\"page\">\n\t\t\t\t<div class=\"elementor-element elementor-element-16077b99 e-flex e-con-boxed wpr-particle-no wpr-jarallax-no wpr-parallax-no wpr-sticky-section-no e-con e-parent\" data-id=\"16077b99\" data-element_type=\"container\" data-e-type=\"container\">\n\t\t\t\t\t<div class=\"e-con-inner\">\n\t\t<div class=\"elementor-element elementor-element-68b4cf3 e-con-full e-flex wpr-particle-no wpr-jarallax-no wpr-parallax-no wpr-sticky-section-no e-con e-child\" data-id=\"68b4cf3\" data-element_type=\"container\" data-e-type=\"container\">\n\t\t\t\t<div class=\"elementor-element elementor-element-433efcb elementor-widget elementor-widget-button\" data-id=\"433efcb\" data-element_type=\"widget\" data-e-type=\"widget\" data-widget_type=\"button.default\">\n\t\t\t\t\t\t\t\t\t\t<a class=\"elementor-button elementor-button-link elementor-size-sm\" href=\"https:\/\/medicaltravel.net\/tr\/kardiyoloji-kalp-tedavileri-turkiye-istanbul-antalya-izmir-bursa\/bobrek-nakli-turkiye-istanbul-antalya-bursa-izmir\/\">\n\t\t\t\t\t\t<span class=\"elementor-button-content-wrapper\">\n\t\t\t\t\t\t\t\t\t<span class=\"elementor-button-text\">B\u00f6brek Nakli<\/span>\n\t\t\t\t\t<\/span>\n\t\t\t\t\t<\/a>\n\t\t\t\t\t\t\t\t<\/div>\n\t\t\t\t<div class=\"elementor-element elementor-element-88ba454 elementor-widget elementor-widget-button\" data-id=\"88ba454\" data-element_type=\"widget\" data-e-type=\"widget\" data-widget_type=\"button.default\">\n\t\t\t\t\t\t\t\t\t\t<a class=\"elementor-button elementor-button-link elementor-size-sm\" href=\"https:\/\/medicaltravel.net\/tr\/kardiyoloji-kalp-tedavileri-turkiye-istanbul-antalya-izmir-bursa\/karaciger-nakli-turkiye-istanbul-antalya-izmir-bursa\/\">\n\t\t\t\t\t\t<span class=\"elementor-button-content-wrapper\">\n\t\t\t\t\t\t\t\t\t<span class=\"elementor-button-text\">Karaci\u011fer Nakli<\/span>\n\t\t\t\t\t<\/span>\n\t\t\t\t\t<\/a>\n\t\t\t\t\t\t\t\t<\/div>\n\t\t\t\t<\/div>\n\t\t\t\t<div class=\"elementor-element elementor-element-410382f7 elementor-widget elementor-widget-text-editor\" data-id=\"410382f7\" data-element_type=\"widget\" data-e-type=\"widget\" data-widget_type=\"text-editor.default\">\n\t\t\t\t\t\t\t\t\t\n<h3 class=\"wp-block-heading\">Karaci\u011fer Nakli T\u00fcrkiye- \u0130stanbul- Antalya- \u0130zmir- Bursa<\/h3>\n\n<p>T\u00fcrk hastaneleri karaci\u011fer naklinde b\u00fcy\u00fck fark yaratmaktad\u0131r.<\/p>\n\n<p><strong>Kendi kendini yenileyebilen tek organ<\/strong><\/p>\n\n<p>Karaci\u011fer, v\u00fccudumuzdaki en karma\u015f\u0131k ve metabolik olarak en aktif organ olarak kabul edilir. Ancak karaci\u011fer, dokusunun %70\u2019i al\u0131nmak zorunda olsa bile i\u015flevini s\u00fcrd\u00fcrebilir. Bir karaci\u011fer don\u00f6r\u00fc nakil i\u00e7in karaci\u011ferinin yar\u0131s\u0131ndan fazlas\u0131n\u0131 ba\u011f\u0131\u015flad\u0131\u011f\u0131nda, geriye kalan k\u0131sm\u0131 i\u015flevini kay\u0131p veya ciddi komplikasyon olmadan s\u00fcrd\u00fcrebilir. Bu yetene\u011fi, karaci\u011ferin yenilenme kapasitesine bor\u00e7luyuz; \u00e7\u00fcnk\u00fc karaci\u011fer, dokusunun yar\u0131s\u0131ndan fazlas\u0131 al\u0131nd\u0131ktan sonra kendini yeniden \u00fcretebilen tek organd\u0131r.   <\/p>\n\n<figure class=\"wp-block-image size-full\"><img fetchpriority=\"high\" decoding=\"async\" width=\"560\" height=\"350\" class=\"wp-image-213\" src=\"https:\/\/medicaltravel.net\/wp-content\/uploads\/2025\/09\/csm_shutterstock_89792167_e4a19dac79.jpg\" alt=\"\" srcset=\"https:\/\/medicaltravel.net\/wp-content\/uploads\/2025\/09\/csm_shutterstock_89792167_e4a19dac79.jpg 560w, https:\/\/medicaltravel.net\/wp-content\/uploads\/2025\/09\/csm_shutterstock_89792167_e4a19dac79-300x188.jpg 300w\" sizes=\"(max-width: 560px) 100vw, 560px\" \/><\/figure>\n\n<p id=\"caption-attachment-295\">Yurtd\u0131\u015f\u0131nda Karaci\u011fer Nakli Ameliyat\u0131- T\u00fcrkiye<\/p>\n\n<h3 class=\"wp-block-heading\">Karaci\u011fer nakli ne zaman gereklidir?<\/h3>\n\n<p>Alkol t\u00fcketimi veya ya\u011fl\u0131 karaci\u011fer hastal\u0131\u011f\u0131na ba\u011fl\u0131 iltihaplar, hepatit enfeksiyonlar\u0131, safra yollar\u0131nda uzun s\u00fcreli t\u0131kan\u0131kl\u0131k veya ta\u015flar, baz\u0131 metabolik hastal\u0131klar, t\u00fcm\u00f6rler veya do\u011fu\u015ftan enzim eksiklikleri mevcut olsa bile, hastal\u0131k yava\u015f ilerledi\u011fi s\u00fcrece hastalar uzun s\u00fcre normal bir ya\u015fam s\u00fcrd\u00fcrebilir. Ancak karaci\u011fer yetmezli\u011fi ortaya \u00e7\u0131kt\u0131\u011f\u0131nda, ka\u015f\u0131nt\u0131, akci\u011ferlerde \u00f6dem ve kar\u0131nda asit birikimi, \u015fiddetli hepatit, kanama ve anemi gibi durumlar g\u00f6r\u00fclebilir. <\/p>\n\n<p>\u0130leri karaci\u011fer hastal\u0131\u011f\u0131nda, ki\u015filik ve davran\u0131\u015f de\u011fi\u015fiklikleri g\u00f6zlemlenebilir. Kilo kayb\u0131, idrar miktar\u0131nda azalma ve yorgunluk, komaya kadar ilerleyebilir. <\/p>\n\n<p>Bu belirtiler, hastan\u0131n karaci\u011ferinin v\u00fccudun ihtiya\u00e7lar\u0131n\u0131 kar\u015f\u0131layamad\u0131\u011f\u0131n\u0131 g\u00f6sterir. \u201cKaraci\u011fer yetmezli\u011fi\u201d olarak adland\u0131r\u0131lan bu durumda, hastan\u0131n tek \u00e7\u00f6z\u00fcm\u00fc karaci\u011fer naklidir. <\/p>\n\n<h3 class=\"wp-block-heading\">Alt\u0131n standart \u201cOrtotropik Karaci\u011fer Nakli\u201dnde Ba\u015far\u0131l\u0131 Sonu\u00e7lar<\/h3>\n\n<p>Ac\u0131badem Bursa Organ Nakli Merkezi\u2019nde karaci\u011fer nakli hem canl\u0131 don\u00f6rlerden hem de kadavralardan ger\u00e7ekle\u015ftirilmektedir. Bu operasyonlarda uygulanan y\u00f6ntem, d\u00fcnya \u00e7ap\u0131nda \u201calt\u0131n standart\u201d olarak kabul edilen ortotopik karaci\u011fer naklidir. Bu modern teknik ile nakil ger\u00e7ekle\u015ftirilmeden \u00f6nce karaci\u011ferin arkas\u0131nda yer alan b\u00fcy\u00fck damar cerrahi klipslerle korunur. Operasyonun ba\u015far\u0131s\u0131 i\u00e7in y\u00fcksek teknik kapasiteye sahip bir cerrahi ekip ve ekipman gereklidir. Her nakilde oldu\u011fu gibi karaci\u011fer nakilleri de en y\u00fcksek teknoloji ile donat\u0131lm\u0131\u015f hastane ve ameliyathanelerde yap\u0131lmal\u0131d\u0131r. Nakil canl\u0131 bir don\u00f6rden ger\u00e7ekle\u015ftirildi\u011finde, karaci\u011ferin yar\u0131s\u0131 al\u0131c\u0131ya nakledilir. Bu nedenle cerrahi s\u00fcre\u00e7 teknik olarak olduk\u00e7a zordur. Nakil sonras\u0131, canl\u0131 don\u00f6rler 6-7 g\u00fcn i\u00e7inde taburcu edilebilirken, organ al\u0131c\u0131lar\u0131n\u0131n 15-20 g\u00fcn hastanede kalmas\u0131 gerekir. Nakledilen karaci\u011fer daha sonra kendini yeniler ve al\u0131c\u0131n\u0131n ihtiya\u00e7lar\u0131n\u0131 kar\u015f\u0131layacak b\u00fcy\u00fckl\u00fc\u011fe h\u0131zla ula\u015f\u0131r.        <\/p>\n\n<h3 class=\"wp-block-heading\">Altyap\u0131da Uluslararas\u0131 Kalite<\/h3>\n\n<p>Ac\u0131badem Bursa Hastanesi Organ Nakli Merkezi, teknik altyap\u0131s\u0131yla uluslararas\u0131 standartlara uygun hizmet vermektedir. Organ al\u0131c\u0131lar\u0131 ve don\u00f6rler, laminer ak\u0131\u015f ve son teknoloji ekipmanlarla tamamen steril ko\u015fullara sahip ameliyathane ve yo\u011fun bak\u0131m \u00fcnitelerinde tedavi edilir. Laboratuvar i\u015flemleri, Ac\u0131badem Sa\u011fl\u0131k Grubu \u00fcyesi olan ve uluslararas\u0131 standartlarda hizmet veren Ac\u0131badem Labmed laboratuvar\u0131nda ger\u00e7ekle\u015ftirilir.  <\/p>\n\n<h3 class=\"wp-block-heading\">Deneyimli Ekip<\/h3>\n\n<p>Ac\u0131badem Bursa Hastanesi b\u00fcnyesinde kurulan Organ Nakli Merkezi, karaci\u011fer nakli i\u00e7in gerekli t\u00fcm teknolojiye sahiptir. Bu karaci\u011fer nakli merkezinin ba\u015fkan\u0131, T\u00fcrkiye\u2019de b\u00f6brek ve karaci\u011fer nakillerinde \u00f6nc\u00fc \u00e7al\u0131\u015fmalar yapm\u0131\u015f Prof. Dr. Remzi Emiro\u011flu\u2019dur. Prof. Emiro\u011flu, 1998\u2019den bu yana yakla\u015f\u0131k 200 karaci\u011fer ve 200\u2019den fazla b\u00f6brek nakli ger\u00e7ekle\u015ftirmi\u015ftir.  <\/p>\n\n<p>Prof. Emiro\u011flu ve ekibi, hem yard\u0131mc\u0131 (yani t\u00fcm karaci\u011feri \u00e7\u0131karmadan yap\u0131lan) hem de standart ortotopik karaci\u011fer nakillerinde deneyim sahibidir. Ekip ayr\u0131ca karaci\u011fer sirozu nedeniyle kanama ya\u015fayan hastalarda her t\u00fcrl\u00fc \u015fant ameliyat\u0131 ve Sugiura prosed\u00fcrlerinde de tecr\u00fcbeye sahiptir. Bursa\u2019da canl\u0131 don\u00f6rlerden ve kadavralardan yeti\u015fkin ve \u00e7ocuk hastalara ilk nakilleri ger\u00e7ekle\u015ftiren Prof. Emiro\u011flu\u2019nun organ nakli konusunda yakla\u015f\u0131k 100 bilimsel makalesi bulunmakta, bunlar\u0131n 85\u2019i yurt d\u0131\u015f\u0131nda yay\u0131mlanm\u0131\u015ft\u0131r.  <\/p>\n\t\t\t\t\t\t\t\t<\/div>\n\t\t\t\t\t<\/div>\n\t\t\t\t<\/div>\n\t\t\t\t<\/div>\n\t\t","protected":false},"excerpt":{"rendered":"<p>B\u00f6brek Nakli Karaci\u011fer Nakli Karaci\u011fer Nakli T\u00fcrkiye- \u0130stanbul- Antalya- \u0130zmir- Bursa T\u00fcrk hastaneleri karaci\u011fer naklinde b\u00fcy\u00fck fark yaratmaktad\u0131r. Kendi kendini yenileyebilen tek organ Karaci\u011fer, v\u00fccudumuzdaki en karma\u015f\u0131k ve metabolik olarak en aktif organ olarak kabul edilir. Ancak karaci\u011fer, dokusunun %70\u2019i al\u0131nmak zorunda olsa bile i\u015flevini s\u00fcrd\u00fcrebilir. Bir karaci\u011fer don\u00f6r\u00fc nakil i\u00e7in karaci\u011ferinin yar\u0131s\u0131ndan fazlas\u0131n\u0131 ba\u011f\u0131\u015flad\u0131\u011f\u0131nda, geriye kalan k\u0131sm\u0131 i\u015flevini kay\u0131p veya ciddi komplikasyon olmadan s\u00fcrd\u00fcrebilir. Bu yetene\u011fi, karaci\u011ferin yenilenme kapasitesine bor\u00e7luyuz; \u00e7\u00fcnk\u00fc karaci\u011fer, dokusunun yar\u0131s\u0131ndan fazlas\u0131 al\u0131nd\u0131ktan sonra kendini yeniden \u00fcretebilen tek organd\u0131r. Yurtd\u0131\u015f\u0131nda Karaci\u011fer Nakli Ameliyat\u0131- T\u00fcrkiye Karaci\u011fer nakli ne zaman gereklidir? Alkol t\u00fcketimi veya ya\u011fl\u0131 karaci\u011fer hastal\u0131\u011f\u0131na ba\u011fl\u0131 iltihaplar, hepatit enfeksiyonlar\u0131, safra yollar\u0131nda uzun s\u00fcreli t\u0131kan\u0131kl\u0131k veya ta\u015flar, baz\u0131 metabolik hastal\u0131klar, t\u00fcm\u00f6rler veya do\u011fu\u015ftan enzim eksiklikleri mevcut olsa bile, hastal\u0131k yava\u015f ilerledi\u011fi s\u00fcrece hastalar uzun s\u00fcre normal bir ya\u015fam s\u00fcrd\u00fcrebilir. Ancak karaci\u011fer yetmezli\u011fi ortaya \u00e7\u0131kt\u0131\u011f\u0131nda, ka\u015f\u0131nt\u0131, akci\u011ferlerde \u00f6dem ve kar\u0131nda asit birikimi, \u015fiddetli hepatit, kanama ve anemi gibi durumlar g\u00f6r\u00fclebilir. \u0130leri karaci\u011fer hastal\u0131\u011f\u0131nda, ki\u015filik ve davran\u0131\u015f de\u011fi\u015fiklikleri g\u00f6zlemlenebilir. Kilo kayb\u0131, idrar miktar\u0131nda azalma ve yorgunluk, komaya kadar ilerleyebilir. Bu belirtiler, hastan\u0131n karaci\u011ferinin v\u00fccudun ihtiya\u00e7lar\u0131n\u0131 kar\u015f\u0131layamad\u0131\u011f\u0131n\u0131 g\u00f6sterir. \u201cKaraci\u011fer yetmezli\u011fi\u201d olarak adland\u0131r\u0131lan bu durumda, hastan\u0131n tek \u00e7\u00f6z\u00fcm\u00fc karaci\u011fer naklidir. Alt\u0131n standart \u201cOrtotropik Karaci\u011fer Nakli\u201dnde Ba\u015far\u0131l\u0131 Sonu\u00e7lar Ac\u0131badem Bursa Organ Nakli Merkezi\u2019nde karaci\u011fer nakli hem canl\u0131 don\u00f6rlerden hem de kadavralardan ger\u00e7ekle\u015ftirilmektedir. Bu operasyonlarda uygulanan y\u00f6ntem, d\u00fcnya \u00e7ap\u0131nda \u201calt\u0131n standart\u201d olarak kabul edilen ortotopik karaci\u011fer naklidir. Bu modern teknik ile nakil ger\u00e7ekle\u015ftirilmeden \u00f6nce karaci\u011ferin arkas\u0131nda yer alan b\u00fcy\u00fck damar cerrahi klipslerle korunur. Operasyonun ba\u015far\u0131s\u0131 i\u00e7in y\u00fcksek teknik kapasiteye sahip bir cerrahi ekip ve ekipman gereklidir. Her nakilde oldu\u011fu gibi karaci\u011fer nakilleri de en y\u00fcksek teknoloji ile donat\u0131lm\u0131\u015f hastane ve ameliyathanelerde yap\u0131lmal\u0131d\u0131r. Nakil canl\u0131 bir don\u00f6rden ger\u00e7ekle\u015ftirildi\u011finde, karaci\u011ferin yar\u0131s\u0131 al\u0131c\u0131ya nakledilir. Bu nedenle cerrahi s\u00fcre\u00e7 teknik olarak olduk\u00e7a zordur. Nakil sonras\u0131, canl\u0131 don\u00f6rler 6-7 g\u00fcn i\u00e7inde taburcu edilebilirken, organ al\u0131c\u0131lar\u0131n\u0131n 15-20 g\u00fcn hastanede kalmas\u0131 gerekir. Nakledilen karaci\u011fer daha sonra kendini yeniler ve al\u0131c\u0131n\u0131n ihtiya\u00e7lar\u0131n\u0131 kar\u015f\u0131layacak b\u00fcy\u00fckl\u00fc\u011fe h\u0131zla ula\u015f\u0131r. Altyap\u0131da Uluslararas\u0131 Kalite Ac\u0131badem Bursa Hastanesi Organ Nakli Merkezi, teknik altyap\u0131s\u0131yla uluslararas\u0131 standartlara uygun hizmet vermektedir. Organ al\u0131c\u0131lar\u0131 ve don\u00f6rler, laminer ak\u0131\u015f ve son teknoloji ekipmanlarla tamamen steril ko\u015fullara sahip ameliyathane ve yo\u011fun bak\u0131m \u00fcnitelerinde tedavi edilir. Laboratuvar i\u015flemleri, Ac\u0131badem Sa\u011fl\u0131k Grubu \u00fcyesi olan ve uluslararas\u0131 standartlarda hizmet veren Ac\u0131badem Labmed laboratuvar\u0131nda ger\u00e7ekle\u015ftirilir. Deneyimli Ekip Ac\u0131badem Bursa Hastanesi b\u00fcnyesinde kurulan Organ Nakli Merkezi, karaci\u011fer nakli i\u00e7in gerekli t\u00fcm teknolojiye sahiptir. Bu karaci\u011fer nakli merkezinin ba\u015fkan\u0131, T\u00fcrkiye\u2019de b\u00f6brek ve karaci\u011fer nakillerinde \u00f6nc\u00fc \u00e7al\u0131\u015fmalar yapm\u0131\u015f Prof. Dr. Remzi Emiro\u011flu\u2019dur. Prof. Emiro\u011flu, 1998\u2019den bu yana yakla\u015f\u0131k 200 karaci\u011fer ve 200\u2019den fazla b\u00f6brek nakli ger\u00e7ekle\u015ftirmi\u015ftir. Prof. Emiro\u011flu ve ekibi, hem yard\u0131mc\u0131 (yani t\u00fcm karaci\u011feri \u00e7\u0131karmadan yap\u0131lan) hem de standart ortotopik karaci\u011fer nakillerinde deneyim sahibidir. Ekip ayr\u0131ca karaci\u011fer sirozu nedeniyle kanama ya\u015fayan hastalarda her t\u00fcrl\u00fc \u015fant ameliyat\u0131 ve Sugiura prosed\u00fcrlerinde de tecr\u00fcbeye sahiptir. Bursa\u2019da canl\u0131 don\u00f6rlerden ve kadavralardan yeti\u015fkin ve \u00e7ocuk hastalara ilk nakilleri ger\u00e7ekle\u015ftiren Prof. Emiro\u011flu\u2019nun organ nakli konusunda yakla\u015f\u0131k 100 bilimsel makalesi bulunmakta, bunlar\u0131n 85\u2019i yurt d\u0131\u015f\u0131nda yay\u0131mlanm\u0131\u015ft\u0131r.<\/p>\n","protected":false},"author":4,"featured_media":0,"parent":2514,"menu_order":0,"comment_status":"closed","ping_status":"closed","template":"","meta":{"_joinchat":[],"footnotes":""},"class_list":["post-2544","page","type-page","status-publish","hentry"],"acf":[],"_links":{"self":[{"href":"https:\/\/medicaltravel.net\/tr\/wp-json\/wp\/v2\/pages\/2544","targetHints":{"allow":["GET"]}}],"collection":[{"href":"https:\/\/medicaltravel.net\/tr\/wp-json\/wp\/v2\/pages"}],"about":[{"href":"https:\/\/medicaltravel.net\/tr\/wp-json\/wp\/v2\/types\/page"}],"author":[{"embeddable":true,"href":"https:\/\/medicaltravel.net\/tr\/wp-json\/wp\/v2\/users\/4"}],"replies":[{"embeddable":true,"href":"https:\/\/medicaltravel.net\/tr\/wp-json\/wp\/v2\/comments?post=2544"}],"version-history":[{"count":3,"href":"https:\/\/medicaltravel.net\/tr\/wp-json\/wp\/v2\/pages\/2544\/revisions"}],"predecessor-version":[{"id":2547,"href":"https:\/\/medicaltravel.net\/tr\/wp-json\/wp\/v2\/pages\/2544\/revisions\/2547"}],"up":[{"embeddable":true,"href":"https:\/\/medicaltravel.net\/tr\/wp-json\/wp\/v2\/pages\/2514"}],"wp:attachment":[{"href":"https:\/\/medicaltravel.net\/tr\/wp-json\/wp\/v2\/media?parent=2544"}],"curies":[{"name":"wp","href":"https:\/\/api.w.org\/{rel}","templated":true}]}}