{"id":2554,"date":"2025-09-29T09:23:51","date_gmt":"2025-09-29T08:23:51","guid":{"rendered":"https:\/\/medicaltravel.net\/kardiyoloji-kalp-tedavileri-turkiye-istanbul-antalya-izmir-bursa\/robotik-cerrahi-da-vinci-turkiye-istanbul-antalya-izmir\/"},"modified":"2026-01-11T15:32:41","modified_gmt":"2026-01-11T14:32:41","slug":"robotik-cerrahi-da-vinci-turkiye-istanbul-antalya-izmir","status":"publish","type":"page","link":"https:\/\/medicaltravel.net\/tr\/kardiyoloji-kalp-tedavileri-turkiye-istanbul-antalya-izmir-bursa\/robotik-cerrahi-da-vinci-turkiye-istanbul-antalya-izmir\/","title":{"rendered":"Robotik Cerrahi Da Vinci T\u00fcrkiye \u0130stanbul Antalya \u0130zmir"},"content":{"rendered":"\t\t<div data-elementor-type=\"wp-page\" data-elementor-id=\"2554\" class=\"elementor elementor-2554 elementor-53\" data-elementor-post-type=\"page\">\n\t\t\t\t<div class=\"elementor-element elementor-element-36c99e2a e-flex e-con-boxed wpr-particle-no wpr-jarallax-no wpr-parallax-no wpr-sticky-section-no e-con e-parent\" data-id=\"36c99e2a\" data-element_type=\"container\" data-e-type=\"container\">\n\t\t\t\t\t<div class=\"e-con-inner\">\n\t\t<div class=\"elementor-element elementor-element-5b1df2a e-con-full e-flex wpr-particle-no wpr-jarallax-no wpr-parallax-no wpr-sticky-section-no e-con e-child\" data-id=\"5b1df2a\" data-element_type=\"container\" data-e-type=\"container\">\n\t\t\t\t<div class=\"elementor-element elementor-element-6d21a06 elementor-widget elementor-widget-button\" data-id=\"6d21a06\" data-element_type=\"widget\" data-e-type=\"widget\" data-widget_type=\"button.default\">\n\t\t\t\t\t\t\t\t\t\t<a class=\"elementor-button elementor-button-link elementor-size-sm\" href=\"https:\/\/medicaltravel.net\/tr\/kardiyoloji-kalp-tedavileri-turkiye-istanbul-antalya-izmir-bursa\/kalp-bakim-hizmeti-turkiye-istanbul-antalya-bursa-adana-kardiyovaskuler\/\">\n\t\t\t\t\t\t<span class=\"elementor-button-content-wrapper\">\n\t\t\t\t\t\t\t\t\t<span class=\"elementor-button-text\">Kalp Bak\u0131m Hizmetleri<\/span>\n\t\t\t\t\t<\/span>\n\t\t\t\t\t<\/a>\n\t\t\t\t\t\t\t\t<\/div>\n\t\t\t\t<div class=\"elementor-element elementor-element-4a1d8ef elementor-widget elementor-widget-button\" data-id=\"4a1d8ef\" data-element_type=\"widget\" data-e-type=\"widget\" data-widget_type=\"button.default\">\n\t\t\t\t\t\t\t\t\t\t<a class=\"elementor-button elementor-button-link elementor-size-sm\" href=\"https:\/\/medicaltravel.net\/tr\/kardiyoloji-kalp-tedavileri-turkiye-istanbul-antalya-izmir-bursa\/cocuk-kalp-hastaliklari-tedavileri-turkiye-istanbul-antalya-izmir\/\">\n\t\t\t\t\t\t<span class=\"elementor-button-content-wrapper\">\n\t\t\t\t\t\t\t\t\t<span class=\"elementor-button-text\">\u00c7ocuk Kalp Hastal\u0131klar\u0131<\/span>\n\t\t\t\t\t<\/span>\n\t\t\t\t\t<\/a>\n\t\t\t\t\t\t\t\t<\/div>\n\t\t\t\t<div class=\"elementor-element elementor-element-84fa814 elementor-widget elementor-widget-button\" data-id=\"84fa814\" data-element_type=\"widget\" data-e-type=\"widget\" data-widget_type=\"button.default\">\n\t\t\t\t\t\t\t\t\t\t<a class=\"elementor-button elementor-button-link elementor-size-sm\" href=\"https:\/\/medicaltravel.net\/tr\/kardiyoloji-kalp-tedavileri-turkiye-istanbul-antalya-izmir-bursa\/yetiskin-kalp-hastaliklari-tedavileri-turkiye-istanbul-antalya-izmir\/\">\n\t\t\t\t\t\t<span class=\"elementor-button-content-wrapper\">\n\t\t\t\t\t\t\t\t\t<span class=\"elementor-button-text\">Yeti\u015fkin Kalp Hastal\u0131klar\u0131<\/span>\n\t\t\t\t\t<\/span>\n\t\t\t\t\t<\/a>\n\t\t\t\t\t\t\t\t<\/div>\n\t\t\t\t<div class=\"elementor-element elementor-element-b5be78f elementor-widget elementor-widget-button\" data-id=\"b5be78f\" data-element_type=\"widget\" data-e-type=\"widget\" data-widget_type=\"button.default\">\n\t\t\t\t\t\t\t\t\t\t<a class=\"elementor-button elementor-button-link elementor-size-sm\" href=\"https:\/\/medicaltravel.net\/tr\/kardiyoloji-kalp-tedavileri-turkiye-istanbul-antalya-izmir-bursa\/kalp-hastaliklari-tani-ve-tedavisi-turkiye-istanbul-antalya-izmir\/\">\n\t\t\t\t\t\t<span class=\"elementor-button-content-wrapper\">\n\t\t\t\t\t\t\t\t\t<span class=\"elementor-button-text\">Tan\u0131 ve Tedavi<\/span>\n\t\t\t\t\t<\/span>\n\t\t\t\t\t<\/a>\n\t\t\t\t\t\t\t\t<\/div>\n\t\t\t\t<div class=\"elementor-element elementor-element-c1a20de elementor-widget elementor-widget-button\" data-id=\"c1a20de\" data-element_type=\"widget\" data-e-type=\"widget\" data-widget_type=\"button.default\">\n\t\t\t\t\t\t\t\t\t\t<a class=\"elementor-button elementor-button-link elementor-size-sm\" href=\"https:\/\/medicaltravel.net\/tr\/kardiyoloji-kalp-tedavileri-turkiye-istanbul-antalya-izmir-bursa\/girisimsel-kardiyoloji-yontemleri-turkiye-istanbul-antalya-izmir-anjiyoplasti-stent\/\">\n\t\t\t\t\t\t<span class=\"elementor-button-content-wrapper\">\n\t\t\t\t\t\t\t\t\t<span class=\"elementor-button-text\">Giri\u015fimsel Kardiyoloji<\/span>\n\t\t\t\t\t<\/span>\n\t\t\t\t\t<\/a>\n\t\t\t\t\t\t\t\t<\/div>\n\t\t\t\t<div class=\"elementor-element elementor-element-7a88f81 elementor-widget elementor-widget-button\" data-id=\"7a88f81\" data-element_type=\"widget\" data-e-type=\"widget\" data-widget_type=\"button.default\">\n\t\t\t\t\t\t\t\t\t\t<a class=\"elementor-button elementor-button-link elementor-size-sm\" href=\"https:\/\/medicaltravel.net\/tr\/kardiyoloji-kalp-tedavileri-turkiye-istanbul-antalya-izmir-bursa\/robotik-cerrahi-da-vinci-turkiye-istanbul-antalya-izmir\/\">\n\t\t\t\t\t\t<span class=\"elementor-button-content-wrapper\">\n\t\t\t\t\t\t\t\t\t<span class=\"elementor-button-text\">Robotik Cerrahi<\/span>\n\t\t\t\t\t<\/span>\n\t\t\t\t\t<\/a>\n\t\t\t\t\t\t\t\t<\/div>\n\t\t\t\t<\/div>\n\t\t\t\t<div class=\"elementor-element elementor-element-15f407a5 elementor-widget elementor-widget-text-editor\" data-id=\"15f407a5\" data-element_type=\"widget\" data-e-type=\"widget\" data-widget_type=\"text-editor.default\">\n\t\t\t\t\t\t\t\t\t\n<h3 class=\"wp-block-heading\">ROBOT DESTEKL\u0130 CERRAH\u0130: DA VINCI<\/h3>\n\n<figure class=\"wp-block-image size-full\"><img fetchpriority=\"high\" decoding=\"async\" width=\"639\" height=\"480\" class=\"wp-image-208\" src=\"https:\/\/medicaltravel.net\/wp-content\/uploads\/2025\/09\/csm_da_Vinci_action_023874_e7522b3e3a.jpg\" alt=\"\" srcset=\"https:\/\/medicaltravel.net\/wp-content\/uploads\/2025\/09\/csm_da_Vinci_action_023874_e7522b3e3a.jpg 639w, https:\/\/medicaltravel.net\/wp-content\/uploads\/2025\/09\/csm_da_Vinci_action_023874_e7522b3e3a-300x225.jpg 300w\" sizes=\"(max-width: 639px) 100vw, 639px\" \/><\/figure>\n\n<p id=\"caption-attachment-388\">Minimal invaziv Da Vinci cerrahisi, cerrahi ve robotik teknolojilerdeki en son yenilikleri kullan\u0131r<\/p>\n\n<h3 class=\"wp-block-heading\">Robotik ve Minimal \u0130nvaziv Kalp Cerrahisi<\/h3>\n\n<p>Robotik kalp cerrahisi, geli\u015fmi\u015f teknikler ve altyap\u0131 gerektirdi\u011fi i\u00e7in d\u00fcnyada yaln\u0131zca s\u0131n\u0131rl\u0131 say\u0131da merkezde, ABD dahil uygulanmaktad\u0131r. Ac\u0131badem Mas Robotik ve Minimal \u0130nvaziv Kalp Cerrahisi <\/p>\n\n<p>Robotik kalp cerrahisi, geli\u015fmi\u015f teknikler ve altyap\u0131 gerektirdi\u011fi i\u00e7in d\u00fcnyada yaln\u0131zca s\u0131n\u0131rl\u0131 say\u0131da merkezde, ABD dahil uygulanmaktad\u0131r. Ac\u0131badem Maslak Hastanesi, robotik kalp cerrahisinde \u00f6nc\u00fc bir merkez olmu\u015ftur. Robotik cerrahi ile ger\u00e7ekle\u015ftirilen operasyonlarda d\u00fcnyada ve \u00fclkemizde ilkler ger\u00e7ekle\u015ftirilmi\u015ftir:  <\/p>\n\n<h3 class=\"wp-block-heading\">Ac\u0131badem Maslak Hastanesi\u2019nde Da Vinci robotunun performanslar\u0131:<\/h3>\n\n<p>\u2013 Kalbin sol ventrik\u00fcl\u00fcnde anevrizma (balonla\u015fma) i\u015flemi d\u00fcnyada ilk kez,<\/p>\n\n<p>\u2013 T\u00fcrkiye\u2019de ilk komplike mitral kapak onar\u0131m\u0131,<\/p>\n\n<p>\u2013 \u0130lk mitral kapak de\u011fi\u015fimi,<\/p>\n\n<p>Vask\u00fcler hastal\u0131\u011f\u0131 olmayan koroner arter hastalar\u0131, anatomik yap\u0131lar\u0131 uygun ise rutin olarak robotik y\u00f6ntemle ameliyat edilir. Ayr\u0131ca, mitral kapak onar\u0131m\u0131, mitral kapak de\u011fi\u015fimi ve trik\u00fcspid kapak m\u00fcdahalesi de anatomik yap\u0131s\u0131 uygun hastalarda ger\u00e7ekle\u015ftirilebilir. Robotik kalp cerrahisinde teknik ba\u015far\u0131 oran\u0131 %90\u2019d\u0131r.  <\/p>\n\n<h3 class=\"wp-block-heading\">Neden Robotik \u2013 Minimal \u0130nvaziv Kalp Cerrahisi?<\/h3>\n\n<ul class=\"wp-block-list\">\n<li>Daha Az Kanama<\/li>\n\n<li>Daha Az Kan Transf\u00fczyonu Gereksinimi<\/li>\n\n<li>Daha Az A\u011fr\u0131<\/li>\n\n<li>Daha D\u00fc\u015f\u00fck Enfeksiyon Riski<\/li>\n\n<li>Hastaneden Daha H\u0131zl\u0131 Taburculuk<\/li>\n\n<li>Daha H\u0131zl\u0131 \u0130yile\u015fme<\/li>\n\n<li>Daha Estetik<\/li>\n<\/ul>\n\n<h3 class=\"wp-block-heading\">Robotik ve Minimal \u0130nvaziv Cerrahinin Avantajlar\u0131<\/h3>\n\n<ul class=\"wp-block-list\">\n<li>Ameliyat\u0131n ba\u015far\u0131 oran\u0131 artar: \u00dc\u00e7 boyutlu kamera sayesinde en zor g\u00f6zlemlenen b\u00f6lgelerin kolayca g\u00f6r\u00fclmesini sa\u011flar. Ayr\u0131ca, robotun kollar\u0131 540 derece d\u00f6nebilir ve 6 y\u00f6nde hareket edebilir. Kullan\u0131lan cihazlar \u00e7ok k\u00fc\u00e7\u00fck oldu\u011fu i\u00e7in insan elinin ula\u015famayaca\u011f\u0131 b\u00f6lgelere eri\u015febilir. \u00d6rne\u011fin, bu y\u00f6ntemle kalp kapa\u011f\u0131n\u0131 onarma oran\u0131 artar.   <\/li>\n\n<li>Hastada daha az a\u011fr\u0131 olu\u015fur: Ameliyat k\u00fc\u00e7\u00fck kesilerle yap\u0131ld\u0131\u011f\u0131ndan, hastalar a\u00e7\u0131k ameliyata g\u00f6re daha az a\u011fr\u0131 hisseder.<\/li>\n\n<li>Ciltte b\u00fcy\u00fck ameliyat izleri olu\u015fmaz: \u0130\u015flemler her biri 8 milimetre olan 3 veya 4 delikten yap\u0131ld\u0131\u011f\u0131 i\u00e7in, ciltte estetik olarak rahats\u0131z edici bir iz kalmaz.<\/li>\n\n<li>Hastanede kal\u0131\u015f s\u00fcresi daha k\u0131sa: K\u00fc\u00e7\u00fck bir operasyon b\u00f6lgesi ve daha az kan kayb\u0131 sayesinde, hastalar en karma\u015f\u0131k ameliyatlarda bile 1-2 hafta i\u00e7inde taburcu edilebilir.<\/li>\n\n<li>\u0130\u015fe ve sosyal hayata daha h\u0131zl\u0131 d\u00f6n\u00fc\u015f: Ameliyat b\u00f6lgelerinde minimal hasar olu\u015fur. Bu nedenle, hastan\u0131n yataktan kalkmas\u0131 ve g\u00fcnl\u00fck fiziksel aktivitelere yeniden kat\u0131lmas\u0131 \u00e7ok daha kolay ve h\u0131zl\u0131 olur. <\/li>\n\n<li>Kanama oran\u0131 azal\u0131r: Ameliyat b\u00f6lgesini b\u00fcy\u00fctebilen \u00fc\u00e7 boyutlu, y\u00fcksek \u00e7\u00f6z\u00fcn\u00fcrl\u00fckl\u00fc kameralar sayesinde kanama b\u00f6lgeleri net bir \u015fekilde g\u00f6r\u00fclebilir. B\u00f6ylece kan kayb\u0131 en aza indirilir ve hastaya \u00e7o\u011fu zaman kan transf\u00fczyonu gerekmez. <\/li>\n\n<li>Kanama oran\u0131 azal\u0131r: Ameliyat b\u00f6lgesini b\u00fcy\u00fctebilen \u00fc\u00e7 boyutlu, y\u00fcksek \u00e7\u00f6z\u00fcn\u00fcrl\u00fckl\u00fc kameralar sayesinde kanama b\u00f6lgeleri net bir \u015fekilde g\u00f6r\u00fclebilir. B\u00f6ylece kan kayb\u0131 en aza indirilir ve hastaya \u00e7o\u011fu zaman kan transf\u00fczyonu gerekmez.<\/li>\n<\/ul>\n\n<p>Maslak Hastanesi robotik kalp cerrahisinde \u00f6nc\u00fc bir merkez olmu\u015ftur. Robotik cerrahi ile yap\u0131lan ameliyatlar sayesinde d\u00fcnyada ve \u00fclkemizde bir\u00e7ok ilke imza at\u0131lm\u0131\u015ft\u0131r: <\/p>\n\t\t\t\t\t\t\t\t<\/div>\n\t\t\t\t\t<\/div>\n\t\t\t\t<\/div>\n\t\t\t\t<\/div>\n\t\t","protected":false},"excerpt":{"rendered":"<p>Kalp Bak\u0131m Hizmetleri \u00c7ocuk Kalp Hastal\u0131klar\u0131 Yeti\u015fkin Kalp Hastal\u0131klar\u0131 Tan\u0131 ve Tedavi Giri\u015fimsel Kardiyoloji Robotik Cerrahi ROBOT DESTEKL\u0130 CERRAH\u0130: DA VINCI Minimal invaziv Da Vinci cerrahisi, cerrahi ve robotik teknolojilerdeki en son yenilikleri kullan\u0131r Robotik ve Minimal \u0130nvaziv Kalp Cerrahisi Robotik kalp cerrahisi, geli\u015fmi\u015f teknikler ve altyap\u0131 gerektirdi\u011fi i\u00e7in d\u00fcnyada yaln\u0131zca s\u0131n\u0131rl\u0131 say\u0131da merkezde, ABD dahil uygulanmaktad\u0131r. Ac\u0131badem Mas Robotik ve Minimal \u0130nvaziv Kalp Cerrahisi Robotik kalp cerrahisi, geli\u015fmi\u015f teknikler ve altyap\u0131 gerektirdi\u011fi i\u00e7in d\u00fcnyada yaln\u0131zca s\u0131n\u0131rl\u0131 say\u0131da merkezde, ABD dahil uygulanmaktad\u0131r. Ac\u0131badem Maslak Hastanesi, robotik kalp cerrahisinde \u00f6nc\u00fc bir merkez olmu\u015ftur. Robotik cerrahi ile ger\u00e7ekle\u015ftirilen operasyonlarda d\u00fcnyada ve \u00fclkemizde ilkler ger\u00e7ekle\u015ftirilmi\u015ftir: Ac\u0131badem Maslak Hastanesi\u2019nde Da Vinci robotunun performanslar\u0131: \u2013 Kalbin sol ventrik\u00fcl\u00fcnde anevrizma (balonla\u015fma) i\u015flemi d\u00fcnyada ilk kez, \u2013 T\u00fcrkiye\u2019de ilk komplike mitral kapak onar\u0131m\u0131, \u2013 \u0130lk mitral kapak de\u011fi\u015fimi, Vask\u00fcler hastal\u0131\u011f\u0131 olmayan koroner arter hastalar\u0131, anatomik yap\u0131lar\u0131 uygun ise rutin olarak robotik y\u00f6ntemle ameliyat edilir. Ayr\u0131ca, mitral kapak onar\u0131m\u0131, mitral kapak de\u011fi\u015fimi ve trik\u00fcspid kapak m\u00fcdahalesi de anatomik yap\u0131s\u0131 uygun hastalarda ger\u00e7ekle\u015ftirilebilir. Robotik kalp cerrahisinde teknik ba\u015far\u0131 oran\u0131 %90\u2019d\u0131r. Neden Robotik \u2013 Minimal \u0130nvaziv Kalp Cerrahisi? Daha Az Kanama Daha Az Kan Transf\u00fczyonu Gereksinimi Daha Az A\u011fr\u0131 Daha D\u00fc\u015f\u00fck Enfeksiyon Riski Hastaneden Daha H\u0131zl\u0131 Taburculuk Daha H\u0131zl\u0131 \u0130yile\u015fme Daha Estetik Robotik ve Minimal \u0130nvaziv Cerrahinin Avantajlar\u0131 Ameliyat\u0131n ba\u015far\u0131 oran\u0131 artar: \u00dc\u00e7 boyutlu kamera sayesinde en zor g\u00f6zlemlenen b\u00f6lgelerin kolayca g\u00f6r\u00fclmesini sa\u011flar. Ayr\u0131ca, robotun kollar\u0131 540 derece d\u00f6nebilir ve 6 y\u00f6nde hareket edebilir. Kullan\u0131lan cihazlar \u00e7ok k\u00fc\u00e7\u00fck oldu\u011fu i\u00e7in insan elinin ula\u015famayaca\u011f\u0131 b\u00f6lgelere eri\u015febilir. \u00d6rne\u011fin, bu y\u00f6ntemle kalp kapa\u011f\u0131n\u0131 onarma oran\u0131 artar. Hastada daha az a\u011fr\u0131 olu\u015fur: Ameliyat k\u00fc\u00e7\u00fck kesilerle yap\u0131ld\u0131\u011f\u0131ndan, hastalar a\u00e7\u0131k ameliyata g\u00f6re daha az a\u011fr\u0131 hisseder. Ciltte b\u00fcy\u00fck ameliyat izleri olu\u015fmaz: \u0130\u015flemler her biri 8 milimetre olan 3 veya 4 delikten yap\u0131ld\u0131\u011f\u0131 i\u00e7in, ciltte estetik olarak rahats\u0131z edici bir iz kalmaz. Hastanede kal\u0131\u015f s\u00fcresi daha k\u0131sa: K\u00fc\u00e7\u00fck bir operasyon b\u00f6lgesi ve daha az kan kayb\u0131 sayesinde, hastalar en karma\u015f\u0131k ameliyatlarda bile 1-2 hafta i\u00e7inde taburcu edilebilir. \u0130\u015fe ve sosyal hayata daha h\u0131zl\u0131 d\u00f6n\u00fc\u015f: Ameliyat b\u00f6lgelerinde minimal hasar olu\u015fur. Bu nedenle, hastan\u0131n yataktan kalkmas\u0131 ve g\u00fcnl\u00fck fiziksel aktivitelere yeniden kat\u0131lmas\u0131 \u00e7ok daha kolay ve h\u0131zl\u0131 olur. Kanama oran\u0131 azal\u0131r: Ameliyat b\u00f6lgesini b\u00fcy\u00fctebilen \u00fc\u00e7 boyutlu, y\u00fcksek \u00e7\u00f6z\u00fcn\u00fcrl\u00fckl\u00fc kameralar sayesinde kanama b\u00f6lgeleri net bir \u015fekilde g\u00f6r\u00fclebilir. B\u00f6ylece kan kayb\u0131 en aza indirilir ve hastaya \u00e7o\u011fu zaman kan transf\u00fczyonu gerekmez. Kanama oran\u0131 azal\u0131r: Ameliyat b\u00f6lgesini b\u00fcy\u00fctebilen \u00fc\u00e7 boyutlu, y\u00fcksek \u00e7\u00f6z\u00fcn\u00fcrl\u00fckl\u00fc kameralar sayesinde kanama b\u00f6lgeleri net bir \u015fekilde g\u00f6r\u00fclebilir. B\u00f6ylece kan kayb\u0131 en aza indirilir ve hastaya \u00e7o\u011fu zaman kan transf\u00fczyonu gerekmez. Maslak Hastanesi robotik kalp cerrahisinde \u00f6nc\u00fc bir merkez olmu\u015ftur. Robotik cerrahi ile yap\u0131lan ameliyatlar sayesinde d\u00fcnyada ve \u00fclkemizde bir\u00e7ok ilke imza at\u0131lm\u0131\u015ft\u0131r:<\/p>\n","protected":false},"author":4,"featured_media":0,"parent":2514,"menu_order":0,"comment_status":"closed","ping_status":"closed","template":"","meta":{"_joinchat":[],"footnotes":""},"class_list":["post-2554","page","type-page","status-publish","hentry"],"acf":[],"_links":{"self":[{"href":"https:\/\/medicaltravel.net\/tr\/wp-json\/wp\/v2\/pages\/2554","targetHints":{"allow":["GET"]}}],"collection":[{"href":"https:\/\/medicaltravel.net\/tr\/wp-json\/wp\/v2\/pages"}],"about":[{"href":"https:\/\/medicaltravel.net\/tr\/wp-json\/wp\/v2\/types\/page"}],"author":[{"embeddable":true,"href":"https:\/\/medicaltravel.net\/tr\/wp-json\/wp\/v2\/users\/4"}],"replies":[{"embeddable":true,"href":"https:\/\/medicaltravel.net\/tr\/wp-json\/wp\/v2\/comments?post=2554"}],"version-history":[{"count":7,"href":"https:\/\/medicaltravel.net\/tr\/wp-json\/wp\/v2\/pages\/2554\/revisions"}],"predecessor-version":[{"id":2747,"href":"https:\/\/medicaltravel.net\/tr\/wp-json\/wp\/v2\/pages\/2554\/revisions\/2747"}],"up":[{"embeddable":true,"href":"https:\/\/medicaltravel.net\/tr\/wp-json\/wp\/v2\/pages\/2514"}],"wp:attachment":[{"href":"https:\/\/medicaltravel.net\/tr\/wp-json\/wp\/v2\/media?parent=2554"}],"curies":[{"name":"wp","href":"https:\/\/api.w.org\/{rel}","templated":true}]}}