{"id":2559,"date":"2025-09-29T09:39:37","date_gmt":"2025-09-29T08:39:37","guid":{"rendered":"https:\/\/medicaltravel.net\/gogus-cerrahisi-turkiye\/"},"modified":"2026-01-11T15:34:40","modified_gmt":"2026-01-11T14:34:40","slug":"gogus-cerrahisi-turkiye","status":"publish","type":"page","link":"https:\/\/medicaltravel.net\/tr\/gogus-cerrahisi-turkiye\/","title":{"rendered":"G\u00f6\u011f\u00fcs Cerrahisi T\u00fcrkiye"},"content":{"rendered":"\t\t<div data-elementor-type=\"wp-page\" data-elementor-id=\"2559\" class=\"elementor elementor-2559 elementor-71\" data-elementor-post-type=\"page\">\n\t\t\t\t<div class=\"elementor-element elementor-element-75abff6c e-flex e-con-boxed wpr-particle-no wpr-jarallax-no wpr-parallax-no wpr-sticky-section-no e-con e-parent\" data-id=\"75abff6c\" data-element_type=\"container\" data-e-type=\"container\">\n\t\t\t\t\t<div class=\"e-con-inner\">\n\t\t\t\t<div class=\"elementor-element elementor-element-d9b44e8 elementor-widget elementor-widget-text-editor\" data-id=\"d9b44e8\" data-element_type=\"widget\" data-e-type=\"widget\" data-widget_type=\"text-editor.default\">\n\t\t\t\t\t\t\t\t\t\n<h3 class=\"wp-block-heading\">G\u00d6\u011e\u00dcS CERRAH\u0130S\u0130 T\u00dcRK\u0130YE<\/h3>\n\n<p>Ac\u0131badem Hastaneler Grubu G\u00f6\u011f\u00fcs Cerrahisi B\u00f6l\u00fcm\u00fc, d\u00fcnyan\u0131n d\u00f6rt bir yan\u0131ndan gelen yeti\u015fkin ve \u00e7ocuk hastalara en son tan\u0131 teknikleri ve tedavi y\u00f6ntemleri ile kapsaml\u0131 sa\u011fl\u0131k hizmeti sunmaktad\u0131r.<\/p>\n\n<p>G\u00f6\u011f\u00fcs Cerrahisi B\u00f6l\u00fcm\u00fc, akci\u011ferler ve yemek borusu dahil olmak \u00fczere karma\u015f\u0131k g\u00f6\u011f\u00fcs hastal\u0131klar\u0131n\u0131n tan\u0131 ve tedavisi i\u00e7in geni\u015f kapsaml\u0131 cerrahi hizmetler sunmaya odaklanm\u0131\u015ft\u0131r. Ac\u0131badem g\u00f6\u011f\u00fcs cerrahlar\u0131, onkoloji ve radyoloji uzmanlar\u0131yla i\u015f birli\u011fi i\u00e7inde multidisipliner bir yakla\u015f\u0131m benimser. <\/p>\n\n<figure class=\"wp-block-image size-full\"><img fetchpriority=\"high\" decoding=\"async\" width=\"560\" height=\"260\" class=\"wp-image-223\" src=\"https:\/\/medicaltravel.net\/wp-content\/uploads\/2025\/09\/chest_surgery.jpg\" alt=\"\" srcset=\"https:\/\/medicaltravel.net\/wp-content\/uploads\/2025\/09\/chest_surgery.jpg 560w, https:\/\/medicaltravel.net\/wp-content\/uploads\/2025\/09\/chest_surgery-300x139.jpg 300w\" sizes=\"(max-width: 560px) 100vw, 560px\" \/><\/figure>\n\n<p id=\"caption-attachment-280\">T\u00fcrkiye\u2019de G\u00f6\u011f\u00fcs (Genel Torasik) Cerrahisine Genel Bak\u0131\u015f: Ac\u0131badem Hastanesi bu alandaki en iyi merkezlerden biridir. JCI taraf\u0131ndan akredite edilmi\u015ftir. <\/p>\n\n<h3 class=\"wp-block-heading\">Hastanelerimizde en s\u0131k uygulanan i\u015flem ve ameliyatlardan baz\u0131lar\u0131 \u015funlard\u0131r:<\/h3>\n\n<ol class=\"wp-block-list\">\n<li><strong>AKC\u0130\u011eERLER: <\/strong>Akci\u011ferin rezeksiyon, rekonstr\u00fcksiyon, onar\u0131m ve biyopsisini i\u00e7eren ameliyatlar.<\/li>\n\n<li><strong>G\u00d6\u011e\u00dcS DUVARI: <\/strong>Neoplazmlar i\u00e7in rezeksiyon ve rekonstr\u00fcksiyon dahil olmak \u00fczere g\u00f6\u011f\u00fcs duvar\u0131na y\u00f6nelik ameliyatlar; torakoplasti, pektus ekskavatum ve pektus karinatum ile di\u011fer g\u00f6\u011f\u00fcs duvar\u0131 deformitelerinin onar\u0131m\u0131 ve travmatik g\u00f6\u011f\u00fcs duvar\u0131 instabilitesinin tedavisi.<\/li>\n\n<li><strong>HAVA YOLLARI<\/strong>: Neoplazmlar, darl\u0131klar ve travmalar nedeniyle trakea ve bron\u015flar\u0131n rezeksiyon, rekonstr\u00fcksiyon ve onar\u0131m\u0131n\u0131 i\u00e7eren ameliyatlar. Trakeostomi, trakeal ent\u00fcbasyon ve endol\u00fcminal i\u015flemler dahil olmak \u00fczere hava yolu kontrol\u00fc i\u00e7in gerekli operasyonlar. <\/li>\n\n<li><strong>D\u0130YAFRAM<\/strong>: Diyafram\u0131n rezeksiyon, rekonstr\u00fcksiyon ve onar\u0131m\u0131n\u0131 i\u00e7eren ameliyatlar.<\/li>\n\n<li><strong>MED\u0130ASTEN<\/strong>: Neoplazmlar\u0131n biyopsi ve rezeksiyonu, enfeksiyon drenaj\u0131, mediastinal lenfadenektomi, mediastinotomi ve mediastinoskopi dahil olmak \u00fczere mediastenle ilgili ameliyatlar.<\/li>\n\n<li><strong>PER\u0130KARD:<\/strong> Perikard\u0131n rezeksiyon, rekonstr\u00fcksiyon ve drenaj\u0131n\u0131 i\u00e7eren ameliyatlar.<\/li>\n\n<li><strong>ENDOSKOP\u0130:<\/strong> Trakeobron\u015fiyal a\u011fa\u00e7 ve yemek borusunun hem esnek hem sert endoskop ve aletler kullan\u0131larak yap\u0131lan endoskopik i\u015flemleri.<\/li>\n\n<li><strong>LENF BEZLER\u0130:<\/strong> Servikal, mediastinal ve aksiller lenf bezlerinin biyopsisi i\u00e7in yap\u0131lan ameliyatlar.<\/li>\n\n<li><strong>H\u0130PERH\u0130DROZ<\/strong>: Torasik sempatik sinirler \u00fczerinde yap\u0131lan ameliyatlar.<\/li>\n\n<li><strong>THORACIC \u00c7IKI\u015e:<\/strong> Thoracic \u00e7\u0131k\u0131\u015ftaki anormalliklerin d\u00fczeltilmesi i\u00e7in yap\u0131lan ameliyatlar.<\/li>\n\n<li><strong>PL\u00d6RA<\/strong>: Pl\u00f6re mezotelyomas\u0131 ve pl\u00f6re bo\u015flu\u011fu problemlerinin y\u00f6netimi i\u00e7in yap\u0131lan ameliyatlar; torakosentez, t\u00fcp torakostomi, pl\u00f6re ef\u00fczyonu i\u00e7in \u015fant uygulamalar\u0131, pn\u00f6motoraks\u0131n tedavisi, pl\u00f6rektomi, dekortikasyon, drenaj ve ampiyem rezeksiyonu.<\/li>\n\n<li><strong>AMP\u0130ZEM: <\/strong>Amfizem ile ili\u015fkili fonksiyonel d\u00fczeltmeler ve komplikasyonlar i\u00e7in yap\u0131lan ameliyatlar.<\/li>\n\n<li><strong>TRAVMA:<\/strong> G\u00f6\u011fse veya g\u00f6\u011f\u00fcs i\u00e7indeki organlara gelen travmatik yaralanmalar ve bunlar\u0131n sonu\u00e7lar\u0131 i\u00e7in yap\u0131lan ameliyatlar.<\/li>\n<\/ol>\n\n<h3 class=\"wp-block-heading\">Ac\u0131badem G\u00f6\u011f\u00fcs Cerrahisi B\u00f6l\u00fcm\u00fcn\u00fcn Cerrahi Yakla\u015f\u0131mlar\u0131<\/h3>\n\n<ul class=\"wp-block-list\">\n<li>Erken Evre Akci\u011fer Kanseri i\u00e7in Minimal \u0130nvaziv Cerrahi (VATS)<\/li>\n<\/ul>\n\n<p>Akci\u011fer kanserinin tedavisi, hastal\u0131\u011f\u0131n erken evresinde k\u00fcratif olabilir.<br>Akci\u011fer kanseri i\u00e7in en uygun tedavi, Medikal Onkolog, Radyasyon Onkolo\u011fu, G\u00f6\u011f\u00fcs Hastal\u0131klar\u0131 Uzman\u0131, G\u00f6\u011f\u00fcs Cerrah\u0131, Radyolog, Patolog ve N\u00fckleer T\u0131p Uzman\u0131 gibi deneyimli hekimlerin yer ald\u0131\u011f\u0131 bir Kurul taraf\u0131ndan yap\u0131lan kapsaml\u0131 bir inceleme ile belirlenir. Ara\u015ft\u0131rmalar ameliyat\u0131n hastal\u0131\u011f\u0131 iyile\u015ftirece\u011fini g\u00f6sterdi\u011finde, operasyon akci\u011fer kanseri cerrahisinde deneyimli cerrahlar taraf\u0131ndan ger\u00e7ekle\u015ftirilir. Ac\u0131badem Hastaneler Grubu G\u00f6\u011f\u00fcs Cerrahisi B\u00f6l\u00fcm\u00fc\u2019nde erken evre akci\u011fer kanseri i\u00e7in minimal invaziv cerrahi \u201cVideo Yard\u0131ml\u0131 Torasik Cerrahi (VATS)\u201d uygulanmaktad\u0131r.   <\/p>\n\n<ul class=\"wp-block-list\">\n<li>G\u00f6\u011f\u00fcs Cerrahisinde VATS Yakla\u015f\u0131m\u0131<\/li>\n<\/ul>\n\n<p>VATS, erken evre akci\u011fer t\u00fcm\u00f6rlerini tedavi etmek i\u00e7in mikro aletler ve her biri 2-3 cm uzunlu\u011funda \u00fc\u00e7 k\u00fc\u00e7\u00fck kesiden yararlan\u0131lan minimal invaziv bir cerrahi yakla\u015f\u0131md\u0131r. Torasik cerrah\u0131n g\u00f6\u011f\u00fcs bo\u015flu\u011funu g\u00f6rmesini sa\u011flamak i\u00e7in kesilerden birine k\u00fc\u00e7\u00fck bir video kamera yerle\u015ftirilir. Akci\u011fer nod\u00fclleri ve loblar\u0131n \u00e7\u0131kar\u0131lmas\u0131, g\u00f6\u011fs\u00fc a\u00e7madan \u00f6zel bir torba kullan\u0131larak yap\u0131l\u0131r.  <\/p>\n\n<p>Bu minimal invaziv i\u015flemin avantajlar\u0131 \u015funlard\u0131r:<\/p>\n\n<ul class=\"wp-block-list\">\n<li>Daha k\u0131sa hastanede kal\u0131\u015f s\u00fcresi<\/li>\n\n<li>Ameliyat sonras\u0131 daha az a\u011fr\u0131<\/li>\n\n<li>Daha az iz kalmas\u0131<\/li>\n\n<li>Daha h\u0131zl\u0131 iyile\u015fme s\u00fcresi<\/li>\n<\/ul>\n\t\t\t\t\t\t\t\t<\/div>\n\t\t\t\t\t<\/div>\n\t\t\t\t<\/div>\n\t\t\t\t<\/div>\n\t\t","protected":false},"excerpt":{"rendered":"<p>G\u00d6\u011e\u00dcS CERRAH\u0130S\u0130 T\u00dcRK\u0130YE Ac\u0131badem Hastaneler Grubu G\u00f6\u011f\u00fcs Cerrahisi B\u00f6l\u00fcm\u00fc, d\u00fcnyan\u0131n d\u00f6rt bir yan\u0131ndan gelen yeti\u015fkin ve \u00e7ocuk hastalara en son tan\u0131 teknikleri ve tedavi y\u00f6ntemleri ile kapsaml\u0131 sa\u011fl\u0131k hizmeti sunmaktad\u0131r. G\u00f6\u011f\u00fcs Cerrahisi B\u00f6l\u00fcm\u00fc, akci\u011ferler ve yemek borusu dahil olmak \u00fczere karma\u015f\u0131k g\u00f6\u011f\u00fcs hastal\u0131klar\u0131n\u0131n tan\u0131 ve tedavisi i\u00e7in geni\u015f kapsaml\u0131 cerrahi hizmetler sunmaya odaklanm\u0131\u015ft\u0131r. Ac\u0131badem g\u00f6\u011f\u00fcs cerrahlar\u0131, onkoloji ve radyoloji uzmanlar\u0131yla i\u015f birli\u011fi i\u00e7inde multidisipliner bir yakla\u015f\u0131m benimser. T\u00fcrkiye\u2019de G\u00f6\u011f\u00fcs (Genel Torasik) Cerrahisine Genel Bak\u0131\u015f: Ac\u0131badem Hastanesi bu alandaki en iyi merkezlerden biridir. JCI taraf\u0131ndan akredite edilmi\u015ftir. Hastanelerimizde en s\u0131k uygulanan i\u015flem ve ameliyatlardan baz\u0131lar\u0131 \u015funlard\u0131r: AKC\u0130\u011eERLER: Akci\u011ferin rezeksiyon, rekonstr\u00fcksiyon, onar\u0131m ve biyopsisini i\u00e7eren ameliyatlar. G\u00d6\u011e\u00dcS DUVARI: Neoplazmlar i\u00e7in rezeksiyon ve rekonstr\u00fcksiyon dahil olmak \u00fczere g\u00f6\u011f\u00fcs duvar\u0131na y\u00f6nelik ameliyatlar; torakoplasti, pektus ekskavatum ve pektus karinatum ile di\u011fer g\u00f6\u011f\u00fcs duvar\u0131 deformitelerinin onar\u0131m\u0131 ve travmatik g\u00f6\u011f\u00fcs duvar\u0131 instabilitesinin tedavisi. HAVA YOLLARI: Neoplazmlar, darl\u0131klar ve travmalar nedeniyle trakea ve bron\u015flar\u0131n rezeksiyon, rekonstr\u00fcksiyon ve onar\u0131m\u0131n\u0131 i\u00e7eren ameliyatlar. Trakeostomi, trakeal ent\u00fcbasyon ve endol\u00fcminal i\u015flemler dahil olmak \u00fczere hava yolu kontrol\u00fc i\u00e7in gerekli operasyonlar. D\u0130YAFRAM: Diyafram\u0131n rezeksiyon, rekonstr\u00fcksiyon ve onar\u0131m\u0131n\u0131 i\u00e7eren ameliyatlar. MED\u0130ASTEN: Neoplazmlar\u0131n biyopsi ve rezeksiyonu, enfeksiyon drenaj\u0131, mediastinal lenfadenektomi, mediastinotomi ve mediastinoskopi dahil olmak \u00fczere mediastenle ilgili ameliyatlar. PER\u0130KARD: Perikard\u0131n rezeksiyon, rekonstr\u00fcksiyon ve drenaj\u0131n\u0131 i\u00e7eren ameliyatlar. ENDOSKOP\u0130: Trakeobron\u015fiyal a\u011fa\u00e7 ve yemek borusunun hem esnek hem sert endoskop ve aletler kullan\u0131larak yap\u0131lan endoskopik i\u015flemleri. LENF BEZLER\u0130: Servikal, mediastinal ve aksiller lenf bezlerinin biyopsisi i\u00e7in yap\u0131lan ameliyatlar. H\u0130PERH\u0130DROZ: Torasik sempatik sinirler \u00fczerinde yap\u0131lan ameliyatlar. THORACIC \u00c7IKI\u015e: Thoracic \u00e7\u0131k\u0131\u015ftaki anormalliklerin d\u00fczeltilmesi i\u00e7in yap\u0131lan ameliyatlar. PL\u00d6RA: Pl\u00f6re mezotelyomas\u0131 ve pl\u00f6re bo\u015flu\u011fu problemlerinin y\u00f6netimi i\u00e7in yap\u0131lan ameliyatlar; torakosentez, t\u00fcp torakostomi, pl\u00f6re ef\u00fczyonu i\u00e7in \u015fant uygulamalar\u0131, pn\u00f6motoraks\u0131n tedavisi, pl\u00f6rektomi, dekortikasyon, drenaj ve ampiyem rezeksiyonu. AMP\u0130ZEM: Amfizem ile ili\u015fkili fonksiyonel d\u00fczeltmeler ve komplikasyonlar i\u00e7in yap\u0131lan ameliyatlar. TRAVMA: G\u00f6\u011fse veya g\u00f6\u011f\u00fcs i\u00e7indeki organlara gelen travmatik yaralanmalar ve bunlar\u0131n sonu\u00e7lar\u0131 i\u00e7in yap\u0131lan ameliyatlar. Ac\u0131badem G\u00f6\u011f\u00fcs Cerrahisi B\u00f6l\u00fcm\u00fcn\u00fcn Cerrahi Yakla\u015f\u0131mlar\u0131 Erken Evre Akci\u011fer Kanseri i\u00e7in Minimal \u0130nvaziv Cerrahi (VATS) Akci\u011fer kanserinin tedavisi, hastal\u0131\u011f\u0131n erken evresinde k\u00fcratif olabilir.Akci\u011fer kanseri i\u00e7in en uygun tedavi, Medikal Onkolog, Radyasyon Onkolo\u011fu, G\u00f6\u011f\u00fcs Hastal\u0131klar\u0131 Uzman\u0131, G\u00f6\u011f\u00fcs Cerrah\u0131, Radyolog, Patolog ve N\u00fckleer T\u0131p Uzman\u0131 gibi deneyimli hekimlerin yer ald\u0131\u011f\u0131 bir Kurul taraf\u0131ndan yap\u0131lan kapsaml\u0131 bir inceleme ile belirlenir. Ara\u015ft\u0131rmalar ameliyat\u0131n hastal\u0131\u011f\u0131 iyile\u015ftirece\u011fini g\u00f6sterdi\u011finde, operasyon akci\u011fer kanseri cerrahisinde deneyimli cerrahlar taraf\u0131ndan ger\u00e7ekle\u015ftirilir. Ac\u0131badem Hastaneler Grubu G\u00f6\u011f\u00fcs Cerrahisi B\u00f6l\u00fcm\u00fc\u2019nde erken evre akci\u011fer kanseri i\u00e7in minimal invaziv cerrahi \u201cVideo Yard\u0131ml\u0131 Torasik Cerrahi (VATS)\u201d uygulanmaktad\u0131r. G\u00f6\u011f\u00fcs Cerrahisinde VATS Yakla\u015f\u0131m\u0131 VATS, erken evre akci\u011fer t\u00fcm\u00f6rlerini tedavi etmek i\u00e7in mikro aletler ve her biri 2-3 cm uzunlu\u011funda \u00fc\u00e7 k\u00fc\u00e7\u00fck kesiden yararlan\u0131lan minimal invaziv bir cerrahi yakla\u015f\u0131md\u0131r. Torasik cerrah\u0131n g\u00f6\u011f\u00fcs bo\u015flu\u011funu g\u00f6rmesini sa\u011flamak i\u00e7in kesilerden birine k\u00fc\u00e7\u00fck bir video kamera yerle\u015ftirilir. Akci\u011fer nod\u00fclleri ve loblar\u0131n \u00e7\u0131kar\u0131lmas\u0131, g\u00f6\u011fs\u00fc a\u00e7madan \u00f6zel bir torba kullan\u0131larak yap\u0131l\u0131r. Bu minimal invaziv i\u015flemin avantajlar\u0131 \u015funlard\u0131r: Daha k\u0131sa hastanede kal\u0131\u015f s\u00fcresi Ameliyat sonras\u0131 daha az a\u011fr\u0131 Daha az iz kalmas\u0131 Daha h\u0131zl\u0131 iyile\u015fme s\u00fcresi<\/p>\n","protected":false},"author":4,"featured_media":0,"parent":0,"menu_order":0,"comment_status":"closed","ping_status":"closed","template":"","meta":{"_joinchat":[],"footnotes":""},"class_list":["post-2559","page","type-page","status-publish","hentry"],"acf":[],"_links":{"self":[{"href":"https:\/\/medicaltravel.net\/tr\/wp-json\/wp\/v2\/pages\/2559","targetHints":{"allow":["GET"]}}],"collection":[{"href":"https:\/\/medicaltravel.net\/tr\/wp-json\/wp\/v2\/pages"}],"about":[{"href":"https:\/\/medicaltravel.net\/tr\/wp-json\/wp\/v2\/types\/page"}],"author":[{"embeddable":true,"href":"https:\/\/medicaltravel.net\/tr\/wp-json\/wp\/v2\/users\/4"}],"replies":[{"embeddable":true,"href":"https:\/\/medicaltravel.net\/tr\/wp-json\/wp\/v2\/comments?post=2559"}],"version-history":[{"count":7,"href":"https:\/\/medicaltravel.net\/tr\/wp-json\/wp\/v2\/pages\/2559\/revisions"}],"predecessor-version":[{"id":2751,"href":"https:\/\/medicaltravel.net\/tr\/wp-json\/wp\/v2\/pages\/2559\/revisions\/2751"}],"wp:attachment":[{"href":"https:\/\/medicaltravel.net\/tr\/wp-json\/wp\/v2\/media?parent=2559"}],"curies":[{"name":"wp","href":"https:\/\/api.w.org\/{rel}","templated":true}]}}