{"id":2567,"date":"2025-10-06T18:44:56","date_gmt":"2025-10-06T17:44:56","guid":{"rendered":"https:\/\/medicaltravel.net\/estetik-cerrahiler-maliyetleri-ve-fiyatlari-turkiye\/"},"modified":"2026-01-11T15:37:48","modified_gmt":"2026-01-11T14:37:48","slug":"estetik-cerrahiler-maliyetleri-ve-fiyatlari-turkiye","status":"publish","type":"page","link":"https:\/\/medicaltravel.net\/tr\/estetik-cerrahiler-maliyetleri-ve-fiyatlari-turkiye\/","title":{"rendered":"estetik Cerrahiler Maliyetleri ve Fiyatlar\u0131 T\u00fcrkiye"},"content":{"rendered":"\t\t<div data-elementor-type=\"wp-page\" data-elementor-id=\"2567\" class=\"elementor elementor-2567 elementor-1291\" data-elementor-post-type=\"page\">\n\t\t\t\t<div class=\"elementor-element elementor-element-c0d8bbd e-flex e-con-boxed wpr-particle-no wpr-jarallax-no wpr-parallax-no wpr-sticky-section-no e-con e-parent\" data-id=\"c0d8bbd\" data-element_type=\"container\" data-e-type=\"container\">\n\t\t\t\t\t<div class=\"e-con-inner\">\n\t\t<div class=\"elementor-element elementor-element-cc278d2 e-con-full e-flex wpr-particle-no wpr-jarallax-no wpr-parallax-no wpr-sticky-section-no e-con e-child\" data-id=\"cc278d2\" data-element_type=\"container\" data-e-type=\"container\">\n\t\t\t\t<div class=\"elementor-element elementor-element-cb3ea59 elementor-widget elementor-widget-button\" data-id=\"cb3ea59\" data-element_type=\"widget\" data-e-type=\"widget\" data-widget_type=\"button.default\">\n\t\t\t\t\t\t\t\t\t\t<a class=\"elementor-button elementor-button-link elementor-size-sm\" href=\"https:\/\/medicaltravel.net\/tr\/guzellik-operasyonlari\/\">\n\t\t\t\t\t\t<span class=\"elementor-button-content-wrapper\">\n\t\t\t\t\t\t\t\t\t<span class=\"elementor-button-text\">G\u00fczellik Operasyonlar\u0131<\/span>\n\t\t\t\t\t<\/span>\n\t\t\t\t\t<\/a>\n\t\t\t\t\t\t\t\t<\/div>\n\t\t\t\t<div class=\"elementor-element elementor-element-b0b8736 elementor-widget elementor-widget-button\" data-id=\"b0b8736\" data-element_type=\"widget\" data-e-type=\"widget\" data-widget_type=\"button.default\">\n\t\t\t\t\t\t\t\t\t\t<a class=\"elementor-button elementor-button-link elementor-size-sm\" href=\"https:\/\/medicaltravel.net\/tr\/meme-ameliyatlari\/\">\n\t\t\t\t\t\t<span class=\"elementor-button-content-wrapper\">\n\t\t\t\t\t\t\t\t\t<span class=\"elementor-button-text\">Hizmet Yelpazesi<\/span>\n\t\t\t\t\t<\/span>\n\t\t\t\t\t<\/a>\n\t\t\t\t\t\t\t\t<\/div>\n\t\t\t\t<div class=\"elementor-element elementor-element-09f7a8e elementor-widget elementor-widget-button\" data-id=\"09f7a8e\" data-element_type=\"widget\" data-e-type=\"widget\" data-widget_type=\"button.default\">\n\t\t\t\t\t\t\t\t\t\t<a class=\"elementor-button elementor-button-link elementor-size-sm\" href=\"https:\/\/medicaltravel.net\/tr\/teklif\/\">\n\t\t\t\t\t\t<span class=\"elementor-button-content-wrapper\">\n\t\t\t\t\t\t\t\t\t<span class=\"elementor-button-text\">Teklif<\/span>\n\t\t\t\t\t<\/span>\n\t\t\t\t\t<\/a>\n\t\t\t\t\t\t\t\t<\/div>\n\t\t\t\t<div class=\"elementor-element elementor-element-af97222 elementor-widget elementor-widget-button\" data-id=\"af97222\" data-element_type=\"widget\" data-e-type=\"widget\" data-widget_type=\"button.default\">\n\t\t\t\t\t\t\t\t\t\t<a class=\"elementor-button elementor-button-link elementor-size-sm\" href=\"https:\/\/medicaltravel.net\/tr\/fiyatlar\/\">\n\t\t\t\t\t\t<span class=\"elementor-button-content-wrapper\">\n\t\t\t\t\t\t\t\t\t<span class=\"elementor-button-text\">Fiyatlar<\/span>\n\t\t\t\t\t<\/span>\n\t\t\t\t\t<\/a>\n\t\t\t\t\t\t\t\t<\/div>\n\t\t\t\t<\/div>\n\t\t\t\t<div class=\"elementor-element elementor-element-5d80753c elementor-widget elementor-widget-text-editor\" data-id=\"5d80753c\" data-element_type=\"widget\" data-e-type=\"widget\" data-widget_type=\"text-editor.default\">\n\t\t\t\t\t\t\t\t\t\n<h1 class=\"wp-block-heading\">F\u0130YATLAR<\/h1>\n\n<h3 class=\"wp-block-heading\">T\u00dcRK\u0130YE\u2019DE G\u00dcZELL\u0130K VE ESTET\u0130K CERRAH\u0130 AMEL\u0130YATLARI MAL\u0130YET VE F\u0130YATLARI<\/h3>\n\n<p><strong>T\u00fcrkiye\u2019de estetik cerrahiniz i\u00e7in <\/strong>sundu\u011fumuz cazip <strong>fiyatlar:<\/strong><\/p>\n\n<figure class=\"wp-block-table\">\n<table class=\"has-fixed-layout\">\n<thead>\n<tr>\n<th>Tedav<\/th><th>i<\/th>ler\nFiyatlar *\n<\/tr>\n<\/thead>\n<tbody>\n<tr>\n<td>Y\u00fcz Germe<\/td>\n<td>4270<\/td>\n<\/tr>\n<tr>\n<td><strong>Burun Esteti\u011fi<\/strong><\/td>\n<td><strong>3005<\/strong><\/td> \n<\/tr>\n<tr>\n<td>Kulak Esteti\u011fi<\/td>\n<td>1790<\/td>\n<\/tr>\n<tr>\n<td><strong>Meme B\u00fcy\u00fctme<\/strong><\/td>\n<td>42<\/td><strong>63<\/strong> \n<\/tr>\n<tr>\nMeme K\u00fc\u00e7\u00fcltme\n<td>31<\/td><td>63<\/td>\n<\/tr>\n<tr>\n<td><strong>Meme Dikle\u015ftirme<\/strong><\/td>\n<td>31<\/td>63 \n<\/tr>\n<tr>\n<td>Liposuction &#8211; Ya\u011f Ald\u0131rma<\/td>\n<td>2530\u2019dan ba\u015flayan fiyatlarla<\/td>\n<\/tr>\n<tr>\n<td><strong>Kar\u0131n Germe<\/strong><\/td>\n<td><strong>4084<\/strong><\/td> \n<\/tr>\n<tr>\n<td>G\u00f6z Kapa\u011f\u0131 Esteti\u011fi<\/td>\n<td>1581\u2019den ba\u015flayan fiyatlarla<\/td>\n<\/tr>\n<\/tbody>\n<\/table>\n<\/figure>\n\n<p>Fiyatlar Euro cinsindendir. Fiyatlar kullan\u0131lan malzeme ve y\u00f6nteme g\u00f6re de\u011fi\u015fiklik g\u00f6sterebilir. Fiyatlarda de\u011fi\u015fiklik yapma hakk\u0131 sakl\u0131d\u0131r. Meme b\u00fcy\u00fctme ameliyat\u0131nda, implantlar fiyatlara dahildir.   <\/p>\n\n<p>Havaliman\u0131-hotel-klinik aras\u0131 transferler de fiyatlara dahildir.<\/p>\n\n<p><strong>Seyahatinizi Planlama<\/strong><br>Tedavinizi planlayabilmemiz i\u00e7in l\u00fctfen bu <a href=\"https:\/\/medicaltravel.net\/tr\/iletisim\/\" data-type=\"page\" data-id=\"168\">ileti\u015fim formunu<\/a> eksiksiz doldurup bize iletin. \u0130lgili foto\u011fraflar\u0131 <a href=\"mailto:info@medicaltravel.net\">info@medicaltravel.net<\/a> e-posta adresimize veya <a href=\"https:\/\/wa.me\/41787373541\" target=\"_blank\" rel=\"noopener\">WhatsApp<\/a> \u00fczerinden g\u00f6nderebilirsiniz. <\/p>\n\n<p><strong>\u00d6deme<\/strong><br>T\u00fcm \u00f6demeleri T\u00fcrkiye\u2019de yapabilirsiniz, \u00f6n \u00f6deme yapma zorunlulu\u011fu yoktur. \u00d6demeyi T\u00fcrk Liras\u0131 \/ Euro \/ USD nakit olarak yapabilece\u011finiz gibi, kredi kart\u0131 veya havale ile de \u00f6deme yapman\u0131z m\u00fcmk\u00fcnd\u00fcr. <\/p>\n\n<p><strong>U\u00e7ak Fiyatlar\u0131<\/strong><br>U\u00e7ak fiyatlar\u0131nda b\u00fcy\u00fck farkl\u0131l\u0131klar vard\u0131r. Bu fiyatlar hem havayolu \u015firketine hem de seyahat etmek istedi\u011finiz tarihlere ba\u011fl\u0131d\u0131r. Fiyatlar 100 ile 300 Euro aras\u0131nda de\u011fi\u015fmektedir. Size uygun bir u\u00e7u\u015f bulman\u0131zda yard\u0131mc\u0131 olabiliriz.   <\/p>\n\n<p><strong>Otel Fiyatlar\u0131<\/strong><br>T\u00fcrkiye\u2019de kalmak istedi\u011finiz otele ba\u011fl\u0131 olarak gecelik yakla\u015f\u0131k 55 ile 100 Euro aras\u0131nda de\u011fi\u015fen \u00e7e\u015fitli fiyatlarda oteller bulunmaktad\u0131r.<\/p>\n\n<p>Antalya ve \u0130zmir\u2019de \u00e7e\u015fitli plaj otellerinde de konaklayabilirsiniz. Bodrum, \u0130zmir ve Antalya\u2019daki otelleri u\u00e7u\u015flar ile birle\u015ftirebilirsiniz. <\/p>\n\t\t\t\t\t\t\t\t<\/div>\n\t\t\t\t\t<\/div>\n\t\t\t\t<\/div>\n\t\t\t\t<\/div>\n\t\t","protected":false},"excerpt":{"rendered":"<p>G\u00fczellik Operasyonlar\u0131 Hizmet Yelpazesi Teklif Fiyatlar F\u0130YATLAR T\u00dcRK\u0130YE\u2019DE G\u00dcZELL\u0130K VE ESTET\u0130K CERRAH\u0130 AMEL\u0130YATLARI MAL\u0130YET VE F\u0130YATLARI T\u00fcrkiye\u2019de estetik cerrahiniz i\u00e7in sundu\u011fumuz cazip fiyatlar: Tedav i ler Fiyatlar * Y\u00fcz Germe 4270 Burun Esteti\u011fi 3005 Kulak Esteti\u011fi 1790 Meme B\u00fcy\u00fctme 42 63 Meme K\u00fc\u00e7\u00fcltme 31 63 Meme Dikle\u015ftirme 31 63 Liposuction &#8211; Ya\u011f Ald\u0131rma 2530\u2019dan ba\u015flayan fiyatlarla Kar\u0131n Germe 4084 G\u00f6z Kapa\u011f\u0131 Esteti\u011fi 1581\u2019den ba\u015flayan fiyatlarla Fiyatlar Euro cinsindendir. Fiyatlar kullan\u0131lan malzeme ve y\u00f6nteme g\u00f6re de\u011fi\u015fiklik g\u00f6sterebilir. Fiyatlarda de\u011fi\u015fiklik yapma hakk\u0131 sakl\u0131d\u0131r. Meme b\u00fcy\u00fctme ameliyat\u0131nda, implantlar fiyatlara dahildir. Havaliman\u0131-hotel-klinik aras\u0131 transferler de fiyatlara dahildir. Seyahatinizi PlanlamaTedavinizi planlayabilmemiz i\u00e7in l\u00fctfen bu ileti\u015fim formunu eksiksiz doldurup bize iletin. \u0130lgili foto\u011fraflar\u0131 info@medicaltravel.net e-posta adresimize veya WhatsApp \u00fczerinden g\u00f6nderebilirsiniz. \u00d6demeT\u00fcm \u00f6demeleri T\u00fcrkiye\u2019de yapabilirsiniz, \u00f6n \u00f6deme yapma zorunlulu\u011fu yoktur. \u00d6demeyi T\u00fcrk Liras\u0131 \/ Euro \/ USD nakit olarak yapabilece\u011finiz gibi, kredi kart\u0131 veya havale ile de \u00f6deme yapman\u0131z m\u00fcmk\u00fcnd\u00fcr. U\u00e7ak Fiyatlar\u0131U\u00e7ak fiyatlar\u0131nda b\u00fcy\u00fck farkl\u0131l\u0131klar vard\u0131r. Bu fiyatlar hem havayolu \u015firketine hem de seyahat etmek istedi\u011finiz tarihlere ba\u011fl\u0131d\u0131r. Fiyatlar 100 ile 300 Euro aras\u0131nda de\u011fi\u015fmektedir. Size uygun bir u\u00e7u\u015f bulman\u0131zda yard\u0131mc\u0131 olabiliriz. Otel Fiyatlar\u0131T\u00fcrkiye\u2019de kalmak istedi\u011finiz otele ba\u011fl\u0131 olarak gecelik yakla\u015f\u0131k 55 ile 100 Euro aras\u0131nda de\u011fi\u015fen \u00e7e\u015fitli fiyatlarda oteller bulunmaktad\u0131r. Antalya ve \u0130zmir\u2019de \u00e7e\u015fitli plaj otellerinde de konaklayabilirsiniz. Bodrum, \u0130zmir ve Antalya\u2019daki otelleri u\u00e7u\u015flar ile birle\u015ftirebilirsiniz.<\/p>\n","protected":false},"author":4,"featured_media":0,"parent":0,"menu_order":0,"comment_status":"closed","ping_status":"closed","template":"","meta":{"_joinchat":[],"footnotes":""},"class_list":["post-2567","page","type-page","status-publish","hentry"],"acf":[],"_links":{"self":[{"href":"https:\/\/medicaltravel.net\/tr\/wp-json\/wp\/v2\/pages\/2567","targetHints":{"allow":["GET"]}}],"collection":[{"href":"https:\/\/medicaltravel.net\/tr\/wp-json\/wp\/v2\/pages"}],"about":[{"href":"https:\/\/medicaltravel.net\/tr\/wp-json\/wp\/v2\/types\/page"}],"author":[{"embeddable":true,"href":"https:\/\/medicaltravel.net\/tr\/wp-json\/wp\/v2\/users\/4"}],"replies":[{"embeddable":true,"href":"https:\/\/medicaltravel.net\/tr\/wp-json\/wp\/v2\/comments?post=2567"}],"version-history":[{"count":7,"href":"https:\/\/medicaltravel.net\/tr\/wp-json\/wp\/v2\/pages\/2567\/revisions"}],"predecessor-version":[{"id":2759,"href":"https:\/\/medicaltravel.net\/tr\/wp-json\/wp\/v2\/pages\/2567\/revisions\/2759"}],"wp:attachment":[{"href":"https:\/\/medicaltravel.net\/tr\/wp-json\/wp\/v2\/media?parent=2567"}],"curies":[{"name":"wp","href":"https:\/\/api.w.org\/{rel}","templated":true}]}}