{"id":2576,"date":"2025-09-29T09:52:13","date_gmt":"2025-09-29T08:52:13","guid":{"rendered":"https:\/\/medicaltravel.net\/kulak-duzeltme\/"},"modified":"2026-01-11T15:38:41","modified_gmt":"2026-01-11T14:38:41","slug":"kulak-duzeltme","status":"publish","type":"page","link":"https:\/\/medicaltravel.net\/tr\/kulak-duzeltme\/","title":{"rendered":"Kulak D\u00fczeltme"},"content":{"rendered":"\t\t<div data-elementor-type=\"wp-page\" data-elementor-id=\"2576\" class=\"elementor elementor-2576 elementor-95\" data-elementor-post-type=\"page\">\n\t\t\t\t<div class=\"elementor-element elementor-element-61dc1ddc e-flex e-con-boxed wpr-particle-no wpr-jarallax-no wpr-parallax-no wpr-sticky-section-no e-con e-parent\" data-id=\"61dc1ddc\" data-element_type=\"container\" data-e-type=\"container\">\n\t\t\t\t\t<div class=\"e-con-inner\">\n\t\t<div class=\"elementor-element elementor-element-e05afcd e-con-full e-flex wpr-particle-no wpr-jarallax-no wpr-parallax-no wpr-sticky-section-no e-con e-child\" data-id=\"e05afcd\" data-element_type=\"container\" data-e-type=\"container\">\n\t\t\t\t<div class=\"elementor-element elementor-element-6e1f85a elementor-widget elementor-widget-button\" data-id=\"6e1f85a\" data-element_type=\"widget\" data-e-type=\"widget\" data-widget_type=\"button.default\">\n\t\t\t\t\t\t\t\t\t\t<a class=\"elementor-button elementor-button-link elementor-size-sm\" href=\"https:\/\/medicaltravel.net\/tr\/meme-ameliyatlari\/\">\n\t\t\t\t\t\t<span class=\"elementor-button-content-wrapper\">\n\t\t\t\t\t\t\t\t\t<span class=\"elementor-button-text\">Meme Ameliyatlar\u0131<\/span>\n\t\t\t\t\t<\/span>\n\t\t\t\t\t<\/a>\n\t\t\t\t\t\t\t\t<\/div>\n\t\t\t\t<div class=\"elementor-element elementor-element-9e6ef22 elementor-widget elementor-widget-button\" data-id=\"9e6ef22\" data-element_type=\"widget\" data-e-type=\"widget\" data-widget_type=\"button.default\">\n\t\t\t\t\t\t\t\t\t\t<a class=\"elementor-button elementor-button-link elementor-size-sm\" href=\"https:\/\/medicaltravel.net\/tr\/liposuction-yag-aldirma\/\">\n\t\t\t\t\t\t<span class=\"elementor-button-content-wrapper\">\n\t\t\t\t\t\t\t\t\t<span class=\"elementor-button-text\">Liposuction \u2013 Ya\u011f Ald\u0131rma<\/span>\n\t\t\t\t\t<\/span>\n\t\t\t\t\t<\/a>\n\t\t\t\t\t\t\t\t<\/div>\n\t\t\t\t<div class=\"elementor-element elementor-element-a079a8a elementor-widget elementor-widget-button\" data-id=\"a079a8a\" data-element_type=\"widget\" data-e-type=\"widget\" data-widget_type=\"button.default\">\n\t\t\t\t\t\t\t\t\t\t<a class=\"elementor-button elementor-button-link elementor-size-sm\" href=\"https:\/\/medicaltravel.net\/tummy-tuck\/\">\n\t\t\t\t\t\t<span class=\"elementor-button-content-wrapper\">\n\t\t\t\t\t\t\t\t\t<span class=\"elementor-button-text\">Kar\u0131n Germe<\/span>\n\t\t\t\t\t<\/span>\n\t\t\t\t\t<\/a>\n\t\t\t\t\t\t\t\t<\/div>\n\t\t\t\t<div class=\"elementor-element elementor-element-b585731 elementor-widget elementor-widget-button\" data-id=\"b585731\" data-element_type=\"widget\" data-e-type=\"widget\" data-widget_type=\"button.default\">\n\t\t\t\t\t\t\t\t\t\t<a class=\"elementor-button elementor-button-link elementor-size-sm\" href=\"https:\/\/medicaltravel.net\/tr\/goz-kapagi-duzeltme\/\">\n\t\t\t\t\t\t<span class=\"elementor-button-content-wrapper\">\n\t\t\t\t\t\t\t\t\t<span class=\"elementor-button-text\">G\u00f6z Kapa\u011f\u0131 D\u00fczeltme<\/span>\n\t\t\t\t\t<\/span>\n\t\t\t\t\t<\/a>\n\t\t\t\t\t\t\t\t<\/div>\n\t\t\t\t<div class=\"elementor-element elementor-element-d528378 elementor-widget elementor-widget-button\" data-id=\"d528378\" data-element_type=\"widget\" data-e-type=\"widget\" data-widget_type=\"button.default\">\n\t\t\t\t\t\t\t\t\t\t<a class=\"elementor-button elementor-button-link elementor-size-sm\" href=\"https:\/\/medicaltravel.net\/tr\/burun-estetigi\/\">\n\t\t\t\t\t\t<span class=\"elementor-button-content-wrapper\">\n\t\t\t\t\t\t\t\t\t<span class=\"elementor-button-text\">Burun D\u00fczeltme<\/span>\n\t\t\t\t\t<\/span>\n\t\t\t\t\t<\/a>\n\t\t\t\t\t\t\t\t<\/div>\n\t\t\t\t<div class=\"elementor-element elementor-element-e5165f0 elementor-widget elementor-widget-button\" data-id=\"e5165f0\" data-element_type=\"widget\" data-e-type=\"widget\" data-widget_type=\"button.default\">\n\t\t\t\t\t\t\t\t\t\t<a class=\"elementor-button elementor-button-link elementor-size-sm\" href=\"https:\/\/medicaltravel.net\/tr\/yuz-germe\/\">\n\t\t\t\t\t\t<span class=\"elementor-button-content-wrapper\">\n\t\t\t\t\t\t\t\t\t<span class=\"elementor-button-text\">Y\u00fcz Germe<\/span>\n\t\t\t\t\t<\/span>\n\t\t\t\t\t<\/a>\n\t\t\t\t\t\t\t\t<\/div>\n\t\t\t\t<div class=\"elementor-element elementor-element-8f5c1d7 elementor-widget elementor-widget-button\" data-id=\"8f5c1d7\" data-element_type=\"widget\" data-e-type=\"widget\" data-widget_type=\"button.default\">\n\t\t\t\t\t\t\t\t\t\t<a class=\"elementor-button elementor-button-link elementor-size-sm\" href=\"https:\/\/medicaltravel.net\/tr\/kulak-duzeltme\/\">\n\t\t\t\t\t\t<span class=\"elementor-button-content-wrapper\">\n\t\t\t\t\t\t\t\t\t<span class=\"elementor-button-text\">Kulak D\u00fczeltme<\/span>\n\t\t\t\t\t<\/span>\n\t\t\t\t\t<\/a>\n\t\t\t\t\t\t\t\t<\/div>\n\t\t\t\t<div class=\"elementor-element elementor-element-79f9ee2 elementor-widget elementor-widget-button\" data-id=\"79f9ee2\" data-element_type=\"widget\" data-e-type=\"widget\" data-widget_type=\"button.default\">\n\t\t\t\t\t\t\t\t\t\t<a class=\"elementor-button elementor-button-link elementor-size-sm\" href=\"https:\/\/medicaltravel.net\/tr\/vucut-germe\/\">\n\t\t\t\t\t\t<span class=\"elementor-button-content-wrapper\">\n\t\t\t\t\t\t\t\t\t<span class=\"elementor-button-text\">V\u00fccut germe<\/span>\n\t\t\t\t\t<\/span>\n\t\t\t\t\t<\/a>\n\t\t\t\t\t\t\t\t<\/div>\n\t\t\t\t<\/div>\n\t\t\t\t<div class=\"elementor-element elementor-element-4aaf704b elementor-widget elementor-widget-text-editor\" data-id=\"4aaf704b\" data-element_type=\"widget\" data-e-type=\"widget\" data-widget_type=\"text-editor.default\">\n\t\t\t\t\t\t\t\t\t\n<h1 class=\"wp-block-heading\">KULAK D\u00dcZELTME<\/h1>\n\n<h3 class=\"wp-block-heading\">\u0130STANBUL, ANTALYA, \u0130ZM\u0130R, BODRUM\u2019DA KULAK D\u00dcZELTME TEDAV\u0130LER\u0130<\/h3>\n\n<h3 class=\"wp-block-heading\">Otoplasti (kulak ameliyat\u0131) uygulamalar\u0131<\/h3>\n\n<p>Belirgin kulaklara sahip olmak bir\u00e7ok ki\u015fi i\u00e7in sorun olabilir. \u00c7ok erken ya\u015flarda bile alay konusu olabilirsiniz. Bu an\u0131lar hem gelece\u011fimizi hem de geli\u015fimimizi etkiler.  <\/p>\n\n<p>\u00c7ocuklar\u0131n art\u0131k bu k\u00f6t\u00fc an\u0131lar\u0131 ya\u015famamas\u0131n\u0131 sa\u011flamak i\u00e7in kulak d\u00fczeltme i\u015flemi art\u0131k okul \u00f6ncesi d\u00f6nemde bile uygulanabilir.<\/p>\n\n<p>Elbette, bu tedavi \u00f6m\u00fcr boyu \u015fikayetleri olan yeti\u015fkinler i\u00e7in de ba\u015far\u0131yla uygulanabilir.<\/p>\n\n<p>Do\u011fumsal kulak k\u0131k\u0131rda\u011f\u0131 deformasyonu veya ergenlikte k\u0131k\u0131rdaklar\u0131n d\u00fczensiz b\u00fcy\u00fcmesi belirgin kulaklara yol a\u00e7abilir.<\/p>\n\n<figure class=\"wp-block-image size-full\"><img fetchpriority=\"high\" decoding=\"async\" width=\"236\" height=\"233\" class=\"wp-image-259\" src=\"https:\/\/medicaltravel.net\/wp-content\/uploads\/2025\/09\/csm_Ohrenkorrektur_a0ecac63ae.jpg\" alt=\"\"><\/figure>\n\n<p id=\"caption-attachment-601\">Kulak d\u00fczeltme tedavinizi T\u00fcrkiye\u2019de sizinle birlikte dikkatle planl\u0131yoruz.<\/p>\n\n<p><em><strong>Ameliyat \u00d6ncesi D\u00f6nem<\/strong><\/em><\/p>\n\n<p>Ameliyattan en az bir hafta \u00f6nce aspirin veya uyku ilac\u0131 almamal\u0131 ve alkol t\u00fcketiminden ka\u00e7\u0131nmal\u0131s\u0131n\u0131z. Aspirin ve di\u011fer a\u011fr\u0131 kesiciler kan\u0131n p\u0131ht\u0131la\u015fma s\u00fcresini geciktirir ve bu da morluk riskini art\u0131rabilir. <\/p>\n\n<p>Sigara i\u00e7enler, iyile\u015fme s\u00fcrecini riske atmamak i\u00e7in ameliyattan 4 hafta \u00f6nce her t\u00fcrl\u00fc nikotin t\u00fcketimini durdurmal\u0131 veya en aza indirmelidir.<\/p>\n\n<p><em><strong>Ameliyat\u0131n Seyri<\/strong><\/em><\/p>\n\n<p>Kulak d\u00fczeltme ameliyatlar\u0131 genellikle lokal anestezi alt\u0131nda yap\u0131l\u0131r, ancak talep \u00fczerine genel anestezi de m\u00fcmk\u00fcnd\u00fcr. Siz veya \u00e7ocu\u011funuz ameliyattan sonra hastanede kalmadan do\u011frudan eve gidebilirsiniz. Doktorunuz gerekli g\u00f6r\u00fcrse bir gece hastanede kalabilirsiniz.  <\/p>\n\n<p>Kulaklar\u0131 ba\u015fa yakla\u015ft\u0131rmak i\u00e7in birka\u00e7 teknik vard\u0131r. Temel prensip fazla k\u0131k\u0131rda\u011f\u0131 \u00e7\u0131karmak veya uzak kenar\u0131 yeniden \u015fekillendirmektir.<br><br>\u00d6ncelikle kulak arkas\u0131ndaki deri k\u0131vr\u0131m\u0131 kesilir; b\u00f6ylece deri ve k\u0131k\u0131rdak dikkatlice ayr\u0131l\u0131r. K\u0131k\u0131rdak serbest kald\u0131\u011f\u0131nda \u00f6zel aletler ile yeniden \u015fekillendirmek m\u00fcmk\u00fcn olur.  <\/p>\n\n<p>Daha sonra k\u0131k\u0131rda\u011f\u0131n bir k\u0131sm\u0131 \u00e7\u0131kar\u0131l\u0131r, kesilir veya ablasyon uygulan\u0131r. Yeni \u015fekil diki\u015flerle g\u00fc\u00e7lendirilir ve yara kapat\u0131l\u0131r. <\/p>\n\n<p><em><strong>Ameliyat Sonras\u0131 D\u00f6nem<\/strong><\/em><\/p>\n\n<p>Ameliyat sonras\u0131 d\u00f6nemde \u00f6zel bir bandaj 2 hafta boyunca hem g\u00fcnd\u00fcz hem gece tak\u0131l\u0131r, ard\u0131ndan 1-2 hafta sadece gece tak\u0131l\u0131r. En uygun bandaj t\u00fcr\u00fc c\u0131rtl\u0131 al\u0131n bandaj\u0131d\u0131r. <\/p>\n\n<p>Diki\u015flerin al\u0131nmas\u0131na gerek yoktur, kendili\u011finden d\u00fc\u015fer. Zamanla kulak arkas\u0131ndaki diki\u015f izleri kaybolur. Nihai sonu\u00e7lar iki-\u00fc\u00e7 ay sonunda g\u00f6r\u00fcl\u00fcr.  <\/p>\n\n<p><em><strong>Avantajlar\u0131n\u0131z<\/strong><\/em><\/p>\n\n<p>Kulak d\u00fczeltme uygulamas\u0131 sayesinde \u00e7ocuklar akranlar\u0131 aras\u0131nda alay konusu olmaktan kurtulurlar.<\/p>\n\n<p>\u015eimdiye kadar belirgin kulaklar\u0131ndan dolay\u0131 ya\u015fad\u0131klar\u0131 s\u0131k\u0131nt\u0131lar\u0131n kar\u015f\u0131l\u0131\u011f\u0131nda yeti\u015fkinler \u00f6zg\u00fcvenlerini ve hayata kar\u015f\u0131 yeni bir heyecan\u0131 yeniden kazan\u0131rlar.<\/p>\n\t\t\t\t\t\t\t\t<\/div>\n\t\t\t\t\t<\/div>\n\t\t\t\t<\/div>\n\t\t\t\t<\/div>\n\t\t","protected":false},"excerpt":{"rendered":"<p>Meme Ameliyatlar\u0131 Liposuction \u2013 Ya\u011f Ald\u0131rma Kar\u0131n Germe G\u00f6z Kapa\u011f\u0131 D\u00fczeltme Burun D\u00fczeltme Y\u00fcz Germe Kulak D\u00fczeltme V\u00fccut germe KULAK D\u00dcZELTME \u0130STANBUL, ANTALYA, \u0130ZM\u0130R, BODRUM\u2019DA KULAK D\u00dcZELTME TEDAV\u0130LER\u0130 Otoplasti (kulak ameliyat\u0131) uygulamalar\u0131 Belirgin kulaklara sahip olmak bir\u00e7ok ki\u015fi i\u00e7in sorun olabilir. \u00c7ok erken ya\u015flarda bile alay konusu olabilirsiniz. Bu an\u0131lar hem gelece\u011fimizi hem de geli\u015fimimizi etkiler. \u00c7ocuklar\u0131n art\u0131k bu k\u00f6t\u00fc an\u0131lar\u0131 ya\u015famamas\u0131n\u0131 sa\u011flamak i\u00e7in kulak d\u00fczeltme i\u015flemi art\u0131k okul \u00f6ncesi d\u00f6nemde bile uygulanabilir. Elbette, bu tedavi \u00f6m\u00fcr boyu \u015fikayetleri olan yeti\u015fkinler i\u00e7in de ba\u015far\u0131yla uygulanabilir. Do\u011fumsal kulak k\u0131k\u0131rda\u011f\u0131 deformasyonu veya ergenlikte k\u0131k\u0131rdaklar\u0131n d\u00fczensiz b\u00fcy\u00fcmesi belirgin kulaklara yol a\u00e7abilir. Kulak d\u00fczeltme tedavinizi T\u00fcrkiye\u2019de sizinle birlikte dikkatle planl\u0131yoruz. Ameliyat \u00d6ncesi D\u00f6nem Ameliyattan en az bir hafta \u00f6nce aspirin veya uyku ilac\u0131 almamal\u0131 ve alkol t\u00fcketiminden ka\u00e7\u0131nmal\u0131s\u0131n\u0131z. Aspirin ve di\u011fer a\u011fr\u0131 kesiciler kan\u0131n p\u0131ht\u0131la\u015fma s\u00fcresini geciktirir ve bu da morluk riskini art\u0131rabilir. Sigara i\u00e7enler, iyile\u015fme s\u00fcrecini riske atmamak i\u00e7in ameliyattan 4 hafta \u00f6nce her t\u00fcrl\u00fc nikotin t\u00fcketimini durdurmal\u0131 veya en aza indirmelidir. Ameliyat\u0131n Seyri Kulak d\u00fczeltme ameliyatlar\u0131 genellikle lokal anestezi alt\u0131nda yap\u0131l\u0131r, ancak talep \u00fczerine genel anestezi de m\u00fcmk\u00fcnd\u00fcr. Siz veya \u00e7ocu\u011funuz ameliyattan sonra hastanede kalmadan do\u011frudan eve gidebilirsiniz. Doktorunuz gerekli g\u00f6r\u00fcrse bir gece hastanede kalabilirsiniz. Kulaklar\u0131 ba\u015fa yakla\u015ft\u0131rmak i\u00e7in birka\u00e7 teknik vard\u0131r. Temel prensip fazla k\u0131k\u0131rda\u011f\u0131 \u00e7\u0131karmak veya uzak kenar\u0131 yeniden \u015fekillendirmektir. \u00d6ncelikle kulak arkas\u0131ndaki deri k\u0131vr\u0131m\u0131 kesilir; b\u00f6ylece deri ve k\u0131k\u0131rdak dikkatlice ayr\u0131l\u0131r. K\u0131k\u0131rdak serbest kald\u0131\u011f\u0131nda \u00f6zel aletler ile yeniden \u015fekillendirmek m\u00fcmk\u00fcn olur. Daha sonra k\u0131k\u0131rda\u011f\u0131n bir k\u0131sm\u0131 \u00e7\u0131kar\u0131l\u0131r, kesilir veya ablasyon uygulan\u0131r. Yeni \u015fekil diki\u015flerle g\u00fc\u00e7lendirilir ve yara kapat\u0131l\u0131r. Ameliyat Sonras\u0131 D\u00f6nem Ameliyat sonras\u0131 d\u00f6nemde \u00f6zel bir bandaj 2 hafta boyunca hem g\u00fcnd\u00fcz hem gece tak\u0131l\u0131r, ard\u0131ndan 1-2 hafta sadece gece tak\u0131l\u0131r. En uygun bandaj t\u00fcr\u00fc c\u0131rtl\u0131 al\u0131n bandaj\u0131d\u0131r. Diki\u015flerin al\u0131nmas\u0131na gerek yoktur, kendili\u011finden d\u00fc\u015fer. Zamanla kulak arkas\u0131ndaki diki\u015f izleri kaybolur. Nihai sonu\u00e7lar iki-\u00fc\u00e7 ay sonunda g\u00f6r\u00fcl\u00fcr. Avantajlar\u0131n\u0131z Kulak d\u00fczeltme uygulamas\u0131 sayesinde \u00e7ocuklar akranlar\u0131 aras\u0131nda alay konusu olmaktan kurtulurlar. \u015eimdiye kadar belirgin kulaklar\u0131ndan dolay\u0131 ya\u015fad\u0131klar\u0131 s\u0131k\u0131nt\u0131lar\u0131n kar\u015f\u0131l\u0131\u011f\u0131nda yeti\u015fkinler \u00f6zg\u00fcvenlerini ve hayata kar\u015f\u0131 yeni bir heyecan\u0131 yeniden kazan\u0131rlar.<\/p>\n","protected":false},"author":4,"featured_media":0,"parent":0,"menu_order":0,"comment_status":"closed","ping_status":"closed","template":"","meta":{"_joinchat":[],"footnotes":""},"class_list":["post-2576","page","type-page","status-publish","hentry"],"acf":[],"_links":{"self":[{"href":"https:\/\/medicaltravel.net\/tr\/wp-json\/wp\/v2\/pages\/2576","targetHints":{"allow":["GET"]}}],"collection":[{"href":"https:\/\/medicaltravel.net\/tr\/wp-json\/wp\/v2\/pages"}],"about":[{"href":"https:\/\/medicaltravel.net\/tr\/wp-json\/wp\/v2\/types\/page"}],"author":[{"embeddable":true,"href":"https:\/\/medicaltravel.net\/tr\/wp-json\/wp\/v2\/users\/4"}],"replies":[{"embeddable":true,"href":"https:\/\/medicaltravel.net\/tr\/wp-json\/wp\/v2\/comments?post=2576"}],"version-history":[{"count":7,"href":"https:\/\/medicaltravel.net\/tr\/wp-json\/wp\/v2\/pages\/2576\/revisions"}],"predecessor-version":[{"id":2763,"href":"https:\/\/medicaltravel.net\/tr\/wp-json\/wp\/v2\/pages\/2576\/revisions\/2763"}],"wp:attachment":[{"href":"https:\/\/medicaltravel.net\/tr\/wp-json\/wp\/v2\/media?parent=2576"}],"curies":[{"name":"wp","href":"https:\/\/api.w.org\/{rel}","templated":true}]}}