{"id":2581,"date":"2025-09-29T09:49:21","date_gmt":"2025-09-29T08:49:21","guid":{"rendered":"https:\/\/medicaltravel.net\/goz-kapagi-duzeltme\/"},"modified":"2026-01-11T15:39:35","modified_gmt":"2026-01-11T14:39:35","slug":"goz-kapagi-duzeltme","status":"publish","type":"page","link":"https:\/\/medicaltravel.net\/tr\/goz-kapagi-duzeltme\/","title":{"rendered":"G\u00f6z Kapa\u011f\u0131 D\u00fczeltme"},"content":{"rendered":"\t\t<div data-elementor-type=\"wp-page\" data-elementor-id=\"2581\" class=\"elementor elementor-2581 elementor-89\" data-elementor-post-type=\"page\">\n\t\t\t\t<div class=\"elementor-element elementor-element-14206d18 e-flex e-con-boxed wpr-particle-no wpr-jarallax-no wpr-parallax-no wpr-sticky-section-no e-con e-parent\" data-id=\"14206d18\" data-element_type=\"container\" data-e-type=\"container\">\n\t\t\t\t\t<div class=\"e-con-inner\">\n\t\t<div class=\"elementor-element elementor-element-56e0685 e-con-full e-flex wpr-particle-no wpr-jarallax-no wpr-parallax-no wpr-sticky-section-no e-con e-child\" data-id=\"56e0685\" data-element_type=\"container\" data-e-type=\"container\">\n\t\t\t\t<div class=\"elementor-element elementor-element-34da10a elementor-widget elementor-widget-button\" data-id=\"34da10a\" data-element_type=\"widget\" data-e-type=\"widget\" data-widget_type=\"button.default\">\n\t\t\t\t\t\t\t\t\t\t<a class=\"elementor-button elementor-button-link elementor-size-sm\" href=\"https:\/\/medicaltravel.net\/tr\/meme-ameliyatlari\/\">\n\t\t\t\t\t\t<span class=\"elementor-button-content-wrapper\">\n\t\t\t\t\t\t\t\t\t<span class=\"elementor-button-text\">Meme Ameliyatlar\u0131<\/span>\n\t\t\t\t\t<\/span>\n\t\t\t\t\t<\/a>\n\t\t\t\t\t\t\t\t<\/div>\n\t\t\t\t<div class=\"elementor-element elementor-element-ff44a73 elementor-widget elementor-widget-button\" data-id=\"ff44a73\" data-element_type=\"widget\" data-e-type=\"widget\" data-widget_type=\"button.default\">\n\t\t\t\t\t\t\t\t\t\t<a class=\"elementor-button elementor-button-link elementor-size-sm\" href=\"https:\/\/medicaltravel.net\/tr\/liposuction-yag-aldirma\/\">\n\t\t\t\t\t\t<span class=\"elementor-button-content-wrapper\">\n\t\t\t\t\t\t\t\t\t<span class=\"elementor-button-text\">Liposuction \u2013 Ya\u011f Ald\u0131rma<\/span>\n\t\t\t\t\t<\/span>\n\t\t\t\t\t<\/a>\n\t\t\t\t\t\t\t\t<\/div>\n\t\t\t\t<div class=\"elementor-element elementor-element-c5834e1 elementor-widget elementor-widget-button\" data-id=\"c5834e1\" data-element_type=\"widget\" data-e-type=\"widget\" data-widget_type=\"button.default\">\n\t\t\t\t\t\t\t\t\t\t<a class=\"elementor-button elementor-button-link elementor-size-sm\" href=\"https:\/\/medicaltravel.net\/tummy-tuck\/\">\n\t\t\t\t\t\t<span class=\"elementor-button-content-wrapper\">\n\t\t\t\t\t\t\t\t\t<span class=\"elementor-button-text\">Kar\u0131n Germe<\/span>\n\t\t\t\t\t<\/span>\n\t\t\t\t\t<\/a>\n\t\t\t\t\t\t\t\t<\/div>\n\t\t\t\t<div class=\"elementor-element elementor-element-3dd1720 elementor-widget elementor-widget-button\" data-id=\"3dd1720\" data-element_type=\"widget\" data-e-type=\"widget\" data-widget_type=\"button.default\">\n\t\t\t\t\t\t\t\t\t\t<a class=\"elementor-button elementor-button-link elementor-size-sm\" href=\"https:\/\/medicaltravel.net\/tr\/goz-kapagi-duzeltme\/\">\n\t\t\t\t\t\t<span class=\"elementor-button-content-wrapper\">\n\t\t\t\t\t\t\t\t\t<span class=\"elementor-button-text\">G\u00f6z Kapa\u011f\u0131 D\u00fczeltme<\/span>\n\t\t\t\t\t<\/span>\n\t\t\t\t\t<\/a>\n\t\t\t\t\t\t\t\t<\/div>\n\t\t\t\t<div class=\"elementor-element elementor-element-4fd0b96 elementor-widget elementor-widget-button\" data-id=\"4fd0b96\" data-element_type=\"widget\" data-e-type=\"widget\" data-widget_type=\"button.default\">\n\t\t\t\t\t\t\t\t\t\t<a class=\"elementor-button elementor-button-link elementor-size-sm\" href=\"https:\/\/medicaltravel.net\/tr\/burun-estetigi\/\">\n\t\t\t\t\t\t<span class=\"elementor-button-content-wrapper\">\n\t\t\t\t\t\t\t\t\t<span class=\"elementor-button-text\">Burun D\u00fczeltme<\/span>\n\t\t\t\t\t<\/span>\n\t\t\t\t\t<\/a>\n\t\t\t\t\t\t\t\t<\/div>\n\t\t\t\t<div class=\"elementor-element elementor-element-09c506f elementor-widget elementor-widget-button\" data-id=\"09c506f\" data-element_type=\"widget\" data-e-type=\"widget\" data-widget_type=\"button.default\">\n\t\t\t\t\t\t\t\t\t\t<a class=\"elementor-button elementor-button-link elementor-size-sm\" href=\"https:\/\/medicaltravel.net\/tr\/yuz-germe\/\">\n\t\t\t\t\t\t<span class=\"elementor-button-content-wrapper\">\n\t\t\t\t\t\t\t\t\t<span class=\"elementor-button-text\">Y\u00fcz Germe<\/span>\n\t\t\t\t\t<\/span>\n\t\t\t\t\t<\/a>\n\t\t\t\t\t\t\t\t<\/div>\n\t\t\t\t<div class=\"elementor-element elementor-element-8863159 elementor-widget elementor-widget-button\" data-id=\"8863159\" data-element_type=\"widget\" data-e-type=\"widget\" data-widget_type=\"button.default\">\n\t\t\t\t\t\t\t\t\t\t<a class=\"elementor-button elementor-button-link elementor-size-sm\" href=\"https:\/\/medicaltravel.net\/tr\/kulak-duzeltme\/\">\n\t\t\t\t\t\t<span class=\"elementor-button-content-wrapper\">\n\t\t\t\t\t\t\t\t\t<span class=\"elementor-button-text\">Kulak D\u00fczeltme<\/span>\n\t\t\t\t\t<\/span>\n\t\t\t\t\t<\/a>\n\t\t\t\t\t\t\t\t<\/div>\n\t\t\t\t<div class=\"elementor-element elementor-element-9b452a3 elementor-widget elementor-widget-button\" data-id=\"9b452a3\" data-element_type=\"widget\" data-e-type=\"widget\" data-widget_type=\"button.default\">\n\t\t\t\t\t\t\t\t\t\t<a class=\"elementor-button elementor-button-link elementor-size-sm\" href=\"https:\/\/medicaltravel.net\/tr\/vucut-germe\/\">\n\t\t\t\t\t\t<span class=\"elementor-button-content-wrapper\">\n\t\t\t\t\t\t\t\t\t<span class=\"elementor-button-text\">V\u00fccut germe<\/span>\n\t\t\t\t\t<\/span>\n\t\t\t\t\t<\/a>\n\t\t\t\t\t\t\t\t<\/div>\n\t\t\t\t<\/div>\n\t\t\t\t<div class=\"elementor-element elementor-element-3cb88ac2 elementor-widget elementor-widget-text-editor\" data-id=\"3cb88ac2\" data-element_type=\"widget\" data-e-type=\"widget\" data-widget_type=\"text-editor.default\">\n\t\t\t\t\t\t\t\t\t\n<h3 class=\"wp-block-heading\">G\u00d6Z KAPA\u011eI D\u00dcZELTME<\/h3>\n\n<h3 class=\"wp-block-heading\">G\u00d6Z KAPA\u011eI D\u00dcZELTME &#8211; SARKMI\u015e G\u00d6Z KAPA\u011eI D\u0130KLE\u015eT\u0130RME<\/h3>\n\n<h3 class=\"wp-block-heading\">Blefaroplasti<\/h3>\n\n<p>Blefaroplasti olarak adland\u0131r\u0131lan g\u00f6z kapa\u011f\u0131 dikle\u015ftirme ameliyat\u0131, g\u00f6z kapa\u011f\u0131 d\u00fczeltme i\u015flemi, \u00e7ok yayg\u0131n bir estetik cerrahidir.<\/p>\n\n<p>G\u00f6zler, bir ki\u015finin ruh halinin, duygular\u0131n\u0131n ve mutlulu\u011funun aynas\u0131d\u0131r.<\/p>\n\n<p>Sarkm\u0131\u015f g\u00f6z kapaklar\u0131, d\u00fc\u015fm\u00fc\u015f g\u00f6z kapaklar\u0131, kaz ayaklar\u0131 veya g\u00f6z alt\u0131 torbalar\u0131, ki\u015fi asl\u0131nda kendini iyi hissetse bile yorgun, hasta veya \u00fczg\u00fcn g\u00f6r\u00fcnmesine neden olur. Bu durum hayata ba\u011fl\u0131l\u0131k \u00fczerinde ciddi bir etkiye sahiptir. <\/p>\n\n<p><em><strong>Ameliyat \u00d6ncesi D\u00f6nem<\/strong><\/em><\/p>\n\n<p>Ameliyattan en az 4 g\u00fcn \u00f6nce aspirin veya uyku ilac\u0131 almamal\u0131 ve alkol t\u00fcketiminden ka\u00e7\u0131nmal\u0131s\u0131n\u0131z. Aspirin ve di\u011fer a\u011fr\u0131 kesiciler kan\u0131n p\u0131ht\u0131la\u015fma s\u00fcresini geciktirir. <\/p>\n\n<p><em><strong>Ameliyat S\u00fcreci<\/strong><\/em><\/p>\n\n<p>G\u00f6z kapa\u011f\u0131 d\u00fczeltme genellikle hastanede yat\u0131\u015f gerektirmeyen ayakta tedavi \u015feklinde uygulan\u0131r. Ameliyattan sonra do\u011frudan eve gitmek m\u00fcmk\u00fcnd\u00fcr. Doktorunuz gerekli g\u00f6r\u00fcrse bir gece hastanede kalabilirsiniz.  <\/p>\n\n<p>Genellikle ameliyat i\u00e7in lokal anestezi y\u00f6ntemi tercih edilir; ancak talep \u00fczerine genel anestezi de m\u00fcmk\u00fcnd\u00fcr.<\/p>\n\n<figure class=\"wp-block-image size-full\"><img fetchpriority=\"high\" decoding=\"async\" width=\"350\" height=\"333\" class=\"wp-image-250\" src=\"https:\/\/medicaltravel.net\/wp-content\/uploads\/2025\/09\/csm_augenlidkorrektur_ef4d99386d.jpg\" alt=\"\" srcset=\"https:\/\/medicaltravel.net\/wp-content\/uploads\/2025\/09\/csm_augenlidkorrektur_ef4d99386d.jpg 350w, https:\/\/medicaltravel.net\/wp-content\/uploads\/2025\/09\/csm_augenlidkorrektur_ef4d99386d-300x285.jpg 300w\" sizes=\"(max-width: 350px) 100vw, 350px\" \/><\/figure>\n\n<p id=\"caption-attachment-563\">G\u00f6z kapa\u011f\u0131 d\u00fczeltme i\u015flemi T\u00fcrkiye\u2019de sizin i\u00e7in \u00f6zel olarak yap\u0131lacakt\u0131r.<\/p>\n\n<p><em><strong>Simetrik bir sonu\u00e7 elde etmek i\u00e7in g\u00f6z kapaklar\u0131 tamamen \u00f6l\u00e7\u00fcl\u00fcr.<\/strong><\/em><\/p>\n\n<p>D\u00fc\u015f\u00fck g\u00f6z kapaklar\u0131n\u0131 d\u00fczeltmek i\u00e7in hilal \u015feklinde deri al\u0131n\u0131r ve fazla ya\u011f dokusu \u00e7\u0131kar\u0131l\u0131r. Daha sonra yara, g\u00f6z kapa\u011f\u0131 hatt\u0131na diki\u015f at\u0131larak kapat\u0131l\u0131r ve b\u00f6ylece g\u00f6r\u00fcnmez hale gelir. <\/p>\n\n<p>Alt g\u00f6z kapaklar\u0131n\u0131 d\u00fczeltmek i\u00e7in kesik kirpik hatt\u0131n\u0131n yakla\u015f\u0131k iki milimetre alt\u0131ndan yap\u0131l\u0131r. Daha sonra fazla ya\u011f ve g\u00f6z alt\u0131 torbalar\u0131na neden olan ya\u011f \u00e7\u0131kar\u0131l\u0131r. <\/p>\n\n<p><em><strong>Ameliyat Sonras\u0131 D\u00f6nem<\/strong><\/em><\/p>\n\n<p>Bu cerrahi i\u015flemden sonra g\u00f6zleriniz biraz \u015fi\u015febilir ve morluklar olu\u015fabilir. Yakla\u015f\u0131k bir hafta sonra morluklar\u0131n veya diki\u015flerin izi kalmaz. <\/p>\n\n<p>\u015ei\u015fli\u011fi azaltmak i\u00e7in ilk g\u00fcnlerde nemli kompres veya so\u011fuk buz torbalar\u0131 uygulayabilirsiniz. Diki\u015fler ameliyattan 5-6 g\u00fcn sonra al\u0131n\u0131r. <\/p>\n\n<p><em><strong>Avantajlar<\/strong><\/em><\/p>\n\n<p>G\u00f6zleriniz taze, gen\u00e7 ve canl\u0131 bir g\u00f6r\u00fcn\u00fcm kazand\u0131\u011f\u0131nda hayata kar\u015f\u0131 parlak ve yeni bir heyecan elde edersiniz. Genel olarak, g\u00f6z kapa\u011f\u0131 d\u00fczeltme sonu\u00e7lar\u0131 kal\u0131c\u0131d\u0131r. <\/p>\n\t\t\t\t\t\t\t\t<\/div>\n\t\t\t\t\t<\/div>\n\t\t\t\t<\/div>\n\t\t\t\t<\/div>\n\t\t","protected":false},"excerpt":{"rendered":"<p>Meme Ameliyatlar\u0131 Liposuction \u2013 Ya\u011f Ald\u0131rma Kar\u0131n Germe G\u00f6z Kapa\u011f\u0131 D\u00fczeltme Burun D\u00fczeltme Y\u00fcz Germe Kulak D\u00fczeltme V\u00fccut germe G\u00d6Z KAPA\u011eI D\u00dcZELTME G\u00d6Z KAPA\u011eI D\u00dcZELTME &#8211; SARKMI\u015e G\u00d6Z KAPA\u011eI D\u0130KLE\u015eT\u0130RME Blefaroplasti Blefaroplasti olarak adland\u0131r\u0131lan g\u00f6z kapa\u011f\u0131 dikle\u015ftirme ameliyat\u0131, g\u00f6z kapa\u011f\u0131 d\u00fczeltme i\u015flemi, \u00e7ok yayg\u0131n bir estetik cerrahidir. G\u00f6zler, bir ki\u015finin ruh halinin, duygular\u0131n\u0131n ve mutlulu\u011funun aynas\u0131d\u0131r. Sarkm\u0131\u015f g\u00f6z kapaklar\u0131, d\u00fc\u015fm\u00fc\u015f g\u00f6z kapaklar\u0131, kaz ayaklar\u0131 veya g\u00f6z alt\u0131 torbalar\u0131, ki\u015fi asl\u0131nda kendini iyi hissetse bile yorgun, hasta veya \u00fczg\u00fcn g\u00f6r\u00fcnmesine neden olur. Bu durum hayata ba\u011fl\u0131l\u0131k \u00fczerinde ciddi bir etkiye sahiptir. Ameliyat \u00d6ncesi D\u00f6nem Ameliyattan en az 4 g\u00fcn \u00f6nce aspirin veya uyku ilac\u0131 almamal\u0131 ve alkol t\u00fcketiminden ka\u00e7\u0131nmal\u0131s\u0131n\u0131z. Aspirin ve di\u011fer a\u011fr\u0131 kesiciler kan\u0131n p\u0131ht\u0131la\u015fma s\u00fcresini geciktirir. Ameliyat S\u00fcreci G\u00f6z kapa\u011f\u0131 d\u00fczeltme genellikle hastanede yat\u0131\u015f gerektirmeyen ayakta tedavi \u015feklinde uygulan\u0131r. Ameliyattan sonra do\u011frudan eve gitmek m\u00fcmk\u00fcnd\u00fcr. Doktorunuz gerekli g\u00f6r\u00fcrse bir gece hastanede kalabilirsiniz. Genellikle ameliyat i\u00e7in lokal anestezi y\u00f6ntemi tercih edilir; ancak talep \u00fczerine genel anestezi de m\u00fcmk\u00fcnd\u00fcr. G\u00f6z kapa\u011f\u0131 d\u00fczeltme i\u015flemi T\u00fcrkiye\u2019de sizin i\u00e7in \u00f6zel olarak yap\u0131lacakt\u0131r. Simetrik bir sonu\u00e7 elde etmek i\u00e7in g\u00f6z kapaklar\u0131 tamamen \u00f6l\u00e7\u00fcl\u00fcr. D\u00fc\u015f\u00fck g\u00f6z kapaklar\u0131n\u0131 d\u00fczeltmek i\u00e7in hilal \u015feklinde deri al\u0131n\u0131r ve fazla ya\u011f dokusu \u00e7\u0131kar\u0131l\u0131r. Daha sonra yara, g\u00f6z kapa\u011f\u0131 hatt\u0131na diki\u015f at\u0131larak kapat\u0131l\u0131r ve b\u00f6ylece g\u00f6r\u00fcnmez hale gelir. Alt g\u00f6z kapaklar\u0131n\u0131 d\u00fczeltmek i\u00e7in kesik kirpik hatt\u0131n\u0131n yakla\u015f\u0131k iki milimetre alt\u0131ndan yap\u0131l\u0131r. Daha sonra fazla ya\u011f ve g\u00f6z alt\u0131 torbalar\u0131na neden olan ya\u011f \u00e7\u0131kar\u0131l\u0131r. Ameliyat Sonras\u0131 D\u00f6nem Bu cerrahi i\u015flemden sonra g\u00f6zleriniz biraz \u015fi\u015febilir ve morluklar olu\u015fabilir. Yakla\u015f\u0131k bir hafta sonra morluklar\u0131n veya diki\u015flerin izi kalmaz. \u015ei\u015fli\u011fi azaltmak i\u00e7in ilk g\u00fcnlerde nemli kompres veya so\u011fuk buz torbalar\u0131 uygulayabilirsiniz. Diki\u015fler ameliyattan 5-6 g\u00fcn sonra al\u0131n\u0131r. Avantajlar G\u00f6zleriniz taze, gen\u00e7 ve canl\u0131 bir g\u00f6r\u00fcn\u00fcm kazand\u0131\u011f\u0131nda hayata kar\u015f\u0131 parlak ve yeni bir heyecan elde edersiniz. Genel olarak, g\u00f6z kapa\u011f\u0131 d\u00fczeltme sonu\u00e7lar\u0131 kal\u0131c\u0131d\u0131r.<\/p>\n","protected":false},"author":4,"featured_media":0,"parent":0,"menu_order":0,"comment_status":"closed","ping_status":"closed","template":"","meta":{"_joinchat":[],"footnotes":""},"class_list":["post-2581","page","type-page","status-publish","hentry"],"acf":[],"_links":{"self":[{"href":"https:\/\/medicaltravel.net\/tr\/wp-json\/wp\/v2\/pages\/2581","targetHints":{"allow":["GET"]}}],"collection":[{"href":"https:\/\/medicaltravel.net\/tr\/wp-json\/wp\/v2\/pages"}],"about":[{"href":"https:\/\/medicaltravel.net\/tr\/wp-json\/wp\/v2\/types\/page"}],"author":[{"embeddable":true,"href":"https:\/\/medicaltravel.net\/tr\/wp-json\/wp\/v2\/users\/4"}],"replies":[{"embeddable":true,"href":"https:\/\/medicaltravel.net\/tr\/wp-json\/wp\/v2\/comments?post=2581"}],"version-history":[{"count":7,"href":"https:\/\/medicaltravel.net\/tr\/wp-json\/wp\/v2\/pages\/2581\/revisions"}],"predecessor-version":[{"id":2767,"href":"https:\/\/medicaltravel.net\/tr\/wp-json\/wp\/v2\/pages\/2581\/revisions\/2767"}],"wp:attachment":[{"href":"https:\/\/medicaltravel.net\/tr\/wp-json\/wp\/v2\/media?parent=2581"}],"curies":[{"name":"wp","href":"https:\/\/api.w.org\/{rel}","templated":true}]}}