{"id":2590,"date":"2025-11-12T08:38:21","date_gmt":"2025-11-12T07:38:21","guid":{"rendered":"https:\/\/medicaltravel.net\/genel-kosullar\/"},"modified":"2026-01-11T02:07:08","modified_gmt":"2026-01-11T01:07:08","slug":"genel-kosullar","status":"publish","type":"page","link":"https:\/\/medicaltravel.net\/tr\/genel-kosullar\/","title":{"rendered":"GENEL KO\u015eULLAR"},"content":{"rendered":"\n<p><strong>MedicalTravel GmbH\u2019nin genel ticari \u015fartlar\u0131 ve ko\u015fullar\u0131<\/strong><br\/>Hizmetlerimiz yaln\u0131zca u\u00e7ak rezervasyonlar\u0131, otel rezervasyonlar\u0131, hastane ve g\u00f6z doktorlar\u0131yla randevu ayarlama ile ula\u015f\u0131m ve organizasyon hizmetlerini kapsamaktad\u0131r. Planlanan seyahatlerin ger\u00e7ekle\u015ftirilip ger\u00e7ekle\u015ftirilmedi\u011finden emin olmak bizim sorumlulu\u011fumuz de\u011fildir. Biz bir arac\u0131l\u0131k seyahat organizat\u00f6r\u00fc de\u011filiz. Rezervasyonu yap\u0131lan hizmetler sonucunda, seyahat acenteleri, havayolu acenteleri, oteller, hastaneler ve transfer \u015firketleri ile s\u00f6zle\u015fmeler imzalan\u0131r. Sadece arac\u0131l\u0131k yapt\u0131\u011f\u0131m\u0131z hizmetlerin ger\u00e7ekle\u015ftirilip ger\u00e7ekle\u015ftirilmedi\u011fi, s\u00f6zle\u015fmeye dayal\u0131 y\u00fck\u00fcml\u00fcl\u00fcklerimizin bir unsuru de\u011fildir.    <\/p>\n\n<p>Arac\u0131l\u0131k yapt\u0131\u011f\u0131m\u0131z hizmet sa\u011flay\u0131c\u0131 ile ilgili bilgi ve fiyatlar tamamen ilgili hizmet sa\u011flay\u0131c\u0131n\u0131n bize verdi\u011fi bilgilere ba\u011fl\u0131d\u0131r. Arac\u0131l\u0131k etti\u011fimiz hizmetlerin d\u00fczg\u00fcn bir \u015fekilde yerine getirilmesinden sorumlu de\u011filiz. <\/p>\n\n<p>\u00d6zellikle t\u0131bbi kurumlar\u0131n tedavi gerekliliklerini yerine getirmemesi konusunda herhangi bir sorumluluk kabul etmiyoruz. Tedavi t\u00fcr\u00fcne karar veren yaln\u0131zca hastad\u0131r. \u00d6zellikle tedavi hatalar\u0131ndan dolay\u0131 herhangi bir sorumluluk kabul etmiyoruz. Ameliyat, ameliyata ili\u015fkin \u00f6n muayeneler ve t\u0131bbi kontroller, her t\u00fcrl\u00fc t\u0131bbi hizmet, ek ve benzeri hizmetler arac\u0131l\u0131k etti\u011fimiz ikinci el hizmetlerdir. M\u00fc\u015fteri, seyahatin bu k\u0131sm\u0131 ile ilgili olarak hastane ile bir s\u00f6zle\u015fme imzalar.    <\/p>\n","protected":false},"excerpt":{"rendered":"<p>MedicalTravel GmbH\u2019nin genel ticari \u015fartlar\u0131 ve ko\u015fullar\u0131Hizmetlerimiz yaln\u0131zca u\u00e7ak rezervasyonlar\u0131, otel rezervasyonlar\u0131, hastane ve g\u00f6z doktorlar\u0131yla randevu ayarlama ile ula\u015f\u0131m ve organizasyon hizmetlerini kapsamaktad\u0131r. Planlanan seyahatlerin ger\u00e7ekle\u015ftirilip ger\u00e7ekle\u015ftirilmedi\u011finden emin olmak bizim sorumlulu\u011fumuz de\u011fildir. Biz bir arac\u0131l\u0131k seyahat organizat\u00f6r\u00fc de\u011filiz. Rezervasyonu yap\u0131lan hizmetler sonucunda, seyahat acenteleri, havayolu acenteleri, oteller, hastaneler ve transfer \u015firketleri ile s\u00f6zle\u015fmeler imzalan\u0131r. Sadece arac\u0131l\u0131k yapt\u0131\u011f\u0131m\u0131z hizmetlerin ger\u00e7ekle\u015ftirilip ger\u00e7ekle\u015ftirilmedi\u011fi, s\u00f6zle\u015fmeye dayal\u0131 y\u00fck\u00fcml\u00fcl\u00fcklerimizin bir unsuru de\u011fildir. Arac\u0131l\u0131k yapt\u0131\u011f\u0131m\u0131z hizmet sa\u011flay\u0131c\u0131 ile ilgili bilgi ve fiyatlar tamamen ilgili hizmet sa\u011flay\u0131c\u0131n\u0131n bize verdi\u011fi bilgilere ba\u011fl\u0131d\u0131r. Arac\u0131l\u0131k etti\u011fimiz hizmetlerin d\u00fczg\u00fcn bir \u015fekilde yerine getirilmesinden sorumlu de\u011filiz. \u00d6zellikle t\u0131bbi kurumlar\u0131n tedavi gerekliliklerini yerine getirmemesi konusunda herhangi bir sorumluluk kabul etmiyoruz. Tedavi t\u00fcr\u00fcne karar veren yaln\u0131zca hastad\u0131r. \u00d6zellikle tedavi hatalar\u0131ndan dolay\u0131 herhangi bir sorumluluk kabul etmiyoruz. Ameliyat, ameliyata ili\u015fkin \u00f6n muayeneler ve t\u0131bbi kontroller, her t\u00fcrl\u00fc t\u0131bbi hizmet, ek ve benzeri hizmetler arac\u0131l\u0131k etti\u011fimiz ikinci el hizmetlerdir. M\u00fc\u015fteri, seyahatin bu k\u0131sm\u0131 ile ilgili olarak hastane ile bir s\u00f6zle\u015fme imzalar.<\/p>\n","protected":false},"author":4,"featured_media":0,"parent":0,"menu_order":0,"comment_status":"closed","ping_status":"closed","template":"","meta":{"_joinchat":[],"footnotes":""},"class_list":["post-2590","page","type-page","status-publish","hentry"],"acf":[],"_links":{"self":[{"href":"https:\/\/medicaltravel.net\/tr\/wp-json\/wp\/v2\/pages\/2590","targetHints":{"allow":["GET"]}}],"collection":[{"href":"https:\/\/medicaltravel.net\/tr\/wp-json\/wp\/v2\/pages"}],"about":[{"href":"https:\/\/medicaltravel.net\/tr\/wp-json\/wp\/v2\/types\/page"}],"author":[{"embeddable":true,"href":"https:\/\/medicaltravel.net\/tr\/wp-json\/wp\/v2\/users\/4"}],"replies":[{"embeddable":true,"href":"https:\/\/medicaltravel.net\/tr\/wp-json\/wp\/v2\/comments?post=2590"}],"version-history":[{"count":1,"href":"https:\/\/medicaltravel.net\/tr\/wp-json\/wp\/v2\/pages\/2590\/revisions"}],"predecessor-version":[{"id":2591,"href":"https:\/\/medicaltravel.net\/tr\/wp-json\/wp\/v2\/pages\/2590\/revisions\/2591"}],"wp:attachment":[{"href":"https:\/\/medicaltravel.net\/tr\/wp-json\/wp\/v2\/media?parent=2590"}],"curies":[{"name":"wp","href":"https:\/\/api.w.org\/{rel}","templated":true}]}}