{"id":2593,"date":"2025-09-29T11:37:56","date_gmt":"2025-09-29T10:37:56","guid":{"rendered":"https:\/\/medicaltravel.net\/genel-cerrahi\/"},"modified":"2026-01-11T15:41:44","modified_gmt":"2026-01-11T14:41:44","slug":"genel-cerrahi","status":"publish","type":"page","link":"https:\/\/medicaltravel.net\/tr\/genel-cerrahi\/","title":{"rendered":"Genel Cerrahi"},"content":{"rendered":"\t\t<div data-elementor-type=\"wp-page\" data-elementor-id=\"2593\" class=\"elementor elementor-2593 elementor-225\" data-elementor-post-type=\"page\">\n\t\t\t\t<div class=\"elementor-element elementor-element-e348eab e-flex e-con-boxed wpr-particle-no wpr-jarallax-no wpr-parallax-no wpr-sticky-section-no e-con e-parent\" data-id=\"e348eab\" data-element_type=\"container\" data-e-type=\"container\">\n\t\t\t\t\t<div class=\"e-con-inner\">\n\t\t\t\t<div class=\"elementor-element elementor-element-1f7911c6 elementor-widget elementor-widget-text-editor\" data-id=\"1f7911c6\" data-element_type=\"widget\" data-e-type=\"widget\" data-widget_type=\"text-editor.default\">\n\t\t\t\t\t\t\t\t\t\n<h3 class=\"wp-block-heading\">YURT DI\u015eINDA UYGUN F\u0130YATLARLA GENEL CERRAH\u0130<\/h3>\n\n<p>Genel Cerrahi Klini\u011fimiz, deneyimli hekimler taraf\u0131ndan kurulmu\u015f olup, alt uzmanl\u0131k alanlar\u0131na b\u00fcy\u00fck \u00f6nem vermektedir. Toplumda en s\u0131k kar\u015f\u0131la\u015f\u0131lan cerrahi hastal\u0131klar\u0131 temsil eden b\u00f6l\u00fcmlerin dahil edilmesine \u00f6zen g\u00f6sterilmi\u015ftir. <\/p>\n\n<h3 class=\"wp-block-heading\">Gastrointestinal Cerrahi<\/h3>\n\n<p>Mide ve ba\u011f\u0131rsaklar\u0131n cerrahi hastal\u0131klar\u0131n\u0131n tedavisi, endoskopik ve laparoskopik cerrahi tekniklerdeki geli\u015fmelerle b\u00fcy\u00fck ilerleme kaydetmi\u015ftir. Genel Cerrahi Klini\u011fimiz \u00f6zellikle kolon hastal\u0131klar\u0131n\u0131n erken tan\u0131s\u0131 ve endoskopik ile laparoskopik cerrahi tedavisinde deneyimlidir. <\/p>\n\n<h3 class=\"wp-block-heading\">Karaci\u011fer, Pankreas, Safra Yolu Cerrahisi<\/h3>\n\n<p>Onkolojik tedavilerdeki son geli\u015fmeler, bize karaci\u011fer ve pankreas t\u00fcm\u00f6rlerinin tedavisinde yeni f\u0131rsatlar sunmaktad\u0131r. Bu prosed\u00fcrlerde deneyimli cerrahlar\u0131n yan\u0131 s\u0131ra, giri\u015fimsel radyoloji, endoskopi ve onkoloji uzmanlar\u0131yla kurulan multidisipliner merkez, t\u00fcm \u00fclkeye karaci\u011fer ve pankreas hastal\u0131klar\u0131n\u0131n tedavisinde yeni bir f\u0131rsat sunmaktad\u0131r. <\/p>\n\n<h3 class=\"wp-block-heading\">Meme Klini\u011fi<\/h3>\n\n<p>Meme Klini\u011fi, poliklinik odalar\u0131, k\u00fc\u00e7\u00fck giri\u015fim ve iyile\u015fme odalar\u0131, mamografi ve ultrasonografi odalar\u0131 ile tek bir yap\u0131 i\u00e7inde hastalara hizmet verecektir. Sa\u011fl\u0131k hizmetleri, genel cerrahi, radyoloji, patoloji, medikal ve radyasyon onkolojisi alan\u0131nda uzmanlardan olu\u015fan t\u00fcm\u00f6r komitesinin rehberli\u011finde sunulmaktad\u0131r. Fiziksel b\u00fct\u00fcnl\u00fck ve hekim i\u015f birli\u011fi sayesinde, hastalar yer de\u011fi\u015ftirmek zorunda kalmadan tan\u0131 ve tedavi olana\u011f\u0131 bulmaktad\u0131r.  <\/p>\n\n<h3 class=\"wp-block-heading\">Tiroid Klini\u011fi<\/h3>\n\n<p>Tiroid hastalar\u0131n\u0131n tedavisinde cerrahinin yan\u0131 s\u0131ra endokrinoloji ve n\u00fckleer t\u0131p alanlar\u0131ndaki uzmanlar\u0131n kat\u0131l\u0131m\u0131 gerekmektedir. Hastanemizin Tiroid Klini\u011fi\u2019ndeki hastalar, bu \u00fc\u00e7 alanda deneyimli uzmanlar taraf\u0131ndan haz\u0131rlanan protokollere uygun olarak tedavi almaktad\u0131r. <\/p>\n\n<p>Ac\u0131badem Sa\u011fl\u0131k Grubu Genel Cerrahi B\u00f6l\u00fcm\u00fc, mevcut hastanelerde, t\u0131p merkezlerinde ve ayakta tedavi merkezlerinde hastalar\u0131n muayene ve tedavisini sa\u011flamak amac\u0131yla organize edilmi\u015ftir. Yatarak, ayakta ve acil servis hizmetleri 7\/24 sunulmaktad\u0131r. <\/p>\n\n<p>B\u00f6l\u00fcm\u00fcn misyonu, hasta odakl\u0131, dostane, nitelikli, g\u00fcvenilir ve t\u0131bbi hatalardan ar\u0131nm\u0131\u015f bir hizmet sunmakt\u0131r. Ba\u015fta minimal invaziv (Laparoskopik \u2013 kanamas\u0131z cerrahi) ve acil cerrahi olmak \u00fczere t\u00fcm klinik cerrahi uygulamalar\u0131nda \u0130stanbul\u2019da bir \u00e7ekim merkezi olmay\u0131 b\u00f6l\u00fcm\u00fcn vizyonu olarak benimsemi\u015ftir. <\/p>\n\n<p>Her hafta d\u00fczenli olarak yap\u0131lan e\u011fitim toplant\u0131lar\u0131nda, ger\u00e7ekle\u015ftirilen veya ger\u00e7ekle\u015ftirilecek operasyonlar de\u011ferlendirilir. Bu toplant\u0131larda, klinik uygulamalarda fikir birli\u011fi sa\u011flamak amac\u0131yla ilgili birimlerle i\u015f birli\u011fi i\u00e7inde k\u0131lavuzlar da olu\u015fturulur. Grup i\u00e7i ve davetli konu\u015fmac\u0131lar\u0131n kat\u0131ld\u0131\u011f\u0131 konferanslar ve paneller d\u00fczenlenir ve sonu\u00e7 olarak farkl\u0131 gruplardan meslekta\u015flar aras\u0131nda bilgi al\u0131\u015fveri\u015fi ger\u00e7ekle\u015fir. Periyodik olarak, sekt\u00f6rdeki sanayi \u015firketleri ile yeni \u00fcr\u00fcnleri tan\u0131tmak i\u00e7in toplant\u0131lar yap\u0131l\u0131r ve g\u00fcncel konular\u0131n tart\u0131\u015f\u0131ld\u0131\u011f\u0131 platformlar olu\u015fturulur.   <\/p>\n\n<p>Farkl\u0131 ilgi alanlar\u0131ndaki uzmanl\u0131k derinli\u011fi sayesinde, \u00f6zellikle minimal invaziv cerrahi, acil cerrahi ve endokrin (meme, tiroid bezi ve b\u00f6brek \u00fcst\u00fc bezi) cerrahisi ile gastrointestinal sistem (sindirim sistemi) cerrahisi ve hepatopankreatikobilyer (karaci\u011fer, pankreas ve safra yolu) cerrahisinde \u00f6nc\u00fc uygulamalar yap\u0131lmaktad\u0131r. Merkez, f\u0131t\u0131k cerrahisinde referans merkezi olma yolundad\u0131r ve son y\u0131llarda \u00e7ok say\u0131da laparoskopik f\u0131t\u0131k ameliyat\u0131 (kanamas\u0131z cerrahi) ger\u00e7ekle\u015ftirmi\u015ftir. <\/p>\n\n<p>Kolon ve rektum (kal\u0131n ba\u011f\u0131rsak) hastal\u0131klar\u0131ndaki t\u00fcm giri\u015fimler, en son teknoloji kullan\u0131larak ger\u00e7ekle\u015ftirilmektedir. \u00d6zellikle hemoroid, fist\u00fcl ve fiss\u00fcr gibi anal b\u00f6lge hastal\u0131klar\u0131nda halk\u0131m\u0131za geni\u015f bir tedavi yelpazesi sunulmaktad\u0131r. <\/p>\n\n<p>Ac\u0131badem Sa\u011fl\u0131k Grubu\u2019nda, hasta bak\u0131m\u0131 ve tedavisinin planlanmas\u0131 i\u00e7in veri elde etmek amac\u0131yla, ilgili uzmanlarla koordineli olarak radyolojik incelemeler (r\u00f6ntgen, ultrasonografi, bilgisayarl\u0131 tomografi, manyetik rezonans, anjiyografi, kolanjiyografi), endoskopi ve perk\u00fctan biyopsi y\u00f6ntemleri kullan\u0131lmaktad\u0131r.<\/p>\n\n<h3 class=\"wp-block-heading\">A\u015fa\u011f\u0131da, Genel Cerrahi B\u00f6l\u00fcm\u00fc taraf\u0131ndan incelenen, tan\u0131s\u0131 konulan ve tedavi edilen hastal\u0131k gruplar\u0131 yer almaktad\u0131r:<\/h3>\n\n<p>Tiroid bezi hastal\u0131klar\u0131 (guatr, hipertiroidi)<\/p>\n\n<p>Meme kanseri ve memenin iyi huylu hastal\u0131klar\u0131<\/p>\n\n<p>Yemek borusu kanseri ve iyi huylu hastal\u0131klar<\/p>\n\n<p>Mide kanseri<\/p>\n\n<p>\u0130nce ba\u011f\u0131rsak cerrahi hastal\u0131klar\u0131, ba\u011f\u0131rsak t\u0131kan\u0131kl\u0131klar\u0131<\/p>\n\n<p>Kolon \u2013 rektum t\u00fcm\u00f6rleri, inflamatuvar hastal\u0131klar<\/p>\n\n<p>Anorektal anomaliler: T\u00fcm\u00f6rler, hemoroid, anal fiss\u00fcr, fist\u00fcl<\/p>\n\n<p>Karaci\u011ferin k\u00f6t\u00fc ve iyi huylu t\u00fcm\u00f6rleri, kistleri<\/p>\n\n<p>Obstr\u00fcktif sar\u0131l\u0131k<\/p>\n\n<p>Safra kesesi ve safra yolu ta\u015flar\u0131 ve t\u00fcm\u00f6rleri<\/p>\n\n<p>Pankreas kistleri ve t\u00fcm\u00f6rleri<\/p>\n\n<p>Akut ve kronik pankreatit<\/p>\n\n<p>Dalak cerrahi hastal\u0131klar\u0131<\/p>\n\n<p>Kar\u0131n duvar\u0131 ve kas\u0131k f\u0131t\u0131klar\u0131, ameliyat sonras\u0131 f\u0131t\u0131klar<\/p>\n\n<p>\u00c7e\u015fitli yumu\u015fak doku enfeksiyonlar\u0131<\/p>\n\n<p>Travmalar ve acil cerrahi<\/p>\n\n<figure class=\"wp-block-image size-full\"><img fetchpriority=\"high\" decoding=\"async\" width=\"560\" height=\"280\" class=\"wp-image-227\" src=\"https:\/\/medicaltravel.net\/wp-content\/uploads\/2025\/09\/general-surgery-1.jpg\" alt=\"\" srcset=\"https:\/\/medicaltravel.net\/wp-content\/uploads\/2025\/09\/general-surgery-1.jpg 560w, https:\/\/medicaltravel.net\/wp-content\/uploads\/2025\/09\/general-surgery-1-300x150.jpg 300w\" sizes=\"(max-width: 560px) 100vw, 560px\" \/><\/figure>\n\n<p>Di\u011fer birimlerle uyumlu \u00e7al\u0131\u015fma ve modern teknoloji ile donat\u0131lm\u0131\u015f ameliyathane altyap\u0131s\u0131, beklenen klinik sonu\u00e7lar\u0131n elde edilmesinde de rol oynamaktad\u0131r. Zorlu hastalar\u0131n izlendi\u011fi Cerrahi Yo\u011fun Bak\u0131m \u00dcnitesi bu s\u00fcrece \u00f6nemli katk\u0131 sa\u011flamaktad\u0131r. Kronik hastalar\u0131n bak\u0131m\u0131ndan multidisipliner bir diyet ekibi sorumludur.  <\/p>\n\n<p> <\/p>\n\t\t\t\t\t\t\t\t<\/div>\n\t\t\t\t\t<\/div>\n\t\t\t\t<\/div>\n\t\t\t\t<\/div>\n\t\t","protected":false},"excerpt":{"rendered":"<p>YURT DI\u015eINDA UYGUN F\u0130YATLARLA GENEL CERRAH\u0130 Genel Cerrahi Klini\u011fimiz, deneyimli hekimler taraf\u0131ndan kurulmu\u015f olup, alt uzmanl\u0131k alanlar\u0131na b\u00fcy\u00fck \u00f6nem vermektedir. Toplumda en s\u0131k kar\u015f\u0131la\u015f\u0131lan cerrahi hastal\u0131klar\u0131 temsil eden b\u00f6l\u00fcmlerin dahil edilmesine \u00f6zen g\u00f6sterilmi\u015ftir. Gastrointestinal Cerrahi Mide ve ba\u011f\u0131rsaklar\u0131n cerrahi hastal\u0131klar\u0131n\u0131n tedavisi, endoskopik ve laparoskopik cerrahi tekniklerdeki geli\u015fmelerle b\u00fcy\u00fck ilerleme kaydetmi\u015ftir. Genel Cerrahi Klini\u011fimiz \u00f6zellikle kolon hastal\u0131klar\u0131n\u0131n erken tan\u0131s\u0131 ve endoskopik ile laparoskopik cerrahi tedavisinde deneyimlidir. Karaci\u011fer, Pankreas, Safra Yolu Cerrahisi Onkolojik tedavilerdeki son geli\u015fmeler, bize karaci\u011fer ve pankreas t\u00fcm\u00f6rlerinin tedavisinde yeni f\u0131rsatlar sunmaktad\u0131r. Bu prosed\u00fcrlerde deneyimli cerrahlar\u0131n yan\u0131 s\u0131ra, giri\u015fimsel radyoloji, endoskopi ve onkoloji uzmanlar\u0131yla kurulan multidisipliner merkez, t\u00fcm \u00fclkeye karaci\u011fer ve pankreas hastal\u0131klar\u0131n\u0131n tedavisinde yeni bir f\u0131rsat sunmaktad\u0131r. Meme Klini\u011fi Meme Klini\u011fi, poliklinik odalar\u0131, k\u00fc\u00e7\u00fck giri\u015fim ve iyile\u015fme odalar\u0131, mamografi ve ultrasonografi odalar\u0131 ile tek bir yap\u0131 i\u00e7inde hastalara hizmet verecektir. Sa\u011fl\u0131k hizmetleri, genel cerrahi, radyoloji, patoloji, medikal ve radyasyon onkolojisi alan\u0131nda uzmanlardan olu\u015fan t\u00fcm\u00f6r komitesinin rehberli\u011finde sunulmaktad\u0131r. Fiziksel b\u00fct\u00fcnl\u00fck ve hekim i\u015f birli\u011fi sayesinde, hastalar yer de\u011fi\u015ftirmek zorunda kalmadan tan\u0131 ve tedavi olana\u011f\u0131 bulmaktad\u0131r. Tiroid Klini\u011fi Tiroid hastalar\u0131n\u0131n tedavisinde cerrahinin yan\u0131 s\u0131ra endokrinoloji ve n\u00fckleer t\u0131p alanlar\u0131ndaki uzmanlar\u0131n kat\u0131l\u0131m\u0131 gerekmektedir. Hastanemizin Tiroid Klini\u011fi\u2019ndeki hastalar, bu \u00fc\u00e7 alanda deneyimli uzmanlar taraf\u0131ndan haz\u0131rlanan protokollere uygun olarak tedavi almaktad\u0131r. Ac\u0131badem Sa\u011fl\u0131k Grubu Genel Cerrahi B\u00f6l\u00fcm\u00fc, mevcut hastanelerde, t\u0131p merkezlerinde ve ayakta tedavi merkezlerinde hastalar\u0131n muayene ve tedavisini sa\u011flamak amac\u0131yla organize edilmi\u015ftir. Yatarak, ayakta ve acil servis hizmetleri 7\/24 sunulmaktad\u0131r. B\u00f6l\u00fcm\u00fcn misyonu, hasta odakl\u0131, dostane, nitelikli, g\u00fcvenilir ve t\u0131bbi hatalardan ar\u0131nm\u0131\u015f bir hizmet sunmakt\u0131r. Ba\u015fta minimal invaziv (Laparoskopik \u2013 kanamas\u0131z cerrahi) ve acil cerrahi olmak \u00fczere t\u00fcm klinik cerrahi uygulamalar\u0131nda \u0130stanbul\u2019da bir \u00e7ekim merkezi olmay\u0131 b\u00f6l\u00fcm\u00fcn vizyonu olarak benimsemi\u015ftir. Her hafta d\u00fczenli olarak yap\u0131lan e\u011fitim toplant\u0131lar\u0131nda, ger\u00e7ekle\u015ftirilen veya ger\u00e7ekle\u015ftirilecek operasyonlar de\u011ferlendirilir. Bu toplant\u0131larda, klinik uygulamalarda fikir birli\u011fi sa\u011flamak amac\u0131yla ilgili birimlerle i\u015f birli\u011fi i\u00e7inde k\u0131lavuzlar da olu\u015fturulur. Grup i\u00e7i ve davetli konu\u015fmac\u0131lar\u0131n kat\u0131ld\u0131\u011f\u0131 konferanslar ve paneller d\u00fczenlenir ve sonu\u00e7 olarak farkl\u0131 gruplardan meslekta\u015flar aras\u0131nda bilgi al\u0131\u015fveri\u015fi ger\u00e7ekle\u015fir. Periyodik olarak, sekt\u00f6rdeki sanayi \u015firketleri ile yeni \u00fcr\u00fcnleri tan\u0131tmak i\u00e7in toplant\u0131lar yap\u0131l\u0131r ve g\u00fcncel konular\u0131n tart\u0131\u015f\u0131ld\u0131\u011f\u0131 platformlar olu\u015fturulur. Farkl\u0131 ilgi alanlar\u0131ndaki uzmanl\u0131k derinli\u011fi sayesinde, \u00f6zellikle minimal invaziv cerrahi, acil cerrahi ve endokrin (meme, tiroid bezi ve b\u00f6brek \u00fcst\u00fc bezi) cerrahisi ile gastrointestinal sistem (sindirim sistemi) cerrahisi ve hepatopankreatikobilyer (karaci\u011fer, pankreas ve safra yolu) cerrahisinde \u00f6nc\u00fc uygulamalar yap\u0131lmaktad\u0131r. Merkez, f\u0131t\u0131k cerrahisinde referans merkezi olma yolundad\u0131r ve son y\u0131llarda \u00e7ok say\u0131da laparoskopik f\u0131t\u0131k ameliyat\u0131 (kanamas\u0131z cerrahi) ger\u00e7ekle\u015ftirmi\u015ftir. Kolon ve rektum (kal\u0131n ba\u011f\u0131rsak) hastal\u0131klar\u0131ndaki t\u00fcm giri\u015fimler, en son teknoloji kullan\u0131larak ger\u00e7ekle\u015ftirilmektedir. \u00d6zellikle hemoroid, fist\u00fcl ve fiss\u00fcr gibi anal b\u00f6lge hastal\u0131klar\u0131nda halk\u0131m\u0131za geni\u015f bir tedavi yelpazesi sunulmaktad\u0131r. Ac\u0131badem Sa\u011fl\u0131k Grubu\u2019nda, hasta bak\u0131m\u0131 ve tedavisinin planlanmas\u0131 i\u00e7in veri elde etmek amac\u0131yla, ilgili uzmanlarla koordineli olarak radyolojik incelemeler (r\u00f6ntgen, ultrasonografi, bilgisayarl\u0131 tomografi, manyetik rezonans, anjiyografi, kolanjiyografi), endoskopi ve perk\u00fctan biyopsi y\u00f6ntemleri kullan\u0131lmaktad\u0131r. A\u015fa\u011f\u0131da, Genel Cerrahi B\u00f6l\u00fcm\u00fc taraf\u0131ndan incelenen, tan\u0131s\u0131 konulan ve tedavi edilen hastal\u0131k gruplar\u0131 yer almaktad\u0131r: Tiroid bezi hastal\u0131klar\u0131 (guatr, hipertiroidi) Meme kanseri ve memenin iyi huylu hastal\u0131klar\u0131 Yemek borusu kanseri ve iyi huylu hastal\u0131klar Mide kanseri \u0130nce ba\u011f\u0131rsak cerrahi hastal\u0131klar\u0131, ba\u011f\u0131rsak t\u0131kan\u0131kl\u0131klar\u0131 Kolon \u2013 rektum t\u00fcm\u00f6rleri, inflamatuvar hastal\u0131klar Anorektal anomaliler: T\u00fcm\u00f6rler, hemoroid, anal fiss\u00fcr, fist\u00fcl Karaci\u011ferin k\u00f6t\u00fc ve iyi huylu t\u00fcm\u00f6rleri, kistleri Obstr\u00fcktif sar\u0131l\u0131k Safra kesesi ve safra yolu ta\u015flar\u0131 ve t\u00fcm\u00f6rleri Pankreas kistleri ve t\u00fcm\u00f6rleri Akut ve kronik pankreatit Dalak cerrahi hastal\u0131klar\u0131 Kar\u0131n duvar\u0131 ve kas\u0131k f\u0131t\u0131klar\u0131, ameliyat sonras\u0131 f\u0131t\u0131klar \u00c7e\u015fitli yumu\u015fak doku enfeksiyonlar\u0131 Travmalar ve acil cerrahi Di\u011fer birimlerle uyumlu \u00e7al\u0131\u015fma ve modern teknoloji ile donat\u0131lm\u0131\u015f ameliyathane altyap\u0131s\u0131, beklenen klinik sonu\u00e7lar\u0131n elde edilmesinde de rol oynamaktad\u0131r. Zorlu hastalar\u0131n izlendi\u011fi Cerrahi Yo\u011fun Bak\u0131m \u00dcnitesi bu s\u00fcrece \u00f6nemli katk\u0131 sa\u011flamaktad\u0131r. Kronik hastalar\u0131n bak\u0131m\u0131ndan multidisipliner bir diyet ekibi sorumludur.<\/p>\n","protected":false},"author":4,"featured_media":0,"parent":0,"menu_order":0,"comment_status":"closed","ping_status":"closed","template":"","meta":{"_joinchat":[],"footnotes":""},"class_list":["post-2593","page","type-page","status-publish","hentry"],"acf":[],"_links":{"self":[{"href":"https:\/\/medicaltravel.net\/tr\/wp-json\/wp\/v2\/pages\/2593","targetHints":{"allow":["GET"]}}],"collection":[{"href":"https:\/\/medicaltravel.net\/tr\/wp-json\/wp\/v2\/pages"}],"about":[{"href":"https:\/\/medicaltravel.net\/tr\/wp-json\/wp\/v2\/types\/page"}],"author":[{"embeddable":true,"href":"https:\/\/medicaltravel.net\/tr\/wp-json\/wp\/v2\/users\/4"}],"replies":[{"embeddable":true,"href":"https:\/\/medicaltravel.net\/tr\/wp-json\/wp\/v2\/comments?post=2593"}],"version-history":[{"count":7,"href":"https:\/\/medicaltravel.net\/tr\/wp-json\/wp\/v2\/pages\/2593\/revisions"}],"predecessor-version":[{"id":2771,"href":"https:\/\/medicaltravel.net\/tr\/wp-json\/wp\/v2\/pages\/2593\/revisions\/2771"}],"wp:attachment":[{"href":"https:\/\/medicaltravel.net\/tr\/wp-json\/wp\/v2\/media?parent=2593"}],"curies":[{"name":"wp","href":"https:\/\/api.w.org\/{rel}","templated":true}]}}