{"id":2610,"date":"2025-09-29T09:58:03","date_gmt":"2025-09-29T08:58:03","guid":{"rendered":"https:\/\/medicaltravel.net\/bodrumda-hastane\/"},"modified":"2026-01-11T15:47:16","modified_gmt":"2026-01-11T14:47:16","slug":"bodrumda-hastane","status":"publish","type":"page","link":"https:\/\/medicaltravel.net\/tr\/bodrumda-hastane\/","title":{"rendered":"Bodrum\u2019da Hastane"},"content":{"rendered":"\t\t<div data-elementor-type=\"wp-page\" data-elementor-id=\"2610\" class=\"elementor elementor-2610 elementor-111\" data-elementor-post-type=\"page\">\n\t\t\t\t<div class=\"elementor-element elementor-element-17fff462 e-flex e-con-boxed wpr-particle-no wpr-jarallax-no wpr-parallax-no wpr-sticky-section-no e-con e-parent\" data-id=\"17fff462\" data-element_type=\"container\" data-e-type=\"container\">\n\t\t\t\t\t<div class=\"e-con-inner\">\n\t\t<div class=\"elementor-element elementor-element-4ba74f3 e-con-full e-flex wpr-particle-no wpr-jarallax-no wpr-parallax-no wpr-sticky-section-no e-con e-child\" data-id=\"4ba74f3\" data-element_type=\"container\" data-e-type=\"container\">\n\t\t\t\t<div class=\"elementor-element elementor-element-99cc19f elementor-widget elementor-widget-button\" data-id=\"99cc19f\" data-element_type=\"widget\" data-e-type=\"widget\" data-widget_type=\"button.default\">\n\t\t\t\t\t\t\t\t\t\t<a class=\"elementor-button elementor-button-link elementor-size-sm\" href=\"https:\/\/medicaltravel.net\/tr\/acibadem-hastanesi-istanbul\/\">\n\t\t\t\t\t\t<span class=\"elementor-button-content-wrapper\">\n\t\t\t\t\t\t\t\t\t<span class=\"elementor-button-text\">Ac\u0131badem<\/span>\n\t\t\t\t\t<\/span>\n\t\t\t\t\t<\/a>\n\t\t\t\t\t\t\t\t<\/div>\n\t\t\t\t<div class=\"elementor-element elementor-element-190f319 elementor-widget elementor-widget-button\" data-id=\"190f319\" data-element_type=\"widget\" data-e-type=\"widget\" data-widget_type=\"button.default\">\n\t\t\t\t\t\t\t\t\t\t<a class=\"elementor-button elementor-button-link elementor-size-sm\" href=\"https:\/\/medicaltravel.net\/tr\/liv-hospital\/\">\n\t\t\t\t\t\t<span class=\"elementor-button-content-wrapper\">\n\t\t\t\t\t\t\t\t\t<span class=\"elementor-button-text\">Liv<\/span>\n\t\t\t\t\t<\/span>\n\t\t\t\t\t<\/a>\n\t\t\t\t\t\t\t\t<\/div>\n\t\t\t\t<div class=\"elementor-element elementor-element-226b0f4 elementor-widget elementor-widget-button\" data-id=\"226b0f4\" data-element_type=\"widget\" data-e-type=\"widget\" data-widget_type=\"button.default\">\n\t\t\t\t\t\t\t\t\t\t<a class=\"elementor-button elementor-button-link elementor-size-sm\" href=\"https:\/\/medicaltravel.net\/tr\/antalyadaki-hastaneler\/\">\n\t\t\t\t\t\t<span class=\"elementor-button-content-wrapper\">\n\t\t\t\t\t\t\t\t\t<span class=\"elementor-button-text\">Antalya<\/span>\n\t\t\t\t\t<\/span>\n\t\t\t\t\t<\/a>\n\t\t\t\t\t\t\t\t<\/div>\n\t\t\t\t<div class=\"elementor-element elementor-element-d9ddb1c elementor-widget elementor-widget-button\" data-id=\"d9ddb1c\" data-element_type=\"widget\" data-e-type=\"widget\" data-widget_type=\"button.default\">\n\t\t\t\t\t\t\t\t\t\t<a class=\"elementor-button elementor-button-link elementor-size-sm\" href=\"https:\/\/medicaltravel.net\/tr\/izmirde-hastane\/\">\n\t\t\t\t\t\t<span class=\"elementor-button-content-wrapper\">\n\t\t\t\t\t\t\t\t\t<span class=\"elementor-button-text\"> \u0130zmir<\/span>\n\t\t\t\t\t<\/span>\n\t\t\t\t\t<\/a>\n\t\t\t\t\t\t\t\t<\/div>\n\t\t\t\t<div class=\"elementor-element elementor-element-02829bf elementor-widget elementor-widget-button\" data-id=\"02829bf\" data-element_type=\"widget\" data-e-type=\"widget\" data-widget_type=\"button.default\">\n\t\t\t\t\t\t\t\t\t\t<a class=\"elementor-button elementor-button-link elementor-size-sm\" href=\"https:\/\/medicaltravel.net\/tr\/bodrumda-hastane\/\">\n\t\t\t\t\t\t<span class=\"elementor-button-content-wrapper\">\n\t\t\t\t\t\t\t\t\t<span class=\"elementor-button-text\">Bodrum<\/span>\n\t\t\t\t\t<\/span>\n\t\t\t\t\t<\/a>\n\t\t\t\t\t\t\t\t<\/div>\n\t\t\t\t<div class=\"elementor-element elementor-element-b2f4f8d elementor-widget elementor-widget-button\" data-id=\"b2f4f8d\" data-element_type=\"widget\" data-e-type=\"widget\" data-widget_type=\"button.default\">\n\t\t\t\t\t\t\t\t\t\t<a class=\"elementor-button elementor-button-link elementor-size-sm\" href=\"https:\/\/medicaltravel.net\/tr\/rommer-ortopedik-ve-norolojik-rehabilitasyon-merkezi-klinik-bursa-turkiye\/\">\n\t\t\t\t\t\t<span class=\"elementor-button-content-wrapper\">\n\t\t\t\t\t\t\t\t\t<span class=\"elementor-button-text\">Rommer Bursa<\/span>\n\t\t\t\t\t<\/span>\n\t\t\t\t\t<\/a>\n\t\t\t\t\t\t\t\t<\/div>\n\t\t\t\t<\/div>\n\t\t\t\t<div class=\"elementor-element elementor-element-71dde06 elementor-widget elementor-widget-text-editor\" data-id=\"71dde06\" data-element_type=\"widget\" data-e-type=\"widget\" data-widget_type=\"text-editor.default\">\n\t\t\t\t\t\t\t\t\t\n<h3 class=\"wp-block-heading\">Bodrum\u2019daki Ac\u0131badem Hastanesi<\/h3>\n\n<h3 class=\"wp-block-heading\">Bodrum\u2019daki g\u00fczellik klini\u011finiz<\/h3>\n\n<p>22.000 metrekare kapal\u0131 alana in\u015fa edilen hastane Ortakent\u2019te yer almakta olup, havaalan\u0131, limanlar ve marinalar dahil Bodrum yar\u0131madas\u0131n\u0131n her yerinden kolayca ula\u015f\u0131labilir. Hastanenin i\u00e7 mekanlar\u0131 Bodrum\u2019un huzurunu ve g\u00fczelli\u011fini yans\u0131t\u0131r: y\u00fcksek tavanlar, bol pencere kullan\u0131m\u0131, Ege k\u0131y\u0131s\u0131n\u0131n manzaras\u0131na sahip hasta odalar\u0131, i\u00e7 bah\u00e7eler, sakin renk ve malzeme se\u00e7imleri ile zengin peyzaj d\u00fczenlemeleri hastalara iyile\u015fmeyi en \u00e7ok destekleyen bir ortam sunar. <\/p>\n\n<figure class=\"wp-block-image size-full\"><img decoding=\"async\" width=\"200\" height=\"133\" class=\"wp-image-285\" src=\"https:\/\/medicaltravel.net\/wp-content\/uploads\/2025\/09\/csm_bodrum_01_e89cf6a2d1.jpg\" alt=\"\"><\/figure>\n\n<p id=\"caption-attachment-512\">Bodrum Hastanesi d\u0131\u015far\u0131dan<\/p>\n\n<figure class=\"wp-block-image size-full\"><img decoding=\"async\" width=\"169\" height=\"133\" class=\"wp-image-287\" src=\"https:\/\/medicaltravel.net\/wp-content\/uploads\/2025\/09\/csm_acibadem-tanitim-3_01_afd089eb4d.jpg\" alt=\"\"><\/figure>\n\n<p id=\"caption-attachment-514\">Bodrum Hastanesi i\u00e7eriden<\/p>\n\n<p><strong>Ac\u0131badem Bodrum Hastanesi ile b\u00f6lgeye bir\u00e7ok ilkler kazand\u0131r\u0131lm\u0131\u015ft\u0131r:<\/strong><br>Radyoloji B\u00f6l\u00fcm\u00fc 1,5 Tesla MR, 256 kesitli bilgisayarl\u0131 tomografi ile 6 saniyeden k\u0131sa s\u00fcrede kalp damarlar\u0131n\u0131 do\u011fru \u015fekilde g\u00f6r\u00fcnt\u00fcleyebilme, dijital mamografi, dijital r\u00f6ntgen, panoramik r\u00f6ntgen, renkli Doppler ultrason ve Ac\u0131badem Bodrum Hastanesi\u2019ni di\u011fer Ac\u0131badem kurumlar\u0131yla tamamen entegre eden dijital g\u00f6r\u00fcnt\u00fc ar\u015fivleme ve transfer sistemi (PACS) ile donat\u0131lm\u0131\u015ft\u0131r. N\u00fckleer T\u0131p altyap\u0131s\u0131, kalp, kemik ve t\u00fcm v\u00fccut sintigrafileri ile kemik yo\u011funlu\u011fu \u00f6l\u00e7\u00fcm\u00fc i\u00e7in gama kamera ve tamamland\u0131\u011f\u0131nda b\u00f6lgeye bir ilk olacak PET-CT yat\u0131r\u0131m\u0131n\u0131 i\u00e7ermektedir. <\/p>\n\n<p><strong>Kaliteye olan ba\u011fl\u0131l\u0131\u011f\u0131m\u0131z g\u00fcnl\u00fck operasyonlar\u0131m\u0131za ve uygulamalar\u0131m\u0131za i\u015flemi\u015ftir: <\/strong><br>Ko\u015fulsuz liderlik deste\u011fi ve gerekli kaynaklar\u0131n sa\u011flanmas\u0131 ile Ac\u0131badem\u2019in 20 y\u0131ll\u0131k sa\u011fl\u0131k hizmetleri deneyimi, JCI standartlar\u0131na eksiksiz uyum, elektronik ve entegre t\u0131bbi kay\u0131tlar, klinik yollar ve rehberlerin yayg\u0131n kullan\u0131m\u0131yla kan\u0131ta dayal\u0131 t\u0131p, klinik g\u00f6stergelerin periyodik izlenmesi ve s\u00fcrekli personel e\u011fitimi ve geli\u015ftirmeyi i\u00e7eren sa\u011flam bir kalite sisteminin olu\u015fmas\u0131n\u0131 sa\u011flam\u0131\u015ft\u0131r.<\/p>\n\n<figure class=\"wp-block-image size-full\"><img decoding=\"async\" width=\"170\" height=\"133\" class=\"wp-image-288\" src=\"https:\/\/medicaltravel.net\/wp-content\/uploads\/2025\/09\/csm_acibadem-tanitim-1_1__01_167622d624.jpg\" alt=\"\"><\/figure>\n\n<p id=\"caption-attachment-516\">G\u00fczellik ameliyatlar\u0131n\u0131z i\u00e7in ameliyathane<\/p>\n\n<p><strong>Hasta odakl\u0131 yakla\u015f\u0131m mimari ve tasar\u0131m\u0131n her y\u00f6n\u00fcne yans\u0131m\u0131\u015ft\u0131r:<\/strong><br>Ac\u0131badem Bodrum Hastanesi\u2019nin ak\u0131ll\u0131 binas\u0131nda hastalar\u0131n konforu ve g\u00fcvenli\u011fi en y\u00fcksek \u00f6nceliktir; bina, t\u00fcm sistemleri ve alanlar\u0131 7\/24 elektronik olarak izlemekle kalmaz, ayn\u0131 zamanda hastalar\u0131n hastane i\u00e7inde hareketini en aza indiren bir d\u00fczenlemeye sahiptir ve kritik vakalar\u0131n transferi i\u00e7in bir helikopter pisti bulunur.<\/p>\n\n<p>Sa\u011fl\u0131\u011f\u0131n\u0131z ve g\u00fczelli\u011finiz s\u00f6z konusu oldu\u011funda her \u015feyin do\u011fru olmas\u0131 gerekir. \u0130yi organize edilmi\u015f cerrahi operasyonlar, iyi ve kal\u0131c\u0131 sonu\u00e7lar i\u00e7in \u00f6nemlidir. Estetik ameliyatlar yaln\u0131zca Avrupa Rekonstr\u00fcktif ve Estetik Cerrahi Kurulu\u2019ndan mesleki yeterlilik sertifikas\u0131na sahip deneyimli estetik cerrahlar taraf\u0131ndan yap\u0131l\u0131r.  <\/p>\n\n<h3 class=\"wp-block-heading\"><a href=\"http:\/\/www.acibadem.com.tr\/SanalTur\/bodrum\/en.html\" target=\"_blank\" rel=\"noreferrer noopener\">Here you can have a virtual tour at the hospital. Are you ready? See it with you own eyes and be fascinated!  <\/a><\/h3>\n\t\t\t\t\t\t\t\t<\/div>\n\t\t\t\t\t<\/div>\n\t\t\t\t<\/div>\n\t\t\t\t<\/div>\n\t\t","protected":false},"excerpt":{"rendered":"<p>Ac\u0131badem Liv Antalya \u0130zmir Bodrum Rommer Bursa Bodrum\u2019daki Ac\u0131badem Hastanesi Bodrum\u2019daki g\u00fczellik klini\u011finiz 22.000 metrekare kapal\u0131 alana in\u015fa edilen hastane Ortakent\u2019te yer almakta olup, havaalan\u0131, limanlar ve marinalar dahil Bodrum yar\u0131madas\u0131n\u0131n her yerinden kolayca ula\u015f\u0131labilir. Hastanenin i\u00e7 mekanlar\u0131 Bodrum\u2019un huzurunu ve g\u00fczelli\u011fini yans\u0131t\u0131r: y\u00fcksek tavanlar, bol pencere kullan\u0131m\u0131, Ege k\u0131y\u0131s\u0131n\u0131n manzaras\u0131na sahip hasta odalar\u0131, i\u00e7 bah\u00e7eler, sakin renk ve malzeme se\u00e7imleri ile zengin peyzaj d\u00fczenlemeleri hastalara iyile\u015fmeyi en \u00e7ok destekleyen bir ortam sunar. Bodrum Hastanesi d\u0131\u015far\u0131dan Bodrum Hastanesi i\u00e7eriden Ac\u0131badem Bodrum Hastanesi ile b\u00f6lgeye bir\u00e7ok ilkler kazand\u0131r\u0131lm\u0131\u015ft\u0131r:Radyoloji B\u00f6l\u00fcm\u00fc 1,5 Tesla MR, 256 kesitli bilgisayarl\u0131 tomografi ile 6 saniyeden k\u0131sa s\u00fcrede kalp damarlar\u0131n\u0131 do\u011fru \u015fekilde g\u00f6r\u00fcnt\u00fcleyebilme, dijital mamografi, dijital r\u00f6ntgen, panoramik r\u00f6ntgen, renkli Doppler ultrason ve Ac\u0131badem Bodrum Hastanesi\u2019ni di\u011fer Ac\u0131badem kurumlar\u0131yla tamamen entegre eden dijital g\u00f6r\u00fcnt\u00fc ar\u015fivleme ve transfer sistemi (PACS) ile donat\u0131lm\u0131\u015ft\u0131r. N\u00fckleer T\u0131p altyap\u0131s\u0131, kalp, kemik ve t\u00fcm v\u00fccut sintigrafileri ile kemik yo\u011funlu\u011fu \u00f6l\u00e7\u00fcm\u00fc i\u00e7in gama kamera ve tamamland\u0131\u011f\u0131nda b\u00f6lgeye bir ilk olacak PET-CT yat\u0131r\u0131m\u0131n\u0131 i\u00e7ermektedir. Kaliteye olan ba\u011fl\u0131l\u0131\u011f\u0131m\u0131z g\u00fcnl\u00fck operasyonlar\u0131m\u0131za ve uygulamalar\u0131m\u0131za i\u015flemi\u015ftir: Ko\u015fulsuz liderlik deste\u011fi ve gerekli kaynaklar\u0131n sa\u011flanmas\u0131 ile Ac\u0131badem\u2019in 20 y\u0131ll\u0131k sa\u011fl\u0131k hizmetleri deneyimi, JCI standartlar\u0131na eksiksiz uyum, elektronik ve entegre t\u0131bbi kay\u0131tlar, klinik yollar ve rehberlerin yayg\u0131n kullan\u0131m\u0131yla kan\u0131ta dayal\u0131 t\u0131p, klinik g\u00f6stergelerin periyodik izlenmesi ve s\u00fcrekli personel e\u011fitimi ve geli\u015ftirmeyi i\u00e7eren sa\u011flam bir kalite sisteminin olu\u015fmas\u0131n\u0131 sa\u011flam\u0131\u015ft\u0131r. G\u00fczellik ameliyatlar\u0131n\u0131z i\u00e7in ameliyathane Hasta odakl\u0131 yakla\u015f\u0131m mimari ve tasar\u0131m\u0131n her y\u00f6n\u00fcne yans\u0131m\u0131\u015ft\u0131r:Ac\u0131badem Bodrum Hastanesi\u2019nin ak\u0131ll\u0131 binas\u0131nda hastalar\u0131n konforu ve g\u00fcvenli\u011fi en y\u00fcksek \u00f6nceliktir; bina, t\u00fcm sistemleri ve alanlar\u0131 7\/24 elektronik olarak izlemekle kalmaz, ayn\u0131 zamanda hastalar\u0131n hastane i\u00e7inde hareketini en aza indiren bir d\u00fczenlemeye sahiptir ve kritik vakalar\u0131n transferi i\u00e7in bir helikopter pisti bulunur. Sa\u011fl\u0131\u011f\u0131n\u0131z ve g\u00fczelli\u011finiz s\u00f6z konusu oldu\u011funda her \u015feyin do\u011fru olmas\u0131 gerekir. \u0130yi organize edilmi\u015f cerrahi operasyonlar, iyi ve kal\u0131c\u0131 sonu\u00e7lar i\u00e7in \u00f6nemlidir. Estetik ameliyatlar yaln\u0131zca Avrupa Rekonstr\u00fcktif ve Estetik Cerrahi Kurulu\u2019ndan mesleki yeterlilik sertifikas\u0131na sahip deneyimli estetik cerrahlar taraf\u0131ndan yap\u0131l\u0131r. Here you can have a virtual tour at the hospital. Are you ready? See it with you own eyes and be fascinated!<\/p>\n","protected":false},"author":4,"featured_media":0,"parent":0,"menu_order":0,"comment_status":"closed","ping_status":"closed","template":"","meta":{"_joinchat":[],"footnotes":""},"class_list":["post-2610","page","type-page","status-publish","hentry"],"acf":[],"_links":{"self":[{"href":"https:\/\/medicaltravel.net\/tr\/wp-json\/wp\/v2\/pages\/2610","targetHints":{"allow":["GET"]}}],"collection":[{"href":"https:\/\/medicaltravel.net\/tr\/wp-json\/wp\/v2\/pages"}],"about":[{"href":"https:\/\/medicaltravel.net\/tr\/wp-json\/wp\/v2\/types\/page"}],"author":[{"embeddable":true,"href":"https:\/\/medicaltravel.net\/tr\/wp-json\/wp\/v2\/users\/4"}],"replies":[{"embeddable":true,"href":"https:\/\/medicaltravel.net\/tr\/wp-json\/wp\/v2\/comments?post=2610"}],"version-history":[{"count":7,"href":"https:\/\/medicaltravel.net\/tr\/wp-json\/wp\/v2\/pages\/2610\/revisions"}],"predecessor-version":[{"id":2779,"href":"https:\/\/medicaltravel.net\/tr\/wp-json\/wp\/v2\/pages\/2610\/revisions\/2779"}],"wp:attachment":[{"href":"https:\/\/medicaltravel.net\/tr\/wp-json\/wp\/v2\/media?parent=2610"}],"curies":[{"name":"wp","href":"https:\/\/api.w.org\/{rel}","templated":true}]}}