{"id":2615,"date":"2025-09-29T09:57:24","date_gmt":"2025-09-29T08:57:24","guid":{"rendered":"https:\/\/medicaltravel.net\/izmirde-hastane\/"},"modified":"2026-01-11T15:48:18","modified_gmt":"2026-01-11T14:48:18","slug":"izmirde-hastane","status":"publish","type":"page","link":"https:\/\/medicaltravel.net\/tr\/izmirde-hastane\/","title":{"rendered":"\u0130zmir\u2019de Hastane"},"content":{"rendered":"\t\t<div data-elementor-type=\"wp-page\" data-elementor-id=\"2615\" class=\"elementor elementor-2615 elementor-109\" data-elementor-post-type=\"page\">\n\t\t\t\t<div class=\"elementor-element elementor-element-5b0e6206 e-flex e-con-boxed wpr-particle-no wpr-jarallax-no wpr-parallax-no wpr-sticky-section-no e-con e-parent\" data-id=\"5b0e6206\" data-element_type=\"container\" data-e-type=\"container\">\n\t\t\t\t\t<div class=\"e-con-inner\">\n\t\t<div class=\"elementor-element elementor-element-06f4d30 e-con-full e-flex wpr-particle-no wpr-jarallax-no wpr-parallax-no wpr-sticky-section-no e-con e-child\" data-id=\"06f4d30\" data-element_type=\"container\" data-e-type=\"container\">\n\t\t\t\t<div class=\"elementor-element elementor-element-707c2e6 elementor-widget elementor-widget-button\" data-id=\"707c2e6\" data-element_type=\"widget\" data-e-type=\"widget\" data-widget_type=\"button.default\">\n\t\t\t\t\t\t\t\t\t\t<a class=\"elementor-button elementor-button-link elementor-size-sm\" href=\"https:\/\/medicaltravel.net\/tr\/acibadem-hastanesi-istanbul\/\">\n\t\t\t\t\t\t<span class=\"elementor-button-content-wrapper\">\n\t\t\t\t\t\t\t\t\t<span class=\"elementor-button-text\">Ac\u0131badem<\/span>\n\t\t\t\t\t<\/span>\n\t\t\t\t\t<\/a>\n\t\t\t\t\t\t\t\t<\/div>\n\t\t\t\t<div class=\"elementor-element elementor-element-6dc1fc3 elementor-widget elementor-widget-button\" data-id=\"6dc1fc3\" data-element_type=\"widget\" data-e-type=\"widget\" data-widget_type=\"button.default\">\n\t\t\t\t\t\t\t\t\t\t<a class=\"elementor-button elementor-button-link elementor-size-sm\" href=\"https:\/\/medicaltravel.net\/tr\/liv-hospital\/\">\n\t\t\t\t\t\t<span class=\"elementor-button-content-wrapper\">\n\t\t\t\t\t\t\t\t\t<span class=\"elementor-button-text\">Liv<\/span>\n\t\t\t\t\t<\/span>\n\t\t\t\t\t<\/a>\n\t\t\t\t\t\t\t\t<\/div>\n\t\t\t\t<div class=\"elementor-element elementor-element-62ba96f elementor-widget elementor-widget-button\" data-id=\"62ba96f\" data-element_type=\"widget\" data-e-type=\"widget\" data-widget_type=\"button.default\">\n\t\t\t\t\t\t\t\t\t\t<a class=\"elementor-button elementor-button-link elementor-size-sm\" href=\"https:\/\/medicaltravel.net\/tr\/antalyadaki-hastaneler\/\">\n\t\t\t\t\t\t<span class=\"elementor-button-content-wrapper\">\n\t\t\t\t\t\t\t\t\t<span class=\"elementor-button-text\">Antalya<\/span>\n\t\t\t\t\t<\/span>\n\t\t\t\t\t<\/a>\n\t\t\t\t\t\t\t\t<\/div>\n\t\t\t\t<div class=\"elementor-element elementor-element-50fc94b elementor-widget elementor-widget-button\" data-id=\"50fc94b\" data-element_type=\"widget\" data-e-type=\"widget\" data-widget_type=\"button.default\">\n\t\t\t\t\t\t\t\t\t\t<a class=\"elementor-button elementor-button-link elementor-size-sm\" href=\"https:\/\/medicaltravel.net\/tr\/izmirde-hastane\/\">\n\t\t\t\t\t\t<span class=\"elementor-button-content-wrapper\">\n\t\t\t\t\t\t\t\t\t<span class=\"elementor-button-text\"> \u0130zmir<\/span>\n\t\t\t\t\t<\/span>\n\t\t\t\t\t<\/a>\n\t\t\t\t\t\t\t\t<\/div>\n\t\t\t\t<div class=\"elementor-element elementor-element-dec1e7d elementor-widget elementor-widget-button\" data-id=\"dec1e7d\" data-element_type=\"widget\" data-e-type=\"widget\" data-widget_type=\"button.default\">\n\t\t\t\t\t\t\t\t\t\t<a class=\"elementor-button elementor-button-link elementor-size-sm\" href=\"https:\/\/medicaltravel.net\/tr\/bodrumda-hastane\/\">\n\t\t\t\t\t\t<span class=\"elementor-button-content-wrapper\">\n\t\t\t\t\t\t\t\t\t<span class=\"elementor-button-text\">Bodrum<\/span>\n\t\t\t\t\t<\/span>\n\t\t\t\t\t<\/a>\n\t\t\t\t\t\t\t\t<\/div>\n\t\t\t\t<div class=\"elementor-element elementor-element-8fa9de0 elementor-widget elementor-widget-button\" data-id=\"8fa9de0\" data-element_type=\"widget\" data-e-type=\"widget\" data-widget_type=\"button.default\">\n\t\t\t\t\t\t\t\t\t\t<a class=\"elementor-button elementor-button-link elementor-size-sm\" href=\"https:\/\/medicaltravel.net\/tr\/rommer-ortopedik-ve-norolojik-rehabilitasyon-merkezi-klinik-bursa-turkiye\/\">\n\t\t\t\t\t\t<span class=\"elementor-button-content-wrapper\">\n\t\t\t\t\t\t\t\t\t<span class=\"elementor-button-text\">Rommer Bursa<\/span>\n\t\t\t\t\t<\/span>\n\t\t\t\t\t<\/a>\n\t\t\t\t\t\t\t\t<\/div>\n\t\t\t\t<\/div>\n\t\t\t\t<div class=\"elementor-element elementor-element-6dbafd1f elementor-widget elementor-widget-text-editor\" data-id=\"6dbafd1f\" data-element_type=\"widget\" data-e-type=\"widget\" data-widget_type=\"text-editor.default\">\n\t\t\t\t\t\t\t\t\t\n<h3 class=\"wp-block-heading\">\u0130zmir\u2019de Hastane<\/h3>\n\n<h3 class=\"wp-block-heading\">G\u00fczellik cerrah\u0131n\u0131z izmir\u2019de<\/h3>\n\n<p>Prof. Dr. C\u00fcneyt \u00d6zek 1964 y\u0131l\u0131nda \u0130zmir\u2019de do\u011fmu\u015ftur. 1982 y\u0131l\u0131nda Ankara Fen Lisesi\u2019nden mezun olduktan sonra, 1988 y\u0131l\u0131nda Ankara\u2019daki Hacettepe T\u0131p Fak\u00fcltesi\u2019nde t\u0131p e\u011fitimini tamamlam\u0131\u015ft\u0131r. 1992 y\u0131l\u0131nda ECFMG s\u0131nav\u0131n\u0131 ge\u00e7mi\u015ftir (Yabanc\u0131 T\u0131p Mezunlar\u0131 E\u011fitim Komisyonu S\u0131nav\u0131). \u0130stanbul Kartal Devlet Hastanesi\u2019nde \u00fc\u00e7 y\u0131l genel cerrahi asistanl\u0131\u011f\u0131 yapt\u0131ktan sonra, 1992 y\u0131l\u0131nda \u0130zmir Ege \u00dcniversitesi T\u0131p Fak\u00fcltesi Plastik Rekonstr\u00fcktif ve Estetik Cerrahi Anabilim Dal\u0131\u2019nda plastik cerrahi e\u011fitimine ba\u015flam\u0131\u015ft\u0131r. 1997 y\u0131l\u0131nda uzmanl\u0131k e\u011fitimini tamamlayarak plastik ve estetik cerrahi alan\u0131nda uzman olmu\u015ftur.   <\/p>\n\n<figure class=\"wp-block-image size-full\"><img decoding=\"async\" width=\"89\" height=\"133\" class=\"wp-image-283\" src=\"https:\/\/medicaltravel.net\/wp-content\/uploads\/2025\/09\/csm_cuneytozek_88e18e4a79.jpg\" alt=\"\"><\/figure>\n\n<p id=\"caption-attachment-506\">Prof. Dr. \u00d6zek d\u00fcnyan\u0131n en iyilerinden biridir.<\/p>\n\n<p>Asistanl\u0131k d\u00f6neminde, 1995-1996 y\u0131llar\u0131nda ABD, Kaliforniya, Palo Alto\u2019daki Stanford \u00dcniversitesi Plastik ve Rekonstr\u00fcktif Cerrahi b\u00f6l\u00fcm\u00fcnde ara\u015ft\u0131rma bursu kazanm\u0131\u015ft\u0131r. Bursu s\u0131ras\u0131nda mikroskopik cerrahi \u00fczerine bilimsel ara\u015ft\u0131rmalar yapm\u0131\u015f ve bunlar\u0131 plastik cerrahi alan\u0131n\u0131n en prestijli dergilerinde yay\u0131mlam\u0131\u015ft\u0131r. Bu d\u00f6nemde \u00f6zel kliniklerdeki ameliyat ekiplerinin bir par\u00e7as\u0131 olarak da g\u00f6rev alm\u0131\u015ft\u0131r. Dr. Harry Buncke, Dr. Donald Laub, Dr. William Lineaweaver, Dr. Feng Zhang ve Dr. George Commons gibi plastik cerrahinin efsane isimleriyle birlikte ameliyat yapma ve onlardan \u00f6\u011frenme f\u0131rsat\u0131 bulmu\u015ftur. Mikroskopik cerrahi, liposuction ve v\u00fccut \u015fekillendirme ameliyatlar\u0131, y\u00fcz, burun, g\u00f6\u011f\u00fcs ve g\u00f6z \u00e7evresi estetik cerrahisi konular\u0131ndaki tekniklerini daha da geli\u015ftirmi\u015ftir. Ayn\u0131 zamanda, konunun en \u00f6nemli isimlerinden Donald Laub ile birlikte g\u00fczellik cerrahisi \u00fczerine iki kitap b\u00f6l\u00fcm\u00fc yazma f\u0131rsat\u0131 bulmu\u015ftur. Ayr\u0131ca Los Angeles\u2019tan Steven Hoefflin\u2019in \u00e7al\u0131\u015fmalar\u0131n\u0131 da g\u00f6zlemlemi\u015ftir.       <\/p>\n\n<p>Ege \u00dcniversitesi T\u0131p Merkezi Plastik Cerrahi Anabilim Dal\u0131\u2019nda klinik do\u00e7ent olarak g\u00f6rev yapmaktad\u0131r ve burada asistanl\u0131k program\u0131ndaki plastik cerrahlar\u0131 ve t\u0131p \u00f6\u011frencilerini e\u011fitmektedir.<\/p>\n\n<p>Prof. Dr. \u00d6zek\u2019in mesleki makaleleri British Journal of Plastic Surgery, Journal of Craniofacial Surgery, Plastic Reconstructive Surgery Journal ve Annals of Plastic Surgery dergilerinde yay\u0131mlanm\u0131\u015ft\u0131r. Ayr\u0131ca, Prof. Dr. \u00d6zek\u2019in \u00e7ok say\u0131da makalesi genel yay\u0131n organlar\u0131 ve dergilerde de yay\u0131mlanm\u0131\u015ft\u0131r.   <\/p>\n\n<p>Prof. Dr. \u00d6zek 2000 y\u0131l\u0131ndan bu yana en tan\u0131nm\u0131\u015f mikroskopik cerrahi dergisi Journal of Microsurgery\u2019in yay\u0131n kurulunun \u00fcyesidir. Ayr\u0131ca Turkish Clinics ve Ege \u00dcniversitesi dergisi gibi dergilerin yay\u0131n kurullar\u0131nda da \u00fcyelik yapmaktad\u0131r.  <\/p>\n\n<p>Avrupa Plastik Cerrahi Kurulu taraf\u0131ndan sertifikaland\u0131r\u0131lm\u0131\u015f olan Prof. Dr. \u00d6zek, uzman cerrahlar\u0131 tan\u0131mlayan y\u00fcksek cerrahi m\u00fckemmeliyet standartlar\u0131na sahip bir mesleki kurulu\u015f olan Avrupa Plastik Cerrahlar Derne\u011fi\u2019nin \u00fcyesidir. Plastik cerrahi alan\u0131nda uzmanla\u015fm\u0131\u015f cerrahlar\u0131n yaz\u0131l\u0131 ve s\u00f6zl\u00fc s\u0131k\u0131 s\u0131navlar\u0131n\u0131 uygulayan European Board of Plastic Surgery, Inc. taraf\u0131ndan da plastik cerrah olarak sertifikaland\u0131r\u0131lm\u0131\u015ft\u0131r. Bu s\u0131navlar\u0131 ge\u00e7en ilk T\u00fcrk Plastik Cerrah\u0131d\u0131r.   <\/p>\n\n<p>T\u00fcrk Plastik, Rekonstr\u00fcktif ve Estetik Cerrahi Derne\u011fi\u2019nin sertifikal\u0131 \u00fcyesidir. Ayr\u0131ca T\u00fcrk Estetik Cerrahi Derne\u011fi, T\u00fcrk Rekonstr\u00fcktif Mikroskopik Cerrahi Derne\u011fi ve Yara Bak\u0131m Derne\u011fi\u2019nin de \u00fcyesidir. <\/p>\n\n<p>Ayr\u0131ca EURAPS, Avrupa Plastik Cerrahi Derne\u011fi ve BAPRAS, Balkan Plastik ve Rekonstr\u00fcktif Cerrahi Derne\u011fi\u2019nin de \u00fcyesidir.<\/p>\n\t\t\t\t\t\t\t\t<\/div>\n\t\t\t\t\t<\/div>\n\t\t\t\t<\/div>\n\t\t\t\t<\/div>\n\t\t","protected":false},"excerpt":{"rendered":"<p>Ac\u0131badem Liv Antalya \u0130zmir Bodrum Rommer Bursa \u0130zmir\u2019de Hastane G\u00fczellik cerrah\u0131n\u0131z izmir\u2019de Prof. Dr. C\u00fcneyt \u00d6zek 1964 y\u0131l\u0131nda \u0130zmir\u2019de do\u011fmu\u015ftur. 1982 y\u0131l\u0131nda Ankara Fen Lisesi\u2019nden mezun olduktan sonra, 1988 y\u0131l\u0131nda Ankara\u2019daki Hacettepe T\u0131p Fak\u00fcltesi\u2019nde t\u0131p e\u011fitimini tamamlam\u0131\u015ft\u0131r. 1992 y\u0131l\u0131nda ECFMG s\u0131nav\u0131n\u0131 ge\u00e7mi\u015ftir (Yabanc\u0131 T\u0131p Mezunlar\u0131 E\u011fitim Komisyonu S\u0131nav\u0131). \u0130stanbul Kartal Devlet Hastanesi\u2019nde \u00fc\u00e7 y\u0131l genel cerrahi asistanl\u0131\u011f\u0131 yapt\u0131ktan sonra, 1992 y\u0131l\u0131nda \u0130zmir Ege \u00dcniversitesi T\u0131p Fak\u00fcltesi Plastik Rekonstr\u00fcktif ve Estetik Cerrahi Anabilim Dal\u0131\u2019nda plastik cerrahi e\u011fitimine ba\u015flam\u0131\u015ft\u0131r. 1997 y\u0131l\u0131nda uzmanl\u0131k e\u011fitimini tamamlayarak plastik ve estetik cerrahi alan\u0131nda uzman olmu\u015ftur. Prof. Dr. \u00d6zek d\u00fcnyan\u0131n en iyilerinden biridir. Asistanl\u0131k d\u00f6neminde, 1995-1996 y\u0131llar\u0131nda ABD, Kaliforniya, Palo Alto\u2019daki Stanford \u00dcniversitesi Plastik ve Rekonstr\u00fcktif Cerrahi b\u00f6l\u00fcm\u00fcnde ara\u015ft\u0131rma bursu kazanm\u0131\u015ft\u0131r. Bursu s\u0131ras\u0131nda mikroskopik cerrahi \u00fczerine bilimsel ara\u015ft\u0131rmalar yapm\u0131\u015f ve bunlar\u0131 plastik cerrahi alan\u0131n\u0131n en prestijli dergilerinde yay\u0131mlam\u0131\u015ft\u0131r. Bu d\u00f6nemde \u00f6zel kliniklerdeki ameliyat ekiplerinin bir par\u00e7as\u0131 olarak da g\u00f6rev alm\u0131\u015ft\u0131r. Dr. Harry Buncke, Dr. Donald Laub, Dr. William Lineaweaver, Dr. Feng Zhang ve Dr. George Commons gibi plastik cerrahinin efsane isimleriyle birlikte ameliyat yapma ve onlardan \u00f6\u011frenme f\u0131rsat\u0131 bulmu\u015ftur. Mikroskopik cerrahi, liposuction ve v\u00fccut \u015fekillendirme ameliyatlar\u0131, y\u00fcz, burun, g\u00f6\u011f\u00fcs ve g\u00f6z \u00e7evresi estetik cerrahisi konular\u0131ndaki tekniklerini daha da geli\u015ftirmi\u015ftir. Ayn\u0131 zamanda, konunun en \u00f6nemli isimlerinden Donald Laub ile birlikte g\u00fczellik cerrahisi \u00fczerine iki kitap b\u00f6l\u00fcm\u00fc yazma f\u0131rsat\u0131 bulmu\u015ftur. Ayr\u0131ca Los Angeles\u2019tan Steven Hoefflin\u2019in \u00e7al\u0131\u015fmalar\u0131n\u0131 da g\u00f6zlemlemi\u015ftir. Ege \u00dcniversitesi T\u0131p Merkezi Plastik Cerrahi Anabilim Dal\u0131\u2019nda klinik do\u00e7ent olarak g\u00f6rev yapmaktad\u0131r ve burada asistanl\u0131k program\u0131ndaki plastik cerrahlar\u0131 ve t\u0131p \u00f6\u011frencilerini e\u011fitmektedir. Prof. Dr. \u00d6zek\u2019in mesleki makaleleri British Journal of Plastic Surgery, Journal of Craniofacial Surgery, Plastic Reconstructive Surgery Journal ve Annals of Plastic Surgery dergilerinde yay\u0131mlanm\u0131\u015ft\u0131r. Ayr\u0131ca, Prof. Dr. \u00d6zek\u2019in \u00e7ok say\u0131da makalesi genel yay\u0131n organlar\u0131 ve dergilerde de yay\u0131mlanm\u0131\u015ft\u0131r. Prof. Dr. \u00d6zek 2000 y\u0131l\u0131ndan bu yana en tan\u0131nm\u0131\u015f mikroskopik cerrahi dergisi Journal of Microsurgery\u2019in yay\u0131n kurulunun \u00fcyesidir. Ayr\u0131ca Turkish Clinics ve Ege \u00dcniversitesi dergisi gibi dergilerin yay\u0131n kurullar\u0131nda da \u00fcyelik yapmaktad\u0131r. Avrupa Plastik Cerrahi Kurulu taraf\u0131ndan sertifikaland\u0131r\u0131lm\u0131\u015f olan Prof. Dr. \u00d6zek, uzman cerrahlar\u0131 tan\u0131mlayan y\u00fcksek cerrahi m\u00fckemmeliyet standartlar\u0131na sahip bir mesleki kurulu\u015f olan Avrupa Plastik Cerrahlar Derne\u011fi\u2019nin \u00fcyesidir. Plastik cerrahi alan\u0131nda uzmanla\u015fm\u0131\u015f cerrahlar\u0131n yaz\u0131l\u0131 ve s\u00f6zl\u00fc s\u0131k\u0131 s\u0131navlar\u0131n\u0131 uygulayan European Board of Plastic Surgery, Inc. taraf\u0131ndan da plastik cerrah olarak sertifikaland\u0131r\u0131lm\u0131\u015ft\u0131r. Bu s\u0131navlar\u0131 ge\u00e7en ilk T\u00fcrk Plastik Cerrah\u0131d\u0131r. T\u00fcrk Plastik, Rekonstr\u00fcktif ve Estetik Cerrahi Derne\u011fi\u2019nin sertifikal\u0131 \u00fcyesidir. Ayr\u0131ca T\u00fcrk Estetik Cerrahi Derne\u011fi, T\u00fcrk Rekonstr\u00fcktif Mikroskopik Cerrahi Derne\u011fi ve Yara Bak\u0131m Derne\u011fi\u2019nin de \u00fcyesidir. Ayr\u0131ca EURAPS, Avrupa Plastik Cerrahi Derne\u011fi ve BAPRAS, Balkan Plastik ve Rekonstr\u00fcktif Cerrahi Derne\u011fi\u2019nin de \u00fcyesidir.<\/p>\n","protected":false},"author":4,"featured_media":0,"parent":0,"menu_order":0,"comment_status":"closed","ping_status":"closed","template":"","meta":{"_joinchat":[],"footnotes":""},"class_list":["post-2615","page","type-page","status-publish","hentry"],"acf":[],"_links":{"self":[{"href":"https:\/\/medicaltravel.net\/tr\/wp-json\/wp\/v2\/pages\/2615","targetHints":{"allow":["GET"]}}],"collection":[{"href":"https:\/\/medicaltravel.net\/tr\/wp-json\/wp\/v2\/pages"}],"about":[{"href":"https:\/\/medicaltravel.net\/tr\/wp-json\/wp\/v2\/types\/page"}],"author":[{"embeddable":true,"href":"https:\/\/medicaltravel.net\/tr\/wp-json\/wp\/v2\/users\/4"}],"replies":[{"embeddable":true,"href":"https:\/\/medicaltravel.net\/tr\/wp-json\/wp\/v2\/comments?post=2615"}],"version-history":[{"count":7,"href":"https:\/\/medicaltravel.net\/tr\/wp-json\/wp\/v2\/pages\/2615\/revisions"}],"predecessor-version":[{"id":2783,"href":"https:\/\/medicaltravel.net\/tr\/wp-json\/wp\/v2\/pages\/2615\/revisions\/2783"}],"wp:attachment":[{"href":"https:\/\/medicaltravel.net\/tr\/wp-json\/wp\/v2\/media?parent=2615"}],"curies":[{"name":"wp","href":"https:\/\/api.w.org\/{rel}","templated":true}]}}