{"id":2622,"date":"2025-09-29T09:56:50","date_gmt":"2025-09-29T08:56:50","guid":{"rendered":"https:\/\/medicaltravel.net\/antalyadaki-hastaneler\/"},"modified":"2026-01-11T15:49:43","modified_gmt":"2026-01-11T14:49:43","slug":"antalyadaki-hastaneler","status":"publish","type":"page","link":"https:\/\/medicaltravel.net\/tr\/antalyadaki-hastaneler\/","title":{"rendered":"Antalya&#8217;daki Hastaneler"},"content":{"rendered":"\t\t<div data-elementor-type=\"wp-page\" data-elementor-id=\"2622\" class=\"elementor elementor-2622 elementor-107\" data-elementor-post-type=\"page\">\n\t\t\t\t<div class=\"elementor-element elementor-element-15ec3fc1 e-flex e-con-boxed wpr-particle-no wpr-jarallax-no wpr-parallax-no wpr-sticky-section-no e-con e-parent\" data-id=\"15ec3fc1\" data-element_type=\"container\" data-e-type=\"container\">\n\t\t\t\t\t<div class=\"e-con-inner\">\n\t\t<div class=\"elementor-element elementor-element-671632e e-con-full e-flex wpr-particle-no wpr-jarallax-no wpr-parallax-no wpr-sticky-section-no e-con e-child\" data-id=\"671632e\" data-element_type=\"container\" data-e-type=\"container\">\n\t\t\t\t<div class=\"elementor-element elementor-element-8c4a9c1 elementor-widget elementor-widget-button\" data-id=\"8c4a9c1\" data-element_type=\"widget\" data-e-type=\"widget\" data-widget_type=\"button.default\">\n\t\t\t\t\t\t\t\t\t\t<a class=\"elementor-button elementor-button-link elementor-size-sm\" href=\"https:\/\/medicaltravel.net\/tr\/acibadem-hastanesi-istanbul\/\">\n\t\t\t\t\t\t<span class=\"elementor-button-content-wrapper\">\n\t\t\t\t\t\t\t\t\t<span class=\"elementor-button-text\">Ac\u0131badem<\/span>\n\t\t\t\t\t<\/span>\n\t\t\t\t\t<\/a>\n\t\t\t\t\t\t\t\t<\/div>\n\t\t\t\t<div class=\"elementor-element elementor-element-2fbf678 elementor-widget elementor-widget-button\" data-id=\"2fbf678\" data-element_type=\"widget\" data-e-type=\"widget\" data-widget_type=\"button.default\">\n\t\t\t\t\t\t\t\t\t\t<a class=\"elementor-button elementor-button-link elementor-size-sm\" href=\"https:\/\/medicaltravel.net\/tr\/liv-hospital\/\">\n\t\t\t\t\t\t<span class=\"elementor-button-content-wrapper\">\n\t\t\t\t\t\t\t\t\t<span class=\"elementor-button-text\">Liv<\/span>\n\t\t\t\t\t<\/span>\n\t\t\t\t\t<\/a>\n\t\t\t\t\t\t\t\t<\/div>\n\t\t\t\t<div class=\"elementor-element elementor-element-31d5172 elementor-widget elementor-widget-button\" data-id=\"31d5172\" data-element_type=\"widget\" data-e-type=\"widget\" data-widget_type=\"button.default\">\n\t\t\t\t\t\t\t\t\t\t<a class=\"elementor-button elementor-button-link elementor-size-sm\" href=\"https:\/\/medicaltravel.net\/tr\/antalyadaki-hastaneler\/\">\n\t\t\t\t\t\t<span class=\"elementor-button-content-wrapper\">\n\t\t\t\t\t\t\t\t\t<span class=\"elementor-button-text\">Antalya<\/span>\n\t\t\t\t\t<\/span>\n\t\t\t\t\t<\/a>\n\t\t\t\t\t\t\t\t<\/div>\n\t\t\t\t<div class=\"elementor-element elementor-element-e577b9f elementor-widget elementor-widget-button\" data-id=\"e577b9f\" data-element_type=\"widget\" data-e-type=\"widget\" data-widget_type=\"button.default\">\n\t\t\t\t\t\t\t\t\t\t<a class=\"elementor-button elementor-button-link elementor-size-sm\" href=\"https:\/\/medicaltravel.net\/tr\/izmirde-hastane\/\">\n\t\t\t\t\t\t<span class=\"elementor-button-content-wrapper\">\n\t\t\t\t\t\t\t\t\t<span class=\"elementor-button-text\"> \u0130zmir<\/span>\n\t\t\t\t\t<\/span>\n\t\t\t\t\t<\/a>\n\t\t\t\t\t\t\t\t<\/div>\n\t\t\t\t<div class=\"elementor-element elementor-element-cc06e63 elementor-widget elementor-widget-button\" data-id=\"cc06e63\" data-element_type=\"widget\" data-e-type=\"widget\" data-widget_type=\"button.default\">\n\t\t\t\t\t\t\t\t\t\t<a class=\"elementor-button elementor-button-link elementor-size-sm\" href=\"https:\/\/medicaltravel.net\/tr\/bodrumda-hastane\/\">\n\t\t\t\t\t\t<span class=\"elementor-button-content-wrapper\">\n\t\t\t\t\t\t\t\t\t<span class=\"elementor-button-text\">Bodrum<\/span>\n\t\t\t\t\t<\/span>\n\t\t\t\t\t<\/a>\n\t\t\t\t\t\t\t\t<\/div>\n\t\t\t\t<div class=\"elementor-element elementor-element-0209e05 elementor-widget elementor-widget-button\" data-id=\"0209e05\" data-element_type=\"widget\" data-e-type=\"widget\" data-widget_type=\"button.default\">\n\t\t\t\t\t\t\t\t\t\t<a class=\"elementor-button elementor-button-link elementor-size-sm\" href=\"https:\/\/medicaltravel.net\/tr\/rommer-ortopedik-ve-norolojik-rehabilitasyon-merkezi-klinik-bursa-turkiye\/\">\n\t\t\t\t\t\t<span class=\"elementor-button-content-wrapper\">\n\t\t\t\t\t\t\t\t\t<span class=\"elementor-button-text\">Rommer Bursa<\/span>\n\t\t\t\t\t<\/span>\n\t\t\t\t\t<\/a>\n\t\t\t\t\t\t\t\t<\/div>\n\t\t\t\t<\/div>\n\t\t\t\t<div class=\"elementor-element elementor-element-58a4501d elementor-widget elementor-widget-text-editor\" data-id=\"58a4501d\" data-element_type=\"widget\" data-e-type=\"widget\" data-widget_type=\"text-editor.default\">\n\t\t\t\t\t\t\t\t\t\n<h3 class=\"wp-block-heading\">Antalya&#8217;daki Hastaneler<\/h3>\n\n<p>Talya t\u0131p merkezi antalya&#8217;da en yeni ekipman ve teknolojiye sahiptir. Ayn\u0131 zamanda T\u00fcrkiye&#8217;nin en prestijli \u00f6zel hastanelerinden biridir. Ayr\u0131ca memorial hastane grubu her y\u0131l b\u00fcy\u00fcy\u00fcp geli\u015fmektedir. Bu hastane ab&#8217;nin hijyen standartlar\u0131ndan daha fazlas\u0131na sahiptir ve uzman doktorlar ve cerrahlar taraf\u0131ndan bak\u0131m al\u0131rs\u0131n\u0131z.   <\/p>\n\n<p>Antalya&#8217;da y\u00fcksek sosyetenin ilk t\u0131bbi tercihi olarak \u00f6ne \u00e7\u0131kmaktad\u0131r.<\/p>\n\n<p>Merkez, uzman estetik cerrahlar da dahil olmak \u00fczere s\u00fcrekli geli\u015fen teknolojik ve bilimsel yeniliklerle \u00e7ok iyi e\u011fitimli doktorlara sahiptir.<\/p>\n\n<figure class=\"wp-block-image size-full\"><img decoding=\"async\" width=\"200\" height=\"133\" class=\"wp-image-278\" src=\"https:\/\/medicaltravel.net\/wp-content\/uploads\/2025\/09\/csm_imagesCA7YBLF8_92f68d6bb0.jpg\" alt=\"\"><\/figure>\n\n<p id=\"caption-attachment-160\">Antalya&#8217;da g\u00fczellik operasyonlar\u0131n\u0131z i\u00e7in modern estetik klini\u011fi<\/p>\n\n<figure class=\"wp-block-image size-full\"><img fetchpriority=\"high\" decoding=\"async\" width=\"500\" height=\"300\" class=\"wp-image-280\" src=\"https:\/\/medicaltravel.net\/wp-content\/uploads\/2025\/09\/talya_goz_gebaeude_draussen_3.jpg\" alt=\"\" srcset=\"https:\/\/medicaltravel.net\/wp-content\/uploads\/2025\/09\/talya_goz_gebaeude_draussen_3.jpg 500w, https:\/\/medicaltravel.net\/wp-content\/uploads\/2025\/09\/talya_goz_gebaeude_draussen_3-300x180.jpg 300w\" sizes=\"(max-width: 500px) 100vw, 500px\" \/><\/figure>\n\n<p><strong>Antalya&#8217;da neden bu hastaneyi tercih etmelisiniz<\/strong><\/p>\n\n<p>Antalya, T\u00fcrkiye&#8217;de g\u00fczellik klini\u011fi &#8211; Antalya, T\u00fcrkiye&#8217;nin turizm ba\u015fkentidir.<\/p>\n\n<ul class=\"wp-block-list\">\n<li>Merkez, kurulu\u015fundan bu yana d\u00f6rt binden fazla yabanc\u0131 hastaya hizmet vermi\u015ftir.<\/li>\n\n<li>Amac\u0131 y\u00fcksek d\u00fczeyde teknolojik altyap\u0131y\u0131 korumakt\u0131r.<\/li>\n\n<li>Buradaki tedavi maliyetleri yurt d\u0131\u015f\u0131na g\u00f6re 3-5 kat daha d\u00fc\u015f\u00fckt\u00fcr.<\/li>\n\n<li>Hastalar daha geli\u015fmi\u015f teknolojiden faydalan\u0131r, ancak daha az \u00f6derler.<\/li>\n\n<li>Merkezin sa\u011fl\u0131k alan\u0131ndaki ba\u015far\u0131lar\u0131n\u0131n uluslararas\u0131 kabul\u00fc ve takdiri ile birlikte \u00e7ok iyi iklim ko\u015fullar\u0131na ve y\u00fcksek d\u00fczeyde turizm altyap\u0131s\u0131na sahip Antalya<\/li>\n<\/ul>\n\n<p>Hastanenin \u00e7e\u015fitli tedavi se\u00e7enekleri hastalara geni\u015f bir hizmet yelpazesi sunar. Bu hastanede sunulan b\u00fcy\u00fck deneyim ile hizmet kalitesi beklentilerinizi kar\u015f\u0131layacakt\u0131r. <\/p>\n\n<p>Operasyonunuz, bu alanda b\u00fcy\u00fck bir deneyime sahip ve ayr\u0131ca Almanya\u2019da da \u00e7al\u0131\u015fm\u0131\u015f olan Dr. E. \u00dcst\u00fcnsoy taraf\u0131ndan ger\u00e7ekle\u015ftirilecektir.<\/p>\n\n<figure class=\"wp-block-image size-full\"><img decoding=\"async\" width=\"167\" height=\"169\" class=\"wp-image-281\" src=\"https:\/\/medicaltravel.net\/wp-content\/uploads\/2025\/09\/RTEmagicC_dr_engin_ustunsoy_1__8e2c2d_07.jpg.jpg\" alt=\"\"><\/figure>\n\n<p id=\"caption-attachment-502\">Dr. E. \u00dcst\u00fcnsoy<\/p>\n\t\t\t\t\t\t\t\t<\/div>\n\t\t\t\t\t<\/div>\n\t\t\t\t<\/div>\n\t\t\t\t<\/div>\n\t\t","protected":false},"excerpt":{"rendered":"<p>Ac\u0131badem Liv Antalya \u0130zmir Bodrum Rommer Bursa Antalya&#8217;daki Hastaneler Talya t\u0131p merkezi antalya&#8217;da en yeni ekipman ve teknolojiye sahiptir. Ayn\u0131 zamanda T\u00fcrkiye&#8217;nin en prestijli \u00f6zel hastanelerinden biridir. Ayr\u0131ca memorial hastane grubu her y\u0131l b\u00fcy\u00fcy\u00fcp geli\u015fmektedir. Bu hastane ab&#8217;nin hijyen standartlar\u0131ndan daha fazlas\u0131na sahiptir ve uzman doktorlar ve cerrahlar taraf\u0131ndan bak\u0131m al\u0131rs\u0131n\u0131z. Antalya&#8217;da y\u00fcksek sosyetenin ilk t\u0131bbi tercihi olarak \u00f6ne \u00e7\u0131kmaktad\u0131r. Merkez, uzman estetik cerrahlar da dahil olmak \u00fczere s\u00fcrekli geli\u015fen teknolojik ve bilimsel yeniliklerle \u00e7ok iyi e\u011fitimli doktorlara sahiptir. Antalya&#8217;da g\u00fczellik operasyonlar\u0131n\u0131z i\u00e7in modern estetik klini\u011fi Antalya&#8217;da neden bu hastaneyi tercih etmelisiniz Antalya, T\u00fcrkiye&#8217;de g\u00fczellik klini\u011fi &#8211; Antalya, T\u00fcrkiye&#8217;nin turizm ba\u015fkentidir. Merkez, kurulu\u015fundan bu yana d\u00f6rt binden fazla yabanc\u0131 hastaya hizmet vermi\u015ftir. Amac\u0131 y\u00fcksek d\u00fczeyde teknolojik altyap\u0131y\u0131 korumakt\u0131r. Buradaki tedavi maliyetleri yurt d\u0131\u015f\u0131na g\u00f6re 3-5 kat daha d\u00fc\u015f\u00fckt\u00fcr. Hastalar daha geli\u015fmi\u015f teknolojiden faydalan\u0131r, ancak daha az \u00f6derler. Merkezin sa\u011fl\u0131k alan\u0131ndaki ba\u015far\u0131lar\u0131n\u0131n uluslararas\u0131 kabul\u00fc ve takdiri ile birlikte \u00e7ok iyi iklim ko\u015fullar\u0131na ve y\u00fcksek d\u00fczeyde turizm altyap\u0131s\u0131na sahip Antalya Hastanenin \u00e7e\u015fitli tedavi se\u00e7enekleri hastalara geni\u015f bir hizmet yelpazesi sunar. Bu hastanede sunulan b\u00fcy\u00fck deneyim ile hizmet kalitesi beklentilerinizi kar\u015f\u0131layacakt\u0131r. Operasyonunuz, bu alanda b\u00fcy\u00fck bir deneyime sahip ve ayr\u0131ca Almanya\u2019da da \u00e7al\u0131\u015fm\u0131\u015f olan Dr. E. \u00dcst\u00fcnsoy taraf\u0131ndan ger\u00e7ekle\u015ftirilecektir. Dr. E. \u00dcst\u00fcnsoy<\/p>\n","protected":false},"author":4,"featured_media":0,"parent":0,"menu_order":0,"comment_status":"closed","ping_status":"closed","template":"","meta":{"_joinchat":[],"footnotes":""},"class_list":["post-2622","page","type-page","status-publish","hentry"],"acf":[],"_links":{"self":[{"href":"https:\/\/medicaltravel.net\/tr\/wp-json\/wp\/v2\/pages\/2622","targetHints":{"allow":["GET"]}}],"collection":[{"href":"https:\/\/medicaltravel.net\/tr\/wp-json\/wp\/v2\/pages"}],"about":[{"href":"https:\/\/medicaltravel.net\/tr\/wp-json\/wp\/v2\/types\/page"}],"author":[{"embeddable":true,"href":"https:\/\/medicaltravel.net\/tr\/wp-json\/wp\/v2\/users\/4"}],"replies":[{"embeddable":true,"href":"https:\/\/medicaltravel.net\/tr\/wp-json\/wp\/v2\/comments?post=2622"}],"version-history":[{"count":7,"href":"https:\/\/medicaltravel.net\/tr\/wp-json\/wp\/v2\/pages\/2622\/revisions"}],"predecessor-version":[{"id":2787,"href":"https:\/\/medicaltravel.net\/tr\/wp-json\/wp\/v2\/pages\/2622\/revisions\/2787"}],"wp:attachment":[{"href":"https:\/\/medicaltravel.net\/tr\/wp-json\/wp\/v2\/media?parent=2622"}],"curies":[{"name":"wp","href":"https:\/\/api.w.org\/{rel}","templated":true}]}}