{"id":2629,"date":"2025-09-29T09:47:43","date_gmt":"2025-09-29T08:47:43","guid":{"rendered":"https:\/\/medicaltravel.net\/liposuction-yag-aldirma\/"},"modified":"2026-01-11T10:58:33","modified_gmt":"2026-01-11T09:58:33","slug":"liposuction-yag-aldirma","status":"publish","type":"page","link":"https:\/\/medicaltravel.net\/tr\/liposuction-yag-aldirma\/","title":{"rendered":"Liposuction \u2013 Ya\u011f Ald\u0131rma"},"content":{"rendered":"\t\t<div data-elementor-type=\"wp-page\" data-elementor-id=\"2629\" class=\"elementor elementor-2629 elementor-85\" data-elementor-post-type=\"page\">\n\t\t\t\t<div class=\"elementor-element elementor-element-1f533086 e-flex e-con-boxed wpr-particle-no wpr-jarallax-no wpr-parallax-no wpr-sticky-section-no e-con e-parent\" data-id=\"1f533086\" data-element_type=\"container\" data-e-type=\"container\">\n\t\t\t\t\t<div class=\"e-con-inner\">\n\t\t<div class=\"elementor-element elementor-element-c9f7d8b e-con-full e-flex wpr-particle-no wpr-jarallax-no wpr-parallax-no wpr-sticky-section-no e-con e-child\" data-id=\"c9f7d8b\" data-element_type=\"container\" data-e-type=\"container\">\n\t\t\t\t<div class=\"elementor-element elementor-element-aad5f4d elementor-widget elementor-widget-button\" data-id=\"aad5f4d\" data-element_type=\"widget\" data-e-type=\"widget\" data-widget_type=\"button.default\">\n\t\t\t\t\t\t\t\t\t\t<a class=\"elementor-button elementor-button-link elementor-size-sm\" href=\"https:\/\/medicaltravel.net\/tr\/meme-ameliyatlari\/\">\n\t\t\t\t\t\t<span class=\"elementor-button-content-wrapper\">\n\t\t\t\t\t\t\t\t\t<span class=\"elementor-button-text\">Meme Ameliyatlar\u0131<\/span>\n\t\t\t\t\t<\/span>\n\t\t\t\t\t<\/a>\n\t\t\t\t\t\t\t\t<\/div>\n\t\t\t\t<div class=\"elementor-element elementor-element-de58957 elementor-widget elementor-widget-button\" data-id=\"de58957\" data-element_type=\"widget\" data-e-type=\"widget\" data-widget_type=\"button.default\">\n\t\t\t\t\t\t\t\t\t\t<a class=\"elementor-button elementor-button-link elementor-size-sm\" href=\"https:\/\/medicaltravel.net\/tr\/liposuction-yag-aldirma\/\">\n\t\t\t\t\t\t<span class=\"elementor-button-content-wrapper\">\n\t\t\t\t\t\t\t\t\t<span class=\"elementor-button-text\">Liposuction \u2013 Ya\u011f Ald\u0131rma<\/span>\n\t\t\t\t\t<\/span>\n\t\t\t\t\t<\/a>\n\t\t\t\t\t\t\t\t<\/div>\n\t\t\t\t<div class=\"elementor-element elementor-element-ddf1ed5 elementor-widget elementor-widget-button\" data-id=\"ddf1ed5\" data-element_type=\"widget\" data-e-type=\"widget\" data-widget_type=\"button.default\">\n\t\t\t\t\t\t\t\t\t\t<a class=\"elementor-button elementor-button-link elementor-size-sm\" href=\"https:\/\/medicaltravel.net\/tummy-tuck\/\">\n\t\t\t\t\t\t<span class=\"elementor-button-content-wrapper\">\n\t\t\t\t\t\t\t\t\t<span class=\"elementor-button-text\">Kar\u0131n Germe<\/span>\n\t\t\t\t\t<\/span>\n\t\t\t\t\t<\/a>\n\t\t\t\t\t\t\t\t<\/div>\n\t\t\t\t<div class=\"elementor-element elementor-element-5c5388b elementor-widget elementor-widget-button\" data-id=\"5c5388b\" data-element_type=\"widget\" data-e-type=\"widget\" data-widget_type=\"button.default\">\n\t\t\t\t\t\t\t\t\t\t<a class=\"elementor-button elementor-button-link elementor-size-sm\" href=\"https:\/\/medicaltravel.net\/tr\/goz-kapagi-duzeltme\/\">\n\t\t\t\t\t\t<span class=\"elementor-button-content-wrapper\">\n\t\t\t\t\t\t\t\t\t<span class=\"elementor-button-text\">G\u00f6z Kapa\u011f\u0131 D\u00fczeltme<\/span>\n\t\t\t\t\t<\/span>\n\t\t\t\t\t<\/a>\n\t\t\t\t\t\t\t\t<\/div>\n\t\t\t\t<div class=\"elementor-element elementor-element-07c7990 elementor-widget elementor-widget-button\" data-id=\"07c7990\" data-element_type=\"widget\" data-e-type=\"widget\" data-widget_type=\"button.default\">\n\t\t\t\t\t\t\t\t\t\t<a class=\"elementor-button elementor-button-link elementor-size-sm\" href=\"https:\/\/medicaltravel.net\/nose-correction\/\">\n\t\t\t\t\t\t<span class=\"elementor-button-content-wrapper\">\n\t\t\t\t\t\t\t\t\t<span class=\"elementor-button-text\">Burun D\u00fczeltme<\/span>\n\t\t\t\t\t<\/span>\n\t\t\t\t\t<\/a>\n\t\t\t\t\t\t\t\t<\/div>\n\t\t\t\t<div class=\"elementor-element elementor-element-44e45c3 elementor-widget elementor-widget-button\" data-id=\"44e45c3\" data-element_type=\"widget\" data-e-type=\"widget\" data-widget_type=\"button.default\">\n\t\t\t\t\t\t\t\t\t\t<a class=\"elementor-button elementor-button-link elementor-size-sm\" href=\"https:\/\/medicaltravel.net\/tr\/yuz-germe\/\">\n\t\t\t\t\t\t<span class=\"elementor-button-content-wrapper\">\n\t\t\t\t\t\t\t\t\t<span class=\"elementor-button-text\">Y\u00fcz Germe<\/span>\n\t\t\t\t\t<\/span>\n\t\t\t\t\t<\/a>\n\t\t\t\t\t\t\t\t<\/div>\n\t\t\t\t<div class=\"elementor-element elementor-element-b55b5fe elementor-widget elementor-widget-button\" data-id=\"b55b5fe\" data-element_type=\"widget\" data-e-type=\"widget\" data-widget_type=\"button.default\">\n\t\t\t\t\t\t\t\t\t\t<a class=\"elementor-button elementor-button-link elementor-size-sm\" href=\"https:\/\/medicaltravel.net\/tr\/kulak-duzeltme\/\">\n\t\t\t\t\t\t<span class=\"elementor-button-content-wrapper\">\n\t\t\t\t\t\t\t\t\t<span class=\"elementor-button-text\">Kulak D\u00fczeltme<\/span>\n\t\t\t\t\t<\/span>\n\t\t\t\t\t<\/a>\n\t\t\t\t\t\t\t\t<\/div>\n\t\t\t\t<div class=\"elementor-element elementor-element-0c4303f elementor-widget elementor-widget-button\" data-id=\"0c4303f\" data-element_type=\"widget\" data-e-type=\"widget\" data-widget_type=\"button.default\">\n\t\t\t\t\t\t\t\t\t\t<a class=\"elementor-button elementor-button-link elementor-size-sm\" href=\"https:\/\/medicaltravel.net\/tr\/vucut-germe\/\">\n\t\t\t\t\t\t<span class=\"elementor-button-content-wrapper\">\n\t\t\t\t\t\t\t\t\t<span class=\"elementor-button-text\">V\u00fccut germe<\/span>\n\t\t\t\t\t<\/span>\n\t\t\t\t\t<\/a>\n\t\t\t\t\t\t\t\t<\/div>\n\t\t\t\t<\/div>\n\t\t\t\t<div class=\"elementor-element elementor-element-3597f7ad elementor-widget elementor-widget-text-editor\" data-id=\"3597f7ad\" data-element_type=\"widget\" data-e-type=\"widget\" data-widget_type=\"text-editor.default\">\n\t\t\t\t\t\t\t\t\t\n<h3 class=\"wp-block-heading\">LIPOSUCTION &#8211; YA\u011e ALDIRMA<\/h3>\n\n<h3 class=\"wp-block-heading\">T\u00dcRK\u0130YE\u2019DE L\u0130POSUCTION<\/h3>\n\n<h4 class=\"wp-block-heading\">Liposuction \u2013 Ya\u011f Ald\u0131rma<\/h4>\n\n<p>Liposuction y\u00f6ntemi ile deri alt\u0131 b\u00f6lgesel ya\u011f dokular\u0131ndaki art\u0131\u015f d\u00fczeltilebilir. Bu y\u00f6ntem genel bir kilo verme y\u00f6ntemi de\u011fildir. <\/p>\n\n<p><em><strong>Ameliyat \u00f6ncesi tedavi<\/strong><\/em><\/p>\n\n<p>Dokuya m\u00fcdahale edebilmek i\u00e7in do\u011frudan bir \u00f6n tedavi gereklidir. Liposuction cihaz\u0131 ne olursa olsun (emme pompas\u0131, titre\u015fimli emme, ejector), belirli b\u00f6lgelere s\u0131v\u0131 enjekte edilir. <\/p>\n\n<p>Daha sonra t\u00fcm doku \u015fi\u015fer; b\u00f6ylece ya\u011f h\u00fccreleri \u00e7\u00f6z\u00fcl\u00fcr ve bir kan\u00fcl arac\u0131l\u0131\u011f\u0131yla emilir.<\/p>\n\n<p>\u0130lgili b\u00f6lgeler i\u015faretlenir, ard\u0131ndan dezenfekte edilir ve anestezik madde ile damar b\u00fcz\u00fcc\u00fc i\u00e7eren bir s\u0131v\u0131 enjekte edilir.<\/p>\n\n<p><em><strong>Uygulama<\/strong><\/em><\/p>\n\n<p>Enjekte edilen ila\u00e7 yar\u0131m saat i\u00e7inde etkili olur ve ard\u0131ndan bir kan\u00fcl, 5 mm\u2019lik bir kesiden deri alt\u0131 ya\u011f dokusuna yerle\u015ftirilir. Enjekte edilen ila\u00e7 4-5 saat boyunca aktif kal\u0131r ve bu s\u00fcre zarf\u0131nda hi\u00e7bir a\u011fr\u0131 hissetmezsiniz. <\/p>\n\n<figure class=\"wp-block-image size-full\"><img fetchpriority=\"high\" decoding=\"async\" width=\"334\" height=\"433\" class=\"wp-image-244\" src=\"https:\/\/medicaltravel.net\/wp-content\/uploads\/2025\/09\/csm_fettabsaugen_6fb602394c.jpg\" alt=\"\" srcset=\"https:\/\/medicaltravel.net\/wp-content\/uploads\/2025\/09\/csm_fettabsaugen_6fb602394c.jpg 334w, https:\/\/medicaltravel.net\/wp-content\/uploads\/2025\/09\/csm_fettabsaugen_6fb602394c-231x300.jpg 231w\" sizes=\"(max-width: 334px) 100vw, 334px\" \/><\/figure>\n\n<p id=\"caption-attachment-532\">Liposuction i\u015fleminizi T\u00fcrkiye\u2019de d\u00fcnya \u00e7ap\u0131nda tan\u0131nan doktorlardan yapt\u0131r\u0131n.<\/p>\n\n<p>Ya\u011f dokusunu mekanik yollarla emmek \u00e7ok yorucudur. Bu nedenle plastik cerrah\u0131n i\u015fini kolayla\u015ft\u0131racak yard\u0131mc\u0131 ekipmanlar end\u00fcstride geli\u015ftirilmi\u015ftir: <\/p>\n\n<p><strong>Titre\u015fimli liposuction:<\/strong> Emme kan\u00fclleri elektronik bir motor arac\u0131l\u0131\u011f\u0131yla titre\u015ftirilerek yerle\u015ftirildi\u011finde, ya\u011f h\u00fccreleri dokular\u0131ndaki ba\u011flar\u0131ndan ayr\u0131l\u0131r.<\/p>\n\n<p><strong>Su ile liposuction:<\/strong> Bu i\u015flemle, dokudaki ya\u011f h\u00fccreleri y\u00fcksek bas\u0131n\u00e7l\u0131 bir i\u011fne ile y\u0131kan\u0131r. Bu y\u00f6ntem, \u00e7evredeki damar ve sinirleri korur ve tamamen temiz bir ya\u011f elde edilir. Bu ya\u011f daha sonra olas\u0131 k\u0131r\u0131\u015f\u0131kl\u0131klar\u0131 d\u00fczeltmek veya yanak b\u00f6lgesi gibi ba\u015fka dokular\u0131 dolgunla\u015ft\u0131rmak ya da meme b\u00fcy\u00fctme i\u015flemlerinde kullan\u0131labilir.  <\/p>\n\n<p><strong>Lazer liposuction:<\/strong> 1-2 mm \u00e7ap\u0131nda k\u00fc\u00e7\u00fck bir lazerli kan\u00fcl deri alt\u0131na yerle\u015ftirilir. Kan\u00fcl\u00fcn ileri-geri hareketi, lazer \u0131\u015f\u0131n\u0131n\u0131n do\u011frudan doku h\u00fccresine etki etmesini sa\u011flar ve b\u00f6ylece h\u00fccreyi yok eder. Lazer \u0131\u015f\u0131n\u0131 ayr\u0131ca deri alt\u0131 b\u00f6lgesine de etki ederek cilt liflerinde azalma sa\u011flar.  <\/p>\n\n<p><strong><em>\u0130yile\u015fme Sonras\u0131 D\u00f6nem\u0130<\/em><\/strong><\/p>\n\n<p>Operasyondan sonraki yakla\u015f\u0131k 2 g\u00fcn boyunca herhangi bir \u015fikayetiniz olmaz. Ancak daha sonra kas sertli\u011fi ve kas a\u011fr\u0131s\u0131 gibi \u015fikayetler ya\u015fayabilirsiniz. Ya\u011f dokular\u0131n\u0131n \u00e7\u0131kar\u0131ld\u0131\u011f\u0131 alanlar\u0131n kapanmas\u0131n\u0131 sa\u011flamak i\u00e7in 6 hafta boyunca s\u0131k\u0131 i\u00e7 \u00e7ama\u015f\u0131r\u0131 giymeniz gerekir.   <\/p>\n\n<p>Ba\u015flang\u0131\u00e7ta, giri\u015f deliklerinden kan ile kar\u0131\u015fm\u0131\u015f seyreltilmi\u015f maddenin kal\u0131nt\u0131lar\u0131ndan olu\u015fan s\u0131z\u0131nt\u0131lar olacakt\u0131r, bu durum iki g\u00fcn s\u00fcrebilir. Bu tamamen normaldir. <\/p>\n\t\t\t\t\t\t\t\t<\/div>\n\t\t\t\t\t<\/div>\n\t\t\t\t<\/div>\n\t\t\t\t<\/div>\n\t\t","protected":false},"excerpt":{"rendered":"<p>Meme Ameliyatlar\u0131 Liposuction \u2013 Ya\u011f Ald\u0131rma Kar\u0131n Germe G\u00f6z Kapa\u011f\u0131 D\u00fczeltme Burun D\u00fczeltme Y\u00fcz Germe Kulak D\u00fczeltme V\u00fccut germe LIPOSUCTION &#8211; YA\u011e ALDIRMA T\u00dcRK\u0130YE\u2019DE L\u0130POSUCTION Liposuction \u2013 Ya\u011f Ald\u0131rma Liposuction y\u00f6ntemi ile deri alt\u0131 b\u00f6lgesel ya\u011f dokular\u0131ndaki art\u0131\u015f d\u00fczeltilebilir. Bu y\u00f6ntem genel bir kilo verme y\u00f6ntemi de\u011fildir. Ameliyat \u00f6ncesi tedavi Dokuya m\u00fcdahale edebilmek i\u00e7in do\u011frudan bir \u00f6n tedavi gereklidir. Liposuction cihaz\u0131 ne olursa olsun (emme pompas\u0131, titre\u015fimli emme, ejector), belirli b\u00f6lgelere s\u0131v\u0131 enjekte edilir. Daha sonra t\u00fcm doku \u015fi\u015fer; b\u00f6ylece ya\u011f h\u00fccreleri \u00e7\u00f6z\u00fcl\u00fcr ve bir kan\u00fcl arac\u0131l\u0131\u011f\u0131yla emilir. \u0130lgili b\u00f6lgeler i\u015faretlenir, ard\u0131ndan dezenfekte edilir ve anestezik madde ile damar b\u00fcz\u00fcc\u00fc i\u00e7eren bir s\u0131v\u0131 enjekte edilir. Uygulama Enjekte edilen ila\u00e7 yar\u0131m saat i\u00e7inde etkili olur ve ard\u0131ndan bir kan\u00fcl, 5 mm\u2019lik bir kesiden deri alt\u0131 ya\u011f dokusuna yerle\u015ftirilir. Enjekte edilen ila\u00e7 4-5 saat boyunca aktif kal\u0131r ve bu s\u00fcre zarf\u0131nda hi\u00e7bir a\u011fr\u0131 hissetmezsiniz. Liposuction i\u015fleminizi T\u00fcrkiye\u2019de d\u00fcnya \u00e7ap\u0131nda tan\u0131nan doktorlardan yapt\u0131r\u0131n. Ya\u011f dokusunu mekanik yollarla emmek \u00e7ok yorucudur. Bu nedenle plastik cerrah\u0131n i\u015fini kolayla\u015ft\u0131racak yard\u0131mc\u0131 ekipmanlar end\u00fcstride geli\u015ftirilmi\u015ftir: Titre\u015fimli liposuction: Emme kan\u00fclleri elektronik bir motor arac\u0131l\u0131\u011f\u0131yla titre\u015ftirilerek yerle\u015ftirildi\u011finde, ya\u011f h\u00fccreleri dokular\u0131ndaki ba\u011flar\u0131ndan ayr\u0131l\u0131r. Su ile liposuction: Bu i\u015flemle, dokudaki ya\u011f h\u00fccreleri y\u00fcksek bas\u0131n\u00e7l\u0131 bir i\u011fne ile y\u0131kan\u0131r. Bu y\u00f6ntem, \u00e7evredeki damar ve sinirleri korur ve tamamen temiz bir ya\u011f elde edilir. Bu ya\u011f daha sonra olas\u0131 k\u0131r\u0131\u015f\u0131kl\u0131klar\u0131 d\u00fczeltmek veya yanak b\u00f6lgesi gibi ba\u015fka dokular\u0131 dolgunla\u015ft\u0131rmak ya da meme b\u00fcy\u00fctme i\u015flemlerinde kullan\u0131labilir. Lazer liposuction: 1-2 mm \u00e7ap\u0131nda k\u00fc\u00e7\u00fck bir lazerli kan\u00fcl deri alt\u0131na yerle\u015ftirilir. Kan\u00fcl\u00fcn ileri-geri hareketi, lazer \u0131\u015f\u0131n\u0131n\u0131n do\u011frudan doku h\u00fccresine etki etmesini sa\u011flar ve b\u00f6ylece h\u00fccreyi yok eder. Lazer \u0131\u015f\u0131n\u0131 ayr\u0131ca deri alt\u0131 b\u00f6lgesine de etki ederek cilt liflerinde azalma sa\u011flar. \u0130yile\u015fme Sonras\u0131 D\u00f6nem\u0130 Operasyondan sonraki yakla\u015f\u0131k 2 g\u00fcn boyunca herhangi bir \u015fikayetiniz olmaz. Ancak daha sonra kas sertli\u011fi ve kas a\u011fr\u0131s\u0131 gibi \u015fikayetler ya\u015fayabilirsiniz. Ya\u011f dokular\u0131n\u0131n \u00e7\u0131kar\u0131ld\u0131\u011f\u0131 alanlar\u0131n kapanmas\u0131n\u0131 sa\u011flamak i\u00e7in 6 hafta boyunca s\u0131k\u0131 i\u00e7 \u00e7ama\u015f\u0131r\u0131 giymeniz gerekir. Ba\u015flang\u0131\u00e7ta, giri\u015f deliklerinden kan ile kar\u0131\u015fm\u0131\u015f seyreltilmi\u015f maddenin kal\u0131nt\u0131lar\u0131ndan olu\u015fan s\u0131z\u0131nt\u0131lar olacakt\u0131r, bu durum iki g\u00fcn s\u00fcrebilir. Bu tamamen normaldir.<\/p>\n","protected":false},"author":4,"featured_media":0,"parent":0,"menu_order":0,"comment_status":"closed","ping_status":"closed","template":"","meta":{"_joinchat":[],"footnotes":""},"class_list":["post-2629","page","type-page","status-publish","hentry"],"acf":[],"_links":{"self":[{"href":"https:\/\/medicaltravel.net\/tr\/wp-json\/wp\/v2\/pages\/2629","targetHints":{"allow":["GET"]}}],"collection":[{"href":"https:\/\/medicaltravel.net\/tr\/wp-json\/wp\/v2\/pages"}],"about":[{"href":"https:\/\/medicaltravel.net\/tr\/wp-json\/wp\/v2\/types\/page"}],"author":[{"embeddable":true,"href":"https:\/\/medicaltravel.net\/tr\/wp-json\/wp\/v2\/users\/4"}],"replies":[{"embeddable":true,"href":"https:\/\/medicaltravel.net\/tr\/wp-json\/wp\/v2\/comments?post=2629"}],"version-history":[{"count":3,"href":"https:\/\/medicaltravel.net\/tr\/wp-json\/wp\/v2\/pages\/2629\/revisions"}],"predecessor-version":[{"id":2632,"href":"https:\/\/medicaltravel.net\/tr\/wp-json\/wp\/v2\/pages\/2629\/revisions\/2632"}],"wp:attachment":[{"href":"https:\/\/medicaltravel.net\/tr\/wp-json\/wp\/v2\/media?parent=2629"}],"curies":[{"name":"wp","href":"https:\/\/api.w.org\/{rel}","templated":true}]}}