{"id":2635,"date":"2025-09-29T09:56:15","date_gmt":"2025-09-29T08:56:15","guid":{"rendered":"https:\/\/medicaltravel.net\/liv-hospital\/"},"modified":"2026-01-11T11:05:51","modified_gmt":"2026-01-11T10:05:51","slug":"liv-hospital","status":"publish","type":"page","link":"https:\/\/medicaltravel.net\/tr\/liv-hospital\/","title":{"rendered":"Liv Hospital"},"content":{"rendered":"\t\t<div data-elementor-type=\"wp-page\" data-elementor-id=\"2635\" class=\"elementor elementor-2635 elementor-105\" data-elementor-post-type=\"page\">\n\t\t\t\t<div class=\"elementor-element elementor-element-2b3750fa e-flex e-con-boxed wpr-particle-no wpr-jarallax-no wpr-parallax-no wpr-sticky-section-no e-con e-parent\" data-id=\"2b3750fa\" data-element_type=\"container\" data-e-type=\"container\">\n\t\t\t\t\t<div class=\"e-con-inner\">\n\t\t<div class=\"elementor-element elementor-element-5c771b2 e-con-full e-flex wpr-particle-no wpr-jarallax-no wpr-parallax-no wpr-sticky-section-no e-con e-child\" data-id=\"5c771b2\" data-element_type=\"container\" data-e-type=\"container\">\n\t\t\t\t<div class=\"elementor-element elementor-element-a525eca elementor-widget elementor-widget-button\" data-id=\"a525eca\" data-element_type=\"widget\" data-e-type=\"widget\" data-widget_type=\"button.default\">\n\t\t\t\t\t\t\t\t\t\t<a class=\"elementor-button elementor-button-link elementor-size-sm\" href=\"https:\/\/medicaltravel.net\/tr\/acibadem-hastanesi-istanbul\/\">\n\t\t\t\t\t\t<span class=\"elementor-button-content-wrapper\">\n\t\t\t\t\t\t\t\t\t<span class=\"elementor-button-text\">Ac\u0131badem<\/span>\n\t\t\t\t\t<\/span>\n\t\t\t\t\t<\/a>\n\t\t\t\t\t\t\t\t<\/div>\n\t\t\t\t<div class=\"elementor-element elementor-element-94f21ed elementor-widget elementor-widget-button\" data-id=\"94f21ed\" data-element_type=\"widget\" data-e-type=\"widget\" data-widget_type=\"button.default\">\n\t\t\t\t\t\t\t\t\t\t<a class=\"elementor-button elementor-button-link elementor-size-sm\" href=\"https:\/\/medicaltravel.net\/tr\/liv-hospital\/\">\n\t\t\t\t\t\t<span class=\"elementor-button-content-wrapper\">\n\t\t\t\t\t\t\t\t\t<span class=\"elementor-button-text\">Liv<\/span>\n\t\t\t\t\t<\/span>\n\t\t\t\t\t<\/a>\n\t\t\t\t\t\t\t\t<\/div>\n\t\t\t\t<div class=\"elementor-element elementor-element-39ffae1 elementor-widget elementor-widget-button\" data-id=\"39ffae1\" data-element_type=\"widget\" data-e-type=\"widget\" data-widget_type=\"button.default\">\n\t\t\t\t\t\t\t\t\t\t<a class=\"elementor-button elementor-button-link elementor-size-sm\" href=\"https:\/\/medicaltravel.net\/tr\/antalyadaki-hastaneler\/\">\n\t\t\t\t\t\t<span class=\"elementor-button-content-wrapper\">\n\t\t\t\t\t\t\t\t\t<span class=\"elementor-button-text\">Antalya<\/span>\n\t\t\t\t\t<\/span>\n\t\t\t\t\t<\/a>\n\t\t\t\t\t\t\t\t<\/div>\n\t\t\t\t<div class=\"elementor-element elementor-element-a7d1921 elementor-widget elementor-widget-button\" data-id=\"a7d1921\" data-element_type=\"widget\" data-e-type=\"widget\" data-widget_type=\"button.default\">\n\t\t\t\t\t\t\t\t\t\t<a class=\"elementor-button elementor-button-link elementor-size-sm\" href=\"https:\/\/medicaltravel.net\/tr\/izmirde-hastane\/\">\n\t\t\t\t\t\t<span class=\"elementor-button-content-wrapper\">\n\t\t\t\t\t\t\t\t\t<span class=\"elementor-button-text\"> \u0130zmir<\/span>\n\t\t\t\t\t<\/span>\n\t\t\t\t\t<\/a>\n\t\t\t\t\t\t\t\t<\/div>\n\t\t\t\t<div class=\"elementor-element elementor-element-3c763f4 elementor-widget elementor-widget-button\" data-id=\"3c763f4\" data-element_type=\"widget\" data-e-type=\"widget\" data-widget_type=\"button.default\">\n\t\t\t\t\t\t\t\t\t\t<a class=\"elementor-button elementor-button-link elementor-size-sm\" href=\"https:\/\/medicaltravel.net\/tr\/bodrumda-hastane\/\">\n\t\t\t\t\t\t<span class=\"elementor-button-content-wrapper\">\n\t\t\t\t\t\t\t\t\t<span class=\"elementor-button-text\">Bodrum<\/span>\n\t\t\t\t\t<\/span>\n\t\t\t\t\t<\/a>\n\t\t\t\t\t\t\t\t<\/div>\n\t\t\t\t<div class=\"elementor-element elementor-element-81717c3 elementor-widget elementor-widget-button\" data-id=\"81717c3\" data-element_type=\"widget\" data-e-type=\"widget\" data-widget_type=\"button.default\">\n\t\t\t\t\t\t\t\t\t\t<a class=\"elementor-button elementor-button-link elementor-size-sm\" href=\"https:\/\/medicaltravel.net\/rommer-rehabilitation-center-turkey\/\">\n\t\t\t\t\t\t<span class=\"elementor-button-content-wrapper\">\n\t\t\t\t\t\t\t\t\t<span class=\"elementor-button-text\">Rommer Bursa<\/span>\n\t\t\t\t\t<\/span>\n\t\t\t\t\t<\/a>\n\t\t\t\t\t\t\t\t<\/div>\n\t\t\t\t<\/div>\n\t\t\t\t<div class=\"elementor-element elementor-element-ae71872 elementor-widget elementor-widget-text-editor\" data-id=\"ae71872\" data-element_type=\"widget\" data-e-type=\"widget\" data-widget_type=\"text-editor.default\">\n\t\t\t\t\t\t\t\t\t\n<h3 class=\"wp-block-heading\">\u0130stanbul\u2019daki Liv Hastanesi<\/h3>\n\n<p><strong>Liv Hospital \u0130stanbul<\/strong>; a\u00e7\u0131l\u0131\u015f\u0131ndan k\u0131sa bir s\u00fcre sonra, sa\u011fl\u0131k alan\u0131ndaki en \u00f6nemli uluslararas\u0131 akreditasyon belgesi olan Amerika men\u015feli Joint Commission International (<strong>JCI<\/strong>) ve Avrupa <strong>ISO<\/strong> sertifikas\u0131 olan <strong>T\u00dcV<\/strong> ile \u00f6d\u00fcllendirilmi\u015ftir.<\/p>\n\n<p>T\u0131bbi b\u00f6l\u00fcmleri, teknolojisi, uzman hekim kadrosu ve insan hayat\u0131n\u0131n de\u011ferine duydu\u011fu i\u00e7ten ba\u011fl\u0131l\u0131kla 6 y\u0131ld\u0131r her ge\u00e7en g\u00fcn b\u00fcy\u00fcyen <strong>Liv Hospital<\/strong> Ulus, k\u0131sa s\u00fcrede sa\u011fl\u0131k hizmetlerinde bir referans merkezi haline gelmi\u015ftir.<\/p>\n\n<p><strong>Liv Hospital<\/strong>, Joint Commission International taraf\u0131ndan akredite edilmi\u015f ve ISO sertifikas\u0131na sahip, \u00e7ok disiplinli bir sa\u011fl\u0131k kurulu\u015fudur. Plastik ve estetik cerrahi b\u00f6l\u00fcm\u00fcne ek olarak hastane; kardiyoloji, <strong>n\u00f6roloji<\/strong>, ortopedi, <strong>genel t\u0131p<\/strong>, obezite cerrahisi, <strong>gastroenteroloji<\/strong>, pediatri, r<strong>ehabilitasyon<\/strong>, onkoloji ile <strong>kad\u0131n hastal\u0131klar\u0131 ve do\u011fum<\/strong> gibi bir\u00e7ok alanda da uzmanla\u015fm\u0131\u015ft\u0131r. Uluslararas\u0131 e\u011fitim alm\u0131\u015f hekimlerden olu\u015fan Liv Hospital ekibi, ileri tan\u0131 y\u00f6ntemleri ve en son teknoloji kullanarak 14.000\u2019den fazla uluslararas\u0131 hastay\u0131 tedavi etmi\u015ftir.  <\/p>\n\n<figure class=\"wp-block-image size-large\"><img fetchpriority=\"high\" decoding=\"async\" width=\"1024\" height=\"263\" class=\"wp-image-274\" src=\"https:\/\/medicaltravel.net\/wp-content\/uploads\/2025\/09\/518-1024x263.jpg\" alt=\"\" srcset=\"https:\/\/medicaltravel.net\/wp-content\/uploads\/2025\/09\/518-1024x263.jpg 1024w, https:\/\/medicaltravel.net\/wp-content\/uploads\/2025\/09\/518-300x77.jpg 300w, https:\/\/medicaltravel.net\/wp-content\/uploads\/2025\/09\/518-768x197.jpg 768w, https:\/\/medicaltravel.net\/wp-content\/uploads\/2025\/09\/518-1536x395.jpg 1536w, https:\/\/medicaltravel.net\/wp-content\/uploads\/2025\/09\/518.jpg 1900w\" sizes=\"(max-width: 1024px) 100vw, 1024px\" \/><\/figure>\n\n<p id=\"caption-attachment-1197\">\u0130stanbul\u2019daki son derece l\u00fcks \u00f6zel Liv Hastanesi<\/p>\n\n<figure class=\"wp-block-image size-large\"><img decoding=\"async\" width=\"1024\" height=\"263\" class=\"wp-image-276\" src=\"https:\/\/medicaltravel.net\/wp-content\/uploads\/2025\/09\/120-1024x263.jpg\" alt=\"\" srcset=\"https:\/\/medicaltravel.net\/wp-content\/uploads\/2025\/09\/120-1024x263.jpg 1024w, https:\/\/medicaltravel.net\/wp-content\/uploads\/2025\/09\/120-300x77.jpg 300w, https:\/\/medicaltravel.net\/wp-content\/uploads\/2025\/09\/120-768x197.jpg 768w, https:\/\/medicaltravel.net\/wp-content\/uploads\/2025\/09\/120-1536x395.jpg 1536w, https:\/\/medicaltravel.net\/wp-content\/uploads\/2025\/09\/120.jpg 1900w\" sizes=\"(max-width: 1024px) 100vw, 1024px\" \/><\/figure>\n\n<p id=\"caption-attachment-1193\">\u0130stanbul Liv Ulus l\u00fcks hastanesi<\/p>\n\n<p>Hastanenin <strong>farkl\u0131 t\u0131p merkezleri<\/strong> bulunmaktad\u0131r ve bunlar\u0131n \u00e7o\u011fu \u0130stanbul\u2019dad\u0131r. \u0130stanbul\u2019da ve t\u00fcm T\u00fcrkiye genelinde y\u00fcksek sosyetenin ilk t\u0131bbi tercihidir. <\/p>\n\t\t\t\t\t\t\t\t<\/div>\n\t\t\t\t\t<\/div>\n\t\t\t\t<\/div>\n\t\t\t\t<\/div>\n\t\t","protected":false},"excerpt":{"rendered":"<p>Ac\u0131badem Liv Antalya \u0130zmir Bodrum Rommer Bursa \u0130stanbul\u2019daki Liv Hastanesi Liv Hospital \u0130stanbul; a\u00e7\u0131l\u0131\u015f\u0131ndan k\u0131sa bir s\u00fcre sonra, sa\u011fl\u0131k alan\u0131ndaki en \u00f6nemli uluslararas\u0131 akreditasyon belgesi olan Amerika men\u015feli Joint Commission International (JCI) ve Avrupa ISO sertifikas\u0131 olan T\u00dcV ile \u00f6d\u00fcllendirilmi\u015ftir. T\u0131bbi b\u00f6l\u00fcmleri, teknolojisi, uzman hekim kadrosu ve insan hayat\u0131n\u0131n de\u011ferine duydu\u011fu i\u00e7ten ba\u011fl\u0131l\u0131kla 6 y\u0131ld\u0131r her ge\u00e7en g\u00fcn b\u00fcy\u00fcyen Liv Hospital Ulus, k\u0131sa s\u00fcrede sa\u011fl\u0131k hizmetlerinde bir referans merkezi haline gelmi\u015ftir. Liv Hospital, Joint Commission International taraf\u0131ndan akredite edilmi\u015f ve ISO sertifikas\u0131na sahip, \u00e7ok disiplinli bir sa\u011fl\u0131k kurulu\u015fudur. Plastik ve estetik cerrahi b\u00f6l\u00fcm\u00fcne ek olarak hastane; kardiyoloji, n\u00f6roloji, ortopedi, genel t\u0131p, obezite cerrahisi, gastroenteroloji, pediatri, rehabilitasyon, onkoloji ile kad\u0131n hastal\u0131klar\u0131 ve do\u011fum gibi bir\u00e7ok alanda da uzmanla\u015fm\u0131\u015ft\u0131r. Uluslararas\u0131 e\u011fitim alm\u0131\u015f hekimlerden olu\u015fan Liv Hospital ekibi, ileri tan\u0131 y\u00f6ntemleri ve en son teknoloji kullanarak 14.000\u2019den fazla uluslararas\u0131 hastay\u0131 tedavi etmi\u015ftir. \u0130stanbul\u2019daki son derece l\u00fcks \u00f6zel Liv Hastanesi \u0130stanbul Liv Ulus l\u00fcks hastanesi Hastanenin farkl\u0131 t\u0131p merkezleri bulunmaktad\u0131r ve bunlar\u0131n \u00e7o\u011fu \u0130stanbul\u2019dad\u0131r. \u0130stanbul\u2019da ve t\u00fcm T\u00fcrkiye genelinde y\u00fcksek sosyetenin ilk t\u0131bbi tercihidir.<\/p>\n","protected":false},"author":4,"featured_media":0,"parent":0,"menu_order":0,"comment_status":"closed","ping_status":"closed","template":"","meta":{"_joinchat":[],"footnotes":""},"class_list":["post-2635","page","type-page","status-publish","hentry"],"acf":[],"_links":{"self":[{"href":"https:\/\/medicaltravel.net\/tr\/wp-json\/wp\/v2\/pages\/2635","targetHints":{"allow":["GET"]}}],"collection":[{"href":"https:\/\/medicaltravel.net\/tr\/wp-json\/wp\/v2\/pages"}],"about":[{"href":"https:\/\/medicaltravel.net\/tr\/wp-json\/wp\/v2\/types\/page"}],"author":[{"embeddable":true,"href":"https:\/\/medicaltravel.net\/tr\/wp-json\/wp\/v2\/users\/4"}],"replies":[{"embeddable":true,"href":"https:\/\/medicaltravel.net\/tr\/wp-json\/wp\/v2\/comments?post=2635"}],"version-history":[{"count":7,"href":"https:\/\/medicaltravel.net\/tr\/wp-json\/wp\/v2\/pages\/2635\/revisions"}],"predecessor-version":[{"id":2643,"href":"https:\/\/medicaltravel.net\/tr\/wp-json\/wp\/v2\/pages\/2635\/revisions\/2643"}],"wp:attachment":[{"href":"https:\/\/medicaltravel.net\/tr\/wp-json\/wp\/v2\/media?parent=2635"}],"curies":[{"name":"wp","href":"https:\/\/api.w.org\/{rel}","templated":true}]}}