{"id":2644,"date":"2025-09-29T09:29:06","date_gmt":"2025-09-29T08:29:06","guid":{"rendered":"https:\/\/medicaltravel.net\/norolojik-tedavi-klinikleri-turkiye-istanbul-antalya-izmir\/"},"modified":"2026-01-11T11:12:25","modified_gmt":"2026-01-11T10:12:25","slug":"norolojik-tedavi-klinikleri-turkiye-istanbul-antalya-izmir","status":"publish","type":"page","link":"https:\/\/medicaltravel.net\/tr\/norolojik-tedavi-klinikleri-turkiye-istanbul-antalya-izmir\/","title":{"rendered":"N\u00f6rolojik Tedavi Klinikleri T\u00fcrkiye \u0130stanbul Antalya \u0130zmir"},"content":{"rendered":"\t\t<div data-elementor-type=\"wp-page\" data-elementor-id=\"2644\" class=\"elementor elementor-2644 elementor-59\" data-elementor-post-type=\"page\">\n\t\t\t\t<div class=\"elementor-element elementor-element-265212af e-flex e-con-boxed wpr-particle-no wpr-jarallax-no wpr-parallax-no wpr-sticky-section-no e-con e-parent\" data-id=\"265212af\" data-element_type=\"container\" data-e-type=\"container\">\n\t\t\t\t\t<div class=\"e-con-inner\">\n\t\t<div class=\"elementor-element elementor-element-e7c7611 e-con-full e-flex wpr-particle-no wpr-jarallax-no wpr-parallax-no wpr-sticky-section-no e-con e-child\" data-id=\"e7c7611\" data-element_type=\"container\" data-e-type=\"container\">\n\t\t\t\t<div class=\"elementor-element elementor-element-88cc28c elementor-widget elementor-widget-button\" data-id=\"88cc28c\" data-element_type=\"widget\" data-e-type=\"widget\" data-widget_type=\"button.default\">\n\t\t\t\t\t\t\t\t\t\t<a class=\"elementor-button elementor-button-link elementor-size-sm\" href=\"https:\/\/medicaltravel.net\/neurological-treatments-turkey-istanbul\/diseases\/parkinson\/\">\n\t\t\t\t\t\t<span class=\"elementor-button-content-wrapper\">\n\t\t\t\t\t\t\t\t\t<span class=\"elementor-button-text\">Parkinson Hastal\u0131\u011f\u0131<\/span>\n\t\t\t\t\t<\/span>\n\t\t\t\t\t<\/a>\n\t\t\t\t\t\t\t\t<\/div>\n\t\t\t\t<div class=\"elementor-element elementor-element-f66cb13 elementor-widget elementor-widget-button\" data-id=\"f66cb13\" data-element_type=\"widget\" data-e-type=\"widget\" data-widget_type=\"button.default\">\n\t\t\t\t\t\t\t\t\t\t<a class=\"elementor-button elementor-button-link elementor-size-sm\" href=\"https:\/\/medicaltravel.net\/neurological-treatments-turkey-istanbul\/diseases-epilepsy-surgery\/\">\n\t\t\t\t\t\t<span class=\"elementor-button-content-wrapper\">\n\t\t\t\t\t\t\t\t\t<span class=\"elementor-button-text\">Epilepsi Cerrahisi<\/span>\n\t\t\t\t\t<\/span>\n\t\t\t\t\t<\/a>\n\t\t\t\t\t\t\t\t<\/div>\n\t\t\t\t<div class=\"elementor-element elementor-element-a09d91b elementor-widget elementor-widget-button\" data-id=\"a09d91b\" data-element_type=\"widget\" data-e-type=\"widget\" data-widget_type=\"button.default\">\n\t\t\t\t\t\t\t\t\t\t<a class=\"elementor-button elementor-button-link elementor-size-sm\" href=\"https:\/\/medicaltravel.net\/neurological-treatments-turkey-istanbul\/diseases\/cerebral-palsy\/\">\n\t\t\t\t\t\t<span class=\"elementor-button-content-wrapper\">\n\t\t\t\t\t\t\t\t\t<span class=\"elementor-button-text\">Serebral Palsi<\/span>\n\t\t\t\t\t<\/span>\n\t\t\t\t\t<\/a>\n\t\t\t\t\t\t\t\t<\/div>\n\t\t\t\t<div class=\"elementor-element elementor-element-515c760 elementor-widget elementor-widget-button\" data-id=\"515c760\" data-element_type=\"widget\" data-e-type=\"widget\" data-widget_type=\"button.default\">\n\t\t\t\t\t\t\t\t\t\t<a class=\"elementor-button elementor-button-link elementor-size-sm\" href=\"https:\/\/medicaltravel.net\/neurological-treatments-turkey-istanbul\/neurology\/\">\n\t\t\t\t\t\t<span class=\"elementor-button-content-wrapper\">\n\t\t\t\t\t\t\t\t\t<span class=\"elementor-button-text\">Di\u011fer Tedaviler<\/span>\n\t\t\t\t\t<\/span>\n\t\t\t\t\t<\/a>\n\t\t\t\t\t\t\t\t<\/div>\n\t\t\t\t<\/div>\n\t\t\t\t<div class=\"elementor-element elementor-element-1a3e888d elementor-widget elementor-widget-text-editor\" data-id=\"1a3e888d\" data-element_type=\"widget\" data-e-type=\"widget\" data-widget_type=\"text-editor.default\">\n\t\t\t\t\t\t\t\t\t\n<h3 class=\"wp-block-heading\">T\u00fcrkiye\u2019de N\u00f6rolojik Tedaviler \u2013 \u0130stanbul \u2013 Antalya \u2013 \u0130zmir<\/h3>\n\n<p>T\u00fcrk hastanelerindeki N\u00f6roloji ve Beyin Cerrahisi b\u00f6l\u00fcmleri, en karma\u015f\u0131k hastal\u0131klar\u0131 \u00e7ok disiplinli bir yakla\u015f\u0131mla tedavi etmektedir. Hem yeti\u015fkinler hem de \u00e7ocuklar i\u00e7in y\u00fcr\u00fct\u00fclen n\u00f6roloji ve beyin cerrahisi programlar\u0131, hastalar\u0131m\u0131za kapsaml\u0131 bak\u0131m sa\u011flamak amac\u0131yla di\u011fer pediatrik, radyolojik ve onkolojik disiplinlerle yak\u0131n i\u015f birli\u011fi i\u00e7inde \u00e7al\u0131\u015fmaktad\u0131r. <\/p>\n\n<figure class=\"wp-block-image size-full\"><img fetchpriority=\"high\" decoding=\"async\" width=\"622\" height=\"350\" class=\"wp-image-216\" src=\"https:\/\/medicaltravel.net\/wp-content\/uploads\/2025\/09\/csm_head_xray_52a012b826.jpg\" alt=\"\" srcset=\"https:\/\/medicaltravel.net\/wp-content\/uploads\/2025\/09\/csm_head_xray_52a012b826.jpg 622w, https:\/\/medicaltravel.net\/wp-content\/uploads\/2025\/09\/csm_head_xray_52a012b826-300x169.jpg 300w\" sizes=\"(max-width: 622px) 100vw, 622px\" \/><\/figure>\n\n<p id=\"caption-attachment-235\">N\u00f6rolojik Hastal\u0131klar\u0131n\u0131z\u0131n Tedavisi i\u00e7in T\u00fcrkiye\u2019deki bu alandaki en iyi hastanelerden birinde medikal seyahatinizi d\u00fczenliyoruz. Hastaneler JCI sertifikas\u0131na sahiptir.<\/p>\n\n<h3 class=\"wp-block-heading\">N\u00f6rolojik hastal\u0131klar nas\u0131l tedavi edilir?<\/h3>\n\n<p>\u00c7ok say\u0131da hastal\u0131k tedavi edilebilir. Her durum i\u00e7in tedavi veya semptomlar\u0131 hafifletme farkl\u0131l\u0131k g\u00f6sterir. Tedavi se\u00e7eneklerini belirlemek i\u00e7in n\u00f6rologlar beyin veya sinir sistemi testleri yapar ve bunlar\u0131 yorumlar. Tedavi, n\u00f6rolojik hastal\u0131\u011f\u0131 olan hastalar\u0131n m\u00fcmk\u00fcn olan en iyi ya\u015fam kalitesini korumas\u0131na yard\u0131mc\u0131 olabilir.   <\/p>\n\n<h3 class=\"wp-block-heading\">N\u00f6rolojik muayene nedir?<\/h3>\n\n<p>N\u00f6rolojik muayene s\u0131ras\u0131nda, n\u00f6rolog hastan\u0131n sa\u011fl\u0131k ge\u00e7mi\u015fini mevcut duruma \u00f6zel dikkat g\u00f6stererek inceler. Ard\u0131ndan hasta n\u00f6rolojik bir muayeneye tabi tutulur. Genellikle bu muayene g\u00f6rme, kuvvet, koordinasyon, refleksler ve duyular\u0131 test eder. Bu bilgiler, n\u00f6rologun problemin sinir sisteminde olup olmad\u0131\u011f\u0131n\u0131 belirlemesine yard\u0131mc\u0131 olur. Tan\u0131y\u0131 do\u011frulamak veya uygun bir tedavi bulmak i\u00e7in ek testler gerekebilir.    <\/p>\n\n<h3 class=\"wp-block-heading\">Hastalar neden n\u00f6rolojik muayeneye ihtiya\u00e7 duyar?<\/h3>\n\n<p>Bir n\u00f6rolojik muayene, aile hekiminin beyin veya sinir sistemi ile ilgili olabilecek belirtileri olan bir hasta hakk\u0131nda uzman g\u00f6r\u00fc\u015f\u00fc almak istedi\u011finde kullan\u0131l\u0131r. Muayene, hasta n\u00f6rologdan ikinci bir g\u00f6r\u00fc\u015f almak istedi\u011finde de yap\u0131labilir. N\u00f6rologun beyin ve sinir sistemi hastal\u0131klar\u0131ndaki uzmanl\u0131\u011f\u0131, hastalara n\u00f6rolojik hastal\u0131klar i\u00e7in etkili tan\u0131 ve tedavi imkan\u0131 sa\u011flar.  <\/p>\n\n<p>Beyin cerrahlar\u0131 ve n\u00f6rologlar, en karma\u015f\u0131k n\u00f6rolojik hastal\u0131klar\u0131 de\u011ferlendirme ve tedavi etme konusunda deneyime sahiptir ve mevcut en g\u00fcncel tedavileri sunar. T\u00fcm uzmanlar, beyin cerrahisinde mevcut en son teknolojiyi kullanmaktad\u0131r. <\/p>\n\n<p><strong>N\u00f6rolojik Rehabilitasyonlar<\/strong><br>T\u00fcrkiye\u2019deki n\u00f6rolojik rehabilitasyon klinikleri hakk\u0131nda daha fazla bilgiyi <a href=\"https:\/\/medicaltravel.net\/rommer-rehabilitation-center-turkey\/\" data-type=\"page\" data-id=\"113\">burada<\/a> bulabilirsiniz.<\/p>\n\t\t\t\t\t\t\t\t<\/div>\n\t\t\t\t\t<\/div>\n\t\t\t\t<\/div>\n\t\t\t\t<\/div>\n\t\t","protected":false},"excerpt":{"rendered":"<p>Parkinson Hastal\u0131\u011f\u0131 Epilepsi Cerrahisi Serebral Palsi Di\u011fer Tedaviler T\u00fcrkiye\u2019de N\u00f6rolojik Tedaviler \u2013 \u0130stanbul \u2013 Antalya \u2013 \u0130zmir T\u00fcrk hastanelerindeki N\u00f6roloji ve Beyin Cerrahisi b\u00f6l\u00fcmleri, en karma\u015f\u0131k hastal\u0131klar\u0131 \u00e7ok disiplinli bir yakla\u015f\u0131mla tedavi etmektedir. Hem yeti\u015fkinler hem de \u00e7ocuklar i\u00e7in y\u00fcr\u00fct\u00fclen n\u00f6roloji ve beyin cerrahisi programlar\u0131, hastalar\u0131m\u0131za kapsaml\u0131 bak\u0131m sa\u011flamak amac\u0131yla di\u011fer pediatrik, radyolojik ve onkolojik disiplinlerle yak\u0131n i\u015f birli\u011fi i\u00e7inde \u00e7al\u0131\u015fmaktad\u0131r. N\u00f6rolojik Hastal\u0131klar\u0131n\u0131z\u0131n Tedavisi i\u00e7in T\u00fcrkiye\u2019deki bu alandaki en iyi hastanelerden birinde medikal seyahatinizi d\u00fczenliyoruz. Hastaneler JCI sertifikas\u0131na sahiptir. N\u00f6rolojik hastal\u0131klar nas\u0131l tedavi edilir? \u00c7ok say\u0131da hastal\u0131k tedavi edilebilir. Her durum i\u00e7in tedavi veya semptomlar\u0131 hafifletme farkl\u0131l\u0131k g\u00f6sterir. Tedavi se\u00e7eneklerini belirlemek i\u00e7in n\u00f6rologlar beyin veya sinir sistemi testleri yapar ve bunlar\u0131 yorumlar. Tedavi, n\u00f6rolojik hastal\u0131\u011f\u0131 olan hastalar\u0131n m\u00fcmk\u00fcn olan en iyi ya\u015fam kalitesini korumas\u0131na yard\u0131mc\u0131 olabilir. N\u00f6rolojik muayene nedir? N\u00f6rolojik muayene s\u0131ras\u0131nda, n\u00f6rolog hastan\u0131n sa\u011fl\u0131k ge\u00e7mi\u015fini mevcut duruma \u00f6zel dikkat g\u00f6stererek inceler. Ard\u0131ndan hasta n\u00f6rolojik bir muayeneye tabi tutulur. Genellikle bu muayene g\u00f6rme, kuvvet, koordinasyon, refleksler ve duyular\u0131 test eder. Bu bilgiler, n\u00f6rologun problemin sinir sisteminde olup olmad\u0131\u011f\u0131n\u0131 belirlemesine yard\u0131mc\u0131 olur. Tan\u0131y\u0131 do\u011frulamak veya uygun bir tedavi bulmak i\u00e7in ek testler gerekebilir. Hastalar neden n\u00f6rolojik muayeneye ihtiya\u00e7 duyar? Bir n\u00f6rolojik muayene, aile hekiminin beyin veya sinir sistemi ile ilgili olabilecek belirtileri olan bir hasta hakk\u0131nda uzman g\u00f6r\u00fc\u015f\u00fc almak istedi\u011finde kullan\u0131l\u0131r. Muayene, hasta n\u00f6rologdan ikinci bir g\u00f6r\u00fc\u015f almak istedi\u011finde de yap\u0131labilir. N\u00f6rologun beyin ve sinir sistemi hastal\u0131klar\u0131ndaki uzmanl\u0131\u011f\u0131, hastalara n\u00f6rolojik hastal\u0131klar i\u00e7in etkili tan\u0131 ve tedavi imkan\u0131 sa\u011flar. Beyin cerrahlar\u0131 ve n\u00f6rologlar, en karma\u015f\u0131k n\u00f6rolojik hastal\u0131klar\u0131 de\u011ferlendirme ve tedavi etme konusunda deneyime sahiptir ve mevcut en g\u00fcncel tedavileri sunar. T\u00fcm uzmanlar, beyin cerrahisinde mevcut en son teknolojiyi kullanmaktad\u0131r. N\u00f6rolojik RehabilitasyonlarT\u00fcrkiye\u2019deki n\u00f6rolojik rehabilitasyon klinikleri hakk\u0131nda daha fazla bilgiyi burada bulabilirsiniz.<\/p>\n","protected":false},"author":4,"featured_media":0,"parent":0,"menu_order":0,"comment_status":"closed","ping_status":"closed","template":"","meta":{"_joinchat":[],"footnotes":""},"class_list":["post-2644","page","type-page","status-publish","hentry"],"acf":[],"_links":{"self":[{"href":"https:\/\/medicaltravel.net\/tr\/wp-json\/wp\/v2\/pages\/2644","targetHints":{"allow":["GET"]}}],"collection":[{"href":"https:\/\/medicaltravel.net\/tr\/wp-json\/wp\/v2\/pages"}],"about":[{"href":"https:\/\/medicaltravel.net\/tr\/wp-json\/wp\/v2\/types\/page"}],"author":[{"embeddable":true,"href":"https:\/\/medicaltravel.net\/tr\/wp-json\/wp\/v2\/users\/4"}],"replies":[{"embeddable":true,"href":"https:\/\/medicaltravel.net\/tr\/wp-json\/wp\/v2\/comments?post=2644"}],"version-history":[{"count":3,"href":"https:\/\/medicaltravel.net\/tr\/wp-json\/wp\/v2\/pages\/2644\/revisions"}],"predecessor-version":[{"id":2647,"href":"https:\/\/medicaltravel.net\/tr\/wp-json\/wp\/v2\/pages\/2644\/revisions\/2647"}],"wp:attachment":[{"href":"https:\/\/medicaltravel.net\/tr\/wp-json\/wp\/v2\/media?parent=2644"}],"curies":[{"name":"wp","href":"https:\/\/api.w.org\/{rel}","templated":true}]}}