{"id":2648,"date":"2025-09-29T09:31:40","date_gmt":"2025-09-29T08:31:40","guid":{"rendered":"https:\/\/medicaltravel.net\/norolojik-tedavi-klinikleri-turkiye-istanbul-antalya-izmir\/hastaliklar\/"},"modified":"2026-01-11T11:21:17","modified_gmt":"2026-01-11T10:21:17","slug":"hastaliklar","status":"publish","type":"page","link":"https:\/\/medicaltravel.net\/tr\/norolojik-tedavi-klinikleri-turkiye-istanbul-antalya-izmir\/hastaliklar\/","title":{"rendered":"Hastal\u0131klar"},"content":{"rendered":"\n<ul class=\"wp-block-list\">\n<li><a href=\"https:\/\/www.medicaltravel.net\/neurological-diseases\/diseases\/parkinsons-disease\/\">Parkinson Hastal\u0131\u011f\u0131<\/a><\/li>\n\n\n\n<li><a href=\"https:\/\/www.medicaltravel.net\/neurological-diseases\/diseases\/epilepsy-surgery\/\">Epilepsi Cerrahisi<\/a><\/li>\n\n\n\n<li><a href=\"https:\/\/www.medicaltravel.net\/neurological-diseases\/diseases\/cerebral-palsy\/\">Serebral Palsi<\/a><\/li>\n<\/ul>\n\n<h3 class=\"wp-block-heading\">T\u00dcRK\u0130YE\u2019DE N\u00d6ROLOJ\u0130K HASTALIKLAR \u0130\u00c7\u0130N TEDAV\u0130 PROGRAMLARI<\/h3>\n\n<p>Ac\u0131badem Hastanelerinde her t\u00fcrl\u00fc beyin cerrahisi operasyonu ger\u00e7ekle\u015ftirilebilir.<\/p>\n\n<p><strong>Yeti\u015fkinler<\/strong><\/p>\n\n<ul class=\"wp-block-list\">\n<li><strong>Beyin<\/strong>\n<ul class=\"wp-block-list\">\n<li>Beyin t\u00fcm\u00f6rleri (iyi huylu ve k\u00f6t\u00fc huylu)<\/li>\n\n\n\n<li>Kafa taban\u0131 t\u00fcm\u00f6rleri<\/li>\n\n\n\n<li>Damar Hastal\u0131klar\u0131 (beyin kanamas\u0131, beyin anevrizmalar\u0131, arteriyoven\u00f6z malformasyonlar, kavern\u00f6z malformasyonlar ve fel\u00e7)<\/li>\n\n\n\n<li>Hidrosefali (beyinde s\u0131v\u0131 birikmesi)<\/li>\n\n\n\n<li>Travma<\/li>\n\n\n\n<li>Do\u011fumsal malformasyonlar<\/li>\n\n\n\n<li>Enfeksiyonlar<\/li>\n\n\n\n<li>Fonksiyonel beyin cerrahisi (Hareket bozuklu\u011fu cerrahisi, a\u011fr\u0131 cerrahisi)<\/li>\n\n\n\n<li>Gamma Knife Radyocerrahisi<\/li>\n<\/ul>\n<\/li>\n<\/ul>\n\n<ul class=\"wp-block-list\">\n<li><strong>Omurga<\/strong>\n<ul class=\"wp-block-list\">\n<li>F\u0131t\u0131k Ameliyat\u0131\n<ul class=\"wp-block-list\">\n<li>Boyun (Servikal)<\/li>\n\n\n\n<li>G\u00f6\u011f\u00fcs (Torakal)<\/li>\n\n\n\n<li>Bel (Lomber)<\/li>\n<\/ul>\n<\/li>\n\n\n\n<li>Degeneratif ve ya\u015fa ba\u011fl\u0131 omurga hastal\u0131klar\u0131<\/li>\n\n\n\n<li>Aletli dahil olmak \u00fczere kompleks omurga ameliyatlar\u0131<\/li>\n\n\n\n<li>Omurilik ve omurga t\u00fcm\u00f6rleri<\/li>\n\n\n\n<li>Damar malformasyonlar\u0131 (Omurga arteriyoven\u00f6z malformasyonlar)<\/li>\n\n\n\n<li>Travma<\/li>\n\n\n\n<li>Enfeksiyonlar<\/li>\n<\/ul>\n<\/li>\n<\/ul>\n\n<ul class=\"wp-block-list\">\n<li><strong>Periferik Sinir Sistemi<\/strong>\n<ul class=\"wp-block-list\">\n<li>Sinir S\u0131k\u0131\u015fma Sendromlar\u0131<\/li>\n\n\n\n<li>Sinir Yaralanmalar\u0131<\/li>\n<\/ul>\n<\/li>\n<\/ul>\n\n<ul class=\"wp-block-list\">\n<li><strong>\u00c7ocuk<\/strong>\n<ul class=\"wp-block-list\">\n<li>Do\u011fumsal Beyin Anomalileri<\/li>\n\n\n\n<li>Hidrosefali (beyinde s\u0131v\u0131 birikmesi)<\/li>\n\n\n\n<li>Kraniosinostoz (kafatas\u0131 kemiklerinin erken kapanmas\u0131)<\/li>\n\n\n\n<li>Araknoid Kistleri (beyin kistleri)<\/li>\n\n\n\n<li>Kraniyovertebral eklem anomalileri<\/li>\n\n\n\n<li>Spinal Disrafizm (Ba\u011fl\u0131 Omurilik Sendromu, B\u00f6l\u00fcnm\u00fc\u015f Omurilik Anomalileri)<\/li>\n<\/ul>\n<\/li>\n<\/ul>\n","protected":false},"excerpt":{"rendered":"<p>T\u00dcRK\u0130YE\u2019DE N\u00d6ROLOJ\u0130K HASTALIKLAR \u0130\u00c7\u0130N TEDAV\u0130 PROGRAMLARI Ac\u0131badem Hastanelerinde her t\u00fcrl\u00fc beyin cerrahisi operasyonu ger\u00e7ekle\u015ftirilebilir. Yeti\u015fkinler<\/p>\n","protected":false},"author":4,"featured_media":0,"parent":2644,"menu_order":0,"comment_status":"closed","ping_status":"closed","template":"","meta":{"_joinchat":[],"footnotes":""},"class_list":["post-2648","page","type-page","status-publish","hentry"],"acf":[],"_links":{"self":[{"href":"https:\/\/medicaltravel.net\/tr\/wp-json\/wp\/v2\/pages\/2648","targetHints":{"allow":["GET"]}}],"collection":[{"href":"https:\/\/medicaltravel.net\/tr\/wp-json\/wp\/v2\/pages"}],"about":[{"href":"https:\/\/medicaltravel.net\/tr\/wp-json\/wp\/v2\/types\/page"}],"author":[{"embeddable":true,"href":"https:\/\/medicaltravel.net\/tr\/wp-json\/wp\/v2\/users\/4"}],"replies":[{"embeddable":true,"href":"https:\/\/medicaltravel.net\/tr\/wp-json\/wp\/v2\/comments?post=2648"}],"version-history":[{"count":1,"href":"https:\/\/medicaltravel.net\/tr\/wp-json\/wp\/v2\/pages\/2648\/revisions"}],"predecessor-version":[{"id":2649,"href":"https:\/\/medicaltravel.net\/tr\/wp-json\/wp\/v2\/pages\/2648\/revisions\/2649"}],"up":[{"embeddable":true,"href":"https:\/\/medicaltravel.net\/tr\/wp-json\/wp\/v2\/pages\/2644"}],"wp:attachment":[{"href":"https:\/\/medicaltravel.net\/tr\/wp-json\/wp\/v2\/media?parent=2648"}],"curies":[{"name":"wp","href":"https:\/\/api.w.org\/{rel}","templated":true}]}}