{"id":2659,"date":"2025-09-29T09:35:28","date_gmt":"2025-09-29T08:35:28","guid":{"rendered":"https:\/\/medicaltravel.net\/norolojik-tedavi-klinikleri-turkiye-istanbul-antalya-izmir\/epilepsi-cerrahi-tedavisi-turkiye-istanbul-antalya-izmir\/"},"modified":"2026-01-11T13:16:07","modified_gmt":"2026-01-11T12:16:07","slug":"epilepsi-cerrahi-tedavisi-turkiye-istanbul-antalya-izmir","status":"publish","type":"page","link":"https:\/\/medicaltravel.net\/tr\/norolojik-tedavi-klinikleri-turkiye-istanbul-antalya-izmir\/epilepsi-cerrahi-tedavisi-turkiye-istanbul-antalya-izmir\/","title":{"rendered":"Epilepsi cerrahi tedavisi T\u00fcrkiye, \u0130stanbul, Antalya, \u0130zmir"},"content":{"rendered":"\t\t<div data-elementor-type=\"wp-page\" data-elementor-id=\"2659\" class=\"elementor elementor-2659 elementor-65\" data-elementor-post-type=\"page\">\n\t\t\t\t<div class=\"elementor-element elementor-element-1ebaceeb e-flex e-con-boxed wpr-particle-no wpr-jarallax-no wpr-parallax-no wpr-sticky-section-no e-con e-parent\" data-id=\"1ebaceeb\" data-element_type=\"container\" data-e-type=\"container\">\n\t\t\t\t\t<div class=\"e-con-inner\">\n\t\t<div class=\"elementor-element elementor-element-9d3ae71 e-con-full e-flex wpr-particle-no wpr-jarallax-no wpr-parallax-no wpr-sticky-section-no e-con e-child\" data-id=\"9d3ae71\" data-element_type=\"container\" data-e-type=\"container\">\n\t\t\t\t<div class=\"elementor-element elementor-element-0d32653 elementor-widget elementor-widget-button\" data-id=\"0d32653\" data-element_type=\"widget\" data-e-type=\"widget\" data-widget_type=\"button.default\">\n\t\t\t\t\t\t\t\t\t\t<a class=\"elementor-button elementor-button-link elementor-size-sm\" href=\"https:\/\/medicaltravel.net\/tr\/norolojik-tedavi-klinikleri-turkiye-istanbul-antalya-izmir\/hastaliklar\/parkinson-tedavileri-turkiye-istanbul-antalya-izmir\/\">\n\t\t\t\t\t\t<span class=\"elementor-button-content-wrapper\">\n\t\t\t\t\t\t\t\t\t<span class=\"elementor-button-text\">Parkinson Hastal\u0131\u011f\u0131<\/span>\n\t\t\t\t\t<\/span>\n\t\t\t\t\t<\/a>\n\t\t\t\t\t\t\t\t<\/div>\n\t\t\t\t<div class=\"elementor-element elementor-element-3c38cf5 elementor-widget elementor-widget-button\" data-id=\"3c38cf5\" data-element_type=\"widget\" data-e-type=\"widget\" data-widget_type=\"button.default\">\n\t\t\t\t\t\t\t\t\t\t<a class=\"elementor-button elementor-button-link elementor-size-sm\" href=\"https:\/\/medicaltravel.net\/tr\/norolojik-tedavi-klinikleri-turkiye-istanbul-antalya-izmir\/epilepsi-cerrahi-tedavisi-turkiye-istanbul-antalya-izmir\/\">\n\t\t\t\t\t\t<span class=\"elementor-button-content-wrapper\">\n\t\t\t\t\t\t\t\t\t<span class=\"elementor-button-text\">Epilepsi Cerrahisi<\/span>\n\t\t\t\t\t<\/span>\n\t\t\t\t\t<\/a>\n\t\t\t\t\t\t\t\t<\/div>\n\t\t\t\t<div class=\"elementor-element elementor-element-2a521e3 elementor-widget elementor-widget-button\" data-id=\"2a521e3\" data-element_type=\"widget\" data-e-type=\"widget\" data-widget_type=\"button.default\">\n\t\t\t\t\t\t\t\t\t\t<a class=\"elementor-button elementor-button-link elementor-size-sm\" href=\"https:\/\/medicaltravel.net\/tr\/norolojik-tedavi-klinikleri-turkiye-istanbul-antalya-izmir\/hastaliklar\/spinal-disrafizm-bagli-omurilik-sendromu-bolunmus-omurilik-anomalileri\/\">\n\t\t\t\t\t\t<span class=\"elementor-button-content-wrapper\">\n\t\t\t\t\t\t\t\t\t<span class=\"elementor-button-text\">Serebral Palsi<\/span>\n\t\t\t\t\t<\/span>\n\t\t\t\t\t<\/a>\n\t\t\t\t\t\t\t\t<\/div>\n\t\t\t\t<div class=\"elementor-element elementor-element-2985a47 elementor-widget elementor-widget-button\" data-id=\"2985a47\" data-element_type=\"widget\" data-e-type=\"widget\" data-widget_type=\"button.default\">\n\t\t\t\t\t\t\t\t\t\t<a class=\"elementor-button elementor-button-link elementor-size-sm\" href=\"https:\/\/medicaltravel.net\/neurological-treatments-turkey-istanbul\/neurology\/\">\n\t\t\t\t\t\t<span class=\"elementor-button-content-wrapper\">\n\t\t\t\t\t\t\t\t\t<span class=\"elementor-button-text\">Di\u011fer Tedaviler<\/span>\n\t\t\t\t\t<\/span>\n\t\t\t\t\t<\/a>\n\t\t\t\t\t\t\t\t<\/div>\n\t\t\t\t<\/div>\n\t\t\t\t<div class=\"elementor-element elementor-element-5285204f elementor-widget elementor-widget-text-editor\" data-id=\"5285204f\" data-element_type=\"widget\" data-e-type=\"widget\" data-widget_type=\"text-editor.default\">\n\t\t\t\t\t\t\t\t\t\n<h3 class=\"wp-block-heading\">Epilepsi cerrahi tedavisi T\u00fcrkiye, \u0130stanbul, Antalya, \u0130zmir<br>T\u00dcRK\u0130YE&#8217; N\u0130N EN \u0130Y\u0130 EP\u0130LEPS\u0130 MERKEZ\u0130<\/h3>\n\n<p>Yeti\u015fkin ve pediatrik n\u00f6ro\u015fir\u00fcrji b\u00f6l\u00fcmleri i\u00e7in T\u00fcrkiye\u2019nin en iyi hastaneleri, epilepsi cerrahisinde mevcut olan t\u00fcm cerrahi m\u00fcdahale t\u00fcrlerini ger\u00e7ekle\u015ftirmektedir. Epilepsinin birincil tedavisi t\u0131bbi olsa da, hastalar\u0131n yakla\u015f\u0131k %20-30\u2019u ila\u00e7lara yan\u0131t vermez. Bu t\u00fcr hastalarda alternatif tedavi cerrahidir. Epilepsi cerrahisinin \u00fc\u00e7 y\u00f6ntemi (rezektif cerrahi, ba\u011flant\u0131 kesme cerrahisi ve vagus sinir stim\u00fclasyonu) Ac\u0131badem Sa\u011fl\u0131k Grubu\u2019nda ba\u015far\u0131yla uygulanmaktad\u0131r.   <\/p>\n\n<h3 class=\"wp-block-heading\">Epilepsi nas\u0131l te\u015fhis edilir?<\/h3>\n\n<ol class=\"wp-block-list\">\n<li>Epilepsi tamamen klinik bir tan\u0131d\u0131r. Kesin tan\u0131, hastan\u0131n ayr\u0131nt\u0131l\u0131 \u00f6yk\u00fcs\u00fc al\u0131nd\u0131ktan veya bir n\u00f6bet g\u00f6zlemlendikten sonra konulabilir. <\/li>\n\n<li>EEG (elektroensefalografi), beyin MR\u2019\u0131 (manyetik rezonans), PET taramas\u0131, SPECT ve n\u00f6ropsikolojik de\u011ferlendirme, epilepsi tan\u0131s\u0131na yard\u0131mc\u0131 olan y\u00f6ntemlerdir.<\/li>\n<\/ol>\n\n<h3 class=\"wp-block-heading\">Epilepsi nas\u0131l tedavi edilir?<\/h3>\n\n<ul class=\"wp-block-list\">\n<li>\n<ul class=\"wp-block-list\">\n<li>\u0130la\u00e7la tedavi<\/li>\n<\/ul>\n<\/li>\n<\/ul>\n\n<p>Epilepsi tan\u0131s\u0131 konulduktan hemen sonra hastaya ila\u00e7 tedavisine ba\u015flan\u0131r. Kullan\u0131lacak ila\u00e7 t\u00fcr\u00fcne, n\u00f6bet \u00e7e\u015fitleri, epilepsinin s\u0131n\u0131fland\u0131r\u0131lmas\u0131 ile EEG ve MR bulgular\u0131 dikkate al\u0131narak karar verilir. En s\u0131k g\u00f6r\u00fclen yan etkiler ciltte soyulma, karaci\u011fer fonksiyonlar\u0131nda art\u0131\u015f ve omurilik \u00fczerinde bask\u0131d\u0131r. Hasta yak\u0131nlar\u0131 bu yan etkiler hakk\u0131nda bilgilendirilir ve uyar\u0131l\u0131r. Baz\u0131 ila\u00e7lar, hastan\u0131n karaci\u011fer fonksiyonlar\u0131n\u0131n ve kan de\u011ferlerinin belirli aral\u0131klarla takip edilmesini gerektirir. Hastaya g\u00f6re de\u011fi\u015fmekle birlikte, ila\u00e7lar\u0131n en az iki y\u0131l s\u00fcreyle kullan\u0131lmas\u0131 gerekir. Bu s\u00fcrenin sonunda doktor kontrol\u00fcnde ila\u00e7 tedavisi sonland\u0131r\u0131labilir.      <\/p>\n\n<ul class=\"wp-block-list\">\n<li>\n<ul class=\"wp-block-list\">\n<li>Cerrahi tedavi<\/li>\n<\/ul>\n<\/li>\n<\/ul>\n\n<p>\u0130la\u00e7 tedavisine yan\u0131t vermeyen hastalarda (diren\u00e7li epilepsi) cerrahi tedavi m\u00fcmk\u00fcn olabilir. Bu hastalar\u0131n b\u00fcy\u00fck bir k\u0131sm\u0131nda MR g\u00f6r\u00fcnt\u00fclemelerinde anormallikler g\u00f6r\u00fcl\u00fcr. Bu hastalara, fokal rezeksiyon (sorunlu b\u00f6lgenin \u00e7\u0131kar\u0131lmas\u0131), korpus kallozotomi (beyin yar\u0131m k\u00fcrelerinin birbirinden ayr\u0131lmas\u0131), hemisferektomi (yaln\u0131zca beynin bir taraf\u0131n\u0131n hasar g\u00f6rd\u00fc\u011f\u00fc durumlarda bir beyin yar\u0131m k\u00fcresinin di\u011ferinden ayr\u0131lmas\u0131) ve pil uygulamalar\u0131 (vagus siniri uyar\u0131m\u0131) gibi y\u00f6ntemler uygulan\u0131r. <\/p>\n\n<h3 class=\"wp-block-heading\">Hastaneler<\/h3>\n\n<p><strong>\u00c7ocuk Epilepsi Merkezi<\/strong><br>Bu merkezde hastalara epilepsinin t\u0131bbi ve cerrahi tedavileri uygulan\u0131r. Bu merkezde \u00e7ocuk epileptolojisi, \u00e7ocuk n\u00f6rolojisi, \u00e7ocuk beyin cerrahisi, pedagoji, n\u00f6roradyoloji, konu\u015fma terapisi ve fizyoterapi gibi b\u00f6l\u00fcmler birlikte ve i\u015f birli\u011fi i\u00e7inde \u00e7al\u0131\u015f\u0131r. <\/p>\n\n<p><strong>Kapsaml\u0131 Spastisite Tedavisi<\/strong><br>Bu merkezde her ay d\u00fczenlenen Spastisite Konseylerinde, \u00e7ocuk ve fonksiyonel beyin cerrahlar\u0131, \u00e7ocuk n\u00f6rologlar\u0131, ortopedistler, konu\u015fma terapistleri ve rehabilitasyon uzmanlar\u0131ndan olu\u015fan multidisipliner bir ekip, \u00fclkenin d\u00f6rt bir yan\u0131ndan gelen spastik \u00e7ocuklar\u0131n tedavilerini de\u011ferlendirir ve planlar. Uygun hastalarda baklofen pompas\u0131 implantasyonu, pallidotomi, talamotomi, Derin Beyin Stim\u00fclasyonu implantasyonlar\u0131 ve Selektif Dorsal Rizotomi i\u015flemleri ba\u015far\u0131l\u0131 sonu\u00e7larla uygulanmaktad\u0131r. <\/p>\n\n<p>Her konseyde, son derece deneyimli hekimler ve \u00fcst\u00fcn t\u0131bbi altyap\u0131 sayesinde tedavide y\u00fcksek g\u00fcvence sa\u011flanmakta ve uluslararas\u0131 t\u0131bbi ortalamalar\u0131n \u00fczerinde, y\u00fcksek ba\u015far\u0131 oranlar\u0131yla en iyi sonu\u00e7lar elde edilmektedir.<\/p>\n\t\t\t\t\t\t\t\t<\/div>\n\t\t\t\t\t<\/div>\n\t\t\t\t<\/div>\n\t\t\t\t<\/div>\n\t\t","protected":false},"excerpt":{"rendered":"<p>Parkinson Hastal\u0131\u011f\u0131 Epilepsi Cerrahisi Serebral Palsi Di\u011fer Tedaviler Epilepsi cerrahi tedavisi T\u00fcrkiye, \u0130stanbul, Antalya, \u0130zmirT\u00dcRK\u0130YE&#8217; N\u0130N EN \u0130Y\u0130 EP\u0130LEPS\u0130 MERKEZ\u0130 Yeti\u015fkin ve pediatrik n\u00f6ro\u015fir\u00fcrji b\u00f6l\u00fcmleri i\u00e7in T\u00fcrkiye\u2019nin en iyi hastaneleri, epilepsi cerrahisinde mevcut olan t\u00fcm cerrahi m\u00fcdahale t\u00fcrlerini ger\u00e7ekle\u015ftirmektedir. Epilepsinin birincil tedavisi t\u0131bbi olsa da, hastalar\u0131n yakla\u015f\u0131k %20-30\u2019u ila\u00e7lara yan\u0131t vermez. Bu t\u00fcr hastalarda alternatif tedavi cerrahidir. Epilepsi cerrahisinin \u00fc\u00e7 y\u00f6ntemi (rezektif cerrahi, ba\u011flant\u0131 kesme cerrahisi ve vagus sinir stim\u00fclasyonu) Ac\u0131badem Sa\u011fl\u0131k Grubu\u2019nda ba\u015far\u0131yla uygulanmaktad\u0131r. Epilepsi nas\u0131l te\u015fhis edilir? Epilepsi tamamen klinik bir tan\u0131d\u0131r. Kesin tan\u0131, hastan\u0131n ayr\u0131nt\u0131l\u0131 \u00f6yk\u00fcs\u00fc al\u0131nd\u0131ktan veya bir n\u00f6bet g\u00f6zlemlendikten sonra konulabilir. EEG (elektroensefalografi), beyin MR\u2019\u0131 (manyetik rezonans), PET taramas\u0131, SPECT ve n\u00f6ropsikolojik de\u011ferlendirme, epilepsi tan\u0131s\u0131na yard\u0131mc\u0131 olan y\u00f6ntemlerdir. Epilepsi nas\u0131l tedavi edilir? \u0130la\u00e7la tedavi Epilepsi tan\u0131s\u0131 konulduktan hemen sonra hastaya ila\u00e7 tedavisine ba\u015flan\u0131r. Kullan\u0131lacak ila\u00e7 t\u00fcr\u00fcne, n\u00f6bet \u00e7e\u015fitleri, epilepsinin s\u0131n\u0131fland\u0131r\u0131lmas\u0131 ile EEG ve MR bulgular\u0131 dikkate al\u0131narak karar verilir. En s\u0131k g\u00f6r\u00fclen yan etkiler ciltte soyulma, karaci\u011fer fonksiyonlar\u0131nda art\u0131\u015f ve omurilik \u00fczerinde bask\u0131d\u0131r. Hasta yak\u0131nlar\u0131 bu yan etkiler hakk\u0131nda bilgilendirilir ve uyar\u0131l\u0131r. Baz\u0131 ila\u00e7lar, hastan\u0131n karaci\u011fer fonksiyonlar\u0131n\u0131n ve kan de\u011ferlerinin belirli aral\u0131klarla takip edilmesini gerektirir. Hastaya g\u00f6re de\u011fi\u015fmekle birlikte, ila\u00e7lar\u0131n en az iki y\u0131l s\u00fcreyle kullan\u0131lmas\u0131 gerekir. Bu s\u00fcrenin sonunda doktor kontrol\u00fcnde ila\u00e7 tedavisi sonland\u0131r\u0131labilir. Cerrahi tedavi \u0130la\u00e7 tedavisine yan\u0131t vermeyen hastalarda (diren\u00e7li epilepsi) cerrahi tedavi m\u00fcmk\u00fcn olabilir. Bu hastalar\u0131n b\u00fcy\u00fck bir k\u0131sm\u0131nda MR g\u00f6r\u00fcnt\u00fclemelerinde anormallikler g\u00f6r\u00fcl\u00fcr. Bu hastalara, fokal rezeksiyon (sorunlu b\u00f6lgenin \u00e7\u0131kar\u0131lmas\u0131), korpus kallozotomi (beyin yar\u0131m k\u00fcrelerinin birbirinden ayr\u0131lmas\u0131), hemisferektomi (yaln\u0131zca beynin bir taraf\u0131n\u0131n hasar g\u00f6rd\u00fc\u011f\u00fc durumlarda bir beyin yar\u0131m k\u00fcresinin di\u011ferinden ayr\u0131lmas\u0131) ve pil uygulamalar\u0131 (vagus siniri uyar\u0131m\u0131) gibi y\u00f6ntemler uygulan\u0131r. Hastaneler \u00c7ocuk Epilepsi MerkeziBu merkezde hastalara epilepsinin t\u0131bbi ve cerrahi tedavileri uygulan\u0131r. Bu merkezde \u00e7ocuk epileptolojisi, \u00e7ocuk n\u00f6rolojisi, \u00e7ocuk beyin cerrahisi, pedagoji, n\u00f6roradyoloji, konu\u015fma terapisi ve fizyoterapi gibi b\u00f6l\u00fcmler birlikte ve i\u015f birli\u011fi i\u00e7inde \u00e7al\u0131\u015f\u0131r. Kapsaml\u0131 Spastisite TedavisiBu merkezde her ay d\u00fczenlenen Spastisite Konseylerinde, \u00e7ocuk ve fonksiyonel beyin cerrahlar\u0131, \u00e7ocuk n\u00f6rologlar\u0131, ortopedistler, konu\u015fma terapistleri ve rehabilitasyon uzmanlar\u0131ndan olu\u015fan multidisipliner bir ekip, \u00fclkenin d\u00f6rt bir yan\u0131ndan gelen spastik \u00e7ocuklar\u0131n tedavilerini de\u011ferlendirir ve planlar. Uygun hastalarda baklofen pompas\u0131 implantasyonu, pallidotomi, talamotomi, Derin Beyin Stim\u00fclasyonu implantasyonlar\u0131 ve Selektif Dorsal Rizotomi i\u015flemleri ba\u015far\u0131l\u0131 sonu\u00e7larla uygulanmaktad\u0131r. Her konseyde, son derece deneyimli hekimler ve \u00fcst\u00fcn t\u0131bbi altyap\u0131 sayesinde tedavide y\u00fcksek g\u00fcvence sa\u011flanmakta ve uluslararas\u0131 t\u0131bbi ortalamalar\u0131n \u00fczerinde, y\u00fcksek ba\u015far\u0131 oranlar\u0131yla en iyi sonu\u00e7lar elde edilmektedir.<\/p>\n","protected":false},"author":4,"featured_media":0,"parent":2644,"menu_order":0,"comment_status":"closed","ping_status":"closed","template":"","meta":{"_joinchat":[],"footnotes":""},"class_list":["post-2659","page","type-page","status-publish","hentry"],"acf":[],"_links":{"self":[{"href":"https:\/\/medicaltravel.net\/tr\/wp-json\/wp\/v2\/pages\/2659","targetHints":{"allow":["GET"]}}],"collection":[{"href":"https:\/\/medicaltravel.net\/tr\/wp-json\/wp\/v2\/pages"}],"about":[{"href":"https:\/\/medicaltravel.net\/tr\/wp-json\/wp\/v2\/types\/page"}],"author":[{"embeddable":true,"href":"https:\/\/medicaltravel.net\/tr\/wp-json\/wp\/v2\/users\/4"}],"replies":[{"embeddable":true,"href":"https:\/\/medicaltravel.net\/tr\/wp-json\/wp\/v2\/comments?post=2659"}],"version-history":[{"count":3,"href":"https:\/\/medicaltravel.net\/tr\/wp-json\/wp\/v2\/pages\/2659\/revisions"}],"predecessor-version":[{"id":2662,"href":"https:\/\/medicaltravel.net\/tr\/wp-json\/wp\/v2\/pages\/2659\/revisions\/2662"}],"up":[{"embeddable":true,"href":"https:\/\/medicaltravel.net\/tr\/wp-json\/wp\/v2\/pages\/2644"}],"wp:attachment":[{"href":"https:\/\/medicaltravel.net\/tr\/wp-json\/wp\/v2\/media?parent=2659"}],"curies":[{"name":"wp","href":"https:\/\/api.w.org\/{rel}","templated":true}]}}