{"id":2663,"date":"2025-09-29T09:37:47","date_gmt":"2025-09-29T08:37:47","guid":{"rendered":"https:\/\/medicaltravel.net\/norolojik-tedavi-klinikleri-turkiye-istanbul-antalya-izmir\/noroloji-klinikleri-turkiye-istanbul-antalya-izmir\/"},"modified":"2026-01-11T13:18:39","modified_gmt":"2026-01-11T12:18:39","slug":"noroloji-klinikleri-turkiye-istanbul-antalya-izmir","status":"publish","type":"page","link":"https:\/\/medicaltravel.net\/tr\/norolojik-tedavi-klinikleri-turkiye-istanbul-antalya-izmir\/noroloji-klinikleri-turkiye-istanbul-antalya-izmir\/","title":{"rendered":"N\u00f6roloji klinikleri T\u00fcrkiye \u0130stanbul Antalya \u0130zmir"},"content":{"rendered":"\t\t<div data-elementor-type=\"wp-page\" data-elementor-id=\"2663\" class=\"elementor elementor-2663 elementor-69\" data-elementor-post-type=\"page\">\n\t\t\t\t<div class=\"elementor-element elementor-element-955af1b e-flex e-con-boxed wpr-particle-no wpr-jarallax-no wpr-parallax-no wpr-sticky-section-no e-con e-parent\" data-id=\"955af1b\" data-element_type=\"container\" data-e-type=\"container\">\n\t\t\t\t\t<div class=\"e-con-inner\">\n\t\t<div class=\"elementor-element elementor-element-72f061f e-con-full e-flex wpr-particle-no wpr-jarallax-no wpr-parallax-no wpr-sticky-section-no e-con e-child\" data-id=\"72f061f\" data-element_type=\"container\" data-e-type=\"container\">\n\t\t\t\t<div class=\"elementor-element elementor-element-d959348 elementor-widget elementor-widget-button\" data-id=\"d959348\" data-element_type=\"widget\" data-e-type=\"widget\" data-widget_type=\"button.default\">\n\t\t\t\t\t\t\t\t\t\t<a class=\"elementor-button elementor-button-link elementor-size-sm\" href=\"https:\/\/medicaltravel.net\/tr\/norolojik-tedavi-klinikleri-turkiye-istanbul-antalya-izmir\/hastaliklar\/parkinson-tedavileri-turkiye-istanbul-antalya-izmir\/\">\n\t\t\t\t\t\t<span class=\"elementor-button-content-wrapper\">\n\t\t\t\t\t\t\t\t\t<span class=\"elementor-button-text\">Parkinson Hastal\u0131\u011f\u0131<\/span>\n\t\t\t\t\t<\/span>\n\t\t\t\t\t<\/a>\n\t\t\t\t\t\t\t\t<\/div>\n\t\t\t\t<div class=\"elementor-element elementor-element-e0f5989 elementor-widget elementor-widget-button\" data-id=\"e0f5989\" data-element_type=\"widget\" data-e-type=\"widget\" data-widget_type=\"button.default\">\n\t\t\t\t\t\t\t\t\t\t<a class=\"elementor-button elementor-button-link elementor-size-sm\" href=\"https:\/\/medicaltravel.net\/tr\/norolojik-tedavi-klinikleri-turkiye-istanbul-antalya-izmir\/epilepsi-cerrahi-tedavisi-turkiye-istanbul-antalya-izmir\/\">\n\t\t\t\t\t\t<span class=\"elementor-button-content-wrapper\">\n\t\t\t\t\t\t\t\t\t<span class=\"elementor-button-text\">Epilepsi Cerrahisi<\/span>\n\t\t\t\t\t<\/span>\n\t\t\t\t\t<\/a>\n\t\t\t\t\t\t\t\t<\/div>\n\t\t\t\t<div class=\"elementor-element elementor-element-2fe54c2 elementor-widget elementor-widget-button\" data-id=\"2fe54c2\" data-element_type=\"widget\" data-e-type=\"widget\" data-widget_type=\"button.default\">\n\t\t\t\t\t\t\t\t\t\t<a class=\"elementor-button elementor-button-link elementor-size-sm\" href=\"https:\/\/medicaltravel.net\/tr\/norolojik-tedavi-klinikleri-turkiye-istanbul-antalya-izmir\/hastaliklar\/spinal-disrafizm-bagli-omurilik-sendromu-bolunmus-omurilik-anomalileri\/\">\n\t\t\t\t\t\t<span class=\"elementor-button-content-wrapper\">\n\t\t\t\t\t\t\t\t\t<span class=\"elementor-button-text\">Serebral Palsi<\/span>\n\t\t\t\t\t<\/span>\n\t\t\t\t\t<\/a>\n\t\t\t\t\t\t\t\t<\/div>\n\t\t\t\t<div class=\"elementor-element elementor-element-cee1b00 elementor-widget elementor-widget-button\" data-id=\"cee1b00\" data-element_type=\"widget\" data-e-type=\"widget\" data-widget_type=\"button.default\">\n\t\t\t\t\t\t\t\t\t\t<a class=\"elementor-button elementor-button-link elementor-size-sm\" href=\"https:\/\/medicaltravel.net\/tr\/norolojik-tedavi-klinikleri-turkiye-istanbul-antalya-izmir\/noroloji-klinikleri-turkiye-istanbul-antalya-izmir\/\">\n\t\t\t\t\t\t<span class=\"elementor-button-content-wrapper\">\n\t\t\t\t\t\t\t\t\t<span class=\"elementor-button-text\">Di\u011fer Tedaviler<\/span>\n\t\t\t\t\t<\/span>\n\t\t\t\t\t<\/a>\n\t\t\t\t\t\t\t\t<\/div>\n\t\t\t\t<\/div>\n\t\t\t\t<div class=\"elementor-element elementor-element-64e12ff6 elementor-widget elementor-widget-text-editor\" data-id=\"64e12ff6\" data-element_type=\"widget\" data-e-type=\"widget\" data-widget_type=\"text-editor.default\">\n\t\t\t\t\t\t\t\t\t\n<h3 class=\"wp-block-heading\">N\u00d6ROLOJ\u0130 TEDAV\u0130LER\u0130 T\u00fcrkiye- \u0130stanbul- Antalya- \u0130zmir<\/h3>\n\n<p>Ba\u015f a\u011fr\u0131lar\u0131, kanamalar sonras\u0131 beyin embolileri veya fel\u00e7ler, Parkinson gibi hareket bozukluklar\u0131, unutkanl\u0131kla birlikte g\u00f6r\u00fclen demans ve Alzheimer gibi hastal\u0131klar, epilepsi ve di\u011fer bay\u0131lmalar, vertigo ve \u00e7o\u011funlukla diyabet kaynakl\u0131 polin\u00f6ropati n\u00f6roloji klini\u011finde ele al\u0131nan sorunlard\u0131r.<\/p>\n\n<p>Klini\u011fimizde, acil servise emboli ile ba\u015fvuran hastalara, ambulans personelinden yo\u011fun bak\u0131m ekibine kadar entegre tromboliz tedavisi uygulanmaktad\u0131r. Hastanemizde radyoloji ve beyin cerrahisi ekibinin 24 saat destek vermesi ve yo\u011fun bak\u0131m \u00fcnitesindeki deneyimli personel sayesinde, bu tedavi y\u00f6ntemi gerekli organizasyona sahip olarak ger\u00e7ekle\u015ftirilebilmektedir. Klini\u011fimizde bulunan Transkraniyal Doppler Ultrasonografi ile beyin damar hastal\u0131klar\u0131n\u0131n tan\u0131 ve takibini yapabiliyoruz.  <\/p>\n\n<p>Klini\u011fimizde bulunan EEG cihaz\u0131 sayesinde epilepsi ve di\u011fer bay\u0131lmalar\u0131 tespit edebiliyoruz. \u0130la\u00e7 tedavisinin yan\u0131 s\u0131ra epilepsi hastalar\u0131na cerrahi tedavi de uygulanmaktad\u0131r. Epilepsi cerrahisinde \u00f6n haz\u0131rl\u0131k son derece \u00f6nemlidir. Video-EEG takibi ile epilepsi aday\u0131 hastalar\u0131 belirleyebiliyor, tan\u0131 koyabiliyor ve hali haz\u0131rda epilepsiye sahip hastalar\u0131 tedavi edebiliyoruz.   <\/p>\n\n<p>Ba\u015f a\u011fr\u0131lar\u0131, poliklini\u011fimizin \u00e7o\u011funlu\u011funu olu\u015fturmaktad\u0131r. Klini\u011fimiz, ba\u015f a\u011fr\u0131lar\u0131n\u0131n tan\u0131 ve tedavisi ile ilgili b\u00f6l\u00fcmlerle i\u015f birli\u011fi i\u00e7inde \u00e7al\u0131\u015fmaktad\u0131r. <\/p>\n\n<p>Klini\u011fimizdeki uyku laboratuvar\u0131, g\u00fcnd\u00fcz uyuklamas\u0131, d\u00fc\u015f\u00fck enerji, yorgun uyanma, ilaca yan\u0131t vermeyen hipertansiyon, \u00e7e\u015fitli damar hastal\u0131klar\u0131 ve ba\u015far\u0131l\u0131 olamayan kilo kayb\u0131ndan kaynaklanan uyku bozukluklar\u0131n\u0131 ara\u015ft\u0131r\u0131r, tan\u0131 koyar ve tedavi eder.<\/p>\n\n<h3 class=\"wp-block-heading\">T\u00dcRK\u0130YE\u2019DE N\u00d6ROLOJ\u0130K HASTALIKLAR \u0130\u00c7\u0130N TEDAV\u0130 PROGRAMLARI<\/h3>\n\n<p>Her t\u00fcrl\u00fc beyin cerrahisi operasyonu ger\u00e7ekle\u015ftirilebilir.<\/p>\n\n<p><strong>Yeti\u015fkinler<\/strong><\/p>\n\n<ul class=\"wp-block-list\">\n<li><strong>Beyin<\/strong>\n<ul class=\"wp-block-list\">\n<li>Beyin t\u00fcm\u00f6rleri (iyi huylu ve k\u00f6t\u00fc huylu)<\/li>\n\n<li>Kafa taban\u0131 t\u00fcm\u00f6rleri<\/li>\n\n<li>Damar Hastal\u0131klar\u0131 (beyin kanamas\u0131, beyin anevrizmalar\u0131, arteriyoven\u00f6z malformasyonlar, kavern\u00f6z malformasyonlar ve fel\u00e7)<\/li>\n\n<li>Hidrosefali (beyinde s\u0131v\u0131 birikmesi)<\/li>\n\n<li>Travma<\/li>\n\n<li>Do\u011fumsal malformasyonlar<\/li>\n\n<li>Enfeksiyonlar<\/li>\n\n<li>Fonksiyonel beyin cerrahisi (Hareket bozuklu\u011fu cerrahisi, a\u011fr\u0131 cerrahisi)<\/li>\n\n<li>Gamma Knife Radyocerrahisi<\/li>\n<\/ul>\n<\/li>\n<\/ul>\n\n<ul class=\"wp-block-list\">\n<li><strong>Omurga<\/strong>\n<ul class=\"wp-block-list\">\n<li>F\u0131t\u0131k Ameliyat\u0131\n<ul class=\"wp-block-list\">\n<li>Boyun (Servikal)<\/li>\n\n<li>G\u00f6\u011f\u00fcs (Torakal)<\/li>\n\n<li>Bel (Lomber)<\/li>\n<\/ul>\n<\/li>\n\n<li>Degeneratif ve ya\u015fa ba\u011fl\u0131 omurga hastal\u0131klar\u0131<\/li>\n\n<li>Aletli dahil olmak \u00fczere kompleks omurga ameliyatlar\u0131<\/li>\n\n<li>Omurilik ve omurga t\u00fcm\u00f6rleri<\/li>\n\n<li>Damar malformasyonlar\u0131 (Omurga arteriyoven\u00f6z malformasyonlar)<\/li>\n\n<li>Travma<\/li>\n\n<li>Enfeksiyonlar<\/li>\n<\/ul>\n<\/li>\n<\/ul>\n\n<ul class=\"wp-block-list\">\n<li><strong>Periferik Sinir Sistemi<\/strong>\n<ul class=\"wp-block-list\">\n<li>Sinir S\u0131k\u0131\u015fma Sendromlar\u0131<\/li>\n\n<li>Sinir Yaralanmalar\u0131<\/li>\n<\/ul>\n<\/li>\n<\/ul>\n\n<ul class=\"wp-block-list\">\n<li><strong>\u00c7ocuk<\/strong>\n<ul class=\"wp-block-list\">\n<li>Do\u011fumsal Beyin Anomalileri<\/li>\n\n<li>Hidrosefali (beyinde s\u0131v\u0131 birikmesi)<\/li>\n\n<li>Kraniosinostoz (kafatas\u0131 kemiklerinin erken kapanmas\u0131)<\/li>\n\n<li>Araknoid Kistleri (beyin kistleri)<\/li>\n\n<li>Kraniyovertebral eklem anomalileri<\/li>\n\n<li>Spinal Disrafizm (Ba\u011fl\u0131 Omurilik Sendromu, B\u00f6l\u00fcnm\u00fc\u015f Omurilik Anomalileri)<\/li>\n<\/ul>\n<\/li>\n<\/ul>\n\t\t\t\t\t\t\t\t<\/div>\n\t\t\t\t\t<\/div>\n\t\t\t\t<\/div>\n\t\t\t\t<\/div>\n\t\t","protected":false},"excerpt":{"rendered":"<p>Parkinson Hastal\u0131\u011f\u0131 Epilepsi Cerrahisi Serebral Palsi Di\u011fer Tedaviler N\u00d6ROLOJ\u0130 TEDAV\u0130LER\u0130 T\u00fcrkiye- \u0130stanbul- Antalya- \u0130zmir Ba\u015f a\u011fr\u0131lar\u0131, kanamalar sonras\u0131 beyin embolileri veya fel\u00e7ler, Parkinson gibi hareket bozukluklar\u0131, unutkanl\u0131kla birlikte g\u00f6r\u00fclen demans ve Alzheimer gibi hastal\u0131klar, epilepsi ve di\u011fer bay\u0131lmalar, vertigo ve \u00e7o\u011funlukla diyabet kaynakl\u0131 polin\u00f6ropati n\u00f6roloji klini\u011finde ele al\u0131nan sorunlard\u0131r. Klini\u011fimizde, acil servise emboli ile ba\u015fvuran hastalara, ambulans personelinden yo\u011fun bak\u0131m ekibine kadar entegre tromboliz tedavisi uygulanmaktad\u0131r. Hastanemizde radyoloji ve beyin cerrahisi ekibinin 24 saat destek vermesi ve yo\u011fun bak\u0131m \u00fcnitesindeki deneyimli personel sayesinde, bu tedavi y\u00f6ntemi gerekli organizasyona sahip olarak ger\u00e7ekle\u015ftirilebilmektedir. Klini\u011fimizde bulunan Transkraniyal Doppler Ultrasonografi ile beyin damar hastal\u0131klar\u0131n\u0131n tan\u0131 ve takibini yapabiliyoruz. Klini\u011fimizde bulunan EEG cihaz\u0131 sayesinde epilepsi ve di\u011fer bay\u0131lmalar\u0131 tespit edebiliyoruz. \u0130la\u00e7 tedavisinin yan\u0131 s\u0131ra epilepsi hastalar\u0131na cerrahi tedavi de uygulanmaktad\u0131r. Epilepsi cerrahisinde \u00f6n haz\u0131rl\u0131k son derece \u00f6nemlidir. Video-EEG takibi ile epilepsi aday\u0131 hastalar\u0131 belirleyebiliyor, tan\u0131 koyabiliyor ve hali haz\u0131rda epilepsiye sahip hastalar\u0131 tedavi edebiliyoruz. Ba\u015f a\u011fr\u0131lar\u0131, poliklini\u011fimizin \u00e7o\u011funlu\u011funu olu\u015fturmaktad\u0131r. Klini\u011fimiz, ba\u015f a\u011fr\u0131lar\u0131n\u0131n tan\u0131 ve tedavisi ile ilgili b\u00f6l\u00fcmlerle i\u015f birli\u011fi i\u00e7inde \u00e7al\u0131\u015fmaktad\u0131r. Klini\u011fimizdeki uyku laboratuvar\u0131, g\u00fcnd\u00fcz uyuklamas\u0131, d\u00fc\u015f\u00fck enerji, yorgun uyanma, ilaca yan\u0131t vermeyen hipertansiyon, \u00e7e\u015fitli damar hastal\u0131klar\u0131 ve ba\u015far\u0131l\u0131 olamayan kilo kayb\u0131ndan kaynaklanan uyku bozukluklar\u0131n\u0131 ara\u015ft\u0131r\u0131r, tan\u0131 koyar ve tedavi eder. T\u00dcRK\u0130YE\u2019DE N\u00d6ROLOJ\u0130K HASTALIKLAR \u0130\u00c7\u0130N TEDAV\u0130 PROGRAMLARI Her t\u00fcrl\u00fc beyin cerrahisi operasyonu ger\u00e7ekle\u015ftirilebilir. Yeti\u015fkinler Beyin Beyin t\u00fcm\u00f6rleri (iyi huylu ve k\u00f6t\u00fc huylu) Kafa taban\u0131 t\u00fcm\u00f6rleri Damar Hastal\u0131klar\u0131 (beyin kanamas\u0131, beyin anevrizmalar\u0131, arteriyoven\u00f6z malformasyonlar, kavern\u00f6z malformasyonlar ve fel\u00e7) Hidrosefali (beyinde s\u0131v\u0131 birikmesi) Travma Do\u011fumsal malformasyonlar Enfeksiyonlar Fonksiyonel beyin cerrahisi (Hareket bozuklu\u011fu cerrahisi, a\u011fr\u0131 cerrahisi) Gamma Knife Radyocerrahisi Omurga F\u0131t\u0131k Ameliyat\u0131 Boyun (Servikal) G\u00f6\u011f\u00fcs (Torakal) Bel (Lomber) Degeneratif ve ya\u015fa ba\u011fl\u0131 omurga hastal\u0131klar\u0131 Aletli dahil olmak \u00fczere kompleks omurga ameliyatlar\u0131 Omurilik ve omurga t\u00fcm\u00f6rleri Damar malformasyonlar\u0131 (Omurga arteriyoven\u00f6z malformasyonlar) Travma Enfeksiyonlar Periferik Sinir Sistemi Sinir S\u0131k\u0131\u015fma Sendromlar\u0131 Sinir Yaralanmalar\u0131 \u00c7ocuk Do\u011fumsal Beyin Anomalileri Hidrosefali (beyinde s\u0131v\u0131 birikmesi) Kraniosinostoz (kafatas\u0131 kemiklerinin erken kapanmas\u0131) Araknoid Kistleri (beyin kistleri) Kraniyovertebral eklem anomalileri Spinal Disrafizm (Ba\u011fl\u0131 Omurilik Sendromu, B\u00f6l\u00fcnm\u00fc\u015f Omurilik Anomalileri)<\/p>\n","protected":false},"author":4,"featured_media":0,"parent":2644,"menu_order":0,"comment_status":"closed","ping_status":"closed","template":"","meta":{"_joinchat":[],"footnotes":""},"class_list":["post-2663","page","type-page","status-publish","hentry"],"acf":[],"_links":{"self":[{"href":"https:\/\/medicaltravel.net\/tr\/wp-json\/wp\/v2\/pages\/2663","targetHints":{"allow":["GET"]}}],"collection":[{"href":"https:\/\/medicaltravel.net\/tr\/wp-json\/wp\/v2\/pages"}],"about":[{"href":"https:\/\/medicaltravel.net\/tr\/wp-json\/wp\/v2\/types\/page"}],"author":[{"embeddable":true,"href":"https:\/\/medicaltravel.net\/tr\/wp-json\/wp\/v2\/users\/4"}],"replies":[{"embeddable":true,"href":"https:\/\/medicaltravel.net\/tr\/wp-json\/wp\/v2\/comments?post=2663"}],"version-history":[{"count":5,"href":"https:\/\/medicaltravel.net\/tr\/wp-json\/wp\/v2\/pages\/2663\/revisions"}],"predecessor-version":[{"id":2669,"href":"https:\/\/medicaltravel.net\/tr\/wp-json\/wp\/v2\/pages\/2663\/revisions\/2669"}],"up":[{"embeddable":true,"href":"https:\/\/medicaltravel.net\/tr\/wp-json\/wp\/v2\/pages\/2644"}],"wp:attachment":[{"href":"https:\/\/medicaltravel.net\/tr\/wp-json\/wp\/v2\/media?parent=2663"}],"curies":[{"name":"wp","href":"https:\/\/api.w.org\/{rel}","templated":true}]}}