{"id":2671,"date":"2025-09-29T09:50:23","date_gmt":"2025-09-29T08:50:23","guid":{"rendered":"https:\/\/medicaltravel.net\/burun-estetigi\/"},"modified":"2026-01-11T13:21:57","modified_gmt":"2026-01-11T12:21:57","slug":"burun-estetigi","status":"publish","type":"page","link":"https:\/\/medicaltravel.net\/tr\/burun-estetigi\/","title":{"rendered":"Burun Esteti\u011fi"},"content":{"rendered":"\t\t<div data-elementor-type=\"wp-page\" data-elementor-id=\"2671\" class=\"elementor elementor-2671 elementor-91\" data-elementor-post-type=\"page\">\n\t\t\t\t<div class=\"elementor-element elementor-element-4a2c6318 e-flex e-con-boxed wpr-particle-no wpr-jarallax-no wpr-parallax-no wpr-sticky-section-no e-con e-parent\" data-id=\"4a2c6318\" data-element_type=\"container\" data-e-type=\"container\">\n\t\t\t\t\t<div class=\"e-con-inner\">\n\t\t<div class=\"elementor-element elementor-element-35c0342 e-con-full e-flex wpr-particle-no wpr-jarallax-no wpr-parallax-no wpr-sticky-section-no e-con e-child\" data-id=\"35c0342\" data-element_type=\"container\" data-e-type=\"container\">\n\t\t\t\t<div class=\"elementor-element elementor-element-65942cd elementor-widget elementor-widget-button\" data-id=\"65942cd\" data-element_type=\"widget\" data-e-type=\"widget\" data-widget_type=\"button.default\">\n\t\t\t\t\t\t\t\t\t\t<a class=\"elementor-button elementor-button-link elementor-size-sm\" href=\"https:\/\/medicaltravel.net\/tr\/meme-ameliyatlari\/\">\n\t\t\t\t\t\t<span class=\"elementor-button-content-wrapper\">\n\t\t\t\t\t\t\t\t\t<span class=\"elementor-button-text\">Meme Ameliyatlar\u0131<\/span>\n\t\t\t\t\t<\/span>\n\t\t\t\t\t<\/a>\n\t\t\t\t\t\t\t\t<\/div>\n\t\t\t\t<div class=\"elementor-element elementor-element-93161b8 elementor-widget elementor-widget-button\" data-id=\"93161b8\" data-element_type=\"widget\" data-e-type=\"widget\" data-widget_type=\"button.default\">\n\t\t\t\t\t\t\t\t\t\t<a class=\"elementor-button elementor-button-link elementor-size-sm\" href=\"https:\/\/medicaltravel.net\/tr\/liposuction-yag-aldirma\/\">\n\t\t\t\t\t\t<span class=\"elementor-button-content-wrapper\">\n\t\t\t\t\t\t\t\t\t<span class=\"elementor-button-text\">Liposuction \u2013 Ya\u011f Ald\u0131rma<\/span>\n\t\t\t\t\t<\/span>\n\t\t\t\t\t<\/a>\n\t\t\t\t\t\t\t\t<\/div>\n\t\t\t\t<div class=\"elementor-element elementor-element-cf0f587 elementor-widget elementor-widget-button\" data-id=\"cf0f587\" data-element_type=\"widget\" data-e-type=\"widget\" data-widget_type=\"button.default\">\n\t\t\t\t\t\t\t\t\t\t<a class=\"elementor-button elementor-button-link elementor-size-sm\" href=\"https:\/\/medicaltravel.net\/tummy-tuck\/\">\n\t\t\t\t\t\t<span class=\"elementor-button-content-wrapper\">\n\t\t\t\t\t\t\t\t\t<span class=\"elementor-button-text\">Kar\u0131n Germe<\/span>\n\t\t\t\t\t<\/span>\n\t\t\t\t\t<\/a>\n\t\t\t\t\t\t\t\t<\/div>\n\t\t\t\t<div class=\"elementor-element elementor-element-e36a8b7 elementor-widget elementor-widget-button\" data-id=\"e36a8b7\" data-element_type=\"widget\" data-e-type=\"widget\" data-widget_type=\"button.default\">\n\t\t\t\t\t\t\t\t\t\t<a class=\"elementor-button elementor-button-link elementor-size-sm\" href=\"https:\/\/medicaltravel.net\/tr\/goz-kapagi-duzeltme\/\">\n\t\t\t\t\t\t<span class=\"elementor-button-content-wrapper\">\n\t\t\t\t\t\t\t\t\t<span class=\"elementor-button-text\">G\u00f6z Kapa\u011f\u0131 D\u00fczeltme<\/span>\n\t\t\t\t\t<\/span>\n\t\t\t\t\t<\/a>\n\t\t\t\t\t\t\t\t<\/div>\n\t\t\t\t<div class=\"elementor-element elementor-element-9bf3a76 elementor-widget elementor-widget-button\" data-id=\"9bf3a76\" data-element_type=\"widget\" data-e-type=\"widget\" data-widget_type=\"button.default\">\n\t\t\t\t\t\t\t\t\t\t<a class=\"elementor-button elementor-button-link elementor-size-sm\" href=\"https:\/\/medicaltravel.net\/tr\/burun-estetigi\/\">\n\t\t\t\t\t\t<span class=\"elementor-button-content-wrapper\">\n\t\t\t\t\t\t\t\t\t<span class=\"elementor-button-text\">Burun D\u00fczeltme<\/span>\n\t\t\t\t\t<\/span>\n\t\t\t\t\t<\/a>\n\t\t\t\t\t\t\t\t<\/div>\n\t\t\t\t<div class=\"elementor-element elementor-element-2a3d7ea elementor-widget elementor-widget-button\" data-id=\"2a3d7ea\" data-element_type=\"widget\" data-e-type=\"widget\" data-widget_type=\"button.default\">\n\t\t\t\t\t\t\t\t\t\t<a class=\"elementor-button elementor-button-link elementor-size-sm\" href=\"https:\/\/medicaltravel.net\/tr\/yuz-germe\/\">\n\t\t\t\t\t\t<span class=\"elementor-button-content-wrapper\">\n\t\t\t\t\t\t\t\t\t<span class=\"elementor-button-text\">Y\u00fcz Germe<\/span>\n\t\t\t\t\t<\/span>\n\t\t\t\t\t<\/a>\n\t\t\t\t\t\t\t\t<\/div>\n\t\t\t\t<div class=\"elementor-element elementor-element-663a6ba elementor-widget elementor-widget-button\" data-id=\"663a6ba\" data-element_type=\"widget\" data-e-type=\"widget\" data-widget_type=\"button.default\">\n\t\t\t\t\t\t\t\t\t\t<a class=\"elementor-button elementor-button-link elementor-size-sm\" href=\"https:\/\/medicaltravel.net\/tr\/kulak-duzeltme\/\">\n\t\t\t\t\t\t<span class=\"elementor-button-content-wrapper\">\n\t\t\t\t\t\t\t\t\t<span class=\"elementor-button-text\">Kulak D\u00fczeltme<\/span>\n\t\t\t\t\t<\/span>\n\t\t\t\t\t<\/a>\n\t\t\t\t\t\t\t\t<\/div>\n\t\t\t\t<div class=\"elementor-element elementor-element-433b7e1 elementor-widget elementor-widget-button\" data-id=\"433b7e1\" data-element_type=\"widget\" data-e-type=\"widget\" data-widget_type=\"button.default\">\n\t\t\t\t\t\t\t\t\t\t<a class=\"elementor-button elementor-button-link elementor-size-sm\" href=\"https:\/\/medicaltravel.net\/tr\/vucut-germe\/\">\n\t\t\t\t\t\t<span class=\"elementor-button-content-wrapper\">\n\t\t\t\t\t\t\t\t\t<span class=\"elementor-button-text\">V\u00fccut germe<\/span>\n\t\t\t\t\t<\/span>\n\t\t\t\t\t<\/a>\n\t\t\t\t\t\t\t\t<\/div>\n\t\t\t\t<\/div>\n\t\t\t\t<div class=\"elementor-element elementor-element-4930f1f0 elementor-widget elementor-widget-text-editor\" data-id=\"4930f1f0\" data-element_type=\"widget\" data-e-type=\"widget\" data-widget_type=\"text-editor.default\">\n\t\t\t\t\t\t\t\t\t<p><\/p>\n<h3 class=\"wp-block-heading\"><span style=\"color: inherit; font-family: inherit; font-size: 1.75rem;\">BURUN ESTET\u0130\u011e\u0130 \u2013 T\u00dcRK\u0130YE\u2019DE R\u0130NOPLAST\u0130<\/span><\/h3>\n<p><\/p>\n<h3 class=\"wp-block-heading\">Rinoplasti \/ burun \u015fekillendirme \u0130stanbul, Antalya, \u0130zmir, Bodrum<\/h3>\n<p><\/p>\n<p>Burun, y\u00fcz\u00fcn merkezi organ\u0131 olarak ki\u015fisel ileti\u015fimde \u00f6nemli bir rol oynar.<\/p>\n<p><\/p>\n<p>Bu nedenle, \u015fekil ve boyut bozukluklar\u0131 b\u00fcy\u00fck \u00f6l\u00e7\u00fcde g\u00f6r\u00fcn\u00fcr olabilir ve ki\u015fi i\u00e7in ciddi bir sorun haline gelir.<\/p>\n<p><\/p>\n<p>Rinoplasti ile g\u00f6r\u00fcn\u00fcr iz b\u0131rakmadan burun \u015fekillendirme m\u00fcmk\u00fcnd\u00fcr ve bu sizi daha \u00f6zg\u00fcvenli hissettirecektir. Nedeni k\u00fc\u00e7\u00fck olabilir ama etkisi b\u00fcy\u00fckt\u00fcr! <\/p>\n<p><\/p>\n<p><em><strong>Tedavi nedenleri<\/strong><\/em><\/p>\n<p><\/p>\n<p>Do\u011fal nedenlerden veya kazalardan kaynaklanan deformasyonlar ile kemerli veya b\u00fcy\u00fck burunlar\u0131n d\u00fczeltilmesi.<\/p>\n<p><\/p>\n<p><em><strong>Cerrahi<\/strong><\/em><\/p>\n<p><\/p>\n<p>G\u00fcn\u00fcm\u00fczde modern estetik plastik cerrahi, burunu olumlu \u015fekilde \u015fekillendirme yetene\u011fine sahiptir.<\/p>\n<p><\/p>\n<figure class=\"wp-block-image size-full\"><img fetchpriority=\"high\" decoding=\"async\" width=\"292\" height=\"233\" class=\"wp-image-253\" src=\"https:\/\/medicaltravel.net\/wp-content\/uploads\/2025\/09\/csm_nasenkorrektur_9a370cdb18.jpg\" alt=\"\"><\/figure>\n<p><\/p>\n<p id=\"caption-attachment-570\">T\u00fcrkiye\u2019de burun esteti\u011finde do\u011fal sonu\u00e7lar<\/p>\n<p><\/p>\n<p><em><strong>Simetrik bir sonu\u00e7 elde etmek i\u00e7in g\u00f6z kapaklar\u0131 tamamen \u00f6l\u00e7\u00fcl\u00fcr.<\/strong><\/em><\/p>\n<p><\/p>\n<p>D\u00fc\u015f\u00fck g\u00f6z kapaklar\u0131n\u0131 d\u00fczeltmek i\u00e7in hilal \u015feklinde deri al\u0131n\u0131r ve fazla ya\u011f dokusu \u00e7\u0131kar\u0131l\u0131r. Daha sonra yara, g\u00f6z kapa\u011f\u0131 hatt\u0131na diki\u015f at\u0131larak kapat\u0131l\u0131r ve b\u00f6ylece g\u00f6r\u00fcnmez hale gelir. <\/p>\n<p><\/p>\n<p>Alt g\u00f6z kapaklar\u0131n\u0131 d\u00fczeltmek i\u00e7in kesik kirpik hatt\u0131n\u0131n yakla\u015f\u0131k iki milimetre alt\u0131ndan yap\u0131l\u0131r. Daha sonra fazla ya\u011f ve g\u00f6z alt\u0131 torbalar\u0131na neden olan ya\u011f \u00e7\u0131kar\u0131l\u0131r. <\/p>\n<p><\/p>\n<p><em><strong>Ameliyat Sonras\u0131 D\u00f6nem<\/strong><\/em><\/p>\n<p><\/p>\n<p>Bu cerrahi i\u015flemden sonra g\u00f6zleriniz biraz \u015fi\u015febilir ve morluklar olu\u015fabilir. Yakla\u015f\u0131k bir hafta sonra morluklar\u0131n veya diki\u015flerin izi kalmaz. <\/p>\n<p><\/p>\n<p>\u015ei\u015fli\u011fi azaltmak i\u00e7in ilk g\u00fcnlerde nemli kompres veya so\u011fuk buz torbalar\u0131 uygulayabilirsiniz. Diki\u015fler ameliyattan 5-6 g\u00fcn sonra al\u0131n\u0131r. <\/p>\n<p><\/p>\n<p><em><strong>Avantajlar<\/strong><\/em><\/p>\n<p><\/p>\n<p>G\u00f6zleriniz taze, gen\u00e7 ve canl\u0131 bir g\u00f6r\u00fcn\u00fcm kazand\u0131\u011f\u0131nda hayata kar\u015f\u0131 parlak ve yeni bir heyecan elde edersiniz. Genel olarak, g\u00f6z kapa\u011f\u0131 d\u00fczeltme sonu\u00e7lar\u0131 kal\u0131c\u0131d\u0131r. <\/p>\n<p><\/p>\t\t\t\t\t\t\t\t<\/div>\n\t\t\t\t\t<\/div>\n\t\t\t\t<\/div>\n\t\t\t\t<\/div>\n\t\t","protected":false},"excerpt":{"rendered":"<p>Meme Ameliyatlar\u0131 Liposuction \u2013 Ya\u011f Ald\u0131rma Kar\u0131n Germe G\u00f6z Kapa\u011f\u0131 D\u00fczeltme Burun D\u00fczeltme Y\u00fcz Germe Kulak D\u00fczeltme V\u00fccut germe BURUN ESTET\u0130\u011e\u0130 \u2013 T\u00dcRK\u0130YE\u2019DE R\u0130NOPLAST\u0130 Rinoplasti \/ burun \u015fekillendirme \u0130stanbul, Antalya, \u0130zmir, Bodrum Burun, y\u00fcz\u00fcn merkezi organ\u0131 olarak ki\u015fisel ileti\u015fimde \u00f6nemli bir rol oynar. Bu nedenle, \u015fekil ve boyut bozukluklar\u0131 b\u00fcy\u00fck \u00f6l\u00e7\u00fcde g\u00f6r\u00fcn\u00fcr olabilir ve ki\u015fi i\u00e7in ciddi bir sorun haline gelir. Rinoplasti ile g\u00f6r\u00fcn\u00fcr iz b\u0131rakmadan burun \u015fekillendirme m\u00fcmk\u00fcnd\u00fcr ve bu sizi daha \u00f6zg\u00fcvenli hissettirecektir. Nedeni k\u00fc\u00e7\u00fck olabilir ama etkisi b\u00fcy\u00fckt\u00fcr! Tedavi nedenleri Do\u011fal nedenlerden veya kazalardan kaynaklanan deformasyonlar ile kemerli veya b\u00fcy\u00fck burunlar\u0131n d\u00fczeltilmesi. Cerrahi G\u00fcn\u00fcm\u00fczde modern estetik plastik cerrahi, burunu olumlu \u015fekilde \u015fekillendirme yetene\u011fine sahiptir. T\u00fcrkiye\u2019de burun esteti\u011finde do\u011fal sonu\u00e7lar Simetrik bir sonu\u00e7 elde etmek i\u00e7in g\u00f6z kapaklar\u0131 tamamen \u00f6l\u00e7\u00fcl\u00fcr. D\u00fc\u015f\u00fck g\u00f6z kapaklar\u0131n\u0131 d\u00fczeltmek i\u00e7in hilal \u015feklinde deri al\u0131n\u0131r ve fazla ya\u011f dokusu \u00e7\u0131kar\u0131l\u0131r. Daha sonra yara, g\u00f6z kapa\u011f\u0131 hatt\u0131na diki\u015f at\u0131larak kapat\u0131l\u0131r ve b\u00f6ylece g\u00f6r\u00fcnmez hale gelir. Alt g\u00f6z kapaklar\u0131n\u0131 d\u00fczeltmek i\u00e7in kesik kirpik hatt\u0131n\u0131n yakla\u015f\u0131k iki milimetre alt\u0131ndan yap\u0131l\u0131r. Daha sonra fazla ya\u011f ve g\u00f6z alt\u0131 torbalar\u0131na neden olan ya\u011f \u00e7\u0131kar\u0131l\u0131r. Ameliyat Sonras\u0131 D\u00f6nem Bu cerrahi i\u015flemden sonra g\u00f6zleriniz biraz \u015fi\u015febilir ve morluklar olu\u015fabilir. Yakla\u015f\u0131k bir hafta sonra morluklar\u0131n veya diki\u015flerin izi kalmaz. \u015ei\u015fli\u011fi azaltmak i\u00e7in ilk g\u00fcnlerde nemli kompres veya so\u011fuk buz torbalar\u0131 uygulayabilirsiniz. Diki\u015fler ameliyattan 5-6 g\u00fcn sonra al\u0131n\u0131r. Avantajlar G\u00f6zleriniz taze, gen\u00e7 ve canl\u0131 bir g\u00f6r\u00fcn\u00fcm kazand\u0131\u011f\u0131nda hayata kar\u015f\u0131 parlak ve yeni bir heyecan elde edersiniz. Genel olarak, g\u00f6z kapa\u011f\u0131 d\u00fczeltme sonu\u00e7lar\u0131 kal\u0131c\u0131d\u0131r.<\/p>\n","protected":false},"author":4,"featured_media":0,"parent":0,"menu_order":0,"comment_status":"closed","ping_status":"closed","template":"","meta":{"_joinchat":[],"footnotes":""},"class_list":["post-2671","page","type-page","status-publish","hentry"],"acf":[],"_links":{"self":[{"href":"https:\/\/medicaltravel.net\/tr\/wp-json\/wp\/v2\/pages\/2671","targetHints":{"allow":["GET"]}}],"collection":[{"href":"https:\/\/medicaltravel.net\/tr\/wp-json\/wp\/v2\/pages"}],"about":[{"href":"https:\/\/medicaltravel.net\/tr\/wp-json\/wp\/v2\/types\/page"}],"author":[{"embeddable":true,"href":"https:\/\/medicaltravel.net\/tr\/wp-json\/wp\/v2\/users\/4"}],"replies":[{"embeddable":true,"href":"https:\/\/medicaltravel.net\/tr\/wp-json\/wp\/v2\/comments?post=2671"}],"version-history":[{"count":3,"href":"https:\/\/medicaltravel.net\/tr\/wp-json\/wp\/v2\/pages\/2671\/revisions"}],"predecessor-version":[{"id":2674,"href":"https:\/\/medicaltravel.net\/tr\/wp-json\/wp\/v2\/pages\/2671\/revisions\/2674"}],"wp:attachment":[{"href":"https:\/\/medicaltravel.net\/tr\/wp-json\/wp\/v2\/media?parent=2671"}],"curies":[{"name":"wp","href":"https:\/\/api.w.org\/{rel}","templated":true}]}}