{"id":2675,"date":"2025-09-29T09:53:48","date_gmt":"2025-09-29T08:53:48","guid":{"rendered":"https:\/\/medicaltravel.net\/teklif\/"},"modified":"2026-01-11T13:38:58","modified_gmt":"2026-01-11T12:38:58","slug":"teklif","status":"publish","type":"page","link":"https:\/\/medicaltravel.net\/tr\/teklif\/","title":{"rendered":"Teklif"},"content":{"rendered":"\t\t<div data-elementor-type=\"wp-page\" data-elementor-id=\"2675\" class=\"elementor elementor-2675 elementor-99\" data-elementor-post-type=\"page\">\n\t\t\t\t<div class=\"elementor-element elementor-element-34c0336c e-flex e-con-boxed wpr-particle-no wpr-jarallax-no wpr-parallax-no wpr-sticky-section-no e-con e-parent\" data-id=\"34c0336c\" data-element_type=\"container\" data-e-type=\"container\">\n\t\t\t\t\t<div class=\"e-con-inner\">\n\t\t<div class=\"elementor-element elementor-element-31089e4 e-con-full e-flex wpr-particle-no wpr-jarallax-no wpr-parallax-no wpr-sticky-section-no e-con e-child\" data-id=\"31089e4\" data-element_type=\"container\" data-e-type=\"container\">\n\t\t\t\t<div class=\"elementor-element elementor-element-c5bfa7e elementor-widget elementor-widget-button\" data-id=\"c5bfa7e\" data-element_type=\"widget\" data-e-type=\"widget\" data-widget_type=\"button.default\">\n\t\t\t\t\t\t\t\t\t\t<a class=\"elementor-button elementor-button-link elementor-size-sm\" href=\"https:\/\/medicaltravel.net\/tr\/guzellik-operasyonlari\/\">\n\t\t\t\t\t\t<span class=\"elementor-button-content-wrapper\">\n\t\t\t\t\t\t\t\t\t<span class=\"elementor-button-text\">G\u00fczellik Operasyonlar\u0131<\/span>\n\t\t\t\t\t<\/span>\n\t\t\t\t\t<\/a>\n\t\t\t\t\t\t\t\t<\/div>\n\t\t\t\t<div class=\"elementor-element elementor-element-5768634 elementor-widget elementor-widget-button\" data-id=\"5768634\" data-element_type=\"widget\" data-e-type=\"widget\" data-widget_type=\"button.default\">\n\t\t\t\t\t\t\t\t\t\t<a class=\"elementor-button elementor-button-link elementor-size-sm\" href=\"https:\/\/medicaltravel.net\/tr\/meme-ameliyatlari\/\">\n\t\t\t\t\t\t<span class=\"elementor-button-content-wrapper\">\n\t\t\t\t\t\t\t\t\t<span class=\"elementor-button-text\">Hizmet Yelpazesi<\/span>\n\t\t\t\t\t<\/span>\n\t\t\t\t\t<\/a>\n\t\t\t\t\t\t\t\t<\/div>\n\t\t\t\t<div class=\"elementor-element elementor-element-9377580 elementor-widget elementor-widget-button\" data-id=\"9377580\" data-element_type=\"widget\" data-e-type=\"widget\" data-widget_type=\"button.default\">\n\t\t\t\t\t\t\t\t\t\t<a class=\"elementor-button elementor-button-link elementor-size-sm\" href=\"https:\/\/medicaltravel.net\/tr\/teklif\/\">\n\t\t\t\t\t\t<span class=\"elementor-button-content-wrapper\">\n\t\t\t\t\t\t\t\t\t<span class=\"elementor-button-text\">Teklif<\/span>\n\t\t\t\t\t<\/span>\n\t\t\t\t\t<\/a>\n\t\t\t\t\t\t\t\t<\/div>\n\t\t\t\t<div class=\"elementor-element elementor-element-a9a15cd elementor-widget elementor-widget-button\" data-id=\"a9a15cd\" data-element_type=\"widget\" data-e-type=\"widget\" data-widget_type=\"button.default\">\n\t\t\t\t\t\t\t\t\t\t<a class=\"elementor-button elementor-button-link elementor-size-sm\" href=\"https:\/\/medicaltravel.net\/prices\/\">\n\t\t\t\t\t\t<span class=\"elementor-button-content-wrapper\">\n\t\t\t\t\t\t\t\t\t<span class=\"elementor-button-text\">Fiyatlar<\/span>\n\t\t\t\t\t<\/span>\n\t\t\t\t\t<\/a>\n\t\t\t\t\t\t\t\t<\/div>\n\t\t\t\t<\/div>\n\t\t\t\t<div class=\"elementor-element elementor-element-54143e79 elementor-widget elementor-widget-text-editor\" data-id=\"54143e79\" data-element_type=\"widget\" data-e-type=\"widget\" data-widget_type=\"text-editor.default\">\n\t\t\t\t\t\t\t\t\t<h1 class=\"wp-block-heading\">TEKL\u0130F<\/h1>\n<h3 class=\"wp-block-heading\">G\u00dcZELL\u0130K SEYAHAT\u0130N\u0130Z \u0130\u00c7\u0130N T\u00dcRK\u0130YE\u2019DEK\u0130 H\u0130ZMETLER\u0130M\u0130Z<\/h3>\n<p>Amac\u0131m\u0131z, \u0130stanbul, Bodrum, \u0130zmir veya Antalya gibi ola\u011fan\u00fcst\u00fc g\u00fczel bir d\u00fcnya \u015fehrinde y\u00fcksek kaliteli t\u0131bbi ve organizasyon hizmeti sunarak <strong>plastik cerrahi<\/strong> ile \u201c<strong>daha g\u00fczel bir g\u00f6r\u00fcn\u00fcm<\/strong>\u201d dile\u011finizi ger\u00e7ekle\u015ftirmektir.<\/p>\n<p>Misyonumuz: g\u00fcvenilir, kapsay\u0131c\u0131 ve uygun fiyatl\u0131 hizmet.<\/p>\n<h3 class=\"wp-block-heading\">Bize G\u00fcvenin<\/h3>\n<p>V\u00fccudumuzdan daha \u00f6nemli ne olabilir? Bu nedenle estetik ameliyat olmaya karar vermek hi\u00e7 de kolay de\u011fildir. <\/p>\n<p>Ve bu ameliyat\u0131 yurt d\u0131\u015f\u0131nda yapt\u0131rmak, bu karar\u0131 daha da b\u00fcy\u00fck k\u0131lar. Hayat\u0131n\u0131z\u0131n karar\u0131n\u0131 verirken, her ad\u0131mda size en g\u00fcvenilir se\u00e7ene\u011fi g\u00f6stererek yan\u0131n\u0131zda olaca\u011f\u0131z. <\/p>\n<ul class=\"wp-block-list\">\n<li>Avrupa\u2019da yurt d\u0131\u015f\u0131nda ameliyat i\u00e7in \u201cHer \u015eey Dahil\u201d ilkesini sunan tek kurulu\u015f biziz.<\/li>\n<li>Ba\u015fka bir deyi\u015fle, en ba\u015f\u0131ndan sona kadar yaln\u0131zca hizmetlerimizin keyfini \u00e7\u0131kar\u0131rs\u0131n\u0131z ve ba\u015fka hi\u00e7bir \u015feyi d\u00fc\u015f\u00fcnmek zorunda kalmazs\u0131n\u0131z.<\/li>\n<\/ul>\n<h3 class=\"wp-block-heading\"><strong>Biz kapsaml\u0131y\u0131z<\/strong><\/h3>\n<p>T\u00fcrkiye\u2019ye g\u00fczellik tedavisi i\u00e7in bir seyahat, bir dizi organizasyon gerektirir. Biz bu <strong>organizasyonu<\/strong> memnuniyetle sizin i\u00e7in \u00fcstleniyoruz. <\/p>\n<p>Ve yapman\u0131z gereken tek \u015fey, \u00fccretsiz ve ba\u011flay\u0131c\u0131 olmayan dan\u0131\u015fmanl\u0131k hizmetlerimizin keyfini \u00e7\u0131karmakt\u0131r.<\/p>\n<ul class=\"wp-block-list\">\n<li>Dan\u0131\u015fmanl\u0131k hizmetlerimiz Almanca, \u0130ngilizce ve T\u00fcrk\u00e7e dillerinde olup, yaz\u0131l\u0131 dan\u0131\u015fmanl\u0131k hizmetini Frans\u0131zca olarak sunuyoruz.<\/li>\n<li><strong>Avrupa\u2019da \u00d6n Muayene<\/strong><br>T\u00fcrkiye\u2019ye gitmeden \u00f6nce, ortak cerrah\u0131m\u0131zla Z\u00fcrih\u2019te t\u0131bbi dan\u0131\u015fmanl\u0131k i\u00e7in g\u00f6r\u00fc\u015fmek m\u00fcmk\u00fcnd\u00fcr (maliyet sadece 100 CHF). Hatta operasyonunuzu Z\u00fcrih\u2019te yapt\u0131rmaya karar verebilirsiniz. \u00d6n muayene i\u00e7in <a href=\"https:\/\/medicaltravel.net\/tr\/iletisim\/\" data-type=\"page\" data-id=\"168\">buradan<\/a> ba\u015fvurabilirsiniz.<br><br>Bir di\u011fer se\u00e7enek ise Z\u00fcrih\u2019te d\u00fczenlenen bilgilendirme etkinliklerinde muayene olmakt\u0131r. \u0130stanbul\u2019daki cerrah\u0131m\u0131z y\u0131l i\u00e7inde bir\u00e7ok kez Z\u00fcrih\u2019e gelmektedir. Onunla g\u00f6r\u00fc\u015fme imk\u00e2n\u0131n\u0131z vard\u0131r. Bu hizmetler \u00fccretsizdir.     <\/li>\n<li><strong>Medicaltravelpass<\/strong><br>Bu, bizim benzersiz ek hizmetimizdir. Pass, T\u00fcrkiye\u2019deki konaklaman\u0131z ve tedavi s\u00fcrecinizle ilgili t\u00fcm ki\u015fisel bilgileri ve verileri i\u00e7erir. Pasaport boyutunda oldu\u011fundan, her zaman cebinizde ta\u015f\u0131yabilirsiniz. Bu pass, seyahatinizden \u00f6nce size \u00f6zel olarak teslim edilir.   <\/li>\n<li><strong>U\u00e7u\u015f<\/strong><br>Biz \u00f6neririz, siz karar verirsiniz. <strong>Farkl\u0131 hava yollar\u0131nda sa\u011fl\u0131k seyahatleri<\/strong> i\u00e7in \u00f6zel u\u00e7u\u015f fiyatlar\u0131m\u0131zdan yararland\u0131\u011f\u0131n\u0131zdan emin olun. <\/li>\n<li><strong>Havaliman\u0131ndan otele transfer<\/strong><br><strong>Hastalar\u0131m\u0131z\u0131 kar\u015f\u0131lama ekibimiz<\/strong> sizi otelinize b\u0131rakacakt\u0131r. Bu hizmetler \u00f6zel olup, \u015fehir i\u00e7i trafi\u011fi nedeniyle saatlerce yolculuk yapmak zorunda oldu\u011funuz toplu ta\u015f\u0131ma servisleri de\u011fildir. Bu \u00f6zel VIP hizmetin tad\u0131n\u0131 \u00e7\u0131kar\u0131n!  <\/li>\n<li><strong>Otel<\/strong><br>Konaklama konusunda size sunaca\u011f\u0131m\u0131z en iyi se\u00e7imi siz yapars\u0131n\u0131z. <strong>Oteller hastanelere yak\u0131nd\u0131r.<\/strong> Ameliyatlar i\u00e7in otel \u00f6nemli bir unsurdur. Kalaca\u011f\u0131n\u0131z oda hijyenik olmal\u0131d\u0131r. Biz sadece iyi ve temiz otellerle \u00e7al\u0131\u015f\u0131yoruz.  <\/li>\n<li><strong>\u0130ngilizceye Hakim Terc\u00fcmanlar<\/strong><br>Cerrahi ekibin dilini anlaman\u0131z \u00e7ok \u00f6nemlidir. \u0130ngilizce konu\u015fan personel, kusursuz bir ileti\u015fim sa\u011flar. Bu hizmetin di\u011fer dillerde de organize edilmesi m\u00fcmk\u00fcnd\u00fcr.  <\/li>\n<li><strong>\u00d6n Muayeneler<\/strong><br>V\u00fccudunuzun ameliyata uygun olup olmad\u0131\u011f\u0131 karar\u0131 verilmeden \u00f6nce kontrol edilmelidir. Cerrah\u0131n\u0131zla yapaca\u011f\u0131n\u0131z ilk dan\u0131\u015fmanl\u0131k, tedaviniz hakk\u0131nda sizi tamamen bilgilendirmeye yard\u0131mc\u0131 olur. <\/li>\n<li><strong>Ameliyat\u0131n\u0131z<\/strong><br>\u0130\u015f birli\u011fi yapt\u0131\u011f\u0131m\u0131z hastaneler ve klinikler, \u00e7e\u015fitli fakt\u00f6rler g\u00f6z \u00f6n\u00fcnde bulundurularak yap\u0131lan detayl\u0131 incelemeler sonucunda belirlenir ve se\u00e7ilir. \u00c7al\u0131\u015ft\u0131\u011f\u0131m\u0131z hastaneler ve kliniklerin uluslararas\u0131 sertifikalar\u0131 bulunmaktad\u0131r. <br><a href=\"https:\/\/medicaltravel.net\/tr\/acibadem-hastanesi-istanbul\/\" data-type=\"page\" data-id=\"103\">Hastaneler ve kliniklerle ilgili detayl\u0131 bilgiyi buradan edinebilirsiniz.<\/a><\/li>\n<li><strong>Ameliyat\u0131n Sonraki G\u00fcnlerinde Kontroller<\/strong><br>Ameliyattan sonraki ilk kontrolden sonra, takip eden g\u00fcnlerde ba\u015fka kontroller de yap\u0131l\u0131r. Bu kontroller, cerrahi ekibin ilk sonu\u00e7lar\u0131 kendisi analiz etmesini ve ameliyat sonras\u0131 gerekli tedavileri uygulamas\u0131n\u0131 m\u00fcmk\u00fcn k\u0131lar. Takip eden kontroller zorunludur. Seyahatinizi buna g\u00f6re planlamal\u0131s\u0131n\u0131z.   <\/li>\n<li><strong>\u00dccretsiz Di\u015f Kontrol\u00fc<\/strong><br>Ameliyat\u0131n\u0131z \u015fimdi size daha fazla avantaj sa\u011fl\u0131yor! Tedavinizi d\u00fcnyan\u0131n en iyi teknolojileriyle al\u0131rken, modern di\u015f klini\u011fimizle de tan\u0131\u015fma f\u0131rsat\u0131 elde edersiniz. Di\u015f kontrol\u00fcn\u00fcz talep \u00fczerine ve tamamen \u00fccretsizdir. Bu hizmet zorunlu de\u011fildir ve yaln\u0131zca talep edildi\u011finde d\u00fczenlenir.   <\/li>\n<li><strong>\u015eehir Turu (talep \u00fczerine)<\/strong><br>Hizmetlerimiz sayesinde bir d\u00fcnya \u015fehrini ziyaret etme f\u0131rsat\u0131na sahipsiniz. Ki\u015fisel seyahat plan\u0131n\u0131z \u00fczerinde \u00e7al\u0131\u015farak nereleri gezebilece\u011finiz ve neler yapabilece\u011finiz konusunda size yard\u0131mc\u0131 oluyoruz. B\u00f6ylece g\u00fczel an\u0131lar, yeni hayat\u0131n\u0131z\u0131n ba\u015flang\u0131c\u0131 olabilir. \u015eehirlerle ilgili detayl\u0131 bilgiyi buradan bulabilirsiniz.   <\/li>\n<li><strong>Otelden Havaliman\u0131na Transfer<\/strong><br>Transfer ekibimiz, seyahatinizin sonuna kadar tamamen olumlu ge\u00e7mesini sa\u011flar.<\/li>\n<li><strong>\u0130svi\u00e7re\u2019de Kontroller<\/strong><br>\u015eimdiye kadar, yurt d\u0131\u015f\u0131nda operasyon ge\u00e7iren hastalar, kontrolleri ve d\u00fczenli muayeneleri ihmal edildi\u011fi i\u00e7in dezavantajl\u0131 durumdayd\u0131. Bunu \u00f6nlemek i\u00e7in gerekli \u00f6nlemleri ald\u0131k. Bizde hi\u00e7bir \u015fey tesad\u00fcf de\u011fildir. Z\u00fcrih\u2019teki yetkili doktorumuz, sonu\u00e7lar\u0131 kontrol eder ve muayene eder. B\u00f6ylece v\u00fccudunuz i\u00e7in sorunsuz bir iyile\u015fme s\u00fcreci sa\u011flan\u0131r. \u0130lk muayene bizden size bir hediye olarak sunulur.<br><br>Sadece \u0130stanbul hastalar\u0131 i\u00e7in ge\u00e7erli olan post kontroller, \u0130stanbul\u2019daki cerrah taraf\u0131ndan Z\u00fcrih\u2019te de yap\u0131labilir. Y\u0131lda \u00fc\u00e7 ila d\u00f6rt kez Z\u00fcrih\u2019te bilgilendirme etkinlikleri d\u00fczenliyoruz ve \u0130stanbul\u2019daki cerrah\u0131m\u0131z da gelmektedir. Bu kontroller \u00fccretsizdir.       <\/li>\n<\/ul>\n<h3 class=\"wp-block-heading\">Uygun Fiyatlar<\/h3>\n<p>Uygun fiyatlar\u0131 sayesinde, estetik cerrahiyi herkes i\u00e7in m\u00fcmk\u00fcn k\u0131l\u0131yoruz.<\/p>\n<ul class=\"wp-block-list\">\n<li>Avrupa\u2019da estetik cerrahinin maliyeti neden daha y\u00fcksektir?<br>Avrupa \u00fclkeleri, d\u00fcnyan\u0131n en pahal\u0131 \u00fclkelerinden biridir. Bunun nedeni, personel maliyetlerinin y\u00fcksek olmas\u0131 ve kira ile altyap\u0131 giderlerinin fazla olmas\u0131d\u0131r. Ayr\u0131ca, geli\u015fmi\u015f ve y\u00fcksek teknolojiye sahip cihazlar da olduk\u00e7a pahal\u0131d\u0131r. Bu nedenle, karl\u0131 bir yat\u0131r\u0131m sa\u011flamak i\u00e7in \u00e7ok say\u0131da hastaya hizmet vermek gerekmektedir.   <\/li>\n<li>T\u00fcrkiye\u2019de fiyatlar neden bu kadar uygun?<br>OECD ara\u015ft\u0131rmas\u0131na g\u00f6re, Avrupa\u2019da 100 Euro de\u011ferinde bir i\u015flem i\u00e7in T\u00fcrkiye\u2019de sadece 45 Euro \u00f6dersiniz. Sonu\u00e7 olarak, T\u00fcrkiye\u2019de bir cerrah\u0131n \u00fccreti, Avrupa\u2019daki meslekta\u015f\u0131n\u0131n ald\u0131\u011f\u0131 \u00fccretten daha d\u00fc\u015f\u00fckt\u00fcr. Ayr\u0131ca, \u0130stanbul Avrupa\u2019n\u0131n en b\u00fcy\u00fck \u015fehri oldu\u011fu i\u00e7in, yaln\u0131zca y\u00fcksek teknolojiye sahip cihazlar\u0131 Avrupa fiyat\u0131na almak de\u011fil, ayn\u0131 zamanda ameliyat maliyetlerini de d\u00fc\u015f\u00fck tutmak m\u00fcmk\u00fcn olmaktad\u0131r. Bu nedenle T\u00fcrkiye, her y\u0131l Avrupa\u2019dan binlerce hastay\u0131 a\u011f\u0131rlamakta ve biz de size y\u00fcksek kaliteli hizmeti uygun fiyatlarla sunabilmekteyiz. <\/li>\n<li>Kendi seyahatimi kendim planlayabilirken neden MedicalTravel ile planlamam daha iyi?<br>Elbette, seyahatinizi kendi ba\u015f\u0131n\u0131za da planlayabilirsiniz. Ancak bu genellikle \u00e7ok yorucu ve risklidir. MedicalTravel ise \u201cHer \u015eey Dahil\u201d ilkesini sunar. Yurt d\u0131\u015f\u0131nda tedaviniz s\u00fcresince ihtiyac\u0131n\u0131z olabilecek her \u015feyle biz ilgileniriz; sadece ameliyat \u00f6ncesinde de\u011fil, ameliyat sonras\u0131 d\u00f6nemde de g\u00fcvenilir orta\u011f\u0131n\u0131z olmaya devam ederiz. Herhangi bir sorunuz mu var? L\u00fctfen bizimle <a href=\"https:\/\/medicaltravel.net\/tr\/iletisim\/\" data-type=\"page\" data-id=\"168\">ileti\u015fime<\/a> ge\u00e7mekten \u00e7ekinmeyin.    <\/li>\n<\/ul>\t\t\t\t\t\t\t\t<\/div>\n\t\t\t\t\t<\/div>\n\t\t\t\t<\/div>\n\t\t\t\t<\/div>\n\t\t","protected":false},"excerpt":{"rendered":"<p>G\u00fczellik Operasyonlar\u0131 Hizmet Yelpazesi Teklif Fiyatlar TEKL\u0130F G\u00dcZELL\u0130K SEYAHAT\u0130N\u0130Z \u0130\u00c7\u0130N T\u00dcRK\u0130YE\u2019DEK\u0130 H\u0130ZMETLER\u0130M\u0130Z Amac\u0131m\u0131z, \u0130stanbul, Bodrum, \u0130zmir veya Antalya gibi ola\u011fan\u00fcst\u00fc g\u00fczel bir d\u00fcnya \u015fehrinde y\u00fcksek kaliteli t\u0131bbi ve organizasyon hizmeti sunarak plastik cerrahi ile \u201cdaha g\u00fczel bir g\u00f6r\u00fcn\u00fcm\u201d dile\u011finizi ger\u00e7ekle\u015ftirmektir. Misyonumuz: g\u00fcvenilir, kapsay\u0131c\u0131 ve uygun fiyatl\u0131 hizmet. Bize G\u00fcvenin V\u00fccudumuzdan daha \u00f6nemli ne olabilir? Bu nedenle estetik ameliyat olmaya karar vermek hi\u00e7 de kolay de\u011fildir. Ve bu ameliyat\u0131 yurt d\u0131\u015f\u0131nda yapt\u0131rmak, bu karar\u0131 daha da b\u00fcy\u00fck k\u0131lar. Hayat\u0131n\u0131z\u0131n karar\u0131n\u0131 verirken, her ad\u0131mda size en g\u00fcvenilir se\u00e7ene\u011fi g\u00f6stererek yan\u0131n\u0131zda olaca\u011f\u0131z. Avrupa\u2019da yurt d\u0131\u015f\u0131nda ameliyat i\u00e7in \u201cHer \u015eey Dahil\u201d ilkesini sunan tek kurulu\u015f biziz. Ba\u015fka bir deyi\u015fle, en ba\u015f\u0131ndan sona kadar yaln\u0131zca hizmetlerimizin keyfini \u00e7\u0131kar\u0131rs\u0131n\u0131z ve ba\u015fka hi\u00e7bir \u015feyi d\u00fc\u015f\u00fcnmek zorunda kalmazs\u0131n\u0131z. Biz kapsaml\u0131y\u0131z T\u00fcrkiye\u2019ye g\u00fczellik tedavisi i\u00e7in bir seyahat, bir dizi organizasyon gerektirir. Biz bu organizasyonu memnuniyetle sizin i\u00e7in \u00fcstleniyoruz. Ve yapman\u0131z gereken tek \u015fey, \u00fccretsiz ve ba\u011flay\u0131c\u0131 olmayan dan\u0131\u015fmanl\u0131k hizmetlerimizin keyfini \u00e7\u0131karmakt\u0131r. Dan\u0131\u015fmanl\u0131k hizmetlerimiz Almanca, \u0130ngilizce ve T\u00fcrk\u00e7e dillerinde olup, yaz\u0131l\u0131 dan\u0131\u015fmanl\u0131k hizmetini Frans\u0131zca olarak sunuyoruz. Avrupa\u2019da \u00d6n MuayeneT\u00fcrkiye\u2019ye gitmeden \u00f6nce, ortak cerrah\u0131m\u0131zla Z\u00fcrih\u2019te t\u0131bbi dan\u0131\u015fmanl\u0131k i\u00e7in g\u00f6r\u00fc\u015fmek m\u00fcmk\u00fcnd\u00fcr (maliyet sadece 100 CHF). Hatta operasyonunuzu Z\u00fcrih\u2019te yapt\u0131rmaya karar verebilirsiniz. \u00d6n muayene i\u00e7in buradan ba\u015fvurabilirsiniz. Bir di\u011fer se\u00e7enek ise Z\u00fcrih\u2019te d\u00fczenlenen bilgilendirme etkinliklerinde muayene olmakt\u0131r. \u0130stanbul\u2019daki cerrah\u0131m\u0131z y\u0131l i\u00e7inde bir\u00e7ok kez Z\u00fcrih\u2019e gelmektedir. Onunla g\u00f6r\u00fc\u015fme imk\u00e2n\u0131n\u0131z vard\u0131r. Bu hizmetler \u00fccretsizdir. MedicaltravelpassBu, bizim benzersiz ek hizmetimizdir. Pass, T\u00fcrkiye\u2019deki konaklaman\u0131z ve tedavi s\u00fcrecinizle ilgili t\u00fcm ki\u015fisel bilgileri ve verileri i\u00e7erir. Pasaport boyutunda oldu\u011fundan, her zaman cebinizde ta\u015f\u0131yabilirsiniz. Bu pass, seyahatinizden \u00f6nce size \u00f6zel olarak teslim edilir. U\u00e7u\u015fBiz \u00f6neririz, siz karar verirsiniz. Farkl\u0131 hava yollar\u0131nda sa\u011fl\u0131k seyahatleri i\u00e7in \u00f6zel u\u00e7u\u015f fiyatlar\u0131m\u0131zdan yararland\u0131\u011f\u0131n\u0131zdan emin olun. Havaliman\u0131ndan otele transferHastalar\u0131m\u0131z\u0131 kar\u015f\u0131lama ekibimiz sizi otelinize b\u0131rakacakt\u0131r. Bu hizmetler \u00f6zel olup, \u015fehir i\u00e7i trafi\u011fi nedeniyle saatlerce yolculuk yapmak zorunda oldu\u011funuz toplu ta\u015f\u0131ma servisleri de\u011fildir. Bu \u00f6zel VIP hizmetin tad\u0131n\u0131 \u00e7\u0131kar\u0131n! OtelKonaklama konusunda size sunaca\u011f\u0131m\u0131z en iyi se\u00e7imi siz yapars\u0131n\u0131z. Oteller hastanelere yak\u0131nd\u0131r. Ameliyatlar i\u00e7in otel \u00f6nemli bir unsurdur. Kalaca\u011f\u0131n\u0131z oda hijyenik olmal\u0131d\u0131r. Biz sadece iyi ve temiz otellerle \u00e7al\u0131\u015f\u0131yoruz. \u0130ngilizceye Hakim Terc\u00fcmanlarCerrahi ekibin dilini anlaman\u0131z \u00e7ok \u00f6nemlidir. \u0130ngilizce konu\u015fan personel, kusursuz bir ileti\u015fim sa\u011flar. Bu hizmetin di\u011fer dillerde de organize edilmesi m\u00fcmk\u00fcnd\u00fcr. \u00d6n MuayenelerV\u00fccudunuzun ameliyata uygun olup olmad\u0131\u011f\u0131 karar\u0131 verilmeden \u00f6nce kontrol edilmelidir. Cerrah\u0131n\u0131zla yapaca\u011f\u0131n\u0131z ilk dan\u0131\u015fmanl\u0131k, tedaviniz hakk\u0131nda sizi tamamen bilgilendirmeye yard\u0131mc\u0131 olur. Ameliyat\u0131n\u0131z\u0130\u015f birli\u011fi yapt\u0131\u011f\u0131m\u0131z hastaneler ve klinikler, \u00e7e\u015fitli fakt\u00f6rler g\u00f6z \u00f6n\u00fcnde bulundurularak yap\u0131lan detayl\u0131 incelemeler sonucunda belirlenir ve se\u00e7ilir. \u00c7al\u0131\u015ft\u0131\u011f\u0131m\u0131z hastaneler ve kliniklerin uluslararas\u0131 sertifikalar\u0131 bulunmaktad\u0131r. Hastaneler ve kliniklerle ilgili detayl\u0131 bilgiyi buradan edinebilirsiniz. Ameliyat\u0131n Sonraki G\u00fcnlerinde KontrollerAmeliyattan sonraki ilk kontrolden sonra, takip eden g\u00fcnlerde ba\u015fka kontroller de yap\u0131l\u0131r. Bu kontroller, cerrahi ekibin ilk sonu\u00e7lar\u0131 kendisi analiz etmesini ve ameliyat sonras\u0131 gerekli tedavileri uygulamas\u0131n\u0131 m\u00fcmk\u00fcn k\u0131lar. Takip eden kontroller zorunludur. Seyahatinizi buna g\u00f6re planlamal\u0131s\u0131n\u0131z. \u00dccretsiz Di\u015f Kontrol\u00fcAmeliyat\u0131n\u0131z \u015fimdi size daha fazla avantaj sa\u011fl\u0131yor! Tedavinizi d\u00fcnyan\u0131n en iyi teknolojileriyle al\u0131rken, modern di\u015f klini\u011fimizle de tan\u0131\u015fma f\u0131rsat\u0131 elde edersiniz. Di\u015f kontrol\u00fcn\u00fcz talep \u00fczerine ve tamamen \u00fccretsizdir. Bu hizmet zorunlu de\u011fildir ve yaln\u0131zca talep edildi\u011finde d\u00fczenlenir. \u015eehir Turu (talep \u00fczerine)Hizmetlerimiz sayesinde bir d\u00fcnya \u015fehrini ziyaret etme f\u0131rsat\u0131na sahipsiniz. Ki\u015fisel seyahat plan\u0131n\u0131z \u00fczerinde \u00e7al\u0131\u015farak nereleri gezebilece\u011finiz ve neler yapabilece\u011finiz konusunda size yard\u0131mc\u0131 oluyoruz. B\u00f6ylece g\u00fczel an\u0131lar, yeni hayat\u0131n\u0131z\u0131n ba\u015flang\u0131c\u0131 olabilir. \u015eehirlerle ilgili detayl\u0131 bilgiyi buradan bulabilirsiniz. Otelden Havaliman\u0131na TransferTransfer ekibimiz, seyahatinizin sonuna kadar tamamen olumlu ge\u00e7mesini sa\u011flar. \u0130svi\u00e7re\u2019de Kontroller\u015eimdiye kadar, yurt d\u0131\u015f\u0131nda operasyon ge\u00e7iren hastalar, kontrolleri ve d\u00fczenli muayeneleri ihmal edildi\u011fi i\u00e7in dezavantajl\u0131 durumdayd\u0131. Bunu \u00f6nlemek i\u00e7in gerekli \u00f6nlemleri ald\u0131k. Bizde hi\u00e7bir \u015fey tesad\u00fcf de\u011fildir. Z\u00fcrih\u2019teki yetkili doktorumuz, sonu\u00e7lar\u0131 kontrol eder ve muayene eder. B\u00f6ylece v\u00fccudunuz i\u00e7in sorunsuz bir iyile\u015fme s\u00fcreci sa\u011flan\u0131r. \u0130lk muayene bizden size bir hediye olarak sunulur. Sadece \u0130stanbul hastalar\u0131 i\u00e7in ge\u00e7erli olan post kontroller, \u0130stanbul\u2019daki cerrah taraf\u0131ndan Z\u00fcrih\u2019te de yap\u0131labilir. Y\u0131lda \u00fc\u00e7 ila d\u00f6rt kez Z\u00fcrih\u2019te bilgilendirme etkinlikleri d\u00fczenliyoruz ve \u0130stanbul\u2019daki cerrah\u0131m\u0131z da gelmektedir. Bu kontroller \u00fccretsizdir. Uygun Fiyatlar Uygun fiyatlar\u0131 sayesinde, estetik cerrahiyi herkes i\u00e7in m\u00fcmk\u00fcn k\u0131l\u0131yoruz. Avrupa\u2019da estetik cerrahinin maliyeti neden daha y\u00fcksektir?Avrupa \u00fclkeleri, d\u00fcnyan\u0131n en pahal\u0131 \u00fclkelerinden biridir. Bunun nedeni, personel maliyetlerinin y\u00fcksek olmas\u0131 ve kira ile altyap\u0131 giderlerinin fazla olmas\u0131d\u0131r. Ayr\u0131ca, geli\u015fmi\u015f ve y\u00fcksek teknolojiye sahip cihazlar da olduk\u00e7a pahal\u0131d\u0131r. Bu nedenle, karl\u0131 bir yat\u0131r\u0131m sa\u011flamak i\u00e7in \u00e7ok say\u0131da hastaya hizmet vermek gerekmektedir. T\u00fcrkiye\u2019de fiyatlar neden bu kadar uygun?OECD ara\u015ft\u0131rmas\u0131na g\u00f6re, Avrupa\u2019da 100 Euro de\u011ferinde bir i\u015flem i\u00e7in T\u00fcrkiye\u2019de sadece 45 Euro \u00f6dersiniz. Sonu\u00e7 olarak, T\u00fcrkiye\u2019de bir cerrah\u0131n \u00fccreti, Avrupa\u2019daki meslekta\u015f\u0131n\u0131n ald\u0131\u011f\u0131 \u00fccretten daha d\u00fc\u015f\u00fckt\u00fcr. Ayr\u0131ca, \u0130stanbul Avrupa\u2019n\u0131n en b\u00fcy\u00fck \u015fehri oldu\u011fu i\u00e7in, yaln\u0131zca y\u00fcksek teknolojiye sahip cihazlar\u0131 Avrupa fiyat\u0131na almak de\u011fil, ayn\u0131 zamanda ameliyat maliyetlerini de d\u00fc\u015f\u00fck tutmak m\u00fcmk\u00fcn olmaktad\u0131r. Bu nedenle T\u00fcrkiye, her y\u0131l Avrupa\u2019dan binlerce hastay\u0131 a\u011f\u0131rlamakta ve biz de size y\u00fcksek kaliteli hizmeti uygun fiyatlarla sunabilmekteyiz. Kendi seyahatimi kendim planlayabilirken neden MedicalTravel ile planlamam daha iyi?Elbette, seyahatinizi kendi ba\u015f\u0131n\u0131za da planlayabilirsiniz. Ancak bu genellikle \u00e7ok yorucu ve risklidir. MedicalTravel ise \u201cHer \u015eey Dahil\u201d ilkesini sunar. Yurt d\u0131\u015f\u0131nda tedaviniz s\u00fcresince ihtiyac\u0131n\u0131z olabilecek her \u015feyle biz ilgileniriz; sadece ameliyat \u00f6ncesinde de\u011fil, ameliyat sonras\u0131 d\u00f6nemde de g\u00fcvenilir orta\u011f\u0131n\u0131z olmaya devam ederiz. Herhangi bir sorunuz mu var? L\u00fctfen bizimle ileti\u015fime ge\u00e7mekten \u00e7ekinmeyin.<\/p>\n","protected":false},"author":4,"featured_media":0,"parent":0,"menu_order":0,"comment_status":"closed","ping_status":"closed","template":"","meta":{"_joinchat":[],"footnotes":""},"class_list":["post-2675","page","type-page","status-publish","hentry"],"acf":[],"_links":{"self":[{"href":"https:\/\/medicaltravel.net\/tr\/wp-json\/wp\/v2\/pages\/2675","targetHints":{"allow":["GET"]}}],"collection":[{"href":"https:\/\/medicaltravel.net\/tr\/wp-json\/wp\/v2\/pages"}],"about":[{"href":"https:\/\/medicaltravel.net\/tr\/wp-json\/wp\/v2\/types\/page"}],"author":[{"embeddable":true,"href":"https:\/\/medicaltravel.net\/tr\/wp-json\/wp\/v2\/users\/4"}],"replies":[{"embeddable":true,"href":"https:\/\/medicaltravel.net\/tr\/wp-json\/wp\/v2\/comments?post=2675"}],"version-history":[{"count":1,"href":"https:\/\/medicaltravel.net\/tr\/wp-json\/wp\/v2\/pages\/2675\/revisions"}],"predecessor-version":[{"id":2676,"href":"https:\/\/medicaltravel.net\/tr\/wp-json\/wp\/v2\/pages\/2675\/revisions\/2676"}],"wp:attachment":[{"href":"https:\/\/medicaltravel.net\/tr\/wp-json\/wp\/v2\/media?parent=2675"}],"curies":[{"name":"wp","href":"https:\/\/api.w.org\/{rel}","templated":true}]}}