{"id":2677,"date":"2025-09-29T09:54:22","date_gmt":"2025-09-29T08:54:22","guid":{"rendered":"https:\/\/medicaltravel.net\/fiyatlar\/"},"modified":"2026-01-11T13:57:21","modified_gmt":"2026-01-11T12:57:21","slug":"fiyatlar","status":"publish","type":"page","link":"https:\/\/medicaltravel.net\/tr\/fiyatlar\/","title":{"rendered":"Fiyatlar"},"content":{"rendered":"\n<ul class=\"wp-block-list\">\n<li><a href=\"https:\/\/medicaltravel.net\/home\/beauty-operations\/\" data-type=\"page\" data-id=\"81\">G\u00fczellik Operasyonlar\u0131<\/a><\/li>\n\n\n\n<li><a href=\"https:\/\/medicaltravel.net\/home\/breast-ops\/\" data-type=\"page\" data-id=\"83\">Hizmet Yelpazesi<\/a><\/li>\n\n\n\n<li><a href=\"https:\/\/medicaltravel.net\/home\/offer\/\" data-type=\"page\" data-id=\"99\">Teklif<\/a><\/li>\n\n\n\n<li><a href=\"https:\/\/medicaltravel.net\/home\/prices\/\" data-type=\"page\" data-id=\"101\">Fiyatlar<\/a><\/li>\n<\/ul>\n\n<h1 class=\"wp-block-heading\">F\u0130YATLAR<\/h1>\n\n<h3 class=\"wp-block-heading\">T\u00dcRK\u0130YE\u2019DE G\u00dcZELL\u0130K OPERASYONLARI F\u0130YATLARI<\/h3>\n\n<p><strong>T\u00fcrkiye\u2019de estetik cerrahiniz i\u00e7in <\/strong>sundu\u011fumuz cazip <strong>fiyatlar:<\/strong><\/p>\n\n<figure class=\"wp-block-table\"><table class=\"has-fixed-layout\"><thead><tr><th>Tedaviler<\/th><th>Fiyatlar*<\/th><\/tr><\/thead><tbody><tr><td>Y\u00fcz Germe<\/td><td>ca. 2500- 3728<\/td><\/tr><tr><td><strong>Burun Yeniden \u015eekillendirme<\/strong><\/td><td> <strong>ca. 1800- 2875<\/strong> <\/td><\/tr><tr><td>Kulak Esteti\u011fi<\/td><td>ca. 1390- 2000<\/td><\/tr><tr><td><strong>Meme Esteti\u011fi<\/strong><\/td><td> <strong>ca. 2755- 4500<\/strong> <\/td><\/tr><tr><td>Meme k\u00fc\u00e7\u00fcltme<\/td><td>ca. 2490- 4025<\/td><\/tr><tr><td><strong>Meme dikle\u015ftirme<\/strong><\/td><td> <strong>ca. 2000 -3738<\/strong> <\/td><\/tr><tr><td>Liposuction \u2013 Ya\u011f Ald\u0131rma<\/td><td>ca. 1500- 3875<\/td><\/tr><tr><td><strong>Kar\u0131n Germe<\/strong><\/td><td> <strong>ca. 2090- 3450<\/strong> <\/td><\/tr><tr><td>G\u00f6z Kapa\u011f\u0131 Ameliyat\u0131<\/td><td>ca. 1100-2300<\/td><\/tr><\/tbody><\/table><\/figure>\n\n<p>Fiyatlar Euro cinsindendir. Fiyatlar kullan\u0131lan malzeme ve y\u00f6nteme g\u00f6re de\u011fi\u015fiklik g\u00f6sterebilir. Fiyatlarda de\u011fi\u015fiklik yapma hakk\u0131 sakl\u0131d\u0131r. Meme esteti\u011finde, implant fiyatlara dahildir.   <\/p>\n\n<p>Z\u00fcrih\u2019te bir kontrol ve havaliman\u0131-otel-klinik transferleri de fiyatlara dahildir. \u0130stanbul\u2019da tedavi g\u00f6ren hastalar, Z\u00fcrih\u2019teki bilgilendirme etkinliklerinde de kontrollerini \u00fccretsiz yapt\u0131rabilirler. <\/p>\n\n<p><strong>Seyahatinizi Planlamak<\/strong><br\/>Tedavinizi planlayabilmemiz i\u00e7in l\u00fctfen bu ileti\u015fim formunu eksiksiz doldurarak bize iletin. \u0130lgili foto\u011fraflar\u0131 info@medicaltravel.net e-posta adresimize g\u00f6nderebilirsiniz. <\/p>\n\n<p><strong>\u00d6DEME<\/strong><br\/>T\u00fcm \u00f6demelerinizi T\u00fcrkiye\u2019de yapars\u0131n\u0131z, herhangi bir \u00f6n \u00f6deme \u015fart\u0131 yoktur. \u0130svi\u00e7re Frang\u0131, T\u00fcrk Liras\u0131 veya Euro ile nakit \u00f6deme yapabilirsiniz; ayr\u0131ca kredi kart\u0131 veya para transferi ile \u00f6deme yapmak da m\u00fcmk\u00fcnd\u00fcr. <\/p>\n\n<p><strong>U\u00e7ak Fiyatlar\u0131<\/strong><br\/>U\u00e7ak fiyatlar\u0131nda b\u00fcy\u00fck farkl\u0131l\u0131klar vard\u0131r. Bu fiyatlar hem havayolu \u015firketine hem de seyahat etmek istedi\u011finiz tarihlere ba\u011fl\u0131d\u0131r. Fiyatlar 100 ile 300 Euro aras\u0131nda de\u011fi\u015fmektedir. Size uygun bir u\u00e7u\u015f bulman\u0131zda yard\u0131mc\u0131 olabiliriz.   <\/p>\n\n<p><strong>Otel Fiyatlar\u0131<\/strong><br\/>T\u00fcrkiye\u2019de konaklamak istedi\u011finiz otele ba\u011fl\u0131 olarak gecelik 55 ile 80 Euro aras\u0131nda de\u011fi\u015fen fiyatlarla \u00e7e\u015fitli oteller bulunmaktad\u0131r.<\/p>\n\n<p>\u00d6rne\u011fin, \u0130stanbul\u2019daki <a href=\"https:\/\/www.leventotelistanbul.com\/en\/\" target=\"_blank\" rel=\"noreferrer noopener\">Levent Hotel\u2019<\/a>de tek gecelik konaklama 55 Euro\u2019dur ve otel bir\u00e7ok al\u0131\u015fveri\u015f merkezine \u00e7ok yak\u0131nd\u0131r.<\/p>\n\n<p>Antalya ve \u0130zmir\u2019de ayr\u0131ca \u00e7e\u015fitli sahil otellerinde de konaklayabilirsiniz. Bodrum, \u0130zmir ve Antalya\u2019daki otelleri u\u00e7u\u015flarla birle\u015ftirebiliriz. <\/p>\n","protected":false},"excerpt":{"rendered":"<p>F\u0130YATLAR T\u00dcRK\u0130YE\u2019DE G\u00dcZELL\u0130K OPERASYONLARI F\u0130YATLARI T\u00fcrkiye\u2019de estetik cerrahiniz i\u00e7in sundu\u011fumuz cazip fiyatlar: Tedaviler Fiyatlar* Y\u00fcz Germe ca. 2500- 3728 Burun Yeniden \u015eekillendirme ca. 1800- 2875 Kulak Esteti\u011fi ca. 1390- 2000 Meme Esteti\u011fi ca. 2755- 4500 Meme k\u00fc\u00e7\u00fcltme ca. 2490- 4025 Meme dikle\u015ftirme ca. 2000 -3738 Liposuction \u2013 Ya\u011f Ald\u0131rma ca. 1500- 3875 Kar\u0131n Germe ca. 2090- 3450 G\u00f6z Kapa\u011f\u0131 Ameliyat\u0131 ca. 1100-2300 Fiyatlar Euro cinsindendir. Fiyatlar kullan\u0131lan malzeme ve y\u00f6nteme g\u00f6re de\u011fi\u015fiklik g\u00f6sterebilir. Fiyatlarda de\u011fi\u015fiklik yapma hakk\u0131 sakl\u0131d\u0131r. Meme esteti\u011finde, implant fiyatlara dahildir. Z\u00fcrih\u2019te bir kontrol ve havaliman\u0131-otel-klinik transferleri de fiyatlara dahildir. \u0130stanbul\u2019da tedavi g\u00f6ren hastalar, Z\u00fcrih\u2019teki bilgilendirme etkinliklerinde de kontrollerini \u00fccretsiz yapt\u0131rabilirler. Seyahatinizi PlanlamakTedavinizi planlayabilmemiz i\u00e7in l\u00fctfen bu ileti\u015fim formunu eksiksiz doldurarak bize iletin. \u0130lgili foto\u011fraflar\u0131 info@medicaltravel.net e-posta adresimize g\u00f6nderebilirsiniz. \u00d6DEMET\u00fcm \u00f6demelerinizi T\u00fcrkiye\u2019de yapars\u0131n\u0131z, herhangi bir \u00f6n \u00f6deme \u015fart\u0131 yoktur. \u0130svi\u00e7re Frang\u0131, T\u00fcrk Liras\u0131 veya Euro ile nakit \u00f6deme yapabilirsiniz; ayr\u0131ca kredi kart\u0131 veya para transferi ile \u00f6deme yapmak da m\u00fcmk\u00fcnd\u00fcr. U\u00e7ak Fiyatlar\u0131U\u00e7ak fiyatlar\u0131nda b\u00fcy\u00fck farkl\u0131l\u0131klar vard\u0131r. Bu fiyatlar hem havayolu \u015firketine hem de seyahat etmek istedi\u011finiz tarihlere ba\u011fl\u0131d\u0131r. Fiyatlar 100 ile 300 Euro aras\u0131nda de\u011fi\u015fmektedir. Size uygun bir u\u00e7u\u015f bulman\u0131zda yard\u0131mc\u0131 olabiliriz. Otel Fiyatlar\u0131T\u00fcrkiye\u2019de konaklamak istedi\u011finiz otele ba\u011fl\u0131 olarak gecelik 55 ile 80 Euro aras\u0131nda de\u011fi\u015fen fiyatlarla \u00e7e\u015fitli oteller bulunmaktad\u0131r. \u00d6rne\u011fin, \u0130stanbul\u2019daki Levent Hotel\u2019de tek gecelik konaklama 55 Euro\u2019dur ve otel bir\u00e7ok al\u0131\u015fveri\u015f merkezine \u00e7ok yak\u0131nd\u0131r. Antalya ve \u0130zmir\u2019de ayr\u0131ca \u00e7e\u015fitli sahil otellerinde de konaklayabilirsiniz. Bodrum, \u0130zmir ve Antalya\u2019daki otelleri u\u00e7u\u015flarla birle\u015ftirebiliriz.<\/p>\n","protected":false},"author":4,"featured_media":0,"parent":0,"menu_order":0,"comment_status":"closed","ping_status":"closed","template":"","meta":{"_joinchat":[],"footnotes":""},"class_list":["post-2677","page","type-page","status-publish","hentry"],"acf":[],"_links":{"self":[{"href":"https:\/\/medicaltravel.net\/tr\/wp-json\/wp\/v2\/pages\/2677","targetHints":{"allow":["GET"]}}],"collection":[{"href":"https:\/\/medicaltravel.net\/tr\/wp-json\/wp\/v2\/pages"}],"about":[{"href":"https:\/\/medicaltravel.net\/tr\/wp-json\/wp\/v2\/types\/page"}],"author":[{"embeddable":true,"href":"https:\/\/medicaltravel.net\/tr\/wp-json\/wp\/v2\/users\/4"}],"replies":[{"embeddable":true,"href":"https:\/\/medicaltravel.net\/tr\/wp-json\/wp\/v2\/comments?post=2677"}],"version-history":[{"count":1,"href":"https:\/\/medicaltravel.net\/tr\/wp-json\/wp\/v2\/pages\/2677\/revisions"}],"predecessor-version":[{"id":2678,"href":"https:\/\/medicaltravel.net\/tr\/wp-json\/wp\/v2\/pages\/2677\/revisions\/2678"}],"wp:attachment":[{"href":"https:\/\/medicaltravel.net\/tr\/wp-json\/wp\/v2\/media?parent=2677"}],"curies":[{"name":"wp","href":"https:\/\/api.w.org\/{rel}","templated":true}]}}