{"id":2687,"date":"2025-09-29T09:59:00","date_gmt":"2025-09-29T08:59:00","guid":{"rendered":"https:\/\/medicaltravel.net\/rommer-ortopedik-ve-norolojik-rehabilitasyon-merkezi-klinik-bursa-turkiye\/"},"modified":"2026-01-11T15:58:06","modified_gmt":"2026-01-11T14:58:06","slug":"rommer-ortopedik-ve-norolojik-rehabilitasyon-merkezi-klinik-bursa-turkiye","status":"publish","type":"page","link":"https:\/\/medicaltravel.net\/tr\/rommer-ortopedik-ve-norolojik-rehabilitasyon-merkezi-klinik-bursa-turkiye\/","title":{"rendered":"Rommer Ortopedik ve N\u00f6rolojik Rehabilitasyon Merkezi Klinik Bursa T\u00fcrkiye"},"content":{"rendered":"\t\t<div data-elementor-type=\"wp-page\" data-elementor-id=\"2687\" class=\"elementor elementor-2687 elementor-113\" data-elementor-post-type=\"page\">\n\t\t\t\t<div class=\"elementor-element elementor-element-321dc5af e-flex e-con-boxed wpr-particle-no wpr-jarallax-no wpr-parallax-no wpr-sticky-section-no e-con e-parent\" data-id=\"321dc5af\" data-element_type=\"container\" data-e-type=\"container\">\n\t\t\t\t\t<div class=\"e-con-inner\">\n\t\t<div class=\"elementor-element elementor-element-772ef0a e-con-full e-flex wpr-particle-no wpr-jarallax-no wpr-parallax-no wpr-sticky-section-no e-con e-child\" data-id=\"772ef0a\" data-element_type=\"container\" data-e-type=\"container\">\n\t\t\t\t<div class=\"elementor-element elementor-element-f34676e elementor-widget elementor-widget-button\" data-id=\"f34676e\" data-element_type=\"widget\" data-e-type=\"widget\" data-widget_type=\"button.default\">\n\t\t\t\t\t\t\t\t\t\t<a class=\"elementor-button elementor-button-link elementor-size-sm\" href=\"https:\/\/medicaltravel.net\/tr\/acibadem-hastanesi-istanbul\/\">\n\t\t\t\t\t\t<span class=\"elementor-button-content-wrapper\">\n\t\t\t\t\t\t\t\t\t<span class=\"elementor-button-text\">Ac\u0131badem<\/span>\n\t\t\t\t\t<\/span>\n\t\t\t\t\t<\/a>\n\t\t\t\t\t\t\t\t<\/div>\n\t\t\t\t<div class=\"elementor-element elementor-element-2c35cd5 elementor-widget elementor-widget-button\" data-id=\"2c35cd5\" data-element_type=\"widget\" data-e-type=\"widget\" data-widget_type=\"button.default\">\n\t\t\t\t\t\t\t\t\t\t<a class=\"elementor-button elementor-button-link elementor-size-sm\" href=\"https:\/\/medicaltravel.net\/tr\/liv-hospital\/\">\n\t\t\t\t\t\t<span class=\"elementor-button-content-wrapper\">\n\t\t\t\t\t\t\t\t\t<span class=\"elementor-button-text\">Liv<\/span>\n\t\t\t\t\t<\/span>\n\t\t\t\t\t<\/a>\n\t\t\t\t\t\t\t\t<\/div>\n\t\t\t\t<div class=\"elementor-element elementor-element-001279b elementor-widget elementor-widget-button\" data-id=\"001279b\" data-element_type=\"widget\" data-e-type=\"widget\" data-widget_type=\"button.default\">\n\t\t\t\t\t\t\t\t\t\t<a class=\"elementor-button elementor-button-link elementor-size-sm\" href=\"https:\/\/medicaltravel.net\/tr\/antalyadaki-hastaneler\/\">\n\t\t\t\t\t\t<span class=\"elementor-button-content-wrapper\">\n\t\t\t\t\t\t\t\t\t<span class=\"elementor-button-text\">Antalya<\/span>\n\t\t\t\t\t<\/span>\n\t\t\t\t\t<\/a>\n\t\t\t\t\t\t\t\t<\/div>\n\t\t\t\t<div class=\"elementor-element elementor-element-2a34360 elementor-widget elementor-widget-button\" data-id=\"2a34360\" data-element_type=\"widget\" data-e-type=\"widget\" data-widget_type=\"button.default\">\n\t\t\t\t\t\t\t\t\t\t<a class=\"elementor-button elementor-button-link elementor-size-sm\" href=\"https:\/\/medicaltravel.net\/tr\/izmirde-hastane\/\">\n\t\t\t\t\t\t<span class=\"elementor-button-content-wrapper\">\n\t\t\t\t\t\t\t\t\t<span class=\"elementor-button-text\"> \u0130zmir<\/span>\n\t\t\t\t\t<\/span>\n\t\t\t\t\t<\/a>\n\t\t\t\t\t\t\t\t<\/div>\n\t\t\t\t<div class=\"elementor-element elementor-element-d11f8ff elementor-widget elementor-widget-button\" data-id=\"d11f8ff\" data-element_type=\"widget\" data-e-type=\"widget\" data-widget_type=\"button.default\">\n\t\t\t\t\t\t\t\t\t\t<a class=\"elementor-button elementor-button-link elementor-size-sm\" href=\"https:\/\/medicaltravel.net\/tr\/bodrumda-hastane\/\">\n\t\t\t\t\t\t<span class=\"elementor-button-content-wrapper\">\n\t\t\t\t\t\t\t\t\t<span class=\"elementor-button-text\">Bodrum<\/span>\n\t\t\t\t\t<\/span>\n\t\t\t\t\t<\/a>\n\t\t\t\t\t\t\t\t<\/div>\n\t\t\t\t<div class=\"elementor-element elementor-element-81c3e2f elementor-widget elementor-widget-button\" data-id=\"81c3e2f\" data-element_type=\"widget\" data-e-type=\"widget\" data-widget_type=\"button.default\">\n\t\t\t\t\t\t\t\t\t\t<a class=\"elementor-button elementor-button-link elementor-size-sm\" href=\"https:\/\/medicaltravel.net\/tr\/rommer-ortopedik-ve-norolojik-rehabilitasyon-merkezi-klinik-bursa-turkiye\/\">\n\t\t\t\t\t\t<span class=\"elementor-button-content-wrapper\">\n\t\t\t\t\t\t\t\t\t<span class=\"elementor-button-text\">Rommer Bursa<\/span>\n\t\t\t\t\t<\/span>\n\t\t\t\t\t<\/a>\n\t\t\t\t\t\t\t\t<\/div>\n\t\t\t\t<\/div>\n\t\t\t\t<div class=\"elementor-element elementor-element-470bf51f elementor-widget elementor-widget-text-editor\" data-id=\"470bf51f\" data-element_type=\"widget\" data-e-type=\"widget\" data-widget_type=\"text-editor.default\">\n\t\t\t\t\t\t\t\t\t<h3 class=\"wp-block-heading\">Rommer Ortopedik ve N\u00f6rolojik Rehabilitasyon Merkezi Klinik Bursa T\u00fcrkiye<\/h3>\n<p><strong>ROMMER <\/strong>Uluslararas\u0131 Fizik Tedavi ve <strong>Rehabilitasyon<\/strong> T\u0131p Klini\u011fi; T\u00fcrkiye\u2019nin tarihi, do\u011fas\u0131 ve termal kenti <strong>Bursa<\/strong>\u2019da ileri teknoloji ve termal su kullanarak fizik tedavi ve rehabilitasyon hizmetleri sunmaktad\u0131r.<\/p>\n<p>1994 y\u0131l\u0131ndan bu yana ROMMER, fizik tedavi ve rehabilitasyon, i\u00e7 hastal\u0131klar\u0131, beyin ve sinir cerrahisi, beslenme ve diyetetik ile klinik psikoloji alanlar\u0131nda deneyimli ve profesyonel kadrosuyla sa\u011fl\u0131k hizmetleri sunmaktad\u0131r.<\/p>\n<p>Her ay d\u00fcnyan\u0131n d\u00f6rt bir yan\u0131ndan uluslararas\u0131 hastalar, y\u00fcksek kaliteli tedavi se\u00e7enekleri almak i\u00e7in gelmektedir.<\/p>\n<p>ROMMER, a\u015fa\u011f\u0131daki <strong>n\u00f6rolojik ve ortopedik hastal\u0131klar\u0131<\/strong> tedavi etmektedir:<\/p>\n<ul class=\"wp-block-list\">\n<li>hemipleji<\/li>\n<li><strong>parkinson<\/strong><\/li>\n<li>MS<\/li>\n<li><strong>\u00e7ocukluk \u00e7a\u011f\u0131 hastal\u0131klar\u0131, \u00f6rne\u011fin serebral palsi<\/strong><\/li>\n<li>spina bifida<\/li>\n<li><strong>brachial pleksus<\/strong><\/li>\n<li>ortopedik hastal\u0131klar, \u00f6rne\u011fin eklem k\u0131s\u0131tl\u0131l\u0131klar\u0131<\/li>\n<li><strong>k\u0131r\u0131klar ve \u00e7\u0131k\u0131klar<\/strong><\/li>\n<li>a\u011fr\u0131l\u0131 hastal\u0131klar, \u00f6rne\u011fin bel ve boyun f\u0131t\u0131klar\u0131, \u00f6zel bilgisayarl\u0131 cihazlar kullan\u0131larak tedavi edilmektedir<\/li>\n<li><strong>robotik rehabilitasyon sistemleri<\/strong><\/li>\n<li>mesleki terapi y\u00f6ntemleri<\/li>\n<\/ul>\n<p><strong>Rehabilitasyon merkezi<\/strong>, hastalar\u0131n g\u00fcnl\u00fck ya\u015fam aktivitelerini ba\u011f\u0131ms\u0131z ve a\u011fr\u0131s\u0131z bir \u015fekilde yapabilmelerini sa\u011flamak ve rehabilitasyon programlar\u0131n\u0131n sonunda ya\u015fam kalitelerini art\u0131rmay\u0131 hedeflemektedir.<\/p>\n<p><strong>Bursa Nerede?<\/strong><br><a href=\"https:\/\/de.wikipedia.org\/wiki\/Bursa\" target=\"_blank\" rel=\"noreferrer noopener\">Bursa<\/a>, \u0130stanbul\u2019a sadece 155 km uzakl\u0131ktad\u0131r, Osmanl\u0131 \u0130mparatorlu\u011fu\u2019nun ilk ba\u015fkentidir ve ye\u015fil bir \u015fehir olarak \u00e7ok \u00fcnl\u00fcd\u00fcr. Klinik, \u0130stanbul ve Sabiha G\u00f6k\u00e7en Havaliman\u0131\u2019ndan transfer hizmeti sunmaktad\u0131r. <\/p>\n<figure class=\"wp-block-image size-full\"><img fetchpriority=\"high\" decoding=\"async\" width=\"1000\" height=\"667\" class=\"wp-image-290\" src=\"https:\/\/medicaltravel.net\/wp-content\/uploads\/2025\/09\/IMG_1878-1_klein-jpg.webp\" alt=\"\" srcset=\"https:\/\/medicaltravel.net\/wp-content\/uploads\/2025\/09\/IMG_1878-1_klein-jpg.webp 1000w, https:\/\/medicaltravel.net\/wp-content\/uploads\/2025\/09\/IMG_1878-1_klein-jpg-300x200.webp 300w, https:\/\/medicaltravel.net\/wp-content\/uploads\/2025\/09\/IMG_1878-1_klein-jpg-768x512.webp 768w\" sizes=\"(max-width: 1000px) 100vw, 1000px\" \/><\/figure>\n<p id=\"caption-attachment-2017\">ortopedik ve n\u00f6rocerrahi rehabilitasyon klini\u011fi T\u00fcrkiye<\/p>\n<figure class=\"wp-block-image size-large\"><img decoding=\"async\" width=\"1024\" height=\"680\" class=\"wp-image-292\" src=\"https:\/\/medicaltravel.net\/wp-content\/uploads\/2025\/09\/bursa-1536x1020-1-1024x680.webp\" alt=\"\" srcset=\"https:\/\/medicaltravel.net\/wp-content\/uploads\/2025\/09\/bursa-1536x1020-1-1024x680.webp 1024w, https:\/\/medicaltravel.net\/wp-content\/uploads\/2025\/09\/bursa-1536x1020-1-300x199.webp 300w, https:\/\/medicaltravel.net\/wp-content\/uploads\/2025\/09\/bursa-1536x1020-1-768x510.webp 768w, https:\/\/medicaltravel.net\/wp-content\/uploads\/2025\/09\/bursa-1536x1020-1.webp 1536w\" sizes=\"(max-width: 1024px) 100vw, 1024px\" \/><\/figure>\n<p id=\"caption-attachment-2056\">Bursa<\/p>\n<p><strong>Klinik a\u015fa\u011f\u0131daki tedavileri sunmaktad\u0131r:<\/strong><\/p>\n<ul class=\"wp-block-list\">\n<li>Fizik tedavi<\/li>\n<li><strong>Akvaterapi Hidroterapi<\/strong><\/li>\n<li>\u00c7ocuk Rehabilitasyonu<\/li>\n<li><strong>Ortopedik Rehabilitasyon<\/strong><\/li>\n<li>N\u00f6rolojik Rehabilitasyon<\/li>\n<li><strong>Robotik Rehabilitasyon<\/strong><\/li>\n<li>Lenf\u00f6dem Rehabilitasyonu<\/li>\n<li><strong>Ergo Terapi Uygulamalar\u0131<\/strong><\/li>\n<li>Pelvik Taban Rehabilitasyonu<\/li>\n<li><strong>A\u011fr\u0131 Giderme<\/strong><\/li>\n<\/ul>\n<div><b> <\/b><\/div>\n<figure class=\"wp-block-image size-large\"><img decoding=\"async\" width=\"683\" height=\"1024\" class=\"wp-image-293\" src=\"https:\/\/medicaltravel.net\/wp-content\/uploads\/2025\/09\/Why-Rommer_Page-20_klein-rotated-1-683x1024.webp\" alt=\"\" srcset=\"https:\/\/medicaltravel.net\/wp-content\/uploads\/2025\/09\/Why-Rommer_Page-20_klein-rotated-1-683x1024.webp 683w, https:\/\/medicaltravel.net\/wp-content\/uploads\/2025\/09\/Why-Rommer_Page-20_klein-rotated-1-200x300.webp 200w, https:\/\/medicaltravel.net\/wp-content\/uploads\/2025\/09\/Why-Rommer_Page-20_klein-rotated-1-768x1152.webp 768w, https:\/\/medicaltravel.net\/wp-content\/uploads\/2025\/09\/Why-Rommer_Page-20_klein-rotated-1.webp 1000w\" sizes=\"(max-width: 683px) 100vw, 683px\" \/><\/figure>\n<p id=\"caption-attachment-2045\">N\u00f6rolojik Rehabilitasyon Klini\u011fi Bursa T\u00fcrkiye<\/p>\n<p>Klinik ayn\u0131 zamanda <strong>\u00e7ocuk rehabilitasyonu<\/strong> konusunda da \u00e7ok g\u00fc\u00e7l\u00fcd\u00fcr; \u00e7ocuk bak\u0131m\u0131 ve rehabilitasyon birle\u015ftirilir, b\u00f6ylece \u00e7ocuk g\u00fcnl\u00fck i\u015flerini daha kolay yapabilir. Ayn\u0131 zamanda bu \u00f6zelliklerin geli\u015ftirilmesi hedeflenir. Erken tedavi ba\u015far\u0131 \u015fans\u0131n\u0131 art\u0131r\u0131r. Hedefler ger\u00e7ek\u00e7i olmal\u0131 ve ya\u015fa g\u00f6re ba\u015f tutma, oturma, emekleme, y\u00fcr\u00fcme, el kavrama gibi fonksiyonlar\u0131 kazanmak ama\u00e7lanmal\u0131d\u0131r. Daha sonra e\u011fitim, sosyal beceriler, uyum ve ki\u015fisel bak\u0131m aktiviteleri ger\u00e7ekle\u015ftirilmelidir.    <\/p>\n<figure class=\"wp-block-image size-large\"><img loading=\"lazy\" decoding=\"async\" width=\"683\" height=\"1024\" class=\"wp-image-294\" src=\"https:\/\/medicaltravel.net\/wp-content\/uploads\/2025\/09\/disabled-children-reh_Page-33_1_klein-jpg-683x1024.webp\" alt=\"\" srcset=\"https:\/\/medicaltravel.net\/wp-content\/uploads\/2025\/09\/disabled-children-reh_Page-33_1_klein-jpg-683x1024.webp 683w, https:\/\/medicaltravel.net\/wp-content\/uploads\/2025\/09\/disabled-children-reh_Page-33_1_klein-jpg-200x300.webp 200w, https:\/\/medicaltravel.net\/wp-content\/uploads\/2025\/09\/disabled-children-reh_Page-33_1_klein-jpg-768x1152.webp 768w, https:\/\/medicaltravel.net\/wp-content\/uploads\/2025\/09\/disabled-children-reh_Page-33_1_klein-jpg.webp 900w\" sizes=\"(max-width: 683px) 100vw, 683px\" \/><\/figure>\n<p id=\"caption-attachment-2005\">\u00c7ocuk Rehabilitasyon Klini\u011fi T\u00fcrkiye<\/p>\n<p><strong>B\u0130ZE ULA\u015eIN<\/strong><br>T\u0131bbi raporlar\u0131n\u0131z\u0131 ve videolar\u0131n\u0131z\u0131 \u00fccretsiz t\u0131bbi dan\u0131\u015fmanl\u0131k almak i\u00e7in bize g\u00f6nderebilirsiniz. \u015eimdi <a href=\"https:\/\/medicaltravel.net\/tr\/iletisim\/\" data-type=\"page\" data-id=\"168\">buradan<\/a>, <a href=\"mailto:info@medicaltravel.net\">e-posta<\/a> veya <a href=\"https:\/\/wa.me\/41787373541\" target=\"_blank\" rel=\"noreferrer noopener\">WhatsApp<\/a> ile ileti\u015fime ge\u00e7in. <\/p>\n<h2 class=\"wp-block-heading\">Rommer Ortopedik ve N\u00f6rolojik Rehabilitasyon Klini\u011fi Merkezi T\u00fcrkiye\u2019nin videosunu izleyin<\/h2>\t\t\t\t\t\t\t\t<\/div>\n\t\t\t\t\t<\/div>\n\t\t\t\t<\/div>\n\t\t<div class=\"elementor-element elementor-element-6875c8c e-flex e-con-boxed wpr-particle-no wpr-jarallax-no wpr-parallax-no wpr-sticky-section-no e-con e-parent\" data-id=\"6875c8c\" data-element_type=\"container\" data-e-type=\"container\">\n\t\t\t\t\t<div class=\"e-con-inner\">\n\t\t\t\t<div class=\"elementor-element elementor-element-a3117e0 elementor-widget elementor-widget-video\" data-id=\"a3117e0\" data-element_type=\"widget\" data-e-type=\"widget\" data-settings=\"{&quot;youtube_url&quot;:&quot;https:\\\/\\\/www.youtube.com\\\/watch?v=FfryM-eU5ts&quot;,&quot;video_type&quot;:&quot;youtube&quot;,&quot;controls&quot;:&quot;yes&quot;}\" data-widget_type=\"video.default\">\n\t\t\t\t\t\t\t<div class=\"elementor-wrapper elementor-open-inline\">\n\t\t\t<div class=\"elementor-video\"><\/div>\t\t<\/div>\n\t\t\t\t\t\t<\/div>\n\t\t\t\t\t<\/div>\n\t\t\t\t<\/div>\n\t\t\t\t<\/div>\n\t\t","protected":false},"excerpt":{"rendered":"<p>Ac\u0131badem Liv Antalya \u0130zmir Bodrum Rommer Bursa Rommer Ortopedik ve N\u00f6rolojik Rehabilitasyon Merkezi Klinik Bursa T\u00fcrkiye ROMMER Uluslararas\u0131 Fizik Tedavi ve Rehabilitasyon T\u0131p Klini\u011fi; T\u00fcrkiye\u2019nin tarihi, do\u011fas\u0131 ve termal kenti Bursa\u2019da ileri teknoloji ve termal su kullanarak fizik tedavi ve rehabilitasyon hizmetleri sunmaktad\u0131r. 1994 y\u0131l\u0131ndan bu yana ROMMER, fizik tedavi ve rehabilitasyon, i\u00e7 hastal\u0131klar\u0131, beyin ve sinir cerrahisi, beslenme ve diyetetik ile klinik psikoloji alanlar\u0131nda deneyimli ve profesyonel kadrosuyla sa\u011fl\u0131k hizmetleri sunmaktad\u0131r. Her ay d\u00fcnyan\u0131n d\u00f6rt bir yan\u0131ndan uluslararas\u0131 hastalar, y\u00fcksek kaliteli tedavi se\u00e7enekleri almak i\u00e7in gelmektedir. ROMMER, a\u015fa\u011f\u0131daki n\u00f6rolojik ve ortopedik hastal\u0131klar\u0131 tedavi etmektedir: hemipleji parkinson MS \u00e7ocukluk \u00e7a\u011f\u0131 hastal\u0131klar\u0131, \u00f6rne\u011fin serebral palsi spina bifida brachial pleksus ortopedik hastal\u0131klar, \u00f6rne\u011fin eklem k\u0131s\u0131tl\u0131l\u0131klar\u0131 k\u0131r\u0131klar ve \u00e7\u0131k\u0131klar a\u011fr\u0131l\u0131 hastal\u0131klar, \u00f6rne\u011fin bel ve boyun f\u0131t\u0131klar\u0131, \u00f6zel bilgisayarl\u0131 cihazlar kullan\u0131larak tedavi edilmektedir robotik rehabilitasyon sistemleri mesleki terapi y\u00f6ntemleri Rehabilitasyon merkezi, hastalar\u0131n g\u00fcnl\u00fck ya\u015fam aktivitelerini ba\u011f\u0131ms\u0131z ve a\u011fr\u0131s\u0131z bir \u015fekilde yapabilmelerini sa\u011flamak ve rehabilitasyon programlar\u0131n\u0131n sonunda ya\u015fam kalitelerini art\u0131rmay\u0131 hedeflemektedir. Bursa Nerede?Bursa, \u0130stanbul\u2019a sadece 155 km uzakl\u0131ktad\u0131r, Osmanl\u0131 \u0130mparatorlu\u011fu\u2019nun ilk ba\u015fkentidir ve ye\u015fil bir \u015fehir olarak \u00e7ok \u00fcnl\u00fcd\u00fcr. Klinik, \u0130stanbul ve Sabiha G\u00f6k\u00e7en Havaliman\u0131\u2019ndan transfer hizmeti sunmaktad\u0131r. ortopedik ve n\u00f6rocerrahi rehabilitasyon klini\u011fi T\u00fcrkiye Bursa Klinik a\u015fa\u011f\u0131daki tedavileri sunmaktad\u0131r: Fizik tedavi Akvaterapi Hidroterapi \u00c7ocuk Rehabilitasyonu Ortopedik Rehabilitasyon N\u00f6rolojik Rehabilitasyon Robotik Rehabilitasyon Lenf\u00f6dem Rehabilitasyonu Ergo Terapi Uygulamalar\u0131 Pelvik Taban Rehabilitasyonu A\u011fr\u0131 Giderme N\u00f6rolojik Rehabilitasyon Klini\u011fi Bursa T\u00fcrkiye Klinik ayn\u0131 zamanda \u00e7ocuk rehabilitasyonu konusunda da \u00e7ok g\u00fc\u00e7l\u00fcd\u00fcr; \u00e7ocuk bak\u0131m\u0131 ve rehabilitasyon birle\u015ftirilir, b\u00f6ylece \u00e7ocuk g\u00fcnl\u00fck i\u015flerini daha kolay yapabilir. Ayn\u0131 zamanda bu \u00f6zelliklerin geli\u015ftirilmesi hedeflenir. Erken tedavi ba\u015far\u0131 \u015fans\u0131n\u0131 art\u0131r\u0131r. Hedefler ger\u00e7ek\u00e7i olmal\u0131 ve ya\u015fa g\u00f6re ba\u015f tutma, oturma, emekleme, y\u00fcr\u00fcme, el kavrama gibi fonksiyonlar\u0131 kazanmak ama\u00e7lanmal\u0131d\u0131r. Daha sonra e\u011fitim, sosyal beceriler, uyum ve ki\u015fisel bak\u0131m aktiviteleri ger\u00e7ekle\u015ftirilmelidir. \u00c7ocuk Rehabilitasyon Klini\u011fi T\u00fcrkiye B\u0130ZE ULA\u015eINT\u0131bbi raporlar\u0131n\u0131z\u0131 ve videolar\u0131n\u0131z\u0131 \u00fccretsiz t\u0131bbi dan\u0131\u015fmanl\u0131k almak i\u00e7in bize g\u00f6nderebilirsiniz. \u015eimdi buradan, e-posta veya WhatsApp ile ileti\u015fime ge\u00e7in. Rommer Ortopedik ve N\u00f6rolojik Rehabilitasyon Klini\u011fi Merkezi T\u00fcrkiye\u2019nin videosunu izleyin https:\/\/www.youtube.com\/watch?v=FfryM-eU5ts<\/p>\n","protected":false},"author":4,"featured_media":0,"parent":0,"menu_order":0,"comment_status":"closed","ping_status":"closed","template":"","meta":{"_joinchat":[],"footnotes":""},"class_list":["post-2687","page","type-page","status-publish","hentry"],"acf":[],"_links":{"self":[{"href":"https:\/\/medicaltravel.net\/tr\/wp-json\/wp\/v2\/pages\/2687","targetHints":{"allow":["GET"]}}],"collection":[{"href":"https:\/\/medicaltravel.net\/tr\/wp-json\/wp\/v2\/pages"}],"about":[{"href":"https:\/\/medicaltravel.net\/tr\/wp-json\/wp\/v2\/types\/page"}],"author":[{"embeddable":true,"href":"https:\/\/medicaltravel.net\/tr\/wp-json\/wp\/v2\/users\/4"}],"replies":[{"embeddable":true,"href":"https:\/\/medicaltravel.net\/tr\/wp-json\/wp\/v2\/comments?post=2687"}],"version-history":[{"count":3,"href":"https:\/\/medicaltravel.net\/tr\/wp-json\/wp\/v2\/pages\/2687\/revisions"}],"predecessor-version":[{"id":2795,"href":"https:\/\/medicaltravel.net\/tr\/wp-json\/wp\/v2\/pages\/2687\/revisions\/2795"}],"wp:attachment":[{"href":"https:\/\/medicaltravel.net\/tr\/wp-json\/wp\/v2\/media?parent=2687"}],"curies":[{"name":"wp","href":"https:\/\/api.w.org\/{rel}","templated":true}]}}