{"id":2690,"date":"2025-09-29T09:43:46","date_gmt":"2025-09-29T08:43:46","guid":{"rendered":"https:\/\/medicaltravel.net\/spor-hekimligi\/"},"modified":"2026-01-11T15:59:55","modified_gmt":"2026-01-11T14:59:55","slug":"spor-hekimligi","status":"publish","type":"page","link":"https:\/\/medicaltravel.net\/tr\/spor-hekimligi\/","title":{"rendered":"Spor Hekimli\u011fi"},"content":{"rendered":"\t\t<div data-elementor-type=\"wp-page\" data-elementor-id=\"2690\" class=\"elementor elementor-2690 elementor-79\" data-elementor-post-type=\"page\">\n\t\t\t\t<div class=\"elementor-element elementor-element-2a5a7475 e-flex e-con-boxed wpr-particle-no wpr-jarallax-no wpr-parallax-no wpr-sticky-section-no e-con e-parent\" data-id=\"2a5a7475\" data-element_type=\"container\" data-e-type=\"container\">\n\t\t\t\t\t<div class=\"e-con-inner\">\n\t\t\t\t<div class=\"elementor-element elementor-element-2adf7006 elementor-widget elementor-widget-text-editor\" data-id=\"2adf7006\" data-element_type=\"widget\" data-e-type=\"widget\" data-widget_type=\"text-editor.default\">\n\t\t\t\t\t\t\t\t\t\n<h3 class=\"wp-block-heading\">SPOR HEK\u0130ML\u0130\u011e\u0130<\/h3>\n\n\n\n<p>Ac\u0131badem Hastaneler Grubu, \u00f6nde gelen spor hekimli\u011fi uzmanlar\u0131 ve ara\u015ft\u0131rmac\u0131lar taraf\u0131ndan hizmet verilen son teknoloji tesislerde, sporla ilgili yaralanmalar i\u00e7in en y\u00fcksek kalitede t\u0131bbi ve cerrahi tedavi sunmaktad\u0131r.<\/p>\n\n\n\n<p>Spor hekimli\u011fi, fizyoterapi ve rehabilitasyon, ortopedi cerrahisi, kardiyopulmoner t\u0131p, egzersiz fizyolojisi, uygulamal\u0131 biyomekanik ve a\u011fr\u0131 bilimi alanlar\u0131nda m\u00fckemmel hizmet sunarak, Ac\u0131badem Ortopedi ve Spor Hekimli\u011fi Klini\u011fi, ulusal ve uluslararas\u0131 spor kul\u00fcplerinin ve federasyonlar\u0131n yan\u0131 s\u0131ra amat\u00f6r ve profesyonel sporcular\u0131n ihtiya\u00e7lar\u0131n\u0131 kar\u015f\u0131lamaktad\u0131r.<\/p>\n\n\n\n<p>Ac\u0131badem, yaralanmalar\u0131n \u00f6nlenmesinden tedavisine ve performans\u0131n art\u0131r\u0131lmas\u0131na kadar tam kapsaml\u0131 hizmetler sunmaktad\u0131r. Klinik, amat\u00f6r ve profesyonel sporcular\u0131n antrenman ve yar\u0131\u015fma potansiyelini en \u00fcst d\u00fczeye \u00e7\u0131karmak i\u00e7in klinik destek, bilgi ve olanaklar sa\u011flar. Ki\u015fiye \u00f6zel egzersiz ve e\u011fitim programlar\u0131, fitness de\u011ferlendirmesi ve beslenme, diyet, psikoloji, fizyoloji ve fiziksel antrenman gibi destek hizmetlerini i\u00e7erir. Ayr\u0131ca spor yaralanmalar\u0131n\u0131 tedavi eder ve sporcular i\u00e7in kontrol hizmetleri sunar.   <\/p>\n\n\n\n<h3 class=\"wp-block-heading\">Uzman Tedavi ve H\u0131zl\u0131 \u0130yile\u015fmenin Kolayla\u015ft\u0131r\u0131lmas\u0131<\/h3>\n\n\n\n<p>Ac\u0131badem Spor Klini\u011fi uzmanlar\u0131 taraf\u0131ndan uygulanan tedavi prosed\u00fcrleri, sporcular\u0131n profesyonel kariyerlerine daha h\u0131zl\u0131 d\u00f6nmelerini sa\u011flar.<\/p>\n\n\n\n<figure class=\"wp-block-image size-full\"><img fetchpriority=\"high\" decoding=\"async\" width=\"352\" height=\"490\" src=\"https:\/\/medicaltravel.net\/wp-content\/uploads\/2025\/09\/csm_219_8e13cec656.jpg\" alt=\"\" class=\"wp-image-236\" srcset=\"https:\/\/medicaltravel.net\/wp-content\/uploads\/2025\/09\/csm_219_8e13cec656.jpg 352w, https:\/\/medicaltravel.net\/wp-content\/uploads\/2025\/09\/csm_219_8e13cec656-216x300.jpg 216w\" sizes=\"(max-width: 352px) 100vw, 352px\" \/><\/figure>\n\n\n\n<p id=\"caption-attachment-414\">Ac\u0131badem Fulya Hastanesi Spor Hekimli\u011fi Merkezi, spor hekimli\u011fi ve cerrahisi alanlar\u0131nda uluslararas\u0131 standartlarda kan\u0131ta dayal\u0131 tan\u0131 ve tedavi hizmetlerinin tamam\u0131n\u0131 sunmaktad\u0131r.<\/p>\n\n\n\n<h3 class=\"wp-block-heading\">Spor Hekimli\u011fi<\/h3>\n\n\n\n<p>Spor Hekimli\u011fi birimi, iki spor hekimi ve bir egzersiz fizyolo\u011fu taraf\u0131ndan y\u00fcr\u00fct\u00fclmektedir. Hekimler, T\u00fcrkiye milli futbol tak\u0131m\u0131 ve \u00f6nde gelen futbol kul\u00fcplerinde dan\u0131\u015fman ve grup hekimi olarak deneyime sahiptir. Ayr\u0131ca basketbol, voleybol, hentbol, g\u00fcre\u015f, k\u00fcrek ve tenis gibi di\u011fer spor dallar\u0131nda da dan\u0131\u015fman ve grup hekimi olarak g\u00f6rev alm\u0131\u015flard\u0131r. Spor hekimli\u011fi ekibimiz taraf\u0131ndan sunulan hizmetler \u015funlard\u0131r:   <\/p>\n\n\n\n<p>Futbolcular\u0131n t\u0131bbi muayenelerinin de\u011ferlendirilmesini y\u00fcr\u00fctmek; performans testlerini uygulamak; ve gerekirse hastalar\u0131 ileri tetkik i\u00e7in uygun uzmanlara y\u00f6nlendirmek.<\/p>\n\n\n\n<p>Uygulamal\u0131 biyomekanik uzmanlar\u0131yla i\u015f birli\u011fi i\u00e7inde hareket analizi yoluyla spor yaralanmalar\u0131na yatk\u0131nl\u0131\u011f\u0131n belirlenmesi. Di\u011fer t\u0131p uzmanlar\u0131yla i\u015f birli\u011fi ve dan\u0131\u015fmanl\u0131k yaparak yaralanma ve hastal\u0131klar\u0131n te\u015fhisi. <\/p>\n\n\n\n<p>Yaralanma veya hastal\u0131k sonras\u0131 rehabilitasyon programlar\u0131n\u0131n uygulanmas\u0131 ve sporcular\u0131n maksimum performansla g\u00fcvenli bir \u015fekilde spora d\u00f6n\u00fc\u015f\u00fcn\u00fcn sa\u011flanmas\u0131.<\/p>\n\n\n\n<p>Sporcular\u0131n performans\u0131n\u0131n egzersiz fizyologlar\u0131, antren\u00f6rler ve ko\u00e7lar taraf\u0131ndan izlenmesi ve sporcular\u0131n maksimum performansa ula\u015fmalar\u0131na destek olunmas\u0131.<\/p>\n\n\n\n<p>Oyuncular\u0131n doping ile ilgili sa\u011fl\u0131k konular\u0131 ve antidoping uygulamalar\u0131 konusunda e\u011fitimi.<\/p>\n\n\n\n<p>Obezite ve hareketsiz ya\u015fam tarz\u0131na kar\u015f\u0131 ki\u015fiye \u00f6zel egzersiz programlar\u0131n\u0131n haz\u0131rlanmas\u0131.<\/p>\n\n\n\n<h3 class=\"wp-block-heading\">Egzersiz Fizyolojisi<\/h3>\n\n\n\n<p>Egzersiz Fizyolojisi birimi, ba\u015fl\u0131ca d\u00f6rt farkl\u0131 hasta ve ziyaret\u00e7i grubuna uygulan\u0131r: Birinci grup, performans de\u011ferlendirmesi, egzersiz testi, re\u00e7etelendirme, dan\u0131\u015fmanl\u0131k gibi \u00f6nleyici veya performans odakl\u0131 hizmet alan sa\u011fl\u0131kl\u0131 sporculardan olu\u015fur. \u0130kinci grup, yaralanma veya cerrahi sonras\u0131 spora geri d\u00f6nme s\u00fcrecinde olan amat\u00f6r veya profesyonel aktif sporculardan olu\u015fur. \u00dc\u00e7\u00fcnc\u00fc hasta grubu, hareketsiz ya\u015fam tarz\u0131na sahip olan veya rekreasyonel sporlarla ilgilenen ve tan\u0131sal ve fonksiyonel kapasite testleri ile egzersiz planlama hizmeti alan ki\u015filerdir. Son grup ise hipertansiyon, metabolik sendrom, diyabet veya obezite gibi kronik hastal\u0131k veya durumlar\u0131 olan hastalardan olu\u015fur.   <\/p>\n\n\n\n<h3 class=\"wp-block-heading\">Kardiyopulmoner T\u0131p<\/h3>\n\n\n\n<p>Ekokardiyografi, egzersiz ve ritim laboratuvar\u0131 hizmetleri ile ambulatuvar kan bas\u0131nc\u0131 izleme gibi non-invaziv testler; anjiyografi, kateterizasyon, kardiyak elektrofizyoloji ve ablasyon gibi giri\u015fimler Ac\u0131badem Hastaneler Grubu\u2019nda ger\u00e7ekle\u015ftirilir. \u00d6zellikle futbolcular i\u00e7in Ac\u0131badem, kardiyolojik a\u00e7\u0131dan \u015fu hizmetleri sunar: <\/p>\n\n\n\n<ul class=\"wp-block-list\">\n<li>Ma\u00e7 \u00f6ncesi tarama ve ma\u00e7 sezonu \u00f6ncesi, s\u0131ras\u0131nda ve sonras\u0131nda t\u0131bbi dan\u0131\u015fmanl\u0131k hizmetleri.<\/li>\n\n\n\n<li>Belirlenen sorunlar\u0131n kapsaml\u0131 t\u0131bbi tedavisi.<\/li>\n\n\n\n<li>Egzersiz yapmak isteyen kronik hastal\u0131\u011f\u0131 olan hastalar\u0131n de\u011ferlendirilmesi; spor hekimli\u011fi uzman\u0131 ve egzersiz fizyolo\u011fu taraf\u0131ndan bu ki\u015filerin risk de\u011ferlendirmesi, egzersiz planlamas\u0131 ve uygulama seviyelerinin belirlenmesi.<\/li>\n<\/ul>\n\n\n\n<h3 class=\"wp-block-heading\">Fiziksel T\u0131p ve Rehabilitasyon<\/h3>\n\n\n\n<p>1.000 m\u00b2 kapal\u0131 ve 350 m\u00b2 a\u00e7\u0131k alana sahip Fiziksel T\u0131p ve Rehabilitasyon (FTR) \u00dcnitesi, her t\u00fcr spor yaralanmas\u0131 veya sa\u011fl\u0131k sorununun tan\u0131s\u0131ndan sporcunun oyuna geri d\u00f6n\u00fc\u015f\u00fcne kadar ilgilenmek \u00fczere tasarlanm\u0131\u015ft\u0131r. FTR ekibi, t\u00fcm sporcular\u0131n kapsaml\u0131 t\u0131bbi de\u011ferlendirmesinden sorumludur. Ortopedistler, spor hekimleri ve fizyoterapistler ile birlikte, oyuncular\u0131n en k\u0131sa s\u00fcrede ve en iyi t\u0131bbi ve fiziksel durumda geri d\u00f6nmelerini sa\u011flamay\u0131 hedefler.  <\/p>\n\n\n\n<h3 class=\"wp-block-heading\">Fizik Tedavi<\/h3>\n\n\n\n<p>Ac\u0131badem Spor Klini\u011fi\u2019ndeki fizik tedavi ekibi, \u00f6zellikle futbola odaklanmak \u00fczere spor rehabilitasyonunun t\u00fcm alanlar\u0131nda \u00e7ok deneyimlidir ve osteopati, manuel terapi ve egzersiz fizyolojisi alanlar\u0131nda ek niteliklere sahiptir. \u00dcnitenin iki ana b\u00f6l\u00fcm\u00fcndeki on yedi tedavi kabini, \u00e7ok geni\u015f bir yelpazede t\u00fcm fizik tedavi y\u00f6ntemlerinin uygulanmas\u0131n\u0131 sa\u011flar. Fizik Tedavi \u00dcnitesi, hidro-masaj ve sonsuz havuz gibi aksesuarlar\u0131 olan rehabilitasyon ve egzersiz havuzu, \u00f6zelle\u015ftirilmi\u015f a\u011f\u0131rl\u0131k kontrol\u00fcne sahip ko\u015fu band\u0131, izokinetik sistem, denge de\u011ferlendirme ve geli\u015ftirme sistemleri, ESWT tedavisi ve bir\u00e7ok di\u011fer modalite ile donat\u0131lm\u0131\u015ft\u0131r. FIFA taraf\u0131ndan \u00f6nerilen 36&#215;8 metre yapay \u00e7im saha ve 40&#215;1,65 metre ko\u015fu pisti, hem futbolcular hem de di\u011fer sporcular taraf\u0131ndan iyile\u015fme ve rehabilitasyon a\u015famalar\u0131nda kullan\u0131lmaktad\u0131r.   <\/p>\n\n\n\n<h3 class=\"wp-block-heading\">Uygulamal\u0131 Biyomekanik<\/h3>\n\n\n\n<p>Uygulamal\u0131 Biyomekanik \u00dcnitesi, y\u00fcr\u00fcy\u00fc\u015f ve di\u011fer atletik hareket yeteneklerini, hareket kal\u0131plar\u0131n\u0131 ve becerilerini bilimsel olarak de\u011ferlendirmeyi sa\u011flayan y\u00fcksek h\u0131zl\u0131 kamera ve hareket analiz sistemlerini kullan\u0131r. Bu sistemler yaln\u0131zca sporcular taraf\u0131ndan de\u011fil, \u00e7ok say\u0131da ortopedik ve n\u00f6rolojik rahats\u0131zl\u0131\u011f\u0131 olan hastalar taraf\u0131ndan da kullan\u0131lmaktad\u0131r. Bu analizler sonucunda;  <\/p>\n\n\n\n<ul class=\"wp-block-list\">\n<li>Etkilenen sporcunun kinemati\u011fi ve biyomekani\u011fi incelenip te\u015fhis edilebilir ve buna uygun olarak daha do\u011fru bir tedavi plan\u0131 haz\u0131rlan\u0131r.<\/li>\n\n\n\n<li>Sporcular d\u00fczenli olarak izlenip de\u011ferlendirilebilir, yaralanmaya yatk\u0131n sporcular belirlenir ve gerekli \u00f6nleyici tedbirler al\u0131n\u0131r.<\/li>\n\n\n\n<li>Sporculara, analizden elde edilen verilere dayanarak gerekli egzersizler ve dinamik ortozlar re\u00e7ete edilebilir. Veriler kullan\u0131larak bilimsel ara\u015ft\u0131rmalar ve analizler de yap\u0131labilir. <\/li>\n\n\n\n<li>\u00dcnite, y\u00fcr\u00fcy\u00fc\u015f ve ko\u015funun de\u011ferlendirilmesinde ve belirlenen sorunlar\u0131n d\u00fczeltilmesi i\u00e7in tabanl\u0131k gibi d\u00fczeltici materyallerin kullan\u0131lmas\u0131nda \u00f6zel deneyim ve uzmanl\u0131k sunar.<\/li>\n<\/ul>\n\n\n\n<h3 class=\"wp-block-heading\">Algology &#8211; A\u011fr\u0131 Bilimi<\/h3>\n\n\n\n<p>A\u011fr\u0131 Bilimi B\u00f6l\u00fcm\u00fc, futbolcular\u0131n tedavisinde s\u00fcrekli sinir bloklar\u0131, epidural giri\u015fimler, semptomatik bloklar, intra-diskal ve intervertebral uygulamalar ile n\u00f6ro-ablasyon ve n\u00f6romod\u00fclasyon teknikleriyle destek sa\u011flar. Klinik, a\u011fr\u0131 bilimi i\u00e7in gerekli t\u00fcm ekipman ve altyap\u0131ya sahiptir: bir giri\u015fim odas\u0131, stim\u00fclasyon cihazlar\u0131, lezyon jenerat\u00f6r\u00fc, kriyoterapi, ozon jenerat\u00f6r\u00fc, endoskop ve 7\/24 personel bulunan ameliyathane. A\u011fr\u0131 bilimi hizmetine ba\u015fvuran hem sporcu hem de hareketsiz ki\u015filer genellikle omurga sorunlar\u0131ndan kaynaklanan boyun ve s\u0131rt a\u011fr\u0131s\u0131 \u00e7ekerler.  <\/p>\n\n\n\n<h3 class=\"wp-block-heading\">Diyetetik ve Beslenme<\/h3>\n\n\n\n<p>Klinikte, her ya\u015f, spor dal\u0131 ve cinsiyetten hastalar ile amat\u00f6r ve profesyonel sporculara yard\u0131mc\u0131 olmak ve onlar\u0131 bilin\u00e7lendirmek \u00fczere \u00f6zel bir diyetisyen bulunmaktad\u0131r. Diyetisyen, hastalar\u0131n g\u00fcnl\u00fck beslenmesini de\u011ferlendirir ve gerekirse \u00f6nerilerde bulunur. Ayr\u0131ca, kilo kontrol\u00fcne ihtiya\u00e7 duyan sporculara dan\u0131\u015fmanl\u0131k yapar ve optimum performansa ula\u015fmak i\u00e7in ergojen\/beslenme destek stratejilerini planlar. Sunulan uzmanl\u0131k alanlar\u0131 \u015funlard\u0131r: genel \u00f6\u011f\u00fcn planlamas\u0131, kilo kayb\u0131, kilo al\u0131m\u0131 veya kilo korunumu dan\u0131\u015fmanl\u0131\u011f\u0131; v\u00fccut kompozisyonu, hidrasyon ve elektrolit dengesinin izlenmesi ve de\u011ferlendirilmesi; antrenman, m\u00fcsabaka ve iyile\u015fme \u00f6ncesi, s\u0131ras\u0131 ve sonras\u0131 optimal beslenmenin planlanmas\u0131 ve e\u011fitimi; takviyelerin ak\u0131ll\u0131ca kullan\u0131m\u0131, doping riskleri ve antidoping konular\u0131nda bilin\u00e7lendirme ve planlama.   <\/p>\n\n\n\n<h3 class=\"wp-block-heading\">Psikoloji<\/h3>\n\n\n\n<p>Klinikte ayr\u0131ca, sporculara zihinsel destek, dan\u0131\u015fmanl\u0131k ve ek psikoloji hizmetleri sunan \u00f6zel bir psikolog bulunmaktad\u0131r; bu hizmetler \u00f6zellikle ameliyat \u00f6ncesi ve sonras\u0131 veya sakatlanmam\u0131\u015f sporcular\u0131n performans\u0131n\u0131 art\u0131rmak i\u00e7in verilmektedir. Hasta\/ziyaret\u00e7i kitlesi, her ya\u015fta, her cinsiyetten ve t\u00fcm spor dallar\u0131ndan amat\u00f6r ve profesyonel sporcular\u0131 kapsamaktad\u0131r. <\/p>\n\n\n\n<p><a href=\"https:\/\/www.youtube.com\/watch?v=zKXVQGCgogk&amp;feature=youtu.be\" target=\"_blank\" rel=\"noreferrer noopener\">burada<\/a> &nbsp;<strong>T\u00dcRK\u0130YE\u2019DEK\u0130 \u0130LK VE TEK FIFA AKRED\u0130TE SPOR HEK\u0130ML\u0130\u011e\u0130 M\u00dcKEMMELL\u0130K MERKEZ\u0130N\u0130&nbsp;<\/strong> izleyebilirsiniz<\/p>\n\t\t\t\t\t\t\t\t<\/div>\n\t\t\t\t\t<\/div>\n\t\t\t\t<\/div>\n\t\t\t\t<\/div>\n\t\t","protected":false},"excerpt":{"rendered":"<p>SPOR HEK\u0130ML\u0130\u011e\u0130 Ac\u0131badem Hastaneler Grubu, \u00f6nde gelen spor hekimli\u011fi uzmanlar\u0131 ve ara\u015ft\u0131rmac\u0131lar taraf\u0131ndan hizmet verilen son teknoloji tesislerde, sporla ilgili yaralanmalar i\u00e7in en y\u00fcksek kalitede t\u0131bbi ve cerrahi tedavi sunmaktad\u0131r. Spor hekimli\u011fi, fizyoterapi ve rehabilitasyon, ortopedi cerrahisi, kardiyopulmoner t\u0131p, egzersiz fizyolojisi, uygulamal\u0131 biyomekanik ve a\u011fr\u0131 bilimi alanlar\u0131nda m\u00fckemmel hizmet sunarak, Ac\u0131badem Ortopedi ve Spor Hekimli\u011fi Klini\u011fi, ulusal ve uluslararas\u0131 spor kul\u00fcplerinin ve federasyonlar\u0131n yan\u0131 s\u0131ra amat\u00f6r ve profesyonel sporcular\u0131n ihtiya\u00e7lar\u0131n\u0131 kar\u015f\u0131lamaktad\u0131r. Ac\u0131badem, yaralanmalar\u0131n \u00f6nlenmesinden tedavisine ve performans\u0131n art\u0131r\u0131lmas\u0131na kadar tam kapsaml\u0131 hizmetler sunmaktad\u0131r. Klinik, amat\u00f6r ve profesyonel sporcular\u0131n antrenman ve yar\u0131\u015fma potansiyelini en \u00fcst d\u00fczeye \u00e7\u0131karmak i\u00e7in klinik destek, bilgi ve olanaklar sa\u011flar. Ki\u015fiye \u00f6zel egzersiz ve e\u011fitim programlar\u0131, fitness de\u011ferlendirmesi ve beslenme, diyet, psikoloji, fizyoloji ve fiziksel antrenman gibi destek hizmetlerini i\u00e7erir. Ayr\u0131ca spor yaralanmalar\u0131n\u0131 tedavi eder ve sporcular i\u00e7in kontrol hizmetleri sunar. Uzman Tedavi ve H\u0131zl\u0131 \u0130yile\u015fmenin Kolayla\u015ft\u0131r\u0131lmas\u0131 Ac\u0131badem Spor Klini\u011fi uzmanlar\u0131 taraf\u0131ndan uygulanan tedavi prosed\u00fcrleri, sporcular\u0131n profesyonel kariyerlerine daha h\u0131zl\u0131 d\u00f6nmelerini sa\u011flar. Ac\u0131badem Fulya Hastanesi Spor Hekimli\u011fi Merkezi, spor hekimli\u011fi ve cerrahisi alanlar\u0131nda uluslararas\u0131 standartlarda kan\u0131ta dayal\u0131 tan\u0131 ve tedavi hizmetlerinin tamam\u0131n\u0131 sunmaktad\u0131r. Spor Hekimli\u011fi Spor Hekimli\u011fi birimi, iki spor hekimi ve bir egzersiz fizyolo\u011fu taraf\u0131ndan y\u00fcr\u00fct\u00fclmektedir. Hekimler, T\u00fcrkiye milli futbol tak\u0131m\u0131 ve \u00f6nde gelen futbol kul\u00fcplerinde dan\u0131\u015fman ve grup hekimi olarak deneyime sahiptir. Ayr\u0131ca basketbol, voleybol, hentbol, g\u00fcre\u015f, k\u00fcrek ve tenis gibi di\u011fer spor dallar\u0131nda da dan\u0131\u015fman ve grup hekimi olarak g\u00f6rev alm\u0131\u015flard\u0131r. Spor hekimli\u011fi ekibimiz taraf\u0131ndan sunulan hizmetler \u015funlard\u0131r: Futbolcular\u0131n t\u0131bbi muayenelerinin de\u011ferlendirilmesini y\u00fcr\u00fctmek; performans testlerini uygulamak; ve gerekirse hastalar\u0131 ileri tetkik i\u00e7in uygun uzmanlara y\u00f6nlendirmek. Uygulamal\u0131 biyomekanik uzmanlar\u0131yla i\u015f birli\u011fi i\u00e7inde hareket analizi yoluyla spor yaralanmalar\u0131na yatk\u0131nl\u0131\u011f\u0131n belirlenmesi. Di\u011fer t\u0131p uzmanlar\u0131yla i\u015f birli\u011fi ve dan\u0131\u015fmanl\u0131k yaparak yaralanma ve hastal\u0131klar\u0131n te\u015fhisi. Yaralanma veya hastal\u0131k sonras\u0131 rehabilitasyon programlar\u0131n\u0131n uygulanmas\u0131 ve sporcular\u0131n maksimum performansla g\u00fcvenli bir \u015fekilde spora d\u00f6n\u00fc\u015f\u00fcn\u00fcn sa\u011flanmas\u0131. Sporcular\u0131n performans\u0131n\u0131n egzersiz fizyologlar\u0131, antren\u00f6rler ve ko\u00e7lar taraf\u0131ndan izlenmesi ve sporcular\u0131n maksimum performansa ula\u015fmalar\u0131na destek olunmas\u0131. Oyuncular\u0131n doping ile ilgili sa\u011fl\u0131k konular\u0131 ve antidoping uygulamalar\u0131 konusunda e\u011fitimi. Obezite ve hareketsiz ya\u015fam tarz\u0131na kar\u015f\u0131 ki\u015fiye \u00f6zel egzersiz programlar\u0131n\u0131n haz\u0131rlanmas\u0131. Egzersiz Fizyolojisi Egzersiz Fizyolojisi birimi, ba\u015fl\u0131ca d\u00f6rt farkl\u0131 hasta ve ziyaret\u00e7i grubuna uygulan\u0131r: Birinci grup, performans de\u011ferlendirmesi, egzersiz testi, re\u00e7etelendirme, dan\u0131\u015fmanl\u0131k gibi \u00f6nleyici veya performans odakl\u0131 hizmet alan sa\u011fl\u0131kl\u0131 sporculardan olu\u015fur. \u0130kinci grup, yaralanma veya cerrahi sonras\u0131 spora geri d\u00f6nme s\u00fcrecinde olan amat\u00f6r veya profesyonel aktif sporculardan olu\u015fur. \u00dc\u00e7\u00fcnc\u00fc hasta grubu, hareketsiz ya\u015fam tarz\u0131na sahip olan veya rekreasyonel sporlarla ilgilenen ve tan\u0131sal ve fonksiyonel kapasite testleri ile egzersiz planlama hizmeti alan ki\u015filerdir. Son grup ise hipertansiyon, metabolik sendrom, diyabet veya obezite gibi kronik hastal\u0131k veya durumlar\u0131 olan hastalardan olu\u015fur. Kardiyopulmoner T\u0131p Ekokardiyografi, egzersiz ve ritim laboratuvar\u0131 hizmetleri ile ambulatuvar kan bas\u0131nc\u0131 izleme gibi non-invaziv testler; anjiyografi, kateterizasyon, kardiyak elektrofizyoloji ve ablasyon gibi giri\u015fimler Ac\u0131badem Hastaneler Grubu\u2019nda ger\u00e7ekle\u015ftirilir. \u00d6zellikle futbolcular i\u00e7in Ac\u0131badem, kardiyolojik a\u00e7\u0131dan \u015fu hizmetleri sunar: Ma\u00e7 \u00f6ncesi tarama ve ma\u00e7 sezonu \u00f6ncesi, s\u0131ras\u0131nda ve sonras\u0131nda t\u0131bbi dan\u0131\u015fmanl\u0131k hizmetleri. Belirlenen sorunlar\u0131n kapsaml\u0131 t\u0131bbi tedavisi. Egzersiz yapmak isteyen kronik hastal\u0131\u011f\u0131 olan hastalar\u0131n de\u011ferlendirilmesi; spor hekimli\u011fi uzman\u0131 ve egzersiz fizyolo\u011fu taraf\u0131ndan bu ki\u015filerin risk de\u011ferlendirmesi, egzersiz planlamas\u0131 ve uygulama seviyelerinin belirlenmesi. Fiziksel T\u0131p ve Rehabilitasyon 1.000 m\u00b2 kapal\u0131 ve 350 m\u00b2 a\u00e7\u0131k alana sahip Fiziksel T\u0131p ve Rehabilitasyon (FTR) \u00dcnitesi, her t\u00fcr spor yaralanmas\u0131 veya sa\u011fl\u0131k sorununun tan\u0131s\u0131ndan sporcunun oyuna geri d\u00f6n\u00fc\u015f\u00fcne kadar ilgilenmek \u00fczere tasarlanm\u0131\u015ft\u0131r. FTR ekibi, t\u00fcm sporcular\u0131n kapsaml\u0131 t\u0131bbi de\u011ferlendirmesinden sorumludur. Ortopedistler, spor hekimleri ve fizyoterapistler ile birlikte, oyuncular\u0131n en k\u0131sa s\u00fcrede ve en iyi t\u0131bbi ve fiziksel durumda geri d\u00f6nmelerini sa\u011flamay\u0131 hedefler. Fizik Tedavi Ac\u0131badem Spor Klini\u011fi\u2019ndeki fizik tedavi ekibi, \u00f6zellikle futbola odaklanmak \u00fczere spor rehabilitasyonunun t\u00fcm alanlar\u0131nda \u00e7ok deneyimlidir ve osteopati, manuel terapi ve egzersiz fizyolojisi alanlar\u0131nda ek niteliklere sahiptir. \u00dcnitenin iki ana b\u00f6l\u00fcm\u00fcndeki on yedi tedavi kabini, \u00e7ok geni\u015f bir yelpazede t\u00fcm fizik tedavi y\u00f6ntemlerinin uygulanmas\u0131n\u0131 sa\u011flar. Fizik Tedavi \u00dcnitesi, hidro-masaj ve sonsuz havuz gibi aksesuarlar\u0131 olan rehabilitasyon ve egzersiz havuzu, \u00f6zelle\u015ftirilmi\u015f a\u011f\u0131rl\u0131k kontrol\u00fcne sahip ko\u015fu band\u0131, izokinetik sistem, denge de\u011ferlendirme ve geli\u015ftirme sistemleri, ESWT tedavisi ve bir\u00e7ok di\u011fer modalite ile donat\u0131lm\u0131\u015ft\u0131r. FIFA taraf\u0131ndan \u00f6nerilen 36&#215;8 metre yapay \u00e7im saha ve 40&#215;1,65 metre ko\u015fu pisti, hem futbolcular hem de di\u011fer sporcular taraf\u0131ndan iyile\u015fme ve rehabilitasyon a\u015famalar\u0131nda kullan\u0131lmaktad\u0131r. Uygulamal\u0131 Biyomekanik Uygulamal\u0131 Biyomekanik \u00dcnitesi, y\u00fcr\u00fcy\u00fc\u015f ve di\u011fer atletik hareket yeteneklerini, hareket kal\u0131plar\u0131n\u0131 ve becerilerini bilimsel olarak de\u011ferlendirmeyi sa\u011flayan y\u00fcksek h\u0131zl\u0131 kamera ve hareket analiz sistemlerini kullan\u0131r. Bu sistemler yaln\u0131zca sporcular taraf\u0131ndan de\u011fil, \u00e7ok say\u0131da ortopedik ve n\u00f6rolojik rahats\u0131zl\u0131\u011f\u0131 olan hastalar taraf\u0131ndan da kullan\u0131lmaktad\u0131r. Bu analizler sonucunda; Etkilenen sporcunun kinemati\u011fi ve biyomekani\u011fi incelenip te\u015fhis edilebilir ve buna uygun olarak daha do\u011fru bir tedavi plan\u0131 haz\u0131rlan\u0131r. Sporcular d\u00fczenli olarak izlenip de\u011ferlendirilebilir, yaralanmaya yatk\u0131n sporcular belirlenir ve gerekli \u00f6nleyici tedbirler al\u0131n\u0131r. Sporculara, analizden elde edilen verilere dayanarak gerekli egzersizler ve dinamik ortozlar re\u00e7ete edilebilir. Veriler kullan\u0131larak bilimsel ara\u015ft\u0131rmalar ve analizler de yap\u0131labilir. \u00dcnite, y\u00fcr\u00fcy\u00fc\u015f ve ko\u015funun de\u011ferlendirilmesinde ve belirlenen sorunlar\u0131n d\u00fczeltilmesi i\u00e7in tabanl\u0131k gibi d\u00fczeltici materyallerin kullan\u0131lmas\u0131nda \u00f6zel deneyim ve uzmanl\u0131k sunar. Algology &#8211; A\u011fr\u0131 Bilimi A\u011fr\u0131 Bilimi B\u00f6l\u00fcm\u00fc, futbolcular\u0131n tedavisinde s\u00fcrekli sinir bloklar\u0131, epidural giri\u015fimler, semptomatik bloklar, intra-diskal ve intervertebral uygulamalar ile n\u00f6ro-ablasyon ve n\u00f6romod\u00fclasyon teknikleriyle destek sa\u011flar. Klinik, a\u011fr\u0131 bilimi i\u00e7in gerekli t\u00fcm ekipman ve altyap\u0131ya sahiptir: bir giri\u015fim odas\u0131, stim\u00fclasyon cihazlar\u0131, lezyon jenerat\u00f6r\u00fc, kriyoterapi, ozon jenerat\u00f6r\u00fc, endoskop ve 7\/24 personel bulunan ameliyathane. A\u011fr\u0131 bilimi hizmetine ba\u015fvuran hem sporcu hem de hareketsiz ki\u015filer genellikle omurga sorunlar\u0131ndan kaynaklanan boyun ve s\u0131rt a\u011fr\u0131s\u0131 \u00e7ekerler. Diyetetik ve Beslenme Klinikte, her ya\u015f, spor dal\u0131 ve cinsiyetten hastalar ile amat\u00f6r ve profesyonel sporculara yard\u0131mc\u0131 olmak ve onlar\u0131 bilin\u00e7lendirmek \u00fczere \u00f6zel bir diyetisyen bulunmaktad\u0131r. Diyetisyen, hastalar\u0131n g\u00fcnl\u00fck beslenmesini de\u011ferlendirir ve gerekirse \u00f6nerilerde bulunur. Ayr\u0131ca, kilo kontrol\u00fcne ihtiya\u00e7 duyan sporculara dan\u0131\u015fmanl\u0131k yapar ve optimum performansa ula\u015fmak i\u00e7in ergojen\/beslenme destek stratejilerini planlar. Sunulan uzmanl\u0131k alanlar\u0131 \u015funlard\u0131r: genel \u00f6\u011f\u00fcn planlamas\u0131, kilo kayb\u0131, kilo al\u0131m\u0131 veya kilo korunumu dan\u0131\u015fmanl\u0131\u011f\u0131; v\u00fccut kompozisyonu, hidrasyon ve elektrolit dengesinin izlenmesi ve de\u011ferlendirilmesi; antrenman, m\u00fcsabaka ve iyile\u015fme \u00f6ncesi, s\u0131ras\u0131 ve sonras\u0131 optimal beslenmenin planlanmas\u0131 ve e\u011fitimi; takviyelerin ak\u0131ll\u0131ca kullan\u0131m\u0131, doping riskleri ve antidoping konular\u0131nda bilin\u00e7lendirme ve planlama. Psikoloji Klinikte ayr\u0131ca, sporculara zihinsel destek, dan\u0131\u015fmanl\u0131k ve ek psikoloji hizmetleri sunan \u00f6zel bir psikolog bulunmaktad\u0131r; bu hizmetler \u00f6zellikle ameliyat \u00f6ncesi ve sonras\u0131 veya sakatlanmam\u0131\u015f sporcular\u0131n performans\u0131n\u0131 art\u0131rmak i\u00e7in verilmektedir. Hasta\/ziyaret\u00e7i kitlesi, her ya\u015fta, her<\/p>\n","protected":false},"author":4,"featured_media":0,"parent":0,"menu_order":0,"comment_status":"closed","ping_status":"closed","template":"","meta":{"_joinchat":[],"footnotes":""},"class_list":["post-2690","page","type-page","status-publish","hentry"],"acf":[],"_links":{"self":[{"href":"https:\/\/medicaltravel.net\/tr\/wp-json\/wp\/v2\/pages\/2690","targetHints":{"allow":["GET"]}}],"collection":[{"href":"https:\/\/medicaltravel.net\/tr\/wp-json\/wp\/v2\/pages"}],"about":[{"href":"https:\/\/medicaltravel.net\/tr\/wp-json\/wp\/v2\/types\/page"}],"author":[{"embeddable":true,"href":"https:\/\/medicaltravel.net\/tr\/wp-json\/wp\/v2\/users\/4"}],"replies":[{"embeddable":true,"href":"https:\/\/medicaltravel.net\/tr\/wp-json\/wp\/v2\/comments?post=2690"}],"version-history":[{"count":7,"href":"https:\/\/medicaltravel.net\/tr\/wp-json\/wp\/v2\/pages\/2690\/revisions"}],"predecessor-version":[{"id":2799,"href":"https:\/\/medicaltravel.net\/tr\/wp-json\/wp\/v2\/pages\/2690\/revisions\/2799"}],"wp:attachment":[{"href":"https:\/\/medicaltravel.net\/tr\/wp-json\/wp\/v2\/media?parent=2690"}],"curies":[{"name":"wp","href":"https:\/\/api.w.org\/{rel}","templated":true}]}}