{"id":2800,"date":"2025-09-29T10:00:11","date_gmt":"2025-09-29T09:00:11","guid":{"rendered":"https:\/\/medicaltravel.net\/hasta-yorumlari\/"},"modified":"2026-01-13T14:05:19","modified_gmt":"2026-01-13T13:05:19","slug":"hasta-yorumlari","status":"publish","type":"page","link":"https:\/\/medicaltravel.net\/tr\/hasta-yorumlari\/","title":{"rendered":"Hasta Yorumlar\u0131"},"content":{"rendered":"\t\t<div data-elementor-type=\"wp-page\" data-elementor-id=\"2800\" class=\"elementor elementor-2800 elementor-116\" data-elementor-post-type=\"page\">\n\t\t\t\t<div class=\"elementor-element elementor-element-149d4092 e-flex e-con-boxed wpr-particle-no wpr-jarallax-no wpr-parallax-no wpr-sticky-section-no e-con e-parent\" data-id=\"149d4092\" data-element_type=\"container\" data-e-type=\"container\">\n\t\t\t\t\t<div class=\"e-con-inner\">\n\t\t\t\t<div class=\"elementor-element elementor-element-23c66147 elementor-widget elementor-widget-text-editor\" data-id=\"23c66147\" data-element_type=\"widget\" data-e-type=\"widget\" data-widget_type=\"text-editor.default\">\n\t\t\t\t\t\t\t\t\t<h3 class=\"wp-block-heading\">Hasta Yorumlar\u0131<\/h3><ul class=\"wp-block-list\"><li><strong><a href=\"https:\/\/medicaltravel.net\/tr\/hasta-yorumlari\/istanbul-turkiyede-burun-ameliyatim-deneyimi\/\" data-type=\"page\" data-id=\"118\">Benim burun ameliyat\u0131m istanbul- t\u00fcrkiye hasta yorumu<\/a><\/strong>\u2013 Per\u015fembe, 20. Aral\u0131k 2018<\/li><li><strong><a href=\"https:\/\/medicaltravel.net\/tr\/hasta-yorumlari\/yuksek-hizmet-en-iyi-sonuclar\/\" data-type=\"page\" data-id=\"120\">Y\u00fcksek Hizmet\/En \u0130yi Sonu\u00e7lar\u2013<\/a><\/strong> Cumartesi, 22. Mart 2014<\/li><li><a href=\"https:\/\/medicaltravel.net\/tr\/hasta-yorumlari\/hizmet-organizasyon-muhtesem-bir-hastane-ve-harika-fiyat\/\" data-type=\"page\" data-id=\"122\"><strong>Hizmet, organizasyon, ola\u011fan\u00fcst\u00fc bir hastane ve harika fiyat!!!<\/strong><\/a>\u2013 Sal\u0131, 06. Kas\u0131m 2012<\/li><li><strong><a href=\"https:\/\/medicaltravel.net\/tr\/hasta-yorumlari\/dita-cecchinin-11-eylul-2012-tarihinde-istanbuldaki-deneyimleri\/\" data-type=\"page\" data-id=\"124\">Dita Cecchin\u2019in 11 Eyl\u00fcl 2012 tarihinde istanbul\u2019daki deneyimleri<\/a><\/strong>\u2013 Pazartesi, 22. Ekim 2012<\/li><li><strong><a href=\"https:\/\/medicaltravel.net\/tr\/hasta-yorumlari\/istanbulda-tatil-ve-250-ml-silikon-implant-ile-meme-buyutme-operasyonu\/\" data-type=\"page\" data-id=\"126\">\u0130stanbul\u2019da tatil ve 250 ml silikon implantlarla kombine meme b\u00fcy\u00fctme ameliyat\u0131<\/a><\/strong>\u2013 Pazartesi, 15. Ekim 2012<\/li><li><strong><a href=\"https:\/\/medicaltravel.net\/tr\/hasta-yorumlari\/antalya-turkiyede-medicaltravel-araciligiyla-goz-lazeri-tedavim\/\" data-type=\"page\" data-id=\"128\">Antalya-T\u00fcrkiye\u2019de MedicalTravel arac\u0131l\u0131\u011f\u0131yla lazer g\u00f6z tedavim<\/a><\/strong>\u2013 Per\u015fembe, 02. A\u011fustos 2012<\/li><li><strong><a href=\"https:\/\/medicaltravel.net\/tr\/hasta-yorumlari\/istanbul-acibadem-hastanesinde-liposuction-yag-aldirma-ameliyatim\/\" data-type=\"page\" data-id=\"130\">\u0130stanbul Ac\u0131badem Hastanesi\u2019nde liposuction ameliyat\u0131m<\/a><\/strong>\u2013 Pazar, 07. A\u011fustos 2011<\/li><li><strong><a href=\"https:\/\/medicaltravel.net\/tr\/hasta-yorumlari\/istanbulda-dis-tedavim\/\" data-type=\"page\" data-id=\"132\">\u0130stanbul\u2019da di\u015f tedavim <\/a><\/strong>\u2013 Cumartesi, 06. A\u011fustos 2011<\/li><\/ul>\t\t\t\t\t\t\t\t<\/div>\n\t\t\t\t\t<\/div>\n\t\t\t\t<\/div>\n\t\t\t\t<\/div>\n\t\t","protected":false},"excerpt":{"rendered":"<p>Hasta Yorumlar\u0131 Benim burun ameliyat\u0131m istanbul- t\u00fcrkiye hasta yorumu\u2013 Per\u015fembe, 20. Aral\u0131k 2018 Y\u00fcksek Hizmet\/En \u0130yi Sonu\u00e7lar\u2013 Cumartesi, 22. Mart 2014 Hizmet, organizasyon, ola\u011fan\u00fcst\u00fc bir hastane ve harika fiyat!!!\u2013 Sal\u0131, 06. Kas\u0131m 2012 Dita Cecchin\u2019in 11 Eyl\u00fcl 2012 tarihinde istanbul\u2019daki deneyimleri\u2013 Pazartesi, 22. Ekim 2012 \u0130stanbul\u2019da tatil ve 250 ml silikon implantlarla kombine meme b\u00fcy\u00fctme ameliyat\u0131\u2013 Pazartesi, 15. Ekim 2012 Antalya-T\u00fcrkiye\u2019de MedicalTravel arac\u0131l\u0131\u011f\u0131yla lazer g\u00f6z tedavim\u2013 Per\u015fembe, 02. A\u011fustos 2012 \u0130stanbul Ac\u0131badem Hastanesi\u2019nde liposuction ameliyat\u0131m\u2013 Pazar, 07. A\u011fustos 2011 \u0130stanbul\u2019da di\u015f tedavim \u2013 Cumartesi, 06. A\u011fustos 2011<\/p>\n","protected":false},"author":4,"featured_media":0,"parent":0,"menu_order":0,"comment_status":"closed","ping_status":"closed","template":"","meta":{"_joinchat":[],"footnotes":""},"class_list":["post-2800","page","type-page","status-publish","hentry"],"acf":[],"_links":{"self":[{"href":"https:\/\/medicaltravel.net\/tr\/wp-json\/wp\/v2\/pages\/2800","targetHints":{"allow":["GET"]}}],"collection":[{"href":"https:\/\/medicaltravel.net\/tr\/wp-json\/wp\/v2\/pages"}],"about":[{"href":"https:\/\/medicaltravel.net\/tr\/wp-json\/wp\/v2\/types\/page"}],"author":[{"embeddable":true,"href":"https:\/\/medicaltravel.net\/tr\/wp-json\/wp\/v2\/users\/4"}],"replies":[{"embeddable":true,"href":"https:\/\/medicaltravel.net\/tr\/wp-json\/wp\/v2\/comments?post=2800"}],"version-history":[{"count":4,"href":"https:\/\/medicaltravel.net\/tr\/wp-json\/wp\/v2\/pages\/2800\/revisions"}],"predecessor-version":[{"id":3322,"href":"https:\/\/medicaltravel.net\/tr\/wp-json\/wp\/v2\/pages\/2800\/revisions\/3322"}],"wp:attachment":[{"href":"https:\/\/medicaltravel.net\/tr\/wp-json\/wp\/v2\/media?parent=2800"}],"curies":[{"name":"wp","href":"https:\/\/api.w.org\/{rel}","templated":true}]}}