{"id":2802,"date":"2025-09-29T10:02:56","date_gmt":"2025-09-29T09:02:56","guid":{"rendered":"https:\/\/medicaltravel.net\/hasta-yorumlari\/dita-cecchinin-11-eylul-2012-tarihinde-istanbuldaki-deneyimleri\/"},"modified":"2026-01-13T13:56:35","modified_gmt":"2026-01-13T12:56:35","slug":"dita-cecchinin-11-eylul-2012-tarihinde-istanbuldaki-deneyimleri","status":"publish","type":"page","link":"https:\/\/medicaltravel.net\/tr\/hasta-yorumlari\/dita-cecchinin-11-eylul-2012-tarihinde-istanbuldaki-deneyimleri\/","title":{"rendered":"Dita Cecchin\u2019in 11 Eyl\u00fcl 2012 tarihinde \u0130stanbul\u2019daki deneyimleri"},"content":{"rendered":"\n<h3 class=\"wp-block-heading\">Dita Cecchin\u2019in 11 Eyl\u00fcl 2012 tarihinde \u0130stanbul\u2019daki deneyimleri do\u011fru ve tam olarak T\u00fcrk\u00e7eye \u00e7evrilmi\u015f h\u00e2lidir.<\/h3>\n\n\n\n<p>\u2013 Rapor\u2013 Pazartesi, 22. Ekim 2012 <\/p>\n\n\n\n<p>22 Ekim 2012 tarihinde yaz\u0131ld\u0131<br>Yakla\u015f\u0131k otuz be\u015f y\u0131ld\u0131r g\u00f6zl\u00fck kullan\u0131yorum. Miyopim gen\u00e7 ya\u015flarda k\u00f6t\u00fcle\u015fti ve sonunda 5 veya 5,5, 5 diyoptriye ula\u015f\u0131nca ameliyat olmaya karar verdim. <\/p>\n\n\n\n<p>G\u00fcnl\u00fck ya\u015famda s\u00fcrekli g\u00f6zl\u00fck takmak ger\u00e7ekten \u00e7ok rahats\u0131z edici bir \u015fey. D\u00fczenli olarak g\u00f6zl\u00fck takanlar bunu daha iyi bilir ;-). \u00d6zel durumlarda kontakt lens kullan\u0131yordum. Ayr\u0131ca kayak yaparken, motosiklet s\u00fcrerken, saunadayken ve Bodensee G\u00f6l\u00fc\u2019nde yelken a\u00e7arken de bunlar\u0131 takmam gerekiyordu. Ancak g\u00f6zlerim daha \u00e7abuk kurudu\u011fu i\u00e7in rahatlama hissediyordum. Ama onsuz, k\u00f6r bir k\u00f6stebek gibiydim.     <\/p>\n\n\n\n<p>Her zaman maddi olarak kar\u015f\u0131layabilece\u011fim bir lazer g\u00f6z tedavisi hayal ediyordum. Ancak olas\u0131 komplikasyonlardan da \u00e7ok korkuyordum. Zaten zay\u0131f olan g\u00f6zlerimi bir ameliyatla riske atmak korkun\u00e7 bir d\u00fc\u015f\u00fcnceydi. Birka\u00e7 y\u0131l sonra b\u00fcy\u00fck t\u0131bbi geli\u015fmeler oldu ve ameliyat olmaya neredeyse karar verdi\u011fimde internette ara\u015ft\u0131rma yapmaya ba\u015flad\u0131m. Kendi \u00fclkemde, \u00c7ekya\u2019da ve kom\u015fu \u00fclkede, Almanya\u2019da bir yer arad\u0131m. Sonra Swisslasik\u2019i g\u00f6rd\u00fcm. Sayfalar\u0131ndaki d\u00fcr\u00fcst ve detayl\u0131 tarz\u0131 ger\u00e7ekten \u00e7ok be\u011fendim. Z\u00fcrih \u015fehrindeki bilgilendirme gecesi davetiyesini g\u00f6rd\u00fc\u011f\u00fcmde daha fazla ara\u015ft\u0131rmaya karar verdim.      <\/p>\n\n\n\n<p>Cesaret veren e\u015fimle kat\u0131ld\u0131\u011f\u0131m i\u00e7in \u00e7ok bilgilendirici ve resmi bir geceydi. \u015eirket y\u00f6neticisi Say\u0131n Kara\u011fa\u00e7l\u0131 ve MD. B. Co\u015far\u2019\u0131n nitelikli ve samimi tutumuyla tamamen ikna oldum. Her \u015fey \u00e7ok rahat, bilgilendirici ve ak\u0131c\u0131yd\u0131; bir dakika bile bask\u0131 alt\u0131nda hissetmedim. Kendi kendime \u201cevet, burada rahat ve huzurlu hissediyorum\u201d dedim. Bu arada k\u0131sa bir s\u00fcre sonra bir arkada\u015f\u0131m, bir i\u015f arkada\u015f\u0131n\u0131n Swisslasik sayesinde \u0130stanbul\u2019da g\u00f6r\u00fc\u015f\u00fcn\u00fc geri kazan\u0131p ne kadar mutlu oldu\u011funu anlatt\u0131 ;-).     <\/p>\n\n\n\n<p>E\u015fimle ben sonbaharda T\u00fcrkiye\u2019nin g\u00fcney k\u0131y\u0131lar\u0131nda yelken a\u00e7may\u0131 d\u00fc\u015f\u00fcn\u00fcyorduk; bu y\u00fczden hepsini pratik bir \u015fekilde birle\u015ftirmeye karar verdim: harika bir yelken zaman\u0131, ard\u0131ndan lazer g\u00f6z tedavim ve tabii ki \u0130stanbul ad\u0131n\u0131 duydu\u011fum bu \u00fcnl\u00fc \u015fehri g\u00f6rmek!<\/p>\n\n\n\n<p>Swisslasik ile ileti\u015fimimiz ba\u015f\u0131ndan itibaren ger\u00e7ekten m\u00fckemmeldi. Hi\u00e7 sorun ya\u015famad\u0131k ve \u00e7ok h\u0131zl\u0131yd\u0131. Yak\u0131nda istedi\u011fim randevuyu ald\u0131m. Seyahatten k\u0131sa bir s\u00fcre sonra, di\u011fer hastalar gibi bana da ki\u015fisel bilgilerimi, randevular\u0131m\u0131 ve \u0130stanbul\u2019daki konaklamam i\u00e7in \u00e7ok faydal\u0131 baz\u0131 bilgileri i\u00e7eren Swisslasikpas\u0131m\u0131 ald\u0131m. \u0130htiyac\u0131m\u0131z olan her \u015fey bu k\u00fc\u00e7\u00fck kitap\u00e7\u0131kta vard\u0131. Harika! Art\u0131k yolculu\u011fa ba\u015flama zaman\u0131 gelmi\u015fti.      <\/p>\n\n\n\n<p>\u00c7ok keyifli bir yelken maceras\u0131n\u0131n ard\u0131ndan Tolga beni arad\u0131. \u0130stanbul\u2019a geldi\u011fimiz ilk g\u00fcnden beri yan\u0131mda olan yol arkada\u015f\u0131m ve terc\u00fcman\u0131m oldu. Beni selamlad\u0131 ve ameliyattan k\u0131sa bir s\u00fcre \u00f6nce nas\u0131l hissetti\u011fimi sordu. Bu \u00e7ok nazik bir davran\u0131\u015ft\u0131. Bizim kendi otel rezervasyonumuz vard\u0131 \u00e7\u00fcnk\u00fc yan\u0131m\u0131zda ba\u015fka denizciler de vard\u0131. Otel, \u0130stanbul\u2019un eski \u015fehir merkezindeki Nena oteliydi. Kesinlikle tavsiye ederim. Kahvalt\u0131 teras\u0131ndan g\u00f6r\u00fcnen harika manzara unutulmazd\u0131.       <\/p>\n\n\n\n<p>Di\u011fer g\u00fcn, sabah saat 7 civar\u0131nda hastane taraf\u0131ndan g\u00f6nderilen ara\u00e7 geldi ve beni hastaneye g\u00f6t\u00fcrd\u00fc. Vard\u0131\u011f\u0131m\u0131zda, \u00e7ok modern ve temiz bir hastane g\u00f6r\u00fcnce \u00e7ok \u015fa\u015f\u0131rd\u0131m. Do\u011fruyu s\u00f6ylemek gerekirse, b\u00f6yle y\u00fcksek kalite standartlar\u0131 beklemiyordum. \u00c7ok ho\u015f bir duyguydu.   <\/p>\n\n\n\n<p>Bir s\u00fcre \u00f6nce, kendi g\u00f6z doktorum g\u00f6zlerimin lazer tedavisi i\u00e7in uygun oldu\u011funu s\u00f6ylemi\u015fti; bu y\u00fczden \u0130svi\u00e7re\u2019de ayr\u0131nt\u0131l\u0131 \u00f6n muayene yapt\u0131rmad\u0131m. Doktorumun te\u015fhisinin Ac\u0131badem Hastanesi taraf\u0131ndan onaylanmas\u0131 beni \u00e7ok mutlu etti. Otel giri\u015finde beni kar\u015f\u0131layan Tolga, t\u00fcm bu s\u00fcre\u00e7 boyunca beni yaln\u0131z b\u0131rakmad\u0131 ve ger\u00e7ekten \u00e7ok yard\u0131mc\u0131 oldu. \u00c7ok nazik bir ki\u015fiydi ve ayn\u0131 zamanda bana rahatl\u0131k ve huzur veren \u00e7ok aktif ve yetenekli bir organizat\u00f6rd\u00fc.   <\/p>\n\n\n\n<p>Bir s\u00fcre \u00f6nce, kendi g\u00f6z doktorum g\u00f6zlerimin lazer tedavisi i\u00e7in uygun oldu\u011funu s\u00f6ylemi\u015fti; bu y\u00fczden \u0130svi\u00e7re\u2019de ayr\u0131nt\u0131l\u0131 \u00f6n muayene yapt\u0131rmad\u0131m. Doktorumun te\u015fhisinin Ac\u0131badem Hastanesi taraf\u0131ndan onaylanmas\u0131 beni \u00e7ok mutlu etti. Otel giri\u015finde beni kar\u015f\u0131layan Tolga, t\u00fcm bu s\u00fcre\u00e7 boyunca beni yaln\u0131z b\u0131rakmad\u0131 ve ger\u00e7ekten \u00e7ok yard\u0131mc\u0131 oldu. \u00c7ok nazik bir ki\u015fiydi ve ayn\u0131 zamanda bana rahatl\u0131k ve huzur veren \u00e7ok aktif ve yetenekli bir organizat\u00f6rd\u00fc.     <\/p>\n\n\n\n<p>Ameliyat, yakla\u015f\u0131k on be\u015f dakika gibi \u00e7ok k\u0131sa bir s\u00fcrede tamamland\u0131 ve t\u00fcm operasyon ekibinin profesyonel ve titiz \u00e7al\u0131\u015fmas\u0131n\u0131 deneyimledim. G\u00f6z kapa\u011f\u0131 tutucuyu takmak, d\u00fc\u015f\u00fcnd\u00fc\u011f\u00fcm kadar rahats\u0131z edici de\u011fildi. Her zaman yan\u0131mda olan yol arkada\u015f\u0131m\u0131n talimatlar\u0131 ger\u00e7ekten \u00e7ok yard\u0131mc\u0131 oldu. Her g\u00f6ze uygulanan lazer \u00e7ok k\u0131sa s\u00fcrd\u00fc; san\u0131r\u0131m yirmi saniye kadar. Tamamen katlan\u0131labilirdi. Hi\u00e7 a\u011fr\u0131 yoktu, sadece tuhaf bir his vard\u0131. G\u00f6zler rahatlatmak amac\u0131yla nemlendiriliyordu. Ameliyat tamamland\u0131ktan sonra bekleme odas\u0131na gittim. Hafif bir sisin ard\u0131ndan neredeyse net bir g\u00f6r\u00fc\u015fe sahip gibiydim. Muhte\u015fem bir duyguydu. G\u00f6zlerimde \u00e7ok k\u0131sa bir s\u00fcre batma hissi oldu ve g\u00f6zlerim sulanmaya ba\u015flad\u0131. Yar\u0131m saat sonra doktor g\u00f6zlerimi kontrol etti ve her \u015fey yolundayd\u0131. Art\u0131k otele gidip dinlenebilirdim; beni bekleyen taksi ile. Koruyucu g\u00f6zl\u00fcklerimi takarken d\u0131\u015far\u0131y\u0131 izlerken ne kadar net g\u00f6rebildi\u011fime \u015fa\u015f\u0131rd\u0131m. Otele hen\u00fcz varm\u0131\u015fken ilk g\u00f6z damlas\u0131n\u0131 damlatt\u0131m, rahatlad\u0131m ve g\u00fczel bir uyku \u00e7ektim.             <\/p>\n\n\n\n<p>\u00dc\u00e7 saatlik uykudan sonra yeniden do\u011fmu\u015f gibiydim\u2026 Hi\u00e7 \u015fik\u00e2yetim yoktu ve G\u00d6REB\u0130LEN YEN\u0130 G\u00d6ZLER\u0130M vard\u0131!!! Bunun bu kadar kolay olaca\u011f\u0131n\u0131 hi\u00e7 d\u00fc\u015f\u00fcnmemi\u015ftim. \u0130stanbul\u2019da g\u00fczel bir ak\u015fam yeme\u011fi i\u00e7in gece d\u0131\u015far\u0131 \u00e7\u0131kt\u0131k ve tabii ki koruyucu g\u00f6zl\u00fcklerimizi takarak.<br><br>Ertesi sabah hastaneye g\u00f6t\u00fcr\u00fcld\u00fcm. Sol g\u00f6z m\u00fckemmeldi ve sa\u011f g\u00f6zde hafif bir alerjik reaksiyon vard\u0131. A\u011fr\u0131m yoktu ama iki g\u00f6z aras\u0131nda hafif bir fark hissettim. MD Co\u015far, bunun bazen olabilece\u011fini s\u00f6yleyerek beni rahatlatt\u0131 ve daha sab\u0131rl\u0131 olmam gerekti\u011fini belirterek sakinle\u015ftirdi. Beyin dengeleme fonksiyonunu tamamlayacak. Bunun d\u0131\u015f\u0131nda de\u011ferler ger\u00e7ekten iyiydi. Kontrollerimi kendi g\u00f6z doktorum arac\u0131l\u0131\u011f\u0131yla yapt\u0131rmay\u0131 d\u00fc\u015f\u00fcn\u00fcyordum.       <\/p>\n\n\n\n<p>Sonraki iki g\u00fcn boyunca \u0130stanbul\u2019un muhte\u015fem g\u00fczelliklerinin tad\u0131n\u0131 \u00e7\u0131karmay\u0131 ba\u015fard\u0131k. G\u00f6rd\u00fcklerimiz ve deneyimlediklerimiz inan\u0131lmazd\u0131. Camiler, parklar, Bo\u011faz ve yo\u011fun deniz trafi\u011fi, insanlar\u0131n misafirperverli\u011fi, harika restoranlar, \u00e7ay bah\u00e7eleri ve \u00e7ar\u015f\u0131lar\u2026 Unutulmaz bir deneyim ile cerrahi randevunun benzersiz bir birle\u015fimi. Bekle \u0130stanbul, tekrar geliyorum!   <\/p>\n\n\n\n<p>Art\u0131k bunu ameliyat olmaktan h\u00e2l\u00e2 korkan herkese s\u00f6yleyebilirim: Cesaretinizi toplay\u0131n, pi\u015fman olmayacaks\u0131n\u0131z! \u00dcstelik fiyat da inan\u0131lmazd\u0131. Yeni g\u00f6r\u00fc\u015f\u00fcm sayesinde her g\u00fcn\u00fcn tad\u0131n\u0131 \u00e7\u0131kar\u0131yorum ve Swisslasik\u2019e bana kazand\u0131rd\u0131\u011f\u0131 bu yeni ya\u015fam kalitesi i\u00e7in i\u00e7tenlikle te\u015fekk\u00fcr ediyorum.  <\/p>\n\n\n\n<div class=\"wp-block-group is-layout-grid wp-container-core-group-is-layout-baef362d wp-block-group-is-layout-grid\">\n<p><a href=\"https:\/\/medicaltravel.at\/home\/agb\/\" data-type=\"page\" data-id=\"2191\" target=\"_blank\" rel=\"noopener\"><\/a><a href=\"https:\/\/medicaltravel.net\/tr\/hasta-yorumlari\/hizmet-organizasyon-muhtesem-bir-hastane-ve-harika-fiyat\/\" data-type=\"link\" data-id=\"https:\/\/medicaltravel.net\/tr\/hasta-yorumlari\/hizmet-organizasyon-muhtesem-bir-hastane-ve-harika-fiyat\/\"><a href=\"https:\/\/medicaltravel.ch\/tr\/hasta-raporlari\/referanslar-tavsiyeler-tedaviler-degerlendirmeler-turkiye-istanbul\/istanbulda-meme-kuecueltme-liposuctioni-hakkinda-hasta-yorumu\/\" data-type=\"link\" data-id=\"https:\/\/medicaltravel.ch\/tr\/hasta-raporlari\/referanslar-tavsiyeler-tedaviler-degerlendirmeler-turkiye-istanbul\/istanbulda-meme-kuecueltme-liposuctioni-hakkinda-hasta-yorumu\/\" target=\"_blank\" rel=\"noopener\">\u00d6nceki rapor<\/a><\/a><\/p>\n\n\n\n<p class=\"has-text-align-right wp-container-content-5e2576f9\"><a href=\"https:\/\/medicaltravel.at\/home\/impressum\/\" data-type=\"page\" data-id=\"2193\" target=\"_blank\" rel=\"noopener\"><\/a><a href=\"https:\/\/medicaltravel.at\/home\/berichte-von-patienten\/erfahrungsberichte\/erfahrungsbericht-zahnbehandlung-in-istanbul\/\" data-type=\"page\" data-id=\"981\" target=\"_blank\" rel=\"noopener\"><\/a><a href=\"https:\/\/medicaltravel.net\/tr\/hasta-yorumlari\/istanbulda-tatil-ve-250-ml-silikon-implant-ile-meme-buyutme-operasyonu\/\" data-type=\"link\" data-id=\"https:\/\/medicaltravel.net\/tr\/hasta-yorumlari\/istanbulda-tatil-ve-250-ml-silikon-implant-ile-meme-buyutme-operasyonu\/\"><a href=\"https:\/\/medicaltravel.ch\/tr\/hasta-raporlari\/referanslar-tavsiyeler-tedaviler-degerlendirmeler-turkiye-istanbul\/deneyim-raporu-goez-kapagi-kaldirma-istanbulda-goez-kapagi-ameliyati-hasta-yorumu\/\" data-type=\"link\" data-id=\"https:\/\/medicaltravel.ch\/tr\/hasta-raporlari\/referanslar-tavsiyeler-tedaviler-degerlendirmeler-turkiye-istanbul\/deneyim-raporu-goez-kapagi-kaldirma-istanbulda-goez-kapagi-ameliyati-hasta-yorumu\/\" target=\"_blank\" rel=\"noopener\">Bir sonraki rapor<\/a><\/a><\/p>\n<\/div>\n\n\n\n<p><\/p>\n","protected":false},"excerpt":{"rendered":"<p>Dita Cecchin\u2019in 11 Eyl\u00fcl 2012 tarihinde \u0130stanbul\u2019daki deneyimleri do\u011fru ve tam olarak T\u00fcrk\u00e7eye \u00e7evrilmi\u015f h\u00e2lidir. \u2013 Rapor\u2013 Pazartesi, 22. Ekim 2012 22 Ekim 2012 tarihinde yaz\u0131ld\u0131Yakla\u015f\u0131k otuz be\u015f y\u0131ld\u0131r g\u00f6zl\u00fck kullan\u0131yorum. Miyopim gen\u00e7 ya\u015flarda k\u00f6t\u00fcle\u015fti ve sonunda 5 veya 5,5, 5 diyoptriye ula\u015f\u0131nca ameliyat olmaya karar verdim. G\u00fcnl\u00fck ya\u015famda s\u00fcrekli g\u00f6zl\u00fck takmak ger\u00e7ekten \u00e7ok rahats\u0131z edici bir \u015fey. D\u00fczenli olarak g\u00f6zl\u00fck takanlar bunu daha iyi bilir ;-). \u00d6zel durumlarda kontakt lens kullan\u0131yordum. Ayr\u0131ca kayak yaparken, motosiklet s\u00fcrerken, saunadayken ve Bodensee G\u00f6l\u00fc\u2019nde yelken a\u00e7arken de bunlar\u0131 takmam gerekiyordu. Ancak g\u00f6zlerim daha \u00e7abuk kurudu\u011fu i\u00e7in rahatlama hissediyordum. Ama onsuz, k\u00f6r bir k\u00f6stebek gibiydim. Her zaman maddi olarak kar\u015f\u0131layabilece\u011fim bir lazer g\u00f6z tedavisi hayal ediyordum. Ancak olas\u0131 komplikasyonlardan da \u00e7ok korkuyordum. Zaten zay\u0131f olan g\u00f6zlerimi bir ameliyatla riske atmak korkun\u00e7 bir d\u00fc\u015f\u00fcnceydi. Birka\u00e7 y\u0131l sonra b\u00fcy\u00fck t\u0131bbi geli\u015fmeler oldu ve ameliyat olmaya neredeyse karar verdi\u011fimde internette ara\u015ft\u0131rma yapmaya ba\u015flad\u0131m. Kendi \u00fclkemde, \u00c7ekya\u2019da ve kom\u015fu \u00fclkede, Almanya\u2019da bir yer arad\u0131m. Sonra Swisslasik\u2019i g\u00f6rd\u00fcm. Sayfalar\u0131ndaki d\u00fcr\u00fcst ve detayl\u0131 tarz\u0131 ger\u00e7ekten \u00e7ok be\u011fendim. Z\u00fcrih \u015fehrindeki bilgilendirme gecesi davetiyesini g\u00f6rd\u00fc\u011f\u00fcmde daha fazla ara\u015ft\u0131rmaya karar verdim. Cesaret veren e\u015fimle kat\u0131ld\u0131\u011f\u0131m i\u00e7in \u00e7ok bilgilendirici ve resmi bir geceydi. \u015eirket y\u00f6neticisi Say\u0131n Kara\u011fa\u00e7l\u0131 ve MD. B. Co\u015far\u2019\u0131n nitelikli ve samimi tutumuyla tamamen ikna oldum. Her \u015fey \u00e7ok rahat, bilgilendirici ve ak\u0131c\u0131yd\u0131; bir dakika bile bask\u0131 alt\u0131nda hissetmedim. Kendi kendime \u201cevet, burada rahat ve huzurlu hissediyorum\u201d dedim. Bu arada k\u0131sa bir s\u00fcre sonra bir arkada\u015f\u0131m, bir i\u015f arkada\u015f\u0131n\u0131n Swisslasik sayesinde \u0130stanbul\u2019da g\u00f6r\u00fc\u015f\u00fcn\u00fc geri kazan\u0131p ne kadar mutlu oldu\u011funu anlatt\u0131 ;-). E\u015fimle ben sonbaharda T\u00fcrkiye\u2019nin g\u00fcney k\u0131y\u0131lar\u0131nda yelken a\u00e7may\u0131 d\u00fc\u015f\u00fcn\u00fcyorduk; bu y\u00fczden hepsini pratik bir \u015fekilde birle\u015ftirmeye karar verdim: harika bir yelken zaman\u0131, ard\u0131ndan lazer g\u00f6z tedavim ve tabii ki \u0130stanbul ad\u0131n\u0131 duydu\u011fum bu \u00fcnl\u00fc \u015fehri g\u00f6rmek! Swisslasik ile ileti\u015fimimiz ba\u015f\u0131ndan itibaren ger\u00e7ekten m\u00fckemmeldi. Hi\u00e7 sorun ya\u015famad\u0131k ve \u00e7ok h\u0131zl\u0131yd\u0131. Yak\u0131nda istedi\u011fim randevuyu ald\u0131m. Seyahatten k\u0131sa bir s\u00fcre sonra, di\u011fer hastalar gibi bana da ki\u015fisel bilgilerimi, randevular\u0131m\u0131 ve \u0130stanbul\u2019daki konaklamam i\u00e7in \u00e7ok faydal\u0131 baz\u0131 bilgileri i\u00e7eren Swisslasikpas\u0131m\u0131 ald\u0131m. \u0130htiyac\u0131m\u0131z olan her \u015fey bu k\u00fc\u00e7\u00fck kitap\u00e7\u0131kta vard\u0131. Harika! Art\u0131k yolculu\u011fa ba\u015flama zaman\u0131 gelmi\u015fti. \u00c7ok keyifli bir yelken maceras\u0131n\u0131n ard\u0131ndan Tolga beni arad\u0131. \u0130stanbul\u2019a geldi\u011fimiz ilk g\u00fcnden beri yan\u0131mda olan yol arkada\u015f\u0131m ve terc\u00fcman\u0131m oldu. Beni selamlad\u0131 ve ameliyattan k\u0131sa bir s\u00fcre \u00f6nce nas\u0131l hissetti\u011fimi sordu. Bu \u00e7ok nazik bir davran\u0131\u015ft\u0131. Bizim kendi otel rezervasyonumuz vard\u0131 \u00e7\u00fcnk\u00fc yan\u0131m\u0131zda ba\u015fka denizciler de vard\u0131. Otel, \u0130stanbul\u2019un eski \u015fehir merkezindeki Nena oteliydi. Kesinlikle tavsiye ederim. Kahvalt\u0131 teras\u0131ndan g\u00f6r\u00fcnen harika manzara unutulmazd\u0131. Di\u011fer g\u00fcn, sabah saat 7 civar\u0131nda hastane taraf\u0131ndan g\u00f6nderilen ara\u00e7 geldi ve beni hastaneye g\u00f6t\u00fcrd\u00fc. Vard\u0131\u011f\u0131m\u0131zda, \u00e7ok modern ve temiz bir hastane g\u00f6r\u00fcnce \u00e7ok \u015fa\u015f\u0131rd\u0131m. Do\u011fruyu s\u00f6ylemek gerekirse, b\u00f6yle y\u00fcksek kalite standartlar\u0131 beklemiyordum. \u00c7ok ho\u015f bir duyguydu. Bir s\u00fcre \u00f6nce, kendi g\u00f6z doktorum g\u00f6zlerimin lazer tedavisi i\u00e7in uygun oldu\u011funu s\u00f6ylemi\u015fti; bu y\u00fczden \u0130svi\u00e7re\u2019de ayr\u0131nt\u0131l\u0131 \u00f6n muayene yapt\u0131rmad\u0131m. Doktorumun te\u015fhisinin Ac\u0131badem Hastanesi taraf\u0131ndan onaylanmas\u0131 beni \u00e7ok mutlu etti. Otel giri\u015finde beni kar\u015f\u0131layan Tolga, t\u00fcm bu s\u00fcre\u00e7 boyunca beni yaln\u0131z b\u0131rakmad\u0131 ve ger\u00e7ekten \u00e7ok yard\u0131mc\u0131 oldu. \u00c7ok nazik bir ki\u015fiydi ve ayn\u0131 zamanda bana rahatl\u0131k ve huzur veren \u00e7ok aktif ve yetenekli bir organizat\u00f6rd\u00fc. Bir s\u00fcre \u00f6nce, kendi g\u00f6z doktorum g\u00f6zlerimin lazer tedavisi i\u00e7in uygun oldu\u011funu s\u00f6ylemi\u015fti; bu y\u00fczden \u0130svi\u00e7re\u2019de ayr\u0131nt\u0131l\u0131 \u00f6n muayene yapt\u0131rmad\u0131m. Doktorumun te\u015fhisinin Ac\u0131badem Hastanesi taraf\u0131ndan onaylanmas\u0131 beni \u00e7ok mutlu etti. Otel giri\u015finde beni kar\u015f\u0131layan Tolga, t\u00fcm bu s\u00fcre\u00e7 boyunca beni yaln\u0131z b\u0131rakmad\u0131 ve ger\u00e7ekten \u00e7ok yard\u0131mc\u0131 oldu. \u00c7ok nazik bir ki\u015fiydi ve ayn\u0131 zamanda bana rahatl\u0131k ve huzur veren \u00e7ok aktif ve yetenekli bir organizat\u00f6rd\u00fc. Ameliyat, yakla\u015f\u0131k on be\u015f dakika gibi \u00e7ok k\u0131sa bir s\u00fcrede tamamland\u0131 ve t\u00fcm operasyon ekibinin profesyonel ve titiz \u00e7al\u0131\u015fmas\u0131n\u0131 deneyimledim. G\u00f6z kapa\u011f\u0131 tutucuyu takmak, d\u00fc\u015f\u00fcnd\u00fc\u011f\u00fcm kadar rahats\u0131z edici de\u011fildi. Her zaman yan\u0131mda olan yol arkada\u015f\u0131m\u0131n talimatlar\u0131 ger\u00e7ekten \u00e7ok yard\u0131mc\u0131 oldu. Her g\u00f6ze uygulanan lazer \u00e7ok k\u0131sa s\u00fcrd\u00fc; san\u0131r\u0131m yirmi saniye kadar. Tamamen katlan\u0131labilirdi. Hi\u00e7 a\u011fr\u0131 yoktu, sadece tuhaf bir his vard\u0131. G\u00f6zler rahatlatmak amac\u0131yla nemlendiriliyordu. Ameliyat tamamland\u0131ktan sonra bekleme odas\u0131na gittim. Hafif bir sisin ard\u0131ndan neredeyse net bir g\u00f6r\u00fc\u015fe sahip gibiydim. Muhte\u015fem bir duyguydu. G\u00f6zlerimde \u00e7ok k\u0131sa bir s\u00fcre batma hissi oldu ve g\u00f6zlerim sulanmaya ba\u015flad\u0131. Yar\u0131m saat sonra doktor g\u00f6zlerimi kontrol etti ve her \u015fey yolundayd\u0131. Art\u0131k otele gidip dinlenebilirdim; beni bekleyen taksi ile. Koruyucu g\u00f6zl\u00fcklerimi takarken d\u0131\u015far\u0131y\u0131 izlerken ne kadar net g\u00f6rebildi\u011fime \u015fa\u015f\u0131rd\u0131m. Otele hen\u00fcz varm\u0131\u015fken ilk g\u00f6z damlas\u0131n\u0131 damlatt\u0131m, rahatlad\u0131m ve g\u00fczel bir uyku \u00e7ektim. \u00dc\u00e7 saatlik uykudan sonra yeniden do\u011fmu\u015f gibiydim\u2026 Hi\u00e7 \u015fik\u00e2yetim yoktu ve G\u00d6REB\u0130LEN YEN\u0130 G\u00d6ZLER\u0130M vard\u0131!!! Bunun bu kadar kolay olaca\u011f\u0131n\u0131 hi\u00e7 d\u00fc\u015f\u00fcnmemi\u015ftim. \u0130stanbul\u2019da g\u00fczel bir ak\u015fam yeme\u011fi i\u00e7in gece d\u0131\u015far\u0131 \u00e7\u0131kt\u0131k ve tabii ki koruyucu g\u00f6zl\u00fcklerimizi takarak. Ertesi sabah hastaneye g\u00f6t\u00fcr\u00fcld\u00fcm. Sol g\u00f6z m\u00fckemmeldi ve sa\u011f g\u00f6zde hafif bir alerjik reaksiyon vard\u0131. A\u011fr\u0131m yoktu ama iki g\u00f6z aras\u0131nda hafif bir fark hissettim. MD Co\u015far, bunun bazen olabilece\u011fini s\u00f6yleyerek beni rahatlatt\u0131 ve daha sab\u0131rl\u0131 olmam gerekti\u011fini belirterek sakinle\u015ftirdi. Beyin dengeleme fonksiyonunu tamamlayacak. Bunun d\u0131\u015f\u0131nda de\u011ferler ger\u00e7ekten iyiydi. Kontrollerimi kendi g\u00f6z doktorum arac\u0131l\u0131\u011f\u0131yla yapt\u0131rmay\u0131 d\u00fc\u015f\u00fcn\u00fcyordum. Sonraki iki g\u00fcn boyunca \u0130stanbul\u2019un muhte\u015fem g\u00fczelliklerinin tad\u0131n\u0131 \u00e7\u0131karmay\u0131 ba\u015fard\u0131k. G\u00f6rd\u00fcklerimiz ve deneyimlediklerimiz inan\u0131lmazd\u0131. Camiler, parklar, Bo\u011faz ve yo\u011fun deniz trafi\u011fi, insanlar\u0131n misafirperverli\u011fi, harika restoranlar, \u00e7ay bah\u00e7eleri ve \u00e7ar\u015f\u0131lar\u2026 Unutulmaz bir deneyim ile cerrahi randevunun benzersiz bir birle\u015fimi. Bekle \u0130stanbul, tekrar geliyorum! Art\u0131k bunu ameliyat olmaktan h\u00e2l\u00e2 korkan herkese s\u00f6yleyebilirim: Cesaretinizi toplay\u0131n, pi\u015fman olmayacaks\u0131n\u0131z! \u00dcstelik fiyat da inan\u0131lmazd\u0131. Yeni g\u00f6r\u00fc\u015f\u00fcm sayesinde her g\u00fcn\u00fcn tad\u0131n\u0131 \u00e7\u0131kar\u0131yorum ve Swisslasik\u2019e bana kazand\u0131rd\u0131\u011f\u0131 bu yeni ya\u015fam kalitesi i\u00e7in i\u00e7tenlikle te\u015fekk\u00fcr ediyorum. \u00d6nceki rapor Bir sonraki rapor<\/p>\n","protected":false},"author":4,"featured_media":0,"parent":2800,"menu_order":0,"comment_status":"closed","ping_status":"closed","template":"","meta":{"_joinchat":[],"footnotes":""},"class_list":["post-2802","page","type-page","status-publish","hentry"],"acf":[],"_links":{"self":[{"href":"https:\/\/medicaltravel.net\/tr\/wp-json\/wp\/v2\/pages\/2802","targetHints":{"allow":["GET"]}}],"collection":[{"href":"https:\/\/medicaltravel.net\/tr\/wp-json\/wp\/v2\/pages"}],"about":[{"href":"https:\/\/medicaltravel.net\/tr\/wp-json\/wp\/v2\/types\/page"}],"author":[{"embeddable":true,"href":"https:\/\/medicaltravel.net\/tr\/wp-json\/wp\/v2\/users\/4"}],"replies":[{"embeddable":true,"href":"https:\/\/medicaltravel.net\/tr\/wp-json\/wp\/v2\/comments?post=2802"}],"version-history":[{"count":2,"href":"https:\/\/medicaltravel.net\/tr\/wp-json\/wp\/v2\/pages\/2802\/revisions"}],"predecessor-version":[{"id":3315,"href":"https:\/\/medicaltravel.net\/tr\/wp-json\/wp\/v2\/pages\/2802\/revisions\/3315"}],"up":[{"embeddable":true,"href":"https:\/\/medicaltravel.net\/tr\/wp-json\/wp\/v2\/pages\/2800"}],"wp:attachment":[{"href":"https:\/\/medicaltravel.net\/tr\/wp-json\/wp\/v2\/media?parent=2802"}],"curies":[{"name":"wp","href":"https:\/\/api.w.org\/{rel}","templated":true}]}}