{"id":2810,"date":"2025-09-29T10:01:52","date_gmt":"2025-09-29T09:01:52","guid":{"rendered":"https:\/\/medicaltravel.net\/hasta-yorumlari\/yuksek-hizmet-en-iyi-sonuclar\/"},"modified":"2026-01-13T13:55:05","modified_gmt":"2026-01-13T12:55:05","slug":"yuksek-hizmet-en-iyi-sonuclar","status":"publish","type":"page","link":"https:\/\/medicaltravel.net\/tr\/hasta-yorumlari\/yuksek-hizmet-en-iyi-sonuclar\/","title":{"rendered":"Y\u00fcksek Hizmet\/En \u0130yi Sonu\u00e7lar"},"content":{"rendered":"\n<h3 class=\"wp-block-heading\">Y\u00fcksek Hizmet\/En \u0130yi Sonu\u00e7lar<\/h3>\n\n\n\n<p>\u2013 Rapor\u2013 Cumartesi, 22. Mart 2014 <\/p>\n\n\n\n<p>Ailemle birlikte \u0130stanbul\u2019dan yeni d\u00f6nd\u00fcm. Konumun dedi\u011fi gibi y\u00fcksek hizmet ve en iyi sonu\u00e7lar. Hikayemi sizinle payla\u015fmak istiyorum ve umar\u0131m siz de MedicalTravel arac\u0131l\u0131\u011f\u0131yla \u0130stanbul\u2019da g\u00f6z lazeri i\u00e7in ad\u0131m\u0131 atars\u0131n\u0131z.  <\/p>\n\n\n\n<p>Ge\u00e7en y\u0131l, \u0130svi\u00e7re\u2019de ya\u015fayan bir aile \u00fcyem \u0130stanbul\u2019da g\u00f6zlerini lazerle tedavi ettirdi, t\u00fcm\u00fc MedicalTravel taraf\u0131ndan organize edildi. Bana harika hizmet ve organizasyondan bahsetti. Ve hakl\u0131yd\u0131, her \u015fey sizin i\u00e7in organize edilmi\u015f.  <\/p>\n\n\n\n<p>\u00dc\u00e7 hafta \u00f6nce, ailemle birlikte \u0130stanbul\u2019a seyahat ettik. Havaalan\u0131na vard\u0131\u011f\u0131m\u0131zda, \u015fof\u00f6r \u00e7\u0131k\u0131\u015fta bekliyordu. \u0130sminin yaz\u0131l\u0131 oldu\u011fu bir tabela tutuyordu. \u015eof\u00f6r bizi otele g\u00f6t\u00fcrd\u00fc, \u00e7ok iyi ve dostane bir oteldi. Randevu g\u00fcn\u00fcmde, \u015fof\u00f6r otelden bizi tam zaman\u0131nda ald\u0131 ve hastaneye g\u00f6t\u00fcrd\u00fc.    <\/p>\n\n\n\n<p>Ac\u0131badem Hastanesi \u00e7ok y\u00fcksek standartlara sahip bir hastane. Hastaneye geldi\u011fimizde bizi arac\u0131l\u0131k yapan ki\u015fi kar\u015f\u0131lad\u0131. Bizi t\u00fcm s\u00fcre\u00e7 boyunca y\u00f6nlendirdi. \u0130ngilizce ve Almancay\u0131 \u00e7ok iyi konu\u015fuyor. \u00d6n muayene yakla\u015f\u0131k 90 dakika s\u00fcr\u00fcyor. Ard\u0131ndan doktorla g\u00f6r\u00fc\u015fme oldu, Lasik\/Lasek\/PKR se\u00e7eneklerini a\u00e7\u0131klad\u0131. Korneam biraz inceydi, bu y\u00fczden en iyi se\u00e7enek Lasek\u2019ti.      <\/p>\n\n\n\n<p>Ameliyattan 90 dakika \u00f6nce, arac\u0131m\u0131z bizi restorana g\u00f6t\u00fcrd\u00fc. \u00c7ok iyi bir restorand\u0131 ve \u00e7ocuklar i\u00e7in bir oyun alan\u0131 vard\u0131. \u00c7ocuklar\u0131m\u0131z t\u00fcm 90 dakika boyunca orada oynad\u0131lar. Ard\u0131ndan arac\u0131m\u0131z bizi ameliyat i\u00e7in restorandan zaman\u0131nda ald\u0131. Ameliyat\u0131n toplam s\u00fcresi 30 dakikayd\u0131 ve her \u015fey yolunda gitti. G\u00f6zl\u00fcklerimi takt\u0131m ve g\u00f6z damlalar\u0131n\u0131 kulland\u0131m. Ard\u0131ndan \u015fof\u00f6r bizi otele geri g\u00f6t\u00fcrd\u00fc. Ameliyattan sonra g\u00f6zlerde yanma hissi oluyor. Kum veya kesilmi\u015f so\u011fan gibi bir his veriyor.        <\/p>\n\n\n\n<p>Ertesi g\u00fcn, hi\u00e7 a\u011fr\u0131m yoktu. Son kontrol. G\u00f6zl\u00fck veya lens olmadan net g\u00f6rebilmenin hissini tarif edecek kelime yok, harika bir duygu. Arac\u0131m\u0131z zaten hastane giri\u015finde bizi bekliyordu. \u00c7ok ho\u015f kar\u015f\u0131land\u0131\u011f\u0131n\u0131z\u0131 hissediyorsunuz. 2 dakika bekledik ve hem\u015fire ismimi \u00e7a\u011f\u0131rarak doktorla g\u00f6r\u00fc\u015fmeye g\u00f6t\u00fcrd\u00fc. Sonu\u00e7lar, her iki g\u00f6z\u00fcmle de y\u00fczde 100 g\u00f6r\u00fcyorum.      <\/p>\n\n\n\n<p>Sonraki g\u00fcnlerde \u0130stanbul\u2019u g\u00f6rme f\u0131rsat\u0131m\u0131z oldu. Mutlaka ziyaret etmelisiniz: g\u00fczel Sultan Ahmet Camii, Ayasofya, Topkap\u0131 Saray\u0131, S\u00fcleymaniye Camii, Galata K\u00f6pr\u00fcs\u00fc ve Bo\u011faz\u2019da tekne turunu unutmay\u0131n.<\/p>\n\n\n\n<p>K\u0131saca: SwissLasik sizin i\u00e7in t\u00fcm paketleri (u\u00e7u\u015f, otel, hastane, ula\u015f\u0131m vb.) harika ki\u015fisel hizmetle organize ediyor. Her \u015feyi onlara sorabilirsiniz. Sorular\u0131n\u0131za h\u0131zl\u0131ca, iyi bir \u015fekilde ve harika tavsiyelerle cevap al\u0131rs\u0131n\u0131z.  <\/p>\n\n\n\n<p>Hollanda\u2019ya d\u00f6nd\u00fc\u011f\u00fcmde ameliyat sonras\u0131 kontroller i\u00e7in g\u00f6z doktorunu ziyaret edece\u011fim.<\/p>\n\n\n\n<p>Bu, g\u00f6z lazeri ve MedicalTravel ile ya\u015fad\u0131\u011f\u0131m deneyimdi. Sayg\u0131lar\u0131mla Natasja K. <\/p>\n\n\n\n<figure class=\"wp-block-image size-full\"><img fetchpriority=\"high\" decoding=\"async\" width=\"300\" height=\"225\" src=\"https:\/\/medicaltravel.net\/wp-content\/uploads\/2025\/09\/RTEmagicC_IMG_0537_01.jpg.jpg\" alt=\"\" class=\"wp-image-296\"\/><\/figure>\n\n\n\n<figure class=\"wp-block-image size-full\"><img decoding=\"async\" width=\"300\" height=\"225\" src=\"https:\/\/medicaltravel.net\/wp-content\/uploads\/2025\/09\/RTEmagicC_IMG_0536_01.jpg.jpg\" alt=\"\" class=\"wp-image-297\"\/><\/figure>\n\n\n\n<figure class=\"wp-block-image size-full\"><img decoding=\"async\" width=\"300\" height=\"225\" src=\"https:\/\/medicaltravel.net\/wp-content\/uploads\/2025\/09\/RTEmagicC_IMG_0496_01.jpg.jpg\" alt=\"\" class=\"wp-image-298\"\/><\/figure>\n\n\n\n<figure class=\"wp-block-image size-full\"><img loading=\"lazy\" decoding=\"async\" width=\"300\" height=\"400\" src=\"https:\/\/medicaltravel.net\/wp-content\/uploads\/2025\/09\/RTEmagicC_IMG_0492_01.jpg.jpg\" alt=\"\" class=\"wp-image-299\" srcset=\"https:\/\/medicaltravel.net\/wp-content\/uploads\/2025\/09\/RTEmagicC_IMG_0492_01.jpg.jpg 300w, https:\/\/medicaltravel.net\/wp-content\/uploads\/2025\/09\/RTEmagicC_IMG_0492_01.jpg-225x300.jpg 225w\" sizes=\"(max-width: 300px) 100vw, 300px\" \/><\/figure>\n\n\n\n<figure class=\"wp-block-image size-full\"><img loading=\"lazy\" decoding=\"async\" width=\"300\" height=\"400\" src=\"https:\/\/medicaltravel.net\/wp-content\/uploads\/2025\/09\/RTEmagicC_IMG_0540_01.jpg.jpg\" alt=\"\" class=\"wp-image-300\" srcset=\"https:\/\/medicaltravel.net\/wp-content\/uploads\/2025\/09\/RTEmagicC_IMG_0540_01.jpg.jpg 300w, https:\/\/medicaltravel.net\/wp-content\/uploads\/2025\/09\/RTEmagicC_IMG_0540_01.jpg-225x300.jpg 225w\" sizes=\"(max-width: 300px) 100vw, 300px\" \/><\/figure>\n\n\n\n<figure class=\"wp-block-image size-full\"><img loading=\"lazy\" decoding=\"async\" width=\"300\" height=\"400\" src=\"https:\/\/medicaltravel.net\/wp-content\/uploads\/2025\/09\/RTEmagicC_IMG_0552_01.jpg.jpg\" alt=\"\" class=\"wp-image-301\" srcset=\"https:\/\/medicaltravel.net\/wp-content\/uploads\/2025\/09\/RTEmagicC_IMG_0552_01.jpg.jpg 300w, https:\/\/medicaltravel.net\/wp-content\/uploads\/2025\/09\/RTEmagicC_IMG_0552_01.jpg-225x300.jpg 225w\" sizes=\"(max-width: 300px) 100vw, 300px\" \/><\/figure>\n\n\n\n<div class=\"wp-block-group is-layout-grid wp-container-core-group-is-layout-baef362d wp-block-group-is-layout-grid\">\n<p><a href=\"https:\/\/medicaltravel.at\/home\/agb\/\" data-type=\"page\" data-id=\"2191\" target=\"_blank\" rel=\"noopener\"><\/a><a href=\"https:\/\/medicaltravel.net\/tr\/hasta-yorumlari\/istanbul-turkiyede-burun-ameliyatim-deneyimi\/\" data-type=\"link\" data-id=\"https:\/\/medicaltravel.net\/tr\/hasta-yorumlari\/istanbul-turkiyede-burun-ameliyatim-deneyimi\/\"><a href=\"https:\/\/medicaltravel.ch\/tr\/hasta-raporlari\/referanslar-tavsiyeler-tedaviler-degerlendirmeler-turkiye-istanbul\/istanbulda-meme-kuecueltme-liposuctioni-hakkinda-hasta-yorumu\/\" data-type=\"link\" data-id=\"https:\/\/medicaltravel.ch\/tr\/hasta-raporlari\/referanslar-tavsiyeler-tedaviler-degerlendirmeler-turkiye-istanbul\/istanbulda-meme-kuecueltme-liposuctioni-hakkinda-hasta-yorumu\/\" target=\"_blank\" rel=\"noopener\">\u00d6nceki rapor<\/a><\/a><\/p>\n\n\n\n<p class=\"has-text-align-right wp-container-content-5e2576f9\"><a href=\"https:\/\/medicaltravel.at\/home\/impressum\/\" data-type=\"page\" data-id=\"2193\" target=\"_blank\" rel=\"noopener\"><\/a><a href=\"https:\/\/medicaltravel.at\/home\/berichte-von-patienten\/erfahrungsberichte\/erfahrungsbericht-zahnbehandlung-in-istanbul\/\" data-type=\"page\" data-id=\"981\" target=\"_blank\" rel=\"noopener\"><\/a><a href=\"https:\/\/medicaltravel.net\/tr\/hasta-yorumlari\/hizmet-organizasyon-muhtesem-bir-hastane-ve-harika-fiyat\/\" data-type=\"link\" data-id=\"https:\/\/medicaltravel.net\/tr\/hasta-yorumlari\/hizmet-organizasyon-muhtesem-bir-hastane-ve-harika-fiyat\/\"><a href=\"https:\/\/medicaltravel.ch\/tr\/hasta-raporlari\/referanslar-tavsiyeler-tedaviler-degerlendirmeler-turkiye-istanbul\/deneyim-raporu-goez-kapagi-kaldirma-istanbulda-goez-kapagi-ameliyati-hasta-yorumu\/\" data-type=\"link\" data-id=\"https:\/\/medicaltravel.ch\/tr\/hasta-raporlari\/referanslar-tavsiyeler-tedaviler-degerlendirmeler-turkiye-istanbul\/deneyim-raporu-goez-kapagi-kaldirma-istanbulda-goez-kapagi-ameliyati-hasta-yorumu\/\" target=\"_blank\" rel=\"noopener\">Bir sonraki rapor<\/a><\/a><\/p>\n<\/div>\n","protected":false},"excerpt":{"rendered":"<p>Y\u00fcksek Hizmet\/En \u0130yi Sonu\u00e7lar \u2013 Rapor\u2013 Cumartesi, 22. Mart 2014 Ailemle birlikte \u0130stanbul\u2019dan yeni d\u00f6nd\u00fcm. Konumun dedi\u011fi gibi y\u00fcksek hizmet ve en iyi sonu\u00e7lar. Hikayemi sizinle payla\u015fmak istiyorum ve umar\u0131m siz de MedicalTravel arac\u0131l\u0131\u011f\u0131yla \u0130stanbul\u2019da g\u00f6z lazeri i\u00e7in ad\u0131m\u0131 atars\u0131n\u0131z. Ge\u00e7en y\u0131l, \u0130svi\u00e7re\u2019de ya\u015fayan bir aile \u00fcyem \u0130stanbul\u2019da g\u00f6zlerini lazerle tedavi ettirdi, t\u00fcm\u00fc MedicalTravel taraf\u0131ndan organize edildi. Bana harika hizmet ve organizasyondan bahsetti. Ve hakl\u0131yd\u0131, her \u015fey sizin i\u00e7in organize edilmi\u015f. \u00dc\u00e7 hafta \u00f6nce, ailemle birlikte \u0130stanbul\u2019a seyahat ettik. Havaalan\u0131na vard\u0131\u011f\u0131m\u0131zda, \u015fof\u00f6r \u00e7\u0131k\u0131\u015fta bekliyordu. \u0130sminin yaz\u0131l\u0131 oldu\u011fu bir tabela tutuyordu. \u015eof\u00f6r bizi otele g\u00f6t\u00fcrd\u00fc, \u00e7ok iyi ve dostane bir oteldi. Randevu g\u00fcn\u00fcmde, \u015fof\u00f6r otelden bizi tam zaman\u0131nda ald\u0131 ve hastaneye g\u00f6t\u00fcrd\u00fc. Ac\u0131badem Hastanesi \u00e7ok y\u00fcksek standartlara sahip bir hastane. Hastaneye geldi\u011fimizde bizi arac\u0131l\u0131k yapan ki\u015fi kar\u015f\u0131lad\u0131. Bizi t\u00fcm s\u00fcre\u00e7 boyunca y\u00f6nlendirdi. \u0130ngilizce ve Almancay\u0131 \u00e7ok iyi konu\u015fuyor. \u00d6n muayene yakla\u015f\u0131k 90 dakika s\u00fcr\u00fcyor. Ard\u0131ndan doktorla g\u00f6r\u00fc\u015fme oldu, Lasik\/Lasek\/PKR se\u00e7eneklerini a\u00e7\u0131klad\u0131. Korneam biraz inceydi, bu y\u00fczden en iyi se\u00e7enek Lasek\u2019ti. Ameliyattan 90 dakika \u00f6nce, arac\u0131m\u0131z bizi restorana g\u00f6t\u00fcrd\u00fc. \u00c7ok iyi bir restorand\u0131 ve \u00e7ocuklar i\u00e7in bir oyun alan\u0131 vard\u0131. \u00c7ocuklar\u0131m\u0131z t\u00fcm 90 dakika boyunca orada oynad\u0131lar. Ard\u0131ndan arac\u0131m\u0131z bizi ameliyat i\u00e7in restorandan zaman\u0131nda ald\u0131. Ameliyat\u0131n toplam s\u00fcresi 30 dakikayd\u0131 ve her \u015fey yolunda gitti. G\u00f6zl\u00fcklerimi takt\u0131m ve g\u00f6z damlalar\u0131n\u0131 kulland\u0131m. Ard\u0131ndan \u015fof\u00f6r bizi otele geri g\u00f6t\u00fcrd\u00fc. Ameliyattan sonra g\u00f6zlerde yanma hissi oluyor. Kum veya kesilmi\u015f so\u011fan gibi bir his veriyor. Ertesi g\u00fcn, hi\u00e7 a\u011fr\u0131m yoktu. Son kontrol. G\u00f6zl\u00fck veya lens olmadan net g\u00f6rebilmenin hissini tarif edecek kelime yok, harika bir duygu. Arac\u0131m\u0131z zaten hastane giri\u015finde bizi bekliyordu. \u00c7ok ho\u015f kar\u015f\u0131land\u0131\u011f\u0131n\u0131z\u0131 hissediyorsunuz. 2 dakika bekledik ve hem\u015fire ismimi \u00e7a\u011f\u0131rarak doktorla g\u00f6r\u00fc\u015fmeye g\u00f6t\u00fcrd\u00fc. Sonu\u00e7lar, her iki g\u00f6z\u00fcmle de y\u00fczde 100 g\u00f6r\u00fcyorum. Sonraki g\u00fcnlerde \u0130stanbul\u2019u g\u00f6rme f\u0131rsat\u0131m\u0131z oldu. Mutlaka ziyaret etmelisiniz: g\u00fczel Sultan Ahmet Camii, Ayasofya, Topkap\u0131 Saray\u0131, S\u00fcleymaniye Camii, Galata K\u00f6pr\u00fcs\u00fc ve Bo\u011faz\u2019da tekne turunu unutmay\u0131n. K\u0131saca: SwissLasik sizin i\u00e7in t\u00fcm paketleri (u\u00e7u\u015f, otel, hastane, ula\u015f\u0131m vb.) harika ki\u015fisel hizmetle organize ediyor. Her \u015feyi onlara sorabilirsiniz. Sorular\u0131n\u0131za h\u0131zl\u0131ca, iyi bir \u015fekilde ve harika tavsiyelerle cevap al\u0131rs\u0131n\u0131z. Hollanda\u2019ya d\u00f6nd\u00fc\u011f\u00fcmde ameliyat sonras\u0131 kontroller i\u00e7in g\u00f6z doktorunu ziyaret edece\u011fim. Bu, g\u00f6z lazeri ve MedicalTravel ile ya\u015fad\u0131\u011f\u0131m deneyimdi. Sayg\u0131lar\u0131mla Natasja K. \u00d6nceki rapor Bir sonraki rapor<\/p>\n","protected":false},"author":4,"featured_media":0,"parent":2800,"menu_order":0,"comment_status":"closed","ping_status":"closed","template":"","meta":{"_joinchat":[],"footnotes":""},"class_list":["post-2810","page","type-page","status-publish","hentry"],"acf":[],"_links":{"self":[{"href":"https:\/\/medicaltravel.net\/tr\/wp-json\/wp\/v2\/pages\/2810","targetHints":{"allow":["GET"]}}],"collection":[{"href":"https:\/\/medicaltravel.net\/tr\/wp-json\/wp\/v2\/pages"}],"about":[{"href":"https:\/\/medicaltravel.net\/tr\/wp-json\/wp\/v2\/types\/page"}],"author":[{"embeddable":true,"href":"https:\/\/medicaltravel.net\/tr\/wp-json\/wp\/v2\/users\/4"}],"replies":[{"embeddable":true,"href":"https:\/\/medicaltravel.net\/tr\/wp-json\/wp\/v2\/comments?post=2810"}],"version-history":[{"count":2,"href":"https:\/\/medicaltravel.net\/tr\/wp-json\/wp\/v2\/pages\/2810\/revisions"}],"predecessor-version":[{"id":3313,"href":"https:\/\/medicaltravel.net\/tr\/wp-json\/wp\/v2\/pages\/2810\/revisions\/3313"}],"up":[{"embeddable":true,"href":"https:\/\/medicaltravel.net\/tr\/wp-json\/wp\/v2\/pages\/2800"}],"wp:attachment":[{"href":"https:\/\/medicaltravel.net\/tr\/wp-json\/wp\/v2\/media?parent=2810"}],"curies":[{"name":"wp","href":"https:\/\/api.w.org\/{rel}","templated":true}]}}