{"id":2812,"date":"2025-09-29T10:05:02","date_gmt":"2025-09-29T09:05:02","guid":{"rendered":"https:\/\/medicaltravel.net\/hasta-yorumlari\/istanbulda-dis-tedavim\/"},"modified":"2026-01-13T14:01:09","modified_gmt":"2026-01-13T13:01:09","slug":"istanbulda-dis-tedavim","status":"publish","type":"page","link":"https:\/\/medicaltravel.net\/tr\/hasta-yorumlari\/istanbulda-dis-tedavim\/","title":{"rendered":"\u0130stanbul\u2019da di\u015f tedavim"},"content":{"rendered":"\n<h3 class=\"wp-block-heading\">\u0130stanbul\u2019da di\u015f tedavim<\/h3>\n\n\n\n<p>\u2013 Rapor\u2013 Cumartesi, 06. A\u011fustos 2011 <\/p>\n\n\n\n<p>Hastan\u0131n durumu ve ge\u00e7mi\u015fi ba\u015flang\u0131\u00e7ta:<\/p>\n\n\n\n<p>Di\u015flerimle ve \u00f6zellikle di\u015f etimle her zaman sorun ya\u015fad\u0131m. Bu nedenle y\u0131ll\u0131k di\u015f kontrol\u00fc ve di\u015f temizli\u011fi benim i\u00e7in vazge\u00e7ilmez bir zorunluluktu. 45. ya\u015f\u0131mdan sonra di\u015f eti hastal\u0131\u011f\u0131 g\u00f6r\u00fcn\u00fcr hale geldi. Di\u015f eti hastal\u0131\u011f\u0131nda di\u015f deste\u011fi kayb\u0131 \u00f6nce kemik ve dokuda ba\u015flar, ard\u0131ndan di\u015f etine do\u011fru ilerler. Di\u015f hekimi bunu m\u00fcmk\u00fcn oldu\u011funca durdurmay\u0131 hedefledi. Bunun ard\u0131ndan alt\u0131 ay boyunca di\u015f temizli\u011fi ve ard\u0131ndan a\u00e7\u0131k tedavi a\u015famal\u0131 periodontal k\u00fcrtaj yap\u0131ld\u0131. Bu tedaviler s\u0131ras\u0131nda ilgili b\u00f6l\u00fcmler cerrahi olarak a\u00e7\u0131ld\u0131 ve temizlendi, periodontal cepler bo\u015f periodontal materyalle dolduruldu. Bu \u00e7ok pahal\u0131 olmas\u0131na ra\u011fmen sonu\u00e7 ba\u015far\u0131l\u0131 olmad\u0131 ve 2009 sonunda ve 2010 ba\u015f\u0131nda \u00fcst ve alt \u00e7enemdeki kesici di\u015fler sallanmaya ba\u015flad\u0131.       <\/p>\n\n\n\n<p>En makul \u00e7\u00f6z\u00fcm\u00fcn maliyetini hesaplad\u0131ktan sonra \u2013 yani \u00fcst ve alt \u00e7ene i\u00e7in her biri en az d\u00f6rt di\u015ften olu\u015fan \u00e7\u0131kar\u0131labilir k\u00f6pr\u00fc protezler \u2013 ger\u00e7ek problemi \u00e7\u00f6zmeyece\u011fi ve yakla\u015f\u0131k 12.000,00 CHF tutaca\u011f\u0131n\u0131 g\u00f6rd\u00fcm. Daha kesin ve makul bir \u00e7\u00f6z\u00fcm bulmaya karar verdim. Yap\u0131lan baz\u0131 incelemeler sonucunda en mant\u0131kl\u0131 se\u00e7enek sabit yedek di\u015fler ve implantlar oldu. Bu, d\u00fc\u015f\u00fcnd\u00fc\u011f\u00fcm \u00e7\u00f6z\u00fcme daha yak\u0131nd\u0131 \u00e7\u00fcnk\u00fc ya\u015f\u0131m nedeniyle hen\u00fcz takma di\u015flere haz\u0131r hissetmiyordum.  <\/p>\n\n\n\n<p>\u0130svi\u00e7re\u2019de tahmini maliyet 70.000,00 CHF idi.<\/p>\n\n\n\n<p>Yurtd\u0131\u015f\u0131nda (\u00f6rne\u011fin Macaristan ve Almanya) \u00e7ok daha makul bir fiyata \u00e7ok iyi sonu\u00e7lar alm\u0131\u015f tan\u0131d\u0131klar\u0131m vard\u0131.<br>Bu nedenle Macaristan, Almanya ve \u0130stanbul\u2019daki di\u015f tedavisi sa\u011flay\u0131c\u0131lar\u0131ndan teklifler ald\u0131m. \u0130lgili adresleri internetten ve di\u011fer bilgilerle birlikte buldum. Daha detayl\u0131 bilgi almak istedi\u011fim \u00fc\u00e7 adres vard\u0131. Bunlardan ikisi Macaristan\u2019da, biri ise \u0130stanbul\u2019dayd\u0131.    <\/p>\n\n\n\n<p>\u0130stanbul\u2019da tedavimi Swisslasik arac\u0131l\u0131\u011f\u0131yla yapt\u0131rmaya karar vermemin nedeni, bu firmay\u0131 St. Gallen tatil fuar\u0131nda kendi standlar\u0131nda ziyaret etmemdi; bana \u00e7ok iyi ve nitelikli izlenimi verdiler. Ayr\u0131ca referans adresler de sa\u011flad\u0131lar ve bunlardan biriyle ileti\u015fime ge\u00e7erek bir fikir edindim. Bunun yan\u0131 s\u0131ra, Swisslasik\u2019in u\u00e7u\u015f, otel ve transfer gibi t\u00fcm detaylar\u0131 sizin ad\u0131n\u0131za organize etmesinden de \u00e7ok memnun oldum. Ayr\u0131ca, lazer g\u00f6z tedavilerini Swisslasik ile yapt\u0131rm\u0131\u015f ve s\u00fcre\u00e7 hakk\u0131nda bana detayl\u0131 bilgi verebilecek ki\u015fisel ba\u011flant\u0131lar\u0131m da vard\u0131.   <\/p>\n\n\n\n<p>\u0130stanbul\u2019a ilk ziyaret (5 g\u00fcn), \u00fc\u00e7 seans:<br>E\u015fimle 29 Mart 2011\u2019de \u0130stanbul\u2019a direkt u\u00e7u\u015f yapt\u0131k ve bizi di\u015f hastanesine g\u00f6t\u00fcrecek bir \u015fof\u00f6r kar\u015f\u0131lad\u0131.<br>\u2013 Sal\u0131 ak\u015fam\u0131: \u00f6n muayene, r\u00f6ntgenler, uygulanacak y\u00f6ntem hakk\u0131nda g\u00f6r\u00fc\u015fme<br>\u2013 Per\u015fembe ak\u015fam\u0131: 28 di\u015fim \u00e7ekildi ve ge\u00e7ici protez uyguland\u0131<br>\u2013 Cumartesi \u00f6\u011fleden sonra: eve gitmeden \u00f6nce t\u0131bbi kontrol ve protez \u00fczerinde d\u00fczeltme  <\/p>\n\n\n\n<p>Di\u015f hekimi Bilhan, ak\u0131c\u0131 \u0130ngilizcesiyle bizi s\u0131cak bir \u015fekilde kar\u015f\u0131lad\u0131 ve o anda korkular\u0131mdan kurtuldum. Anestezi ger\u00e7ekten iyiydi ve hi\u00e7 a\u011fr\u0131 hissetmedim. Ard\u0131ndan \u0130stanbul\u2019daki ilk ziyaretimde rahatlamam i\u00e7in a\u011fr\u0131 kesiciler verildi. Tek sorun, eve d\u00f6nmeden \u00f6nce protez \u00fczerinde d\u00fczeltme i\u015flemi s\u0131ras\u0131nda \u0130ngilizce ileti\u015fim problemi ya\u015fanmakt\u0131, \u00e7\u00fcnk\u00fc Dr. Bilhan m\u00fcsait de\u011fildi. Ancak, bu durumla ra\u011fmen Ms. Selda Arat \u00e7ok \u00f6zenli ve kusursuz bir i\u015f \u00e7\u0131kard\u0131.    <\/p>\n\n\n\n<p>Z\u00fcrih\u2019teki di\u015f klini\u011finde t\u0131bbi kontrol: Bunu f\u0131rsat bildim \u00e7\u00fcnk\u00fc \u0130stanbul gezimizden sonra bir haftal\u0131k tatil i\u00e7in ABD\u2019ye seyahat etmem gerekiyordu. Her \u015fey tekrar kontrol edildi ve kalan diki\u015fler al\u0131nd\u0131. Yutulan b\u00f6lgeler iyile\u015fmeye ba\u015flad\u0131k\u00e7a protez hareket etmeye ba\u015flad\u0131. Bu nedenle orada hemen yumu\u015fak bir destek haz\u0131rland\u0131 ve bununla ger\u00e7ekten \u00e7ok rahat ettim.   <\/p>\n\n\n\n<p>Neredeyse her \u015feyi yiyebiliyordum, hatta bir biftek bile. Tatilden d\u00f6nd\u00fc\u011f\u00fcm\u00fczde Z\u00fcrih\u2019e bir kez daha gittim ve iyile\u015fmenin ger\u00e7ekten iyi oldu\u011funu do\u011frulad\u0131lar. Ayr\u0131ca derinlerde herhangi bir iltihap olmad\u0131\u011f\u0131ndan emin olmak i\u00e7in r\u00f6ntgen \u00e7ektiler. Allah\u2019a \u015f\u00fck\u00fcr her \u015fey yolundayd\u0131. Z\u00fcrih\u2019te de \u00e7ok nitelikli bir tedavi, bilgi ve dan\u0131\u015fmanl\u0131k hizmeti vard\u0131.<br><br>\u0130stanbul\u2019a ikinci ziyaret (Temmuz, 7 g\u00fcn), \u00fc\u00e7 seans: O zaman yan\u0131mda k\u0131z karde\u015fim vard\u0131. Hastaneden di\u015f ofisine g\u00f6t\u00fcr\u00fcld\u00fck.     <\/p>\n\n\n\n<ul class=\"wp-block-list\">\n<li>Cumartesi ak\u015fam\u0131: implantlar\u0131n yerle\u015ftirilmesi, kemi\u011fin \u015fekillendirilmesi, antibiyotik tedavisi<\/li>\n\n\n\n<li>\u00c7ar\u015famba ak\u015fam\u0131: t\u0131bbi kontrol, ge\u00e7ici protezin yerle\u015ftirilmesi<\/li>\n\n\n\n<li>Cumartesi sabah\u0131: diki\u015flerin al\u0131nmas\u0131 ve ge\u00e7ici protezin yerle\u015ftirilmesi<\/li>\n<\/ul>\n\n\n\n<p>Di\u015f hekimi Bilhan implantlar\u0131 yerle\u015ftirmeye ba\u015flad\u0131. Plana g\u00f6re, \u00fcst \u00e7eneye 6 implant, alt \u00e7eneye ise di\u011fer 6 implant yerle\u015ftirilecekti. Ancak, \u00fcst \u00e7enede kemik yap\u0131s\u0131n\u0131n yeniden \u015fekillendirilmesi gerekti\u011fi i\u00e7in i\u015flem biraz daha uzun s\u00fcrd\u00fc. A\u011fr\u0131 hissetmemem i\u00e7in tekrar anestezi uyguland\u0131 ve bu i\u015flem alt \u00e7ene i\u00e7in de tekrarland\u0131.   <\/p>\n\n\n\n<p>Ancak t\u00fcm bunlarla birden u\u011fra\u015fmak psikolojik olarak biraz fazlayd\u0131. Di\u015f\u00e7i koltu\u011funda neredeyse \u00fc\u00e7 saat oturdum. Bununla birlikte, Di\u015f Hekimi Bilhan bu sefer \u00fcst \u00e7eneyi tamamlamam\u0131 ve alt \u00e7ene i\u00e7in tekrar ziyaret etmemi \u00f6nerdi. Bu, istedi\u011fim \u015fey de\u011fildi. Her \u015feyi tek bir g\u00fcnde bitirebilece\u011fimi d\u00fc\u015f\u00fcnm\u00fc\u015ft\u00fcm. Antibiyotikler ve a\u011fr\u0131 kesicilerle donanm\u0131\u015f olarak, \u0130stanbul\u2019da yaz\u0131n tad\u0131n\u0131 \u00e7\u0131karmay\u0131 ba\u015fard\u0131m. Eve d\u00f6nmeden \u00f6nce, Cumartesi g\u00fcn\u00fc diki\u015fler al\u0131nd\u0131 ve gerekli d\u00fczeltmeler yap\u0131ld\u0131.      <\/p>\n\n\n\n<p>T\u00fcm bunlara ra\u011fmen, s\u00fcrekli \u00e7\u0131karmam gerekmeyen di\u015flere sahip olmaktan \u00e7ok memnunum. Ve umar\u0131m bu, uzun vadede son di\u015f ziyareti olur. <\/p>\n\n\n\n<p>\u0130stanbul\u2019a \u00fc\u00e7\u00fcnc\u00fc ziyaret Bu ziyaret Ocak 2012\u2019de olacak. Di\u015f kaplamalar\u0131m tak\u0131lacak ve umar\u0131m birka\u00e7 on y\u0131l boyunca rahat olurum. \u0130svi\u00e7re\u2019de insanlar yurtd\u0131\u015f\u0131ndaki di\u015f hekimlerine kar\u015f\u0131 \u015f\u00fcpheci olsa da, ben kendi cesaretimi art\u0131rd\u0131m ve pi\u015fman de\u011filim. \u0130stanbul, genel di\u015f hekimli\u011fi a\u00e7\u0131s\u0131ndan \u00e7ok iyi bir \u00fcne sahip ve fiyatlar \u0130svi\u00e7re\u2019dekinin \u00fc\u00e7te biri. A\u00e7\u0131k konu\u015fmam gerekirse, \u0130svi\u00e7re\u2019deki di\u015f hekimi ziyaretleri de a\u011fr\u0131s\u0131z de\u011fil ve faturay\u0131 g\u00f6rd\u00fc\u011f\u00fcn\u00fczde ayr\u0131ca ba\u015fka bir ac\u0131 da hissediyorsunuz!    <\/p>\n\n\n\n<p>Swisslasik organizasyonlar\u0131n\u0131 \u00e7ok profesyonel buldum ve oteller \u00e7ok iyiydi (bir kez Levent Hotel\u2019de, bir kez Taksim Hotel\u2019de kald\u0131m). \u0130nsanlar ne\u015feli ve dost canl\u0131s\u0131. Havaalan\u0131nda kar\u015f\u0131lan\u0131p hastaneye g\u00f6t\u00fcr\u00fcld\u00fck ve hastaneden tekrar otelimize g\u00f6t\u00fcr\u00fcld\u00fck. \u015eof\u00f6r her randevuya \u00e7ok dakikti.   <\/p>\n\n\n\n<p>Seanslar aras\u0131nda \u0130stanbul\u2019u ve \u00e7evresini g\u00f6rme f\u0131rsat\u0131m\u0131z oldu. G\u00f6r\u00fclecek o kadar \u00e7ok yer var ki, Mavi Camii, Ayasofya, Topkap\u0131 Saray\u0131, M\u0131s\u0131r \u00c7ar\u015f\u0131s\u0131 ve Kapal\u0131\u00e7ar\u015f\u0131 gibi. Adalar\u0131 da unutmamal\u0131s\u0131n\u0131z.  <\/p>\n\n\n\n<p>Son olarak, hepinize te\u015fekk\u00fcr etmek isterim ve \u015firketinizi her zaman tavsiye edece\u011fimi garanti ederim. Asl\u0131nda zaten tavsiye ettim\u2026<br>Marlis Koch, Engelburg, 6 A\u011fustos 2011 <\/p>\n\n\n\n<div class=\"wp-block-group is-layout-grid wp-container-core-group-is-layout-baef362d wp-block-group-is-layout-grid\">\n<p><a href=\"https:\/\/medicaltravel.at\/home\/agb\/\" data-type=\"page\" data-id=\"2191\" target=\"_blank\" rel=\"noopener\"><\/a><a href=\"https:\/\/medicaltravel.net\/tr\/hasta-yorumlari\/istanbul-acibadem-hastanesinde-liposuction-yag-aldirma-ameliyatim\/\" data-type=\"link\" data-id=\"https:\/\/medicaltravel.net\/tr\/hasta-yorumlari\/istanbul-acibadem-hastanesinde-liposuction-yag-aldirma-ameliyatim\/\"><a href=\"https:\/\/medicaltravel.ch\/tr\/hasta-raporlari\/referanslar-tavsiyeler-tedaviler-degerlendirmeler-turkiye-istanbul\/istanbulda-meme-kuecueltme-liposuctioni-hakkinda-hasta-yorumu\/\" data-type=\"link\" data-id=\"https:\/\/medicaltravel.ch\/tr\/hasta-raporlari\/referanslar-tavsiyeler-tedaviler-degerlendirmeler-turkiye-istanbul\/istanbulda-meme-kuecueltme-liposuctioni-hakkinda-hasta-yorumu\/\" target=\"_blank\" rel=\"noopener\">\u00d6nceki rapor<\/a><\/a><\/p>\n\n\n\n<p class=\"has-text-align-right wp-container-content-5e2576f9\"><\/p>\n<\/div>\n","protected":false},"excerpt":{"rendered":"<p>\u0130stanbul\u2019da di\u015f tedavim \u2013 Rapor\u2013 Cumartesi, 06. A\u011fustos 2011 Hastan\u0131n durumu ve ge\u00e7mi\u015fi ba\u015flang\u0131\u00e7ta: Di\u015flerimle ve \u00f6zellikle di\u015f etimle her zaman sorun ya\u015fad\u0131m. Bu nedenle y\u0131ll\u0131k di\u015f kontrol\u00fc ve di\u015f temizli\u011fi benim i\u00e7in vazge\u00e7ilmez bir zorunluluktu. 45. ya\u015f\u0131mdan sonra di\u015f eti hastal\u0131\u011f\u0131 g\u00f6r\u00fcn\u00fcr hale geldi. Di\u015f eti hastal\u0131\u011f\u0131nda di\u015f deste\u011fi kayb\u0131 \u00f6nce kemik ve dokuda ba\u015flar, ard\u0131ndan di\u015f etine do\u011fru ilerler. Di\u015f hekimi bunu m\u00fcmk\u00fcn oldu\u011funca durdurmay\u0131 hedefledi. Bunun ard\u0131ndan alt\u0131 ay boyunca di\u015f temizli\u011fi ve ard\u0131ndan a\u00e7\u0131k tedavi a\u015famal\u0131 periodontal k\u00fcrtaj yap\u0131ld\u0131. Bu tedaviler s\u0131ras\u0131nda ilgili b\u00f6l\u00fcmler cerrahi olarak a\u00e7\u0131ld\u0131 ve temizlendi, periodontal cepler bo\u015f periodontal materyalle dolduruldu. Bu \u00e7ok pahal\u0131 olmas\u0131na ra\u011fmen sonu\u00e7 ba\u015far\u0131l\u0131 olmad\u0131 ve 2009 sonunda ve 2010 ba\u015f\u0131nda \u00fcst ve alt \u00e7enemdeki kesici di\u015fler sallanmaya ba\u015flad\u0131. En makul \u00e7\u00f6z\u00fcm\u00fcn maliyetini hesaplad\u0131ktan sonra \u2013 yani \u00fcst ve alt \u00e7ene i\u00e7in her biri en az d\u00f6rt di\u015ften olu\u015fan \u00e7\u0131kar\u0131labilir k\u00f6pr\u00fc protezler \u2013 ger\u00e7ek problemi \u00e7\u00f6zmeyece\u011fi ve yakla\u015f\u0131k 12.000,00 CHF tutaca\u011f\u0131n\u0131 g\u00f6rd\u00fcm. Daha kesin ve makul bir \u00e7\u00f6z\u00fcm bulmaya karar verdim. Yap\u0131lan baz\u0131 incelemeler sonucunda en mant\u0131kl\u0131 se\u00e7enek sabit yedek di\u015fler ve implantlar oldu. Bu, d\u00fc\u015f\u00fcnd\u00fc\u011f\u00fcm \u00e7\u00f6z\u00fcme daha yak\u0131nd\u0131 \u00e7\u00fcnk\u00fc ya\u015f\u0131m nedeniyle hen\u00fcz takma di\u015flere haz\u0131r hissetmiyordum. \u0130svi\u00e7re\u2019de tahmini maliyet 70.000,00 CHF idi. Yurtd\u0131\u015f\u0131nda (\u00f6rne\u011fin Macaristan ve Almanya) \u00e7ok daha makul bir fiyata \u00e7ok iyi sonu\u00e7lar alm\u0131\u015f tan\u0131d\u0131klar\u0131m vard\u0131.Bu nedenle Macaristan, Almanya ve \u0130stanbul\u2019daki di\u015f tedavisi sa\u011flay\u0131c\u0131lar\u0131ndan teklifler ald\u0131m. \u0130lgili adresleri internetten ve di\u011fer bilgilerle birlikte buldum. Daha detayl\u0131 bilgi almak istedi\u011fim \u00fc\u00e7 adres vard\u0131. Bunlardan ikisi Macaristan\u2019da, biri ise \u0130stanbul\u2019dayd\u0131. \u0130stanbul\u2019da tedavimi Swisslasik arac\u0131l\u0131\u011f\u0131yla yapt\u0131rmaya karar vermemin nedeni, bu firmay\u0131 St. Gallen tatil fuar\u0131nda kendi standlar\u0131nda ziyaret etmemdi; bana \u00e7ok iyi ve nitelikli izlenimi verdiler. Ayr\u0131ca referans adresler de sa\u011flad\u0131lar ve bunlardan biriyle ileti\u015fime ge\u00e7erek bir fikir edindim. Bunun yan\u0131 s\u0131ra, Swisslasik\u2019in u\u00e7u\u015f, otel ve transfer gibi t\u00fcm detaylar\u0131 sizin ad\u0131n\u0131za organize etmesinden de \u00e7ok memnun oldum. Ayr\u0131ca, lazer g\u00f6z tedavilerini Swisslasik ile yapt\u0131rm\u0131\u015f ve s\u00fcre\u00e7 hakk\u0131nda bana detayl\u0131 bilgi verebilecek ki\u015fisel ba\u011flant\u0131lar\u0131m da vard\u0131. \u0130stanbul\u2019a ilk ziyaret (5 g\u00fcn), \u00fc\u00e7 seans:E\u015fimle 29 Mart 2011\u2019de \u0130stanbul\u2019a direkt u\u00e7u\u015f yapt\u0131k ve bizi di\u015f hastanesine g\u00f6t\u00fcrecek bir \u015fof\u00f6r kar\u015f\u0131lad\u0131.\u2013 Sal\u0131 ak\u015fam\u0131: \u00f6n muayene, r\u00f6ntgenler, uygulanacak y\u00f6ntem hakk\u0131nda g\u00f6r\u00fc\u015fme\u2013 Per\u015fembe ak\u015fam\u0131: 28 di\u015fim \u00e7ekildi ve ge\u00e7ici protez uyguland\u0131\u2013 Cumartesi \u00f6\u011fleden sonra: eve gitmeden \u00f6nce t\u0131bbi kontrol ve protez \u00fczerinde d\u00fczeltme Di\u015f hekimi Bilhan, ak\u0131c\u0131 \u0130ngilizcesiyle bizi s\u0131cak bir \u015fekilde kar\u015f\u0131lad\u0131 ve o anda korkular\u0131mdan kurtuldum. Anestezi ger\u00e7ekten iyiydi ve hi\u00e7 a\u011fr\u0131 hissetmedim. Ard\u0131ndan \u0130stanbul\u2019daki ilk ziyaretimde rahatlamam i\u00e7in a\u011fr\u0131 kesiciler verildi. Tek sorun, eve d\u00f6nmeden \u00f6nce protez \u00fczerinde d\u00fczeltme i\u015flemi s\u0131ras\u0131nda \u0130ngilizce ileti\u015fim problemi ya\u015fanmakt\u0131, \u00e7\u00fcnk\u00fc Dr. Bilhan m\u00fcsait de\u011fildi. Ancak, bu durumla ra\u011fmen Ms. Selda Arat \u00e7ok \u00f6zenli ve kusursuz bir i\u015f \u00e7\u0131kard\u0131. Z\u00fcrih\u2019teki di\u015f klini\u011finde t\u0131bbi kontrol: Bunu f\u0131rsat bildim \u00e7\u00fcnk\u00fc \u0130stanbul gezimizden sonra bir haftal\u0131k tatil i\u00e7in ABD\u2019ye seyahat etmem gerekiyordu. Her \u015fey tekrar kontrol edildi ve kalan diki\u015fler al\u0131nd\u0131. Yutulan b\u00f6lgeler iyile\u015fmeye ba\u015flad\u0131k\u00e7a protez hareket etmeye ba\u015flad\u0131. Bu nedenle orada hemen yumu\u015fak bir destek haz\u0131rland\u0131 ve bununla ger\u00e7ekten \u00e7ok rahat ettim. Neredeyse her \u015feyi yiyebiliyordum, hatta bir biftek bile. Tatilden d\u00f6nd\u00fc\u011f\u00fcm\u00fczde Z\u00fcrih\u2019e bir kez daha gittim ve iyile\u015fmenin ger\u00e7ekten iyi oldu\u011funu do\u011frulad\u0131lar. Ayr\u0131ca derinlerde herhangi bir iltihap olmad\u0131\u011f\u0131ndan emin olmak i\u00e7in r\u00f6ntgen \u00e7ektiler. Allah\u2019a \u015f\u00fck\u00fcr her \u015fey yolundayd\u0131. Z\u00fcrih\u2019te de \u00e7ok nitelikli bir tedavi, bilgi ve dan\u0131\u015fmanl\u0131k hizmeti vard\u0131. \u0130stanbul\u2019a ikinci ziyaret (Temmuz, 7 g\u00fcn), \u00fc\u00e7 seans: O zaman yan\u0131mda k\u0131z karde\u015fim vard\u0131. Hastaneden di\u015f ofisine g\u00f6t\u00fcr\u00fcld\u00fck. Di\u015f hekimi Bilhan implantlar\u0131 yerle\u015ftirmeye ba\u015flad\u0131. Plana g\u00f6re, \u00fcst \u00e7eneye 6 implant, alt \u00e7eneye ise di\u011fer 6 implant yerle\u015ftirilecekti. Ancak, \u00fcst \u00e7enede kemik yap\u0131s\u0131n\u0131n yeniden \u015fekillendirilmesi gerekti\u011fi i\u00e7in i\u015flem biraz daha uzun s\u00fcrd\u00fc. A\u011fr\u0131 hissetmemem i\u00e7in tekrar anestezi uyguland\u0131 ve bu i\u015flem alt \u00e7ene i\u00e7in de tekrarland\u0131. Ancak t\u00fcm bunlarla birden u\u011fra\u015fmak psikolojik olarak biraz fazlayd\u0131. Di\u015f\u00e7i koltu\u011funda neredeyse \u00fc\u00e7 saat oturdum. Bununla birlikte, Di\u015f Hekimi Bilhan bu sefer \u00fcst \u00e7eneyi tamamlamam\u0131 ve alt \u00e7ene i\u00e7in tekrar ziyaret etmemi \u00f6nerdi. Bu, istedi\u011fim \u015fey de\u011fildi. Her \u015feyi tek bir g\u00fcnde bitirebilece\u011fimi d\u00fc\u015f\u00fcnm\u00fc\u015ft\u00fcm. Antibiyotikler ve a\u011fr\u0131 kesicilerle donanm\u0131\u015f olarak, \u0130stanbul\u2019da yaz\u0131n tad\u0131n\u0131 \u00e7\u0131karmay\u0131 ba\u015fard\u0131m. Eve d\u00f6nmeden \u00f6nce, Cumartesi g\u00fcn\u00fc diki\u015fler al\u0131nd\u0131 ve gerekli d\u00fczeltmeler yap\u0131ld\u0131. T\u00fcm bunlara ra\u011fmen, s\u00fcrekli \u00e7\u0131karmam gerekmeyen di\u015flere sahip olmaktan \u00e7ok memnunum. Ve umar\u0131m bu, uzun vadede son di\u015f ziyareti olur. \u0130stanbul\u2019a \u00fc\u00e7\u00fcnc\u00fc ziyaret Bu ziyaret Ocak 2012\u2019de olacak. Di\u015f kaplamalar\u0131m tak\u0131lacak ve umar\u0131m birka\u00e7 on y\u0131l boyunca rahat olurum. \u0130svi\u00e7re\u2019de insanlar yurtd\u0131\u015f\u0131ndaki di\u015f hekimlerine kar\u015f\u0131 \u015f\u00fcpheci olsa da, ben kendi cesaretimi art\u0131rd\u0131m ve pi\u015fman de\u011filim. \u0130stanbul, genel di\u015f hekimli\u011fi a\u00e7\u0131s\u0131ndan \u00e7ok iyi bir \u00fcne sahip ve fiyatlar \u0130svi\u00e7re\u2019dekinin \u00fc\u00e7te biri. A\u00e7\u0131k konu\u015fmam gerekirse, \u0130svi\u00e7re\u2019deki di\u015f hekimi ziyaretleri de a\u011fr\u0131s\u0131z de\u011fil ve faturay\u0131 g\u00f6rd\u00fc\u011f\u00fcn\u00fczde ayr\u0131ca ba\u015fka bir ac\u0131 da hissediyorsunuz! Swisslasik organizasyonlar\u0131n\u0131 \u00e7ok profesyonel buldum ve oteller \u00e7ok iyiydi (bir kez Levent Hotel\u2019de, bir kez Taksim Hotel\u2019de kald\u0131m). \u0130nsanlar ne\u015feli ve dost canl\u0131s\u0131. Havaalan\u0131nda kar\u015f\u0131lan\u0131p hastaneye g\u00f6t\u00fcr\u00fcld\u00fck ve hastaneden tekrar otelimize g\u00f6t\u00fcr\u00fcld\u00fck. \u015eof\u00f6r her randevuya \u00e7ok dakikti. Seanslar aras\u0131nda \u0130stanbul\u2019u ve \u00e7evresini g\u00f6rme f\u0131rsat\u0131m\u0131z oldu. G\u00f6r\u00fclecek o kadar \u00e7ok yer var ki, Mavi Camii, Ayasofya, Topkap\u0131 Saray\u0131, M\u0131s\u0131r \u00c7ar\u015f\u0131s\u0131 ve Kapal\u0131\u00e7ar\u015f\u0131 gibi. Adalar\u0131 da unutmamal\u0131s\u0131n\u0131z. Son olarak, hepinize te\u015fekk\u00fcr etmek isterim ve \u015firketinizi her zaman tavsiye edece\u011fimi garanti ederim. Asl\u0131nda zaten tavsiye ettim\u2026Marlis Koch, Engelburg, 6 A\u011fustos 2011 \u00d6nceki rapor<\/p>\n","protected":false},"author":4,"featured_media":0,"parent":2800,"menu_order":0,"comment_status":"closed","ping_status":"closed","template":"","meta":{"_joinchat":[],"footnotes":""},"class_list":["post-2812","page","type-page","status-publish","hentry"],"acf":[],"_links":{"self":[{"href":"https:\/\/medicaltravel.net\/tr\/wp-json\/wp\/v2\/pages\/2812","targetHints":{"allow":["GET"]}}],"collection":[{"href":"https:\/\/medicaltravel.net\/tr\/wp-json\/wp\/v2\/pages"}],"about":[{"href":"https:\/\/medicaltravel.net\/tr\/wp-json\/wp\/v2\/types\/page"}],"author":[{"embeddable":true,"href":"https:\/\/medicaltravel.net\/tr\/wp-json\/wp\/v2\/users\/4"}],"replies":[{"embeddable":true,"href":"https:\/\/medicaltravel.net\/tr\/wp-json\/wp\/v2\/comments?post=2812"}],"version-history":[{"count":2,"href":"https:\/\/medicaltravel.net\/tr\/wp-json\/wp\/v2\/pages\/2812\/revisions"}],"predecessor-version":[{"id":3319,"href":"https:\/\/medicaltravel.net\/tr\/wp-json\/wp\/v2\/pages\/2812\/revisions\/3319"}],"up":[{"embeddable":true,"href":"https:\/\/medicaltravel.net\/tr\/wp-json\/wp\/v2\/pages\/2800"}],"wp:attachment":[{"href":"https:\/\/medicaltravel.net\/tr\/wp-json\/wp\/v2\/media?parent=2812"}],"curies":[{"name":"wp","href":"https:\/\/api.w.org\/{rel}","templated":true}]}}